{"id":25915,"date":"2025-04-07T09:37:47","date_gmt":"2025-04-07T09:37:47","guid":{"rendered":"https:\/\/new.katarzyna.bg\/?page_id=25915"},"modified":"2025-07-22T09:09:10","modified_gmt":"2025-07-22T09:09:10","slug":"history","status":"publish","type":"page","link":"https:\/\/katarzyna.bg\/pl\/about-us\/history\/","title":{"rendered":"Historia"},"content":{"rendered":"<div data-elementor-type=\"wp-page\" data-elementor-id=\"25915\" class=\"elementor elementor-25915\" data-elementor-post-type=\"page\">\n\t\t\t\t\t\t<section class=\"elementor-section elementor-top-section elementor-element elementor-element-dcd1dfc elementor-section-full_width elementor-section-height-min-height elementor-section-items-stretch elementor-section-height-default\" data-id=\"dcd1dfc\" data-element_type=\"section\" data-settings=\"{&quot;background_background&quot;:&quot;classic&quot;}\">\n\t\t\t\t\t\t<div class=\"elementor-container elementor-column-gap-default\">\n\t\t\t\t\t<div class=\"elementor-column elementor-col-50 elementor-top-column elementor-element elementor-element-517b763\" data-id=\"517b763\" data-element_type=\"column\" data-settings=\"{&quot;background_background&quot;:&quot;classic&quot;}\">\n\t\t\t<div class=\"elementor-widget-wrap elementor-element-populated\">\n\t\t\t\t\t\t<div class=\"elementor-element elementor-element-93f8ea3 elementor-widget elementor-widget-spacer\" data-id=\"93f8ea3\" data-element_type=\"widget\" data-widget_type=\"spacer.default\">\n\t\t\t\t<div class=\"elementor-widget-container\">\n\t\t\t\t\t\t\t<div class=\"elementor-spacer\">\n\t\t\t<div class=\"elementor-spacer-inner\"><\/div>\n\t\t<\/div>\n\t\t\t\t\t\t<\/div>\n\t\t\t\t<\/div>\n\t\t\t\t\t<\/div>\n\t\t<\/div>\n\t\t\t\t<div class=\"elementor-column elementor-col-50 elementor-top-column elementor-element elementor-element-d45ede2\" data-id=\"d45ede2\" data-element_type=\"column\">\n\t\t\t<div class=\"elementor-widget-wrap elementor-element-populated\">\n\t\t\t\t\t\t<section class=\"elementor-section elementor-inner-section elementor-element elementor-element-988a17b elementor-section-boxed elementor-section-height-default elementor-section-height-default\" data-id=\"988a17b\" data-element_type=\"section\">\n\t\t\t\t\t\t<div class=\"elementor-container elementor-column-gap-default\">\n\t\t\t\t\t<div class=\"elementor-column elementor-col-100 elementor-inner-column elementor-element elementor-element-aece39c\" data-id=\"aece39c\" data-element_type=\"column\">\n\t\t\t<div class=\"elementor-widget-wrap elementor-element-populated\">\n\t\t\t\t\t\t<div class=\"elementor-element elementor-element-cc2a569 elementor-widget elementor-widget-woocommerce-breadcrumb\" data-id=\"cc2a569\" data-element_type=\"widget\" data-widget_type=\"woocommerce-breadcrumb.default\">\n\t\t\t\t<div class=\"elementor-widget-container\">\n\t\t\t\t\t<nav class=\"woocommerce-breadcrumb\" aria-label=\"Breadcrumb\" data-no-translation=\"\" data-trp-gettext=\"\">Dom<\/nav>\t\t\t\t<\/div>\n\t\t\t\t<\/div>\n\t\t\t\t<div class=\"elementor-element elementor-element-421a38e elementor-widget elementor-widget-heading\" data-id=\"421a38e\" data-element_type=\"widget\" data-widget_type=\"heading.default\">\n\t\t\t\t<div class=\"elementor-widget-container\">\n\t\t\t\t\t<h1 class=\"elementor-heading-title elementor-size-default\">NASZA HISTORIA<\/h1>\t\t\t\t<\/div>\n\t\t\t\t<\/div>\n\t\t\t\t<div class=\"elementor-element elementor-element-cfaabe4 elementor-widget-divider--view-line elementor-widget elementor-widget-divider\" data-id=\"cfaabe4\" data-element_type=\"widget\" data-widget_type=\"divider.default\">\n\t\t\t\t<div class=\"elementor-widget-container\">\n\t\t\t\t\t\t\t<div class=\"elementor-divider\">\n\t\t\t<span class=\"elementor-divider-separator\">\n\t\t\t\t\t\t<\/span>\n\t\t<\/div>\n\t\t\t\t\t\t<\/div>\n\t\t\t\t<\/div>\n\t\t\t\t<div class=\"elementor-element elementor-element-b782c27 elementor-widget elementor-widget-text-editor\" data-id=\"b782c27\" data-element_type=\"widget\" data-widget_type=\"text-editor.default\">\n\t\t\t\t<div class=\"elementor-widget-container\">\n\t\t\t\t\t\t\t\t\t<p><span style=\"font-weight: 400;\">Katarzyna Estate to spe\u0142nione marzenie, kt\u00f3re postawi\u0142o pocz\u0105tek nowej historii. Wszystko zacz\u0119\u0142o si\u0119 w 2003 roku, kiedy  Krzysztof Tryli\u0144ski podczas spaceru znalaz\u0142 si\u0119 na terenie wioski Mezek, w\u00f3wczas dziewiczej krainy, w kt\u00f3rej zakocha\u0142 si\u0119 od pierwszego wejrzenia. i postanowi\u0142 spe\u0142ni\u0107 jedno ze swoich wielkich marze\u0144, zbudowa\u0107 winiarnie na wz\u00f3r klasycznego francuskiego zamku. Tak wi\u0119c po zbadaniu cech gleby, klimatu, wysoko\u015bci i rze\u017aby terenu okazuje si\u0119, \u017ce obszar ten jest niezwykle sprzyjaj\u0105cy uprawie winoro\u015bli i w ci\u0105gu nast\u0119pnych trzech lat rozpocz\u0119to sadzenie pierwszych winnic.<\/span><\/p><p><span style=\"font-weight: 400;\">Od pierwszych zbior\u00f3w w 2006 roku filozofi\u0105 winiarni jest zapewnienie Pa\u0144stwu wystarczaj\u0105cej ilo\u015bci czasu. Wyj\u0105tkowe wina powstaj\u0105 dzi\u0119ki trosce o winnic\u0119 i, oczywi\u015bcie, pasji zespo\u0142u. Z ka\u017cdym kolejnym zbiorem d\u0105\u017cymy do uwypuklenia wyj\u0105tkowo\u015bci terroir i stworzenia win, kt\u00f3re wnosz\u0105 elegancj\u0119, wyrafinowanie i r\u00f3wnowag\u0119 mi\u0119dzy mi\u0119kiszem, kwasowo\u015bci\u0105, d\u0119bem i taninami, wyr\u00f3\u017cniaj\u0105c si\u0119 indywidualnym charakterem.<\/span><\/p>\t\t\t\t\t\t\t\t<\/div>\n\t\t\t\t<\/div>\n\t\t\t\t<div class=\"elementor-element elementor-element-a155d1b elementor-align-left elementor-widget elementor-widget-button\" data-id=\"a155d1b\" data-element_type=\"widget\" data-widget_type=\"button.default\">\n\t\t\t\t<div class=\"elementor-widget-container\">\n\t\t\t\t\t\t\t\t\t<div class=\"elementor-button-wrapper\">\n\t\t\t\t\t<a class=\"elementor-button elementor-button-link elementor-size-md\" href=\"https:\/\/katarzyna.bg\/pl\/winery\/winery-gallery\/\">\n\t\t\t\t\t\t<span class=\"elementor-button-content-wrapper\">\n\t\t\t\t\t\t\t\t\t<span class=\"elementor-button-text\">OTW\u00d3RZ GALERI\u0118<\/span>\n\t\t\t\t\t<\/span>\n\t\t\t\t\t<\/a>\n\t\t\t\t<\/div>\n\t\t\t\t\t\t\t\t<\/div>\n\t\t\t\t<\/div>\n\t\t\t\t\t<\/div>\n\t\t<\/div>\n\t\t\t\t\t<\/div>\n\t\t<\/section>\n\t\t\t\t\t<\/div>\n\t\t<\/div>\n\t\t\t\t\t<\/div>\n\t\t<\/section>\n\t\t\t\t<\/div>","protected":false},"excerpt":{"rendered":"<p>\u041d\u0410\u0428\u0410\u0422\u0410 \u0418\u0421\u0422\u041e\u0420\u0418\u042f Katarzyna Estate \u0435 \u0441\u0431\u044a\u0434\u043d\u0430\u0442\u0430 \u043c\u0435\u0447\u0442\u0430, \u043a\u043e\u044f\u0442\u043e \u043f\u043e\u0441\u0442\u0430\u0432\u044f \u043d\u0430\u0447\u0430\u043b\u043e \u043d\u0430 \u0435\u0434\u043d\u0430 \u043d\u043e\u0432\u0430 \u0438\u0441\u0442\u043e\u0440\u0438\u044f. \u0412\u0441\u0438\u0447\u043a\u043e \u0437\u0430\u043f\u043e\u0447\u0432\u0430 \u043f\u0440\u0435\u0437 2003 \u0433\u043e\u0434\u0438\u043d\u0430, \u043a\u043e\u0433\u0430\u0442\u043e \u041a\u0440\u0438\u0441\u0442\u043e\u0444 \u0422\u0440\u0438\u043b\u0438\u043d\u0441\u043a\u0438 \u043f\u043e\u043f\u0430\u0434\u0430 \u043d\u0430 \u0440\u0430\u0437\u0445\u043e\u0434\u043a\u0430 \u0432 \u0437\u0435\u043c\u043b\u0438\u0449\u0435\u0442\u043e \u043d\u0430 \u0441\u0435\u043b\u043e \u041c\u0435\u0437\u0435\u043a, \u043f\u043e \u043e\u043d\u043e\u0432\u0430 \u0432\u0440\u0435\u043c\u0435 \u0434\u0435\u0432\u0441\u0442\u0432\u0435\u043d\u0430 \u0437\u0435\u043c\u044f, \u0432 \u043a\u043e\u044f\u0442\u043e \u0442\u043e\u0439 \u0441\u0435 \u0432\u043b\u044e\u0431\u0432\u0430 \u043e\u0442 \u043f\u0440\u044a\u0432 \u043f\u043e\u0433\u043b\u0435\u0434. \u0438 \u0440\u0435\u0448\u0430\u0432\u0430 \u0434\u0430 \u0441\u0431\u044a\u0434\u043d\u0435 \u0435\u0434\u043d\u0430 \u043e\u0442 \u0433\u043e\u043b\u0435\u043c\u0438\u0442\u0435 \u0441\u0438 \u043c\u0435\u0447\u0442\u0438, \u0434\u0430 \u043f\u043e\u0441\u0442\u0440\u043e\u0438 \u0438\u0437\u0431\u0430 [&hellip;]<\/p>","protected":false},"author":1,"featured_media":0,"parent":25909,"menu_order":0,"comment_status":"closed","ping_status":"closed","template":"elementor_header_footer","meta":{"footnotes":""},"class_list":["post-25915","page","type-page","status-publish","hentry"],"yoast_head":"<!-- This site is optimized with the Yoast SEO plugin v27.1.1 - https:\/\/yoast.com\/product\/yoast-seo-wordpress\/ -->\n<title>\u0418\u0441\u0442\u043e\u0440\u0438\u044f\u0442\u0430 \u043d\u0430 Katarzyna Estate<\/title>\n<meta name=\"description\" content=\"\u0420\u0430\u0437\u0433\u043b\u0435\u0434\u0430\u0439 \u0432\u0434\u044a\u0445\u043d\u043e\u0432\u044f\u0432\u0430\u0449\u0430\u0442\u0430 \u0438\u0441\u0442\u043e\u0440\u0438\u044f \u043d\u0430 Katarzyna Estate \u2013 \u043e\u0442 \u0441\u044a\u0437\u0434\u0430\u0432\u0430\u043d\u0435\u0442\u043e \u0434\u043e \u043f\u0440\u0435\u0432\u0440\u044a\u0449\u0430\u043d\u0435\u0442\u043e \u045d \u0432 \u0435\u0434\u0438\u043d \u043e\u0442 \u0432\u043e\u0434\u0435\u0449\u0438\u0442\u0435 \u0432\u0438\u043d\u043e\u043f\u0440\u043e\u0438\u0437\u0432\u043e\u0434\u0438\u0442\u0435\u043b\u0438 \u0432 \u0411\u044a\u043b\u0433\u0430\u0440\u0438\u044f.\" \/>\n<meta name=\"robots\" content=\"index, follow, max-snippet:-1, max-image-preview:large, max-video-preview:-1\" \/>\n<link rel=\"canonical\" href=\"https:\/\/katarzyna.bg\/pl\/about-us\/history\/\" \/>\n<meta property=\"og:locale\" content=\"pl_PL\" \/>\n<meta property=\"og:type\" content=\"article\" \/>\n<meta property=\"og:title\" content=\"\u0418\u0441\u0442\u043e\u0440\u0438\u044f\u0442\u0430 \u043d\u0430 Katarzyna Estate\" \/>\n<meta property=\"og:description\" content=\"\u0420\u0430\u0437\u0433\u043b\u0435\u0434\u0430\u0439 \u0432\u0434\u044a\u0445\u043d\u043e\u0432\u044f\u0432\u0430\u0449\u0430\u0442\u0430 \u0438\u0441\u0442\u043e\u0440\u0438\u044f \u043d\u0430 Katarzyna Estate \u2013 \u043e\u0442 \u0441\u044a\u0437\u0434\u0430\u0432\u0430\u043d\u0435\u0442\u043e \u0434\u043e \u043f\u0440\u0435\u0432\u0440\u044a\u0449\u0430\u043d\u0435\u0442\u043e \u045d \u0432 \u0435\u0434\u0438\u043d \u043e\u0442 \u0432\u043e\u0434\u0435\u0449\u0438\u0442\u0435 \u0432\u0438\u043d\u043e\u043f\u0440\u043e\u0438\u0437\u0432\u043e\u0434\u0438\u0442\u0435\u043b\u0438 \u0432 \u0411\u044a\u043b\u0433\u0430\u0440\u0438\u044f.\" \/>\n<meta property=\"og:url\" content=\"https:\/\/katarzyna.bg\/pl\/about-us\/history\/\" \/>\n<meta property=\"og:site_name\" content=\"Katarzyna\" \/>\n<meta property=\"article:publisher\" content=\"https:\/\/www.facebook.com\/katarzynaestate\/\" \/>\n<meta property=\"article:modified_time\" content=\"2025-07-22T09:09:10+00:00\" \/>\n<meta name=\"twitter:card\" content=\"summary_large_image\" \/>\n<meta name=\"twitter:label1\" content=\"Szacowany czas czytania\" \/>\n\t<meta name=\"twitter:data1\" content=\"1 minuta\" \/>\n<script type=\"application\/ld+json\" class=\"yoast-schema-graph\">{\"@context\":\"https:\/\/schema.org\",\"@graph\":[{\"@type\":\"WebPage\",\"@id\":\"https:\/\/katarzyna.bg\/about-us\/history\/\",\"url\":\"https:\/\/katarzyna.bg\/about-us\/history\/\",\"name\":\"\u0418\u0441\u0442\u043e\u0440\u0438\u044f\u0442\u0430 \u043d\u0430 Katarzyna Estate\",\"isPartOf\":{\"@id\":\"https:\/\/katarzyna.bg\/#website\"},\"datePublished\":\"2025-04-07T09:37:47+00:00\",\"dateModified\":\"2025-07-22T09:09:10+00:00\",\"description\":\"\u0420\u0430\u0437\u0433\u043b\u0435\u0434\u0430\u0439 \u0432\u0434\u044a\u0445\u043d\u043e\u0432\u044f\u0432\u0430\u0449\u0430\u0442\u0430 \u0438\u0441\u0442\u043e\u0440\u0438\u044f \u043d\u0430 Katarzyna Estate \u2013 \u043e\u0442 \u0441\u044a\u0437\u0434\u0430\u0432\u0430\u043d\u0435\u0442\u043e \u0434\u043e \u043f\u0440\u0435\u0432\u0440\u044a\u0449\u0430\u043d\u0435\u0442\u043e \u045d \u0432 \u0435\u0434\u0438\u043d \u043e\u0442 \u0432\u043e\u0434\u0435\u0449\u0438\u0442\u0435 \u0432\u0438\u043d\u043e\u043f\u0440\u043e\u0438\u0437\u0432\u043e\u0434\u0438\u0442\u0435\u043b\u0438 \u0432 \u0411\u044a\u043b\u0433\u0430\u0440\u0438\u044f.\",\"breadcrumb\":{\"@id\":\"https:\/\/katarzyna.bg\/about-us\/history\/#breadcrumb\"},\"inLanguage\":\"pl-PL\",\"potentialAction\":[{\"@type\":\"ReadAction\",\"target\":[\"https:\/\/katarzyna.bg\/about-us\/history\/\"]}]},{\"@type\":\"BreadcrumbList\",\"@id\":\"https:\/\/katarzyna.bg\/about-us\/history\/#breadcrumb\",\"itemListElement\":[{\"@type\":\"ListItem\",\"position\":1,\"name\":\"\u041d\u0430\u0447\u0430\u043b\u043e\",\"item\":\"https:\/\/katarzyna.bg\/\"},{\"@type\":\"ListItem\",\"position\":2,\"name\":\"\u0417\u0430 \u043d\u0430\u0441\",\"item\":\"https:\/\/katarzyna.bg\/about-us\/\"},{\"@type\":\"ListItem\",\"position\":3,\"name\":\"\u0418\u0441\u0442\u043e\u0440\u0438\u044f\"}]},{\"@type\":\"WebSite\",\"@id\":\"https:\/\/katarzyna.bg\/#website\",\"url\":\"https:\/\/katarzyna.bg\/\",\"name\":\"Katarzyna\",\"description\":\"Katarzyna\",\"publisher\":{\"@id\":\"https:\/\/katarzyna.bg\/#organization\"},\"potentialAction\":[{\"@type\":\"SearchAction\",\"target\":{\"@type\":\"EntryPoint\",\"urlTemplate\":\"https:\/\/katarzyna.bg\/?s={search_term_string}\"},\"query-input\":{\"@type\":\"PropertyValueSpecification\",\"valueRequired\":true,\"valueName\":\"search_term_string\"}}],\"inLanguage\":\"pl-PL\"},{\"@type\":\"Organization\",\"@id\":\"https:\/\/katarzyna.bg\/#organization\",\"name\":\"Katarzyna Estate\",\"url\":\"https:\/\/katarzyna.bg\/\",\"logo\":{\"@type\":\"ImageObject\",\"inLanguage\":\"pl-PL\",\"@id\":\"https:\/\/katarzyna.bg\/#\/schema\/logo\/image\/\",\"url\":\"https:\/\/katarzyna.bg\/wp-content\/uploads\/2025\/03\/cropped-logo_grey-e1668669109649.png.webp\",\"contentUrl\":\"https:\/\/katarzyna.bg\/wp-content\/uploads\/2025\/03\/cropped-logo_grey-e1668669109649.png.webp\",\"width\":512,\"height\":512,\"caption\":\"Katarzyna Estate\"},\"image\":{\"@id\":\"https:\/\/katarzyna.bg\/#\/schema\/logo\/image\/\"},\"sameAs\":[\"https:\/\/www.facebook.com\/katarzynaestate\/\"]}]}<\/script>\n<!-- \/ Yoast SEO plugin. -->","yoast_head_json":{"title":"Historia Katarzyna Estate","description":"Poznaj inspiruj\u0105c\u0105 histori\u0119 Katarzyna Estate \u2014 od jej powstania a\u017c po przemian\u0119 w jednego z czo\u0142owych producent\u00f3w wina w Bu\u0142garii.","robots":{"index":"index","follow":"follow","max-snippet":"max-snippet:-1","max-image-preview":"max-image-preview:large","max-video-preview":"max-video-preview:-1"},"canonical":"https:\/\/katarzyna.bg\/pl\/about-us\/history\/","og_locale":"pl_PL","og_type":"article","og_title":"\u0418\u0441\u0442\u043e\u0440\u0438\u044f\u0442\u0430 \u043d\u0430 Katarzyna Estate","og_description":"\u0420\u0430\u0437\u0433\u043b\u0435\u0434\u0430\u0439 \u0432\u0434\u044a\u0445\u043d\u043e\u0432\u044f\u0432\u0430\u0449\u0430\u0442\u0430 \u0438\u0441\u0442\u043e\u0440\u0438\u044f \u043d\u0430 Katarzyna Estate \u2013 \u043e\u0442 \u0441\u044a\u0437\u0434\u0430\u0432\u0430\u043d\u0435\u0442\u043e \u0434\u043e \u043f\u0440\u0435\u0432\u0440\u044a\u0449\u0430\u043d\u0435\u0442\u043e \u045d \u0432 \u0435\u0434\u0438\u043d \u043e\u0442 \u0432\u043e\u0434\u0435\u0449\u0438\u0442\u0435 \u0432\u0438\u043d\u043e\u043f\u0440\u043e\u0438\u0437\u0432\u043e\u0434\u0438\u0442\u0435\u043b\u0438 \u0432 \u0411\u044a\u043b\u0433\u0430\u0440\u0438\u044f.","og_url":"https:\/\/katarzyna.bg\/pl\/about-us\/history\/","og_site_name":"Katarzyna","article_publisher":"https:\/\/www.facebook.com\/katarzynaestate\/","article_modified_time":"2025-07-22T09:09:10+00:00","twitter_card":"summary_large_image","twitter_misc":{"Szacowany czas czytania":"1 minuta"},"schema":{"@context":"https:\/\/schema.org","@graph":[{"@type":"WebPage","@id":"https:\/\/katarzyna.bg\/about-us\/history\/","url":"https:\/\/katarzyna.bg\/about-us\/history\/","name":"Historia Katarzyna Estate","isPartOf":{"@id":"https:\/\/katarzyna.bg\/#website"},"datePublished":"2025-04-07T09:37:47+00:00","dateModified":"2025-07-22T09:09:10+00:00","description":"Poznaj inspiruj\u0105c\u0105 histori\u0119 Katarzyna Estate \u2014 od jej powstania a\u017c po przemian\u0119 w jednego z czo\u0142owych producent\u00f3w wina w Bu\u0142garii.","breadcrumb":{"@id":"https:\/\/katarzyna.bg\/about-us\/history\/#breadcrumb"},"inLanguage":"pl-PL","potentialAction":[{"@type":"ReadAction","target":["https:\/\/katarzyna.bg\/about-us\/history\/"]}]},{"@type":"BreadcrumbList","@id":"https:\/\/katarzyna.bg\/about-us\/history\/#breadcrumb","itemListElement":[{"@type":"ListItem","position":1,"name":"\u041d\u0430\u0447\u0430\u043b\u043e","item":"https:\/\/katarzyna.bg\/"},{"@type":"ListItem","position":2,"name":"\u0417\u0430 \u043d\u0430\u0441","item":"https:\/\/katarzyna.bg\/about-us\/"},{"@type":"ListItem","position":3,"name":"\u0418\u0441\u0442\u043e\u0440\u0438\u044f"}]},{"@type":"WebSite","@id":"https:\/\/katarzyna.bg\/#website","url":"https:\/\/katarzyna.bg\/","name":"Katarzyna","description":"Katarzyna","publisher":{"@id":"https:\/\/katarzyna.bg\/#organization"},"potentialAction":[{"@type":"SearchAction","target":{"@type":"EntryPoint","urlTemplate":"https:\/\/katarzyna.bg\/?s={search_term_string}"},"query-input":{"@type":"PropertyValueSpecification","valueRequired":true,"valueName":"search_term_string"}}],"inLanguage":"pl-PL"},{"@type":"Organization","@id":"https:\/\/katarzyna.bg\/#organization","name":"Katarzyna Estate","url":"https:\/\/katarzyna.bg\/","logo":{"@type":"ImageObject","inLanguage":"pl-PL","@id":"https:\/\/katarzyna.bg\/#\/schema\/logo\/image\/","url":"https:\/\/katarzyna.bg\/wp-content\/uploads\/2025\/03\/cropped-logo_grey-e1668669109649.png.webp","contentUrl":"https:\/\/katarzyna.bg\/wp-content\/uploads\/2025\/03\/cropped-logo_grey-e1668669109649.png.webp","width":512,"height":512,"caption":"Katarzyna Estate"},"image":{"@id":"https:\/\/katarzyna.bg\/#\/schema\/logo\/image\/"},"sameAs":["https:\/\/www.facebook.com\/katarzynaestate\/"]}]}},"_links":{"self":[{"href":"https:\/\/katarzyna.bg\/pl\/wp-json\/wp\/v2\/pages\/25915","targetHints":{"allow":["GET"]}}],"collection":[{"href":"https:\/\/katarzyna.bg\/pl\/wp-json\/wp\/v2\/pages"}],"about":[{"href":"https:\/\/katarzyna.bg\/pl\/wp-json\/wp\/v2\/types\/page"}],"author":[{"embeddable":true,"href":"https:\/\/katarzyna.bg\/pl\/wp-json\/wp\/v2\/users\/1"}],"replies":[{"embeddable":true,"href":"https:\/\/katarzyna.bg\/pl\/wp-json\/wp\/v2\/comments?post=25915"}],"version-history":[{"count":13,"href":"https:\/\/katarzyna.bg\/pl\/wp-json\/wp\/v2\/pages\/25915\/revisions"}],"predecessor-version":[{"id":28014,"href":"https:\/\/katarzyna.bg\/pl\/wp-json\/wp\/v2\/pages\/25915\/revisions\/28014"}],"up":[{"embeddable":true,"href":"https:\/\/katarzyna.bg\/pl\/wp-json\/wp\/v2\/pages\/25909"}],"wp:attachment":[{"href":"https:\/\/katarzyna.bg\/pl\/wp-json\/wp\/v2\/media?parent=25915"}],"curies":[{"name":"wp","href":"https:\/\/api.w.org\/{rel}","templated":true}]}}