{"id":26162,"date":"2025-04-18T08:14:11","date_gmt":"2025-04-18T08:14:11","guid":{"rendered":"https:\/\/new.katarzyna.bg\/?page_id=26162"},"modified":"2026-04-29T08:52:54","modified_gmt":"2026-04-29T05:52:54","slug":"degustation","status":"publish","type":"page","link":"https:\/\/katarzyna.bg\/pl\/hotel\/degustation\/","title":{"rendered":"Degustacje"},"content":{"rendered":"<div data-elementor-type=\"wp-page\" data-elementor-id=\"26162\" class=\"elementor elementor-26162\" data-elementor-post-type=\"page\">\n\t\t\t\t\t\t<section class=\"elementor-section elementor-top-section elementor-element elementor-element-a5958e1 elementor-section-full_width elementor-section-height-default elementor-section-height-default\" data-id=\"a5958e1\" data-element_type=\"section\" data-settings=\"{&quot;background_background&quot;:&quot;classic&quot;}\">\n\t\t\t\t\t\t<div class=\"elementor-container elementor-column-gap-default\">\n\t\t\t\t\t<div class=\"elementor-column elementor-col-100 elementor-top-column elementor-element elementor-element-8d3159c\" data-id=\"8d3159c\" data-element_type=\"column\">\n\t\t\t<div class=\"elementor-widget-wrap elementor-element-populated\">\n\t\t\t\t\t\t<div class=\"elementor-element elementor-element-1df8306 elementor--h-position-center elementor--v-position-middle elementor-arrows-position-inside elementor-pagination-position-inside elementor-widget elementor-widget-slides\" data-id=\"1df8306\" data-element_type=\"widget\" data-settings=\"{&quot;navigation&quot;:&quot;both&quot;,&quot;autoplay&quot;:&quot;yes&quot;,&quot;pause_on_hover&quot;:&quot;yes&quot;,&quot;pause_on_interaction&quot;:&quot;yes&quot;,&quot;autoplay_speed&quot;:5000,&quot;infinite&quot;:&quot;yes&quot;,&quot;transition&quot;:&quot;slide&quot;,&quot;transition_speed&quot;:500}\" data-widget_type=\"slides.default\">\n\t\t\t\t<div class=\"elementor-widget-container\">\n\t\t\t\t\t\t\t\t\t<div class=\"elementor-swiper\">\n\t\t\t\t\t<div class=\"elementor-slides-wrapper elementor-main-swiper swiper\" role=\"region\" aria-roledescription=\"carousel\" aria-label=\"Slajdy\" dir=\"ltr\" data-animation=\"fadeInUp\">\n\t\t\t\t<div class=\"swiper-wrapper elementor-slides\">\n\t\t\t\t\t\t\t\t\t\t<div class=\"elementor-repeater-item-01ff303 swiper-slide\" role=\"group\" aria-roledescription=\"slide\"><div class=\"swiper-slide-bg\" role=\"img\"><\/div><div class=\"swiper-slide-inner\" ><div class=\"swiper-slide-contents\"><\/div><\/div><\/div>\t\t\t\t<\/div>\n\t\t\t\t\t\t\t<\/div>\n\t\t\t\t<\/div>\n\t\t\t\t\t\t\t\t<\/div>\n\t\t\t\t<\/div>\n\t\t\t\t\t<\/div>\n\t\t<\/div>\n\t\t\t\t\t<\/div>\n\t\t<\/section>\n\t\t\t\t<section class=\"elementor-section elementor-top-section elementor-element elementor-element-21af1447 elementor-section-boxed elementor-section-height-default elementor-section-height-default\" data-id=\"21af1447\" data-element_type=\"section\">\n\t\t\t\t\t\t<div class=\"elementor-container elementor-column-gap-default\">\n\t\t\t\t\t<div class=\"elementor-column elementor-col-100 elementor-top-column elementor-element elementor-element-4f1204b7\" data-id=\"4f1204b7\" data-element_type=\"column\">\n\t\t\t<div class=\"elementor-widget-wrap elementor-element-populated\">\n\t\t\t\t\t\t<div class=\"elementor-element elementor-element-b8f52a2 elementor-widget elementor-widget-woocommerce-breadcrumb\" data-id=\"b8f52a2\" data-element_type=\"widget\" data-widget_type=\"woocommerce-breadcrumb.default\">\n\t\t\t\t<div class=\"elementor-widget-container\">\n\t\t\t\t\t<nav class=\"woocommerce-breadcrumb\" aria-label=\"Breadcrumb\" data-no-translation=\"\" data-trp-gettext=\"\">Dom<\/nav>\t\t\t\t<\/div>\n\t\t\t\t<\/div>\n\t\t\t\t<div class=\"elementor-element elementor-element-66229b4 elementor-widget elementor-widget-heading\" data-id=\"66229b4\" data-element_type=\"widget\" data-widget_type=\"heading.default\">\n\t\t\t\t<div class=\"elementor-widget-container\">\n\t\t\t\t\t<h1 class=\"elementor-heading-title elementor-size-default\">WINNE PRZE\u017bYCIE\n<\/h1>\t\t\t\t<\/div>\n\t\t\t\t<\/div>\n\t\t\t\t<div class=\"elementor-element elementor-element-7d66d55a elementor-widget elementor-widget-image\" data-id=\"7d66d55a\" data-element_type=\"widget\" data-widget_type=\"image.default\">\n\t\t\t\t<div class=\"elementor-widget-container\">\n\t\t\t\t\t\t\t\t\t\t\t\t\t\t\t<img decoding=\"async\" width=\"182\" height=\"213\" src=\"https:\/\/katarzyna.bg\/wp-content\/uploads\/2025\/04\/viber_image_2023-07-12_14-32-43-522-1.png\" class=\"attachment-large size-large wp-image-25632\" alt=\"\" srcset=\"https:\/\/katarzyna.bg\/wp-content\/uploads\/2025\/04\/viber_image_2023-07-12_14-32-43-522-1.png 182w, https:\/\/katarzyna.bg\/wp-content\/uploads\/2025\/04\/viber_image_2023-07-12_14-32-43-522-1-10x12.png 10w\" sizes=\"(max-width: 182px) 100vw, 182px\" \/>\t\t\t\t\t\t\t\t\t\t\t\t\t\t\t<\/div>\n\t\t\t\t<\/div>\n\t\t\t\t\t<\/div>\n\t\t<\/div>\n\t\t\t\t\t<\/div>\n\t\t<\/section>\n\t\t\t\t<section class=\"elementor-section elementor-top-section elementor-element elementor-element-40e2721d elementor-section-boxed elementor-section-height-default elementor-section-height-default\" data-id=\"40e2721d\" data-element_type=\"section\">\n\t\t\t\t\t\t<div class=\"elementor-container elementor-column-gap-default\">\n\t\t\t\t\t<div class=\"elementor-column elementor-col-100 elementor-top-column elementor-element elementor-element-4e575cb6\" data-id=\"4e575cb6\" data-element_type=\"column\">\n\t\t\t<div class=\"elementor-widget-wrap elementor-element-populated\">\n\t\t\t\t\t\t<div class=\"elementor-element elementor-element-4ad5b36c elementor-widget elementor-widget-text-editor\" data-id=\"4ad5b36c\" data-element_type=\"widget\" data-widget_type=\"text-editor.default\">\n\t\t\t\t<div class=\"elementor-widget-container\">\n\t\t\t\t\t\t\t\t\t<p><span style=\"font-weight: 400;\">Je\u015bli chcesz dowiedzie\u0107 si\u0119 wi\u0119cej o \u015bwiecie Katarzyna Estate i odkry\u0107 swoje kolejne ulubione wino, koniecznie odwied\u017a winiarni\u0119 i skorzystaj z jednego z naszych pakiet\u00f3w degustacyjnych. Nasi eksperci od wina poka\u017c\u0105 Ci \u201edrog\u0119 wina\u201d, kt\u00f3ra rozpocznie si\u0119 od winnic, a zako\u0144czy w naszej pi\u0119knej sali degustacyjnej.<\/span><\/p><p><span style=\"font-weight: 400;\">Z okien roztacza si\u0119 widok na rozleg\u0142e winnice, a tak\u017ce<\/span><\/p><p><span style=\"font-weight: 400;\">pomieszczenie fermentacyjne<\/span><\/p><p><span style=\"font-weight: 400;\">Wybierz jeden z temat\u00f3w degustacji i nie wahaj si\u0119 zadawa\u0107 nam wszelkie pytania \u2013 ch\u0119tnie opowiemy Ci wszystko o odmianach, terroir, technikach i filozofii Katarzyna Estate.<\/span><\/p>\t\t\t\t\t\t\t\t<\/div>\n\t\t\t\t<\/div>\n\t\t\t\t<div class=\"elementor-element elementor-element-8fb2293 elementor-align-center elementor-widget elementor-widget-button\" data-id=\"8fb2293\" data-element_type=\"widget\" data-widget_type=\"button.default\">\n\t\t\t\t<div class=\"elementor-widget-container\">\n\t\t\t\t\t\t\t\t\t<div class=\"elementor-button-wrapper\">\n\t\t\t\t\t<a class=\"elementor-button elementor-button-link elementor-size-md\" href=\"https:\/\/katarzyna.bg\/wp-content\/uploads\/2026\/04\/katarzyna-estate_wine-tasting.pdf\">\n\t\t\t\t\t\t<span class=\"elementor-button-content-wrapper\">\n\t\t\t\t\t\t\t\t\t<span class=\"elementor-button-text\">ZOBA\u0106 WI\u0118CEJ<\/span>\n\t\t\t\t\t<\/span>\n\t\t\t\t\t<\/a>\n\t\t\t\t<\/div>\n\t\t\t\t\t\t\t\t<\/div>\n\t\t\t\t<\/div>\n\t\t\t\t\t<\/div>\n\t\t<\/div>\n\t\t\t\t\t<\/div>\n\t\t<\/section>\n\t\t<div class=\"elementor-element elementor-element-fcf5aac e-flex e-con-boxed e-con e-parent\" data-id=\"fcf5aac\" data-element_type=\"container\">\n\t\t\t\t\t<div class=\"e-con-inner\">\n\t\t\t\t<div class=\"elementor-element elementor-element-c848d92 elementor-widget elementor-widget-gallery\" data-id=\"c848d92\" data-element_type=\"widget\" data-settings=\"{&quot;columns&quot;:2,&quot;lazyload&quot;:&quot;yes&quot;,&quot;gallery_layout&quot;:&quot;grid&quot;,&quot;columns_tablet&quot;:2,&quot;columns_mobile&quot;:1,&quot;gap&quot;:{&quot;unit&quot;:&quot;px&quot;,&quot;size&quot;:10,&quot;sizes&quot;:[]},&quot;gap_tablet&quot;:{&quot;unit&quot;:&quot;px&quot;,&quot;size&quot;:10,&quot;sizes&quot;:[]},&quot;gap_mobile&quot;:{&quot;unit&quot;:&quot;px&quot;,&quot;size&quot;:10,&quot;sizes&quot;:[]},&quot;link_to&quot;:&quot;file&quot;,&quot;aspect_ratio&quot;:&quot;3:2&quot;,&quot;overlay_background&quot;:&quot;yes&quot;,&quot;content_hover_animation&quot;:&quot;fade-in&quot;}\" data-widget_type=\"gallery.default\">\n\t\t\t\t<div class=\"elementor-widget-container\">\n\t\t\t\t\t\t\t<div class=\"elementor-gallery__container\">\n\t\t\t\t\t\t\t<a class=\"e-gallery-item elementor-gallery-item elementor-animated-content\" href=\"https:\/\/katarzyna.bg\/wp-content\/uploads\/2025\/04\/image00073-scaled.jpeg\" data-elementor-open-lightbox=\"yes\" data-elementor-lightbox-slideshow=\"c848d92\" data-elementor-lightbox-title=\"image00073\" data-e-action-hash=\"#elementor-action%3Aaction%3Dlightbox%26settings%3DeyJpZCI6MjYxNjYsInVybCI6Imh0dHBzOlwvXC9rYXRhcnp5bmEuYmdcL3dwLWNvbnRlbnRcL3VwbG9hZHNcLzIwMjVcLzA0XC9pbWFnZTAwMDczLXNjYWxlZC5qcGVnIiwic2xpZGVzaG93IjoiYzg0OGQ5MiJ9\">\n\t\t\t\t\t<div class=\"e-gallery-image elementor-gallery-item__image\" data-thumbnail=\"https:\/\/katarzyna.bg\/wp-content\/uploads\/2025\/04\/image00073-768x1152.jpeg\" data-width=\"768\" data-height=\"1152\" aria-label=\"\" role=\"img\" ><\/div>\n\t\t\t\t\t\t\t\t\t\t\t<div class=\"elementor-gallery-item__overlay\"><\/div>\n\t\t\t\t\t\t\t\t\t\t\t\t\t\t<\/a>\n\t\t\t\t\t\t\t<a class=\"e-gallery-item elementor-gallery-item elementor-animated-content\" href=\"https:\/\/katarzyna.bg\/wp-content\/uploads\/2025\/07\/vinarna.jpg\" data-elementor-open-lightbox=\"yes\" data-elementor-lightbox-slideshow=\"c848d92\" data-elementor-lightbox-title=\"vinarna\" data-e-action-hash=\"#elementor-action%3Aaction%3Dlightbox%26settings%3DeyJpZCI6MjgwNTIsInVybCI6Imh0dHBzOlwvXC9rYXRhcnp5bmEuYmdcL3dwLWNvbnRlbnRcL3VwbG9hZHNcLzIwMjVcLzA3XC92aW5hcm5hLmpwZyIsInNsaWRlc2hvdyI6ImM4NDhkOTIifQ%3D%3D\">\n\t\t\t\t\t<div class=\"e-gallery-image elementor-gallery-item__image\" data-thumbnail=\"https:\/\/katarzyna.bg\/wp-content\/uploads\/2025\/07\/vinarna-768x509.jpg\" data-width=\"768\" data-height=\"509\" aria-label=\"\" role=\"img\" ><\/div>\n\t\t\t\t\t\t\t\t\t\t\t<div class=\"elementor-gallery-item__overlay\"><\/div>\n\t\t\t\t\t\t\t\t\t\t\t\t\t\t<\/a>\n\t\t\t\t\t\t\t<a class=\"e-gallery-item elementor-gallery-item elementor-animated-content\" href=\"https:\/\/katarzyna.bg\/wp-content\/uploads\/2025\/04\/image00012-scaled.jpeg\" data-elementor-open-lightbox=\"yes\" data-elementor-lightbox-slideshow=\"c848d92\" data-elementor-lightbox-title=\"image00012\" data-e-action-hash=\"#elementor-action%3Aaction%3Dlightbox%26settings%3DeyJpZCI6MjYxNjQsInVybCI6Imh0dHBzOlwvXC9rYXRhcnp5bmEuYmdcL3dwLWNvbnRlbnRcL3VwbG9hZHNcLzIwMjVcLzA0XC9pbWFnZTAwMDEyLXNjYWxlZC5qcGVnIiwic2xpZGVzaG93IjoiYzg0OGQ5MiJ9\">\n\t\t\t\t\t<div class=\"e-gallery-image elementor-gallery-item__image\" data-thumbnail=\"https:\/\/katarzyna.bg\/wp-content\/uploads\/2025\/04\/image00012-768x1152.jpeg\" data-width=\"768\" data-height=\"1152\" aria-label=\"\" role=\"img\" ><\/div>\n\t\t\t\t\t\t\t\t\t\t\t<div class=\"elementor-gallery-item__overlay\"><\/div>\n\t\t\t\t\t\t\t\t\t\t\t\t\t\t<\/a>\n\t\t\t\t\t\t\t<a class=\"e-gallery-item elementor-gallery-item elementor-animated-content\" href=\"https:\/\/katarzyna.bg\/wp-content\/uploads\/2025\/04\/DSC_1062.jpg\" data-elementor-open-lightbox=\"yes\" data-elementor-lightbox-slideshow=\"c848d92\" data-elementor-lightbox-title=\"DSC_1062\" data-e-action-hash=\"#elementor-action%3Aaction%3Dlightbox%26settings%3DeyJpZCI6MjYxNjMsInVybCI6Imh0dHBzOlwvXC9rYXRhcnp5bmEuYmdcL3dwLWNvbnRlbnRcL3VwbG9hZHNcLzIwMjVcLzA0XC9EU0NfMTA2Mi5qcGciLCJzbGlkZXNob3ciOiJjODQ4ZDkyIn0%3D\">\n\t\t\t\t\t<div class=\"e-gallery-image elementor-gallery-item__image\" data-thumbnail=\"https:\/\/katarzyna.bg\/wp-content\/uploads\/2025\/04\/DSC_1062-768x509.jpg\" data-width=\"768\" data-height=\"509\" aria-label=\"\" role=\"img\" ><\/div>\n\t\t\t\t\t\t\t\t\t\t\t<div class=\"elementor-gallery-item__overlay\"><\/div>\n\t\t\t\t\t\t\t\t\t\t\t\t\t\t<\/a>\n\t\t\t\t\t<\/div>\n\t\t\t\t\t<\/div>\n\t\t\t\t<\/div>\n\t\t\t\t\t<\/div>\n\t\t\t\t<\/div>\n\t\t\t\t<\/div>","protected":false},"excerpt":{"rendered":"<p>\u0412\u0418\u041d\u0415\u041d\u041e \u041f\u0420\u0415\u0416\u0418\u0412\u042f\u0412\u0410\u041d\u0415 \u0410\u043a\u043e \u0438\u0441\u043a\u0430\u0442\u0435 \u0434\u0430 \u0440\u0430\u0437\u0431\u0435\u0440\u0435\u0442\u0435 \u043f\u043e\u0432\u0435\u0447\u0435 \u0437\u0430 \u0441\u0432\u0435\u0442\u0430 \u043d\u0430 Katarzyna Estate \u0438 \u0434\u0430 \u043e\u0442\u043a\u0440\u0438\u0435\u0442\u0435 \u0441\u043b\u0435\u0434\u0432\u0430\u0449\u043e\u0442\u043e \u0441\u0438 \u043b\u044e\u0431\u0438\u043c\u043e \u0432\u0438\u043d\u043e, \u0437\u0430\u0434\u044a\u043b\u0436\u0438\u0442\u0435\u043b\u043d\u043e \u0442\u0440\u044f\u0431\u0432\u0430 \u0434\u0430 \u043f\u043e\u0441\u0435\u0442\u0438\u0442\u0435 \u0438\u0437\u0431\u0430\u0442\u0430 \u0438 \u0434\u0430 \u0441\u0435 \u043d\u0430\u0441\u043b\u0430\u0434\u0438\u0442\u0435 \u043d\u0430 \u0435\u0434\u0438\u043d \u043e\u0442 \u0434\u0435\u0433\u0443\u0441\u0442\u0430\u0446\u0438\u043e\u043d\u043d\u0438\u0442\u0435 \u043d\u0438 \u043f\u0430\u043a\u0435\u0442\u0438 \u041d\u0430\u0448\u0438\u0442\u0435 \u0432\u0438\u043d\u0435\u043d\u0438 \u0441\u043f\u0435\u0446\u0438\u0430\u043b\u0438\u0441\u0442\u0438 \u0449\u0435 \u0432\u0438 \u0440\u0430\u0437\u043a\u0440\u0438\u044f\u0442 \u201e\u043f\u044a\u0442\u044f \u043d\u0430 \u0432\u0438\u043d\u043e\u0442\u043e\u201c \u043a\u0430\u0442\u043e \u0440\u0430\u0437\u0445\u043e\u0434\u043a\u0430\u0442\u0430 \u0449\u0435 \u0437\u0430\u043f\u043e\u0447\u043d\u0435 \u043e\u0442 \u043b\u043e\u0437\u044f\u0442\u0430 \u0438 \u0449\u0435 \u0437\u0430\u0432\u044a\u0440\u0448\u0438 \u0432 \u043a\u0440\u0430\u0441\u0438\u0432\u0430\u0442\u0430 \u043d\u0438 [&hellip;]<\/p>","protected":false},"author":1,"featured_media":0,"parent":25716,"menu_order":0,"comment_status":"closed","ping_status":"closed","template":"","meta":{"footnotes":""},"class_list":["post-26162","page","type-page","status-publish","hentry"],"yoast_head":"<!-- This site is optimized with the Yoast SEO plugin v27.1.1 - https:\/\/yoast.com\/product\/yoast-seo-wordpress\/ -->\n<title>\u0412\u0438\u043d\u0435\u043d\u0438 \u0434\u0435\u0433\u0443\u0441\u0442\u0430\u0446\u0438\u0438 \u0432 Katarzyna Estate<\/title>\n<meta name=\"description\" content=\"\u041d\u0430\u0441\u043b\u0430\u0434\u0435\u0442\u0435 \u0441\u0435 \u043d\u0430 \u0438\u0437\u0438\u0441\u043a\u0430\u043d\u0438 \u0432\u0438\u043d\u0435\u043d\u0438 \u0434\u0435\u0433\u0443\u0441\u0442\u0430\u0446\u0438\u0438 \u0432 \u0441\u044a\u0440\u0446\u0435\u0442\u043e \u043d\u0430 \u0438\u0437\u0431\u0430\u0442\u0430. \u041f\u0435\u0440\u0441\u043e\u043d\u0430\u043b\u043d\u043e \u043f\u0440\u0435\u0436\u0438\u0432\u044f\u0432\u0430\u043d\u0435 \u0437\u0430 \u0446\u0435\u043d\u0438\u0442\u0435\u043b\u0438 \u0438 \u043b\u044e\u0431\u0438\u0442\u0435\u043b\u0438 \u043d\u0430 \u0432\u0438\u043d\u043e\u0442\u043e.\" \/>\n<meta name=\"robots\" content=\"index, follow, max-snippet:-1, max-image-preview:large, max-video-preview:-1\" \/>\n<link rel=\"canonical\" href=\"https:\/\/katarzyna.bg\/pl\/hotel\/degustation\/\" \/>\n<meta property=\"og:locale\" content=\"pl_PL\" \/>\n<meta property=\"og:type\" content=\"article\" \/>\n<meta property=\"og:title\" content=\"\u0412\u0438\u043d\u0435\u043d\u0438 \u0434\u0435\u0433\u0443\u0441\u0442\u0430\u0446\u0438\u0438 \u0432 Katarzyna Estate\" \/>\n<meta property=\"og:description\" content=\"\u041d\u0430\u0441\u043b\u0430\u0434\u0435\u0442\u0435 \u0441\u0435 \u043d\u0430 \u0438\u0437\u0438\u0441\u043a\u0430\u043d\u0438 \u0432\u0438\u043d\u0435\u043d\u0438 \u0434\u0435\u0433\u0443\u0441\u0442\u0430\u0446\u0438\u0438 \u0432 \u0441\u044a\u0440\u0446\u0435\u0442\u043e \u043d\u0430 \u0438\u0437\u0431\u0430\u0442\u0430. \u041f\u0435\u0440\u0441\u043e\u043d\u0430\u043b\u043d\u043e \u043f\u0440\u0435\u0436\u0438\u0432\u044f\u0432\u0430\u043d\u0435 \u0437\u0430 \u0446\u0435\u043d\u0438\u0442\u0435\u043b\u0438 \u0438 \u043b\u044e\u0431\u0438\u0442\u0435\u043b\u0438 \u043d\u0430 \u0432\u0438\u043d\u043e\u0442\u043e.\" \/>\n<meta property=\"og:url\" content=\"https:\/\/katarzyna.bg\/pl\/hotel\/degustation\/\" \/>\n<meta property=\"og:site_name\" content=\"Katarzyna\" \/>\n<meta property=\"article:publisher\" content=\"https:\/\/www.facebook.com\/katarzynaestate\/\" \/>\n<meta property=\"article:modified_time\" content=\"2026-04-29T05:52:54+00:00\" \/>\n<meta property=\"og:image\" content=\"https:\/\/katarzyna.bg\/wp-content\/uploads\/2025\/04\/viber_image_2023-07-12_14-32-43-522-1.png\" \/>\n\t<meta property=\"og:image:width\" content=\"182\" \/>\n\t<meta property=\"og:image:height\" content=\"213\" \/>\n\t<meta property=\"og:image:type\" content=\"image\/png\" \/>\n<meta name=\"twitter:card\" content=\"summary_large_image\" \/>\n<meta name=\"twitter:label1\" content=\"Szacowany czas czytania\" \/>\n\t<meta name=\"twitter:data1\" content=\"1 minuta\" \/>\n<script type=\"application\/ld+json\" class=\"yoast-schema-graph\">{\"@context\":\"https:\/\/schema.org\",\"@graph\":[{\"@type\":\"WebPage\",\"@id\":\"https:\/\/katarzyna.bg\/hotel\/degustation\/\",\"url\":\"https:\/\/katarzyna.bg\/hotel\/degustation\/\",\"name\":\"\u0412\u0438\u043d\u0435\u043d\u0438 \u0434\u0435\u0433\u0443\u0441\u0442\u0430\u0446\u0438\u0438 \u0432 Katarzyna Estate\",\"isPartOf\":{\"@id\":\"https:\/\/katarzyna.bg\/#website\"},\"primaryImageOfPage\":{\"@id\":\"https:\/\/katarzyna.bg\/hotel\/degustation\/#primaryimage\"},\"image\":{\"@id\":\"https:\/\/katarzyna.bg\/hotel\/degustation\/#primaryimage\"},\"thumbnailUrl\":\"https:\/\/katarzyna.bg\/wp-content\/uploads\/2025\/04\/viber_image_2023-07-12_14-32-43-522-1.png\",\"datePublished\":\"2025-04-18T08:14:11+00:00\",\"dateModified\":\"2026-04-29T05:52:54+00:00\",\"description\":\"\u041d\u0430\u0441\u043b\u0430\u0434\u0435\u0442\u0435 \u0441\u0435 \u043d\u0430 \u0438\u0437\u0438\u0441\u043a\u0430\u043d\u0438 \u0432\u0438\u043d\u0435\u043d\u0438 \u0434\u0435\u0433\u0443\u0441\u0442\u0430\u0446\u0438\u0438 \u0432 \u0441\u044a\u0440\u0446\u0435\u0442\u043e \u043d\u0430 \u0438\u0437\u0431\u0430\u0442\u0430. \u041f\u0435\u0440\u0441\u043e\u043d\u0430\u043b\u043d\u043e \u043f\u0440\u0435\u0436\u0438\u0432\u044f\u0432\u0430\u043d\u0435 \u0437\u0430 \u0446\u0435\u043d\u0438\u0442\u0435\u043b\u0438 \u0438 \u043b\u044e\u0431\u0438\u0442\u0435\u043b\u0438 \u043d\u0430 \u0432\u0438\u043d\u043e\u0442\u043e.\",\"breadcrumb\":{\"@id\":\"https:\/\/katarzyna.bg\/hotel\/degustation\/#breadcrumb\"},\"inLanguage\":\"pl-PL\",\"potentialAction\":[{\"@type\":\"ReadAction\",\"target\":[\"https:\/\/katarzyna.bg\/hotel\/degustation\/\"]}]},{\"@type\":\"ImageObject\",\"inLanguage\":\"pl-PL\",\"@id\":\"https:\/\/katarzyna.bg\/hotel\/degustation\/#primaryimage\",\"url\":\"https:\/\/katarzyna.bg\/wp-content\/uploads\/2025\/04\/viber_image_2023-07-12_14-32-43-522-1.png\",\"contentUrl\":\"https:\/\/katarzyna.bg\/wp-content\/uploads\/2025\/04\/viber_image_2023-07-12_14-32-43-522-1.png\"},{\"@type\":\"BreadcrumbList\",\"@id\":\"https:\/\/katarzyna.bg\/hotel\/degustation\/#breadcrumb\",\"itemListElement\":[{\"@type\":\"ListItem\",\"position\":1,\"name\":\"\u041d\u0430\u0447\u0430\u043b\u043e\",\"item\":\"https:\/\/katarzyna.bg\/\"},{\"@type\":\"ListItem\",\"position\":2,\"name\":\"\u0425\u043e\u0442\u0435\u043b\",\"item\":\"https:\/\/katarzyna.bg\/hotel\/\"},{\"@type\":\"ListItem\",\"position\":3,\"name\":\"\u0414\u0435\u0433\u0443\u0441\u0442\u0430\u0446\u0438\u0438\"}]},{\"@type\":\"WebSite\",\"@id\":\"https:\/\/katarzyna.bg\/#website\",\"url\":\"https:\/\/katarzyna.bg\/\",\"name\":\"Katarzyna\",\"description\":\"Katarzyna\",\"publisher\":{\"@id\":\"https:\/\/katarzyna.bg\/#organization\"},\"potentialAction\":[{\"@type\":\"SearchAction\",\"target\":{\"@type\":\"EntryPoint\",\"urlTemplate\":\"https:\/\/katarzyna.bg\/?s={search_term_string}\"},\"query-input\":{\"@type\":\"PropertyValueSpecification\",\"valueRequired\":true,\"valueName\":\"search_term_string\"}}],\"inLanguage\":\"pl-PL\"},{\"@type\":\"Organization\",\"@id\":\"https:\/\/katarzyna.bg\/#organization\",\"name\":\"Katarzyna Estate\",\"url\":\"https:\/\/katarzyna.bg\/\",\"logo\":{\"@type\":\"ImageObject\",\"inLanguage\":\"pl-PL\",\"@id\":\"https:\/\/katarzyna.bg\/#\/schema\/logo\/image\/\",\"url\":\"https:\/\/katarzyna.bg\/wp-content\/uploads\/2025\/03\/cropped-logo_grey-e1668669109649.png.webp\",\"contentUrl\":\"https:\/\/katarzyna.bg\/wp-content\/uploads\/2025\/03\/cropped-logo_grey-e1668669109649.png.webp\",\"width\":512,\"height\":512,\"caption\":\"Katarzyna Estate\"},\"image\":{\"@id\":\"https:\/\/katarzyna.bg\/#\/schema\/logo\/image\/\"},\"sameAs\":[\"https:\/\/www.facebook.com\/katarzynaestate\/\"]}]}<\/script>\n<!-- \/ Yoast SEO plugin. -->","yoast_head_json":{"title":"Degustacje win w Katarzyna Estate","description":"Delektuj si\u0119 wykwintnymi degustacjami w sercu winnicy. To wyj\u0105tkowe, spersonalizowane prze\u017cycie dla koneser\u00f3w i mi\u0142o\u015bnik\u00f3w wina.","robots":{"index":"index","follow":"follow","max-snippet":"max-snippet:-1","max-image-preview":"max-image-preview:large","max-video-preview":"max-video-preview:-1"},"canonical":"https:\/\/katarzyna.bg\/pl\/hotel\/degustation\/","og_locale":"pl_PL","og_type":"article","og_title":"\u0412\u0438\u043d\u0435\u043d\u0438 \u0434\u0435\u0433\u0443\u0441\u0442\u0430\u0446\u0438\u0438 \u0432 Katarzyna Estate","og_description":"\u041d\u0430\u0441\u043b\u0430\u0434\u0435\u0442\u0435 \u0441\u0435 \u043d\u0430 \u0438\u0437\u0438\u0441\u043a\u0430\u043d\u0438 \u0432\u0438\u043d\u0435\u043d\u0438 \u0434\u0435\u0433\u0443\u0441\u0442\u0430\u0446\u0438\u0438 \u0432 \u0441\u044a\u0440\u0446\u0435\u0442\u043e \u043d\u0430 \u0438\u0437\u0431\u0430\u0442\u0430. \u041f\u0435\u0440\u0441\u043e\u043d\u0430\u043b\u043d\u043e \u043f\u0440\u0435\u0436\u0438\u0432\u044f\u0432\u0430\u043d\u0435 \u0437\u0430 \u0446\u0435\u043d\u0438\u0442\u0435\u043b\u0438 \u0438 \u043b\u044e\u0431\u0438\u0442\u0435\u043b\u0438 \u043d\u0430 \u0432\u0438\u043d\u043e\u0442\u043e.","og_url":"https:\/\/katarzyna.bg\/pl\/hotel\/degustation\/","og_site_name":"Katarzyna","article_publisher":"https:\/\/www.facebook.com\/katarzynaestate\/","article_modified_time":"2026-04-29T05:52:54+00:00","og_image":[{"width":182,"height":213,"url":"https:\/\/katarzyna.bg\/wp-content\/uploads\/2025\/04\/viber_image_2023-07-12_14-32-43-522-1.png","type":"image\/png"}],"twitter_card":"summary_large_image","twitter_misc":{"Szacowany czas czytania":"1 minuta"},"schema":{"@context":"https:\/\/schema.org","@graph":[{"@type":"WebPage","@id":"https:\/\/katarzyna.bg\/hotel\/degustation\/","url":"https:\/\/katarzyna.bg\/hotel\/degustation\/","name":"Degustacje win w Katarzyna Estate","isPartOf":{"@id":"https:\/\/katarzyna.bg\/#website"},"primaryImageOfPage":{"@id":"https:\/\/katarzyna.bg\/hotel\/degustation\/#primaryimage"},"image":{"@id":"https:\/\/katarzyna.bg\/hotel\/degustation\/#primaryimage"},"thumbnailUrl":"https:\/\/katarzyna.bg\/wp-content\/uploads\/2025\/04\/viber_image_2023-07-12_14-32-43-522-1.png","datePublished":"2025-04-18T08:14:11+00:00","dateModified":"2026-04-29T05:52:54+00:00","description":"Delektuj si\u0119 wykwintnymi degustacjami w sercu winnicy. To wyj\u0105tkowe, spersonalizowane prze\u017cycie dla koneser\u00f3w i mi\u0142o\u015bnik\u00f3w wina.","breadcrumb":{"@id":"https:\/\/katarzyna.bg\/hotel\/degustation\/#breadcrumb"},"inLanguage":"pl-PL","potentialAction":[{"@type":"ReadAction","target":["https:\/\/katarzyna.bg\/hotel\/degustation\/"]}]},{"@type":"ImageObject","inLanguage":"pl-PL","@id":"https:\/\/katarzyna.bg\/hotel\/degustation\/#primaryimage","url":"https:\/\/katarzyna.bg\/wp-content\/uploads\/2025\/04\/viber_image_2023-07-12_14-32-43-522-1.png","contentUrl":"https:\/\/katarzyna.bg\/wp-content\/uploads\/2025\/04\/viber_image_2023-07-12_14-32-43-522-1.png"},{"@type":"BreadcrumbList","@id":"https:\/\/katarzyna.bg\/hotel\/degustation\/#breadcrumb","itemListElement":[{"@type":"ListItem","position":1,"name":"\u041d\u0430\u0447\u0430\u043b\u043e","item":"https:\/\/katarzyna.bg\/"},{"@type":"ListItem","position":2,"name":"\u0425\u043e\u0442\u0435\u043b","item":"https:\/\/katarzyna.bg\/hotel\/"},{"@type":"ListItem","position":3,"name":"\u0414\u0435\u0433\u0443\u0441\u0442\u0430\u0446\u0438\u0438"}]},{"@type":"WebSite","@id":"https:\/\/katarzyna.bg\/#website","url":"https:\/\/katarzyna.bg\/","name":"Katarzyna","description":"Katarzyna","publisher":{"@id":"https:\/\/katarzyna.bg\/#organization"},"potentialAction":[{"@type":"SearchAction","target":{"@type":"EntryPoint","urlTemplate":"https:\/\/katarzyna.bg\/?s={search_term_string}"},"query-input":{"@type":"PropertyValueSpecification","valueRequired":true,"valueName":"search_term_string"}}],"inLanguage":"pl-PL"},{"@type":"Organization","@id":"https:\/\/katarzyna.bg\/#organization","name":"Katarzyna Estate","url":"https:\/\/katarzyna.bg\/","logo":{"@type":"ImageObject","inLanguage":"pl-PL","@id":"https:\/\/katarzyna.bg\/#\/schema\/logo\/image\/","url":"https:\/\/katarzyna.bg\/wp-content\/uploads\/2025\/03\/cropped-logo_grey-e1668669109649.png.webp","contentUrl":"https:\/\/katarzyna.bg\/wp-content\/uploads\/2025\/03\/cropped-logo_grey-e1668669109649.png.webp","width":512,"height":512,"caption":"Katarzyna Estate"},"image":{"@id":"https:\/\/katarzyna.bg\/#\/schema\/logo\/image\/"},"sameAs":["https:\/\/www.facebook.com\/katarzynaestate\/"]}]}},"_links":{"self":[{"href":"https:\/\/katarzyna.bg\/pl\/wp-json\/wp\/v2\/pages\/26162","targetHints":{"allow":["GET"]}}],"collection":[{"href":"https:\/\/katarzyna.bg\/pl\/wp-json\/wp\/v2\/pages"}],"about":[{"href":"https:\/\/katarzyna.bg\/pl\/wp-json\/wp\/v2\/types\/page"}],"author":[{"embeddable":true,"href":"https:\/\/katarzyna.bg\/pl\/wp-json\/wp\/v2\/users\/1"}],"replies":[{"embeddable":true,"href":"https:\/\/katarzyna.bg\/pl\/wp-json\/wp\/v2\/comments?post=26162"}],"version-history":[{"count":25,"href":"https:\/\/katarzyna.bg\/pl\/wp-json\/wp\/v2\/pages\/26162\/revisions"}],"predecessor-version":[{"id":32177,"href":"https:\/\/katarzyna.bg\/pl\/wp-json\/wp\/v2\/pages\/26162\/revisions\/32177"}],"up":[{"embeddable":true,"href":"https:\/\/katarzyna.bg\/pl\/wp-json\/wp\/v2\/pages\/25716"}],"wp:attachment":[{"href":"https:\/\/katarzyna.bg\/pl\/wp-json\/wp\/v2\/media?parent=26162"}],"curies":[{"name":"wp","href":"https:\/\/api.w.org\/{rel}","templated":true}]}}