{"id":26670,"date":"2025-04-30T06:55:56","date_gmt":"2025-04-30T06:55:56","guid":{"rendered":"https:\/\/new.katarzyna.bg\/?page_id=26670"},"modified":"2025-07-25T10:58:33","modified_gmt":"2025-07-25T10:58:33","slug":"shop-hotel","status":"publish","type":"page","link":"https:\/\/katarzyna.bg\/pl\/hotel\/shop-hotel\/","title":{"rendered":"\u041c\u0430\u0433\u0430\u0437\u0438\u043d \u0425\u043e\u0442\u0435\u043b"},"content":{"rendered":"<div data-elementor-type=\"wp-page\" data-elementor-id=\"26670\" class=\"elementor elementor-26670\" data-elementor-post-type=\"page\">\n\t\t\t\t\t\t<section class=\"elementor-section elementor-top-section elementor-element elementor-element-601e422 elementor-section-full_width elementor-section-height-min-height elementor-section-items-stretch elementor-section-height-default\" data-id=\"601e422\" data-element_type=\"section\" data-settings=\"{&quot;background_background&quot;:&quot;classic&quot;}\">\n\t\t\t\t\t\t<div class=\"elementor-container elementor-column-gap-default\">\n\t\t\t\t\t<div class=\"elementor-column elementor-col-50 elementor-top-column elementor-element elementor-element-b36554a\" data-id=\"b36554a\" data-element_type=\"column\" data-settings=\"{&quot;background_background&quot;:&quot;classic&quot;}\">\n\t\t\t<div class=\"elementor-widget-wrap\">\n\t\t\t\t\t\t\t<\/div>\n\t\t<\/div>\n\t\t\t\t<div class=\"elementor-column elementor-col-50 elementor-top-column elementor-element elementor-element-2c103b5\" data-id=\"2c103b5\" data-element_type=\"column\">\n\t\t\t<div class=\"elementor-widget-wrap elementor-element-populated\">\n\t\t\t\t\t\t<section class=\"elementor-section elementor-inner-section elementor-element elementor-element-d519659 elementor-section-boxed elementor-section-height-default elementor-section-height-default\" data-id=\"d519659\" data-element_type=\"section\">\n\t\t\t\t\t\t<div class=\"elementor-container elementor-column-gap-default\">\n\t\t\t\t\t<div class=\"elementor-column elementor-col-100 elementor-inner-column elementor-element elementor-element-7b706f0\" data-id=\"7b706f0\" data-element_type=\"column\">\n\t\t\t<div class=\"elementor-widget-wrap elementor-element-populated\">\n\t\t\t\t\t\t<div class=\"elementor-element elementor-element-2a569f0 elementor-widget elementor-widget-heading\" data-id=\"2a569f0\" data-element_type=\"widget\" data-widget_type=\"heading.default\">\n\t\t\t\t<div class=\"elementor-widget-container\">\n\t\t\t\t\t<h1 class=\"elementor-heading-title elementor-size-default\">Sklep w hotelu\n<\/h1>\t\t\t\t<\/div>\n\t\t\t\t<\/div>\n\t\t\t\t<div class=\"elementor-element elementor-element-a7f2a1e elementor-widget-divider--view-line elementor-widget elementor-widget-divider\" data-id=\"a7f2a1e\" data-element_type=\"widget\" data-widget_type=\"divider.default\">\n\t\t\t\t<div class=\"elementor-widget-container\">\n\t\t\t\t\t\t\t<div class=\"elementor-divider\">\n\t\t\t<span class=\"elementor-divider-separator\">\n\t\t\t\t\t\t<\/span>\n\t\t<\/div>\n\t\t\t\t\t\t<\/div>\n\t\t\t\t<\/div>\n\t\t\t\t<div class=\"elementor-element elementor-element-bc78106 elementor-widget elementor-widget-text-editor\" data-id=\"bc78106\" data-element_type=\"widget\" data-widget_type=\"text-editor.default\">\n\t\t\t\t<div class=\"elementor-widget-container\">\n\t\t\t\t\t\t\t\t\t<p><span style=\"font-weight: 400;\">Je\u015bli pobyt w Hotel Katarzyna by\u0142 ekscytuj\u0105cy, je\u015bli emocje, kt\u00f3re odczuwa\u0142e\u015b przy ka\u017cdym kieliszku wina Katarzyna Estate, s\u0105 czym\u015b, co chcesz zabra\u0107 ze sob\u0105 do domu, zapraszamy do odwiedzenia sklepu w naszym hotelu. Znajdziesz w nim, opr\u00f3cz wszystkich znanych marek win, r\u00f3wnie\u017c takie, kt\u00f3re Ci\u0119 zaskocz\u0105 i zachwyc\u0105, poniewa\u017c s\u0105 to partie produkowane wy\u0142\u0105cznie dla go\u015bci naszego hotelu.<\/span><\/p><p><span style=\"font-weight: 400;\">Przedstawiamy Pa\u0144stwu specjaln\u0105 selekcj\u0119 czystych win odmianowych lub mieszanek, w kt\u00f3rych nasi technolodzy staraj\u0105 si\u0119 przede wszystkim odr\u00f3\u017cni\u0107 terroir i jego wp\u0142yw na rozw\u00f3j odmiany.<\/span><\/p><p><span style=\"font-weight: 400;\">G\u0142\u00f3wnym zadaniem naszego zespo\u0142u jest wyra\u017canie to\u017csamo\u015bci naszego s\u0105siedztwa i ujawnianie<\/span><\/p><p><span style=\"font-weight: 400;\">jako\u015b\u0107 winogron uprawianych w warunkach naszego terroir.\u00a0<\/span><\/p>\t\t\t\t\t\t\t\t<\/div>\n\t\t\t\t<\/div>\n\t\t\t\t<div class=\"elementor-element elementor-element-2722367 elementor-align-left elementor-widget elementor-widget-button\" data-id=\"2722367\" data-element_type=\"widget\" data-widget_type=\"button.default\">\n\t\t\t\t<div class=\"elementor-widget-container\">\n\t\t\t\t\t\t\t\t\t<div class=\"elementor-button-wrapper\">\n\t\t\t\t\t<a class=\"elementor-button elementor-button-link elementor-size-md\" href=\"https:\/\/katarzyna.bg\/wp-content\/uploads\/2025\/04\/special-wine-list__bg.pdf\">\n\t\t\t\t\t\t<span class=\"elementor-button-content-wrapper\">\n\t\t\t\t\t\t\t\t\t<span class=\"elementor-button-text\">WINA SPECJALNE<\/span>\n\t\t\t\t\t<\/span>\n\t\t\t\t\t<\/a>\n\t\t\t\t<\/div>\n\t\t\t\t\t\t\t\t<\/div>\n\t\t\t\t<\/div>\n\t\t\t\t\t<\/div>\n\t\t<\/div>\n\t\t\t\t\t<\/div>\n\t\t<\/section>\n\t\t\t\t\t<\/div>\n\t\t<\/div>\n\t\t\t\t\t<\/div>\n\t\t<\/section>\n\t\t\t\t<section class=\"elementor-section elementor-top-section elementor-element elementor-element-68537fd6 elementor-section-boxed elementor-section-height-default elementor-section-height-default\" data-id=\"68537fd6\" data-element_type=\"section\">\n\t\t\t\t\t\t<div class=\"elementor-container elementor-column-gap-default\">\n\t\t\t\t\t<div class=\"elementor-column elementor-col-100 elementor-top-column elementor-element elementor-element-2d6685df\" data-id=\"2d6685df\" data-element_type=\"column\">\n\t\t\t<div class=\"elementor-widget-wrap elementor-element-populated\">\n\t\t\t\t\t\t<div class=\"elementor-element elementor-element-6ee7d635 elementor-widget elementor-widget-gallery\" data-id=\"6ee7d635\" data-element_type=\"widget\" data-settings=\"{&quot;columns&quot;:2,&quot;aspect_ratio&quot;:&quot;1:1&quot;,&quot;lazyload&quot;:&quot;yes&quot;,&quot;gallery_layout&quot;:&quot;grid&quot;,&quot;columns_tablet&quot;:2,&quot;columns_mobile&quot;:1,&quot;gap&quot;:{&quot;unit&quot;:&quot;px&quot;,&quot;size&quot;:10,&quot;sizes&quot;:[]},&quot;gap_tablet&quot;:{&quot;unit&quot;:&quot;px&quot;,&quot;size&quot;:10,&quot;sizes&quot;:[]},&quot;gap_mobile&quot;:{&quot;unit&quot;:&quot;px&quot;,&quot;size&quot;:10,&quot;sizes&quot;:[]},&quot;link_to&quot;:&quot;file&quot;,&quot;overlay_background&quot;:&quot;yes&quot;,&quot;content_hover_animation&quot;:&quot;fade-in&quot;}\" data-widget_type=\"gallery.default\">\n\t\t\t\t<div class=\"elementor-widget-container\">\n\t\t\t\t\t\t\t<div class=\"elementor-gallery__container\">\n\t\t\t\t\t\t\t<a class=\"e-gallery-item elementor-gallery-item elementor-animated-content\" href=\"https:\/\/katarzyna.bg\/wp-content\/uploads\/2025\/04\/688A6748-scaled.jpg\" data-elementor-open-lightbox=\"yes\" data-elementor-lightbox-slideshow=\"6ee7d635\" data-elementor-lightbox-title=\"688A6748\" data-e-action-hash=\"#elementor-action%3Aaction%3Dlightbox%26settings%3DeyJpZCI6MjY2NzksInVybCI6Imh0dHBzOlwvXC9rYXRhcnp5bmEuYmdcL3dwLWNvbnRlbnRcL3VwbG9hZHNcLzIwMjVcLzA0XC82ODhBNjc0OC1zY2FsZWQuanBnIiwic2xpZGVzaG93IjoiNmVlN2Q2MzUifQ%3D%3D\">\n\t\t\t\t\t<div class=\"e-gallery-image elementor-gallery-item__image\" data-thumbnail=\"https:\/\/katarzyna.bg\/wp-content\/uploads\/2025\/04\/688A6748-768x1152.jpg\" data-width=\"768\" data-height=\"1152\" aria-label=\"\" role=\"img\" ><\/div>\n\t\t\t\t\t\t\t\t\t\t\t<div class=\"elementor-gallery-item__overlay\"><\/div>\n\t\t\t\t\t\t\t\t\t\t\t\t\t\t<\/a>\n\t\t\t\t\t\t\t<a class=\"e-gallery-item elementor-gallery-item elementor-animated-content\" href=\"https:\/\/katarzyna.bg\/wp-content\/uploads\/2025\/04\/688A7240-scaled.jpg\" data-elementor-open-lightbox=\"yes\" data-elementor-lightbox-slideshow=\"6ee7d635\" data-elementor-lightbox-title=\"688A7240\" data-e-action-hash=\"#elementor-action%3Aaction%3Dlightbox%26settings%3DeyJpZCI6MjY2NzgsInVybCI6Imh0dHBzOlwvXC9rYXRhcnp5bmEuYmdcL3dwLWNvbnRlbnRcL3VwbG9hZHNcLzIwMjVcLzA0XC82ODhBNzI0MC1zY2FsZWQuanBnIiwic2xpZGVzaG93IjoiNmVlN2Q2MzUifQ%3D%3D\">\n\t\t\t\t\t<div class=\"e-gallery-image elementor-gallery-item__image\" data-thumbnail=\"https:\/\/katarzyna.bg\/wp-content\/uploads\/2025\/04\/688A7240-768x563.jpg\" data-width=\"768\" data-height=\"563\" aria-label=\"\" role=\"img\" ><\/div>\n\t\t\t\t\t\t\t\t\t\t\t<div class=\"elementor-gallery-item__overlay\"><\/div>\n\t\t\t\t\t\t\t\t\t\t\t\t\t\t<\/a>\n\t\t\t\t\t\t\t<a class=\"e-gallery-item elementor-gallery-item elementor-animated-content\" href=\"https:\/\/katarzyna.bg\/wp-content\/uploads\/2025\/04\/VBE_7962-scaled.jpg\" data-elementor-open-lightbox=\"yes\" data-elementor-lightbox-slideshow=\"6ee7d635\" data-elementor-lightbox-title=\"VBE_7962\" data-e-action-hash=\"#elementor-action%3Aaction%3Dlightbox%26settings%3DeyJpZCI6MjY2NzQsInVybCI6Imh0dHBzOlwvXC9rYXRhcnp5bmEuYmdcL3dwLWNvbnRlbnRcL3VwbG9hZHNcLzIwMjVcLzA0XC9WQkVfNzk2Mi1zY2FsZWQuanBnIiwic2xpZGVzaG93IjoiNmVlN2Q2MzUifQ%3D%3D\">\n\t\t\t\t\t<div class=\"e-gallery-image elementor-gallery-item__image\" data-thumbnail=\"https:\/\/katarzyna.bg\/wp-content\/uploads\/2025\/04\/VBE_7962-768x1154.jpg\" data-width=\"768\" data-height=\"1154\" aria-label=\"\" role=\"img\" ><\/div>\n\t\t\t\t\t\t\t\t\t\t\t<div class=\"elementor-gallery-item__overlay\"><\/div>\n\t\t\t\t\t\t\t\t\t\t\t\t\t\t<\/a>\n\t\t\t\t\t\t\t<a class=\"e-gallery-item elementor-gallery-item elementor-animated-content\" href=\"https:\/\/katarzyna.bg\/wp-content\/uploads\/2025\/04\/VBE_7946-scaled.jpg\" data-elementor-open-lightbox=\"yes\" data-elementor-lightbox-slideshow=\"6ee7d635\" data-elementor-lightbox-title=\"VBE_7946\" data-e-action-hash=\"#elementor-action%3Aaction%3Dlightbox%26settings%3DeyJpZCI6MjY2ODAsInVybCI6Imh0dHBzOlwvXC9rYXRhcnp5bmEuYmdcL3dwLWNvbnRlbnRcL3VwbG9hZHNcLzIwMjVcLzA0XC9WQkVfNzk0Ni1zY2FsZWQuanBnIiwic2xpZGVzaG93IjoiNmVlN2Q2MzUifQ%3D%3D\">\n\t\t\t\t\t<div class=\"e-gallery-image elementor-gallery-item__image\" data-thumbnail=\"https:\/\/katarzyna.bg\/wp-content\/uploads\/2025\/04\/VBE_7946-768x511.jpg\" data-width=\"768\" data-height=\"511\" aria-label=\"\" role=\"img\" ><\/div>\n\t\t\t\t\t\t\t\t\t\t\t<div class=\"elementor-gallery-item__overlay\"><\/div>\n\t\t\t\t\t\t\t\t\t\t\t\t\t\t<\/a>\n\t\t\t\t\t<\/div>\n\t\t\t\t\t<\/div>\n\t\t\t\t<\/div>\n\t\t\t\t\t<\/div>\n\t\t<\/div>\n\t\t\t\t\t<\/div>\n\t\t<\/section>\n\t\t\t\t<\/div>","protected":false},"excerpt":{"rendered":"<p>\u041c\u0430\u0433\u0430\u0437\u0438\u043d \u0432 \u0445\u043e\u0442\u0435\u043b\u0430 \u0410\u043a\u043e \u043f\u0440\u0435\u0441\u0442\u043e\u044f\u0442 \u0432\u0438 \u0432 \u0425\u043e\u0442\u0435\u043b \u041a\u0430\u0442\u0430\u0440\u0436\u0438\u043d\u0430 \u0435 \u0431\u0438\u043b \u0432\u044a\u043b\u043d\u0443\u0432\u0430\u0448, \u0430\u043a\u043e \u0435\u043c\u043e\u0446\u0438\u0438\u0442\u0435, \u043a\u043e\u0438\u0442\u043e \u0441\u0442\u0435 \u0443\u0441\u0435\u0442\u0438\u043b\u0438 \u0432\u044a\u0432 \u0432\u0441\u044f\u043a\u0430 \u0447\u0430\u0448\u0430 \u0432\u0438\u043d\u043e \u043d\u0430 Katarzyna Estate \u0441\u0430 \u043d\u0435\u0449\u043e, \u043a\u043e\u0435\u0442\u043e \u0438\u0441\u043a\u0430\u0442\u0435 \u0434\u0430 \u043e\u0442\u043d\u0435\u0441\u0435\u0442\u0435 \u0441\u044a\u0441 \u0441\u0435\u0431\u0435 \u0441\u0438 \u0443 \u0434\u043e\u043c\u0430, \u0432\u0438 \u043a\u0430\u043d\u0438\u043c \u0434\u0430 \u0440\u0430\u0437\u0433\u043b\u0435\u0434\u0430\u0442\u0435 \u043c\u0430\u0433\u0430\u0437\u0438\u043d\u0430 \u0432 \u0445\u043e\u0442\u0435\u043b\u0430 \u043d\u0438. \u0412 \u043d\u0435\u0433\u043e \u0449\u0435 \u043e\u0442\u043a\u0440\u0438\u0435\u0442\u0435 \u043e\u0441\u0432\u0435\u043d \u0432\u0441\u0438\u0447\u043a\u0438 \u043f\u043e\u0437\u043d\u0430\u0442\u0438 \u043c\u0430\u0440\u043a\u0438 \u0432\u0438\u043d\u0430 \u0438 \u0442\u0430\u043a\u0438\u0432\u0430, \u043a\u043e\u0438\u0442\u043e [&hellip;]<\/p>","protected":false},"author":1,"featured_media":0,"parent":25716,"menu_order":0,"comment_status":"closed","ping_status":"closed","template":"elementor_header_footer","meta":{"footnotes":""},"class_list":["post-26670","page","type-page","status-publish","hentry"],"yoast_head":"<!-- This site is optimized with the Yoast SEO plugin v27.1.1 - https:\/\/yoast.com\/product\/yoast-seo-wordpress\/ -->\n<title>\u0425\u043e\u0442\u0435\u043b\u0441\u043a\u0438 \u043c\u0430\u0433\u0430\u0437\u0438\u043d \u2013 \u0412\u0438\u043d\u0430 \u0438 \u0441\u0443\u0432\u0435\u043d\u0438\u0440\u0438 | \u0425\u043e\u0442\u0435\u043b \u041a\u0430\u0442\u0430\u0440\u0436\u0438\u043d\u0430<\/title>\n<meta name=\"description\" content=\"\u0420\u0430\u0437\u0433\u043b\u0435\u0434\u0430\u0439\u0442\u0435 \u0431\u0443\u0442\u0438\u043a\u043e\u0432\u0438\u044f \u043c\u0430\u0433\u0430\u0437\u0438\u043d \u043d\u0430 \u0425\u043e\u0442\u0435\u043b \u041a\u0430\u0442\u0430\u0440\u0436\u0438\u043d\u0430 \u2013 \u0441\u0435\u043b\u0435\u043a\u0446\u0438\u044f \u043e\u0442 \u0432\u0438\u043d\u0430, \u0430\u043a\u0441\u0435\u0441\u043e\u0430\u0440\u0438 \u0438 \u0435\u043b\u0435\u0433\u0430\u043d\u0442\u043d\u0438 \u043f\u043e\u0434\u0430\u0440\u044a\u0446\u0438 \u0437\u0430 \u0446\u0435\u043d\u0438\u0442\u0435\u043b\u0438.\" \/>\n<meta name=\"robots\" content=\"index, follow, max-snippet:-1, max-image-preview:large, max-video-preview:-1\" \/>\n<link rel=\"canonical\" href=\"https:\/\/katarzyna.bg\/pl\/hotel\/shop-hotel\/\" \/>\n<meta property=\"og:locale\" content=\"pl_PL\" \/>\n<meta property=\"og:type\" content=\"article\" \/>\n<meta property=\"og:title\" content=\"\u0425\u043e\u0442\u0435\u043b\u0441\u043a\u0438 \u043c\u0430\u0433\u0430\u0437\u0438\u043d \u2013 \u0412\u0438\u043d\u0430 \u0438 \u0441\u0443\u0432\u0435\u043d\u0438\u0440\u0438 | \u0425\u043e\u0442\u0435\u043b \u041a\u0430\u0442\u0430\u0440\u0436\u0438\u043d\u0430\" \/>\n<meta property=\"og:description\" content=\"\u0420\u0430\u0437\u0433\u043b\u0435\u0434\u0430\u0439\u0442\u0435 \u0431\u0443\u0442\u0438\u043a\u043e\u0432\u0438\u044f \u043c\u0430\u0433\u0430\u0437\u0438\u043d \u043d\u0430 \u0425\u043e\u0442\u0435\u043b \u041a\u0430\u0442\u0430\u0440\u0436\u0438\u043d\u0430 \u2013 \u0441\u0435\u043b\u0435\u043a\u0446\u0438\u044f \u043e\u0442 \u0432\u0438\u043d\u0430, \u0430\u043a\u0441\u0435\u0441\u043e\u0430\u0440\u0438 \u0438 \u0435\u043b\u0435\u0433\u0430\u043d\u0442\u043d\u0438 \u043f\u043e\u0434\u0430\u0440\u044a\u0446\u0438 \u0437\u0430 \u0446\u0435\u043d\u0438\u0442\u0435\u043b\u0438.\" \/>\n<meta property=\"og:url\" content=\"https:\/\/katarzyna.bg\/pl\/hotel\/shop-hotel\/\" \/>\n<meta property=\"og:site_name\" content=\"Katarzyna\" \/>\n<meta property=\"article:publisher\" content=\"https:\/\/www.facebook.com\/katarzynaestate\/\" \/>\n<meta property=\"article:modified_time\" content=\"2025-07-25T10:58:33+00:00\" \/>\n<meta name=\"twitter:card\" content=\"summary_large_image\" \/>\n<meta name=\"twitter:label1\" content=\"Szacowany czas czytania\" \/>\n\t<meta name=\"twitter:data1\" content=\"1 minuta\" \/>\n<script type=\"application\/ld+json\" class=\"yoast-schema-graph\">{\"@context\":\"https:\/\/schema.org\",\"@graph\":[{\"@type\":\"WebPage\",\"@id\":\"https:\/\/katarzyna.bg\/hotel\/shop-hotel\/\",\"url\":\"https:\/\/katarzyna.bg\/hotel\/shop-hotel\/\",\"name\":\"\u0425\u043e\u0442\u0435\u043b\u0441\u043a\u0438 \u043c\u0430\u0433\u0430\u0437\u0438\u043d \u2013 \u0412\u0438\u043d\u0430 \u0438 \u0441\u0443\u0432\u0435\u043d\u0438\u0440\u0438 | \u0425\u043e\u0442\u0435\u043b \u041a\u0430\u0442\u0430\u0440\u0436\u0438\u043d\u0430\",\"isPartOf\":{\"@id\":\"https:\/\/katarzyna.bg\/#website\"},\"datePublished\":\"2025-04-30T06:55:56+00:00\",\"dateModified\":\"2025-07-25T10:58:33+00:00\",\"description\":\"\u0420\u0430\u0437\u0433\u043b\u0435\u0434\u0430\u0439\u0442\u0435 \u0431\u0443\u0442\u0438\u043a\u043e\u0432\u0438\u044f \u043c\u0430\u0433\u0430\u0437\u0438\u043d \u043d\u0430 \u0425\u043e\u0442\u0435\u043b \u041a\u0430\u0442\u0430\u0440\u0436\u0438\u043d\u0430 \u2013 \u0441\u0435\u043b\u0435\u043a\u0446\u0438\u044f \u043e\u0442 \u0432\u0438\u043d\u0430, \u0430\u043a\u0441\u0435\u0441\u043e\u0430\u0440\u0438 \u0438 \u0435\u043b\u0435\u0433\u0430\u043d\u0442\u043d\u0438 \u043f\u043e\u0434\u0430\u0440\u044a\u0446\u0438 \u0437\u0430 \u0446\u0435\u043d\u0438\u0442\u0435\u043b\u0438.\",\"breadcrumb\":{\"@id\":\"https:\/\/katarzyna.bg\/hotel\/shop-hotel\/#breadcrumb\"},\"inLanguage\":\"pl-PL\",\"potentialAction\":[{\"@type\":\"ReadAction\",\"target\":[\"https:\/\/katarzyna.bg\/hotel\/shop-hotel\/\"]}]},{\"@type\":\"BreadcrumbList\",\"@id\":\"https:\/\/katarzyna.bg\/hotel\/shop-hotel\/#breadcrumb\",\"itemListElement\":[{\"@type\":\"ListItem\",\"position\":1,\"name\":\"\u041d\u0430\u0447\u0430\u043b\u043e\",\"item\":\"https:\/\/katarzyna.bg\/\"},{\"@type\":\"ListItem\",\"position\":2,\"name\":\"\u0425\u043e\u0442\u0435\u043b\",\"item\":\"https:\/\/katarzyna.bg\/hotel\/\"},{\"@type\":\"ListItem\",\"position\":3,\"name\":\"\u041c\u0430\u0433\u0430\u0437\u0438\u043d \u0425\u043e\u0442\u0435\u043b\"}]},{\"@type\":\"WebSite\",\"@id\":\"https:\/\/katarzyna.bg\/#website\",\"url\":\"https:\/\/katarzyna.bg\/\",\"name\":\"Katarzyna\",\"description\":\"Katarzyna\",\"publisher\":{\"@id\":\"https:\/\/katarzyna.bg\/#organization\"},\"potentialAction\":[{\"@type\":\"SearchAction\",\"target\":{\"@type\":\"EntryPoint\",\"urlTemplate\":\"https:\/\/katarzyna.bg\/?s={search_term_string}\"},\"query-input\":{\"@type\":\"PropertyValueSpecification\",\"valueRequired\":true,\"valueName\":\"search_term_string\"}}],\"inLanguage\":\"pl-PL\"},{\"@type\":\"Organization\",\"@id\":\"https:\/\/katarzyna.bg\/#organization\",\"name\":\"Katarzyna Estate\",\"url\":\"https:\/\/katarzyna.bg\/\",\"logo\":{\"@type\":\"ImageObject\",\"inLanguage\":\"pl-PL\",\"@id\":\"https:\/\/katarzyna.bg\/#\/schema\/logo\/image\/\",\"url\":\"https:\/\/katarzyna.bg\/wp-content\/uploads\/2025\/03\/cropped-logo_grey-e1668669109649.png.webp\",\"contentUrl\":\"https:\/\/katarzyna.bg\/wp-content\/uploads\/2025\/03\/cropped-logo_grey-e1668669109649.png.webp\",\"width\":512,\"height\":512,\"caption\":\"Katarzyna Estate\"},\"image\":{\"@id\":\"https:\/\/katarzyna.bg\/#\/schema\/logo\/image\/\"},\"sameAs\":[\"https:\/\/www.facebook.com\/katarzynaestate\/\"]}]}<\/script>\n<!-- \/ Yoast SEO plugin. -->","yoast_head_json":{"title":"Sklep hotelowy \u2013 Wina i pami\u0105tki | Hotel Katarzyna","description":"Odkryj butikowy sklep Hotelu Katarzyna \u2014 wyb\u00f3r win, akcesori\u00f3w oraz eleganckich prezent\u00f3w dla koneser\u00f3w.","robots":{"index":"index","follow":"follow","max-snippet":"max-snippet:-1","max-image-preview":"max-image-preview:large","max-video-preview":"max-video-preview:-1"},"canonical":"https:\/\/katarzyna.bg\/pl\/hotel\/shop-hotel\/","og_locale":"pl_PL","og_type":"article","og_title":"\u0425\u043e\u0442\u0435\u043b\u0441\u043a\u0438 \u043c\u0430\u0433\u0430\u0437\u0438\u043d \u2013 \u0412\u0438\u043d\u0430 \u0438 \u0441\u0443\u0432\u0435\u043d\u0438\u0440\u0438 | \u0425\u043e\u0442\u0435\u043b \u041a\u0430\u0442\u0430\u0440\u0436\u0438\u043d\u0430","og_description":"\u0420\u0430\u0437\u0433\u043b\u0435\u0434\u0430\u0439\u0442\u0435 \u0431\u0443\u0442\u0438\u043a\u043e\u0432\u0438\u044f \u043c\u0430\u0433\u0430\u0437\u0438\u043d \u043d\u0430 \u0425\u043e\u0442\u0435\u043b \u041a\u0430\u0442\u0430\u0440\u0436\u0438\u043d\u0430 \u2013 \u0441\u0435\u043b\u0435\u043a\u0446\u0438\u044f \u043e\u0442 \u0432\u0438\u043d\u0430, \u0430\u043a\u0441\u0435\u0441\u043e\u0430\u0440\u0438 \u0438 \u0435\u043b\u0435\u0433\u0430\u043d\u0442\u043d\u0438 \u043f\u043e\u0434\u0430\u0440\u044a\u0446\u0438 \u0437\u0430 \u0446\u0435\u043d\u0438\u0442\u0435\u043b\u0438.","og_url":"https:\/\/katarzyna.bg\/pl\/hotel\/shop-hotel\/","og_site_name":"Katarzyna","article_publisher":"https:\/\/www.facebook.com\/katarzynaestate\/","article_modified_time":"2025-07-25T10:58:33+00:00","twitter_card":"summary_large_image","twitter_misc":{"Szacowany czas czytania":"1 minuta"},"schema":{"@context":"https:\/\/schema.org","@graph":[{"@type":"WebPage","@id":"https:\/\/katarzyna.bg\/hotel\/shop-hotel\/","url":"https:\/\/katarzyna.bg\/hotel\/shop-hotel\/","name":"Sklep hotelowy \u2013 Wina i pami\u0105tki | Hotel Katarzyna","isPartOf":{"@id":"https:\/\/katarzyna.bg\/#website"},"datePublished":"2025-04-30T06:55:56+00:00","dateModified":"2025-07-25T10:58:33+00:00","description":"Odkryj butikowy sklep Hotelu Katarzyna \u2014 wyb\u00f3r win, akcesori\u00f3w oraz eleganckich prezent\u00f3w dla koneser\u00f3w.","breadcrumb":{"@id":"https:\/\/katarzyna.bg\/hotel\/shop-hotel\/#breadcrumb"},"inLanguage":"pl-PL","potentialAction":[{"@type":"ReadAction","target":["https:\/\/katarzyna.bg\/hotel\/shop-hotel\/"]}]},{"@type":"BreadcrumbList","@id":"https:\/\/katarzyna.bg\/hotel\/shop-hotel\/#breadcrumb","itemListElement":[{"@type":"ListItem","position":1,"name":"\u041d\u0430\u0447\u0430\u043b\u043e","item":"https:\/\/katarzyna.bg\/"},{"@type":"ListItem","position":2,"name":"\u0425\u043e\u0442\u0435\u043b","item":"https:\/\/katarzyna.bg\/hotel\/"},{"@type":"ListItem","position":3,"name":"\u041c\u0430\u0433\u0430\u0437\u0438\u043d \u0425\u043e\u0442\u0435\u043b"}]},{"@type":"WebSite","@id":"https:\/\/katarzyna.bg\/#website","url":"https:\/\/katarzyna.bg\/","name":"Katarzyna","description":"Katarzyna","publisher":{"@id":"https:\/\/katarzyna.bg\/#organization"},"potentialAction":[{"@type":"SearchAction","target":{"@type":"EntryPoint","urlTemplate":"https:\/\/katarzyna.bg\/?s={search_term_string}"},"query-input":{"@type":"PropertyValueSpecification","valueRequired":true,"valueName":"search_term_string"}}],"inLanguage":"pl-PL"},{"@type":"Organization","@id":"https:\/\/katarzyna.bg\/#organization","name":"Katarzyna Estate","url":"https:\/\/katarzyna.bg\/","logo":{"@type":"ImageObject","inLanguage":"pl-PL","@id":"https:\/\/katarzyna.bg\/#\/schema\/logo\/image\/","url":"https:\/\/katarzyna.bg\/wp-content\/uploads\/2025\/03\/cropped-logo_grey-e1668669109649.png.webp","contentUrl":"https:\/\/katarzyna.bg\/wp-content\/uploads\/2025\/03\/cropped-logo_grey-e1668669109649.png.webp","width":512,"height":512,"caption":"Katarzyna Estate"},"image":{"@id":"https:\/\/katarzyna.bg\/#\/schema\/logo\/image\/"},"sameAs":["https:\/\/www.facebook.com\/katarzynaestate\/"]}]}},"_links":{"self":[{"href":"https:\/\/katarzyna.bg\/pl\/wp-json\/wp\/v2\/pages\/26670","targetHints":{"allow":["GET"]}}],"collection":[{"href":"https:\/\/katarzyna.bg\/pl\/wp-json\/wp\/v2\/pages"}],"about":[{"href":"https:\/\/katarzyna.bg\/pl\/wp-json\/wp\/v2\/types\/page"}],"author":[{"embeddable":true,"href":"https:\/\/katarzyna.bg\/pl\/wp-json\/wp\/v2\/users\/1"}],"replies":[{"embeddable":true,"href":"https:\/\/katarzyna.bg\/pl\/wp-json\/wp\/v2\/comments?post=26670"}],"version-history":[{"count":10,"href":"https:\/\/katarzyna.bg\/pl\/wp-json\/wp\/v2\/pages\/26670\/revisions"}],"predecessor-version":[{"id":28299,"href":"https:\/\/katarzyna.bg\/pl\/wp-json\/wp\/v2\/pages\/26670\/revisions\/28299"}],"up":[{"embeddable":true,"href":"https:\/\/katarzyna.bg\/pl\/wp-json\/wp\/v2\/pages\/25716"}],"wp:attachment":[{"href":"https:\/\/katarzyna.bg\/pl\/wp-json\/wp\/v2\/media?parent=26670"}],"curies":[{"name":"wp","href":"https:\/\/api.w.org\/{rel}","templated":true}]}}