{"id":27050,"date":"2025-05-14T09:54:21","date_gmt":"2025-05-14T09:54:21","guid":{"rendered":"https:\/\/new.katarzyna.bg\/?page_id=27050"},"modified":"2026-03-26T00:06:03","modified_gmt":"2026-03-25T22:06:03","slug":"vineno-byagstvo","status":"publish","type":"page","link":"https:\/\/katarzyna.bg\/pl\/hotel\/reserve\/vineno-byagstvo\/","title":{"rendered":"PAKIET TYGODNIOWY"},"content":{"rendered":"<div data-elementor-type=\"wp-page\" data-elementor-id=\"27050\" class=\"elementor elementor-27050\" data-elementor-post-type=\"page\">\n\t\t\t\t<div class=\"elementor-element elementor-element-9418a1f e-flex e-con-boxed e-con e-parent\" data-id=\"9418a1f\" data-element_type=\"container\">\n\t\t\t\t\t<div class=\"e-con-inner\">\n\t\t<div class=\"elementor-element elementor-element-37c665c e-con-full e-flex e-con e-child\" data-id=\"37c665c\" data-element_type=\"container\">\n\t\t\t\t<div class=\"elementor-element elementor-element-da92db6 elementor-widget elementor-widget-woocommerce-breadcrumb\" data-id=\"da92db6\" data-element_type=\"widget\" data-widget_type=\"woocommerce-breadcrumb.default\">\n\t\t\t\t<div class=\"elementor-widget-container\">\n\t\t\t\t\t<nav class=\"woocommerce-breadcrumb\" aria-label=\"Breadcrumb\" data-no-translation=\"\" data-trp-gettext=\"\">Dom<\/nav>\t\t\t\t<\/div>\n\t\t\t\t<\/div>\n\t\t\t\t<div class=\"elementor-element elementor-element-eb92b44 elementor-widget elementor-widget-heading\" data-id=\"eb92b44\" data-element_type=\"widget\" data-widget_type=\"heading.default\">\n\t\t\t\t<div class=\"elementor-widget-container\">\n\t\t\t\t\t<h1 class=\"elementor-heading-title elementor-size-default\">Pakiet w dni powszednie WINNE ODERWANIE OD RZECZYWISTO\u015aCI<\/h1>\t\t\t\t<\/div>\n\t\t\t\t<\/div>\n\t\t\t\t<div class=\"elementor-element elementor-element-78961c6 elementor-widget elementor-widget-text-editor\" data-id=\"78961c6\" data-element_type=\"widget\" data-widget_type=\"text-editor.default\">\n\t\t\t\t<div class=\"elementor-widget-container\">\n\t\t\t\t\t\t\t\t\t<table><tbody><tr><td width=\"90\">RODZAJ POMIESZCZENIA<\/td><td width=\"90\">LICZBA GO\u015aCI<\/td><td width=\"90\">CENA ZA NOC W DNI POWSZEDNIE<\/td><td width=\"110\">PAKIET 3 NOCLEG\u00d3W ZE ZNI\u017bK\u0104<\/td><\/tr><tr><td>Po\u00f3j Standardowy<\/td><td>1+0<\/td><td>189.69 \u20ac\u00a0\/ 371 \u043b\u0432.<\/td><td>512.31 \u20ac\u00a0\/ 1002 \u043b\u0432.<\/td><\/tr><tr><td>Po\u00f3j Standardowy<\/td><td>2+0<\/td><td>237.24 \u20ac\u00a0\/ 464 \u043b\u0432.<\/td><td>641.16 \u20ac\u00a0\/ 1254 \u043b\u0432.<\/td><\/tr><tr><td>Pok\u00f3j Superior<\/td><td>1+0<\/td><td>199.40 \u20ac\u00a0\/ 390 \u043b\u0432.<\/td><td>536.86 \u20ac\u00a0\/ 1050 \u043b\u0432.<\/td><\/tr><tr><td>Pok\u00f3j Superior<\/td><td>2+0<\/td><td>249.51 \u20ac\u00a0\/ 488 \u043b\u0432.<\/td><td>674.91 \u20ac\u00a0\/ 1320 \u043b\u0432.<\/td><\/tr><tr><td>Junior suite<\/td><td>3+0<\/td><td>359.95 \u20ac\u00a0\/ 704 \u043b\u0432.<\/td><td>972.48 \u20ac\u00a0\/ 1902 \u043b\u0432.<\/td><\/tr><tr><td>Royal suite<\/td><td>3+0<\/td><td>400.85 \u20ac\u00a0\/ 784 \u043b\u0432.<\/td><td>1081.38 \u20ac\u00a0\/ 2115 \u043b\u0432.<\/td><\/tr><tr><td>prezydentski apartament<\/td><td>4+0<\/td><td>959.18 \u20ac \/ 1876 \u043b\u0432.<\/td><td>2589.18 \u20ac\u00a0\/ 5064 \u043b\u0432.<\/td><\/tr><tr><td colspan=\"4\">*Ceny dotycz\u0105 ca\u0142ego pokoju zgodnie z podan\u0105 liczb\u0105 go\u015bci<\/td><\/tr><tr><td colspan=\"4\">*Dop\u0142ata za dodatkowe zakwaterowanie dotyczy ca\u0142ego okresu pobytu w ramach pakietu<\/td><\/tr><tr><td>Dziecko poni\u017cej 6 lat<\/td><td colspan=\"3\">bezp\u0142atnie<\/td><\/tr><tr><td>Dziecko 6\u201311,99 roku \u017cycia<\/td><td colspan=\"3\">61.36 \u20ac \/ 120 \u043b\u0432.<\/td><\/tr><tr><td>osoba doros\u0142a<\/td><td colspan=\"3\">122.71 \u20ac \/ 240 \u043b\u0432.<\/td><\/tr><\/tbody><\/table><p>\u00a0<\/p>\t\t\t\t\t\t\t\t<\/div>\n\t\t\t\t<\/div>\n\t\t\t\t<\/div>\n\t\t<div class=\"elementor-element elementor-element-af6a3ed e-con-full e-flex e-con e-child\" data-id=\"af6a3ed\" data-element_type=\"container\">\n\t\t\t\t<div class=\"elementor-element elementor-element-d0d4491 elementor-widget elementor-widget-image\" data-id=\"d0d4491\" data-element_type=\"widget\" data-widget_type=\"image.default\">\n\t\t\t\t<div class=\"elementor-widget-container\">\n\t\t\t\t\t\t\t\t\t\t\t\t\t\t\t<img fetchpriority=\"high\" decoding=\"async\" width=\"800\" height=\"734\" src=\"https:\/\/katarzyna.bg\/wp-content\/uploads\/2025\/07\/wine_paket_small_banner-1024x939.jpg\" class=\"attachment-large size-large wp-image-27898\" alt=\"\" srcset=\"https:\/\/katarzyna.bg\/wp-content\/uploads\/2025\/07\/wine_paket_small_banner-1024x939.jpg 1024w, https:\/\/katarzyna.bg\/wp-content\/uploads\/2025\/07\/wine_paket_small_banner-300x275.jpg 300w, https:\/\/katarzyna.bg\/wp-content\/uploads\/2025\/07\/wine_paket_small_banner-768x704.jpg 768w, https:\/\/katarzyna.bg\/wp-content\/uploads\/2025\/07\/wine_paket_small_banner-13x12.jpg 13w, https:\/\/katarzyna.bg\/wp-content\/uploads\/2025\/07\/wine_paket_small_banner-600x550.jpg 600w, https:\/\/katarzyna.bg\/wp-content\/uploads\/2025\/07\/wine_paket_small_banner.jpg 1200w\" sizes=\"(max-width: 800px) 100vw, 800px\" \/>\t\t\t\t\t\t\t\t\t\t\t\t\t\t\t<\/div>\n\t\t\t\t<\/div>\n\t\t\t\t<div class=\"elementor-element elementor-element-dd36a64 elementor-widget__width-initial elementor-widget elementor-widget-image\" data-id=\"dd36a64\" data-element_type=\"widget\" data-widget_type=\"image.default\">\n\t\t\t\t<div class=\"elementor-widget-container\">\n\t\t\t\t\t\t\t\t\t\t\t\t\t\t\t<img decoding=\"async\" width=\"450\" height=\"172\" src=\"https:\/\/katarzyna.bg\/wp-content\/uploads\/2025\/07\/hotel_katarzyna_brown.png\" class=\"attachment-large size-large wp-image-27808\" alt=\"\" srcset=\"https:\/\/katarzyna.bg\/wp-content\/uploads\/2025\/07\/hotel_katarzyna_brown.png 450w, https:\/\/katarzyna.bg\/wp-content\/uploads\/2025\/07\/hotel_katarzyna_brown-300x115.png 300w, https:\/\/katarzyna.bg\/wp-content\/uploads\/2025\/07\/hotel_katarzyna_brown-18x7.png 18w\" sizes=\"(max-width: 450px) 100vw, 450px\" \/>\t\t\t\t\t\t\t\t\t\t\t\t\t\t\t<\/div>\n\t\t\t\t<\/div>\n\t\t\t\t<\/div>\n\t\t\t\t\t<\/div>\n\t\t\t\t<\/div>\n\t\t<div class=\"elementor-element elementor-element-d3650b5 e-flex e-con-boxed e-con e-parent\" data-id=\"d3650b5\" data-element_type=\"container\">\n\t\t\t\t\t<div class=\"e-con-inner\">\n\t\t\t\t<div class=\"elementor-element elementor-element-e58b4b2 elementor-widget elementor-widget-text-editor\" data-id=\"e58b4b2\" data-element_type=\"widget\" data-widget_type=\"text-editor.default\">\n\t\t\t\t<div class=\"elementor-widget-container\">\n\t\t\t\t\t\t\t\t\t<p>Pakiet obejmuje:<\/p><ul><li>Komplement od HOTELU KATARZYNA `8211; winna wycieczka po  Katarzyna Estate<\/li><li>Komplement od HOTELU KATARZYNA &#8211; DEGUSTACJA dla dw\u00f3ch os\u00f3b z 4 rodzaj\u00f3w win bia\u0142ych<\/li><li>Komplement od HOTELU KATARZYNA &#8211; DEGUSTACJA dla dw\u00f3ch os\u00f3b z 4 rodzaj\u00f3w win czerwonych<\/li><li>Kompliment od HOTELU KATARZYNA \u2013 3 butelki wina CONTEMPLATIONS 0,750 l. do zabrania do domu<\/li><li>Komplement od HOTELU KATARZYNA \u2013 butelka wina na powitanie w pokoju<\/li><li>Drink powitalny z KATARZYNA BRUT<\/li><li>Sniadanie<\/li><li>Korzystanie ze SPA: \u0142a\u017ania parowa, sauna, jacuzzi<\/li><li>Kryty basen typu infinity<\/li><li>Zewn\u0119trzny basen typu infinity<\/li><li>Fitness<\/li><li>K\u0105cik dla dzieci w pomieszczeniu<\/li><li>Pok\u00f3j gier&amp;#8211, tylko dla doros\u0142ych<\/li><li>Parking<\/li><\/ul>\t\t\t\t\t\t\t\t<\/div>\n\t\t\t\t<\/div>\n\t\t\t\t\t<\/div>\n\t\t\t\t<\/div>\n\t\t<div class=\"elementor-element elementor-element-be4d5d8 e-flex e-con-boxed e-con e-parent\" data-id=\"be4d5d8\" data-element_type=\"container\" data-settings=\"{&quot;background_background&quot;:&quot;classic&quot;}\">\n\t\t\t\t\t<div class=\"e-con-inner\">\n\t\t<div class=\"elementor-element elementor-element-32635f3 e-con-full e-flex e-con e-child\" data-id=\"32635f3\" data-element_type=\"container\">\n\t\t\t\t<div class=\"elementor-element elementor-element-5790b47 elementor-widget elementor-widget-heading\" data-id=\"5790b47\" data-element_type=\"widget\" data-widget_type=\"heading.default\">\n\t\t\t\t<div class=\"elementor-widget-container\">\n\t\t\t\t\t<h2 class=\"elementor-heading-title elementor-size-default\">Zarezerwuj teraz<\/h2>\t\t\t\t<\/div>\n\t\t\t\t<\/div>\n\t\t\t\t<div class=\"elementor-element elementor-element-082d1cd elementor-widget elementor-widget-text-editor\" data-id=\"082d1cd\" data-element_type=\"widget\" data-widget_type=\"text-editor.default\">\n\t\t\t\t<div class=\"elementor-widget-container\">\n\t\t\t\t\t\t\t\t\t<p>Zarezerwuj pobyt w Hotelu Katarzyna ju\u017c dzi\u015b i ciesz si\u0119 komfortem, spokojem i nienagann\u0105 obs\u0142ug\u0105!<\/p>\t\t\t\t\t\t\t\t<\/div>\n\t\t\t\t<\/div>\n\t\t\t\t<div class=\"elementor-element elementor-element-c423ae7 elementor-align-center elementor-widget__width-inherit elementor-widget elementor-widget-button\" data-id=\"c423ae7\" data-element_type=\"widget\" data-widget_type=\"button.default\">\n\t\t\t\t<div class=\"elementor-widget-container\">\n\t\t\t\t\t\t\t\t\t<div class=\"elementor-button-wrapper\">\n\t\t\t\t\t<a class=\"elementor-button elementor-button-link elementor-size-sm\" href=\"https:\/\/katarzyna.bg\/pl\/booking\/\">\n\t\t\t\t\t\t<span class=\"elementor-button-content-wrapper\">\n\t\t\t\t\t\t\t\t\t<span class=\"elementor-button-text\">Rezerwuj<\/span>\n\t\t\t\t\t<\/span>\n\t\t\t\t\t<\/a>\n\t\t\t\t<\/div>\n\t\t\t\t\t\t\t\t<\/div>\n\t\t\t\t<\/div>\n\t\t\t\t<\/div>\n\t\t\t\t\t<\/div>\n\t\t\t\t<\/div>\n\t\t\t\t<\/div>","protected":false},"excerpt":{"rendered":"<p>\u0414\u0435\u043b\u043d\u0438\u0447\u0435\u043d \u043f\u0430\u043a\u0435\u0442 &#8222;\u0412\u0438\u043d\u0435\u043d\u043e \u0431\u044f\u0433\u0441\u0442\u0432\u043e \u043e\u0442 \u0435\u0436\u0435\u0434\u043d\u0435\u0432\u0438\u0435\u0442\u043e&#8220; \u0412\u0418\u0414 \u041f\u041e\u041c\u0415\u0429\u0415\u041d\u0418\u0415 \u0411\u0420\u041e\u0419 \u0413\u041e\u0421\u0422\u0418 \u0426\u0415\u041d\u0410 \u0417\u0410 \u041d\u041e\u0429\u0423\u0412\u041a\u0410 \u0414\u0415\u041b\u041d\u0418\u0427\u041d\u0418 \u0414\u041d\u0418 \u041f\u0410\u041a\u0415\u0422 3 \u041d\u041e\u0429\u0423\u0412\u041a\u0418 \u0421 \u041e\u0422\u0421\u0422\u042a\u041f\u041a\u0410 Classic room 1+0 189.69 \u20ac\u00a0\/ 371 \u043b\u0432. 512.31 \u20ac\u00a0\/ 1002 \u043b\u0432. Classic room 2+0 237.24 \u20ac\u00a0\/ 464 \u043b\u0432. 641.16 \u20ac\u00a0\/ 1254 \u043b\u0432. Superior room 1+0 199.40 \u20ac\u00a0\/ 390 \u043b\u0432. 536.86 \u20ac\u00a0\/ 1050 \u043b\u0432. Superior room [&hellip;]<\/p>","protected":false},"author":1,"featured_media":0,"parent":25877,"menu_order":0,"comment_status":"closed","ping_status":"closed","template":"elementor_header_footer","meta":{"footnotes":""},"class_list":["post-27050","page","type-page","status-publish","hentry"],"yoast_head":"<!-- This site is optimized with the Yoast SEO plugin v27.1.1 - https:\/\/yoast.com\/product\/yoast-seo-wordpress\/ -->\n<title>\u0414\u0435\u043b\u043d\u0438\u0447\u0435\u043d \u043f\u0430\u043a\u0435\u0442 &quot;\u0412\u0438\u043d\u0435\u043d\u043e \u0431\u044f\u0433\u0441\u0442\u0432\u043e \u043e\u0442 \u0435\u0436\u0435\u0434\u043d\u0435\u0432\u0438\u0435\u0442\u043e&quot;<\/title>\n<meta name=\"description\" content=\"\u0420\u0435\u0437\u0435\u0440\u0432\u0438\u0440\u0430\u0439\u0442\u0435 \u0441\u0432\u043e\u0435\u0442\u043e \u0432\u0438\u043d\u0435\u043d\u043e \u0431\u044f\u0433\u0441\u0442\u0432\u043e \u043e\u0442 \u0435\u0436\u0435\u0434\u043d\u0435\u0432\u0438\u0435\u0442\u043e \u0432 \u0445\u043e\u0442\u0435\u043b Katarzyna \u043e\u0449\u0435 \u0434\u043d\u0435\u0441 \u0438 \u0441\u0435 \u043d\u0430\u0441\u043b\u0430\u0434\u0435\u0442\u0435 \u043d\u0430 \u043a\u043e\u043c\u0444\u043e\u0440\u0442, \u0441\u043f\u043e\u043a\u043e\u0439\u0441\u0442\u0432\u0438\u0435 \u0438 \u0431\u0435\u0437\u0443\u043f\u0440\u0435\u0447\u043d\u043e \u043e\u0431\u0441\u043b\u0443\u0436\u0432\u0430\u043d\u0435!\" \/>\n<meta name=\"robots\" content=\"index, follow, max-snippet:-1, max-image-preview:large, max-video-preview:-1\" \/>\n<link rel=\"canonical\" href=\"https:\/\/katarzyna.bg\/pl\/hotel\/reserve\/vineno-byagstvo\/\" \/>\n<meta property=\"og:locale\" content=\"pl_PL\" \/>\n<meta property=\"og:type\" content=\"article\" \/>\n<meta property=\"og:title\" content=\"\u0414\u0435\u043b\u043d\u0438\u0447\u0435\u043d \u043f\u0430\u043a\u0435\u0442 &quot;\u0412\u0438\u043d\u0435\u043d\u043e \u0431\u044f\u0433\u0441\u0442\u0432\u043e \u043e\u0442 \u0435\u0436\u0435\u0434\u043d\u0435\u0432\u0438\u0435\u0442\u043e&quot;\" \/>\n<meta property=\"og:description\" content=\"\u0420\u0435\u0437\u0435\u0440\u0432\u0438\u0440\u0430\u0439\u0442\u0435 \u0441\u0432\u043e\u0435\u0442\u043e \u0432\u0438\u043d\u0435\u043d\u043e \u0431\u044f\u0433\u0441\u0442\u0432\u043e \u043e\u0442 \u0435\u0436\u0435\u0434\u043d\u0435\u0432\u0438\u0435\u0442\u043e \u0432 \u0445\u043e\u0442\u0435\u043b Katarzyna \u043e\u0449\u0435 \u0434\u043d\u0435\u0441 \u0438 \u0441\u0435 \u043d\u0430\u0441\u043b\u0430\u0434\u0435\u0442\u0435 \u043d\u0430 \u043a\u043e\u043c\u0444\u043e\u0440\u0442, \u0441\u043f\u043e\u043a\u043e\u0439\u0441\u0442\u0432\u0438\u0435 \u0438 \u0431\u0435\u0437\u0443\u043f\u0440\u0435\u0447\u043d\u043e \u043e\u0431\u0441\u043b\u0443\u0436\u0432\u0430\u043d\u0435!\" \/>\n<meta property=\"og:url\" content=\"https:\/\/katarzyna.bg\/pl\/hotel\/reserve\/vineno-byagstvo\/\" \/>\n<meta property=\"og:site_name\" content=\"Katarzyna\" \/>\n<meta property=\"article:publisher\" content=\"https:\/\/www.facebook.com\/katarzynaestate\/\" \/>\n<meta property=\"article:modified_time\" content=\"2026-03-25T22:06:03+00:00\" \/>\n<meta property=\"og:image\" content=\"https:\/\/katarzyna.bg\/wp-content\/uploads\/2025\/07\/wine_paket_small_banner-1024x939.jpg\" \/>\n<meta name=\"twitter:card\" content=\"summary_large_image\" \/>\n<meta name=\"twitter:label1\" content=\"Szacowany czas czytania\" \/>\n\t<meta name=\"twitter:data1\" content=\"2 minuty\" \/>\n<script type=\"application\/ld+json\" class=\"yoast-schema-graph\">{\"@context\":\"https:\/\/schema.org\",\"@graph\":[{\"@type\":\"WebPage\",\"@id\":\"https:\/\/katarzyna.bg\/hotel\/reserve\/vineno-byagstvo\/\",\"url\":\"https:\/\/katarzyna.bg\/hotel\/reserve\/vineno-byagstvo\/\",\"name\":\"\u0414\u0435\u043b\u043d\u0438\u0447\u0435\u043d \u043f\u0430\u043a\u0435\u0442 \\\"\u0412\u0438\u043d\u0435\u043d\u043e \u0431\u044f\u0433\u0441\u0442\u0432\u043e \u043e\u0442 \u0435\u0436\u0435\u0434\u043d\u0435\u0432\u0438\u0435\u0442\u043e\\\"\",\"isPartOf\":{\"@id\":\"https:\/\/katarzyna.bg\/#website\"},\"primaryImageOfPage\":{\"@id\":\"https:\/\/katarzyna.bg\/hotel\/reserve\/vineno-byagstvo\/#primaryimage\"},\"image\":{\"@id\":\"https:\/\/katarzyna.bg\/hotel\/reserve\/vineno-byagstvo\/#primaryimage\"},\"thumbnailUrl\":\"https:\/\/katarzyna.bg\/wp-content\/uploads\/2025\/07\/wine_paket_small_banner-1024x939.jpg\",\"datePublished\":\"2025-05-14T09:54:21+00:00\",\"dateModified\":\"2026-03-25T22:06:03+00:00\",\"description\":\"\u0420\u0435\u0437\u0435\u0440\u0432\u0438\u0440\u0430\u0439\u0442\u0435 \u0441\u0432\u043e\u0435\u0442\u043e \u0432\u0438\u043d\u0435\u043d\u043e \u0431\u044f\u0433\u0441\u0442\u0432\u043e \u043e\u0442 \u0435\u0436\u0435\u0434\u043d\u0435\u0432\u0438\u0435\u0442\u043e \u0432 \u0445\u043e\u0442\u0435\u043b Katarzyna \u043e\u0449\u0435 \u0434\u043d\u0435\u0441 \u0438 \u0441\u0435 \u043d\u0430\u0441\u043b\u0430\u0434\u0435\u0442\u0435 \u043d\u0430 \u043a\u043e\u043c\u0444\u043e\u0440\u0442, \u0441\u043f\u043e\u043a\u043e\u0439\u0441\u0442\u0432\u0438\u0435 \u0438 \u0431\u0435\u0437\u0443\u043f\u0440\u0435\u0447\u043d\u043e \u043e\u0431\u0441\u043b\u0443\u0436\u0432\u0430\u043d\u0435!\",\"breadcrumb\":{\"@id\":\"https:\/\/katarzyna.bg\/hotel\/reserve\/vineno-byagstvo\/#breadcrumb\"},\"inLanguage\":\"pl-PL\",\"potentialAction\":[{\"@type\":\"ReadAction\",\"target\":[\"https:\/\/katarzyna.bg\/hotel\/reserve\/vineno-byagstvo\/\"]}]},{\"@type\":\"ImageObject\",\"inLanguage\":\"pl-PL\",\"@id\":\"https:\/\/katarzyna.bg\/hotel\/reserve\/vineno-byagstvo\/#primaryimage\",\"url\":\"https:\/\/katarzyna.bg\/wp-content\/uploads\/2025\/07\/wine_paket_small_banner-1024x939.jpg\",\"contentUrl\":\"https:\/\/katarzyna.bg\/wp-content\/uploads\/2025\/07\/wine_paket_small_banner-1024x939.jpg\"},{\"@type\":\"BreadcrumbList\",\"@id\":\"https:\/\/katarzyna.bg\/hotel\/reserve\/vineno-byagstvo\/#breadcrumb\",\"itemListElement\":[{\"@type\":\"ListItem\",\"position\":1,\"name\":\"\u041d\u0430\u0447\u0430\u043b\u043e\",\"item\":\"https:\/\/katarzyna.bg\/\"},{\"@type\":\"ListItem\",\"position\":2,\"name\":\"\u0425\u043e\u0442\u0435\u043b\",\"item\":\"https:\/\/katarzyna.bg\/hotel\/\"},{\"@type\":\"ListItem\",\"position\":3,\"name\":\"\u0420\u0435\u0437\u0435\u0440\u0432\u0438\u0440\u0430\u0439\",\"item\":\"https:\/\/katarzyna.bg\/hotel\/reserve\/\"},{\"@type\":\"ListItem\",\"position\":4,\"name\":\"\u0421\u0415\u0414\u041c\u0418\u0427\u0415\u041d \u041f\u0410\u041a\u0415\u0422\"}]},{\"@type\":\"WebSite\",\"@id\":\"https:\/\/katarzyna.bg\/#website\",\"url\":\"https:\/\/katarzyna.bg\/\",\"name\":\"Katarzyna\",\"description\":\"Katarzyna\",\"publisher\":{\"@id\":\"https:\/\/katarzyna.bg\/#organization\"},\"potentialAction\":[{\"@type\":\"SearchAction\",\"target\":{\"@type\":\"EntryPoint\",\"urlTemplate\":\"https:\/\/katarzyna.bg\/?s={search_term_string}\"},\"query-input\":{\"@type\":\"PropertyValueSpecification\",\"valueRequired\":true,\"valueName\":\"search_term_string\"}}],\"inLanguage\":\"pl-PL\"},{\"@type\":\"Organization\",\"@id\":\"https:\/\/katarzyna.bg\/#organization\",\"name\":\"Katarzyna Estate\",\"url\":\"https:\/\/katarzyna.bg\/\",\"logo\":{\"@type\":\"ImageObject\",\"inLanguage\":\"pl-PL\",\"@id\":\"https:\/\/katarzyna.bg\/#\/schema\/logo\/image\/\",\"url\":\"https:\/\/katarzyna.bg\/wp-content\/uploads\/2025\/03\/cropped-logo_grey-e1668669109649.png.webp\",\"contentUrl\":\"https:\/\/katarzyna.bg\/wp-content\/uploads\/2025\/03\/cropped-logo_grey-e1668669109649.png.webp\",\"width\":512,\"height\":512,\"caption\":\"Katarzyna Estate\"},\"image\":{\"@id\":\"https:\/\/katarzyna.bg\/#\/schema\/logo\/image\/\"},\"sameAs\":[\"https:\/\/www.facebook.com\/katarzynaestate\/\"]}]}<\/script>\n<!-- \/ Yoast SEO plugin. -->","yoast_head_json":{"title":"Pakiet w dni powszednie WINNE ODERWANIE OD RZECZYWISTO\u015aCI","description":"Zarezerwuj swoje winne oderwanie od codzienno\u015bci w Hotelu Katarzyna ju\u017c dzi\u015b i ciesz si\u0119 komfortem, spokojem oraz nieskaziteln\u0105 obs\u0142ug\u0105!","robots":{"index":"index","follow":"follow","max-snippet":"max-snippet:-1","max-image-preview":"max-image-preview:large","max-video-preview":"max-video-preview:-1"},"canonical":"https:\/\/katarzyna.bg\/pl\/hotel\/reserve\/vineno-byagstvo\/","og_locale":"pl_PL","og_type":"article","og_title":"\u0414\u0435\u043b\u043d\u0438\u0447\u0435\u043d \u043f\u0430\u043a\u0435\u0442 \"\u0412\u0438\u043d\u0435\u043d\u043e \u0431\u044f\u0433\u0441\u0442\u0432\u043e \u043e\u0442 \u0435\u0436\u0435\u0434\u043d\u0435\u0432\u0438\u0435\u0442\u043e\"","og_description":"\u0420\u0435\u0437\u0435\u0440\u0432\u0438\u0440\u0430\u0439\u0442\u0435 \u0441\u0432\u043e\u0435\u0442\u043e \u0432\u0438\u043d\u0435\u043d\u043e \u0431\u044f\u0433\u0441\u0442\u0432\u043e \u043e\u0442 \u0435\u0436\u0435\u0434\u043d\u0435\u0432\u0438\u0435\u0442\u043e \u0432 \u0445\u043e\u0442\u0435\u043b Katarzyna \u043e\u0449\u0435 \u0434\u043d\u0435\u0441 \u0438 \u0441\u0435 \u043d\u0430\u0441\u043b\u0430\u0434\u0435\u0442\u0435 \u043d\u0430 \u043a\u043e\u043c\u0444\u043e\u0440\u0442, \u0441\u043f\u043e\u043a\u043e\u0439\u0441\u0442\u0432\u0438\u0435 \u0438 \u0431\u0435\u0437\u0443\u043f\u0440\u0435\u0447\u043d\u043e \u043e\u0431\u0441\u043b\u0443\u0436\u0432\u0430\u043d\u0435!","og_url":"https:\/\/katarzyna.bg\/pl\/hotel\/reserve\/vineno-byagstvo\/","og_site_name":"Katarzyna","article_publisher":"https:\/\/www.facebook.com\/katarzynaestate\/","article_modified_time":"2026-03-25T22:06:03+00:00","og_image":[{"url":"https:\/\/katarzyna.bg\/wp-content\/uploads\/2025\/07\/wine_paket_small_banner-1024x939.jpg","type":"","width":"","height":""}],"twitter_card":"summary_large_image","twitter_misc":{"Szacowany czas czytania":"2 minuty"},"schema":{"@context":"https:\/\/schema.org","@graph":[{"@type":"WebPage","@id":"https:\/\/katarzyna.bg\/hotel\/reserve\/vineno-byagstvo\/","url":"https:\/\/katarzyna.bg\/hotel\/reserve\/vineno-byagstvo\/","name":"Pakiet w dni powszednie WINNE ODERWANIE OD RZECZYWISTO\u015aCI","isPartOf":{"@id":"https:\/\/katarzyna.bg\/#website"},"primaryImageOfPage":{"@id":"https:\/\/katarzyna.bg\/hotel\/reserve\/vineno-byagstvo\/#primaryimage"},"image":{"@id":"https:\/\/katarzyna.bg\/hotel\/reserve\/vineno-byagstvo\/#primaryimage"},"thumbnailUrl":"https:\/\/katarzyna.bg\/wp-content\/uploads\/2025\/07\/wine_paket_small_banner-1024x939.jpg","datePublished":"2025-05-14T09:54:21+00:00","dateModified":"2026-03-25T22:06:03+00:00","description":"Zarezerwuj swoje winne oderwanie od codzienno\u015bci w Hotelu Katarzyna ju\u017c dzi\u015b i ciesz si\u0119 komfortem, spokojem oraz nieskaziteln\u0105 obs\u0142ug\u0105!","breadcrumb":{"@id":"https:\/\/katarzyna.bg\/hotel\/reserve\/vineno-byagstvo\/#breadcrumb"},"inLanguage":"pl-PL","potentialAction":[{"@type":"ReadAction","target":["https:\/\/katarzyna.bg\/hotel\/reserve\/vineno-byagstvo\/"]}]},{"@type":"ImageObject","inLanguage":"pl-PL","@id":"https:\/\/katarzyna.bg\/hotel\/reserve\/vineno-byagstvo\/#primaryimage","url":"https:\/\/katarzyna.bg\/wp-content\/uploads\/2025\/07\/wine_paket_small_banner-1024x939.jpg","contentUrl":"https:\/\/katarzyna.bg\/wp-content\/uploads\/2025\/07\/wine_paket_small_banner-1024x939.jpg"},{"@type":"BreadcrumbList","@id":"https:\/\/katarzyna.bg\/hotel\/reserve\/vineno-byagstvo\/#breadcrumb","itemListElement":[{"@type":"ListItem","position":1,"name":"\u041d\u0430\u0447\u0430\u043b\u043e","item":"https:\/\/katarzyna.bg\/"},{"@type":"ListItem","position":2,"name":"\u0425\u043e\u0442\u0435\u043b","item":"https:\/\/katarzyna.bg\/hotel\/"},{"@type":"ListItem","position":3,"name":"\u0420\u0435\u0437\u0435\u0440\u0432\u0438\u0440\u0430\u0439","item":"https:\/\/katarzyna.bg\/hotel\/reserve\/"},{"@type":"ListItem","position":4,"name":"\u0421\u0415\u0414\u041c\u0418\u0427\u0415\u041d \u041f\u0410\u041a\u0415\u0422"}]},{"@type":"WebSite","@id":"https:\/\/katarzyna.bg\/#website","url":"https:\/\/katarzyna.bg\/","name":"Katarzyna","description":"Katarzyna","publisher":{"@id":"https:\/\/katarzyna.bg\/#organization"},"potentialAction":[{"@type":"SearchAction","target":{"@type":"EntryPoint","urlTemplate":"https:\/\/katarzyna.bg\/?s={search_term_string}"},"query-input":{"@type":"PropertyValueSpecification","valueRequired":true,"valueName":"search_term_string"}}],"inLanguage":"pl-PL"},{"@type":"Organization","@id":"https:\/\/katarzyna.bg\/#organization","name":"Katarzyna Estate","url":"https:\/\/katarzyna.bg\/","logo":{"@type":"ImageObject","inLanguage":"pl-PL","@id":"https:\/\/katarzyna.bg\/#\/schema\/logo\/image\/","url":"https:\/\/katarzyna.bg\/wp-content\/uploads\/2025\/03\/cropped-logo_grey-e1668669109649.png.webp","contentUrl":"https:\/\/katarzyna.bg\/wp-content\/uploads\/2025\/03\/cropped-logo_grey-e1668669109649.png.webp","width":512,"height":512,"caption":"Katarzyna Estate"},"image":{"@id":"https:\/\/katarzyna.bg\/#\/schema\/logo\/image\/"},"sameAs":["https:\/\/www.facebook.com\/katarzynaestate\/"]}]}},"_links":{"self":[{"href":"https:\/\/katarzyna.bg\/pl\/wp-json\/wp\/v2\/pages\/27050","targetHints":{"allow":["GET"]}}],"collection":[{"href":"https:\/\/katarzyna.bg\/pl\/wp-json\/wp\/v2\/pages"}],"about":[{"href":"https:\/\/katarzyna.bg\/pl\/wp-json\/wp\/v2\/types\/page"}],"author":[{"embeddable":true,"href":"https:\/\/katarzyna.bg\/pl\/wp-json\/wp\/v2\/users\/1"}],"replies":[{"embeddable":true,"href":"https:\/\/katarzyna.bg\/pl\/wp-json\/wp\/v2\/comments?post=27050"}],"version-history":[{"count":115,"href":"https:\/\/katarzyna.bg\/pl\/wp-json\/wp\/v2\/pages\/27050\/revisions"}],"predecessor-version":[{"id":30135,"href":"https:\/\/katarzyna.bg\/pl\/wp-json\/wp\/v2\/pages\/27050\/revisions\/30135"}],"up":[{"embeddable":true,"href":"https:\/\/katarzyna.bg\/pl\/wp-json\/wp\/v2\/pages\/25877"}],"wp:attachment":[{"href":"https:\/\/katarzyna.bg\/pl\/wp-json\/wp\/v2\/media?parent=27050"}],"curies":[{"name":"wp","href":"https:\/\/api.w.org\/{rel}","templated":true}]}}