{"id":27278,"date":"2025-05-20T12:43:32","date_gmt":"2025-05-20T12:43:32","guid":{"rendered":"https:\/\/katarzyna.bg\/?page_id=27278"},"modified":"2025-07-30T08:43:05","modified_gmt":"2025-07-30T08:43:05","slug":"booking","status":"publish","type":"page","link":"https:\/\/katarzyna.bg\/pl\/booking\/","title":{"rendered":"\u0420\u0435\u0437\u0435\u0440\u0432\u0430\u0446\u0438\u044f"},"content":{"rendered":"<div data-elementor-type=\"wp-page\" data-elementor-id=\"27278\" class=\"elementor elementor-27278\" data-elementor-post-type=\"page\">\n\t\t\t\t\t\t<section class=\"elementor-section elementor-top-section elementor-element elementor-element-14e89912 elementor-section-height-full elementor-section-boxed elementor-section-height-default elementor-section-items-middle\" data-id=\"14e89912\" data-element_type=\"section\" data-settings=\"{&quot;background_background&quot;:&quot;classic&quot;}\">\n\t\t\t\t\t\t\t<div class=\"elementor-background-overlay\"><\/div>\n\t\t\t\t\t\t\t<div class=\"elementor-container elementor-column-gap-default\">\n\t\t\t\t\t<div class=\"elementor-column elementor-col-100 elementor-top-column elementor-element elementor-element-7619dd35\" data-id=\"7619dd35\" data-element_type=\"column\">\n\t\t\t<div class=\"elementor-widget-wrap elementor-element-populated\">\n\t\t\t\t\t\t<div class=\"elementor-element elementor-element-4e35949e elementor-widget elementor-widget-heading\" data-id=\"4e35949e\" data-element_type=\"widget\" data-widget_type=\"heading.default\">\n\t\t\t\t<div class=\"elementor-widget-container\">\n\t\t\t\t\t<h1 class=\"elementor-heading-title elementor-size-default\">WITAMY W HOTELU KATARZYNA<\/h1>\t\t\t\t<\/div>\n\t\t\t\t<\/div>\n\t\t\t\t<div class=\"elementor-element elementor-element-9575f5e elementor-widget elementor-widget-text-editor\" data-id=\"9575f5e\" data-element_type=\"widget\" data-widget_type=\"text-editor.default\">\n\t\t\t\t<div class=\"elementor-widget-container\">\n\t\t\t\t\t\t\t\t\t<p>Mo\u017cesz dokona\u0107 rezerwacji online, klikaj\u0105c przycisk \u201eREZERWUJ\u201d poni\u017cej.<\/p><p>Skontaktujemy si\u0119 z Tob\u0105, aby potwierdzi\u0107 rezerwacj\u0119 i udzieli\u0107 dodatkowych informacji.<\/p>\t\t\t\t\t\t\t\t<\/div>\n\t\t\t\t<\/div>\n\t\t\t\t<div class=\"elementor-element elementor-element-2910282c elementor-widget elementor-widget-html\" data-id=\"2910282c\" data-element_type=\"widget\" data-widget_type=\"html.default\">\n\t\t\t\t<div class=\"elementor-widget-container\">\n\t\t\t\t\t<link rel=\"stylesheet\" href=\"https:\/\/static-assets.clock-software.com\/wbe_v2\/clock-pms-wbe-integration.css\">\r\n<link rel=\"stylesheet\" href=\"https:\/\/static-assets.clock-software.com\/wbe_v2\/clock-pms-wbe-reminder.css\">\r\n<script defer src=\"https:\/\/static-assets.clock-software.com\/wbe_v2\/clock-pms-wbe-integration.js\"><\/script>\r\n<script>\r\n  document.addEventListener(\"DOMContentLoaded\", (event) => {\r\n    window.clockPmsWbeInit({\r\n      wbeBaseUrl: \"https:\/\/sky-eu1.clock-software.com\/spa\/pms-wbe\/#\/hotel\/13775\",\r\n      defaultMode: \"standard\",\r\n      roundedCorners: true,\r\n      language: null,\r\n    });\r\n    \r\n    document.querySelectorAll(\"[data-clock-pms-wbe-form]\").forEach((form) => {\r\n      form.addEventListener(\"submit\", (e) => {\r\n        e.preventDefault();\r\n  \r\n        const formData = new FormData(e.target);\r\n  \r\n        window.clockPmsWbeShow({\r\n          arrival: formData.get(\"arrival\"),\r\n          departure: formData.get(\"departure\"),\r\n          bonusCode: formData.get(\"bonusCode\"),\r\n          companyCode: formData.get(\"companyCode\"),\r\n          blockCode: formData.get(\"blockCode\"),\r\n          roomTypeIds: [],\r\n          rateIds: [],\r\n          submit: true,\r\n        });\r\n      });\r\n    });\r\n  });\r\n<\/script>\t\t\t\t<\/div>\n\t\t\t\t<\/div>\n\t\t\t\t<div class=\"elementor-element elementor-element-7c085062 elementor-widget__width-initial elementor-widget-mobile__width-inherit elementor-widget elementor-widget-html\" data-id=\"7c085062\" data-element_type=\"widget\" data-widget_type=\"html.default\">\n\t\t\t\t<div class=\"elementor-widget-container\">\n\t\t\t\t\t<button type=\"button\" data-clock-pms-wbe-button style=\"width:100%; color: white; border: 1px solid white; !important; width: 100%; font-size: 24px;\">ZAREZERWUJ<\/button> \t\t\t\t<\/div>\n\t\t\t\t<\/div>\n\t\t\t\t\t<\/div>\n\t\t<\/div>\n\t\t\t\t\t<\/div>\n\t\t<\/section>\n\t\t\t\t<\/div>","protected":false},"excerpt":{"rendered":"<p>\u0414\u041e\u0411\u0420\u0415 \u0414\u041e\u0428\u041b\u0418 \u0412 KATARZYNA HOTEL \u041c\u043e\u0436\u0435\u0442\u0435 \u0434\u0430 \u043d\u0430\u043f\u0440\u0430\u0432\u0438\u0442\u0435 \u0432\u0430\u0448\u0430\u0442\u0430 \u0440\u0435\u0437\u0435\u0440\u0432\u0430\u0446\u0438\u044f \u043e\u043d\u043b\u0430\u0439\u043d, \u043a\u0430\u0442\u043e \u043d\u0430\u0442\u0438\u0441\u043d\u0435\u0442\u0435 \u0431\u0443\u0442\u043e\u043d\u0430 &#8222;\u0420\u0415\u0417\u0415\u0420\u0412\u0418\u0420\u0410\u0419&#8220; \u043f\u043e-\u0434\u043e\u043b\u0443. \u041d\u0438\u0435 \u0449\u0435 \u0441\u0435 \u0441\u0432\u044a\u0440\u0436\u0435\u043c \u0441 \u0432\u0430\u0441 \u0437\u0430 \u043f\u043e\u0442\u0432\u044a\u0440\u0436\u0434\u0435\u043d\u0438\u0435 \u043d\u0430 \u0440\u0435\u0437\u0435\u0440\u0432\u0430\u0446\u0438\u044f\u0442\u0430 \u0438 \u043f\u043e\u0432\u0435\u0447\u0435 \u0438\u043d\u0444\u043e\u0440\u043c\u0430\u0446\u0438\u044f. \u0420\u0415\u0417\u0415\u0420\u0412\u0418\u0420\u0410\u0419<\/p>","protected":false},"author":2,"featured_media":0,"parent":0,"menu_order":0,"comment_status":"closed","ping_status":"closed","template":"elementor_header_footer","meta":{"footnotes":""},"class_list":["post-27278","page","type-page","status-publish","hentry"],"yoast_head":"<!-- This site is optimized with the Yoast SEO plugin v27.1.1 - https:\/\/yoast.com\/product\/yoast-seo-wordpress\/ -->\n<title>\u041e\u043d\u043b\u0430\u0439\u043d \u0440\u0435\u0437\u0435\u0440\u0432\u0430\u0446\u0438\u044f \u0432 Katarzyna<\/title>\n<meta name=\"description\" content=\"\u0420\u0435\u0437\u0435\u0440\u0432\u0438\u0440\u0430\u0439 \u043b\u0435\u0441\u043d\u043e \u0441\u0432\u043e\u044f \u0432\u0438\u043d\u0435\u043d \u0442\u0443\u0440, \u0434\u0435\u0433\u0443\u0441\u0442\u0430\u0446\u0438\u044f \u0438\u043b\u0438 \u043f\u0440\u0435\u0441\u0442\u043e\u0439 \u0432 Katarzyna. \u0418\u0437\u0436\u0438\u0432\u0435\u0439 \u0435\u043b\u0435\u0433\u0430\u043d\u0442\u043d\u043e\u0441\u0442, \u043f\u0440\u0438\u0440\u043e\u0434\u0430 \u0438 \u0432\u043a\u0443\u0441 \u043d\u0430 \u0435\u0434\u043d\u043e \u043c\u044f\u0441\u0442\u043e.\" \/>\n<meta name=\"robots\" content=\"index, follow, max-snippet:-1, max-image-preview:large, max-video-preview:-1\" \/>\n<link rel=\"canonical\" href=\"https:\/\/katarzyna.bg\/pl\/booking\/\" \/>\n<meta property=\"og:locale\" content=\"pl_PL\" \/>\n<meta property=\"og:type\" content=\"article\" \/>\n<meta property=\"og:title\" content=\"\u041e\u043d\u043b\u0430\u0439\u043d \u0440\u0435\u0437\u0435\u0440\u0432\u0430\u0446\u0438\u044f \u0432 Katarzyna\" \/>\n<meta property=\"og:description\" content=\"\u0420\u0435\u0437\u0435\u0440\u0432\u0438\u0440\u0430\u0439 \u043b\u0435\u0441\u043d\u043e \u0441\u0432\u043e\u044f \u0432\u0438\u043d\u0435\u043d \u0442\u0443\u0440, \u0434\u0435\u0433\u0443\u0441\u0442\u0430\u0446\u0438\u044f \u0438\u043b\u0438 \u043f\u0440\u0435\u0441\u0442\u043e\u0439 \u0432 Katarzyna. \u0418\u0437\u0436\u0438\u0432\u0435\u0439 \u0435\u043b\u0435\u0433\u0430\u043d\u0442\u043d\u043e\u0441\u0442, \u043f\u0440\u0438\u0440\u043e\u0434\u0430 \u0438 \u0432\u043a\u0443\u0441 \u043d\u0430 \u0435\u0434\u043d\u043e \u043c\u044f\u0441\u0442\u043e.\" \/>\n<meta property=\"og:url\" content=\"https:\/\/katarzyna.bg\/pl\/booking\/\" \/>\n<meta property=\"og:site_name\" content=\"Katarzyna\" \/>\n<meta property=\"article:publisher\" content=\"https:\/\/www.facebook.com\/katarzynaestate\/\" \/>\n<meta property=\"article:modified_time\" content=\"2025-07-30T08:43:05+00:00\" \/>\n<meta name=\"twitter:card\" content=\"summary_large_image\" \/>\n<meta name=\"twitter:label1\" content=\"Szacowany czas czytania\" \/>\n\t<meta name=\"twitter:data1\" content=\"1 minuta\" \/>\n<script type=\"application\/ld+json\" class=\"yoast-schema-graph\">{\"@context\":\"https:\/\/schema.org\",\"@graph\":[{\"@type\":\"WebPage\",\"@id\":\"https:\/\/katarzyna.bg\/booking\/\",\"url\":\"https:\/\/katarzyna.bg\/booking\/\",\"name\":\"\u041e\u043d\u043b\u0430\u0439\u043d \u0440\u0435\u0437\u0435\u0440\u0432\u0430\u0446\u0438\u044f \u0432 Katarzyna\",\"isPartOf\":{\"@id\":\"https:\/\/katarzyna.bg\/#website\"},\"datePublished\":\"2025-05-20T12:43:32+00:00\",\"dateModified\":\"2025-07-30T08:43:05+00:00\",\"description\":\"\u0420\u0435\u0437\u0435\u0440\u0432\u0438\u0440\u0430\u0439 \u043b\u0435\u0441\u043d\u043e \u0441\u0432\u043e\u044f \u0432\u0438\u043d\u0435\u043d \u0442\u0443\u0440, \u0434\u0435\u0433\u0443\u0441\u0442\u0430\u0446\u0438\u044f \u0438\u043b\u0438 \u043f\u0440\u0435\u0441\u0442\u043e\u0439 \u0432 Katarzyna. \u0418\u0437\u0436\u0438\u0432\u0435\u0439 \u0435\u043b\u0435\u0433\u0430\u043d\u0442\u043d\u043e\u0441\u0442, \u043f\u0440\u0438\u0440\u043e\u0434\u0430 \u0438 \u0432\u043a\u0443\u0441 \u043d\u0430 \u0435\u0434\u043d\u043e \u043c\u044f\u0441\u0442\u043e.\",\"breadcrumb\":{\"@id\":\"https:\/\/katarzyna.bg\/booking\/#breadcrumb\"},\"inLanguage\":\"pl-PL\",\"potentialAction\":[{\"@type\":\"ReadAction\",\"target\":[\"https:\/\/katarzyna.bg\/booking\/\"]}]},{\"@type\":\"BreadcrumbList\",\"@id\":\"https:\/\/katarzyna.bg\/booking\/#breadcrumb\",\"itemListElement\":[{\"@type\":\"ListItem\",\"position\":1,\"name\":\"\u041d\u0430\u0447\u0430\u043b\u043e\",\"item\":\"https:\/\/katarzyna.bg\/\"},{\"@type\":\"ListItem\",\"position\":2,\"name\":\"\u0420\u0435\u0437\u0435\u0440\u0432\u0430\u0446\u0438\u044f\"}]},{\"@type\":\"WebSite\",\"@id\":\"https:\/\/katarzyna.bg\/#website\",\"url\":\"https:\/\/katarzyna.bg\/\",\"name\":\"Katarzyna\",\"description\":\"Katarzyna\",\"publisher\":{\"@id\":\"https:\/\/katarzyna.bg\/#organization\"},\"potentialAction\":[{\"@type\":\"SearchAction\",\"target\":{\"@type\":\"EntryPoint\",\"urlTemplate\":\"https:\/\/katarzyna.bg\/?s={search_term_string}\"},\"query-input\":{\"@type\":\"PropertyValueSpecification\",\"valueRequired\":true,\"valueName\":\"search_term_string\"}}],\"inLanguage\":\"pl-PL\"},{\"@type\":\"Organization\",\"@id\":\"https:\/\/katarzyna.bg\/#organization\",\"name\":\"Katarzyna Estate\",\"url\":\"https:\/\/katarzyna.bg\/\",\"logo\":{\"@type\":\"ImageObject\",\"inLanguage\":\"pl-PL\",\"@id\":\"https:\/\/katarzyna.bg\/#\/schema\/logo\/image\/\",\"url\":\"https:\/\/katarzyna.bg\/wp-content\/uploads\/2025\/03\/cropped-logo_grey-e1668669109649.png.webp\",\"contentUrl\":\"https:\/\/katarzyna.bg\/wp-content\/uploads\/2025\/03\/cropped-logo_grey-e1668669109649.png.webp\",\"width\":512,\"height\":512,\"caption\":\"Katarzyna Estate\"},\"image\":{\"@id\":\"https:\/\/katarzyna.bg\/#\/schema\/logo\/image\/\"},\"sameAs\":[\"https:\/\/www.facebook.com\/katarzynaestate\/\"]}]}<\/script>\n<!-- \/ Yoast SEO plugin. -->","yoast_head_json":{"title":"Rezerwacja online w Katarzyna","description":"\u0141atwo zarezerwuj swoj\u0105 wycieczk\u0119 winn\u0105, degustacj\u0119 lub pobyt w Katarzyna. Do\u015bwiadcz elegancji, natury i smaku w jednym miejscu.","robots":{"index":"index","follow":"follow","max-snippet":"max-snippet:-1","max-image-preview":"max-image-preview:large","max-video-preview":"max-video-preview:-1"},"canonical":"https:\/\/katarzyna.bg\/pl\/booking\/","og_locale":"pl_PL","og_type":"article","og_title":"\u041e\u043d\u043b\u0430\u0439\u043d \u0440\u0435\u0437\u0435\u0440\u0432\u0430\u0446\u0438\u044f \u0432 Katarzyna","og_description":"\u0420\u0435\u0437\u0435\u0440\u0432\u0438\u0440\u0430\u0439 \u043b\u0435\u0441\u043d\u043e \u0441\u0432\u043e\u044f \u0432\u0438\u043d\u0435\u043d \u0442\u0443\u0440, \u0434\u0435\u0433\u0443\u0441\u0442\u0430\u0446\u0438\u044f \u0438\u043b\u0438 \u043f\u0440\u0435\u0441\u0442\u043e\u0439 \u0432 Katarzyna. \u0418\u0437\u0436\u0438\u0432\u0435\u0439 \u0435\u043b\u0435\u0433\u0430\u043d\u0442\u043d\u043e\u0441\u0442, \u043f\u0440\u0438\u0440\u043e\u0434\u0430 \u0438 \u0432\u043a\u0443\u0441 \u043d\u0430 \u0435\u0434\u043d\u043e \u043c\u044f\u0441\u0442\u043e.","og_url":"https:\/\/katarzyna.bg\/pl\/booking\/","og_site_name":"Katarzyna","article_publisher":"https:\/\/www.facebook.com\/katarzynaestate\/","article_modified_time":"2025-07-30T08:43:05+00:00","twitter_card":"summary_large_image","twitter_misc":{"Szacowany czas czytania":"1 minuta"},"schema":{"@context":"https:\/\/schema.org","@graph":[{"@type":"WebPage","@id":"https:\/\/katarzyna.bg\/booking\/","url":"https:\/\/katarzyna.bg\/booking\/","name":"Rezerwacja online w Katarzyna","isPartOf":{"@id":"https:\/\/katarzyna.bg\/#website"},"datePublished":"2025-05-20T12:43:32+00:00","dateModified":"2025-07-30T08:43:05+00:00","description":"\u0141atwo zarezerwuj swoj\u0105 wycieczk\u0119 winn\u0105, degustacj\u0119 lub pobyt w Katarzyna. Do\u015bwiadcz elegancji, natury i smaku w jednym miejscu.","breadcrumb":{"@id":"https:\/\/katarzyna.bg\/booking\/#breadcrumb"},"inLanguage":"pl-PL","potentialAction":[{"@type":"ReadAction","target":["https:\/\/katarzyna.bg\/booking\/"]}]},{"@type":"BreadcrumbList","@id":"https:\/\/katarzyna.bg\/booking\/#breadcrumb","itemListElement":[{"@type":"ListItem","position":1,"name":"\u041d\u0430\u0447\u0430\u043b\u043e","item":"https:\/\/katarzyna.bg\/"},{"@type":"ListItem","position":2,"name":"\u0420\u0435\u0437\u0435\u0440\u0432\u0430\u0446\u0438\u044f"}]},{"@type":"WebSite","@id":"https:\/\/katarzyna.bg\/#website","url":"https:\/\/katarzyna.bg\/","name":"Katarzyna","description":"Katarzyna","publisher":{"@id":"https:\/\/katarzyna.bg\/#organization"},"potentialAction":[{"@type":"SearchAction","target":{"@type":"EntryPoint","urlTemplate":"https:\/\/katarzyna.bg\/?s={search_term_string}"},"query-input":{"@type":"PropertyValueSpecification","valueRequired":true,"valueName":"search_term_string"}}],"inLanguage":"pl-PL"},{"@type":"Organization","@id":"https:\/\/katarzyna.bg\/#organization","name":"Katarzyna Estate","url":"https:\/\/katarzyna.bg\/","logo":{"@type":"ImageObject","inLanguage":"pl-PL","@id":"https:\/\/katarzyna.bg\/#\/schema\/logo\/image\/","url":"https:\/\/katarzyna.bg\/wp-content\/uploads\/2025\/03\/cropped-logo_grey-e1668669109649.png.webp","contentUrl":"https:\/\/katarzyna.bg\/wp-content\/uploads\/2025\/03\/cropped-logo_grey-e1668669109649.png.webp","width":512,"height":512,"caption":"Katarzyna Estate"},"image":{"@id":"https:\/\/katarzyna.bg\/#\/schema\/logo\/image\/"},"sameAs":["https:\/\/www.facebook.com\/katarzynaestate\/"]}]}},"_links":{"self":[{"href":"https:\/\/katarzyna.bg\/pl\/wp-json\/wp\/v2\/pages\/27278","targetHints":{"allow":["GET"]}}],"collection":[{"href":"https:\/\/katarzyna.bg\/pl\/wp-json\/wp\/v2\/pages"}],"about":[{"href":"https:\/\/katarzyna.bg\/pl\/wp-json\/wp\/v2\/types\/page"}],"author":[{"embeddable":true,"href":"https:\/\/katarzyna.bg\/pl\/wp-json\/wp\/v2\/users\/2"}],"replies":[{"embeddable":true,"href":"https:\/\/katarzyna.bg\/pl\/wp-json\/wp\/v2\/comments?post=27278"}],"version-history":[{"count":13,"href":"https:\/\/katarzyna.bg\/pl\/wp-json\/wp\/v2\/pages\/27278\/revisions"}],"predecessor-version":[{"id":28392,"href":"https:\/\/katarzyna.bg\/pl\/wp-json\/wp\/v2\/pages\/27278\/revisions\/28392"}],"wp:attachment":[{"href":"https:\/\/katarzyna.bg\/pl\/wp-json\/wp\/v2\/media?parent=27278"}],"curies":[{"name":"wp","href":"https:\/\/api.w.org\/{rel}","templated":true}]}}