{"id":28106,"date":"2025-07-15T09:43:19","date_gmt":"2025-07-15T09:43:19","guid":{"rendered":"https:\/\/katarzyna.bg\/?page_id=28106"},"modified":"2026-03-26T00:06:30","modified_gmt":"2026-03-25T22:06:30","slug":"3-for-2","status":"publish","type":"page","link":"https:\/\/katarzyna.bg\/pl\/hotel\/reserve\/3-for-2\/","title":{"rendered":"\u041f\u0410\u041a\u0415\u0422 3 \u0437\u0430 2"},"content":{"rendered":"<div data-elementor-type=\"wp-page\" data-elementor-id=\"28106\" class=\"elementor elementor-28106\" data-elementor-post-type=\"page\">\n\t\t\t\t<div class=\"elementor-element elementor-element-9418a1f e-flex e-con-boxed e-con e-parent\" data-id=\"9418a1f\" data-element_type=\"container\">\n\t\t\t\t\t<div class=\"e-con-inner\">\n\t\t<div class=\"elementor-element elementor-element-37c665c e-con-full e-flex e-con e-child\" data-id=\"37c665c\" data-element_type=\"container\">\n\t\t\t\t<div class=\"elementor-element elementor-element-95b1bcf elementor-widget elementor-widget-woocommerce-breadcrumb\" data-id=\"95b1bcf\" data-element_type=\"widget\" data-widget_type=\"woocommerce-breadcrumb.default\">\n\t\t\t\t<div class=\"elementor-widget-container\">\n\t\t\t\t\t<nav class=\"woocommerce-breadcrumb\" aria-label=\"Breadcrumb\" data-no-translation=\"\" data-trp-gettext=\"\">Dom<\/nav>\t\t\t\t<\/div>\n\t\t\t\t<\/div>\n\t\t\t\t<div class=\"elementor-element elementor-element-eb92b44 elementor-widget elementor-widget-heading\" data-id=\"eb92b44\" data-element_type=\"widget\" data-widget_type=\"heading.default\">\n\t\t\t\t<div class=\"elementor-widget-container\">\n\t\t\t\t\t<h1 class=\"elementor-heading-title elementor-size-default\">Pakiet w dni powszednie <br>3 noce w cenie 2<\/h1>\t\t\t\t<\/div>\n\t\t\t\t<\/div>\n\t\t\t\t<div class=\"elementor-element elementor-element-78961c6 elementor-widget elementor-widget-text-editor\" data-id=\"78961c6\" data-element_type=\"widget\" data-widget_type=\"text-editor.default\">\n\t\t\t\t<div class=\"elementor-widget-container\">\n\t\t\t\t\t\t\t\t\t<table width=\"402\"><tbody><tr><td width=\"105\">RODZAJ POMIESZCZENIA<\/td><td width=\"59\">LICZBA GO\u015aCI<\/td><td width=\"116\">CENA ZA NOC W DNI POWSZEDNIE<\/td><td width=\"122\">PAKIET DNIOWEEKNDOWY \u2013 3 NOCLEGI<\/td><\/tr><tr><td width=\"105\">Po\u00f3j Standardowy<\/td><td width=\"59\">1+0<\/td><td width=\"116\">189.69 \u20ac \/ 371 \u043b\u0432.<\/td><td width=\"122\">379.38 \u20ac\u00a0\/ 742 \u043b\u0432.<\/td><\/tr><tr><td width=\"105\">Po\u00f3j Standardowy<\/td><td width=\"59\">2+0<\/td><td width=\"116\">237.24 \u20ac \/ 464 \u043b\u0432.<\/td><td width=\"122\">474.48 \u20ac \/ 928 \u043b\u0432.<\/td><\/tr><tr><td width=\"105\">Pok\u00f3j Superior<\/td><td width=\"59\">1+0<\/td><td width=\"116\">199.40 \u20ac\u00a0\/ 390 \u043b\u0432.<\/td><td width=\"122\">398.81 \u20ac \/ 780 \u043b\u0432.<\/td><\/tr><tr><td width=\"105\">Pok\u00f3j Superior<\/td><td width=\"59\">2+0<\/td><td width=\"116\">249.51 \u20ac\u00a0\/ 488 \u043b\u0432.<\/td><td width=\"122\">499.02 \u20ac \/ 976 \u043b\u0432.<\/td><\/tr><tr><td width=\"105\">Junior suite<\/td><td width=\"59\">3+0<\/td><td width=\"116\">359.95 \u20ac \/ 704 \u043b\u0432.<\/td><td width=\"122\">719.90 \u20ac\u00a0\/ 1408 \u043b\u0432.<\/td><\/tr><tr><td width=\"105\">Royal suite<\/td><td width=\"59\">3+0<\/td><td width=\"116\">400.85 \u20ac\u00a0\/ 784 \u043b\u0432.<\/td><td width=\"122\">801.71 \u20ac\u00a0\/ 1568 \u043b\u0432.<\/td><\/tr><tr><td width=\"105\">prezydentski apartament<\/td><td width=\"59\">4+0<\/td><td width=\"116\">959.18 \u20ac\u00a0\/ 1876 \u043b\u0432.<\/td><td width=\"122\">1918.37 \u20ac\u00a0\/ 3752 \u043b\u0432.<\/td><\/tr><tr><td colspan=\"4\" width=\"402\">*Ceny dotycz\u0105 ca\u0142ego pokoju zgodnie z podan\u0105 liczb\u0105 go\u015bci<\/td><\/tr><tr><td colspan=\"4\" width=\"402\">*Dop\u0142ata za dodatkowe zakwaterowanie dotyczy ca\u0142ego okresu pobytu w ramach pakietu<\/td><\/tr><tr><td width=\"105\">Dziecko poni\u017cej 6 lat<\/td><td colspan=\"3\" width=\"297\">bezp\u0142atnie<\/td><\/tr><tr><td width=\"105\">Dziecko 6\u201311,99 roku \u017cycia<\/td><td colspan=\"3\" width=\"297\">61.36 \u20ac \/ 120 \u043b\u0432.<\/td><\/tr><tr><td width=\"105\">osoba doros\u0142a<\/td><td colspan=\"3\" width=\"297\">122.71 \u20ac\u00a0\/ 240 \u043b\u0432.<\/td><\/tr><\/tbody><\/table><p>\u00a0<\/p>\t\t\t\t\t\t\t\t<\/div>\n\t\t\t\t<\/div>\n\t\t\t\t<\/div>\n\t\t<div class=\"elementor-element elementor-element-0d62804 e-con-full e-flex e-con e-child\" data-id=\"0d62804\" data-element_type=\"container\">\n\t\t\t\t<div class=\"elementor-element elementor-element-edb62f1 elementor-widget elementor-widget-image\" data-id=\"edb62f1\" data-element_type=\"widget\" data-widget_type=\"image.default\">\n\t\t\t\t<div class=\"elementor-widget-container\">\n\t\t\t\t\t\t\t\t\t\t\t\t\t\t\t\t<a href=\"https:\/\/katarzyna.bg\/pl\/booking\/\">\n\t\t\t\t\t\t\t<img fetchpriority=\"high\" decoding=\"async\" width=\"800\" height=\"734\" src=\"https:\/\/katarzyna.bg\/wp-content\/uploads\/2025\/07\/sleep_1x1-1024x939.jpg\" class=\"attachment-large size-large wp-image-28386\" alt=\"\" srcset=\"https:\/\/katarzyna.bg\/wp-content\/uploads\/2025\/07\/sleep_1x1-1024x939.jpg 1024w, https:\/\/katarzyna.bg\/wp-content\/uploads\/2025\/07\/sleep_1x1-300x275.jpg 300w, https:\/\/katarzyna.bg\/wp-content\/uploads\/2025\/07\/sleep_1x1-768x704.jpg 768w, https:\/\/katarzyna.bg\/wp-content\/uploads\/2025\/07\/sleep_1x1-13x12.jpg 13w, https:\/\/katarzyna.bg\/wp-content\/uploads\/2025\/07\/sleep_1x1-600x550.jpg 600w, https:\/\/katarzyna.bg\/wp-content\/uploads\/2025\/07\/sleep_1x1.jpg 1200w\" sizes=\"(max-width: 800px) 100vw, 800px\" \/>\t\t\t\t\t\t\t\t<\/a>\n\t\t\t\t\t\t\t\t\t\t\t\t\t\t\t<\/div>\n\t\t\t\t<\/div>\n\t\t\t\t<div class=\"elementor-element elementor-element-2afb239 elementor-widget elementor-widget-image\" data-id=\"2afb239\" data-element_type=\"widget\" data-widget_type=\"image.default\">\n\t\t\t\t<div class=\"elementor-widget-container\">\n\t\t\t\t\t\t\t\t\t\t\t\t\t\t\t<img decoding=\"async\" src=\"https:\/\/katarzyna.bg\/wp-content\/uploads\/2025\/07\/hotel_katarzyna_brown.png\" title=\"hotel_katarzyna_brown\" alt=\"hotel_katarzyna_brown\" loading=\"lazy\" \/>\t\t\t\t\t\t\t\t\t\t\t\t\t\t\t<\/div>\n\t\t\t\t<\/div>\n\t\t\t\t<\/div>\n\t\t\t\t\t<\/div>\n\t\t\t\t<\/div>\n\t\t<div class=\"elementor-element elementor-element-09ac971 e-grid e-con-boxed e-con e-parent\" data-id=\"09ac971\" data-element_type=\"container\">\n\t\t\t\t\t<div class=\"e-con-inner\">\n\t\t\t\t<div class=\"elementor-element elementor-element-cf07d56 elementor-widget elementor-widget-text-editor\" data-id=\"cf07d56\" data-element_type=\"widget\" data-widget_type=\"text-editor.default\">\n\t\t\t\t<div class=\"elementor-widget-container\">\n\t\t\t\t\t\t\t\t\t<p>\u00a0 Pakiet obejmuje:<\/p><ul><li>Komplement od HOTELU KATARZYNA \u2013 butelka wina na powitanie w pokoju<\/li><li>Drink powitalny z KATARZYNA BRUT<\/li><li>Sniadanie<\/li><li>\u041f\u043e\u043b\u0437\u0432\u0430\u043d\u0435 \u043d\u0430 Wellness \u0437\u043e\u043d\u0430: \u043f\u0430\u0440\u043d\u0430 \u0431\u0430\u043d\u044f, \u0441\u0430\u0443\u043d\u0430, \u0434\u0436\u0430\u043a\u0443\u0437\u0438<\/li><li>Kryty basen typu infinity<\/li><li>Zewn\u0119trzny basen typu infinity<\/li><li>Fitness<\/li><li>K\u0105cik dla dzieci w pomieszczeniu<\/li><li>Pok\u00f3j gier&amp;#8211, tylko dla doros\u0142ych<\/li><li>Parking<\/li><\/ul>\t\t\t\t\t\t\t\t<\/div>\n\t\t\t\t<\/div>\n\t\t\t\t\t<\/div>\n\t\t\t\t<\/div>\n\t\t<div class=\"elementor-element elementor-element-be4d5d8 e-flex e-con-boxed e-con e-parent\" data-id=\"be4d5d8\" data-element_type=\"container\" data-settings=\"{&quot;background_background&quot;:&quot;classic&quot;}\">\n\t\t\t\t\t<div class=\"e-con-inner\">\n\t\t<div class=\"elementor-element elementor-element-32635f3 e-con-full e-flex e-con e-child\" data-id=\"32635f3\" data-element_type=\"container\">\n\t\t\t\t<div class=\"elementor-element elementor-element-5790b47 elementor-widget elementor-widget-heading\" data-id=\"5790b47\" data-element_type=\"widget\" data-widget_type=\"heading.default\">\n\t\t\t\t<div class=\"elementor-widget-container\">\n\t\t\t\t\t<h2 class=\"elementor-heading-title elementor-size-default\">Zarezerwuj teraz<\/h2>\t\t\t\t<\/div>\n\t\t\t\t<\/div>\n\t\t\t\t<div class=\"elementor-element elementor-element-082d1cd elementor-widget elementor-widget-text-editor\" data-id=\"082d1cd\" data-element_type=\"widget\" data-widget_type=\"text-editor.default\">\n\t\t\t\t<div class=\"elementor-widget-container\">\n\t\t\t\t\t\t\t\t\t<p>Zarezerwuj pobyt w Hotelu Katarzyna ju\u017c dzi\u015b i ciesz si\u0119 komfortem, spokojem i nienagann\u0105 obs\u0142ug\u0105!<\/p>\t\t\t\t\t\t\t\t<\/div>\n\t\t\t\t<\/div>\n\t\t\t\t<div class=\"elementor-element elementor-element-c423ae7 elementor-align-center elementor-widget__width-inherit elementor-widget elementor-widget-button\" data-id=\"c423ae7\" data-element_type=\"widget\" data-widget_type=\"button.default\">\n\t\t\t\t<div class=\"elementor-widget-container\">\n\t\t\t\t\t\t\t\t\t<div class=\"elementor-button-wrapper\">\n\t\t\t\t\t<a class=\"elementor-button elementor-button-link elementor-size-sm\" href=\"https:\/\/katarzyna.bg\/pl\/booking\/\">\n\t\t\t\t\t\t<span class=\"elementor-button-content-wrapper\">\n\t\t\t\t\t\t\t\t\t<span class=\"elementor-button-text\">Rezerwuj<\/span>\n\t\t\t\t\t<\/span>\n\t\t\t\t\t<\/a>\n\t\t\t\t<\/div>\n\t\t\t\t\t\t\t\t<\/div>\n\t\t\t\t<\/div>\n\t\t\t\t<\/div>\n\t\t\t\t\t<\/div>\n\t\t\t\t<\/div>\n\t\t\t\t<\/div>","protected":false},"excerpt":{"rendered":"<p>\u0414\u0435\u043b\u043d\u0438\u0447\u0435\u043d \u043f\u0430\u043a\u0435\u0442 \u0422\u0440\u0438 \u043d\u043e\u0449\u0443\u0432\u043a\u0438 \u0437\u0430 \u0446\u0435\u043d\u0430\u0442\u0430 \u043d\u0430 \u0434\u0432\u0435 \u0412\u0418\u0414 \u041f\u041e\u041c\u0415\u0429\u0415\u041d\u0418\u0415 \u0411\u0420\u041e\u0419 \u0413\u041e\u0421\u0422\u0418 \u0426\u0415\u041d\u0410 \u0417\u0410 \u041d\u041e\u0429\u0423\u0412\u041a\u0410 \u0414\u0415\u041b\u041d\u0418\u0427\u041d\u0418 \u0414\u041d\u0418 \u0414\u0415\u041b\u041d\u0418\u0427\u0415\u041d \u041f\u0410\u041a\u0415\u0422 3 \u041d\u041e\u0429\u0423\u0412\u041a\u0418 Classic room 1+0 189.69 \u20ac \/ 371 \u043b\u0432. 379.38 \u20ac\u00a0\/ 742 \u043b\u0432. Classic room 2+0 237.24 \u20ac \/ 464 \u043b\u0432. 474.48 \u20ac \/ 928 \u043b\u0432. Superior room 1+0 199.40 \u20ac\u00a0\/ 390 \u043b\u0432. 398.81 \u20ac [&hellip;]<\/p>","protected":false},"author":6,"featured_media":0,"parent":25877,"menu_order":0,"comment_status":"closed","ping_status":"closed","template":"elementor_header_footer","meta":{"footnotes":""},"class_list":["post-28106","page","type-page","status-publish","hentry"],"yoast_head":"<!-- This site is optimized with the Yoast SEO plugin v27.1.1 - https:\/\/yoast.com\/product\/yoast-seo-wordpress\/ -->\n<title>\u0414\u0435\u043b\u043d\u0438\u0447\u0435\u043d \u043f\u0430\u043a\u0435\u0442 \u0422\u0440\u0438 \u043d\u043e\u0449\u0443\u0432\u043a\u0438 \u0437\u0430 \u0446\u0435\u043d\u0430\u0442\u0430 \u043d\u0430 \u0434\u0432\u0435<\/title>\n<meta name=\"description\" content=\"\u0412\u044a\u0437\u043f\u043e\u043b\u0437\u0432\u0430\u0439 \u0441\u0435 \u043e\u0442 \u0441\u043f\u0435\u0446\u0438\u0430\u043b\u043d\u0430\u0442\u0430 \u043e\u0444\u0435\u0440\u0442\u0430 2=3! \u0420\u0435\u0437\u0435\u0440\u0432\u0438\u0440\u0430\u0439 2 \u043d\u043e\u0449\u0443\u0432\u043a\u0438 \u0432 \u0425\u043e\u0442\u0435\u043b \u041a\u0430\u0442\u0430\u0440\u0436\u0438\u043d\u0430 \u0438 \u043f\u043e\u043b\u0443\u0447\u0438 \u0442\u0440\u0435\u0442\u0430 \u043d\u0430\u043f\u044a\u043b\u043d\u043e \u0431\u0435\u0437\u043f\u043b\u0430\u0442\u043d\u043e. \u041b\u0443\u043a\u0441 \u0438 \u043f\u0440\u0438\u0440\u043e\u0434\u0430 \u0432 \u0435\u0434\u043d\u043e.\" \/>\n<meta name=\"robots\" content=\"index, follow, max-snippet:-1, max-image-preview:large, max-video-preview:-1\" \/>\n<link rel=\"canonical\" href=\"https:\/\/katarzyna.bg\/pl\/hotel\/reserve\/3-for-2\/\" \/>\n<meta property=\"og:locale\" content=\"pl_PL\" \/>\n<meta property=\"og:type\" content=\"article\" \/>\n<meta property=\"og:title\" content=\"\u0414\u0435\u043b\u043d\u0438\u0447\u0435\u043d \u043f\u0430\u043a\u0435\u0442 \u0422\u0440\u0438 \u043d\u043e\u0449\u0443\u0432\u043a\u0438 \u0437\u0430 \u0446\u0435\u043d\u0430\u0442\u0430 \u043d\u0430 \u0434\u0432\u0435\" \/>\n<meta property=\"og:description\" content=\"\u0412\u044a\u0437\u043f\u043e\u043b\u0437\u0432\u0430\u0439 \u0441\u0435 \u043e\u0442 \u0441\u043f\u0435\u0446\u0438\u0430\u043b\u043d\u0430\u0442\u0430 \u043e\u0444\u0435\u0440\u0442\u0430 2=3! \u0420\u0435\u0437\u0435\u0440\u0432\u0438\u0440\u0430\u0439 2 \u043d\u043e\u0449\u0443\u0432\u043a\u0438 \u0432 \u0425\u043e\u0442\u0435\u043b \u041a\u0430\u0442\u0430\u0440\u0436\u0438\u043d\u0430 \u0438 \u043f\u043e\u043b\u0443\u0447\u0438 \u0442\u0440\u0435\u0442\u0430 \u043d\u0430\u043f\u044a\u043b\u043d\u043e \u0431\u0435\u0437\u043f\u043b\u0430\u0442\u043d\u043e. \u041b\u0443\u043a\u0441 \u0438 \u043f\u0440\u0438\u0440\u043e\u0434\u0430 \u0432 \u0435\u0434\u043d\u043e.\" \/>\n<meta property=\"og:url\" content=\"https:\/\/katarzyna.bg\/pl\/hotel\/reserve\/3-for-2\/\" \/>\n<meta property=\"og:site_name\" content=\"Katarzyna\" \/>\n<meta property=\"article:publisher\" content=\"https:\/\/www.facebook.com\/katarzynaestate\/\" \/>\n<meta property=\"article:modified_time\" content=\"2026-03-25T22:06:30+00:00\" \/>\n<meta property=\"og:image\" content=\"https:\/\/katarzyna.bg\/wp-content\/uploads\/2025\/07\/sleep_1x1-1024x939.jpg\" \/>\n<meta name=\"twitter:card\" content=\"summary_large_image\" \/>\n<meta name=\"twitter:label1\" content=\"Szacowany czas czytania\" \/>\n\t<meta name=\"twitter:data1\" content=\"2 minuty\" \/>\n<script type=\"application\/ld+json\" class=\"yoast-schema-graph\">{\"@context\":\"https:\/\/schema.org\",\"@graph\":[{\"@type\":\"WebPage\",\"@id\":\"https:\/\/katarzyna.bg\/hotel\/reserve\/3-for-2\/\",\"url\":\"https:\/\/katarzyna.bg\/hotel\/reserve\/3-for-2\/\",\"name\":\"\u0414\u0435\u043b\u043d\u0438\u0447\u0435\u043d \u043f\u0430\u043a\u0435\u0442 \u0422\u0440\u0438 \u043d\u043e\u0449\u0443\u0432\u043a\u0438 \u0437\u0430 \u0446\u0435\u043d\u0430\u0442\u0430 \u043d\u0430 \u0434\u0432\u0435\",\"isPartOf\":{\"@id\":\"https:\/\/katarzyna.bg\/#website\"},\"primaryImageOfPage\":{\"@id\":\"https:\/\/katarzyna.bg\/hotel\/reserve\/3-for-2\/#primaryimage\"},\"image\":{\"@id\":\"https:\/\/katarzyna.bg\/hotel\/reserve\/3-for-2\/#primaryimage\"},\"thumbnailUrl\":\"https:\/\/katarzyna.bg\/wp-content\/uploads\/2025\/07\/sleep_1x1-1024x939.jpg\",\"datePublished\":\"2025-07-15T09:43:19+00:00\",\"dateModified\":\"2026-03-25T22:06:30+00:00\",\"description\":\"\u0412\u044a\u0437\u043f\u043e\u043b\u0437\u0432\u0430\u0439 \u0441\u0435 \u043e\u0442 \u0441\u043f\u0435\u0446\u0438\u0430\u043b\u043d\u0430\u0442\u0430 \u043e\u0444\u0435\u0440\u0442\u0430 2=3! \u0420\u0435\u0437\u0435\u0440\u0432\u0438\u0440\u0430\u0439 2 \u043d\u043e\u0449\u0443\u0432\u043a\u0438 \u0432 \u0425\u043e\u0442\u0435\u043b \u041a\u0430\u0442\u0430\u0440\u0436\u0438\u043d\u0430 \u0438 \u043f\u043e\u043b\u0443\u0447\u0438 \u0442\u0440\u0435\u0442\u0430 \u043d\u0430\u043f\u044a\u043b\u043d\u043e \u0431\u0435\u0437\u043f\u043b\u0430\u0442\u043d\u043e. \u041b\u0443\u043a\u0441 \u0438 \u043f\u0440\u0438\u0440\u043e\u0434\u0430 \u0432 \u0435\u0434\u043d\u043e.\",\"breadcrumb\":{\"@id\":\"https:\/\/katarzyna.bg\/hotel\/reserve\/3-for-2\/#breadcrumb\"},\"inLanguage\":\"pl-PL\",\"potentialAction\":[{\"@type\":\"ReadAction\",\"target\":[\"https:\/\/katarzyna.bg\/hotel\/reserve\/3-for-2\/\"]}]},{\"@type\":\"ImageObject\",\"inLanguage\":\"pl-PL\",\"@id\":\"https:\/\/katarzyna.bg\/hotel\/reserve\/3-for-2\/#primaryimage\",\"url\":\"https:\/\/katarzyna.bg\/wp-content\/uploads\/2025\/07\/sleep_1x1-1024x939.jpg\",\"contentUrl\":\"https:\/\/katarzyna.bg\/wp-content\/uploads\/2025\/07\/sleep_1x1-1024x939.jpg\"},{\"@type\":\"BreadcrumbList\",\"@id\":\"https:\/\/katarzyna.bg\/hotel\/reserve\/3-for-2\/#breadcrumb\",\"itemListElement\":[{\"@type\":\"ListItem\",\"position\":1,\"name\":\"\u041d\u0430\u0447\u0430\u043b\u043e\",\"item\":\"https:\/\/katarzyna.bg\/\"},{\"@type\":\"ListItem\",\"position\":2,\"name\":\"\u0425\u043e\u0442\u0435\u043b\",\"item\":\"https:\/\/katarzyna.bg\/hotel\/\"},{\"@type\":\"ListItem\",\"position\":3,\"name\":\"\u0420\u0435\u0437\u0435\u0440\u0432\u0438\u0440\u0430\u0439\",\"item\":\"https:\/\/katarzyna.bg\/hotel\/reserve\/\"},{\"@type\":\"ListItem\",\"position\":4,\"name\":\"\u041f\u0410\u041a\u0415\u0422 3 \u0437\u0430 2\"}]},{\"@type\":\"WebSite\",\"@id\":\"https:\/\/katarzyna.bg\/#website\",\"url\":\"https:\/\/katarzyna.bg\/\",\"name\":\"Katarzyna\",\"description\":\"Katarzyna\",\"publisher\":{\"@id\":\"https:\/\/katarzyna.bg\/#organization\"},\"potentialAction\":[{\"@type\":\"SearchAction\",\"target\":{\"@type\":\"EntryPoint\",\"urlTemplate\":\"https:\/\/katarzyna.bg\/?s={search_term_string}\"},\"query-input\":{\"@type\":\"PropertyValueSpecification\",\"valueRequired\":true,\"valueName\":\"search_term_string\"}}],\"inLanguage\":\"pl-PL\"},{\"@type\":\"Organization\",\"@id\":\"https:\/\/katarzyna.bg\/#organization\",\"name\":\"Katarzyna Estate\",\"url\":\"https:\/\/katarzyna.bg\/\",\"logo\":{\"@type\":\"ImageObject\",\"inLanguage\":\"pl-PL\",\"@id\":\"https:\/\/katarzyna.bg\/#\/schema\/logo\/image\/\",\"url\":\"https:\/\/katarzyna.bg\/wp-content\/uploads\/2025\/03\/cropped-logo_grey-e1668669109649.png.webp\",\"contentUrl\":\"https:\/\/katarzyna.bg\/wp-content\/uploads\/2025\/03\/cropped-logo_grey-e1668669109649.png.webp\",\"width\":512,\"height\":512,\"caption\":\"Katarzyna Estate\"},\"image\":{\"@id\":\"https:\/\/katarzyna.bg\/#\/schema\/logo\/image\/\"},\"sameAs\":[\"https:\/\/www.facebook.com\/katarzynaestate\/\"]}]}<\/script>\n<!-- \/ Yoast SEO plugin. -->","yoast_head_json":{"title":"Pakiet w dni powszednie \u2013 Trzy noce w cenie dw\u00f3ch","description":"Skorzystaj ze specjalnej oferty 2=3! Zarezerwuj 2 noce w Hotelu Katarzyna, a trzeci\u0105 otrzymasz ca\u0142kowicie gratis. Luksus i natura w jednym miejscu.","robots":{"index":"index","follow":"follow","max-snippet":"max-snippet:-1","max-image-preview":"max-image-preview:large","max-video-preview":"max-video-preview:-1"},"canonical":"https:\/\/katarzyna.bg\/pl\/hotel\/reserve\/3-for-2\/","og_locale":"pl_PL","og_type":"article","og_title":"\u0414\u0435\u043b\u043d\u0438\u0447\u0435\u043d \u043f\u0430\u043a\u0435\u0442 \u0422\u0440\u0438 \u043d\u043e\u0449\u0443\u0432\u043a\u0438 \u0437\u0430 \u0446\u0435\u043d\u0430\u0442\u0430 \u043d\u0430 \u0434\u0432\u0435","og_description":"\u0412\u044a\u0437\u043f\u043e\u043b\u0437\u0432\u0430\u0439 \u0441\u0435 \u043e\u0442 \u0441\u043f\u0435\u0446\u0438\u0430\u043b\u043d\u0430\u0442\u0430 \u043e\u0444\u0435\u0440\u0442\u0430 2=3! \u0420\u0435\u0437\u0435\u0440\u0432\u0438\u0440\u0430\u0439 2 \u043d\u043e\u0449\u0443\u0432\u043a\u0438 \u0432 \u0425\u043e\u0442\u0435\u043b \u041a\u0430\u0442\u0430\u0440\u0436\u0438\u043d\u0430 \u0438 \u043f\u043e\u043b\u0443\u0447\u0438 \u0442\u0440\u0435\u0442\u0430 \u043d\u0430\u043f\u044a\u043b\u043d\u043e \u0431\u0435\u0437\u043f\u043b\u0430\u0442\u043d\u043e. \u041b\u0443\u043a\u0441 \u0438 \u043f\u0440\u0438\u0440\u043e\u0434\u0430 \u0432 \u0435\u0434\u043d\u043e.","og_url":"https:\/\/katarzyna.bg\/pl\/hotel\/reserve\/3-for-2\/","og_site_name":"Katarzyna","article_publisher":"https:\/\/www.facebook.com\/katarzynaestate\/","article_modified_time":"2026-03-25T22:06:30+00:00","og_image":[{"url":"https:\/\/katarzyna.bg\/wp-content\/uploads\/2025\/07\/sleep_1x1-1024x939.jpg","type":"","width":"","height":""}],"twitter_card":"summary_large_image","twitter_misc":{"Szacowany czas czytania":"2 minuty"},"schema":{"@context":"https:\/\/schema.org","@graph":[{"@type":"WebPage","@id":"https:\/\/katarzyna.bg\/hotel\/reserve\/3-for-2\/","url":"https:\/\/katarzyna.bg\/hotel\/reserve\/3-for-2\/","name":"Pakiet w dni powszednie \u2013 Trzy noce w cenie dw\u00f3ch","isPartOf":{"@id":"https:\/\/katarzyna.bg\/#website"},"primaryImageOfPage":{"@id":"https:\/\/katarzyna.bg\/hotel\/reserve\/3-for-2\/#primaryimage"},"image":{"@id":"https:\/\/katarzyna.bg\/hotel\/reserve\/3-for-2\/#primaryimage"},"thumbnailUrl":"https:\/\/katarzyna.bg\/wp-content\/uploads\/2025\/07\/sleep_1x1-1024x939.jpg","datePublished":"2025-07-15T09:43:19+00:00","dateModified":"2026-03-25T22:06:30+00:00","description":"Skorzystaj ze specjalnej oferty 2=3! Zarezerwuj 2 noce w Hotelu Katarzyna, a trzeci\u0105 otrzymasz ca\u0142kowicie gratis. Luksus i natura w jednym miejscu.","breadcrumb":{"@id":"https:\/\/katarzyna.bg\/hotel\/reserve\/3-for-2\/#breadcrumb"},"inLanguage":"pl-PL","potentialAction":[{"@type":"ReadAction","target":["https:\/\/katarzyna.bg\/hotel\/reserve\/3-for-2\/"]}]},{"@type":"ImageObject","inLanguage":"pl-PL","@id":"https:\/\/katarzyna.bg\/hotel\/reserve\/3-for-2\/#primaryimage","url":"https:\/\/katarzyna.bg\/wp-content\/uploads\/2025\/07\/sleep_1x1-1024x939.jpg","contentUrl":"https:\/\/katarzyna.bg\/wp-content\/uploads\/2025\/07\/sleep_1x1-1024x939.jpg"},{"@type":"BreadcrumbList","@id":"https:\/\/katarzyna.bg\/hotel\/reserve\/3-for-2\/#breadcrumb","itemListElement":[{"@type":"ListItem","position":1,"name":"\u041d\u0430\u0447\u0430\u043b\u043e","item":"https:\/\/katarzyna.bg\/"},{"@type":"ListItem","position":2,"name":"\u0425\u043e\u0442\u0435\u043b","item":"https:\/\/katarzyna.bg\/hotel\/"},{"@type":"ListItem","position":3,"name":"\u0420\u0435\u0437\u0435\u0440\u0432\u0438\u0440\u0430\u0439","item":"https:\/\/katarzyna.bg\/hotel\/reserve\/"},{"@type":"ListItem","position":4,"name":"\u041f\u0410\u041a\u0415\u0422 3 \u0437\u0430 2"}]},{"@type":"WebSite","@id":"https:\/\/katarzyna.bg\/#website","url":"https:\/\/katarzyna.bg\/","name":"Katarzyna","description":"Katarzyna","publisher":{"@id":"https:\/\/katarzyna.bg\/#organization"},"potentialAction":[{"@type":"SearchAction","target":{"@type":"EntryPoint","urlTemplate":"https:\/\/katarzyna.bg\/?s={search_term_string}"},"query-input":{"@type":"PropertyValueSpecification","valueRequired":true,"valueName":"search_term_string"}}],"inLanguage":"pl-PL"},{"@type":"Organization","@id":"https:\/\/katarzyna.bg\/#organization","name":"Katarzyna Estate","url":"https:\/\/katarzyna.bg\/","logo":{"@type":"ImageObject","inLanguage":"pl-PL","@id":"https:\/\/katarzyna.bg\/#\/schema\/logo\/image\/","url":"https:\/\/katarzyna.bg\/wp-content\/uploads\/2025\/03\/cropped-logo_grey-e1668669109649.png.webp","contentUrl":"https:\/\/katarzyna.bg\/wp-content\/uploads\/2025\/03\/cropped-logo_grey-e1668669109649.png.webp","width":512,"height":512,"caption":"Katarzyna Estate"},"image":{"@id":"https:\/\/katarzyna.bg\/#\/schema\/logo\/image\/"},"sameAs":["https:\/\/www.facebook.com\/katarzynaestate\/"]}]}},"_links":{"self":[{"href":"https:\/\/katarzyna.bg\/pl\/wp-json\/wp\/v2\/pages\/28106","targetHints":{"allow":["GET"]}}],"collection":[{"href":"https:\/\/katarzyna.bg\/pl\/wp-json\/wp\/v2\/pages"}],"about":[{"href":"https:\/\/katarzyna.bg\/pl\/wp-json\/wp\/v2\/types\/page"}],"author":[{"embeddable":true,"href":"https:\/\/katarzyna.bg\/pl\/wp-json\/wp\/v2\/users\/6"}],"replies":[{"embeddable":true,"href":"https:\/\/katarzyna.bg\/pl\/wp-json\/wp\/v2\/comments?post=28106"}],"version-history":[{"count":34,"href":"https:\/\/katarzyna.bg\/pl\/wp-json\/wp\/v2\/pages\/28106\/revisions"}],"predecessor-version":[{"id":30132,"href":"https:\/\/katarzyna.bg\/pl\/wp-json\/wp\/v2\/pages\/28106\/revisions\/30132"}],"up":[{"embeddable":true,"href":"https:\/\/katarzyna.bg\/pl\/wp-json\/wp\/v2\/pages\/25877"}],"wp:attachment":[{"href":"https:\/\/katarzyna.bg\/pl\/wp-json\/wp\/v2\/media?parent=28106"}],"curies":[{"name":"wp","href":"https:\/\/api.w.org\/{rel}","templated":true}]}}