{"id":30920,"date":"2026-02-24T17:41:41","date_gmt":"2026-02-24T15:41:41","guid":{"rendered":"https:\/\/katarzyna.bg\/?page_id=30920"},"modified":"2026-02-25T16:48:37","modified_gmt":"2026-02-25T14:48:37","slug":"paket-velikden-2026","status":"publish","type":"page","link":"https:\/\/katarzyna.bg\/pl\/hotel\/reserve\/paket-velikden-2026\/","title":{"rendered":"\u041f\u0410\u041a\u0415\u0422 \u0412\u0415\u041b\u0418\u041a\u0414\u0415\u041d 2026"},"content":{"rendered":"<div data-elementor-type=\"wp-page\" data-elementor-id=\"30920\" class=\"elementor elementor-30920\" data-elementor-post-type=\"page\">\n\t\t\t\t<div class=\"elementor-element elementor-element-9418a1f e-flex e-con-boxed e-con e-parent\" data-id=\"9418a1f\" data-element_type=\"container\">\n\t\t\t\t\t<div class=\"e-con-inner\">\n\t\t<div class=\"elementor-element elementor-element-37c665c e-con-full e-flex e-con e-child\" data-id=\"37c665c\" data-element_type=\"container\">\n\t\t\t\t<div class=\"elementor-element elementor-element-95b1bcf elementor-widget elementor-widget-woocommerce-breadcrumb\" data-id=\"95b1bcf\" data-element_type=\"widget\" data-widget_type=\"woocommerce-breadcrumb.default\">\n\t\t\t\t<div class=\"elementor-widget-container\">\n\t\t\t\t\t<nav class=\"woocommerce-breadcrumb\" aria-label=\"Breadcrumb\" data-no-translation=\"\" data-trp-gettext=\"\">Dom<\/nav>\t\t\t\t<\/div>\n\t\t\t\t<\/div>\n\t\t\t\t<div class=\"elementor-element elementor-element-eb92b44 elementor-widget elementor-widget-heading\" data-id=\"eb92b44\" data-element_type=\"widget\" data-widget_type=\"heading.default\">\n\t\t\t\t<div class=\"elementor-widget-container\">\n\t\t\t\t\t<h1 class=\"elementor-heading-title elementor-size-default\">Pakiet Wielkanocny 2026<\/h1>\t\t\t\t<\/div>\n\t\t\t\t<\/div>\n\t\t\t\t<div class=\"elementor-element elementor-element-78961c6 elementor-widget__width-initial elementor-widget elementor-widget-text-editor\" data-id=\"78961c6\" data-element_type=\"widget\" data-widget_type=\"text-editor.default\">\n\t\t\t\t<div class=\"elementor-widget-container\">\n\t\t\t\t\t\t\t\t\t<table width=\"391\"><tbody><tr><td width=\"219\">RODZAJ POMIESZCZENIA\u00a0 \u00a0 \u00a0 \u00a0 \u00a0 \u00a0 \u00a0 \u00a0 \u00a0 \u00a0 \u00a0 \u00a0 \u00a0 \u00a0 \u00a0 \u00a0 \u00a0 \u00a0 \u00a0 \u00a0 \u00a0 \u00a0 \u00a0<\/td><td width=\"73\">Number of Guests<\/td><td width=\"99\">Pakiet 2 nocy na pok\u00f3j<\/td><\/tr><tr><td>Classic<\/td><td>1+0<\/td><td>710 \u20ac \/ 1389 BGN<\/td><\/tr><tr><td>Classic<\/td><td>2+0<\/td><td>1065 \u20ac \/ 2082 BGN<\/td><\/tr><tr><td>Superior<\/td><td>1+0<\/td><td>735 \u20ac \/ 1437 BGN<\/td><\/tr><tr><td>Superior<\/td><td>2+0<\/td><td>1094 \u20ac \/ 2140 BGN<\/td><\/tr><tr><td>Junior suite<\/td><td>2+0<\/td><td>1371 \u20ac \/ 2682 BGN<\/td><\/tr><tr><td>Junior suite<\/td><td>2+1<\/td><td>1607 \u20ac \/ 3143 \u043b\u0432<\/td><\/tr><tr><td>Royal suite<\/td><td>2+0<\/td><td>1474 \u20ac \/ 2882 BGN<\/td><\/tr><tr><td>Royal suite<\/td><td>2+1<\/td><td>1709 \u20ac \/ 3343 BGN<\/td><\/tr><tr><td>prezydentski apartament<\/td><td>2+2<\/td><td>3103 \u20ac \/ 6096 BGN<\/td><\/tr><\/tbody><\/table><table width=\"323\"><tbody><tr><td colspan=\"3\">*Ceny dotycz\u0105 ca\u0142ego pokoju zgodnie z podan\u0105 liczb\u0105 go\u015bci<\/td><\/tr><tr><td colspan=\"3\">Dop\u0142ata przy zameldowaniu za ca\u0142y pakiet<\/td><\/tr><tr><td width=\"124\">Dziecko poni\u017cej 6 lat<\/td><td colspan=\"2\" width=\"199\">bezp\u0142atnie<\/td><\/tr><tr><td width=\"124\">Dziecko 6\u201311,99 lat<\/td><td colspan=\"2\" width=\"199\">152\u20ac \/ 297.29 BGN<\/td><\/tr><tr><td width=\"124\">Dzieci powy\u017cej 12 lat lub osoba doros\u0142a<\/td><td colspan=\"2\" width=\"199\">318 \u20ac \/ 621.95 BGN\u00a0<\/td><\/tr><\/tbody><\/table>\t\t\t\t\t\t\t\t<\/div>\n\t\t\t\t<\/div>\n\t\t\t\t<\/div>\n\t\t<div class=\"elementor-element elementor-element-0d62804 e-con-full e-flex e-con e-child\" data-id=\"0d62804\" data-element_type=\"container\">\n\t\t\t\t<div class=\"elementor-element elementor-element-edb62f1 elementor-widget__width-initial elementor-widget elementor-widget-image\" data-id=\"edb62f1\" data-element_type=\"widget\" data-widget_type=\"image.default\">\n\t\t\t\t<div class=\"elementor-widget-container\">\n\t\t\t\t\t\t\t\t\t\t\t\t\t\t\t\t<a href=\"https:\/\/katarzyna.bg\/pl\/booking\/\">\n\t\t\t\t\t\t\t<img fetchpriority=\"high\" decoding=\"async\" width=\"683\" height=\"1024\" src=\"https:\/\/katarzyna.bg\/wp-content\/uploads\/2026\/02\/a65b5560-683x1024.jpeg\" class=\"attachment-large size-large wp-image-30978\" alt=\"\" srcset=\"https:\/\/katarzyna.bg\/wp-content\/uploads\/2026\/02\/a65b5560-683x1024.jpeg 683w, https:\/\/katarzyna.bg\/wp-content\/uploads\/2026\/02\/a65b5560-200x300.jpeg 200w, https:\/\/katarzyna.bg\/wp-content\/uploads\/2026\/02\/a65b5560-768x1152.jpeg 768w, https:\/\/katarzyna.bg\/wp-content\/uploads\/2026\/02\/a65b5560-1024x1536.jpeg 1024w, https:\/\/katarzyna.bg\/wp-content\/uploads\/2026\/02\/a65b5560-1365x2048.jpeg 1365w, https:\/\/katarzyna.bg\/wp-content\/uploads\/2026\/02\/a65b5560-8x12.jpeg 8w, https:\/\/katarzyna.bg\/wp-content\/uploads\/2026\/02\/a65b5560-600x900.jpeg 600w, https:\/\/katarzyna.bg\/wp-content\/uploads\/2026\/02\/a65b5560-64x96.jpeg 64w, https:\/\/katarzyna.bg\/wp-content\/uploads\/2026\/02\/a65b5560-scaled.jpeg 1707w\" sizes=\"(max-width: 683px) 100vw, 683px\" \/>\t\t\t\t\t\t\t\t<\/a>\n\t\t\t\t\t\t\t\t\t\t\t\t\t\t\t<\/div>\n\t\t\t\t<\/div>\n\t\t\t\t<div class=\"elementor-element elementor-element-2afb239 elementor-widget elementor-widget-image\" data-id=\"2afb239\" data-element_type=\"widget\" data-widget_type=\"image.default\">\n\t\t\t\t<div class=\"elementor-widget-container\">\n\t\t\t\t\t\t\t\t\t\t\t\t\t\t\t<img decoding=\"async\" src=\"https:\/\/katarzyna.bg\/wp-content\/uploads\/2025\/07\/hotel_katarzyna_brown.png\" title=\"hotel_katarzyna_brown\" alt=\"hotel_katarzyna_brown\" loading=\"lazy\" \/>\t\t\t\t\t\t\t\t\t\t\t\t\t\t\t<\/div>\n\t\t\t\t<\/div>\n\t\t\t\t<\/div>\n\t\t\t\t\t<\/div>\n\t\t\t\t<\/div>\n\t\t<div class=\"elementor-element elementor-element-09ac971 e-grid e-con-boxed e-con e-parent\" data-id=\"09ac971\" data-element_type=\"container\">\n\t\t\t\t\t<div class=\"e-con-inner\">\n\t\t\t\t<div class=\"elementor-element elementor-element-cf07d56 elementor-widget elementor-widget-text-editor\" data-id=\"cf07d56\" data-element_type=\"widget\" data-widget_type=\"text-editor.default\">\n\t\t\t\t<div class=\"elementor-widget-container\">\n\t\t\t\t\t\t\t\t\t<p>Pakiet obejmuje:<\/p><ul><li>2 noce ze \u015bniadaniami<\/li><li>Welcome drink<\/li><li>2 \u015bwi\u0105teczne kolacje z wyst\u0119pami artyst\u00f3w i programem DJ<\/li><li>\u015awi\u0105teczne warsztaty \u2013 malowanie jajek i pieczenie ciastek<\/li><li>Wycieczka winna<\/li><li>Degustacja wina<\/li><li>Korzystanie ze strefy SPA &amp; Wellness<\/li><li>Fitness<\/li><li>K\u0105cik dla dzieci w pomieszczeniu<\/li><li>Pok\u00f3j gier&amp;#8211, tylko dla doros\u0142ych<\/li><li>Butelka wina jako prezent w ka\u017cdym pokoju<\/li><li>Parking<\/li><\/ul><p>\u00a0<\/p><p><strong>PROGRAM:<\/strong><\/p><p><span style=\"text-decoration: underline;\"><em>10.04.2026 \u0433.<\/em><\/span><\/p><ul><li>20:00 \u2013 Kolacja w Wielki Pi\u0105tek i set muzyczny DJ-a Stan<\/li><li data-start=\"486\" data-end=\"685\">21:00 \u2013 Wiecz\u00f3r ze specjalnym wyst\u0119pem muzycznym Jacqueline Tarakchi<\/li><\/ul><p><span style=\"text-decoration: underline;\"><em>11.04.2026 \u0433.<\/em><\/span><\/p><ul><li>11:30 \u2013 \u015awi\u0105teczne warsztaty \u2013 malowanie jajek<\/li><li>15:00 \u2013 Pieczenie wielkanocnych ciastek<\/li><li>15:00 \u2013 Wycieczka winna w winnicy<\/li><li>16:30 \u2013 Degustacja win w hotelu<\/li><li>20:00 \u2013 \u015awi\u0105teczna kolacja wielkanocna i set muzyczny DJ-a Stan<\/li><li>21:00 \u2013 Wiecz\u00f3r z magicznymi g\u0142osami Ralitsy Grudevej i Vanessy Ilievej<\/li><\/ul><p>Mo\u017cliwo\u015b\u0107 skorzystania z sali VIP dla maksymalnie 14 os\u00f3b po wcze\u015bniejszej rezerwacji.<\/p>\t\t\t\t\t\t\t\t<\/div>\n\t\t\t\t<\/div>\n\t\t\t\t\t<\/div>\n\t\t\t\t<\/div>\n\t\t<div class=\"elementor-element elementor-element-be4d5d8 e-flex e-con-boxed e-con e-parent\" data-id=\"be4d5d8\" data-element_type=\"container\" data-settings=\"{&quot;background_background&quot;:&quot;classic&quot;}\">\n\t\t\t\t\t<div class=\"e-con-inner\">\n\t\t<div class=\"elementor-element elementor-element-32635f3 e-con-full e-flex e-con e-child\" data-id=\"32635f3\" data-element_type=\"container\">\n\t\t\t\t<div class=\"elementor-element elementor-element-5790b47 elementor-widget elementor-widget-heading\" data-id=\"5790b47\" data-element_type=\"widget\" data-widget_type=\"heading.default\">\n\t\t\t\t<div class=\"elementor-widget-container\">\n\t\t\t\t\t<h2 class=\"elementor-heading-title elementor-size-default\">Zarezerwuj teraz<\/h2>\t\t\t\t<\/div>\n\t\t\t\t<\/div>\n\t\t\t\t<div class=\"elementor-element elementor-element-082d1cd elementor-widget elementor-widget-text-editor\" data-id=\"082d1cd\" data-element_type=\"widget\" data-widget_type=\"text-editor.default\">\n\t\t\t\t<div class=\"elementor-widget-container\">\n\t\t\t\t\t\t\t\t\t<p>Zarezerwuj pobyt w Hotelu Katarzyna ju\u017c dzi\u015b i ciesz si\u0119 komfortem, spokojem i nienagann\u0105 obs\u0142ug\u0105!<\/p>\t\t\t\t\t\t\t\t<\/div>\n\t\t\t\t<\/div>\n\t\t\t\t<div class=\"elementor-element elementor-element-c423ae7 elementor-align-center elementor-widget__width-inherit elementor-widget elementor-widget-button\" data-id=\"c423ae7\" data-element_type=\"widget\" data-widget_type=\"button.default\">\n\t\t\t\t<div class=\"elementor-widget-container\">\n\t\t\t\t\t\t\t\t\t<div class=\"elementor-button-wrapper\">\n\t\t\t\t\t<a class=\"elementor-button elementor-button-link elementor-size-sm\" href=\"https:\/\/katarzyna.bg\/pl\/booking\/\">\n\t\t\t\t\t\t<span class=\"elementor-button-content-wrapper\">\n\t\t\t\t\t\t\t\t\t<span class=\"elementor-button-text\">Rezerwuj<\/span>\n\t\t\t\t\t<\/span>\n\t\t\t\t\t<\/a>\n\t\t\t\t<\/div>\n\t\t\t\t\t\t\t\t<\/div>\n\t\t\t\t<\/div>\n\t\t\t\t<\/div>\n\t\t\t\t\t<\/div>\n\t\t\t\t<\/div>\n\t\t\t\t<\/div>","protected":false},"excerpt":{"rendered":"<p>\u0412\u0435\u043b\u0438\u043a\u0434\u0435\u043d\u0441\u043a\u0430 \u0430\u0442\u043c\u043e\u0441\u0444\u0435\u0440\u0430, \u0441\u044a\u0447\u0435\u0442\u0430\u043d\u0430 \u0441 \u043f\u0440\u0430\u0437\u043d\u0438\u0447\u043d\u0438 \u0432\u0435\u0447\u0435\u0440\u0438, \u0431\u043e\u0433\u0430\u0442\u0430 \u043c\u0443\u0437\u0438\u043a\u0430\u043b\u043d\u0430 \u043f\u0440\u043e\u0433\u0440\u0430\u043c\u0430 \u0441 \u043c\u0430\u0433\u0438\u0447\u043d\u0438\u0442\u0435 \u0433\u043b\u0430\u0441\u043e\u0432\u0435 \u043d\u0430 \u0416\u0430\u043a\u043b\u0438\u043d \u0422\u0430\u0440\u0430\u043a\u0447\u0438, \u0420\u0430\u043b\u0438\u0446\u0430 \u0413\u0440\u0443\u0434\u0435\u0432\u0430 \u0438 \u0412\u0430\u043d\u0435\u0441\u0430 \u0418\u043b\u0438\u0435\u0432\u0430 \u0438 \u0438\u0437\u0438\u0441\u043a\u0430\u043d \u0432\u0438\u043d\u0435\u043d \u0430\u043a\u0446\u0435\u043d\u0442.<\/p>","protected":false},"author":8,"featured_media":0,"parent":25877,"menu_order":0,"comment_status":"closed","ping_status":"closed","template":"elementor_header_footer","meta":{"footnotes":""},"class_list":["post-30920","page","type-page","status-publish","hentry"],"yoast_head":"<!-- This site is optimized with the Yoast SEO plugin v27.1.1 - https:\/\/yoast.com\/product\/yoast-seo-wordpress\/ -->\n<title>\u041f\u0410\u041a\u0415\u0422 \u0412\u0415\u041b\u0418\u041a\u0414\u0415\u041d 2026<\/title>\n<meta name=\"description\" content=\"\u0412\u0435\u043b\u0438\u043a\u0434\u0435\u043d\u0441\u043a\u0430 \u0430\u0442\u043c\u043e\u0441\u0444\u0435\u0440\u0430, \u0441\u044a\u0447\u0435\u0442\u0430\u043d\u0430 \u0441 \u043f\u0440\u0430\u0437\u043d\u0438\u0447\u043d\u0438 \u0432\u0435\u0447\u0435\u0440\u0438, \u0431\u043e\u0433\u0430\u0442\u0430 \u043c\u0443\u0437\u0438\u043a\u0430\u043b\u043d\u0430 \u043f\u0440\u043e\u0433\u0440\u0430\u043c\u0430 \u0441 \u043c\u0430\u0433\u0438\u0447\u043d\u0438\u0442\u0435 \u0433\u043b\u0430\u0441\u043e\u0432\u0435 \u043d\u0430 \u0416\u0430\u043a\u043b\u0438\u043d \u0422\u0430\u0440\u0430\u043a\u0447\u0438, \u0420\u0430\u043b\u0438\u0446\u0430 \u0413\u0440\u0443\u0434\u0435\u0432\u0430 \u0438 \u0412\u0430\u043d\u0435\u0441\u0430 \u0418\u043b\u0438\u0435\u0432\u0430 \u0438 \u0438\u0437\u0438\u0441\u043a\u0430\u043d \u0432\u0438\u043d\u0435\u043d \u0430\u043a\u0446\u0435\u043d\u0442.\" \/>\n<meta name=\"robots\" content=\"index, follow, max-snippet:-1, max-image-preview:large, max-video-preview:-1\" \/>\n<link rel=\"canonical\" href=\"https:\/\/katarzyna.bg\/pl\/hotel\/reserve\/paket-velikden-2026\/\" \/>\n<meta property=\"og:locale\" content=\"pl_PL\" \/>\n<meta property=\"og:type\" content=\"article\" \/>\n<meta property=\"og:title\" content=\"\u041f\u0410\u041a\u0415\u0422 \u0412\u0415\u041b\u0418\u041a\u0414\u0415\u041d 2026\" \/>\n<meta property=\"og:description\" content=\"\u0412\u0435\u043b\u0438\u043a\u0434\u0435\u043d\u0441\u043a\u0430 \u0430\u0442\u043c\u043e\u0441\u0444\u0435\u0440\u0430, \u0441\u044a\u0447\u0435\u0442\u0430\u043d\u0430 \u0441 \u043f\u0440\u0430\u0437\u043d\u0438\u0447\u043d\u0438 \u0432\u0435\u0447\u0435\u0440\u0438, \u0431\u043e\u0433\u0430\u0442\u0430 \u043c\u0443\u0437\u0438\u043a\u0430\u043b\u043d\u0430 \u043f\u0440\u043e\u0433\u0440\u0430\u043c\u0430 \u0441 \u043c\u0430\u0433\u0438\u0447\u043d\u0438\u0442\u0435 \u0433\u043b\u0430\u0441\u043e\u0432\u0435 \u043d\u0430 \u0416\u0430\u043a\u043b\u0438\u043d \u0422\u0430\u0440\u0430\u043a\u0447\u0438, \u0420\u0430\u043b\u0438\u0446\u0430 \u0413\u0440\u0443\u0434\u0435\u0432\u0430 \u0438 \u0412\u0430\u043d\u0435\u0441\u0430 \u0418\u043b\u0438\u0435\u0432\u0430 \u0438 \u0438\u0437\u0438\u0441\u043a\u0430\u043d \u0432\u0438\u043d\u0435\u043d \u0430\u043a\u0446\u0435\u043d\u0442.\" \/>\n<meta property=\"og:url\" content=\"https:\/\/katarzyna.bg\/pl\/hotel\/reserve\/paket-velikden-2026\/\" \/>\n<meta property=\"og:site_name\" content=\"Katarzyna\" \/>\n<meta property=\"article:publisher\" content=\"https:\/\/www.facebook.com\/katarzynaestate\/\" \/>\n<meta property=\"article:modified_time\" content=\"2026-02-25T14:48:37+00:00\" \/>\n<meta property=\"og:image\" content=\"https:\/\/katarzyna.bg\/wp-content\/uploads\/2026\/02\/a65b5560-683x1024.jpeg\" \/>\n<meta name=\"twitter:card\" content=\"summary_large_image\" \/>\n<meta name=\"twitter:label1\" content=\"Szacowany czas czytania\" \/>\n\t<meta name=\"twitter:data1\" content=\"2 minuty\" \/>\n<script type=\"application\/ld+json\" class=\"yoast-schema-graph\">{\"@context\":\"https:\/\/schema.org\",\"@graph\":[{\"@type\":\"WebPage\",\"@id\":\"https:\/\/katarzyna.bg\/hotel\/reserve\/paket-velikden-2026\/\",\"url\":\"https:\/\/katarzyna.bg\/hotel\/reserve\/paket-velikden-2026\/\",\"name\":\"\u041f\u0410\u041a\u0415\u0422 \u0412\u0415\u041b\u0418\u041a\u0414\u0415\u041d 2026\",\"isPartOf\":{\"@id\":\"https:\/\/katarzyna.bg\/#website\"},\"primaryImageOfPage\":{\"@id\":\"https:\/\/katarzyna.bg\/hotel\/reserve\/paket-velikden-2026\/#primaryimage\"},\"image\":{\"@id\":\"https:\/\/katarzyna.bg\/hotel\/reserve\/paket-velikden-2026\/#primaryimage\"},\"thumbnailUrl\":\"https:\/\/katarzyna.bg\/wp-content\/uploads\/2026\/02\/a65b5560-683x1024.jpeg\",\"datePublished\":\"2026-02-24T15:41:41+00:00\",\"dateModified\":\"2026-02-25T14:48:37+00:00\",\"description\":\"\u0412\u0435\u043b\u0438\u043a\u0434\u0435\u043d\u0441\u043a\u0430 \u0430\u0442\u043c\u043e\u0441\u0444\u0435\u0440\u0430, \u0441\u044a\u0447\u0435\u0442\u0430\u043d\u0430 \u0441 \u043f\u0440\u0430\u0437\u043d\u0438\u0447\u043d\u0438 \u0432\u0435\u0447\u0435\u0440\u0438, \u0431\u043e\u0433\u0430\u0442\u0430 \u043c\u0443\u0437\u0438\u043a\u0430\u043b\u043d\u0430 \u043f\u0440\u043e\u0433\u0440\u0430\u043c\u0430 \u0441 \u043c\u0430\u0433\u0438\u0447\u043d\u0438\u0442\u0435 \u0433\u043b\u0430\u0441\u043e\u0432\u0435 \u043d\u0430 \u0416\u0430\u043a\u043b\u0438\u043d \u0422\u0430\u0440\u0430\u043a\u0447\u0438, \u0420\u0430\u043b\u0438\u0446\u0430 \u0413\u0440\u0443\u0434\u0435\u0432\u0430 \u0438 \u0412\u0430\u043d\u0435\u0441\u0430 \u0418\u043b\u0438\u0435\u0432\u0430 \u0438 \u0438\u0437\u0438\u0441\u043a\u0430\u043d \u0432\u0438\u043d\u0435\u043d \u0430\u043a\u0446\u0435\u043d\u0442.\",\"breadcrumb\":{\"@id\":\"https:\/\/katarzyna.bg\/hotel\/reserve\/paket-velikden-2026\/#breadcrumb\"},\"inLanguage\":\"pl-PL\",\"potentialAction\":[{\"@type\":\"ReadAction\",\"target\":[\"https:\/\/katarzyna.bg\/hotel\/reserve\/paket-velikden-2026\/\"]}]},{\"@type\":\"ImageObject\",\"inLanguage\":\"pl-PL\",\"@id\":\"https:\/\/katarzyna.bg\/hotel\/reserve\/paket-velikden-2026\/#primaryimage\",\"url\":\"https:\/\/katarzyna.bg\/wp-content\/uploads\/2026\/02\/a65b5560-683x1024.jpeg\",\"contentUrl\":\"https:\/\/katarzyna.bg\/wp-content\/uploads\/2026\/02\/a65b5560-683x1024.jpeg\"},{\"@type\":\"BreadcrumbList\",\"@id\":\"https:\/\/katarzyna.bg\/hotel\/reserve\/paket-velikden-2026\/#breadcrumb\",\"itemListElement\":[{\"@type\":\"ListItem\",\"position\":1,\"name\":\"\u041d\u0430\u0447\u0430\u043b\u043e\",\"item\":\"https:\/\/katarzyna.bg\/\"},{\"@type\":\"ListItem\",\"position\":2,\"name\":\"\u0425\u043e\u0442\u0435\u043b\",\"item\":\"https:\/\/katarzyna.bg\/hotel\/\"},{\"@type\":\"ListItem\",\"position\":3,\"name\":\"\u0420\u0435\u0437\u0435\u0440\u0432\u0438\u0440\u0430\u0439\",\"item\":\"https:\/\/katarzyna.bg\/hotel\/reserve\/\"},{\"@type\":\"ListItem\",\"position\":4,\"name\":\"\u041f\u0410\u041a\u0415\u0422 \u0412\u0415\u041b\u0418\u041a\u0414\u0415\u041d 2026\"}]},{\"@type\":\"WebSite\",\"@id\":\"https:\/\/katarzyna.bg\/#website\",\"url\":\"https:\/\/katarzyna.bg\/\",\"name\":\"Katarzyna\",\"description\":\"Katarzyna\",\"publisher\":{\"@id\":\"https:\/\/katarzyna.bg\/#organization\"},\"potentialAction\":[{\"@type\":\"SearchAction\",\"target\":{\"@type\":\"EntryPoint\",\"urlTemplate\":\"https:\/\/katarzyna.bg\/?s={search_term_string}\"},\"query-input\":{\"@type\":\"PropertyValueSpecification\",\"valueRequired\":true,\"valueName\":\"search_term_string\"}}],\"inLanguage\":\"pl-PL\"},{\"@type\":\"Organization\",\"@id\":\"https:\/\/katarzyna.bg\/#organization\",\"name\":\"Katarzyna Estate\",\"url\":\"https:\/\/katarzyna.bg\/\",\"logo\":{\"@type\":\"ImageObject\",\"inLanguage\":\"pl-PL\",\"@id\":\"https:\/\/katarzyna.bg\/#\/schema\/logo\/image\/\",\"url\":\"https:\/\/katarzyna.bg\/wp-content\/uploads\/2025\/03\/cropped-logo_grey-e1668669109649.png.webp\",\"contentUrl\":\"https:\/\/katarzyna.bg\/wp-content\/uploads\/2025\/03\/cropped-logo_grey-e1668669109649.png.webp\",\"width\":512,\"height\":512,\"caption\":\"Katarzyna Estate\"},\"image\":{\"@id\":\"https:\/\/katarzyna.bg\/#\/schema\/logo\/image\/\"},\"sameAs\":[\"https:\/\/www.facebook.com\/katarzynaestate\/\"]}]}<\/script>\n<!-- \/ Yoast SEO plugin. -->","yoast_head_json":{"title":"\u041f\u0410\u041a\u0415\u0422 \u0412\u0415\u041b\u0418\u041a\u0414\u0415\u041d 2026","description":"\u0412\u0435\u043b\u0438\u043a\u0434\u0435\u043d\u0441\u043a\u0430 \u0430\u0442\u043c\u043e\u0441\u0444\u0435\u0440\u0430, \u0441\u044a\u0447\u0435\u0442\u0430\u043d\u0430 \u0441 \u043f\u0440\u0430\u0437\u043d\u0438\u0447\u043d\u0438 \u0432\u0435\u0447\u0435\u0440\u0438, \u0431\u043e\u0433\u0430\u0442\u0430 \u043c\u0443\u0437\u0438\u043a\u0430\u043b\u043d\u0430 \u043f\u0440\u043e\u0433\u0440\u0430\u043c\u0430 \u0441 \u043c\u0430\u0433\u0438\u0447\u043d\u0438\u0442\u0435 \u0433\u043b\u0430\u0441\u043e\u0432\u0435 \u043d\u0430 \u0416\u0430\u043a\u043b\u0438\u043d \u0422\u0430\u0440\u0430\u043a\u0447\u0438, \u0420\u0430\u043b\u0438\u0446\u0430 \u0413\u0440\u0443\u0434\u0435\u0432\u0430 \u0438 \u0412\u0430\u043d\u0435\u0441\u0430 \u0418\u043b\u0438\u0435\u0432\u0430 \u0438 \u0438\u0437\u0438\u0441\u043a\u0430\u043d \u0432\u0438\u043d\u0435\u043d \u0430\u043a\u0446\u0435\u043d\u0442.","robots":{"index":"index","follow":"follow","max-snippet":"max-snippet:-1","max-image-preview":"max-image-preview:large","max-video-preview":"max-video-preview:-1"},"canonical":"https:\/\/katarzyna.bg\/pl\/hotel\/reserve\/paket-velikden-2026\/","og_locale":"pl_PL","og_type":"article","og_title":"\u041f\u0410\u041a\u0415\u0422 \u0412\u0415\u041b\u0418\u041a\u0414\u0415\u041d 2026","og_description":"\u0412\u0435\u043b\u0438\u043a\u0434\u0435\u043d\u0441\u043a\u0430 \u0430\u0442\u043c\u043e\u0441\u0444\u0435\u0440\u0430, \u0441\u044a\u0447\u0435\u0442\u0430\u043d\u0430 \u0441 \u043f\u0440\u0430\u0437\u043d\u0438\u0447\u043d\u0438 \u0432\u0435\u0447\u0435\u0440\u0438, \u0431\u043e\u0433\u0430\u0442\u0430 \u043c\u0443\u0437\u0438\u043a\u0430\u043b\u043d\u0430 \u043f\u0440\u043e\u0433\u0440\u0430\u043c\u0430 \u0441 \u043c\u0430\u0433\u0438\u0447\u043d\u0438\u0442\u0435 \u0433\u043b\u0430\u0441\u043e\u0432\u0435 \u043d\u0430 \u0416\u0430\u043a\u043b\u0438\u043d \u0422\u0430\u0440\u0430\u043a\u0447\u0438, \u0420\u0430\u043b\u0438\u0446\u0430 \u0413\u0440\u0443\u0434\u0435\u0432\u0430 \u0438 \u0412\u0430\u043d\u0435\u0441\u0430 \u0418\u043b\u0438\u0435\u0432\u0430 \u0438 \u0438\u0437\u0438\u0441\u043a\u0430\u043d \u0432\u0438\u043d\u0435\u043d \u0430\u043a\u0446\u0435\u043d\u0442.","og_url":"https:\/\/katarzyna.bg\/pl\/hotel\/reserve\/paket-velikden-2026\/","og_site_name":"Katarzyna","article_publisher":"https:\/\/www.facebook.com\/katarzynaestate\/","article_modified_time":"2026-02-25T14:48:37+00:00","og_image":[{"url":"https:\/\/katarzyna.bg\/wp-content\/uploads\/2026\/02\/a65b5560-683x1024.jpeg","type":"","width":"","height":""}],"twitter_card":"summary_large_image","twitter_misc":{"Szacowany czas czytania":"2 minuty"},"schema":{"@context":"https:\/\/schema.org","@graph":[{"@type":"WebPage","@id":"https:\/\/katarzyna.bg\/hotel\/reserve\/paket-velikden-2026\/","url":"https:\/\/katarzyna.bg\/hotel\/reserve\/paket-velikden-2026\/","name":"\u041f\u0410\u041a\u0415\u0422 \u0412\u0415\u041b\u0418\u041a\u0414\u0415\u041d 2026","isPartOf":{"@id":"https:\/\/katarzyna.bg\/#website"},"primaryImageOfPage":{"@id":"https:\/\/katarzyna.bg\/hotel\/reserve\/paket-velikden-2026\/#primaryimage"},"image":{"@id":"https:\/\/katarzyna.bg\/hotel\/reserve\/paket-velikden-2026\/#primaryimage"},"thumbnailUrl":"https:\/\/katarzyna.bg\/wp-content\/uploads\/2026\/02\/a65b5560-683x1024.jpeg","datePublished":"2026-02-24T15:41:41+00:00","dateModified":"2026-02-25T14:48:37+00:00","description":"\u0412\u0435\u043b\u0438\u043a\u0434\u0435\u043d\u0441\u043a\u0430 \u0430\u0442\u043c\u043e\u0441\u0444\u0435\u0440\u0430, \u0441\u044a\u0447\u0435\u0442\u0430\u043d\u0430 \u0441 \u043f\u0440\u0430\u0437\u043d\u0438\u0447\u043d\u0438 \u0432\u0435\u0447\u0435\u0440\u0438, \u0431\u043e\u0433\u0430\u0442\u0430 \u043c\u0443\u0437\u0438\u043a\u0430\u043b\u043d\u0430 \u043f\u0440\u043e\u0433\u0440\u0430\u043c\u0430 \u0441 \u043c\u0430\u0433\u0438\u0447\u043d\u0438\u0442\u0435 \u0433\u043b\u0430\u0441\u043e\u0432\u0435 \u043d\u0430 \u0416\u0430\u043a\u043b\u0438\u043d \u0422\u0430\u0440\u0430\u043a\u0447\u0438, \u0420\u0430\u043b\u0438\u0446\u0430 \u0413\u0440\u0443\u0434\u0435\u0432\u0430 \u0438 \u0412\u0430\u043d\u0435\u0441\u0430 \u0418\u043b\u0438\u0435\u0432\u0430 \u0438 \u0438\u0437\u0438\u0441\u043a\u0430\u043d \u0432\u0438\u043d\u0435\u043d \u0430\u043a\u0446\u0435\u043d\u0442.","breadcrumb":{"@id":"https:\/\/katarzyna.bg\/hotel\/reserve\/paket-velikden-2026\/#breadcrumb"},"inLanguage":"pl-PL","potentialAction":[{"@type":"ReadAction","target":["https:\/\/katarzyna.bg\/hotel\/reserve\/paket-velikden-2026\/"]}]},{"@type":"ImageObject","inLanguage":"pl-PL","@id":"https:\/\/katarzyna.bg\/hotel\/reserve\/paket-velikden-2026\/#primaryimage","url":"https:\/\/katarzyna.bg\/wp-content\/uploads\/2026\/02\/a65b5560-683x1024.jpeg","contentUrl":"https:\/\/katarzyna.bg\/wp-content\/uploads\/2026\/02\/a65b5560-683x1024.jpeg"},{"@type":"BreadcrumbList","@id":"https:\/\/katarzyna.bg\/hotel\/reserve\/paket-velikden-2026\/#breadcrumb","itemListElement":[{"@type":"ListItem","position":1,"name":"\u041d\u0430\u0447\u0430\u043b\u043e","item":"https:\/\/katarzyna.bg\/"},{"@type":"ListItem","position":2,"name":"\u0425\u043e\u0442\u0435\u043b","item":"https:\/\/katarzyna.bg\/hotel\/"},{"@type":"ListItem","position":3,"name":"\u0420\u0435\u0437\u0435\u0440\u0432\u0438\u0440\u0430\u0439","item":"https:\/\/katarzyna.bg\/hotel\/reserve\/"},{"@type":"ListItem","position":4,"name":"\u041f\u0410\u041a\u0415\u0422 \u0412\u0415\u041b\u0418\u041a\u0414\u0415\u041d 2026"}]},{"@type":"WebSite","@id":"https:\/\/katarzyna.bg\/#website","url":"https:\/\/katarzyna.bg\/","name":"Katarzyna","description":"Katarzyna","publisher":{"@id":"https:\/\/katarzyna.bg\/#organization"},"potentialAction":[{"@type":"SearchAction","target":{"@type":"EntryPoint","urlTemplate":"https:\/\/katarzyna.bg\/?s={search_term_string}"},"query-input":{"@type":"PropertyValueSpecification","valueRequired":true,"valueName":"search_term_string"}}],"inLanguage":"pl-PL"},{"@type":"Organization","@id":"https:\/\/katarzyna.bg\/#organization","name":"Katarzyna Estate","url":"https:\/\/katarzyna.bg\/","logo":{"@type":"ImageObject","inLanguage":"pl-PL","@id":"https:\/\/katarzyna.bg\/#\/schema\/logo\/image\/","url":"https:\/\/katarzyna.bg\/wp-content\/uploads\/2025\/03\/cropped-logo_grey-e1668669109649.png.webp","contentUrl":"https:\/\/katarzyna.bg\/wp-content\/uploads\/2025\/03\/cropped-logo_grey-e1668669109649.png.webp","width":512,"height":512,"caption":"Katarzyna Estate"},"image":{"@id":"https:\/\/katarzyna.bg\/#\/schema\/logo\/image\/"},"sameAs":["https:\/\/www.facebook.com\/katarzynaestate\/"]}]}},"_links":{"self":[{"href":"https:\/\/katarzyna.bg\/pl\/wp-json\/wp\/v2\/pages\/30920","targetHints":{"allow":["GET"]}}],"collection":[{"href":"https:\/\/katarzyna.bg\/pl\/wp-json\/wp\/v2\/pages"}],"about":[{"href":"https:\/\/katarzyna.bg\/pl\/wp-json\/wp\/v2\/types\/page"}],"author":[{"embeddable":true,"href":"https:\/\/katarzyna.bg\/pl\/wp-json\/wp\/v2\/users\/8"}],"replies":[{"embeddable":true,"href":"https:\/\/katarzyna.bg\/pl\/wp-json\/wp\/v2\/comments?post=30920"}],"version-history":[{"count":16,"href":"https:\/\/katarzyna.bg\/pl\/wp-json\/wp\/v2\/pages\/30920\/revisions"}],"predecessor-version":[{"id":30981,"href":"https:\/\/katarzyna.bg\/pl\/wp-json\/wp\/v2\/pages\/30920\/revisions\/30981"}],"up":[{"embeddable":true,"href":"https:\/\/katarzyna.bg\/pl\/wp-json\/wp\/v2\/pages\/25877"}],"wp:attachment":[{"href":"https:\/\/katarzyna.bg\/pl\/wp-json\/wp\/v2\/media?parent=30920"}],"curies":[{"name":"wp","href":"https:\/\/api.w.org\/{rel}","templated":true}]}}