{"id":26315,"date":"2022-02-22T14:40:33","date_gmt":"2022-02-22T14:40:33","guid":{"rendered":"https:\/\/new.katarzyna.bg\/?product=encore-malbec-2022-0-75"},"modified":"2026-04-09T23:30:13","modified_gmt":"2026-04-09T20:30:13","slug":"encore-malbec-2022-0-75","status":"publish","type":"product","link":"https:\/\/katarzyna.bg\/pl\/shop\/encore-malbec-2022-0-75\/","title":{"rendered":"ENCORE Malbec 2022 0.75"},"content":{"rendered":"<p>Uprawiamy nietypowy dla Bu\u0142garii szczep winogronowy - Malbec - w okre\u015blonej cz\u0119\u015bci naszego masywu. Miejsce to ma kszta\u0142t tr\u00f3jk\u0105ta, w kt\u00f3rym \u0142\u0105cz\u0105 si\u0119 trzy odmiany gleb cynamonowych.<\/p>\n<p>Wino charakteryzuje si\u0119 ol\u015bniewaj\u0105c\u0105 rubinowo-czerwon\u0105 barw\u0105. Wino \u0142\u0105czy w sobie aromaty soczystych czerwonych owoc\u00f3w, li\u015bci tytoniu i szlachetnego drewna. Smak zachwyca r\u00f3wnowag\u0105, mi\u0119kko\u015bci\u0105 i soczystym aromatem smakowym. Finisz jest bogaty i d\u0142ugotrwa\u0142y.<\/p>\n<p>\u015awietnie komponuje si\u0119 z pikantnymi potrawami, serami ple\u015bniowymi lub czerwonym mi\u0119sem. Odpowiednia temperatura do spo\u017cycia to 18\u2070-20\u2070C.<\/p>","protected":false},"excerpt":{"rendered":"<p>\u041d\u0435\u0445\u0430\u0440\u0430\u043a\u0442\u0435\u0440\u043d\u043e\u0442\u043e \u0437\u0430 \u0411\u044a\u043b\u0433\u0430\u0440\u0438\u044f \u0433\u0440\u043e\u0437\u0434\u0435 &#8211; Malbec, \u043d\u0438\u0435 \u043e\u0442\u0433\u043b\u0435\u0436\u0434\u0430\u043c\u0435 \u0432 \u0441\u043f\u0435\u0446\u0438\u0444\u0438\u0447\u043d\u0430 \u0447\u0430\u0441\u0442 \u043d\u0430 \u043d\u0430\u0448\u0438\u044f \u043c\u0430\u0441\u0438\u0432. \u041c\u044f\u0441\u0442\u043e\u0442\u043e \u0438\u043c\u0430 \u0444\u043e\u0440\u043c\u0430 \u043d\u0430 \u0442\u0440\u0438\u044a\u0433\u044a\u043b\u043d\u0438\u043a, \u0432 \u043a\u043e\u0435\u0442\u043e \u0441\u0435 \u0441\u044a\u0447\u0435\u0442\u0430\u0432\u0430\u0442 \u0442\u0440\u0438 \u0440\u0430\u0437\u043d\u043e\u0432\u0438\u0434\u043d\u043e\u0441\u0442\u0438 \u043d\u0430 \u043a\u0430\u043d\u0435\u043b\u0435\u043d\u043e \u0433\u043e\u0440\u0441\u043a\u0438\u0442\u0435 \u043f\u043e\u0447\u0432\u0438. \u0412\u0438\u043d\u043e\u0442\u043e \u0441\u0435 \u0445\u0430\u0440\u0430\u043a\u0442\u0435\u0440\u0438\u0437\u0438\u0440\u0430 \u0441 \u0431\u0440\u0438\u043b\u044f\u043d\u0442\u0435\u043d \u0440\u0443\u0431\u0438\u043d\u0435\u043d\u043e-\u0447\u0435\u0440\u0432\u0435\u043d \u0446\u0432\u044f\u0442. \u0412\u0438\u043d\u043e\u0442\u043e \u0441\u044a\u0447\u0435\u0442\u0432\u0430 \u0430\u0440\u043e\u043c\u0430\u0442\u0438 \u043d\u0430 \u0441\u043e\u0447\u043d\u0438 \u0447\u0435\u0440\u0432\u0435\u043d\u0438 \u043f\u043b\u043e\u0434\u043e\u0432\u0435, \u0442\u044e\u0442\u044e\u043d\u0435\u0432\u0438 \u043b\u0438\u0441\u0442\u0430 \u0438 \u0431\u043b\u0430\u0433\u043e\u0440\u043e\u0434\u043d\u0430 \u0434\u044a\u0440\u0432\u0435\u0441\u0438\u043d\u0430. \u0412\u043a\u0443\u0441\u044a\u0442 \u0432\u043f\u0435\u0447\u0430\u0442\u043b\u044f\u0432\u0430 \u0441 \u0431\u0430\u043b\u0430\u043d\u0441, \u043c\u0435\u043a\u043e\u0442\u0430 \u0438 \u0441\u043e\u0447\u0435\u043d [&hellip;]<\/p>","protected":false},"featured_media":26316,"comment_status":"open","ping_status":"closed","template":"","meta":[],"product_brand":[],"product_cat":[21,22],"product_tag":[],"class_list":{"0":"post-26315","1":"product","2":"type-product","3":"status-publish","4":"has-post-thumbnail","6":"product_cat-cherveno-vino","7":"product_cat-premium","8":"pa_marka-encore","9":"pa_proizhod-bulgaria","10":"pa_razvasofka-075-l","11":"pa_sort-malbec","13":"first","14":"instock","15":"sale","16":"shipping-taxable","17":"purchasable","18":"product-type-simple"},"yoast_head":"<!-- This site is optimized with the Yoast SEO plugin v27.1.1 - https:\/\/yoast.com\/product\/yoast-seo-wordpress\/ -->\n<title>ENCORE Malbec 2022 0.75 \u043e\u0442 \u0412\u0438\u043d\u0430\u0440\u043d\u0430 Katarzyna<\/title>\n<meta name=\"description\" content=\"\u041f\u043e\u0440\u044a\u0447\u0430\u0439 \u041e\u043d\u043b\u0430\u0439\u043d ENCORE Malbec 2022 0.75 \u2b50 \u0422\u043e\u043f \u0426\u0435\u043d\u0430 \u2708 \u0411\u044a\u0440\u0437\u0430 \u0414\u043e\u0441\u0442\u0430\u0432\u043a\u0430 \u2705 \u041f\u0440\u043e\u0432\u0435\u0440\u043a\u0430 \u043d\u0430 \u041f\u0440\u0430\u0442\u043a\u0430\u0442\u0430 \u0438 \u041f\u0440\u0430\u0432\u043e \u043d\u0430 \u0412\u0440\u044a\u0449\u0430\u043d\u0435\" \/>\n<meta name=\"robots\" content=\"index, follow, max-snippet:-1, max-image-preview:large, max-video-preview:-1\" \/>\n<link rel=\"canonical\" href=\"https:\/\/katarzyna.bg\/pl\/shop\/encore-malbec-2022-0-75\/\" \/>\n<meta property=\"og:locale\" content=\"pl_PL\" \/>\n<meta property=\"og:type\" content=\"article\" \/>\n<meta property=\"og:title\" content=\"ENCORE Malbec 2022 0.75 \u043e\u0442 \u0412\u0438\u043d\u0430\u0440\u043d\u0430 Katarzyna\" \/>\n<meta property=\"og:description\" content=\"\u041f\u043e\u0440\u044a\u0447\u0430\u0439 \u041e\u043d\u043b\u0430\u0439\u043d ENCORE Malbec 2022 0.75 \u2b50 \u0422\u043e\u043f \u0426\u0435\u043d\u0430 \u2708 \u0411\u044a\u0440\u0437\u0430 \u0414\u043e\u0441\u0442\u0430\u0432\u043a\u0430 \u2705 \u041f\u0440\u043e\u0432\u0435\u0440\u043a\u0430 \u043d\u0430 \u041f\u0440\u0430\u0442\u043a\u0430\u0442\u0430 \u0438 \u041f\u0440\u0430\u0432\u043e \u043d\u0430 \u0412\u0440\u044a\u0449\u0430\u043d\u0435\" \/>\n<meta property=\"og:url\" content=\"https:\/\/katarzyna.bg\/pl\/shop\/encore-malbec-2022-0-75\/\" \/>\n<meta property=\"og:site_name\" content=\"Katarzyna\" \/>\n<meta property=\"article:publisher\" content=\"https:\/\/www.facebook.com\/katarzynaestate\/\" \/>\n<meta property=\"article:modified_time\" content=\"2026-04-09T20:30:13+00:00\" \/>\n<meta property=\"og:image\" content=\"https:\/\/katarzyna.bg\/wp-content\/uploads\/2025\/04\/encore_malbec.png\" \/>\n\t<meta property=\"og:image:width\" content=\"1000\" \/>\n\t<meta property=\"og:image:height\" content=\"1240\" \/>\n\t<meta property=\"og:image:type\" content=\"image\/png\" \/>\n<meta name=\"twitter:card\" content=\"summary_large_image\" \/>\n<meta name=\"twitter:label1\" content=\"Szacowany czas czytania\" \/>\n\t<meta name=\"twitter:data1\" content=\"1 minuta\" \/>\n<script type=\"application\/ld+json\" class=\"yoast-schema-graph\">{\"@context\":\"https:\/\/schema.org\",\"@graph\":[{\"@type\":[\"WebPage\",\"ItemPage\"],\"@id\":\"https:\/\/katarzyna.bg\/shop\/encore-malbec-2022-0-75\/\",\"url\":\"https:\/\/katarzyna.bg\/shop\/encore-malbec-2022-0-75\/\",\"name\":\"ENCORE Malbec 2022 0.75 \u043e\u0442 \u0412\u0438\u043d\u0430\u0440\u043d\u0430 Katarzyna\",\"isPartOf\":{\"@id\":\"https:\/\/katarzyna.bg\/#website\"},\"primaryImageOfPage\":{\"@id\":\"https:\/\/katarzyna.bg\/shop\/encore-malbec-2022-0-75\/#primaryimage\"},\"image\":{\"@id\":\"https:\/\/katarzyna.bg\/shop\/encore-malbec-2022-0-75\/#primaryimage\"},\"thumbnailUrl\":\"https:\/\/katarzyna.bg\/wp-content\/uploads\/2025\/04\/encore_malbec.png\",\"datePublished\":\"2022-02-22T14:40:33+00:00\",\"dateModified\":\"2026-04-09T20:30:13+00:00\",\"description\":\"\u041f\u043e\u0440\u044a\u0447\u0430\u0439 \u041e\u043d\u043b\u0430\u0439\u043d ENCORE Malbec 2022 0.75 \u2b50 \u0422\u043e\u043f \u0426\u0435\u043d\u0430 \u2708 \u0411\u044a\u0440\u0437\u0430 \u0414\u043e\u0441\u0442\u0430\u0432\u043a\u0430 \u2705 \u041f\u0440\u043e\u0432\u0435\u0440\u043a\u0430 \u043d\u0430 \u041f\u0440\u0430\u0442\u043a\u0430\u0442\u0430 \u0438 \u041f\u0440\u0430\u0432\u043e \u043d\u0430 \u0412\u0440\u044a\u0449\u0430\u043d\u0435\",\"breadcrumb\":{\"@id\":\"https:\/\/katarzyna.bg\/shop\/encore-malbec-2022-0-75\/#breadcrumb\"},\"inLanguage\":\"pl-PL\",\"potentialAction\":[{\"@type\":\"ReadAction\",\"target\":[\"https:\/\/katarzyna.bg\/shop\/encore-malbec-2022-0-75\/\"]}]},{\"@type\":\"ImageObject\",\"inLanguage\":\"pl-PL\",\"@id\":\"https:\/\/katarzyna.bg\/shop\/encore-malbec-2022-0-75\/#primaryimage\",\"url\":\"https:\/\/katarzyna.bg\/wp-content\/uploads\/2025\/04\/encore_malbec.png\",\"contentUrl\":\"https:\/\/katarzyna.bg\/wp-content\/uploads\/2025\/04\/encore_malbec.png\",\"width\":1000,\"height\":1240},{\"@type\":\"BreadcrumbList\",\"@id\":\"https:\/\/katarzyna.bg\/shop\/encore-malbec-2022-0-75\/#breadcrumb\",\"itemListElement\":[{\"@type\":\"ListItem\",\"position\":1,\"name\":\"\u041d\u0430\u0447\u0430\u043b\u043e\",\"item\":\"https:\/\/katarzyna.bg\/\"},{\"@type\":\"ListItem\",\"position\":2,\"name\":\"\u041e\u043d\u043b\u0430\u0439\u043d \u041c\u0430\u0433\u0430\u0437\u0438\u043d\",\"item\":\"https:\/\/katarzyna.bg\/shop\/\"},{\"@type\":\"ListItem\",\"position\":3,\"name\":\"ENCORE Malbec 2022 0.75\"}]},{\"@type\":\"WebSite\",\"@id\":\"https:\/\/katarzyna.bg\/#website\",\"url\":\"https:\/\/katarzyna.bg\/\",\"name\":\"Katarzyna\",\"description\":\"Katarzyna\",\"publisher\":{\"@id\":\"https:\/\/katarzyna.bg\/#organization\"},\"potentialAction\":[{\"@type\":\"SearchAction\",\"target\":{\"@type\":\"EntryPoint\",\"urlTemplate\":\"https:\/\/katarzyna.bg\/?s={search_term_string}\"},\"query-input\":{\"@type\":\"PropertyValueSpecification\",\"valueRequired\":true,\"valueName\":\"search_term_string\"}}],\"inLanguage\":\"pl-PL\"},{\"@type\":\"Organization\",\"@id\":\"https:\/\/katarzyna.bg\/#organization\",\"name\":\"Katarzyna Estate\",\"url\":\"https:\/\/katarzyna.bg\/\",\"logo\":{\"@type\":\"ImageObject\",\"inLanguage\":\"pl-PL\",\"@id\":\"https:\/\/katarzyna.bg\/#\/schema\/logo\/image\/\",\"url\":\"https:\/\/katarzyna.bg\/wp-content\/uploads\/2025\/03\/cropped-logo_grey-e1668669109649.png.webp\",\"contentUrl\":\"https:\/\/katarzyna.bg\/wp-content\/uploads\/2025\/03\/cropped-logo_grey-e1668669109649.png.webp\",\"width\":512,\"height\":512,\"caption\":\"Katarzyna Estate\"},\"image\":{\"@id\":\"https:\/\/katarzyna.bg\/#\/schema\/logo\/image\/\"},\"sameAs\":[\"https:\/\/www.facebook.com\/katarzynaestate\/\"]}]}<\/script>\n<!-- \/ Yoast SEO plugin. -->","yoast_head_json":{"title":"ENCORE Malbec 2022 0,75 l z Winnicy Katarzyna","description":"Zam\u00f3w online ENCORE Malbec 2022 0,75 \u2b50 Najlepsza Cena \u2708 Szybka Dostawa \u2705 \u015aledzenie Przesy\u0142ki i Prawo Zwrotu","robots":{"index":"index","follow":"follow","max-snippet":"max-snippet:-1","max-image-preview":"max-image-preview:large","max-video-preview":"max-video-preview:-1"},"canonical":"https:\/\/katarzyna.bg\/pl\/shop\/encore-malbec-2022-0-75\/","og_locale":"pl_PL","og_type":"article","og_title":"ENCORE Malbec 2022 0.75 \u043e\u0442 \u0412\u0438\u043d\u0430\u0440\u043d\u0430 Katarzyna","og_description":"\u041f\u043e\u0440\u044a\u0447\u0430\u0439 \u041e\u043d\u043b\u0430\u0439\u043d ENCORE Malbec 2022 0.75 \u2b50 \u0422\u043e\u043f \u0426\u0435\u043d\u0430 \u2708 \u0411\u044a\u0440\u0437\u0430 \u0414\u043e\u0441\u0442\u0430\u0432\u043a\u0430 \u2705 \u041f\u0440\u043e\u0432\u0435\u0440\u043a\u0430 \u043d\u0430 \u041f\u0440\u0430\u0442\u043a\u0430\u0442\u0430 \u0438 \u041f\u0440\u0430\u0432\u043e \u043d\u0430 \u0412\u0440\u044a\u0449\u0430\u043d\u0435","og_url":"https:\/\/katarzyna.bg\/pl\/shop\/encore-malbec-2022-0-75\/","og_site_name":"Katarzyna","article_publisher":"https:\/\/www.facebook.com\/katarzynaestate\/","article_modified_time":"2026-04-09T20:30:13+00:00","og_image":[{"width":1000,"height":1240,"url":"https:\/\/katarzyna.bg\/wp-content\/uploads\/2025\/04\/encore_malbec.png","type":"image\/png"}],"twitter_card":"summary_large_image","twitter_misc":{"Szacowany czas czytania":"1 minuta"},"schema":{"@context":"https:\/\/schema.org","@graph":[{"@type":["WebPage","ItemPage"],"@id":"https:\/\/katarzyna.bg\/shop\/encore-malbec-2022-0-75\/","url":"https:\/\/katarzyna.bg\/shop\/encore-malbec-2022-0-75\/","name":"ENCORE Malbec 2022 0,75 l z Winnicy Katarzyna","isPartOf":{"@id":"https:\/\/katarzyna.bg\/#website"},"primaryImageOfPage":{"@id":"https:\/\/katarzyna.bg\/shop\/encore-malbec-2022-0-75\/#primaryimage"},"image":{"@id":"https:\/\/katarzyna.bg\/shop\/encore-malbec-2022-0-75\/#primaryimage"},"thumbnailUrl":"https:\/\/katarzyna.bg\/wp-content\/uploads\/2025\/04\/encore_malbec.png","datePublished":"2022-02-22T14:40:33+00:00","dateModified":"2026-04-09T20:30:13+00:00","description":"Zam\u00f3w online ENCORE Malbec 2022 0,75 \u2b50 Najlepsza Cena \u2708 Szybka Dostawa \u2705 \u015aledzenie Przesy\u0142ki i Prawo Zwrotu","breadcrumb":{"@id":"https:\/\/katarzyna.bg\/shop\/encore-malbec-2022-0-75\/#breadcrumb"},"inLanguage":"pl-PL","potentialAction":[{"@type":"ReadAction","target":["https:\/\/katarzyna.bg\/shop\/encore-malbec-2022-0-75\/"]}]},{"@type":"ImageObject","inLanguage":"pl-PL","@id":"https:\/\/katarzyna.bg\/shop\/encore-malbec-2022-0-75\/#primaryimage","url":"https:\/\/katarzyna.bg\/wp-content\/uploads\/2025\/04\/encore_malbec.png","contentUrl":"https:\/\/katarzyna.bg\/wp-content\/uploads\/2025\/04\/encore_malbec.png","width":1000,"height":1240},{"@type":"BreadcrumbList","@id":"https:\/\/katarzyna.bg\/shop\/encore-malbec-2022-0-75\/#breadcrumb","itemListElement":[{"@type":"ListItem","position":1,"name":"\u041d\u0430\u0447\u0430\u043b\u043e","item":"https:\/\/katarzyna.bg\/"},{"@type":"ListItem","position":2,"name":"\u041e\u043d\u043b\u0430\u0439\u043d \u041c\u0430\u0433\u0430\u0437\u0438\u043d","item":"https:\/\/katarzyna.bg\/shop\/"},{"@type":"ListItem","position":3,"name":"ENCORE Malbec 2022 0.75"}]},{"@type":"WebSite","@id":"https:\/\/katarzyna.bg\/#website","url":"https:\/\/katarzyna.bg\/","name":"Katarzyna","description":"Katarzyna","publisher":{"@id":"https:\/\/katarzyna.bg\/#organization"},"potentialAction":[{"@type":"SearchAction","target":{"@type":"EntryPoint","urlTemplate":"https:\/\/katarzyna.bg\/?s={search_term_string}"},"query-input":{"@type":"PropertyValueSpecification","valueRequired":true,"valueName":"search_term_string"}}],"inLanguage":"pl-PL"},{"@type":"Organization","@id":"https:\/\/katarzyna.bg\/#organization","name":"Katarzyna Estate","url":"https:\/\/katarzyna.bg\/","logo":{"@type":"ImageObject","inLanguage":"pl-PL","@id":"https:\/\/katarzyna.bg\/#\/schema\/logo\/image\/","url":"https:\/\/katarzyna.bg\/wp-content\/uploads\/2025\/03\/cropped-logo_grey-e1668669109649.png.webp","contentUrl":"https:\/\/katarzyna.bg\/wp-content\/uploads\/2025\/03\/cropped-logo_grey-e1668669109649.png.webp","width":512,"height":512,"caption":"Katarzyna Estate"},"image":{"@id":"https:\/\/katarzyna.bg\/#\/schema\/logo\/image\/"},"sameAs":["https:\/\/www.facebook.com\/katarzynaestate\/"]}]}},"_links":{"self":[{"href":"https:\/\/katarzyna.bg\/pl\/wp-json\/wp\/v2\/product\/26315","targetHints":{"allow":["GET"]}}],"collection":[{"href":"https:\/\/katarzyna.bg\/pl\/wp-json\/wp\/v2\/product"}],"about":[{"href":"https:\/\/katarzyna.bg\/pl\/wp-json\/wp\/v2\/types\/product"}],"replies":[{"embeddable":true,"href":"https:\/\/katarzyna.bg\/pl\/wp-json\/wp\/v2\/comments?post=26315"}],"wp:featuredmedia":[{"embeddable":true,"href":"https:\/\/katarzyna.bg\/pl\/wp-json\/wp\/v2\/media\/26316"}],"wp:attachment":[{"href":"https:\/\/katarzyna.bg\/pl\/wp-json\/wp\/v2\/media?parent=26315"}],"wp:term":[{"taxonomy":"product_brand","embeddable":true,"href":"https:\/\/katarzyna.bg\/pl\/wp-json\/wp\/v2\/product_brand?post=26315"},{"taxonomy":"product_cat","embeddable":true,"href":"https:\/\/katarzyna.bg\/pl\/wp-json\/wp\/v2\/product_cat?post=26315"},{"taxonomy":"product_tag","embeddable":true,"href":"https:\/\/katarzyna.bg\/pl\/wp-json\/wp\/v2\/product_tag?post=26315"}],"curies":[{"name":"wp","href":"https:\/\/api.w.org\/{rel}","templated":true}]}}