{"id":26329,"date":"2022-02-22T14:40:34","date_gmt":"2022-02-22T14:40:34","guid":{"rendered":"https:\/\/new.katarzyna.bg\/?product=katarzyna-reserve-magnum-cabernet-sauvignon-merlot-2012-1-5"},"modified":"2026-04-13T08:26:27","modified_gmt":"2026-04-13T05:26:27","slug":"katarzyna-reserve-magnum-cabernet-sauvignon-merlot-2012-1-5","status":"publish","type":"product","link":"https:\/\/katarzyna.bg\/pl\/shop\/katarzyna-reserve-magnum-cabernet-sauvignon-merlot-2012-1-5\/","title":{"rendered":"KATARZYNA RESERVE Magnum 2017 1.5"},"content":{"rendered":"<p>Winogrona wybierane s\u0105 z najwy\u017csz\u0105 precyzj\u0105 z dzia\u0142ek Cabernet Sauvignon i Merlot, kt\u00f3re jako pierwsze s\u0105 zasadzone w winnicy Katarzyna Estate.<\/p>\n<p>Wino charakteryzuje si\u0119 fioletowo-br\u0105zowymi odcieniami. Aromat d\u017cemu wi\u015bniowego, podkre\u015blony delikatn\u0105 szczypt\u0105 wanilii. Smak jest mi\u0119kki z roztopionymi taninami, ujawniaj\u0105c finisz przyjemnie gorzkiej czekolady.<\/p>\n<p>\u015awietnie komponuje si\u0119 z dojrza\u0142ymi twardymi serami, daniami z czerwonego mi\u0119sa lub sufletem czekoladowym. Odpowiednia temperatura serwowania to 18\u2070-20\u2070C.<\/p>","protected":false},"excerpt":{"rendered":"<p>\u0413\u0440\u043e\u0437\u0434\u0435\u0442\u043e \u0441\u0435 \u043f\u043e\u0434\u0431\u0438\u0440\u0430 \u0438\u0437\u043a\u043b\u044e\u0447\u0438\u0442\u0435\u043b\u043d\u043e \u043f\u0440\u0435\u0446\u0438\u0437\u043d\u043e \u043e\u0442 \u043f\u0430\u0440\u0446\u0435\u043b\u0438\u0442\u0435 \u0441 Cabernet Sauvignon \u0438 Merlot, \u043a\u043e\u0438\u0442\u043e \u0441\u0430 \u0437\u0430\u0441\u0430\u0434\u0435\u043d\u0438 \u043f\u044a\u0440\u0432\u0438 \u0432 \u043b\u043e\u0437\u043e\u0432\u0438\u044f \u043c\u0430\u0441\u0438\u0432 \u043d\u0430 Katarzyna Estate. \u0412\u0438\u043d\u043e\u0442\u043e \u0441\u0435 \u0445\u0430\u0440\u0430\u043a\u0442\u0435\u0440\u0438\u0437\u0438\u0440\u0430 \u0441 \u043f\u0443\u0440\u043f\u0443\u0440\u043d\u043e-\u043a\u0430\u0444\u0435\u043d\u0438\u043a\u0430\u0432\u0438 \u043d\u044e\u0430\u043d\u0441\u0438. \u0410\u0440\u043e\u043c\u0430\u0442 \u043d\u0430 \u043a\u043e\u043d\u0444\u0438\u0442\u044e\u0440 \u043e\u0442 \u0447\u0435\u0440\u0435\u0448\u0438, \u043f\u043e\u0434\u0447\u0435\u0440\u0442\u0430\u043d \u0441 \u0434\u0435\u043b\u0438\u043a\u0430\u0442\u043d\u0430 \u0449\u0438\u043f\u043a\u0430 \u0432\u0430\u043d\u0438\u043b\u0438\u044f. \u0412\u043a\u0443\u0441\u043e\u0432\u043e \u0441\u0435 \u0443\u0441\u0435\u0449\u0430 \u043c\u0435\u043a\u043e\u0442\u0430 \u0441 \u043f\u0440\u0435\u0442\u043e\u043f\u0435\u043d\u0438 \u0442\u0430\u043d\u0438\u043d\u0438, \u0440\u0430\u0437\u043a\u0440\u0438\u0432\u0430\u0449\u0438 \u0444\u0438\u043d\u0430\u043b \u043e\u0442 \u043f\u0440\u0438\u044f\u0442\u043d\u043e \u043d\u0430\u0433\u0430\u0440\u0447\u0430\u0449 \u0448\u043e\u043a\u043e\u043b\u0430\u0434. \u041c\u043d\u043e\u0433\u043e \u0434\u043e\u0431\u0440\u0435 \u0441\u0435 \u0441\u044a\u0447\u0435\u0442\u0430\u0432\u0430 [&hellip;]<\/p>","protected":false},"featured_media":26330,"comment_status":"open","ping_status":"closed","template":"","meta":[],"product_brand":[],"product_cat":[21,22],"product_tag":[],"class_list":{"0":"post-26329","1":"product","2":"type-product","3":"status-publish","4":"has-post-thumbnail","6":"product_cat-cherveno-vino","7":"product_cat-premium","8":"pa_marka-katarzyna-reserve","9":"pa_proizhod-bulgaria","10":"pa_razvasofka-15-l-magnum-bottle","11":"pa_sort-cabernet-sauvignon","12":"pa_sort-merlot","14":"first","15":"instock","16":"sale","17":"shipping-taxable","18":"purchasable","19":"product-type-simple"},"yoast_head":"<!-- This site is optimized with the Yoast SEO plugin v27.1.1 - https:\/\/yoast.com\/product\/yoast-seo-wordpress\/ -->\n<title>KATARZYNA RESERVE Magnum 2017 1.5 \u043e\u0442 \u0412\u0438\u043d\u0430\u0440\u043d\u0430 Katarzyna<\/title>\n<meta name=\"description\" content=\"\u041f\u043e\u0440\u044a\u0447\u0430\u0439 \u041e\u043d\u043b\u0430\u0439\u043d KATARZYNA RESERVE Magnum 2017 1.5 \u2b50 \u0422\u043e\u043f \u0426\u0435\u043d\u0430 \u2708 \u0411\u044a\u0440\u0437\u0430 \u0414\u043e\u0441\u0442\u0430\u0432\u043a\u0430 \u2705 \u041f\u0440\u043e\u0432\u0435\u0440\u043a\u0430 \u043d\u0430 \u041f\u0440\u0430\u0442\u043a\u0430\u0442\u0430 \u0438 \u041f\u0440\u0430\u0432\u043e \u043d\u0430 \u0412\u0440\u044a\u0449\u0430\u043d\u0435\" \/>\n<meta name=\"robots\" content=\"index, follow, max-snippet:-1, max-image-preview:large, max-video-preview:-1\" \/>\n<link rel=\"canonical\" href=\"https:\/\/katarzyna.bg\/pl\/shop\/katarzyna-reserve-magnum-cabernet-sauvignon-merlot-2012-1-5\/\" \/>\n<meta property=\"og:locale\" content=\"pl_PL\" \/>\n<meta property=\"og:type\" content=\"article\" \/>\n<meta property=\"og:title\" content=\"KATARZYNA RESERVE Magnum 2017 1.5 \u043e\u0442 \u0412\u0438\u043d\u0430\u0440\u043d\u0430 Katarzyna\" \/>\n<meta property=\"og:description\" content=\"\u041f\u043e\u0440\u044a\u0447\u0430\u0439 \u041e\u043d\u043b\u0430\u0439\u043d KATARZYNA RESERVE Magnum 2017 1.5 \u2b50 \u0422\u043e\u043f \u0426\u0435\u043d\u0430 \u2708 \u0411\u044a\u0440\u0437\u0430 \u0414\u043e\u0441\u0442\u0430\u0432\u043a\u0430 \u2705 \u041f\u0440\u043e\u0432\u0435\u0440\u043a\u0430 \u043d\u0430 \u041f\u0440\u0430\u0442\u043a\u0430\u0442\u0430 \u0438 \u041f\u0440\u0430\u0432\u043e \u043d\u0430 \u0412\u0440\u044a\u0449\u0430\u043d\u0435\" \/>\n<meta property=\"og:url\" content=\"https:\/\/katarzyna.bg\/pl\/shop\/katarzyna-reserve-magnum-cabernet-sauvignon-merlot-2012-1-5\/\" \/>\n<meta property=\"og:site_name\" content=\"Katarzyna\" \/>\n<meta property=\"article:publisher\" content=\"https:\/\/www.facebook.com\/katarzynaestate\/\" \/>\n<meta property=\"article:modified_time\" content=\"2026-04-13T05:26:27+00:00\" \/>\n<meta property=\"og:image\" content=\"https:\/\/katarzyna.bg\/wp-content\/uploads\/2025\/04\/Reserve_2012_1.5L-1.png\" \/>\n\t<meta property=\"og:image:width\" content=\"1000\" \/>\n\t<meta property=\"og:image:height\" content=\"1240\" \/>\n\t<meta property=\"og:image:type\" content=\"image\/png\" \/>\n<meta name=\"twitter:card\" content=\"summary_large_image\" \/>\n<meta name=\"twitter:label1\" content=\"Szacowany czas czytania\" \/>\n\t<meta name=\"twitter:data1\" content=\"1 minuta\" \/>\n<script type=\"application\/ld+json\" class=\"yoast-schema-graph\">{\"@context\":\"https:\/\/schema.org\",\"@graph\":[{\"@type\":[\"WebPage\",\"ItemPage\"],\"@id\":\"https:\/\/katarzyna.bg\/shop\/katarzyna-reserve-magnum-cabernet-sauvignon-merlot-2012-1-5\/\",\"url\":\"https:\/\/katarzyna.bg\/shop\/katarzyna-reserve-magnum-cabernet-sauvignon-merlot-2012-1-5\/\",\"name\":\"KATARZYNA RESERVE Magnum 2017 1.5 \u043e\u0442 \u0412\u0438\u043d\u0430\u0440\u043d\u0430 Katarzyna\",\"isPartOf\":{\"@id\":\"https:\/\/katarzyna.bg\/#website\"},\"primaryImageOfPage\":{\"@id\":\"https:\/\/katarzyna.bg\/shop\/katarzyna-reserve-magnum-cabernet-sauvignon-merlot-2012-1-5\/#primaryimage\"},\"image\":{\"@id\":\"https:\/\/katarzyna.bg\/shop\/katarzyna-reserve-magnum-cabernet-sauvignon-merlot-2012-1-5\/#primaryimage\"},\"thumbnailUrl\":\"https:\/\/katarzyna.bg\/wp-content\/uploads\/2025\/04\/Reserve_2012_1.5L-1.png\",\"datePublished\":\"2022-02-22T14:40:34+00:00\",\"dateModified\":\"2026-04-13T05:26:27+00:00\",\"description\":\"\u041f\u043e\u0440\u044a\u0447\u0430\u0439 \u041e\u043d\u043b\u0430\u0439\u043d KATARZYNA RESERVE Magnum 2017 1.5 \u2b50 \u0422\u043e\u043f \u0426\u0435\u043d\u0430 \u2708 \u0411\u044a\u0440\u0437\u0430 \u0414\u043e\u0441\u0442\u0430\u0432\u043a\u0430 \u2705 \u041f\u0440\u043e\u0432\u0435\u0440\u043a\u0430 \u043d\u0430 \u041f\u0440\u0430\u0442\u043a\u0430\u0442\u0430 \u0438 \u041f\u0440\u0430\u0432\u043e \u043d\u0430 \u0412\u0440\u044a\u0449\u0430\u043d\u0435\",\"breadcrumb\":{\"@id\":\"https:\/\/katarzyna.bg\/shop\/katarzyna-reserve-magnum-cabernet-sauvignon-merlot-2012-1-5\/#breadcrumb\"},\"inLanguage\":\"pl-PL\",\"potentialAction\":[{\"@type\":\"ReadAction\",\"target\":[\"https:\/\/katarzyna.bg\/shop\/katarzyna-reserve-magnum-cabernet-sauvignon-merlot-2012-1-5\/\"]}]},{\"@type\":\"ImageObject\",\"inLanguage\":\"pl-PL\",\"@id\":\"https:\/\/katarzyna.bg\/shop\/katarzyna-reserve-magnum-cabernet-sauvignon-merlot-2012-1-5\/#primaryimage\",\"url\":\"https:\/\/katarzyna.bg\/wp-content\/uploads\/2025\/04\/Reserve_2012_1.5L-1.png\",\"contentUrl\":\"https:\/\/katarzyna.bg\/wp-content\/uploads\/2025\/04\/Reserve_2012_1.5L-1.png\",\"width\":1000,\"height\":1240},{\"@type\":\"BreadcrumbList\",\"@id\":\"https:\/\/katarzyna.bg\/shop\/katarzyna-reserve-magnum-cabernet-sauvignon-merlot-2012-1-5\/#breadcrumb\",\"itemListElement\":[{\"@type\":\"ListItem\",\"position\":1,\"name\":\"\u041d\u0430\u0447\u0430\u043b\u043e\",\"item\":\"https:\/\/katarzyna.bg\/\"},{\"@type\":\"ListItem\",\"position\":2,\"name\":\"\u041e\u043d\u043b\u0430\u0439\u043d \u041c\u0430\u0433\u0430\u0437\u0438\u043d\",\"item\":\"https:\/\/katarzyna.bg\/shop\/\"},{\"@type\":\"ListItem\",\"position\":3,\"name\":\"KATARZYNA RESERVE Magnum 2017 1.5\"}]},{\"@type\":\"WebSite\",\"@id\":\"https:\/\/katarzyna.bg\/#website\",\"url\":\"https:\/\/katarzyna.bg\/\",\"name\":\"Katarzyna\",\"description\":\"Katarzyna\",\"publisher\":{\"@id\":\"https:\/\/katarzyna.bg\/#organization\"},\"potentialAction\":[{\"@type\":\"SearchAction\",\"target\":{\"@type\":\"EntryPoint\",\"urlTemplate\":\"https:\/\/katarzyna.bg\/?s={search_term_string}\"},\"query-input\":{\"@type\":\"PropertyValueSpecification\",\"valueRequired\":true,\"valueName\":\"search_term_string\"}}],\"inLanguage\":\"pl-PL\"},{\"@type\":\"Organization\",\"@id\":\"https:\/\/katarzyna.bg\/#organization\",\"name\":\"Katarzyna Estate\",\"url\":\"https:\/\/katarzyna.bg\/\",\"logo\":{\"@type\":\"ImageObject\",\"inLanguage\":\"pl-PL\",\"@id\":\"https:\/\/katarzyna.bg\/#\/schema\/logo\/image\/\",\"url\":\"https:\/\/katarzyna.bg\/wp-content\/uploads\/2025\/03\/cropped-logo_grey-e1668669109649.png.webp\",\"contentUrl\":\"https:\/\/katarzyna.bg\/wp-content\/uploads\/2025\/03\/cropped-logo_grey-e1668669109649.png.webp\",\"width\":512,\"height\":512,\"caption\":\"Katarzyna Estate\"},\"image\":{\"@id\":\"https:\/\/katarzyna.bg\/#\/schema\/logo\/image\/\"},\"sameAs\":[\"https:\/\/www.facebook.com\/katarzynaestate\/\"]}]}<\/script>\n<!-- \/ Yoast SEO plugin. -->","yoast_head_json":{"title":"KATARZYNA RESERVE Magnum 2017 1.5 \u043e\u0442 \u0412\u0438\u043d\u0430\u0440\u043d\u0430 Katarzyna","description":"\u041f\u043e\u0440\u044a\u0447\u0430\u0439 \u041e\u043d\u043b\u0430\u0439\u043d KATARZYNA RESERVE Magnum 2017 1.5 \u2b50 \u0422\u043e\u043f \u0426\u0435\u043d\u0430 \u2708 \u0411\u044a\u0440\u0437\u0430 \u0414\u043e\u0441\u0442\u0430\u0432\u043a\u0430 \u2705 \u041f\u0440\u043e\u0432\u0435\u0440\u043a\u0430 \u043d\u0430 \u041f\u0440\u0430\u0442\u043a\u0430\u0442\u0430 \u0438 \u041f\u0440\u0430\u0432\u043e \u043d\u0430 \u0412\u0440\u044a\u0449\u0430\u043d\u0435","robots":{"index":"index","follow":"follow","max-snippet":"max-snippet:-1","max-image-preview":"max-image-preview:large","max-video-preview":"max-video-preview:-1"},"canonical":"https:\/\/katarzyna.bg\/pl\/shop\/katarzyna-reserve-magnum-cabernet-sauvignon-merlot-2012-1-5\/","og_locale":"pl_PL","og_type":"article","og_title":"KATARZYNA RESERVE Magnum 2017 1.5 \u043e\u0442 \u0412\u0438\u043d\u0430\u0440\u043d\u0430 Katarzyna","og_description":"\u041f\u043e\u0440\u044a\u0447\u0430\u0439 \u041e\u043d\u043b\u0430\u0439\u043d KATARZYNA RESERVE Magnum 2017 1.5 \u2b50 \u0422\u043e\u043f \u0426\u0435\u043d\u0430 \u2708 \u0411\u044a\u0440\u0437\u0430 \u0414\u043e\u0441\u0442\u0430\u0432\u043a\u0430 \u2705 \u041f\u0440\u043e\u0432\u0435\u0440\u043a\u0430 \u043d\u0430 \u041f\u0440\u0430\u0442\u043a\u0430\u0442\u0430 \u0438 \u041f\u0440\u0430\u0432\u043e \u043d\u0430 \u0412\u0440\u044a\u0449\u0430\u043d\u0435","og_url":"https:\/\/katarzyna.bg\/pl\/shop\/katarzyna-reserve-magnum-cabernet-sauvignon-merlot-2012-1-5\/","og_site_name":"Katarzyna","article_publisher":"https:\/\/www.facebook.com\/katarzynaestate\/","article_modified_time":"2026-04-13T05:26:27+00:00","og_image":[{"width":1000,"height":1240,"url":"https:\/\/katarzyna.bg\/wp-content\/uploads\/2025\/04\/Reserve_2012_1.5L-1.png","type":"image\/png"}],"twitter_card":"summary_large_image","twitter_misc":{"Szacowany czas czytania":"1 minuta"},"schema":{"@context":"https:\/\/schema.org","@graph":[{"@type":["WebPage","ItemPage"],"@id":"https:\/\/katarzyna.bg\/shop\/katarzyna-reserve-magnum-cabernet-sauvignon-merlot-2012-1-5\/","url":"https:\/\/katarzyna.bg\/shop\/katarzyna-reserve-magnum-cabernet-sauvignon-merlot-2012-1-5\/","name":"KATARZYNA RESERVE Magnum 2017 1.5 \u043e\u0442 \u0412\u0438\u043d\u0430\u0440\u043d\u0430 Katarzyna","isPartOf":{"@id":"https:\/\/katarzyna.bg\/#website"},"primaryImageOfPage":{"@id":"https:\/\/katarzyna.bg\/shop\/katarzyna-reserve-magnum-cabernet-sauvignon-merlot-2012-1-5\/#primaryimage"},"image":{"@id":"https:\/\/katarzyna.bg\/shop\/katarzyna-reserve-magnum-cabernet-sauvignon-merlot-2012-1-5\/#primaryimage"},"thumbnailUrl":"https:\/\/katarzyna.bg\/wp-content\/uploads\/2025\/04\/Reserve_2012_1.5L-1.png","datePublished":"2022-02-22T14:40:34+00:00","dateModified":"2026-04-13T05:26:27+00:00","description":"\u041f\u043e\u0440\u044a\u0447\u0430\u0439 \u041e\u043d\u043b\u0430\u0439\u043d KATARZYNA RESERVE Magnum 2017 1.5 \u2b50 \u0422\u043e\u043f \u0426\u0435\u043d\u0430 \u2708 \u0411\u044a\u0440\u0437\u0430 \u0414\u043e\u0441\u0442\u0430\u0432\u043a\u0430 \u2705 \u041f\u0440\u043e\u0432\u0435\u0440\u043a\u0430 \u043d\u0430 \u041f\u0440\u0430\u0442\u043a\u0430\u0442\u0430 \u0438 \u041f\u0440\u0430\u0432\u043e \u043d\u0430 \u0412\u0440\u044a\u0449\u0430\u043d\u0435","breadcrumb":{"@id":"https:\/\/katarzyna.bg\/shop\/katarzyna-reserve-magnum-cabernet-sauvignon-merlot-2012-1-5\/#breadcrumb"},"inLanguage":"pl-PL","potentialAction":[{"@type":"ReadAction","target":["https:\/\/katarzyna.bg\/shop\/katarzyna-reserve-magnum-cabernet-sauvignon-merlot-2012-1-5\/"]}]},{"@type":"ImageObject","inLanguage":"pl-PL","@id":"https:\/\/katarzyna.bg\/shop\/katarzyna-reserve-magnum-cabernet-sauvignon-merlot-2012-1-5\/#primaryimage","url":"https:\/\/katarzyna.bg\/wp-content\/uploads\/2025\/04\/Reserve_2012_1.5L-1.png","contentUrl":"https:\/\/katarzyna.bg\/wp-content\/uploads\/2025\/04\/Reserve_2012_1.5L-1.png","width":1000,"height":1240},{"@type":"BreadcrumbList","@id":"https:\/\/katarzyna.bg\/shop\/katarzyna-reserve-magnum-cabernet-sauvignon-merlot-2012-1-5\/#breadcrumb","itemListElement":[{"@type":"ListItem","position":1,"name":"\u041d\u0430\u0447\u0430\u043b\u043e","item":"https:\/\/katarzyna.bg\/"},{"@type":"ListItem","position":2,"name":"\u041e\u043d\u043b\u0430\u0439\u043d \u041c\u0430\u0433\u0430\u0437\u0438\u043d","item":"https:\/\/katarzyna.bg\/shop\/"},{"@type":"ListItem","position":3,"name":"KATARZYNA RESERVE Magnum 2017 1.5"}]},{"@type":"WebSite","@id":"https:\/\/katarzyna.bg\/#website","url":"https:\/\/katarzyna.bg\/","name":"Katarzyna","description":"Katarzyna","publisher":{"@id":"https:\/\/katarzyna.bg\/#organization"},"potentialAction":[{"@type":"SearchAction","target":{"@type":"EntryPoint","urlTemplate":"https:\/\/katarzyna.bg\/?s={search_term_string}"},"query-input":{"@type":"PropertyValueSpecification","valueRequired":true,"valueName":"search_term_string"}}],"inLanguage":"pl-PL"},{"@type":"Organization","@id":"https:\/\/katarzyna.bg\/#organization","name":"Katarzyna Estate","url":"https:\/\/katarzyna.bg\/","logo":{"@type":"ImageObject","inLanguage":"pl-PL","@id":"https:\/\/katarzyna.bg\/#\/schema\/logo\/image\/","url":"https:\/\/katarzyna.bg\/wp-content\/uploads\/2025\/03\/cropped-logo_grey-e1668669109649.png.webp","contentUrl":"https:\/\/katarzyna.bg\/wp-content\/uploads\/2025\/03\/cropped-logo_grey-e1668669109649.png.webp","width":512,"height":512,"caption":"Katarzyna Estate"},"image":{"@id":"https:\/\/katarzyna.bg\/#\/schema\/logo\/image\/"},"sameAs":["https:\/\/www.facebook.com\/katarzynaestate\/"]}]}},"_links":{"self":[{"href":"https:\/\/katarzyna.bg\/pl\/wp-json\/wp\/v2\/product\/26329","targetHints":{"allow":["GET"]}}],"collection":[{"href":"https:\/\/katarzyna.bg\/pl\/wp-json\/wp\/v2\/product"}],"about":[{"href":"https:\/\/katarzyna.bg\/pl\/wp-json\/wp\/v2\/types\/product"}],"replies":[{"embeddable":true,"href":"https:\/\/katarzyna.bg\/pl\/wp-json\/wp\/v2\/comments?post=26329"}],"wp:featuredmedia":[{"embeddable":true,"href":"https:\/\/katarzyna.bg\/pl\/wp-json\/wp\/v2\/media\/26330"}],"wp:attachment":[{"href":"https:\/\/katarzyna.bg\/pl\/wp-json\/wp\/v2\/media?parent=26329"}],"wp:term":[{"taxonomy":"product_brand","embeddable":true,"href":"https:\/\/katarzyna.bg\/pl\/wp-json\/wp\/v2\/product_brand?post=26329"},{"taxonomy":"product_cat","embeddable":true,"href":"https:\/\/katarzyna.bg\/pl\/wp-json\/wp\/v2\/product_cat?post=26329"},{"taxonomy":"product_tag","embeddable":true,"href":"https:\/\/katarzyna.bg\/pl\/wp-json\/wp\/v2\/product_tag?post=26329"}],"curies":[{"name":"wp","href":"https:\/\/api.w.org\/{rel}","templated":true}]}}