{"id":26335,"date":"2022-02-22T14:40:34","date_gmt":"2022-02-22T14:40:34","guid":{"rendered":"https:\/\/new.katarzyna.bg\/?product=contemplations-rose-malbec-carmenere-2024-0-75"},"modified":"2026-03-11T11:04:13","modified_gmt":"2026-03-11T09:04:13","slug":"contemplations-rose-malbec-carmenere-2024-0-75","status":"publish","type":"product","link":"https:\/\/katarzyna.bg\/pl\/shop\/contemplations-rose-malbec-carmenere-2024-0-75\/","title":{"rendered":"CONTEMPLATIONS Rose 2025 0.75"},"content":{"rendered":"<p>Wino charakteryzuje si\u0119 bardzo jasn\u0105, cebulowo-r\u00f3\u017cow\u0105 barw\u0105, kt\u00f3ra przyci\u0105ga uwag\u0119. Delikatny, z\u0142o\u017cony aromat, \u0142\u0105cz\u0105cy nuty grejpfruta, zielonego mchu brzoskwiniowego i pl\u0105tanin\u0119 aromat\u00f3w cytrusowych. Elegancki i zr\u00f3wnowa\u017cony smak, przeplataj\u0105cy mi\u0119kko\u015b\u0107, lekko\u015b\u0107, \u015bwie\u017co\u015b\u0107 i silnie wyrazisty aromat.<\/p>\n<p>Doskonale komponuje si\u0119 z krewetkami, ma\u0142\u017cami, sa\u0142atkami cytrusowymi i \u015bwie\u017cymi deserami. Odpowiednia temperatura spo\u017cycia to 14-16\u00b0C.<\/p>","protected":false},"excerpt":{"rendered":"<p>Seria CONTEMPLATIONS zosta\u0142a stworzona jako przestrze\u0144 refleksji i wyobra\u017ani, w kt\u00f3rej wino i s\u0142owa spotykaj\u0105 si\u0119 w jednym wsp\u00f3lnym do\u015bwiadczeniu. Ka\u017cdy rocznik przedstawia now\u0105 koncepcj\u0119, wyra\u017con\u0105 poprzez symboliczne obrazy i kr\u00f3tkie teksty, kt\u00f3re zach\u0119caj\u0105 do osobistej interpretacji i kontemplacji. CONTEMPLATIONS to zaproszenie, aby na chwil\u0119 si\u0119 zatrzyma\u0107 i odkry\u0107 sens wykraczaj\u0105cy poza kieliszek dobrego wina<\/p>\n<p>Ka\u017cdy rocznik z serii CONTEMPLATIONS przychodzi z sze\u015bcioma nowymi etykietami, z kt\u00f3rych ka\u017cda opowiada inn\u0105 histori\u0119.<\/p>\n<p>Etykiety nowego rocznika CONTEMPLATIONS Ros\u00e9 2025 po\u015bwi\u0119cone s\u0105 tematowi \u201eZ czego s\u0105 zrobione marzenia\u201d \u2013 mi\u0142o\u015b\u0107, wyobra\u017ania, natura i d\u0105\u017cenie do wolno\u015bci.<br \/>\nPokazuj\u0105, w jaki spos\u00f3b ludzkie uczucia, inspiracja i duchowe poszukiwania kszta\u0142tuj\u0105 \u015bwiat marze\u0144 i tw\u00f3rczo\u015bci.<\/p>","protected":false},"featured_media":31211,"comment_status":"open","ping_status":"closed","template":"","meta":[],"product_brand":[],"product_cat":[23],"product_tag":[],"class_list":{"0":"post-26335","1":"product","2":"type-product","3":"status-publish","4":"has-post-thumbnail","6":"product_cat-roze","7":"pa_marka-contemplations","8":"pa_proizhod-bulgaria","9":"pa_razvasofka-075-l","10":"pa_sort-malbec","11":"pa_sort-carmenere","13":"first","14":"instock","15":"featured","16":"shipping-taxable","17":"purchasable","18":"product-type-simple"},"yoast_head":"<!-- This site is optimized with the Yoast SEO plugin v27.1.1 - https:\/\/yoast.com\/product\/yoast-seo-wordpress\/ -->\n<title>CONTEMPLATIONS Rose 2025 0.75 \u043e\u0442 \u0412\u0438\u043d\u0430\u0440\u043d\u0430 Katarzyna<\/title>\n<meta name=\"description\" content=\"\u041f\u043e\u0440\u044a\u0447\u0430\u0439 \u041e\u043d\u043b\u0430\u0439\u043d CONTEMPLATIONS Rose 2025 0.75 \u2b50 \u0422\u043e\u043f \u0426\u0435\u043d\u0430 \u2708 \u0411\u044a\u0440\u0437\u0430 \u0414\u043e\u0441\u0442\u0430\u0432\u043a\u0430 \u2705 \u041f\u0440\u043e\u0432\u0435\u0440\u043a\u0430 \u043d\u0430 \u041f\u0440\u0430\u0442\u043a\u0430\u0442\u0430 \u0438 \u041f\u0440\u0430\u0432\u043e \u043d\u0430 \u0412\u0440\u044a\u0449\u0430\u043d\u0435\" \/>\n<meta name=\"robots\" content=\"index, follow, max-snippet:-1, max-image-preview:large, max-video-preview:-1\" \/>\n<link rel=\"canonical\" href=\"https:\/\/katarzyna.bg\/pl\/shop\/contemplations-rose-malbec-carmenere-2024-0-75\/\" \/>\n<meta property=\"og:locale\" content=\"pl_PL\" \/>\n<meta property=\"og:type\" content=\"article\" \/>\n<meta property=\"og:title\" content=\"CONTEMPLATIONS Rose 2025 0.75 \u043e\u0442 \u0412\u0438\u043d\u0430\u0440\u043d\u0430 Katarzyna\" \/>\n<meta property=\"og:description\" content=\"\u041f\u043e\u0440\u044a\u0447\u0430\u0439 \u041e\u043d\u043b\u0430\u0439\u043d CONTEMPLATIONS Rose 2025 0.75 \u2b50 \u0422\u043e\u043f \u0426\u0435\u043d\u0430 \u2708 \u0411\u044a\u0440\u0437\u0430 \u0414\u043e\u0441\u0442\u0430\u0432\u043a\u0430 \u2705 \u041f\u0440\u043e\u0432\u0435\u0440\u043a\u0430 \u043d\u0430 \u041f\u0440\u0430\u0442\u043a\u0430\u0442\u0430 \u0438 \u041f\u0440\u0430\u0432\u043e \u043d\u0430 \u0412\u0440\u044a\u0449\u0430\u043d\u0435\" \/>\n<meta property=\"og:url\" content=\"https:\/\/katarzyna.bg\/pl\/shop\/contemplations-rose-malbec-carmenere-2024-0-75\/\" \/>\n<meta property=\"og:site_name\" content=\"Katarzyna\" \/>\n<meta property=\"article:publisher\" content=\"https:\/\/www.facebook.com\/katarzynaestate\/\" \/>\n<meta property=\"article:modified_time\" content=\"2026-03-11T09:04:13+00:00\" \/>\n<meta property=\"og:image\" content=\"https:\/\/katarzyna.bg\/wp-content\/uploads\/2026\/03\/0004_contemplations_rose_2025_2.jpg\" \/>\n\t<meta property=\"og:image:width\" content=\"1000\" \/>\n\t<meta property=\"og:image:height\" content=\"1240\" \/>\n\t<meta property=\"og:image:type\" content=\"image\/jpeg\" \/>\n<meta name=\"twitter:card\" content=\"summary_large_image\" \/>\n<meta name=\"twitter:label1\" content=\"Szacowany czas czytania\" \/>\n\t<meta name=\"twitter:data1\" content=\"1 minuta\" \/>\n<script type=\"application\/ld+json\" class=\"yoast-schema-graph\">{\"@context\":\"https:\/\/schema.org\",\"@graph\":[{\"@type\":[\"WebPage\",\"ItemPage\"],\"@id\":\"https:\/\/katarzyna.bg\/shop\/contemplations-rose-malbec-carmenere-2024-0-75\/\",\"url\":\"https:\/\/katarzyna.bg\/shop\/contemplations-rose-malbec-carmenere-2024-0-75\/\",\"name\":\"CONTEMPLATIONS Rose 2025 0.75 \u043e\u0442 \u0412\u0438\u043d\u0430\u0440\u043d\u0430 Katarzyna\",\"isPartOf\":{\"@id\":\"https:\/\/katarzyna.bg\/#website\"},\"primaryImageOfPage\":{\"@id\":\"https:\/\/katarzyna.bg\/shop\/contemplations-rose-malbec-carmenere-2024-0-75\/#primaryimage\"},\"image\":{\"@id\":\"https:\/\/katarzyna.bg\/shop\/contemplations-rose-malbec-carmenere-2024-0-75\/#primaryimage\"},\"thumbnailUrl\":\"https:\/\/katarzyna.bg\/wp-content\/uploads\/2026\/03\/0004_contemplations_rose_2025_2.jpg\",\"datePublished\":\"2022-02-22T14:40:34+00:00\",\"dateModified\":\"2026-03-11T09:04:13+00:00\",\"description\":\"\u041f\u043e\u0440\u044a\u0447\u0430\u0439 \u041e\u043d\u043b\u0430\u0439\u043d CONTEMPLATIONS Rose 2025 0.75 \u2b50 \u0422\u043e\u043f \u0426\u0435\u043d\u0430 \u2708 \u0411\u044a\u0440\u0437\u0430 \u0414\u043e\u0441\u0442\u0430\u0432\u043a\u0430 \u2705 \u041f\u0440\u043e\u0432\u0435\u0440\u043a\u0430 \u043d\u0430 \u041f\u0440\u0430\u0442\u043a\u0430\u0442\u0430 \u0438 \u041f\u0440\u0430\u0432\u043e \u043d\u0430 \u0412\u0440\u044a\u0449\u0430\u043d\u0435\",\"breadcrumb\":{\"@id\":\"https:\/\/katarzyna.bg\/shop\/contemplations-rose-malbec-carmenere-2024-0-75\/#breadcrumb\"},\"inLanguage\":\"pl-PL\",\"potentialAction\":[{\"@type\":\"ReadAction\",\"target\":[\"https:\/\/katarzyna.bg\/shop\/contemplations-rose-malbec-carmenere-2024-0-75\/\"]}]},{\"@type\":\"ImageObject\",\"inLanguage\":\"pl-PL\",\"@id\":\"https:\/\/katarzyna.bg\/shop\/contemplations-rose-malbec-carmenere-2024-0-75\/#primaryimage\",\"url\":\"https:\/\/katarzyna.bg\/wp-content\/uploads\/2026\/03\/0004_contemplations_rose_2025_2.jpg\",\"contentUrl\":\"https:\/\/katarzyna.bg\/wp-content\/uploads\/2026\/03\/0004_contemplations_rose_2025_2.jpg\",\"width\":1000,\"height\":1240},{\"@type\":\"BreadcrumbList\",\"@id\":\"https:\/\/katarzyna.bg\/shop\/contemplations-rose-malbec-carmenere-2024-0-75\/#breadcrumb\",\"itemListElement\":[{\"@type\":\"ListItem\",\"position\":1,\"name\":\"\u041d\u0430\u0447\u0430\u043b\u043e\",\"item\":\"https:\/\/katarzyna.bg\/\"},{\"@type\":\"ListItem\",\"position\":2,\"name\":\"\u041e\u043d\u043b\u0430\u0439\u043d \u041c\u0430\u0433\u0430\u0437\u0438\u043d\",\"item\":\"https:\/\/katarzyna.bg\/shop\/\"},{\"@type\":\"ListItem\",\"position\":3,\"name\":\"CONTEMPLATIONS Rose 2025 0.75\"}]},{\"@type\":\"WebSite\",\"@id\":\"https:\/\/katarzyna.bg\/#website\",\"url\":\"https:\/\/katarzyna.bg\/\",\"name\":\"Katarzyna\",\"description\":\"Katarzyna\",\"publisher\":{\"@id\":\"https:\/\/katarzyna.bg\/#organization\"},\"potentialAction\":[{\"@type\":\"SearchAction\",\"target\":{\"@type\":\"EntryPoint\",\"urlTemplate\":\"https:\/\/katarzyna.bg\/?s={search_term_string}\"},\"query-input\":{\"@type\":\"PropertyValueSpecification\",\"valueRequired\":true,\"valueName\":\"search_term_string\"}}],\"inLanguage\":\"pl-PL\"},{\"@type\":\"Organization\",\"@id\":\"https:\/\/katarzyna.bg\/#organization\",\"name\":\"Katarzyna Estate\",\"url\":\"https:\/\/katarzyna.bg\/\",\"logo\":{\"@type\":\"ImageObject\",\"inLanguage\":\"pl-PL\",\"@id\":\"https:\/\/katarzyna.bg\/#\/schema\/logo\/image\/\",\"url\":\"https:\/\/katarzyna.bg\/wp-content\/uploads\/2025\/03\/cropped-logo_grey-e1668669109649.png.webp\",\"contentUrl\":\"https:\/\/katarzyna.bg\/wp-content\/uploads\/2025\/03\/cropped-logo_grey-e1668669109649.png.webp\",\"width\":512,\"height\":512,\"caption\":\"Katarzyna Estate\"},\"image\":{\"@id\":\"https:\/\/katarzyna.bg\/#\/schema\/logo\/image\/\"},\"sameAs\":[\"https:\/\/www.facebook.com\/katarzynaestate\/\"]}]}<\/script>\n<!-- \/ Yoast SEO plugin. -->","yoast_head_json":{"title":"CONTEMPLATIONS Rose 2025 0.75 \u043e\u0442 \u0412\u0438\u043d\u0430\u0440\u043d\u0430 Katarzyna","description":"\u041f\u043e\u0440\u044a\u0447\u0430\u0439 \u041e\u043d\u043b\u0430\u0439\u043d CONTEMPLATIONS Rose 2025 0.75 \u2b50 \u0422\u043e\u043f \u0426\u0435\u043d\u0430 \u2708 \u0411\u044a\u0440\u0437\u0430 \u0414\u043e\u0441\u0442\u0430\u0432\u043a\u0430 \u2705 \u041f\u0440\u043e\u0432\u0435\u0440\u043a\u0430 \u043d\u0430 \u041f\u0440\u0430\u0442\u043a\u0430\u0442\u0430 \u0438 \u041f\u0440\u0430\u0432\u043e \u043d\u0430 \u0412\u0440\u044a\u0449\u0430\u043d\u0435","robots":{"index":"index","follow":"follow","max-snippet":"max-snippet:-1","max-image-preview":"max-image-preview:large","max-video-preview":"max-video-preview:-1"},"canonical":"https:\/\/katarzyna.bg\/pl\/shop\/contemplations-rose-malbec-carmenere-2024-0-75\/","og_locale":"pl_PL","og_type":"article","og_title":"CONTEMPLATIONS Rose 2025 0.75 \u043e\u0442 \u0412\u0438\u043d\u0430\u0440\u043d\u0430 Katarzyna","og_description":"\u041f\u043e\u0440\u044a\u0447\u0430\u0439 \u041e\u043d\u043b\u0430\u0439\u043d CONTEMPLATIONS Rose 2025 0.75 \u2b50 \u0422\u043e\u043f \u0426\u0435\u043d\u0430 \u2708 \u0411\u044a\u0440\u0437\u0430 \u0414\u043e\u0441\u0442\u0430\u0432\u043a\u0430 \u2705 \u041f\u0440\u043e\u0432\u0435\u0440\u043a\u0430 \u043d\u0430 \u041f\u0440\u0430\u0442\u043a\u0430\u0442\u0430 \u0438 \u041f\u0440\u0430\u0432\u043e \u043d\u0430 \u0412\u0440\u044a\u0449\u0430\u043d\u0435","og_url":"https:\/\/katarzyna.bg\/pl\/shop\/contemplations-rose-malbec-carmenere-2024-0-75\/","og_site_name":"Katarzyna","article_publisher":"https:\/\/www.facebook.com\/katarzynaestate\/","article_modified_time":"2026-03-11T09:04:13+00:00","og_image":[{"width":1000,"height":1240,"url":"https:\/\/katarzyna.bg\/wp-content\/uploads\/2026\/03\/0004_contemplations_rose_2025_2.jpg","type":"image\/jpeg"}],"twitter_card":"summary_large_image","twitter_misc":{"Szacowany czas czytania":"1 minuta"},"schema":{"@context":"https:\/\/schema.org","@graph":[{"@type":["WebPage","ItemPage"],"@id":"https:\/\/katarzyna.bg\/shop\/contemplations-rose-malbec-carmenere-2024-0-75\/","url":"https:\/\/katarzyna.bg\/shop\/contemplations-rose-malbec-carmenere-2024-0-75\/","name":"CONTEMPLATIONS Rose 2025 0.75 \u043e\u0442 \u0412\u0438\u043d\u0430\u0440\u043d\u0430 Katarzyna","isPartOf":{"@id":"https:\/\/katarzyna.bg\/#website"},"primaryImageOfPage":{"@id":"https:\/\/katarzyna.bg\/shop\/contemplations-rose-malbec-carmenere-2024-0-75\/#primaryimage"},"image":{"@id":"https:\/\/katarzyna.bg\/shop\/contemplations-rose-malbec-carmenere-2024-0-75\/#primaryimage"},"thumbnailUrl":"https:\/\/katarzyna.bg\/wp-content\/uploads\/2026\/03\/0004_contemplations_rose_2025_2.jpg","datePublished":"2022-02-22T14:40:34+00:00","dateModified":"2026-03-11T09:04:13+00:00","description":"\u041f\u043e\u0440\u044a\u0447\u0430\u0439 \u041e\u043d\u043b\u0430\u0439\u043d CONTEMPLATIONS Rose 2025 0.75 \u2b50 \u0422\u043e\u043f \u0426\u0435\u043d\u0430 \u2708 \u0411\u044a\u0440\u0437\u0430 \u0414\u043e\u0441\u0442\u0430\u0432\u043a\u0430 \u2705 \u041f\u0440\u043e\u0432\u0435\u0440\u043a\u0430 \u043d\u0430 \u041f\u0440\u0430\u0442\u043a\u0430\u0442\u0430 \u0438 \u041f\u0440\u0430\u0432\u043e \u043d\u0430 \u0412\u0440\u044a\u0449\u0430\u043d\u0435","breadcrumb":{"@id":"https:\/\/katarzyna.bg\/shop\/contemplations-rose-malbec-carmenere-2024-0-75\/#breadcrumb"},"inLanguage":"pl-PL","potentialAction":[{"@type":"ReadAction","target":["https:\/\/katarzyna.bg\/shop\/contemplations-rose-malbec-carmenere-2024-0-75\/"]}]},{"@type":"ImageObject","inLanguage":"pl-PL","@id":"https:\/\/katarzyna.bg\/shop\/contemplations-rose-malbec-carmenere-2024-0-75\/#primaryimage","url":"https:\/\/katarzyna.bg\/wp-content\/uploads\/2026\/03\/0004_contemplations_rose_2025_2.jpg","contentUrl":"https:\/\/katarzyna.bg\/wp-content\/uploads\/2026\/03\/0004_contemplations_rose_2025_2.jpg","width":1000,"height":1240},{"@type":"BreadcrumbList","@id":"https:\/\/katarzyna.bg\/shop\/contemplations-rose-malbec-carmenere-2024-0-75\/#breadcrumb","itemListElement":[{"@type":"ListItem","position":1,"name":"\u041d\u0430\u0447\u0430\u043b\u043e","item":"https:\/\/katarzyna.bg\/"},{"@type":"ListItem","position":2,"name":"\u041e\u043d\u043b\u0430\u0439\u043d \u041c\u0430\u0433\u0430\u0437\u0438\u043d","item":"https:\/\/katarzyna.bg\/shop\/"},{"@type":"ListItem","position":3,"name":"CONTEMPLATIONS Rose 2025 0.75"}]},{"@type":"WebSite","@id":"https:\/\/katarzyna.bg\/#website","url":"https:\/\/katarzyna.bg\/","name":"Katarzyna","description":"Katarzyna","publisher":{"@id":"https:\/\/katarzyna.bg\/#organization"},"potentialAction":[{"@type":"SearchAction","target":{"@type":"EntryPoint","urlTemplate":"https:\/\/katarzyna.bg\/?s={search_term_string}"},"query-input":{"@type":"PropertyValueSpecification","valueRequired":true,"valueName":"search_term_string"}}],"inLanguage":"pl-PL"},{"@type":"Organization","@id":"https:\/\/katarzyna.bg\/#organization","name":"Katarzyna Estate","url":"https:\/\/katarzyna.bg\/","logo":{"@type":"ImageObject","inLanguage":"pl-PL","@id":"https:\/\/katarzyna.bg\/#\/schema\/logo\/image\/","url":"https:\/\/katarzyna.bg\/wp-content\/uploads\/2025\/03\/cropped-logo_grey-e1668669109649.png.webp","contentUrl":"https:\/\/katarzyna.bg\/wp-content\/uploads\/2025\/03\/cropped-logo_grey-e1668669109649.png.webp","width":512,"height":512,"caption":"Katarzyna Estate"},"image":{"@id":"https:\/\/katarzyna.bg\/#\/schema\/logo\/image\/"},"sameAs":["https:\/\/www.facebook.com\/katarzynaestate\/"]}]}},"_links":{"self":[{"href":"https:\/\/katarzyna.bg\/pl\/wp-json\/wp\/v2\/product\/26335","targetHints":{"allow":["GET"]}}],"collection":[{"href":"https:\/\/katarzyna.bg\/pl\/wp-json\/wp\/v2\/product"}],"about":[{"href":"https:\/\/katarzyna.bg\/pl\/wp-json\/wp\/v2\/types\/product"}],"replies":[{"embeddable":true,"href":"https:\/\/katarzyna.bg\/pl\/wp-json\/wp\/v2\/comments?post=26335"}],"wp:featuredmedia":[{"embeddable":true,"href":"https:\/\/katarzyna.bg\/pl\/wp-json\/wp\/v2\/media\/31211"}],"wp:attachment":[{"href":"https:\/\/katarzyna.bg\/pl\/wp-json\/wp\/v2\/media?parent=26335"}],"wp:term":[{"taxonomy":"product_brand","embeddable":true,"href":"https:\/\/katarzyna.bg\/pl\/wp-json\/wp\/v2\/product_brand?post=26335"},{"taxonomy":"product_cat","embeddable":true,"href":"https:\/\/katarzyna.bg\/pl\/wp-json\/wp\/v2\/product_cat?post=26335"},{"taxonomy":"product_tag","embeddable":true,"href":"https:\/\/katarzyna.bg\/pl\/wp-json\/wp\/v2\/product_tag?post=26335"}],"curies":[{"name":"wp","href":"https:\/\/api.w.org\/{rel}","templated":true}]}}