{"id":26358,"date":"2023-02-22T14:40:56","date_gmt":"2023-02-22T14:40:56","guid":{"rendered":"https:\/\/new.katarzyna.bg\/?product=cheval-de-katarzyna-sauvignon-blanc-2023-0-75"},"modified":"2026-04-09T09:49:38","modified_gmt":"2026-04-09T06:49:38","slug":"cheval-de-katarzyna-sauvignon-blanc-2023-0-75","status":"publish","type":"product","link":"https:\/\/katarzyna.bg\/pl\/shop\/cheval-de-katarzyna-sauvignon-blanc-2023-0-75\/","title":{"rendered":"CHEVAL DE KATARZYNA Sauvignon Blanc 2025"},"content":{"rendered":"<p>Wina z serii CHEVAL De KATARZYNA s\u0105 czysto odmianowe i mo\u017cna je okre\u015bli\u0107 jako typowe przedstawiciele win terroir. Charakteryzuj\u0105 si\u0119 niepowtarzalno\u015bci\u0105 i nosz\u0105 cechy, kt\u00f3re odr\u00f3\u017cniaj\u0105 je od innych win. W przypadku tych win technologowie maj\u0105 minimaln\u0105 ingerencj\u0119, poniewa\u017c ich g\u0142\u00f3wnym celem jest, aby terroir ujawni\u0142 si\u0119 maksymalnie i pozostawi\u0142 wyra\u017any \u015blad na rozwoju odmiany. Na przyk\u0142ad smak mo\u017ce wyczuwa\u0107 krzemie\u0144, minera\u0142y, sole (w zale\u017cno\u015bci od gleby i s\u0142o\u0144ca), specyficzne aromaty konkretnych zi\u00f3\u0142 i ro\u015blin (w zale\u017cno\u015bci od lokalizacji) itp.<\/p>\n<p>Wino charakteryzuje si\u0119 przyjemn\u0105 \u017c\u00f3\u0142tozielon\u0105 barw\u0105, kt\u00f3ra \u0142\u0105czy si\u0119 ze skoncentrowanym \u015bwie\u017cym aromatem z nutami cytrus\u00f3w, zielonego pieprzu i zielonej brzoskwini. Mi\u0119kko\u015b\u0107 smaku uzupe\u0142nia cytrusowa \u015bwie\u017co\u015b\u0107. Elegancja i finezja zachwycaj\u0105 w finiszu i posmaku wina.<\/p>\n<p>\u015awietnie komponuje si\u0119 ze \u015bwie\u017cymi serami, \u015bwie\u017cymi sa\u0142atkami, daniami rybnymi i deserami owocowymi. Odpowiednia temperatura do spo\u017cycia to 12\u2070-14\u2070C.<\/p>","protected":false},"excerpt":{"rendered":"<p>\u0412\u0438\u043d\u0430\u0442\u0430 \u043e\u0442 \u0441\u0435\u0440\u0438\u044f CHEVAL De KATARZYNA \u0441\u0430 \u0447\u0438\u0441\u0442\u043e\u0441\u043e\u0440\u0442\u043e\u0432\u0438 \u0438 \u043c\u043e\u0433\u0430\u0442 \u0434\u0430 \u0431\u044a\u0434\u0430\u0442 \u043e\u043f\u0440\u0435\u0434\u0435\u043b\u0435\u043d\u0438 \u043a\u0430\u0442\u043e \u0442\u0438\u043f\u0438\u0447\u043d\u0438 \u043f\u0440\u0435\u0434\u0441\u0442\u0430\u0432\u0438\u0442\u0435\u043b\u0438 \u043d\u0430 \u0442\u0435\u0440\u043e\u0430\u0440\u043d\u0438\u0442\u0435 \u0432\u0438\u043d\u0430. \u0422\u0435 \u0441\u0435 \u0445\u0430\u0440\u0430\u043a\u0442\u0435\u0440\u0438\u0437\u0438\u0440\u0430\u0442 \u0441 \u0435\u0434\u043d\u0430 \u043d\u0435\u043f\u043e\u0432\u0442\u043e\u0440\u0438\u043c\u043e\u0441\u0442 \u0438 \u043d\u043e\u0441\u044f\u0442 \u0431\u0435\u043b\u0435\u0437\u0438, \u043a\u043e\u0438\u0442\u043e \u0433\u0438 \u043e\u0442\u043b\u0438\u0447\u0430\u0432\u0430\u0442 \u043e\u0442 \u0432\u0441\u044f\u043a\u043e \u0434\u0440\u0443\u0433\u043e \u0432\u0438\u043d\u043e. \u041f\u0440\u0438 \u0442\u0435\u0437\u0438 \u0432\u0438\u043d\u0430 \u0442\u0435\u0445\u043d\u043e\u043b\u043e\u0437\u0438\u0442\u0435 \u0438\u043c\u0430\u0442 \u043c\u0438\u043d\u0438\u043c\u0430\u043b\u043d\u0430 \u043d\u0430\u043c\u0435\u0441\u0430, \u0437\u0430\u0449\u043e\u0442\u043e \u043e\u0441\u043d\u043e\u0432\u043d\u0430\u0442\u0430 \u0438\u043c \u0446\u0435\u043b \u0435 \u0442\u0435\u0440\u043e\u0430\u0440\u044a\u0442 \u043c\u0430\u043a\u0441\u0438\u043c\u0430\u043b\u043d\u043e \u0434\u0430 \u0441\u0435 \u0438\u0437\u044f\u0432\u0438 \u0438 \u0434\u0430 \u043e\u0441\u0442\u0430\u0432\u0438 [&hellip;]<\/p>","protected":false},"featured_media":26359,"comment_status":"open","ping_status":"closed","template":"","meta":[],"product_brand":[],"product_cat":[24],"product_tag":[],"class_list":{"0":"post-26358","1":"product","2":"type-product","3":"status-publish","4":"has-post-thumbnail","6":"product_cat-byalo-vino","7":"pa_marka-cheval-de-katarzyna","8":"pa_razvasofka-075-l","9":"pa_rekolta-137","10":"pa_sort-sauvignon-blanc","12":"first","13":"instock","14":"shipping-taxable","15":"purchasable","16":"product-type-simple"},"yoast_head":"<!-- This site is optimized with the Yoast SEO plugin v27.1.1 - https:\/\/yoast.com\/product\/yoast-seo-wordpress\/ -->\n<title>CHEVAL DE KATARZYNA Sauvignon Blanc 2025 \u043e\u0442 \u0412\u0438\u043d\u0430\u0440\u043d\u0430 Katarzyna<\/title>\n<meta name=\"description\" content=\"\u041f\u043e\u0440\u044a\u0447\u0430\u0439 \u041e\u043d\u043b\u0430\u0439\u043d CHEVAL DE KATARZYNA Sauvignon Blanc 2025 \u2b50 \u0422\u043e\u043f \u0426\u0435\u043d\u0430 \u2708 \u0411\u044a\u0440\u0437\u0430 \u0414\u043e\u0441\u0442\u0430\u0432\u043a\u0430 \u2705 \u041f\u0440\u043e\u0432\u0435\u0440\u043a\u0430 \u043d\u0430 \u041f\u0440\u0430\u0442\u043a\u0430\u0442\u0430 \u0438 \u041f\u0440\u0430\u0432\u043e \u043d\u0430 \u0412\u0440\u044a\u0449\u0430\u043d\u0435\" \/>\n<meta name=\"robots\" content=\"index, follow, max-snippet:-1, max-image-preview:large, max-video-preview:-1\" \/>\n<link rel=\"canonical\" href=\"https:\/\/katarzyna.bg\/pl\/shop\/cheval-de-katarzyna-sauvignon-blanc-2023-0-75\/\" \/>\n<meta property=\"og:locale\" content=\"pl_PL\" \/>\n<meta property=\"og:type\" content=\"article\" \/>\n<meta property=\"og:title\" content=\"CHEVAL DE KATARZYNA Sauvignon Blanc 2025 \u043e\u0442 \u0412\u0438\u043d\u0430\u0440\u043d\u0430 Katarzyna\" \/>\n<meta property=\"og:description\" content=\"\u041f\u043e\u0440\u044a\u0447\u0430\u0439 \u041e\u043d\u043b\u0430\u0439\u043d CHEVAL DE KATARZYNA Sauvignon Blanc 2025 \u2b50 \u0422\u043e\u043f \u0426\u0435\u043d\u0430 \u2708 \u0411\u044a\u0440\u0437\u0430 \u0414\u043e\u0441\u0442\u0430\u0432\u043a\u0430 \u2705 \u041f\u0440\u043e\u0432\u0435\u0440\u043a\u0430 \u043d\u0430 \u041f\u0440\u0430\u0442\u043a\u0430\u0442\u0430 \u0438 \u041f\u0440\u0430\u0432\u043e \u043d\u0430 \u0412\u0440\u044a\u0449\u0430\u043d\u0435\" \/>\n<meta property=\"og:url\" content=\"https:\/\/katarzyna.bg\/pl\/shop\/cheval-de-katarzyna-sauvignon-blanc-2023-0-75\/\" \/>\n<meta property=\"og:site_name\" content=\"Katarzyna\" \/>\n<meta property=\"article:publisher\" content=\"https:\/\/www.facebook.com\/katarzynaestate\/\" \/>\n<meta property=\"article:modified_time\" content=\"2026-04-09T06:49:38+00:00\" \/>\n<meta property=\"og:image\" content=\"https:\/\/katarzyna.bg\/wp-content\/uploads\/2025\/04\/cheval_sauvignon_blanc-1.png\" \/>\n\t<meta property=\"og:image:width\" content=\"1000\" \/>\n\t<meta property=\"og:image:height\" content=\"1240\" \/>\n\t<meta property=\"og:image:type\" content=\"image\/png\" \/>\n<meta name=\"twitter:card\" content=\"summary_large_image\" \/>\n<meta name=\"twitter:label1\" content=\"Szacowany czas czytania\" \/>\n\t<meta name=\"twitter:data1\" content=\"2 minuty\" \/>\n<script type=\"application\/ld+json\" class=\"yoast-schema-graph\">{\"@context\":\"https:\/\/schema.org\",\"@graph\":[{\"@type\":[\"WebPage\",\"ItemPage\"],\"@id\":\"https:\/\/katarzyna.bg\/shop\/cheval-de-katarzyna-sauvignon-blanc-2023-0-75\/\",\"url\":\"https:\/\/katarzyna.bg\/shop\/cheval-de-katarzyna-sauvignon-blanc-2023-0-75\/\",\"name\":\"CHEVAL DE KATARZYNA Sauvignon Blanc 2025 \u043e\u0442 \u0412\u0438\u043d\u0430\u0440\u043d\u0430 Katarzyna\",\"isPartOf\":{\"@id\":\"https:\/\/katarzyna.bg\/#website\"},\"primaryImageOfPage\":{\"@id\":\"https:\/\/katarzyna.bg\/shop\/cheval-de-katarzyna-sauvignon-blanc-2023-0-75\/#primaryimage\"},\"image\":{\"@id\":\"https:\/\/katarzyna.bg\/shop\/cheval-de-katarzyna-sauvignon-blanc-2023-0-75\/#primaryimage\"},\"thumbnailUrl\":\"https:\/\/katarzyna.bg\/wp-content\/uploads\/2025\/04\/cheval_sauvignon_blanc-1.png\",\"datePublished\":\"2023-02-22T14:40:56+00:00\",\"dateModified\":\"2026-04-09T06:49:38+00:00\",\"description\":\"\u041f\u043e\u0440\u044a\u0447\u0430\u0439 \u041e\u043d\u043b\u0430\u0439\u043d CHEVAL DE KATARZYNA Sauvignon Blanc 2025 \u2b50 \u0422\u043e\u043f \u0426\u0435\u043d\u0430 \u2708 \u0411\u044a\u0440\u0437\u0430 \u0414\u043e\u0441\u0442\u0430\u0432\u043a\u0430 \u2705 \u041f\u0440\u043e\u0432\u0435\u0440\u043a\u0430 \u043d\u0430 \u041f\u0440\u0430\u0442\u043a\u0430\u0442\u0430 \u0438 \u041f\u0440\u0430\u0432\u043e \u043d\u0430 \u0412\u0440\u044a\u0449\u0430\u043d\u0435\",\"breadcrumb\":{\"@id\":\"https:\/\/katarzyna.bg\/shop\/cheval-de-katarzyna-sauvignon-blanc-2023-0-75\/#breadcrumb\"},\"inLanguage\":\"pl-PL\",\"potentialAction\":[{\"@type\":\"ReadAction\",\"target\":[\"https:\/\/katarzyna.bg\/shop\/cheval-de-katarzyna-sauvignon-blanc-2023-0-75\/\"]}]},{\"@type\":\"ImageObject\",\"inLanguage\":\"pl-PL\",\"@id\":\"https:\/\/katarzyna.bg\/shop\/cheval-de-katarzyna-sauvignon-blanc-2023-0-75\/#primaryimage\",\"url\":\"https:\/\/katarzyna.bg\/wp-content\/uploads\/2025\/04\/cheval_sauvignon_blanc-1.png\",\"contentUrl\":\"https:\/\/katarzyna.bg\/wp-content\/uploads\/2025\/04\/cheval_sauvignon_blanc-1.png\",\"width\":1000,\"height\":1240},{\"@type\":\"BreadcrumbList\",\"@id\":\"https:\/\/katarzyna.bg\/shop\/cheval-de-katarzyna-sauvignon-blanc-2023-0-75\/#breadcrumb\",\"itemListElement\":[{\"@type\":\"ListItem\",\"position\":1,\"name\":\"\u041d\u0430\u0447\u0430\u043b\u043e\",\"item\":\"https:\/\/katarzyna.bg\/\"},{\"@type\":\"ListItem\",\"position\":2,\"name\":\"\u041e\u043d\u043b\u0430\u0439\u043d \u041c\u0430\u0433\u0430\u0437\u0438\u043d\",\"item\":\"https:\/\/katarzyna.bg\/shop\/\"},{\"@type\":\"ListItem\",\"position\":3,\"name\":\"CHEVAL DE KATARZYNA Sauvignon Blanc 2025\"}]},{\"@type\":\"WebSite\",\"@id\":\"https:\/\/katarzyna.bg\/#website\",\"url\":\"https:\/\/katarzyna.bg\/\",\"name\":\"Katarzyna\",\"description\":\"Katarzyna\",\"publisher\":{\"@id\":\"https:\/\/katarzyna.bg\/#organization\"},\"potentialAction\":[{\"@type\":\"SearchAction\",\"target\":{\"@type\":\"EntryPoint\",\"urlTemplate\":\"https:\/\/katarzyna.bg\/?s={search_term_string}\"},\"query-input\":{\"@type\":\"PropertyValueSpecification\",\"valueRequired\":true,\"valueName\":\"search_term_string\"}}],\"inLanguage\":\"pl-PL\"},{\"@type\":\"Organization\",\"@id\":\"https:\/\/katarzyna.bg\/#organization\",\"name\":\"Katarzyna Estate\",\"url\":\"https:\/\/katarzyna.bg\/\",\"logo\":{\"@type\":\"ImageObject\",\"inLanguage\":\"pl-PL\",\"@id\":\"https:\/\/katarzyna.bg\/#\/schema\/logo\/image\/\",\"url\":\"https:\/\/katarzyna.bg\/wp-content\/uploads\/2025\/03\/cropped-logo_grey-e1668669109649.png.webp\",\"contentUrl\":\"https:\/\/katarzyna.bg\/wp-content\/uploads\/2025\/03\/cropped-logo_grey-e1668669109649.png.webp\",\"width\":512,\"height\":512,\"caption\":\"Katarzyna Estate\"},\"image\":{\"@id\":\"https:\/\/katarzyna.bg\/#\/schema\/logo\/image\/\"},\"sameAs\":[\"https:\/\/www.facebook.com\/katarzynaestate\/\"]}]}<\/script>\n<!-- \/ Yoast SEO plugin. -->","yoast_head_json":{"title":"CHEVAL DE KATARZYNA Sauvignon Blanc 2025 \u043e\u0442 \u0412\u0438\u043d\u0430\u0440\u043d\u0430 Katarzyna","description":"\u041f\u043e\u0440\u044a\u0447\u0430\u0439 \u041e\u043d\u043b\u0430\u0439\u043d CHEVAL DE KATARZYNA Sauvignon Blanc 2025 \u2b50 \u0422\u043e\u043f \u0426\u0435\u043d\u0430 \u2708 \u0411\u044a\u0440\u0437\u0430 \u0414\u043e\u0441\u0442\u0430\u0432\u043a\u0430 \u2705 \u041f\u0440\u043e\u0432\u0435\u0440\u043a\u0430 \u043d\u0430 \u041f\u0440\u0430\u0442\u043a\u0430\u0442\u0430 \u0438 \u041f\u0440\u0430\u0432\u043e \u043d\u0430 \u0412\u0440\u044a\u0449\u0430\u043d\u0435","robots":{"index":"index","follow":"follow","max-snippet":"max-snippet:-1","max-image-preview":"max-image-preview:large","max-video-preview":"max-video-preview:-1"},"canonical":"https:\/\/katarzyna.bg\/pl\/shop\/cheval-de-katarzyna-sauvignon-blanc-2023-0-75\/","og_locale":"pl_PL","og_type":"article","og_title":"CHEVAL DE KATARZYNA Sauvignon Blanc 2025 \u043e\u0442 \u0412\u0438\u043d\u0430\u0440\u043d\u0430 Katarzyna","og_description":"\u041f\u043e\u0440\u044a\u0447\u0430\u0439 \u041e\u043d\u043b\u0430\u0439\u043d CHEVAL DE KATARZYNA Sauvignon Blanc 2025 \u2b50 \u0422\u043e\u043f \u0426\u0435\u043d\u0430 \u2708 \u0411\u044a\u0440\u0437\u0430 \u0414\u043e\u0441\u0442\u0430\u0432\u043a\u0430 \u2705 \u041f\u0440\u043e\u0432\u0435\u0440\u043a\u0430 \u043d\u0430 \u041f\u0440\u0430\u0442\u043a\u0430\u0442\u0430 \u0438 \u041f\u0440\u0430\u0432\u043e \u043d\u0430 \u0412\u0440\u044a\u0449\u0430\u043d\u0435","og_url":"https:\/\/katarzyna.bg\/pl\/shop\/cheval-de-katarzyna-sauvignon-blanc-2023-0-75\/","og_site_name":"Katarzyna","article_publisher":"https:\/\/www.facebook.com\/katarzynaestate\/","article_modified_time":"2026-04-09T06:49:38+00:00","og_image":[{"width":1000,"height":1240,"url":"https:\/\/katarzyna.bg\/wp-content\/uploads\/2025\/04\/cheval_sauvignon_blanc-1.png","type":"image\/png"}],"twitter_card":"summary_large_image","twitter_misc":{"Szacowany czas czytania":"2 minuty"},"schema":{"@context":"https:\/\/schema.org","@graph":[{"@type":["WebPage","ItemPage"],"@id":"https:\/\/katarzyna.bg\/shop\/cheval-de-katarzyna-sauvignon-blanc-2023-0-75\/","url":"https:\/\/katarzyna.bg\/shop\/cheval-de-katarzyna-sauvignon-blanc-2023-0-75\/","name":"CHEVAL DE KATARZYNA Sauvignon Blanc 2025 \u043e\u0442 \u0412\u0438\u043d\u0430\u0440\u043d\u0430 Katarzyna","isPartOf":{"@id":"https:\/\/katarzyna.bg\/#website"},"primaryImageOfPage":{"@id":"https:\/\/katarzyna.bg\/shop\/cheval-de-katarzyna-sauvignon-blanc-2023-0-75\/#primaryimage"},"image":{"@id":"https:\/\/katarzyna.bg\/shop\/cheval-de-katarzyna-sauvignon-blanc-2023-0-75\/#primaryimage"},"thumbnailUrl":"https:\/\/katarzyna.bg\/wp-content\/uploads\/2025\/04\/cheval_sauvignon_blanc-1.png","datePublished":"2023-02-22T14:40:56+00:00","dateModified":"2026-04-09T06:49:38+00:00","description":"\u041f\u043e\u0440\u044a\u0447\u0430\u0439 \u041e\u043d\u043b\u0430\u0439\u043d CHEVAL DE KATARZYNA Sauvignon Blanc 2025 \u2b50 \u0422\u043e\u043f \u0426\u0435\u043d\u0430 \u2708 \u0411\u044a\u0440\u0437\u0430 \u0414\u043e\u0441\u0442\u0430\u0432\u043a\u0430 \u2705 \u041f\u0440\u043e\u0432\u0435\u0440\u043a\u0430 \u043d\u0430 \u041f\u0440\u0430\u0442\u043a\u0430\u0442\u0430 \u0438 \u041f\u0440\u0430\u0432\u043e \u043d\u0430 \u0412\u0440\u044a\u0449\u0430\u043d\u0435","breadcrumb":{"@id":"https:\/\/katarzyna.bg\/shop\/cheval-de-katarzyna-sauvignon-blanc-2023-0-75\/#breadcrumb"},"inLanguage":"pl-PL","potentialAction":[{"@type":"ReadAction","target":["https:\/\/katarzyna.bg\/shop\/cheval-de-katarzyna-sauvignon-blanc-2023-0-75\/"]}]},{"@type":"ImageObject","inLanguage":"pl-PL","@id":"https:\/\/katarzyna.bg\/shop\/cheval-de-katarzyna-sauvignon-blanc-2023-0-75\/#primaryimage","url":"https:\/\/katarzyna.bg\/wp-content\/uploads\/2025\/04\/cheval_sauvignon_blanc-1.png","contentUrl":"https:\/\/katarzyna.bg\/wp-content\/uploads\/2025\/04\/cheval_sauvignon_blanc-1.png","width":1000,"height":1240},{"@type":"BreadcrumbList","@id":"https:\/\/katarzyna.bg\/shop\/cheval-de-katarzyna-sauvignon-blanc-2023-0-75\/#breadcrumb","itemListElement":[{"@type":"ListItem","position":1,"name":"\u041d\u0430\u0447\u0430\u043b\u043e","item":"https:\/\/katarzyna.bg\/"},{"@type":"ListItem","position":2,"name":"\u041e\u043d\u043b\u0430\u0439\u043d \u041c\u0430\u0433\u0430\u0437\u0438\u043d","item":"https:\/\/katarzyna.bg\/shop\/"},{"@type":"ListItem","position":3,"name":"CHEVAL DE KATARZYNA Sauvignon Blanc 2025"}]},{"@type":"WebSite","@id":"https:\/\/katarzyna.bg\/#website","url":"https:\/\/katarzyna.bg\/","name":"Katarzyna","description":"Katarzyna","publisher":{"@id":"https:\/\/katarzyna.bg\/#organization"},"potentialAction":[{"@type":"SearchAction","target":{"@type":"EntryPoint","urlTemplate":"https:\/\/katarzyna.bg\/?s={search_term_string}"},"query-input":{"@type":"PropertyValueSpecification","valueRequired":true,"valueName":"search_term_string"}}],"inLanguage":"pl-PL"},{"@type":"Organization","@id":"https:\/\/katarzyna.bg\/#organization","name":"Katarzyna Estate","url":"https:\/\/katarzyna.bg\/","logo":{"@type":"ImageObject","inLanguage":"pl-PL","@id":"https:\/\/katarzyna.bg\/#\/schema\/logo\/image\/","url":"https:\/\/katarzyna.bg\/wp-content\/uploads\/2025\/03\/cropped-logo_grey-e1668669109649.png.webp","contentUrl":"https:\/\/katarzyna.bg\/wp-content\/uploads\/2025\/03\/cropped-logo_grey-e1668669109649.png.webp","width":512,"height":512,"caption":"Katarzyna Estate"},"image":{"@id":"https:\/\/katarzyna.bg\/#\/schema\/logo\/image\/"},"sameAs":["https:\/\/www.facebook.com\/katarzynaestate\/"]}]}},"_links":{"self":[{"href":"https:\/\/katarzyna.bg\/pl\/wp-json\/wp\/v2\/product\/26358","targetHints":{"allow":["GET"]}}],"collection":[{"href":"https:\/\/katarzyna.bg\/pl\/wp-json\/wp\/v2\/product"}],"about":[{"href":"https:\/\/katarzyna.bg\/pl\/wp-json\/wp\/v2\/types\/product"}],"replies":[{"embeddable":true,"href":"https:\/\/katarzyna.bg\/pl\/wp-json\/wp\/v2\/comments?post=26358"}],"wp:featuredmedia":[{"embeddable":true,"href":"https:\/\/katarzyna.bg\/pl\/wp-json\/wp\/v2\/media\/26359"}],"wp:attachment":[{"href":"https:\/\/katarzyna.bg\/pl\/wp-json\/wp\/v2\/media?parent=26358"}],"wp:term":[{"taxonomy":"product_brand","embeddable":true,"href":"https:\/\/katarzyna.bg\/pl\/wp-json\/wp\/v2\/product_brand?post=26358"},{"taxonomy":"product_cat","embeddable":true,"href":"https:\/\/katarzyna.bg\/pl\/wp-json\/wp\/v2\/product_cat?post=26358"},{"taxonomy":"product_tag","embeddable":true,"href":"https:\/\/katarzyna.bg\/pl\/wp-json\/wp\/v2\/product_tag?post=26358"}],"curies":[{"name":"wp","href":"https:\/\/api.w.org\/{rel}","templated":true}]}}