{"id":26364,"date":"2022-02-22T14:40:56","date_gmt":"2022-02-22T14:40:56","guid":{"rendered":"https:\/\/new.katarzyna.bg\/?product=mezzek-sauvignon-blanc-pinot-gris-2024-0-75"},"modified":"2026-04-09T09:58:04","modified_gmt":"2026-04-09T06:58:04","slug":"mezzek-sauvignon-blanc-pinot-gris-2024-0-75","status":"publish","type":"product","link":"https:\/\/katarzyna.bg\/pl\/shop\/mezzek-sauvignon-blanc-pinot-gris-2024-0-75\/","title":{"rendered":"MEZZEK Sauvignon Blanc 2025 0.75"},"content":{"rendered":"<p>Wino charakteryzuje si\u0119 intensywnym \u017c\u00f3\u0142to-zielonym kolorem. Aromat \u015bwie\u017cych cytrus\u00f3w i bia\u0142ych owoc\u00f3w. Wykwintny, elegancki smak, z przyjemn\u0105 \u015bwie\u017co\u015bci\u0105 i poczuciem obj\u0119to\u015bci. Soczysty i orze\u017awiaj\u0105cy posmak<\/p>\n<p>\u015awietnie komponuje si\u0119 ze \u015bwie\u017cymi zielonymi sa\u0142atkami, bia\u0142ymi rybami morskimi, lekkimi serami, szparagami, bia\u0142ym mi\u0119sem - kurczakiem. Odpowiednia temperatura do spo\u017cycia to 12\u2070-14\u2070C.<\/p>","protected":false},"excerpt":{"rendered":"<p>W serii MEZZEK winiarze z Katarzyna Estate prezentuj\u0105 nowe, wsp\u00f3\u0142czesne podej\u015bcie do odmian winogron, ukazuj\u0105c ich wyr\u00f3\u017cniaj\u0105cy si\u0119 charakter. R\u00f3\u017cnorodno\u015b\u0107 parceli w winnicach posiad\u0142o\u015bci pozwala na precyzyjny wyb\u00f3r najlepszych winogron i tworzenie win o wyra\u017anie zaznaczonej indywidualno\u015bci.<\/p>","protected":false},"featured_media":26365,"comment_status":"open","ping_status":"closed","template":"","meta":[],"product_brand":[],"product_cat":[24],"product_tag":[],"class_list":{"0":"post-26364","1":"product","2":"type-product","3":"status-publish","4":"has-post-thumbnail","6":"product_cat-byalo-vino","7":"pa_marka-mezzek","8":"pa_proizhod-bulgaria","9":"pa_razvasofka-075-l","10":"pa_rekolta-137","11":"pa_sort-pinot-gris","12":"pa_sort-sauvignon-blanc","14":"first","15":"instock","16":"shipping-taxable","17":"purchasable","18":"product-type-simple"},"yoast_head":"<!-- This site is optimized with the Yoast SEO plugin v27.1.1 - https:\/\/yoast.com\/product\/yoast-seo-wordpress\/ -->\n<title>MEZZEK Sauvignon Blanc 2025 0.75 \u043e\u0442 \u0412\u0438\u043d\u0430\u0440\u043d\u0430 Katarzyna<\/title>\n<meta name=\"description\" content=\"\u041f\u043e\u0440\u044a\u0447\u0430\u0439 \u041e\u043d\u043b\u0430\u0439\u043d MEZZEK Sauvignon Blanc 2025 0.75 \u2b50 \u0422\u043e\u043f \u0426\u0435\u043d\u0430 \u2708 \u0411\u044a\u0440\u0437\u0430 \u0414\u043e\u0441\u0442\u0430\u0432\u043a\u0430 \u2705 \u041f\u0440\u043e\u0432\u0435\u0440\u043a\u0430 \u043d\u0430 \u041f\u0440\u0430\u0442\u043a\u0430\u0442\u0430 \u0438 \u041f\u0440\u0430\u0432\u043e \u043d\u0430 \u0412\u0440\u044a\u0449\u0430\u043d\u0435\" \/>\n<meta name=\"robots\" content=\"index, follow, max-snippet:-1, max-image-preview:large, max-video-preview:-1\" \/>\n<link rel=\"canonical\" href=\"https:\/\/katarzyna.bg\/pl\/shop\/mezzek-sauvignon-blanc-pinot-gris-2024-0-75\/\" \/>\n<meta property=\"og:locale\" content=\"pl_PL\" \/>\n<meta property=\"og:type\" content=\"article\" \/>\n<meta property=\"og:title\" content=\"MEZZEK Sauvignon Blanc 2025 0.75 \u043e\u0442 \u0412\u0438\u043d\u0430\u0440\u043d\u0430 Katarzyna\" \/>\n<meta property=\"og:description\" content=\"\u041f\u043e\u0440\u044a\u0447\u0430\u0439 \u041e\u043d\u043b\u0430\u0439\u043d MEZZEK Sauvignon Blanc 2025 0.75 \u2b50 \u0422\u043e\u043f \u0426\u0435\u043d\u0430 \u2708 \u0411\u044a\u0440\u0437\u0430 \u0414\u043e\u0441\u0442\u0430\u0432\u043a\u0430 \u2705 \u041f\u0440\u043e\u0432\u0435\u0440\u043a\u0430 \u043d\u0430 \u041f\u0440\u0430\u0442\u043a\u0430\u0442\u0430 \u0438 \u041f\u0440\u0430\u0432\u043e \u043d\u0430 \u0412\u0440\u044a\u0449\u0430\u043d\u0435\" \/>\n<meta property=\"og:url\" content=\"https:\/\/katarzyna.bg\/pl\/shop\/mezzek-sauvignon-blanc-pinot-gris-2024-0-75\/\" \/>\n<meta property=\"og:site_name\" content=\"Katarzyna\" \/>\n<meta property=\"article:publisher\" content=\"https:\/\/www.facebook.com\/katarzynaestate\/\" \/>\n<meta property=\"article:modified_time\" content=\"2026-04-09T06:58:04+00:00\" \/>\n<meta property=\"og:image\" content=\"https:\/\/katarzyna.bg\/wp-content\/uploads\/2025\/04\/Mezzek_SBPg_2020_WB-1.png\" \/>\n\t<meta property=\"og:image:width\" content=\"1000\" \/>\n\t<meta property=\"og:image:height\" content=\"1240\" \/>\n\t<meta property=\"og:image:type\" content=\"image\/png\" \/>\n<meta name=\"twitter:card\" content=\"summary_large_image\" \/>\n<meta name=\"twitter:label1\" content=\"Szacowany czas czytania\" \/>\n\t<meta name=\"twitter:data1\" content=\"1 minuta\" \/>\n<script type=\"application\/ld+json\" class=\"yoast-schema-graph\">{\"@context\":\"https:\/\/schema.org\",\"@graph\":[{\"@type\":[\"WebPage\",\"ItemPage\"],\"@id\":\"https:\/\/katarzyna.bg\/shop\/mezzek-sauvignon-blanc-pinot-gris-2024-0-75\/\",\"url\":\"https:\/\/katarzyna.bg\/shop\/mezzek-sauvignon-blanc-pinot-gris-2024-0-75\/\",\"name\":\"MEZZEK Sauvignon Blanc 2025 0.75 \u043e\u0442 \u0412\u0438\u043d\u0430\u0440\u043d\u0430 Katarzyna\",\"isPartOf\":{\"@id\":\"https:\/\/katarzyna.bg\/#website\"},\"primaryImageOfPage\":{\"@id\":\"https:\/\/katarzyna.bg\/shop\/mezzek-sauvignon-blanc-pinot-gris-2024-0-75\/#primaryimage\"},\"image\":{\"@id\":\"https:\/\/katarzyna.bg\/shop\/mezzek-sauvignon-blanc-pinot-gris-2024-0-75\/#primaryimage\"},\"thumbnailUrl\":\"https:\/\/katarzyna.bg\/wp-content\/uploads\/2025\/04\/Mezzek_SBPg_2020_WB-1.png\",\"datePublished\":\"2022-02-22T14:40:56+00:00\",\"dateModified\":\"2026-04-09T06:58:04+00:00\",\"description\":\"\u041f\u043e\u0440\u044a\u0447\u0430\u0439 \u041e\u043d\u043b\u0430\u0439\u043d MEZZEK Sauvignon Blanc 2025 0.75 \u2b50 \u0422\u043e\u043f \u0426\u0435\u043d\u0430 \u2708 \u0411\u044a\u0440\u0437\u0430 \u0414\u043e\u0441\u0442\u0430\u0432\u043a\u0430 \u2705 \u041f\u0440\u043e\u0432\u0435\u0440\u043a\u0430 \u043d\u0430 \u041f\u0440\u0430\u0442\u043a\u0430\u0442\u0430 \u0438 \u041f\u0440\u0430\u0432\u043e \u043d\u0430 \u0412\u0440\u044a\u0449\u0430\u043d\u0435\",\"breadcrumb\":{\"@id\":\"https:\/\/katarzyna.bg\/shop\/mezzek-sauvignon-blanc-pinot-gris-2024-0-75\/#breadcrumb\"},\"inLanguage\":\"pl-PL\",\"potentialAction\":[{\"@type\":\"ReadAction\",\"target\":[\"https:\/\/katarzyna.bg\/shop\/mezzek-sauvignon-blanc-pinot-gris-2024-0-75\/\"]}]},{\"@type\":\"ImageObject\",\"inLanguage\":\"pl-PL\",\"@id\":\"https:\/\/katarzyna.bg\/shop\/mezzek-sauvignon-blanc-pinot-gris-2024-0-75\/#primaryimage\",\"url\":\"https:\/\/katarzyna.bg\/wp-content\/uploads\/2025\/04\/Mezzek_SBPg_2020_WB-1.png\",\"contentUrl\":\"https:\/\/katarzyna.bg\/wp-content\/uploads\/2025\/04\/Mezzek_SBPg_2020_WB-1.png\",\"width\":1000,\"height\":1240},{\"@type\":\"BreadcrumbList\",\"@id\":\"https:\/\/katarzyna.bg\/shop\/mezzek-sauvignon-blanc-pinot-gris-2024-0-75\/#breadcrumb\",\"itemListElement\":[{\"@type\":\"ListItem\",\"position\":1,\"name\":\"\u041d\u0430\u0447\u0430\u043b\u043e\",\"item\":\"https:\/\/katarzyna.bg\/\"},{\"@type\":\"ListItem\",\"position\":2,\"name\":\"\u041e\u043d\u043b\u0430\u0439\u043d \u041c\u0430\u0433\u0430\u0437\u0438\u043d\",\"item\":\"https:\/\/katarzyna.bg\/shop\/\"},{\"@type\":\"ListItem\",\"position\":3,\"name\":\"MEZZEK Sauvignon Blanc 2025 0.75\"}]},{\"@type\":\"WebSite\",\"@id\":\"https:\/\/katarzyna.bg\/#website\",\"url\":\"https:\/\/katarzyna.bg\/\",\"name\":\"Katarzyna\",\"description\":\"Katarzyna\",\"publisher\":{\"@id\":\"https:\/\/katarzyna.bg\/#organization\"},\"potentialAction\":[{\"@type\":\"SearchAction\",\"target\":{\"@type\":\"EntryPoint\",\"urlTemplate\":\"https:\/\/katarzyna.bg\/?s={search_term_string}\"},\"query-input\":{\"@type\":\"PropertyValueSpecification\",\"valueRequired\":true,\"valueName\":\"search_term_string\"}}],\"inLanguage\":\"pl-PL\"},{\"@type\":\"Organization\",\"@id\":\"https:\/\/katarzyna.bg\/#organization\",\"name\":\"Katarzyna Estate\",\"url\":\"https:\/\/katarzyna.bg\/\",\"logo\":{\"@type\":\"ImageObject\",\"inLanguage\":\"pl-PL\",\"@id\":\"https:\/\/katarzyna.bg\/#\/schema\/logo\/image\/\",\"url\":\"https:\/\/katarzyna.bg\/wp-content\/uploads\/2025\/03\/cropped-logo_grey-e1668669109649.png.webp\",\"contentUrl\":\"https:\/\/katarzyna.bg\/wp-content\/uploads\/2025\/03\/cropped-logo_grey-e1668669109649.png.webp\",\"width\":512,\"height\":512,\"caption\":\"Katarzyna Estate\"},\"image\":{\"@id\":\"https:\/\/katarzyna.bg\/#\/schema\/logo\/image\/\"},\"sameAs\":[\"https:\/\/www.facebook.com\/katarzynaestate\/\"]}]}<\/script>\n<!-- \/ Yoast SEO plugin. -->","yoast_head_json":{"title":"MEZZEK Sauvignon Blanc 2025 0.75 \u043e\u0442 \u0412\u0438\u043d\u0430\u0440\u043d\u0430 Katarzyna","description":"\u041f\u043e\u0440\u044a\u0447\u0430\u0439 \u041e\u043d\u043b\u0430\u0439\u043d MEZZEK Sauvignon Blanc 2025 0.75 \u2b50 \u0422\u043e\u043f \u0426\u0435\u043d\u0430 \u2708 \u0411\u044a\u0440\u0437\u0430 \u0414\u043e\u0441\u0442\u0430\u0432\u043a\u0430 \u2705 \u041f\u0440\u043e\u0432\u0435\u0440\u043a\u0430 \u043d\u0430 \u041f\u0440\u0430\u0442\u043a\u0430\u0442\u0430 \u0438 \u041f\u0440\u0430\u0432\u043e \u043d\u0430 \u0412\u0440\u044a\u0449\u0430\u043d\u0435","robots":{"index":"index","follow":"follow","max-snippet":"max-snippet:-1","max-image-preview":"max-image-preview:large","max-video-preview":"max-video-preview:-1"},"canonical":"https:\/\/katarzyna.bg\/pl\/shop\/mezzek-sauvignon-blanc-pinot-gris-2024-0-75\/","og_locale":"pl_PL","og_type":"article","og_title":"MEZZEK Sauvignon Blanc 2025 0.75 \u043e\u0442 \u0412\u0438\u043d\u0430\u0440\u043d\u0430 Katarzyna","og_description":"\u041f\u043e\u0440\u044a\u0447\u0430\u0439 \u041e\u043d\u043b\u0430\u0439\u043d MEZZEK Sauvignon Blanc 2025 0.75 \u2b50 \u0422\u043e\u043f \u0426\u0435\u043d\u0430 \u2708 \u0411\u044a\u0440\u0437\u0430 \u0414\u043e\u0441\u0442\u0430\u0432\u043a\u0430 \u2705 \u041f\u0440\u043e\u0432\u0435\u0440\u043a\u0430 \u043d\u0430 \u041f\u0440\u0430\u0442\u043a\u0430\u0442\u0430 \u0438 \u041f\u0440\u0430\u0432\u043e \u043d\u0430 \u0412\u0440\u044a\u0449\u0430\u043d\u0435","og_url":"https:\/\/katarzyna.bg\/pl\/shop\/mezzek-sauvignon-blanc-pinot-gris-2024-0-75\/","og_site_name":"Katarzyna","article_publisher":"https:\/\/www.facebook.com\/katarzynaestate\/","article_modified_time":"2026-04-09T06:58:04+00:00","og_image":[{"width":1000,"height":1240,"url":"https:\/\/katarzyna.bg\/wp-content\/uploads\/2025\/04\/Mezzek_SBPg_2020_WB-1.png","type":"image\/png"}],"twitter_card":"summary_large_image","twitter_misc":{"Szacowany czas czytania":"1 minuta"},"schema":{"@context":"https:\/\/schema.org","@graph":[{"@type":["WebPage","ItemPage"],"@id":"https:\/\/katarzyna.bg\/shop\/mezzek-sauvignon-blanc-pinot-gris-2024-0-75\/","url":"https:\/\/katarzyna.bg\/shop\/mezzek-sauvignon-blanc-pinot-gris-2024-0-75\/","name":"MEZZEK Sauvignon Blanc 2025 0.75 \u043e\u0442 \u0412\u0438\u043d\u0430\u0440\u043d\u0430 Katarzyna","isPartOf":{"@id":"https:\/\/katarzyna.bg\/#website"},"primaryImageOfPage":{"@id":"https:\/\/katarzyna.bg\/shop\/mezzek-sauvignon-blanc-pinot-gris-2024-0-75\/#primaryimage"},"image":{"@id":"https:\/\/katarzyna.bg\/shop\/mezzek-sauvignon-blanc-pinot-gris-2024-0-75\/#primaryimage"},"thumbnailUrl":"https:\/\/katarzyna.bg\/wp-content\/uploads\/2025\/04\/Mezzek_SBPg_2020_WB-1.png","datePublished":"2022-02-22T14:40:56+00:00","dateModified":"2026-04-09T06:58:04+00:00","description":"\u041f\u043e\u0440\u044a\u0447\u0430\u0439 \u041e\u043d\u043b\u0430\u0439\u043d MEZZEK Sauvignon Blanc 2025 0.75 \u2b50 \u0422\u043e\u043f \u0426\u0435\u043d\u0430 \u2708 \u0411\u044a\u0440\u0437\u0430 \u0414\u043e\u0441\u0442\u0430\u0432\u043a\u0430 \u2705 \u041f\u0440\u043e\u0432\u0435\u0440\u043a\u0430 \u043d\u0430 \u041f\u0440\u0430\u0442\u043a\u0430\u0442\u0430 \u0438 \u041f\u0440\u0430\u0432\u043e \u043d\u0430 \u0412\u0440\u044a\u0449\u0430\u043d\u0435","breadcrumb":{"@id":"https:\/\/katarzyna.bg\/shop\/mezzek-sauvignon-blanc-pinot-gris-2024-0-75\/#breadcrumb"},"inLanguage":"pl-PL","potentialAction":[{"@type":"ReadAction","target":["https:\/\/katarzyna.bg\/shop\/mezzek-sauvignon-blanc-pinot-gris-2024-0-75\/"]}]},{"@type":"ImageObject","inLanguage":"pl-PL","@id":"https:\/\/katarzyna.bg\/shop\/mezzek-sauvignon-blanc-pinot-gris-2024-0-75\/#primaryimage","url":"https:\/\/katarzyna.bg\/wp-content\/uploads\/2025\/04\/Mezzek_SBPg_2020_WB-1.png","contentUrl":"https:\/\/katarzyna.bg\/wp-content\/uploads\/2025\/04\/Mezzek_SBPg_2020_WB-1.png","width":1000,"height":1240},{"@type":"BreadcrumbList","@id":"https:\/\/katarzyna.bg\/shop\/mezzek-sauvignon-blanc-pinot-gris-2024-0-75\/#breadcrumb","itemListElement":[{"@type":"ListItem","position":1,"name":"\u041d\u0430\u0447\u0430\u043b\u043e","item":"https:\/\/katarzyna.bg\/"},{"@type":"ListItem","position":2,"name":"\u041e\u043d\u043b\u0430\u0439\u043d \u041c\u0430\u0433\u0430\u0437\u0438\u043d","item":"https:\/\/katarzyna.bg\/shop\/"},{"@type":"ListItem","position":3,"name":"MEZZEK Sauvignon Blanc 2025 0.75"}]},{"@type":"WebSite","@id":"https:\/\/katarzyna.bg\/#website","url":"https:\/\/katarzyna.bg\/","name":"Katarzyna","description":"Katarzyna","publisher":{"@id":"https:\/\/katarzyna.bg\/#organization"},"potentialAction":[{"@type":"SearchAction","target":{"@type":"EntryPoint","urlTemplate":"https:\/\/katarzyna.bg\/?s={search_term_string}"},"query-input":{"@type":"PropertyValueSpecification","valueRequired":true,"valueName":"search_term_string"}}],"inLanguage":"pl-PL"},{"@type":"Organization","@id":"https:\/\/katarzyna.bg\/#organization","name":"Katarzyna Estate","url":"https:\/\/katarzyna.bg\/","logo":{"@type":"ImageObject","inLanguage":"pl-PL","@id":"https:\/\/katarzyna.bg\/#\/schema\/logo\/image\/","url":"https:\/\/katarzyna.bg\/wp-content\/uploads\/2025\/03\/cropped-logo_grey-e1668669109649.png.webp","contentUrl":"https:\/\/katarzyna.bg\/wp-content\/uploads\/2025\/03\/cropped-logo_grey-e1668669109649.png.webp","width":512,"height":512,"caption":"Katarzyna Estate"},"image":{"@id":"https:\/\/katarzyna.bg\/#\/schema\/logo\/image\/"},"sameAs":["https:\/\/www.facebook.com\/katarzynaestate\/"]}]}},"_links":{"self":[{"href":"https:\/\/katarzyna.bg\/pl\/wp-json\/wp\/v2\/product\/26364","targetHints":{"allow":["GET"]}}],"collection":[{"href":"https:\/\/katarzyna.bg\/pl\/wp-json\/wp\/v2\/product"}],"about":[{"href":"https:\/\/katarzyna.bg\/pl\/wp-json\/wp\/v2\/types\/product"}],"replies":[{"embeddable":true,"href":"https:\/\/katarzyna.bg\/pl\/wp-json\/wp\/v2\/comments?post=26364"}],"wp:featuredmedia":[{"embeddable":true,"href":"https:\/\/katarzyna.bg\/pl\/wp-json\/wp\/v2\/media\/26365"}],"wp:attachment":[{"href":"https:\/\/katarzyna.bg\/pl\/wp-json\/wp\/v2\/media?parent=26364"}],"wp:term":[{"taxonomy":"product_brand","embeddable":true,"href":"https:\/\/katarzyna.bg\/pl\/wp-json\/wp\/v2\/product_brand?post=26364"},{"taxonomy":"product_cat","embeddable":true,"href":"https:\/\/katarzyna.bg\/pl\/wp-json\/wp\/v2\/product_cat?post=26364"},{"taxonomy":"product_tag","embeddable":true,"href":"https:\/\/katarzyna.bg\/pl\/wp-json\/wp\/v2\/product_tag?post=26364"}],"curies":[{"name":"wp","href":"https:\/\/api.w.org\/{rel}","templated":true}]}}