{"id":28444,"date":"2025-07-31T14:03:03","date_gmt":"2025-07-31T14:03:03","guid":{"rendered":"https:\/\/katarzyna.bg\/?post_type=product&#038;p=28444"},"modified":"2025-12-31T21:00:44","modified_gmt":"2025-12-31T21:00:44","slug":"vinoto-bez-slozhni-dumi-25-vinarni-koito-da-posetish","status":"publish","type":"product","link":"https:\/\/katarzyna.bg\/pl\/shop\/vinoto-bez-slozhni-dumi-25-vinarni-koito-da-posetish\/","title":{"rendered":"Wino bez skomplikowanych s\u0142\u00f3w: 25 winnic, kt\u00f3re warto odwiedzi\u0107"},"content":{"rendered":"","protected":false},"excerpt":{"rendered":"<p>Marzysz o \u0142atwym zorientowaniu si\u0119 w etykietach wina? Wiedzie\u0107, kt\u00f3re wino wybra\u0107 na kolacj\u0119 z przyjaci\u00f3\u0142mi? Albo po prostu zacz\u0105\u0107 swoj\u0105 winn\u0105 podr\u00f3\u017c bez poczucia zagubienia w\u015br\u00f3d trudnych termin\u00f3w?\u00a0<strong>Ta ksi\u0105\u017cka jest dla Ciebie.<\/strong><\/p>\n<p>&nbsp;<\/p>\n<p>Je\u015bli zawsze chcia\u0142e\u015b rozpozna\u0107 dobre wino, dokona\u0107 w\u0142a\u015bciwego wyboru w sklepie lub po prostu zrozumie\u0107, co oznaczaj\u0105 \u201etaniny\u201d, czym jest \u201eterroir\u201d i dlaczego jest tak wa\u017cny \u2013 ta ksi\u0105\u017cka jest dla Ciebie.<\/p>\n<ul>\n<li><strong>Odpowiednia zar\u00f3wno dla pocz\u0105tkuj\u0105cych, jak i zaawansowanych.<\/strong>\u0141atwo t\u0142umaczymy, jak degustowa\u0107 wino, jak je wybiera\u0107 i przechowywa\u0107, co warto sprawdzi\u0107 na etykiecie butelki oraz inne ciekawe zagadnienia.<\/li>\n<li><strong>\u0420\u0435\u0447\u043d\u0438\u043a \u043d\u0430 \u0432\u0438\u043d\u0435\u043d\u0438\u044f \u0435\u0437\u0438\u043a &#8211;\u00a0<\/strong>\u0441\u044a\u0437\u0434\u0430\u0434\u0435\u043d \u0441 \u043c\u0438\u0441\u044a\u043b \u0438 \u0432\u043d\u0438\u043c\u0430\u043d\u0438\u0435 \u0437\u0430 \u0445\u043e\u0440\u0430\u0442\u0430, \u043a\u043e\u0438\u0442\u043e \u0442\u0435\u043f\u044a\u0440\u0432\u0430 \u043e\u0442\u043a\u0440\u0438\u0432\u0430\u0442 \u0432\u0438\u043d\u0435\u043d\u0430\u0442\u0430 \u043a\u0443\u043b\u0442\u0443\u0440\u0430.<\/li>\n<li><strong>\u0411\u044a\u043b\u0433\u0430\u0440\u0441\u043a\u0438 \u0438 \u043c\u0435\u0436\u0434\u0443\u043d\u0430\u0440\u043e\u0434\u043d\u0438 \u0441\u043e\u0440\u0442\u043e\u0432\u0435<\/strong>\u00a0&#8211; \u043f\u0440\u0435\u0434\u0441\u0442\u0430\u0432\u0435\u043d\u0438 \u0441 \u0445\u0430\u0440\u0430\u043a\u0442\u0435\u0440\u0438\u0441\u0442\u0438\u043a\u0438\u0442\u0435 \u0438\u043c, \u0442\u0430\u043a\u0430 \u0447\u0435 \u0434\u0430 \u0433\u0438 \u0440\u0430\u0437\u043f\u043e\u0437\u043d\u0430\u0435\u0448 \u043e\u0449\u0435 \u043f\u0440\u0438 \u043f\u044a\u0440\u0432\u0430\u0442\u0430 \u0433\u043b\u044a\u0442\u043a\u0430.<\/li>\n<li><strong>\u0412\u0441\u0438\u0447\u043a\u0438 \u0432\u0438\u043d\u0435\u043d\u0438 \u0440\u0435\u0433\u0438\u043e\u043d\u0438 \u0432 \u0411\u044a\u043b\u0433\u0430\u0440\u0438\u044f &#8211;\u00a0<\/strong>\u043e\u043f\u0438\u0441\u0430\u043d\u0438 \u0441 \u0442\u0435\u0445\u043d\u0438\u0442\u0435 \u0442\u0435\u0440\u043e\u0430\u0440\u043d\u0438 \u043e\u0441\u043e\u0431\u0435\u043d\u043e\u0441\u0442\u0438 \u0438 \u043a\u0430\u043a\u0432\u043e \u0433\u0438 \u043f\u0440\u0430\u0432\u0438 \u0443\u043d\u0438\u043a\u0430\u043b\u043d\u0438, \u0438\u043d\u0442\u0435\u0440\u0435\u0441\u043d\u043e \u0434\u043e\u0440\u0438 \u0437\u0430 \u043f\u043e-\u043d\u0430\u043f\u0440\u0435\u0434\u043d\u0430\u043b\u0438\u0442\u0435 \u0432\u0438\u043d\u043e\u043b\u044e\u0431\u0438\u0442\u0435\u043b\u0438.<\/li>\n<li><strong>25 \u043f\u043e\u0434\u0431\u0440\u0430\u043d\u0438 \u0432\u0438\u043d\u0430\u0440\u043d\u0438<\/strong>\u00a0&#8211; \u0442\u0435\u0445\u043d\u0438\u0442\u0435 \u0438\u0441\u0442\u043e\u0440\u0438\u0438, \u0445\u043e\u0440\u0430\u0442\u0430 \u0437\u0430\u0434 \u0442\u044f\u0445, \u0432\u0438\u043d\u0430\u0442\u0430, \u043a\u043e\u0438\u0442\u043e \u043f\u0440\u0435\u043f\u043e\u0440\u044a\u0447\u0432\u0430\u043c\u0435 \u0434\u0430 \u043e\u043f\u0438\u0442\u0430\u0448, \u0438 \u0441\u044a\u0432\u0435\u0442\u0438 \u0437\u0430 \u043f\u043e\u0441\u0435\u0449\u0435\u043d\u0438\u0435.<\/li>\n<li>\u0410 \u0437\u0430 \u0434\u0430 \u0443\u0441\u0435\u0442\u0438\u0448 \u043e\u0449\u0435 \u043f\u043e-\u0441\u0438\u043b\u043d\u043e \u0434\u0443\u0445\u0430 \u043d\u0430 \u043c\u0435\u0441\u0442\u0430\u0442\u0430 \u2013 \u043a\u043d\u0438\u0433\u0430\u0442\u0430 \u0432\u043a\u043b\u044e\u0447\u0432\u0430<strong>\u00a0\u0446\u0432\u0435\u0442\u043d\u0438 \u0441\u043d\u0438\u043c\u043a\u0438 \u043d\u0430 \u0441\u0430\u043c\u0438\u0442\u0435 \u0432\u0438\u043d\u0430\u0440\u043d\u0438<\/strong>, \u0437\u0430\u0441\u043d\u0435\u0442\u0438 \u0441\u0440\u0435\u0434 \u043b\u043e\u0437\u044f\u0442\u0430, \u0438\u0437\u0431\u0438\u0442\u0435 \u0438\u043b\u0438 \u0437\u0430\u043b\u0438\u0442\u0435 \u0437\u0430 \u0434\u0435\u0433\u0443\u0441\u0442\u0430\u0446\u0438\u0438.<\/li>\n<\/ul>","protected":false},"featured_media":28443,"comment_status":"closed","ping_status":"closed","template":"","meta":[],"product_brand":[],"product_cat":[27],"product_tag":[],"class_list":{"0":"post-28444","1":"product","2":"type-product","3":"status-publish","4":"has-post-thumbnail","6":"product_cat-aksesoari","8":"first","9":"instock","10":"shipping-taxable","11":"purchasable","12":"product-type-simple"},"yoast_head":"<!-- This site is optimized with the Yoast SEO plugin v27.1.1 - https:\/\/yoast.com\/product\/yoast-seo-wordpress\/ -->\n<title>\u0412\u0438\u043d\u043e\u0442\u043e \u0431\u0435\u0437 \u0441\u043b\u043e\u0436\u043d\u0438 \u0434\u0443\u043c\u0438: 25 \u0432\u0438\u043d\u0430\u0440\u043d\u0438, \u043a\u043e\u0438\u0442\u043e \u0434\u0430 \u043f\u043e\u0441\u0435\u0442\u0438\u0448 \u043e\u0442 \u0412\u0438\u043d\u0430\u0440\u043d\u0430 Katarzyna<\/title>\n<meta name=\"description\" content=\"\u041f\u043e\u0440\u044a\u0447\u0430\u0439 \u041e\u043d\u043b\u0430\u0439\u043d \u0412\u0438\u043d\u043e\u0442\u043e \u0431\u0435\u0437 \u0441\u043b\u043e\u0436\u043d\u0438 \u0434\u0443\u043c\u0438: 25 \u0432\u0438\u043d\u0430\u0440\u043d\u0438, \u043a\u043e\u0438\u0442\u043e \u0434\u0430 \u043f\u043e\u0441\u0435\u0442\u0438\u0448 \u2b50 \u0422\u043e\u043f \u0426\u0435\u043d\u0430 \u2708 \u0411\u044a\u0440\u0437\u0430 \u0414\u043e\u0441\u0442\u0430\u0432\u043a\u0430 \u2705 \u041f\u0440\u043e\u0432\u0435\u0440\u043a\u0430 \u043d\u0430 \u041f\u0440\u0430\u0442\u043a\u0430\u0442\u0430 \u0438 \u041f\u0440\u0430\u0432\u043e \u043d\u0430 \u0412\u0440\u044a\u0449\u0430\u043d\u0435\" \/>\n<meta name=\"robots\" content=\"index, follow, max-snippet:-1, max-image-preview:large, max-video-preview:-1\" \/>\n<link rel=\"canonical\" href=\"https:\/\/katarzyna.bg\/pl\/shop\/vinoto-bez-slozhni-dumi-25-vinarni-koito-da-posetish\/\" \/>\n<meta property=\"og:locale\" content=\"pl_PL\" \/>\n<meta property=\"og:type\" content=\"article\" \/>\n<meta property=\"og:title\" content=\"\u0412\u0438\u043d\u043e\u0442\u043e \u0431\u0435\u0437 \u0441\u043b\u043e\u0436\u043d\u0438 \u0434\u0443\u043c\u0438: 25 \u0432\u0438\u043d\u0430\u0440\u043d\u0438, \u043a\u043e\u0438\u0442\u043e \u0434\u0430 \u043f\u043e\u0441\u0435\u0442\u0438\u0448 \u043e\u0442 \u0412\u0438\u043d\u0430\u0440\u043d\u0430 Katarzyna\" \/>\n<meta property=\"og:description\" content=\"\u041f\u043e\u0440\u044a\u0447\u0430\u0439 \u041e\u043d\u043b\u0430\u0439\u043d \u0412\u0438\u043d\u043e\u0442\u043e \u0431\u0435\u0437 \u0441\u043b\u043e\u0436\u043d\u0438 \u0434\u0443\u043c\u0438: 25 \u0432\u0438\u043d\u0430\u0440\u043d\u0438, \u043a\u043e\u0438\u0442\u043e \u0434\u0430 \u043f\u043e\u0441\u0435\u0442\u0438\u0448 \u2b50 \u0422\u043e\u043f \u0426\u0435\u043d\u0430 \u2708 \u0411\u044a\u0440\u0437\u0430 \u0414\u043e\u0441\u0442\u0430\u0432\u043a\u0430 \u2705 \u041f\u0440\u043e\u0432\u0435\u0440\u043a\u0430 \u043d\u0430 \u041f\u0440\u0430\u0442\u043a\u0430\u0442\u0430 \u0438 \u041f\u0440\u0430\u0432\u043e \u043d\u0430 \u0412\u0440\u044a\u0449\u0430\u043d\u0435\" \/>\n<meta property=\"og:url\" content=\"https:\/\/katarzyna.bg\/pl\/shop\/vinoto-bez-slozhni-dumi-25-vinarni-koito-da-posetish\/\" \/>\n<meta property=\"og:site_name\" content=\"Katarzyna\" \/>\n<meta property=\"article:publisher\" content=\"https:\/\/www.facebook.com\/katarzynaestate\/\" \/>\n<meta property=\"article:modified_time\" content=\"2025-12-31T21:00:44+00:00\" \/>\n<meta property=\"og:image\" content=\"https:\/\/katarzyna.bg\/wp-content\/uploads\/2025\/07\/kniga_za_vinoto.jpg\" \/>\n\t<meta property=\"og:image:width\" content=\"1500\" \/>\n\t<meta property=\"og:image:height\" content=\"1500\" \/>\n\t<meta property=\"og:image:type\" content=\"image\/jpeg\" \/>\n<meta name=\"twitter:card\" content=\"summary_large_image\" \/>\n<meta name=\"twitter:label1\" content=\"Szacowany czas czytania\" \/>\n\t<meta name=\"twitter:data1\" content=\"1 minuta\" \/>\n<script type=\"application\/ld+json\" class=\"yoast-schema-graph\">{\"@context\":\"https:\/\/schema.org\",\"@graph\":[{\"@type\":[\"WebPage\",\"ItemPage\"],\"@id\":\"https:\/\/katarzyna.bg\/shop\/vinoto-bez-slozhni-dumi-25-vinarni-koito-da-posetish\/\",\"url\":\"https:\/\/katarzyna.bg\/shop\/vinoto-bez-slozhni-dumi-25-vinarni-koito-da-posetish\/\",\"name\":\"\u0412\u0438\u043d\u043e\u0442\u043e \u0431\u0435\u0437 \u0441\u043b\u043e\u0436\u043d\u0438 \u0434\u0443\u043c\u0438: 25 \u0432\u0438\u043d\u0430\u0440\u043d\u0438, \u043a\u043e\u0438\u0442\u043e \u0434\u0430 \u043f\u043e\u0441\u0435\u0442\u0438\u0448 \u043e\u0442 \u0412\u0438\u043d\u0430\u0440\u043d\u0430 Katarzyna\",\"isPartOf\":{\"@id\":\"https:\/\/katarzyna.bg\/#website\"},\"primaryImageOfPage\":{\"@id\":\"https:\/\/katarzyna.bg\/shop\/vinoto-bez-slozhni-dumi-25-vinarni-koito-da-posetish\/#primaryimage\"},\"image\":{\"@id\":\"https:\/\/katarzyna.bg\/shop\/vinoto-bez-slozhni-dumi-25-vinarni-koito-da-posetish\/#primaryimage\"},\"thumbnailUrl\":\"https:\/\/katarzyna.bg\/wp-content\/uploads\/2025\/07\/kniga_za_vinoto.jpg\",\"datePublished\":\"2025-07-31T14:03:03+00:00\",\"dateModified\":\"2025-12-31T21:00:44+00:00\",\"description\":\"\u041f\u043e\u0440\u044a\u0447\u0430\u0439 \u041e\u043d\u043b\u0430\u0439\u043d \u0412\u0438\u043d\u043e\u0442\u043e \u0431\u0435\u0437 \u0441\u043b\u043e\u0436\u043d\u0438 \u0434\u0443\u043c\u0438: 25 \u0432\u0438\u043d\u0430\u0440\u043d\u0438, \u043a\u043e\u0438\u0442\u043e \u0434\u0430 \u043f\u043e\u0441\u0435\u0442\u0438\u0448 \u2b50 \u0422\u043e\u043f \u0426\u0435\u043d\u0430 \u2708 \u0411\u044a\u0440\u0437\u0430 \u0414\u043e\u0441\u0442\u0430\u0432\u043a\u0430 \u2705 \u041f\u0440\u043e\u0432\u0435\u0440\u043a\u0430 \u043d\u0430 \u041f\u0440\u0430\u0442\u043a\u0430\u0442\u0430 \u0438 \u041f\u0440\u0430\u0432\u043e \u043d\u0430 \u0412\u0440\u044a\u0449\u0430\u043d\u0435\",\"breadcrumb\":{\"@id\":\"https:\/\/katarzyna.bg\/shop\/vinoto-bez-slozhni-dumi-25-vinarni-koito-da-posetish\/#breadcrumb\"},\"inLanguage\":\"pl-PL\",\"potentialAction\":[{\"@type\":\"ReadAction\",\"target\":[\"https:\/\/katarzyna.bg\/shop\/vinoto-bez-slozhni-dumi-25-vinarni-koito-da-posetish\/\"]}]},{\"@type\":\"ImageObject\",\"inLanguage\":\"pl-PL\",\"@id\":\"https:\/\/katarzyna.bg\/shop\/vinoto-bez-slozhni-dumi-25-vinarni-koito-da-posetish\/#primaryimage\",\"url\":\"https:\/\/katarzyna.bg\/wp-content\/uploads\/2025\/07\/kniga_za_vinoto.jpg\",\"contentUrl\":\"https:\/\/katarzyna.bg\/wp-content\/uploads\/2025\/07\/kniga_za_vinoto.jpg\",\"width\":1500,\"height\":1500},{\"@type\":\"BreadcrumbList\",\"@id\":\"https:\/\/katarzyna.bg\/shop\/vinoto-bez-slozhni-dumi-25-vinarni-koito-da-posetish\/#breadcrumb\",\"itemListElement\":[{\"@type\":\"ListItem\",\"position\":1,\"name\":\"\u041d\u0430\u0447\u0430\u043b\u043e\",\"item\":\"https:\/\/katarzyna.bg\/\"},{\"@type\":\"ListItem\",\"position\":2,\"name\":\"\u041e\u043d\u043b\u0430\u0439\u043d \u041c\u0430\u0433\u0430\u0437\u0438\u043d\",\"item\":\"https:\/\/katarzyna.bg\/shop\/\"},{\"@type\":\"ListItem\",\"position\":3,\"name\":\"\u0412\u0438\u043d\u043e\u0442\u043e \u0431\u0435\u0437 \u0441\u043b\u043e\u0436\u043d\u0438 \u0434\u0443\u043c\u0438: 25 \u0432\u0438\u043d\u0430\u0440\u043d\u0438, \u043a\u043e\u0438\u0442\u043e \u0434\u0430 \u043f\u043e\u0441\u0435\u0442\u0438\u0448\"}]},{\"@type\":\"WebSite\",\"@id\":\"https:\/\/katarzyna.bg\/#website\",\"url\":\"https:\/\/katarzyna.bg\/\",\"name\":\"Katarzyna\",\"description\":\"Katarzyna\",\"publisher\":{\"@id\":\"https:\/\/katarzyna.bg\/#organization\"},\"potentialAction\":[{\"@type\":\"SearchAction\",\"target\":{\"@type\":\"EntryPoint\",\"urlTemplate\":\"https:\/\/katarzyna.bg\/?s={search_term_string}\"},\"query-input\":{\"@type\":\"PropertyValueSpecification\",\"valueRequired\":true,\"valueName\":\"search_term_string\"}}],\"inLanguage\":\"pl-PL\"},{\"@type\":\"Organization\",\"@id\":\"https:\/\/katarzyna.bg\/#organization\",\"name\":\"Katarzyna Estate\",\"url\":\"https:\/\/katarzyna.bg\/\",\"logo\":{\"@type\":\"ImageObject\",\"inLanguage\":\"pl-PL\",\"@id\":\"https:\/\/katarzyna.bg\/#\/schema\/logo\/image\/\",\"url\":\"https:\/\/katarzyna.bg\/wp-content\/uploads\/2025\/03\/cropped-logo_grey-e1668669109649.png.webp\",\"contentUrl\":\"https:\/\/katarzyna.bg\/wp-content\/uploads\/2025\/03\/cropped-logo_grey-e1668669109649.png.webp\",\"width\":512,\"height\":512,\"caption\":\"Katarzyna Estate\"},\"image\":{\"@id\":\"https:\/\/katarzyna.bg\/#\/schema\/logo\/image\/\"},\"sameAs\":[\"https:\/\/www.facebook.com\/katarzynaestate\/\"]}]}<\/script>\n<!-- \/ Yoast SEO plugin. -->","yoast_head_json":{"title":"Wino bez skomplikowanych s\u0142\u00f3w: 25 winnic, kt\u00f3re warto odwiedzi\u0107","description":"Zam\u00f3w online: Wino bez skomplikowanych s\u0142\u00f3w: 25 winnic, kt\u00f3re warto odwiedzi\u0107 \u2b50 Najlepsza cena \u2708 Szybka dostawa \u2705 Sprawdzenie przesy\u0142ki i prawo zwrotu","robots":{"index":"index","follow":"follow","max-snippet":"max-snippet:-1","max-image-preview":"max-image-preview:large","max-video-preview":"max-video-preview:-1"},"canonical":"https:\/\/katarzyna.bg\/pl\/shop\/vinoto-bez-slozhni-dumi-25-vinarni-koito-da-posetish\/","og_locale":"pl_PL","og_type":"article","og_title":"\u0412\u0438\u043d\u043e\u0442\u043e \u0431\u0435\u0437 \u0441\u043b\u043e\u0436\u043d\u0438 \u0434\u0443\u043c\u0438: 25 \u0432\u0438\u043d\u0430\u0440\u043d\u0438, \u043a\u043e\u0438\u0442\u043e \u0434\u0430 \u043f\u043e\u0441\u0435\u0442\u0438\u0448 \u043e\u0442 \u0412\u0438\u043d\u0430\u0440\u043d\u0430 Katarzyna","og_description":"\u041f\u043e\u0440\u044a\u0447\u0430\u0439 \u041e\u043d\u043b\u0430\u0439\u043d \u0412\u0438\u043d\u043e\u0442\u043e \u0431\u0435\u0437 \u0441\u043b\u043e\u0436\u043d\u0438 \u0434\u0443\u043c\u0438: 25 \u0432\u0438\u043d\u0430\u0440\u043d\u0438, \u043a\u043e\u0438\u0442\u043e \u0434\u0430 \u043f\u043e\u0441\u0435\u0442\u0438\u0448 \u2b50 \u0422\u043e\u043f \u0426\u0435\u043d\u0430 \u2708 \u0411\u044a\u0440\u0437\u0430 \u0414\u043e\u0441\u0442\u0430\u0432\u043a\u0430 \u2705 \u041f\u0440\u043e\u0432\u0435\u0440\u043a\u0430 \u043d\u0430 \u041f\u0440\u0430\u0442\u043a\u0430\u0442\u0430 \u0438 \u041f\u0440\u0430\u0432\u043e \u043d\u0430 \u0412\u0440\u044a\u0449\u0430\u043d\u0435","og_url":"https:\/\/katarzyna.bg\/pl\/shop\/vinoto-bez-slozhni-dumi-25-vinarni-koito-da-posetish\/","og_site_name":"Katarzyna","article_publisher":"https:\/\/www.facebook.com\/katarzynaestate\/","article_modified_time":"2025-12-31T21:00:44+00:00","og_image":[{"width":1500,"height":1500,"url":"https:\/\/katarzyna.bg\/wp-content\/uploads\/2025\/07\/kniga_za_vinoto.jpg","type":"image\/jpeg"}],"twitter_card":"summary_large_image","twitter_misc":{"Szacowany czas czytania":"1 minuta"},"schema":{"@context":"https:\/\/schema.org","@graph":[{"@type":["WebPage","ItemPage"],"@id":"https:\/\/katarzyna.bg\/shop\/vinoto-bez-slozhni-dumi-25-vinarni-koito-da-posetish\/","url":"https:\/\/katarzyna.bg\/shop\/vinoto-bez-slozhni-dumi-25-vinarni-koito-da-posetish\/","name":"Wino bez skomplikowanych s\u0142\u00f3w: 25 winnic, kt\u00f3re warto odwiedzi\u0107","isPartOf":{"@id":"https:\/\/katarzyna.bg\/#website"},"primaryImageOfPage":{"@id":"https:\/\/katarzyna.bg\/shop\/vinoto-bez-slozhni-dumi-25-vinarni-koito-da-posetish\/#primaryimage"},"image":{"@id":"https:\/\/katarzyna.bg\/shop\/vinoto-bez-slozhni-dumi-25-vinarni-koito-da-posetish\/#primaryimage"},"thumbnailUrl":"https:\/\/katarzyna.bg\/wp-content\/uploads\/2025\/07\/kniga_za_vinoto.jpg","datePublished":"2025-07-31T14:03:03+00:00","dateModified":"2025-12-31T21:00:44+00:00","description":"Zam\u00f3w online: Wino bez skomplikowanych s\u0142\u00f3w: 25 winnic, kt\u00f3re warto odwiedzi\u0107 \u2b50 Najlepsza cena \u2708 Szybka dostawa \u2705 Sprawdzenie przesy\u0142ki i prawo zwrotu","breadcrumb":{"@id":"https:\/\/katarzyna.bg\/shop\/vinoto-bez-slozhni-dumi-25-vinarni-koito-da-posetish\/#breadcrumb"},"inLanguage":"pl-PL","potentialAction":[{"@type":"ReadAction","target":["https:\/\/katarzyna.bg\/shop\/vinoto-bez-slozhni-dumi-25-vinarni-koito-da-posetish\/"]}]},{"@type":"ImageObject","inLanguage":"pl-PL","@id":"https:\/\/katarzyna.bg\/shop\/vinoto-bez-slozhni-dumi-25-vinarni-koito-da-posetish\/#primaryimage","url":"https:\/\/katarzyna.bg\/wp-content\/uploads\/2025\/07\/kniga_za_vinoto.jpg","contentUrl":"https:\/\/katarzyna.bg\/wp-content\/uploads\/2025\/07\/kniga_za_vinoto.jpg","width":1500,"height":1500},{"@type":"BreadcrumbList","@id":"https:\/\/katarzyna.bg\/shop\/vinoto-bez-slozhni-dumi-25-vinarni-koito-da-posetish\/#breadcrumb","itemListElement":[{"@type":"ListItem","position":1,"name":"\u041d\u0430\u0447\u0430\u043b\u043e","item":"https:\/\/katarzyna.bg\/"},{"@type":"ListItem","position":2,"name":"\u041e\u043d\u043b\u0430\u0439\u043d \u041c\u0430\u0433\u0430\u0437\u0438\u043d","item":"https:\/\/katarzyna.bg\/shop\/"},{"@type":"ListItem","position":3,"name":"\u0412\u0438\u043d\u043e\u0442\u043e \u0431\u0435\u0437 \u0441\u043b\u043e\u0436\u043d\u0438 \u0434\u0443\u043c\u0438: 25 \u0432\u0438\u043d\u0430\u0440\u043d\u0438, \u043a\u043e\u0438\u0442\u043e \u0434\u0430 \u043f\u043e\u0441\u0435\u0442\u0438\u0448"}]},{"@type":"WebSite","@id":"https:\/\/katarzyna.bg\/#website","url":"https:\/\/katarzyna.bg\/","name":"Katarzyna","description":"Katarzyna","publisher":{"@id":"https:\/\/katarzyna.bg\/#organization"},"potentialAction":[{"@type":"SearchAction","target":{"@type":"EntryPoint","urlTemplate":"https:\/\/katarzyna.bg\/?s={search_term_string}"},"query-input":{"@type":"PropertyValueSpecification","valueRequired":true,"valueName":"search_term_string"}}],"inLanguage":"pl-PL"},{"@type":"Organization","@id":"https:\/\/katarzyna.bg\/#organization","name":"Katarzyna Estate","url":"https:\/\/katarzyna.bg\/","logo":{"@type":"ImageObject","inLanguage":"pl-PL","@id":"https:\/\/katarzyna.bg\/#\/schema\/logo\/image\/","url":"https:\/\/katarzyna.bg\/wp-content\/uploads\/2025\/03\/cropped-logo_grey-e1668669109649.png.webp","contentUrl":"https:\/\/katarzyna.bg\/wp-content\/uploads\/2025\/03\/cropped-logo_grey-e1668669109649.png.webp","width":512,"height":512,"caption":"Katarzyna Estate"},"image":{"@id":"https:\/\/katarzyna.bg\/#\/schema\/logo\/image\/"},"sameAs":["https:\/\/www.facebook.com\/katarzynaestate\/"]}]}},"_links":{"self":[{"href":"https:\/\/katarzyna.bg\/pl\/wp-json\/wp\/v2\/product\/28444","targetHints":{"allow":["GET"]}}],"collection":[{"href":"https:\/\/katarzyna.bg\/pl\/wp-json\/wp\/v2\/product"}],"about":[{"href":"https:\/\/katarzyna.bg\/pl\/wp-json\/wp\/v2\/types\/product"}],"replies":[{"embeddable":true,"href":"https:\/\/katarzyna.bg\/pl\/wp-json\/wp\/v2\/comments?post=28444"}],"wp:featuredmedia":[{"embeddable":true,"href":"https:\/\/katarzyna.bg\/pl\/wp-json\/wp\/v2\/media\/28443"}],"wp:attachment":[{"href":"https:\/\/katarzyna.bg\/pl\/wp-json\/wp\/v2\/media?parent=28444"}],"wp:term":[{"taxonomy":"product_brand","embeddable":true,"href":"https:\/\/katarzyna.bg\/pl\/wp-json\/wp\/v2\/product_brand?post=28444"},{"taxonomy":"product_cat","embeddable":true,"href":"https:\/\/katarzyna.bg\/pl\/wp-json\/wp\/v2\/product_cat?post=28444"},{"taxonomy":"product_tag","embeddable":true,"href":"https:\/\/katarzyna.bg\/pl\/wp-json\/wp\/v2\/product_tag?post=28444"}],"curies":[{"name":"wp","href":"https:\/\/api.w.org\/{rel}","templated":true}]}}