{"id":29700,"date":"2025-11-07T09:31:14","date_gmt":"2025-11-07T09:31:14","guid":{"rendered":"https:\/\/katarzyna.bg\/?post_type=product&#038;p=29700"},"modified":"2026-01-07T10:21:25","modified_gmt":"2026-01-07T10:21:25","slug":"naturalen-pchelen-med","status":"publish","type":"product","link":"https:\/\/katarzyna.bg\/pl\/shop\/naturalen-pchelen-med\/","title":{"rendered":"Naturalny mi\u00f3d pszczeli Katarzyna"},"content":{"rendered":"<p data-start=\"140\" data-end=\"575\">Nasz naturalny mi\u00f3d powstaje z mi\u0142o\u015bci\u0105 i trosk\u0105 dzi\u0119ki pszczo\u0142om zbieraj\u0105cym nektar z kwiat\u00f3w i ro\u015blin rosn\u0105cych w bezpo\u015brednim otoczeniu naszych w\u0142asnych uli na Katarzyna Estate. Jest w 100% naturalny i nie zawiera dodatk\u00f3w ani sztucznych s\u0142odzik\u00f3w. Dzi\u0119ki czystej naturze i unikalnemu terroir naszego maj\u0105tku, mi\u00f3d posiada charakterystyczny smak i aromat, odzwierciedlaj\u0105cy bogactwo lokalnej flory.<\/p>\n<p data-start=\"577\" data-end=\"596\"><strong data-start=\"577\" data-end=\"596\">Cechy<\/strong><\/p>\n<ul data-start=\"597\" data-end=\"877\">\n<li data-start=\"597\" data-end=\"668\">\n<p data-start=\"599\" data-end=\"668\">100% naturalny mi\u00f3d, pozyskiwany z naszych w\u0142asnych uli na Katarzyna Estate<\/p>\n<\/li>\n<li data-start=\"669\" data-end=\"693\">\n<p data-start=\"671\" data-end=\"693\">Katk\u0131 maddesi i\u00e7ermez<\/p>\n<\/li>\n<li data-start=\"694\" data-end=\"739\">\n<p data-start=\"696\" data-end=\"739\">Bogaty w witaminy, minera\u0142y i antyoksydanty<\/p>\n<\/li>\n<li data-start=\"816\" data-end=\"877\">\n<p data-start=\"818\" data-end=\"877\">Wyprodukowano w Bu\u0142garii z dba\u0142o\u015bci\u0105 o przyrod\u0119 i jako\u015b\u0107<\/p>\n<\/li>\n<\/ul>\n<p data-start=\"879\" data-end=\"1071\">Dzi\u0119ki naszemu miodowi z Katarzyna Estate poczujesz autentyczny smak natury w najczystszej formie. Podaruj sobie cz\u0119\u015b\u0107 naszego dziedzictwa i mi\u0142o\u015bci do natury z ka\u017cd\u0105 \u0142y\u017ck\u0105 miodu.<\/p>","protected":false},"excerpt":{"rendered":"<p>\u041d\u0430\u0448\u0438\u044f\u0442 \u043d\u0430\u0442\u0443\u0440\u0430\u043b\u0435\u043d \u043f\u0447\u0435\u043b\u0435\u043d \u043c\u0435\u0434 \u0435 \u0441\u044a\u0437\u0434\u0430\u0434\u0435\u043d \u0441 \u043b\u044e\u0431\u043e\u0432 \u0438 \u0433\u0440\u0438\u0436\u0430 \u043e\u0442 \u043f\u0447\u0435\u043b\u0438, \u043a\u043e\u0438\u0442\u043e \u0441\u044a\u0431\u0438\u0440\u0430\u0442 \u043d\u0435\u043a\u0442\u0430\u0440 \u043e\u0442 \u0446\u0432\u0435\u0442\u044f\u0442\u0430 \u0438 \u0440\u0430\u0441\u0442\u0435\u043d\u0438\u044f\u0442\u0430 \u0432 \u043d\u0435\u043f\u043e\u0441\u0440\u0435\u0434\u0441\u0442\u0432\u0435\u043d\u0430 \u0431\u043b\u0438\u0437\u043e\u0441\u0442 \u0434\u043e \u043d\u0430\u0448\u0438\u0442\u0435 \u0441\u043e\u0431\u0441\u0442\u0432\u0435\u043d\u0438 \u043a\u043e\u0448\u0435\u0440\u0438 \u0432 Katarzyna Estate. 100% \u043d\u0430\u0442\u0443\u0440\u0430\u043b\u0435\u043d, \u043d\u0435 \u0441\u044a\u0434\u044a\u0440\u0436\u0430 \u0434\u043e\u0431\u0430\u0432\u043a\u0438 \u0438\u043b\u0438 \u0438\u0437\u043a\u0443\u0441\u0442\u0432\u0435\u043d\u0438 \u043f\u043e\u0434\u0441\u043b\u0430\u0434\u0438\u0442\u0435\u043b\u0438. \u0411\u043b\u0430\u0433\u043e\u0434\u0430\u0440\u0435\u043d\u0438\u0435 \u043d\u0430 \u0447\u0438\u0441\u0442\u0430\u0442\u0430 \u043f\u0440\u0438\u0440\u043e\u0434\u0430 \u0438 \u0443\u043d\u0438\u043a\u0430\u043b\u043d\u0438\u044f \u0442\u0435\u0440\u043e\u0430\u0440 \u043d\u0430 \u043d\u0430\u0448\u0435\u0442\u043e \u0438\u043c\u0435\u043d\u0438\u0435, \u043c\u0435\u0434\u044a\u0442 \u043f\u0440\u0438\u0442\u0435\u0436\u0430\u0432\u0430 \u043e\u0442\u043b\u0438\u0447\u0438\u0442\u0435\u043b\u0435\u043d \u0432\u043a\u0443\u0441 \u0438 \u0430\u0440\u043e\u043c\u0430\u0442, \u043a\u043e\u0438\u0442\u043e \u043e\u0442\u0440\u0430\u0437\u044f\u0432\u0430\u0442 [&hellip;]<\/p>","protected":false},"featured_media":29698,"comment_status":"closed","ping_status":"closed","template":"","meta":[],"product_brand":[],"product_cat":[26],"product_tag":[],"class_list":{"0":"post-29700","1":"product","2":"type-product","3":"status-publish","4":"has-post-thumbnail","6":"product_cat-hrani","8":"first","9":"instock","10":"shipping-taxable","11":"purchasable","12":"product-type-simple"},"yoast_head":"<!-- This site is optimized with the Yoast SEO plugin v27.1.1 - https:\/\/yoast.com\/product\/yoast-seo-wordpress\/ -->\n<title>\u041d\u0430\u0442\u0443\u0440\u0430\u043b\u0435\u043d \u043f\u0447\u0435\u043b\u0435\u043d \u043c\u0435\u0434 Katarzyna \u043e\u0442 \u0412\u0438\u043d\u0430\u0440\u043d\u0430 Katarzyna<\/title>\n<meta name=\"description\" content=\"\u041f\u043e\u0440\u044a\u0447\u0430\u0439 \u041e\u043d\u043b\u0430\u0439\u043d \u041d\u0430\u0442\u0443\u0440\u0430\u043b\u0435\u043d \u043f\u0447\u0435\u043b\u0435\u043d \u043c\u0435\u0434 Katarzyna \u2b50 \u0422\u043e\u043f \u0426\u0435\u043d\u0430 \u2708 \u0411\u044a\u0440\u0437\u0430 \u0414\u043e\u0441\u0442\u0430\u0432\u043a\u0430 \u2705 \u041f\u0440\u043e\u0432\u0435\u0440\u043a\u0430 \u043d\u0430 \u041f\u0440\u0430\u0442\u043a\u0430\u0442\u0430 \u0438 \u041f\u0440\u0430\u0432\u043e \u043d\u0430 \u0412\u0440\u044a\u0449\u0430\u043d\u0435\" \/>\n<meta name=\"robots\" content=\"index, follow, max-snippet:-1, max-image-preview:large, max-video-preview:-1\" \/>\n<link rel=\"canonical\" href=\"https:\/\/katarzyna.bg\/pl\/shop\/naturalen-pchelen-med\/\" \/>\n<meta property=\"og:locale\" content=\"pl_PL\" \/>\n<meta property=\"og:type\" content=\"article\" \/>\n<meta property=\"og:title\" content=\"\u041d\u0430\u0442\u0443\u0440\u0430\u043b\u0435\u043d \u043f\u0447\u0435\u043b\u0435\u043d \u043c\u0435\u0434 Katarzyna \u043e\u0442 \u0412\u0438\u043d\u0430\u0440\u043d\u0430 Katarzyna\" \/>\n<meta property=\"og:description\" content=\"\u041f\u043e\u0440\u044a\u0447\u0430\u0439 \u041e\u043d\u043b\u0430\u0439\u043d \u041d\u0430\u0442\u0443\u0440\u0430\u043b\u0435\u043d \u043f\u0447\u0435\u043b\u0435\u043d \u043c\u0435\u0434 Katarzyna \u2b50 \u0422\u043e\u043f \u0426\u0435\u043d\u0430 \u2708 \u0411\u044a\u0440\u0437\u0430 \u0414\u043e\u0441\u0442\u0430\u0432\u043a\u0430 \u2705 \u041f\u0440\u043e\u0432\u0435\u0440\u043a\u0430 \u043d\u0430 \u041f\u0440\u0430\u0442\u043a\u0430\u0442\u0430 \u0438 \u041f\u0440\u0430\u0432\u043e \u043d\u0430 \u0412\u0440\u044a\u0449\u0430\u043d\u0435\" \/>\n<meta property=\"og:url\" content=\"https:\/\/katarzyna.bg\/pl\/shop\/naturalen-pchelen-med\/\" \/>\n<meta property=\"og:site_name\" content=\"Katarzyna\" \/>\n<meta property=\"article:publisher\" content=\"https:\/\/www.facebook.com\/katarzynaestate\/\" \/>\n<meta property=\"article:modified_time\" content=\"2026-01-07T10:21:25+00:00\" \/>\n<meta property=\"og:image\" content=\"https:\/\/katarzyna.bg\/wp-content\/uploads\/2025\/11\/dsc_6357-scaled.jpg\" \/>\n\t<meta property=\"og:image:width\" content=\"1708\" \/>\n\t<meta property=\"og:image:height\" content=\"2560\" \/>\n\t<meta property=\"og:image:type\" content=\"image\/jpeg\" \/>\n<meta name=\"twitter:card\" content=\"summary_large_image\" \/>\n<meta name=\"twitter:label1\" content=\"Szacowany czas czytania\" \/>\n\t<meta name=\"twitter:data1\" content=\"1 minuta\" \/>\n<script type=\"application\/ld+json\" class=\"yoast-schema-graph\">{\"@context\":\"https:\/\/schema.org\",\"@graph\":[{\"@type\":[\"WebPage\",\"ItemPage\"],\"@id\":\"https:\/\/katarzyna.bg\/shop\/naturalen-pchelen-med\/\",\"url\":\"https:\/\/katarzyna.bg\/shop\/naturalen-pchelen-med\/\",\"name\":\"\u041d\u0430\u0442\u0443\u0440\u0430\u043b\u0435\u043d \u043f\u0447\u0435\u043b\u0435\u043d \u043c\u0435\u0434 Katarzyna \u043e\u0442 \u0412\u0438\u043d\u0430\u0440\u043d\u0430 Katarzyna\",\"isPartOf\":{\"@id\":\"https:\/\/katarzyna.bg\/#website\"},\"primaryImageOfPage\":{\"@id\":\"https:\/\/katarzyna.bg\/shop\/naturalen-pchelen-med\/#primaryimage\"},\"image\":{\"@id\":\"https:\/\/katarzyna.bg\/shop\/naturalen-pchelen-med\/#primaryimage\"},\"thumbnailUrl\":\"https:\/\/katarzyna.bg\/wp-content\/uploads\/2025\/11\/dsc_6357-scaled.jpg\",\"datePublished\":\"2025-11-07T09:31:14+00:00\",\"dateModified\":\"2026-01-07T10:21:25+00:00\",\"description\":\"\u041f\u043e\u0440\u044a\u0447\u0430\u0439 \u041e\u043d\u043b\u0430\u0439\u043d \u041d\u0430\u0442\u0443\u0440\u0430\u043b\u0435\u043d \u043f\u0447\u0435\u043b\u0435\u043d \u043c\u0435\u0434 Katarzyna \u2b50 \u0422\u043e\u043f \u0426\u0435\u043d\u0430 \u2708 \u0411\u044a\u0440\u0437\u0430 \u0414\u043e\u0441\u0442\u0430\u0432\u043a\u0430 \u2705 \u041f\u0440\u043e\u0432\u0435\u0440\u043a\u0430 \u043d\u0430 \u041f\u0440\u0430\u0442\u043a\u0430\u0442\u0430 \u0438 \u041f\u0440\u0430\u0432\u043e \u043d\u0430 \u0412\u0440\u044a\u0449\u0430\u043d\u0435\",\"breadcrumb\":{\"@id\":\"https:\/\/katarzyna.bg\/shop\/naturalen-pchelen-med\/#breadcrumb\"},\"inLanguage\":\"pl-PL\",\"potentialAction\":[{\"@type\":\"ReadAction\",\"target\":[\"https:\/\/katarzyna.bg\/shop\/naturalen-pchelen-med\/\"]}]},{\"@type\":\"ImageObject\",\"inLanguage\":\"pl-PL\",\"@id\":\"https:\/\/katarzyna.bg\/shop\/naturalen-pchelen-med\/#primaryimage\",\"url\":\"https:\/\/katarzyna.bg\/wp-content\/uploads\/2025\/11\/dsc_6357-scaled.jpg\",\"contentUrl\":\"https:\/\/katarzyna.bg\/wp-content\/uploads\/2025\/11\/dsc_6357-scaled.jpg\",\"width\":1708,\"height\":2560},{\"@type\":\"BreadcrumbList\",\"@id\":\"https:\/\/katarzyna.bg\/shop\/naturalen-pchelen-med\/#breadcrumb\",\"itemListElement\":[{\"@type\":\"ListItem\",\"position\":1,\"name\":\"\u041d\u0430\u0447\u0430\u043b\u043e\",\"item\":\"https:\/\/katarzyna.bg\/\"},{\"@type\":\"ListItem\",\"position\":2,\"name\":\"\u041e\u043d\u043b\u0430\u0439\u043d \u041c\u0430\u0433\u0430\u0437\u0438\u043d\",\"item\":\"https:\/\/katarzyna.bg\/shop\/\"},{\"@type\":\"ListItem\",\"position\":3,\"name\":\"\u041d\u0430\u0442\u0443\u0440\u0430\u043b\u0435\u043d \u043f\u0447\u0435\u043b\u0435\u043d \u043c\u0435\u0434 Katarzyna\"}]},{\"@type\":\"WebSite\",\"@id\":\"https:\/\/katarzyna.bg\/#website\",\"url\":\"https:\/\/katarzyna.bg\/\",\"name\":\"Katarzyna\",\"description\":\"Katarzyna\",\"publisher\":{\"@id\":\"https:\/\/katarzyna.bg\/#organization\"},\"potentialAction\":[{\"@type\":\"SearchAction\",\"target\":{\"@type\":\"EntryPoint\",\"urlTemplate\":\"https:\/\/katarzyna.bg\/?s={search_term_string}\"},\"query-input\":{\"@type\":\"PropertyValueSpecification\",\"valueRequired\":true,\"valueName\":\"search_term_string\"}}],\"inLanguage\":\"pl-PL\"},{\"@type\":\"Organization\",\"@id\":\"https:\/\/katarzyna.bg\/#organization\",\"name\":\"Katarzyna Estate\",\"url\":\"https:\/\/katarzyna.bg\/\",\"logo\":{\"@type\":\"ImageObject\",\"inLanguage\":\"pl-PL\",\"@id\":\"https:\/\/katarzyna.bg\/#\/schema\/logo\/image\/\",\"url\":\"https:\/\/katarzyna.bg\/wp-content\/uploads\/2025\/03\/cropped-logo_grey-e1668669109649.png.webp\",\"contentUrl\":\"https:\/\/katarzyna.bg\/wp-content\/uploads\/2025\/03\/cropped-logo_grey-e1668669109649.png.webp\",\"width\":512,\"height\":512,\"caption\":\"Katarzyna Estate\"},\"image\":{\"@id\":\"https:\/\/katarzyna.bg\/#\/schema\/logo\/image\/\"},\"sameAs\":[\"https:\/\/www.facebook.com\/katarzynaestate\/\"]}]}<\/script>\n<!-- \/ Yoast SEO plugin. -->","yoast_head_json":{"title":"Naturalny mi\u00f3d pszczeli Katarzyna z Winnicy Katarzyna","description":"Zam\u00f3w online Naturalny mi\u00f3d pszczeli Katarzyna \u2b50 Najlepsza Cena \u2708 Szybka Dostawa \u2705 \u015aledzenie Przesy\u0142ki i Prawo Zwrotu","robots":{"index":"index","follow":"follow","max-snippet":"max-snippet:-1","max-image-preview":"max-image-preview:large","max-video-preview":"max-video-preview:-1"},"canonical":"https:\/\/katarzyna.bg\/pl\/shop\/naturalen-pchelen-med\/","og_locale":"pl_PL","og_type":"article","og_title":"\u041d\u0430\u0442\u0443\u0440\u0430\u043b\u0435\u043d \u043f\u0447\u0435\u043b\u0435\u043d \u043c\u0435\u0434 Katarzyna \u043e\u0442 \u0412\u0438\u043d\u0430\u0440\u043d\u0430 Katarzyna","og_description":"\u041f\u043e\u0440\u044a\u0447\u0430\u0439 \u041e\u043d\u043b\u0430\u0439\u043d \u041d\u0430\u0442\u0443\u0440\u0430\u043b\u0435\u043d \u043f\u0447\u0435\u043b\u0435\u043d \u043c\u0435\u0434 Katarzyna \u2b50 \u0422\u043e\u043f \u0426\u0435\u043d\u0430 \u2708 \u0411\u044a\u0440\u0437\u0430 \u0414\u043e\u0441\u0442\u0430\u0432\u043a\u0430 \u2705 \u041f\u0440\u043e\u0432\u0435\u0440\u043a\u0430 \u043d\u0430 \u041f\u0440\u0430\u0442\u043a\u0430\u0442\u0430 \u0438 \u041f\u0440\u0430\u0432\u043e \u043d\u0430 \u0412\u0440\u044a\u0449\u0430\u043d\u0435","og_url":"https:\/\/katarzyna.bg\/pl\/shop\/naturalen-pchelen-med\/","og_site_name":"Katarzyna","article_publisher":"https:\/\/www.facebook.com\/katarzynaestate\/","article_modified_time":"2026-01-07T10:21:25+00:00","og_image":[{"width":1708,"height":2560,"url":"https:\/\/katarzyna.bg\/wp-content\/uploads\/2025\/11\/dsc_6357-scaled.jpg","type":"image\/jpeg"}],"twitter_card":"summary_large_image","twitter_misc":{"Szacowany czas czytania":"1 minuta"},"schema":{"@context":"https:\/\/schema.org","@graph":[{"@type":["WebPage","ItemPage"],"@id":"https:\/\/katarzyna.bg\/shop\/naturalen-pchelen-med\/","url":"https:\/\/katarzyna.bg\/shop\/naturalen-pchelen-med\/","name":"Naturalny mi\u00f3d pszczeli Katarzyna z Winnicy Katarzyna","isPartOf":{"@id":"https:\/\/katarzyna.bg\/#website"},"primaryImageOfPage":{"@id":"https:\/\/katarzyna.bg\/shop\/naturalen-pchelen-med\/#primaryimage"},"image":{"@id":"https:\/\/katarzyna.bg\/shop\/naturalen-pchelen-med\/#primaryimage"},"thumbnailUrl":"https:\/\/katarzyna.bg\/wp-content\/uploads\/2025\/11\/dsc_6357-scaled.jpg","datePublished":"2025-11-07T09:31:14+00:00","dateModified":"2026-01-07T10:21:25+00:00","description":"Zam\u00f3w online Naturalny mi\u00f3d pszczeli Katarzyna \u2b50 Najlepsza Cena \u2708 Szybka Dostawa \u2705 \u015aledzenie Przesy\u0142ki i Prawo Zwrotu","breadcrumb":{"@id":"https:\/\/katarzyna.bg\/shop\/naturalen-pchelen-med\/#breadcrumb"},"inLanguage":"pl-PL","potentialAction":[{"@type":"ReadAction","target":["https:\/\/katarzyna.bg\/shop\/naturalen-pchelen-med\/"]}]},{"@type":"ImageObject","inLanguage":"pl-PL","@id":"https:\/\/katarzyna.bg\/shop\/naturalen-pchelen-med\/#primaryimage","url":"https:\/\/katarzyna.bg\/wp-content\/uploads\/2025\/11\/dsc_6357-scaled.jpg","contentUrl":"https:\/\/katarzyna.bg\/wp-content\/uploads\/2025\/11\/dsc_6357-scaled.jpg","width":1708,"height":2560},{"@type":"BreadcrumbList","@id":"https:\/\/katarzyna.bg\/shop\/naturalen-pchelen-med\/#breadcrumb","itemListElement":[{"@type":"ListItem","position":1,"name":"\u041d\u0430\u0447\u0430\u043b\u043e","item":"https:\/\/katarzyna.bg\/"},{"@type":"ListItem","position":2,"name":"\u041e\u043d\u043b\u0430\u0439\u043d \u041c\u0430\u0433\u0430\u0437\u0438\u043d","item":"https:\/\/katarzyna.bg\/shop\/"},{"@type":"ListItem","position":3,"name":"\u041d\u0430\u0442\u0443\u0440\u0430\u043b\u0435\u043d \u043f\u0447\u0435\u043b\u0435\u043d \u043c\u0435\u0434 Katarzyna"}]},{"@type":"WebSite","@id":"https:\/\/katarzyna.bg\/#website","url":"https:\/\/katarzyna.bg\/","name":"Katarzyna","description":"Katarzyna","publisher":{"@id":"https:\/\/katarzyna.bg\/#organization"},"potentialAction":[{"@type":"SearchAction","target":{"@type":"EntryPoint","urlTemplate":"https:\/\/katarzyna.bg\/?s={search_term_string}"},"query-input":{"@type":"PropertyValueSpecification","valueRequired":true,"valueName":"search_term_string"}}],"inLanguage":"pl-PL"},{"@type":"Organization","@id":"https:\/\/katarzyna.bg\/#organization","name":"Katarzyna Estate","url":"https:\/\/katarzyna.bg\/","logo":{"@type":"ImageObject","inLanguage":"pl-PL","@id":"https:\/\/katarzyna.bg\/#\/schema\/logo\/image\/","url":"https:\/\/katarzyna.bg\/wp-content\/uploads\/2025\/03\/cropped-logo_grey-e1668669109649.png.webp","contentUrl":"https:\/\/katarzyna.bg\/wp-content\/uploads\/2025\/03\/cropped-logo_grey-e1668669109649.png.webp","width":512,"height":512,"caption":"Katarzyna Estate"},"image":{"@id":"https:\/\/katarzyna.bg\/#\/schema\/logo\/image\/"},"sameAs":["https:\/\/www.facebook.com\/katarzynaestate\/"]}]}},"_links":{"self":[{"href":"https:\/\/katarzyna.bg\/pl\/wp-json\/wp\/v2\/product\/29700","targetHints":{"allow":["GET"]}}],"collection":[{"href":"https:\/\/katarzyna.bg\/pl\/wp-json\/wp\/v2\/product"}],"about":[{"href":"https:\/\/katarzyna.bg\/pl\/wp-json\/wp\/v2\/types\/product"}],"replies":[{"embeddable":true,"href":"https:\/\/katarzyna.bg\/pl\/wp-json\/wp\/v2\/comments?post=29700"}],"wp:featuredmedia":[{"embeddable":true,"href":"https:\/\/katarzyna.bg\/pl\/wp-json\/wp\/v2\/media\/29698"}],"wp:attachment":[{"href":"https:\/\/katarzyna.bg\/pl\/wp-json\/wp\/v2\/media?parent=29700"}],"wp:term":[{"taxonomy":"product_brand","embeddable":true,"href":"https:\/\/katarzyna.bg\/pl\/wp-json\/wp\/v2\/product_brand?post=29700"},{"taxonomy":"product_cat","embeddable":true,"href":"https:\/\/katarzyna.bg\/pl\/wp-json\/wp\/v2\/product_cat?post=29700"},{"taxonomy":"product_tag","embeddable":true,"href":"https:\/\/katarzyna.bg\/pl\/wp-json\/wp\/v2\/product_tag?post=29700"}],"curies":[{"name":"wp","href":"https:\/\/api.w.org\/{rel}","templated":true}]}}