{"id":29703,"date":"2025-11-07T11:36:11","date_gmt":"2025-11-07T11:36:11","guid":{"rendered":"https:\/\/katarzyna.bg\/?post_type=product&#038;p=29703"},"modified":"2025-12-31T21:00:45","modified_gmt":"2025-12-31T21:00:45","slug":"luksozna-kafyava-kutiya-katarzyna-za-3-butilki-h-075-l","status":"publish","type":"product","link":"https:\/\/katarzyna.bg\/pl\/shop\/luksozna-kafyava-kutiya-katarzyna-za-3-butilki-h-075-l\/","title":{"rendered":"Luksusowe br\u0105zowe pude\u0142ko na 3 butelki x 0,75 L"},"content":{"rendered":"","protected":false},"excerpt":{"rendered":"","protected":false},"featured_media":29706,"comment_status":"closed","ping_status":"closed","template":"","meta":[],"product_brand":[],"product_cat":[27],"product_tag":[],"class_list":{"0":"post-29703","1":"product","2":"type-product","3":"status-publish","4":"has-post-thumbnail","6":"product_cat-aksesoari","8":"first","9":"instock","10":"shipping-taxable","11":"purchasable","12":"product-type-simple"},"yoast_head":"<!-- This site is optimized with the Yoast SEO plugin v27.1.1 - https:\/\/yoast.com\/product\/yoast-seo-wordpress\/ -->\n<title>\u041b\u0443\u043a\u0441\u043e\u0437\u043d\u0430 \u043a\u0430\u0444\u044f\u0432\u0430 \u043a\u0443\u0442\u0438\u044f \u0437\u0430 3 \u0431\u0443\u0442\u0438\u043b\u043a\u0438 \u0445 0,75 L \u043e\u0442 \u0412\u0438\u043d\u0430\u0440\u043d\u0430 Katarzyna<\/title>\n<meta name=\"description\" content=\"\u041f\u043e\u0440\u044a\u0447\u0430\u0439 \u041e\u043d\u043b\u0430\u0439\u043d \u041b\u0443\u043a\u0441\u043e\u0437\u043d\u0430 \u043a\u0430\u0444\u044f\u0432\u0430 \u043a\u0443\u0442\u0438\u044f \u0437\u0430 3 \u0431\u0443\u0442\u0438\u043b\u043a\u0438 \u0445 0,75 L \u2b50 \u0422\u043e\u043f \u0426\u0435\u043d\u0430 \u2708 \u0411\u044a\u0440\u0437\u0430 \u0414\u043e\u0441\u0442\u0430\u0432\u043a\u0430 \u2705 \u041f\u0440\u043e\u0432\u0435\u0440\u043a\u0430 \u043d\u0430 \u041f\u0440\u0430\u0442\u043a\u0430\u0442\u0430 \u0438 \u041f\u0440\u0430\u0432\u043e \u043d\u0430 \u0412\u0440\u044a\u0449\u0430\u043d\u0435\" \/>\n<meta name=\"robots\" content=\"index, follow, max-snippet:-1, max-image-preview:large, max-video-preview:-1\" \/>\n<link rel=\"canonical\" href=\"https:\/\/katarzyna.bg\/pl\/shop\/luksozna-kafyava-kutiya-katarzyna-za-3-butilki-h-075-l\/\" \/>\n<meta property=\"og:locale\" content=\"pl_PL\" \/>\n<meta property=\"og:type\" content=\"article\" \/>\n<meta property=\"og:title\" content=\"\u041b\u0443\u043a\u0441\u043e\u0437\u043d\u0430 \u043a\u0430\u0444\u044f\u0432\u0430 \u043a\u0443\u0442\u0438\u044f \u0437\u0430 3 \u0431\u0443\u0442\u0438\u043b\u043a\u0438 \u0445 0,75 L \u043e\u0442 \u0412\u0438\u043d\u0430\u0440\u043d\u0430 Katarzyna\" \/>\n<meta property=\"og:description\" content=\"\u041f\u043e\u0440\u044a\u0447\u0430\u0439 \u041e\u043d\u043b\u0430\u0439\u043d \u041b\u0443\u043a\u0441\u043e\u0437\u043d\u0430 \u043a\u0430\u0444\u044f\u0432\u0430 \u043a\u0443\u0442\u0438\u044f \u0437\u0430 3 \u0431\u0443\u0442\u0438\u043b\u043a\u0438 \u0445 0,75 L \u2b50 \u0422\u043e\u043f \u0426\u0435\u043d\u0430 \u2708 \u0411\u044a\u0440\u0437\u0430 \u0414\u043e\u0441\u0442\u0430\u0432\u043a\u0430 \u2705 \u041f\u0440\u043e\u0432\u0435\u0440\u043a\u0430 \u043d\u0430 \u041f\u0440\u0430\u0442\u043a\u0430\u0442\u0430 \u0438 \u041f\u0440\u0430\u0432\u043e \u043d\u0430 \u0412\u0440\u044a\u0449\u0430\u043d\u0435\" \/>\n<meta property=\"og:url\" content=\"https:\/\/katarzyna.bg\/pl\/shop\/luksozna-kafyava-kutiya-katarzyna-za-3-butilki-h-075-l\/\" \/>\n<meta property=\"og:site_name\" content=\"Katarzyna\" \/>\n<meta property=\"article:publisher\" content=\"https:\/\/www.facebook.com\/katarzynaestate\/\" \/>\n<meta property=\"article:modified_time\" content=\"2025-12-31T21:00:45+00:00\" \/>\n<meta property=\"og:image\" content=\"https:\/\/katarzyna.bg\/wp-content\/uploads\/2025\/11\/dsc_8197-scaled.jpg\" \/>\n\t<meta property=\"og:image:width\" content=\"2560\" \/>\n\t<meta property=\"og:image:height\" content=\"1707\" \/>\n\t<meta property=\"og:image:type\" content=\"image\/jpeg\" \/>\n<meta name=\"twitter:card\" content=\"summary_large_image\" \/>\n<meta name=\"twitter:label1\" content=\"Szacowany czas czytania\" \/>\n\t<meta name=\"twitter:data1\" content=\"1 minuta\" \/>\n<script type=\"application\/ld+json\" class=\"yoast-schema-graph\">{\"@context\":\"https:\/\/schema.org\",\"@graph\":[{\"@type\":[\"WebPage\",\"ItemPage\"],\"@id\":\"https:\/\/katarzyna.bg\/shop\/luksozna-kafyava-kutiya-katarzyna-za-3-butilki-h-075-l\/\",\"url\":\"https:\/\/katarzyna.bg\/shop\/luksozna-kafyava-kutiya-katarzyna-za-3-butilki-h-075-l\/\",\"name\":\"\u041b\u0443\u043a\u0441\u043e\u0437\u043d\u0430 \u043a\u0430\u0444\u044f\u0432\u0430 \u043a\u0443\u0442\u0438\u044f \u0437\u0430 3 \u0431\u0443\u0442\u0438\u043b\u043a\u0438 \u0445 0,75 L \u043e\u0442 \u0412\u0438\u043d\u0430\u0440\u043d\u0430 Katarzyna\",\"isPartOf\":{\"@id\":\"https:\/\/katarzyna.bg\/#website\"},\"primaryImageOfPage\":{\"@id\":\"https:\/\/katarzyna.bg\/shop\/luksozna-kafyava-kutiya-katarzyna-za-3-butilki-h-075-l\/#primaryimage\"},\"image\":{\"@id\":\"https:\/\/katarzyna.bg\/shop\/luksozna-kafyava-kutiya-katarzyna-za-3-butilki-h-075-l\/#primaryimage\"},\"thumbnailUrl\":\"https:\/\/katarzyna.bg\/wp-content\/uploads\/2025\/11\/dsc_8197-scaled.jpg\",\"datePublished\":\"2025-11-07T11:36:11+00:00\",\"dateModified\":\"2025-12-31T21:00:45+00:00\",\"description\":\"\u041f\u043e\u0440\u044a\u0447\u0430\u0439 \u041e\u043d\u043b\u0430\u0439\u043d \u041b\u0443\u043a\u0441\u043e\u0437\u043d\u0430 \u043a\u0430\u0444\u044f\u0432\u0430 \u043a\u0443\u0442\u0438\u044f \u0437\u0430 3 \u0431\u0443\u0442\u0438\u043b\u043a\u0438 \u0445 0,75 L \u2b50 \u0422\u043e\u043f \u0426\u0435\u043d\u0430 \u2708 \u0411\u044a\u0440\u0437\u0430 \u0414\u043e\u0441\u0442\u0430\u0432\u043a\u0430 \u2705 \u041f\u0440\u043e\u0432\u0435\u0440\u043a\u0430 \u043d\u0430 \u041f\u0440\u0430\u0442\u043a\u0430\u0442\u0430 \u0438 \u041f\u0440\u0430\u0432\u043e \u043d\u0430 \u0412\u0440\u044a\u0449\u0430\u043d\u0435\",\"breadcrumb\":{\"@id\":\"https:\/\/katarzyna.bg\/shop\/luksozna-kafyava-kutiya-katarzyna-za-3-butilki-h-075-l\/#breadcrumb\"},\"inLanguage\":\"pl-PL\",\"potentialAction\":[{\"@type\":\"ReadAction\",\"target\":[\"https:\/\/katarzyna.bg\/shop\/luksozna-kafyava-kutiya-katarzyna-za-3-butilki-h-075-l\/\"]}]},{\"@type\":\"ImageObject\",\"inLanguage\":\"pl-PL\",\"@id\":\"https:\/\/katarzyna.bg\/shop\/luksozna-kafyava-kutiya-katarzyna-za-3-butilki-h-075-l\/#primaryimage\",\"url\":\"https:\/\/katarzyna.bg\/wp-content\/uploads\/2025\/11\/dsc_8197-scaled.jpg\",\"contentUrl\":\"https:\/\/katarzyna.bg\/wp-content\/uploads\/2025\/11\/dsc_8197-scaled.jpg\",\"width\":2560,\"height\":1707},{\"@type\":\"BreadcrumbList\",\"@id\":\"https:\/\/katarzyna.bg\/shop\/luksozna-kafyava-kutiya-katarzyna-za-3-butilki-h-075-l\/#breadcrumb\",\"itemListElement\":[{\"@type\":\"ListItem\",\"position\":1,\"name\":\"\u041d\u0430\u0447\u0430\u043b\u043e\",\"item\":\"https:\/\/katarzyna.bg\/\"},{\"@type\":\"ListItem\",\"position\":2,\"name\":\"\u041e\u043d\u043b\u0430\u0439\u043d \u041c\u0430\u0433\u0430\u0437\u0438\u043d\",\"item\":\"https:\/\/katarzyna.bg\/shop\/\"},{\"@type\":\"ListItem\",\"position\":3,\"name\":\"\u041b\u0443\u043a\u0441\u043e\u0437\u043d\u0430 \u043a\u0430\u0444\u044f\u0432\u0430 \u043a\u0443\u0442\u0438\u044f \u0437\u0430 3 \u0431\u0443\u0442\u0438\u043b\u043a\u0438 \u0445 0,75 L\"}]},{\"@type\":\"WebSite\",\"@id\":\"https:\/\/katarzyna.bg\/#website\",\"url\":\"https:\/\/katarzyna.bg\/\",\"name\":\"Katarzyna\",\"description\":\"Katarzyna\",\"publisher\":{\"@id\":\"https:\/\/katarzyna.bg\/#organization\"},\"potentialAction\":[{\"@type\":\"SearchAction\",\"target\":{\"@type\":\"EntryPoint\",\"urlTemplate\":\"https:\/\/katarzyna.bg\/?s={search_term_string}\"},\"query-input\":{\"@type\":\"PropertyValueSpecification\",\"valueRequired\":true,\"valueName\":\"search_term_string\"}}],\"inLanguage\":\"pl-PL\"},{\"@type\":\"Organization\",\"@id\":\"https:\/\/katarzyna.bg\/#organization\",\"name\":\"Katarzyna Estate\",\"url\":\"https:\/\/katarzyna.bg\/\",\"logo\":{\"@type\":\"ImageObject\",\"inLanguage\":\"pl-PL\",\"@id\":\"https:\/\/katarzyna.bg\/#\/schema\/logo\/image\/\",\"url\":\"https:\/\/katarzyna.bg\/wp-content\/uploads\/2025\/03\/cropped-logo_grey-e1668669109649.png.webp\",\"contentUrl\":\"https:\/\/katarzyna.bg\/wp-content\/uploads\/2025\/03\/cropped-logo_grey-e1668669109649.png.webp\",\"width\":512,\"height\":512,\"caption\":\"Katarzyna Estate\"},\"image\":{\"@id\":\"https:\/\/katarzyna.bg\/#\/schema\/logo\/image\/\"},\"sameAs\":[\"https:\/\/www.facebook.com\/katarzynaestate\/\"]}]}<\/script>\n<!-- \/ Yoast SEO plugin. -->","yoast_head_json":{"title":"Luksusowe br\u0105zowe pude\u0142ko na 3 butelki 0,75 l z Winnicy Katarzyna","description":"Zam\u00f3w online: Luksusowe br\u0105zowe pude\u0142ko na 3 butelki 0,75 l \u2b50 Najlepsza cena \u2708 Szybka dostawa \u2705 Sprawdzenie przesy\u0142ki i prawo zwrotu","robots":{"index":"index","follow":"follow","max-snippet":"max-snippet:-1","max-image-preview":"max-image-preview:large","max-video-preview":"max-video-preview:-1"},"canonical":"https:\/\/katarzyna.bg\/pl\/shop\/luksozna-kafyava-kutiya-katarzyna-za-3-butilki-h-075-l\/","og_locale":"pl_PL","og_type":"article","og_title":"\u041b\u0443\u043a\u0441\u043e\u0437\u043d\u0430 \u043a\u0430\u0444\u044f\u0432\u0430 \u043a\u0443\u0442\u0438\u044f \u0437\u0430 3 \u0431\u0443\u0442\u0438\u043b\u043a\u0438 \u0445 0,75 L \u043e\u0442 \u0412\u0438\u043d\u0430\u0440\u043d\u0430 Katarzyna","og_description":"\u041f\u043e\u0440\u044a\u0447\u0430\u0439 \u041e\u043d\u043b\u0430\u0439\u043d \u041b\u0443\u043a\u0441\u043e\u0437\u043d\u0430 \u043a\u0430\u0444\u044f\u0432\u0430 \u043a\u0443\u0442\u0438\u044f \u0437\u0430 3 \u0431\u0443\u0442\u0438\u043b\u043a\u0438 \u0445 0,75 L \u2b50 \u0422\u043e\u043f \u0426\u0435\u043d\u0430 \u2708 \u0411\u044a\u0440\u0437\u0430 \u0414\u043e\u0441\u0442\u0430\u0432\u043a\u0430 \u2705 \u041f\u0440\u043e\u0432\u0435\u0440\u043a\u0430 \u043d\u0430 \u041f\u0440\u0430\u0442\u043a\u0430\u0442\u0430 \u0438 \u041f\u0440\u0430\u0432\u043e \u043d\u0430 \u0412\u0440\u044a\u0449\u0430\u043d\u0435","og_url":"https:\/\/katarzyna.bg\/pl\/shop\/luksozna-kafyava-kutiya-katarzyna-za-3-butilki-h-075-l\/","og_site_name":"Katarzyna","article_publisher":"https:\/\/www.facebook.com\/katarzynaestate\/","article_modified_time":"2025-12-31T21:00:45+00:00","og_image":[{"width":2560,"height":1707,"url":"https:\/\/katarzyna.bg\/wp-content\/uploads\/2025\/11\/dsc_8197-scaled.jpg","type":"image\/jpeg"}],"twitter_card":"summary_large_image","twitter_misc":{"Szacowany czas czytania":"1 minuta"},"schema":{"@context":"https:\/\/schema.org","@graph":[{"@type":["WebPage","ItemPage"],"@id":"https:\/\/katarzyna.bg\/shop\/luksozna-kafyava-kutiya-katarzyna-za-3-butilki-h-075-l\/","url":"https:\/\/katarzyna.bg\/shop\/luksozna-kafyava-kutiya-katarzyna-za-3-butilki-h-075-l\/","name":"Luksusowe br\u0105zowe pude\u0142ko na 3 butelki 0,75 l z Winnicy Katarzyna","isPartOf":{"@id":"https:\/\/katarzyna.bg\/#website"},"primaryImageOfPage":{"@id":"https:\/\/katarzyna.bg\/shop\/luksozna-kafyava-kutiya-katarzyna-za-3-butilki-h-075-l\/#primaryimage"},"image":{"@id":"https:\/\/katarzyna.bg\/shop\/luksozna-kafyava-kutiya-katarzyna-za-3-butilki-h-075-l\/#primaryimage"},"thumbnailUrl":"https:\/\/katarzyna.bg\/wp-content\/uploads\/2025\/11\/dsc_8197-scaled.jpg","datePublished":"2025-11-07T11:36:11+00:00","dateModified":"2025-12-31T21:00:45+00:00","description":"Zam\u00f3w online: Luksusowe br\u0105zowe pude\u0142ko na 3 butelki 0,75 l \u2b50 Najlepsza cena \u2708 Szybka dostawa \u2705 Sprawdzenie przesy\u0142ki i prawo zwrotu","breadcrumb":{"@id":"https:\/\/katarzyna.bg\/shop\/luksozna-kafyava-kutiya-katarzyna-za-3-butilki-h-075-l\/#breadcrumb"},"inLanguage":"pl-PL","potentialAction":[{"@type":"ReadAction","target":["https:\/\/katarzyna.bg\/shop\/luksozna-kafyava-kutiya-katarzyna-za-3-butilki-h-075-l\/"]}]},{"@type":"ImageObject","inLanguage":"pl-PL","@id":"https:\/\/katarzyna.bg\/shop\/luksozna-kafyava-kutiya-katarzyna-za-3-butilki-h-075-l\/#primaryimage","url":"https:\/\/katarzyna.bg\/wp-content\/uploads\/2025\/11\/dsc_8197-scaled.jpg","contentUrl":"https:\/\/katarzyna.bg\/wp-content\/uploads\/2025\/11\/dsc_8197-scaled.jpg","width":2560,"height":1707},{"@type":"BreadcrumbList","@id":"https:\/\/katarzyna.bg\/shop\/luksozna-kafyava-kutiya-katarzyna-za-3-butilki-h-075-l\/#breadcrumb","itemListElement":[{"@type":"ListItem","position":1,"name":"\u041d\u0430\u0447\u0430\u043b\u043e","item":"https:\/\/katarzyna.bg\/"},{"@type":"ListItem","position":2,"name":"\u041e\u043d\u043b\u0430\u0439\u043d \u041c\u0430\u0433\u0430\u0437\u0438\u043d","item":"https:\/\/katarzyna.bg\/shop\/"},{"@type":"ListItem","position":3,"name":"\u041b\u0443\u043a\u0441\u043e\u0437\u043d\u0430 \u043a\u0430\u0444\u044f\u0432\u0430 \u043a\u0443\u0442\u0438\u044f \u0437\u0430 3 \u0431\u0443\u0442\u0438\u043b\u043a\u0438 \u0445 0,75 L"}]},{"@type":"WebSite","@id":"https:\/\/katarzyna.bg\/#website","url":"https:\/\/katarzyna.bg\/","name":"Katarzyna","description":"Katarzyna","publisher":{"@id":"https:\/\/katarzyna.bg\/#organization"},"potentialAction":[{"@type":"SearchAction","target":{"@type":"EntryPoint","urlTemplate":"https:\/\/katarzyna.bg\/?s={search_term_string}"},"query-input":{"@type":"PropertyValueSpecification","valueRequired":true,"valueName":"search_term_string"}}],"inLanguage":"pl-PL"},{"@type":"Organization","@id":"https:\/\/katarzyna.bg\/#organization","name":"Katarzyna Estate","url":"https:\/\/katarzyna.bg\/","logo":{"@type":"ImageObject","inLanguage":"pl-PL","@id":"https:\/\/katarzyna.bg\/#\/schema\/logo\/image\/","url":"https:\/\/katarzyna.bg\/wp-content\/uploads\/2025\/03\/cropped-logo_grey-e1668669109649.png.webp","contentUrl":"https:\/\/katarzyna.bg\/wp-content\/uploads\/2025\/03\/cropped-logo_grey-e1668669109649.png.webp","width":512,"height":512,"caption":"Katarzyna Estate"},"image":{"@id":"https:\/\/katarzyna.bg\/#\/schema\/logo\/image\/"},"sameAs":["https:\/\/www.facebook.com\/katarzynaestate\/"]}]}},"_links":{"self":[{"href":"https:\/\/katarzyna.bg\/pl\/wp-json\/wp\/v2\/product\/29703","targetHints":{"allow":["GET"]}}],"collection":[{"href":"https:\/\/katarzyna.bg\/pl\/wp-json\/wp\/v2\/product"}],"about":[{"href":"https:\/\/katarzyna.bg\/pl\/wp-json\/wp\/v2\/types\/product"}],"replies":[{"embeddable":true,"href":"https:\/\/katarzyna.bg\/pl\/wp-json\/wp\/v2\/comments?post=29703"}],"wp:featuredmedia":[{"embeddable":true,"href":"https:\/\/katarzyna.bg\/pl\/wp-json\/wp\/v2\/media\/29706"}],"wp:attachment":[{"href":"https:\/\/katarzyna.bg\/pl\/wp-json\/wp\/v2\/media?parent=29703"}],"wp:term":[{"taxonomy":"product_brand","embeddable":true,"href":"https:\/\/katarzyna.bg\/pl\/wp-json\/wp\/v2\/product_brand?post=29703"},{"taxonomy":"product_cat","embeddable":true,"href":"https:\/\/katarzyna.bg\/pl\/wp-json\/wp\/v2\/product_cat?post=29703"},{"taxonomy":"product_tag","embeddable":true,"href":"https:\/\/katarzyna.bg\/pl\/wp-json\/wp\/v2\/product_tag?post=29703"}],"curies":[{"name":"wp","href":"https:\/\/api.w.org\/{rel}","templated":true}]}}