{"id":30525,"date":"2026-02-06T14:56:29","date_gmt":"2026-02-06T12:56:29","guid":{"rendered":"https:\/\/katarzyna.bg\/?post_type=product&#038;p=30525"},"modified":"2026-03-27T08:58:06","modified_gmt":"2026-03-27T06:58:06","slug":"catherina-sauvignon-blanc-2025-new-zealand-marlborough","status":"publish","type":"product","link":"https:\/\/katarzyna.bg\/pl\/shop\/catherina-sauvignon-blanc-2025-new-zealand-marlborough\/","title":{"rendered":"CATHERINA Sauvignon Blanc 2025, Marlborough, New Zealand"},"content":{"rendered":"<p data-start=\"116\" data-end=\"397\">CATHERINA to Sauvignon Blanc z renomowanego regionu Marlborough w Nowej Zelandii, o charakterystycznej \u015bwie\u017co\u015bci i intensywnym aromacie. Jest dla tych, kt\u00f3rzy szukaj\u0105 odwa\u017cnej elegancji i autentyczno\u015bci bez kompromis\u00f3w. CATHERINA to nie tylko wino \u2013 to wyraz stylu i wizji, kt\u00f3re pozostawiaj\u0105 trwa\u0142e wra\u017cenie.<\/p>\n<p data-start=\"125\" data-end=\"629\">Wino zachwyca intensywnym \u017c\u00f3\u0142to-zielonym kolorem i bogatym, wyrazistym aromatem, w kt\u00f3rym przeplataj\u0105 si\u0119 nuty zielonej papryki, \u015bwie\u017cych zio\u0142owych akcent\u00f3w i cytrusowe tony. Smak jest zbalansowany, mi\u0119kki i pe\u0142ny, z przyjemn\u0105 \u015bwie\u017co\u015bci\u0105, a zio\u0142owe nuty dodaj\u0105 poczucia lekko\u015bci. Finisz pozostawia znakomite wra\u017cenie, podkre\u015blaj\u0105c charakterystyczne cechy Sauvignon Blanc. Wino zachowuje typowe cechy szczepu inspirowanego Now\u0105 Zelandi\u0105, oferuj\u0105c jednocze\u015bnie w\u0142asn\u0105 interpretacj\u0119 klasyki.<\/p>\n<p data-start=\"631\" data-end=\"803\">Dobrze komponuje si\u0119 z zielonymi sa\u0142atami, rybami, owocami morza, makaronem i bia\u0142ym mi\u0119sem. Zalecana temperatura serwowania: 12\u201314\u202f\u00b0C.<\/p>","protected":false},"excerpt":{"rendered":"<p data-start=\"95\" data-end=\"512\">CATHERINA Sauvignon Blanc z Marlborough w Nowej Zelandii to wino inspirowane ziemi\u0105, kt\u00f3r\u0105 Maorysi nazywaj\u0105 Aotearoa \u2013 \u201eKrain\u0105 D\u0142ugiej Bia\u0142ej Chmury\u201d, gdzie natura i kultura wsp\u00f3\u0142istniej\u0105 w naturalnej harmonii. To w\u0142a\u015bnie tam znajduje si\u0119 winnica, od kt\u00f3rej zaczyna si\u0119 historia CATHERINA \u2013 miejsce o autentycznym duchu, prowadzone przez rodzin\u0119 z trzema pokoleniami do\u015bwiadczenia i wiar\u0105, \u017ce wino powinno odzwierciedla\u0107 charakter swojego pochodzenia.<\/p>\n<p data-start=\"514\" data-end=\"1148\">Ta filozofia stoi r\u00f3wnie\u017c za wizj\u0105 marki. Etykieta CATHERINA zosta\u0142a zaprojektowana jako wizualna opowie\u015b\u0107 o duchu Nowej Zelandii, w kt\u00f3rej ka\u017cdy element niesie w\u0142asn\u0105 symbolik\u0119 i znaczenie. Kiwi, narodowy ptak kraju, symbolizuje jego wyj\u0105tkowo\u015b\u0107 i skromn\u0105 elegancj\u0119. Srebrna papro\u0107 oznacza cykl \u017cycia i wyrafinowany charakter wina, a spiralny symbol maoryski Koru przedstawia nowe \u017cycie, wzrost i harmoni\u0119. Kontrastowe kolory podkre\u015blaj\u0105 \u015bwie\u017ce i nowoczesne podej\u015bcie do winiarstwa \u2013 pomara\u0144czowy jak zach\u00f3d s\u0142o\u0144ca nad Pacyfikiem, zielony jak wiecznie zielone lasy i ciemny fioletowy jak \u017cyzna gleba winnic.<\/p>\n<p data-start=\"1150\" data-end=\"1349\" data-is-last-node=\"\" data-is-only-node=\"\">CATHERINA to wino o w\u0142asnym charakterze, stworzone jako ho\u0142d dla dzikiego pi\u0119kna Marlborough. Ka\u017cda butelka niesie poczucie wolno\u015bci, \u015bwie\u017co\u015bci i ducha odkrywania.<\/p>\n<div class=\"flex flex-col text-sm\">\n<article class=\"text-token-text-primary w-full focus:outline-none [--shadow-height:45px] has-data-writing-block:pointer-events-none has-data-writing-block:-mt-(--shadow-height) has-data-writing-block:pt-(--shadow-height) [&amp;:has([data-writing-block])&gt;*]:pointer-events-auto scroll-mt-[calc(var(--header-height)+min(200px,max(70px,20svh)))]\" dir=\"auto\" tabindex=\"-1\" data-turn-id=\"2cb803d8-f967-4fc7-a76f-8abb6bb40e65\" data-testid=\"conversation-turn-38\" data-scroll-anchor=\"true\" data-turn=\"assistant\">\n<div class=\"text-base my-auto mx-auto pb-10 [--thread-content-margin:--spacing(4)] @w-sm\/main:[--thread-content-margin:--spacing(6)] @w-lg\/main:[--thread-content-margin:--spacing(16)] px-(--thread-content-margin)\">\n<div class=\"[--thread-content-max-width:40rem] @w-lg\/main:[--thread-content-max-width:48rem] mx-auto max-w-(--thread-content-max-width) flex-1 group\/turn-messages focus-visible:outline-hidden relative flex w-full min-w-0 flex-col agent-turn\" tabindex=\"-1\">\n<div class=\"flex max-w-full flex-col grow\">\n<div class=\"min-h-8 text-message relative flex w-full flex-col items-end gap-2 text-start break-words whitespace-normal [.text-message+&amp;]:mt-1\" dir=\"auto\" data-message-author-role=\"assistant\" data-message-id=\"5d404d81-2be4-4bbf-b96f-40375d0747e6\" data-message-model-slug=\"gpt-5-2\">\n<div class=\"flex w-full flex-col gap-1 empty:hidden first:pt-[1px]\">\n<div class=\"markdown prose dark:prose-invert w-full wrap-break-word light markdown-new-styling\">\n<p data-start=\"350\" data-end=\"435\" data-is-last-node=\"\" data-is-only-node=\"\">\u041f\u043e\u0440\u044a\u0447\u0430\u0439\u0442\u0435 \u0441\u0435\u0433\u0430 \u0441<strong data-start=\"350\" data-end=\"435\" data-is-last-node=\"\"> -10% \u043e\u0442\u0441\u0442\u044a\u043f\u043a\u0430 <\/strong>\u0441 \u043a\u043e\u0434<strong data-start=\"350\" data-end=\"435\" data-is-last-node=\"\"> KTZ2026 <\/strong>\u0438 \u0443\u0441\u0435\u0442\u0435\u0442\u0435 \u0434\u0443\u0445\u0430 \u043d\u0430 \u041d\u043e\u0432\u0430 \u0417\u0435\u043b\u0430\u043d\u0434\u0438\u044f \u0432\u044a\u0432 \u0432\u0441\u044f\u043a\u0430 \u0433\u043b\u044a\u0442\u043a\u0430<strong data-start=\"350\" data-end=\"435\" data-is-last-node=\"\">.<\/strong><\/p>\n<\/div>\n<\/div>\n<\/div>\n<\/div>\n<div class=\"z-0 flex min-h-[46px] justify-start\"><\/div>\n<\/div>\n<\/div>\n<\/article>\n<\/div>","protected":false},"featured_media":30444,"comment_status":"open","ping_status":"closed","template":"","meta":[],"product_brand":[],"product_cat":[24,138],"product_tag":[],"class_list":{"0":"post-30525","1":"product","2":"type-product","3":"status-publish","4":"has-post-thumbnail","6":"product_cat-byalo-vino","7":"product_cat-vnosni-vina","8":"pa_marka-catherina","9":"pa_proizhod-nova-zelandiya","10":"pa_razvasofka-075-l","11":"pa_rekolta-142","12":"pa_sort-sauvignon-blanc","14":"first","15":"instock","16":"featured","17":"shipping-taxable","18":"purchasable","19":"product-type-simple"},"yoast_head":"<!-- This site is optimized with the Yoast SEO plugin v27.1.1 - https:\/\/yoast.com\/product\/yoast-seo-wordpress\/ -->\n<title>CATHERINA Sauvignon Blanc 2025, Marlborough, New Zealand \u043e\u0442 \u0412\u0438\u043d\u0430\u0440\u043d\u0430 Katarzyna<\/title>\n<meta name=\"description\" content=\"\u041f\u043e\u0440\u044a\u0447\u0430\u0439 \u041e\u043d\u043b\u0430\u0439\u043d CATHERINA Sauvignon Blanc 2025, Marlborough, New Zealand \u2b50 \u0422\u043e\u043f \u0426\u0435\u043d\u0430 \u2708 \u0411\u044a\u0440\u0437\u0430 \u0414\u043e\u0441\u0442\u0430\u0432\u043a\u0430 \u2705 \u041f\u0440\u043e\u0432\u0435\u0440\u043a\u0430 \u043d\u0430 \u041f\u0440\u0430\u0442\u043a\u0430\u0442\u0430 \u0438 \u041f\u0440\u0430\u0432\u043e \u043d\u0430 \u0412\u0440\u044a\u0449\u0430\u043d\u0435\" \/>\n<meta name=\"robots\" content=\"index, follow, max-snippet:-1, max-image-preview:large, max-video-preview:-1\" \/>\n<link rel=\"canonical\" href=\"https:\/\/katarzyna.bg\/pl\/shop\/catherina-sauvignon-blanc-2025-new-zealand-marlborough\/\" \/>\n<meta property=\"og:locale\" content=\"pl_PL\" \/>\n<meta property=\"og:type\" content=\"article\" \/>\n<meta property=\"og:title\" content=\"CATHERINA Sauvignon Blanc 2025, Marlborough, New Zealand \u043e\u0442 \u0412\u0438\u043d\u0430\u0440\u043d\u0430 Katarzyna\" \/>\n<meta property=\"og:description\" content=\"\u041f\u043e\u0440\u044a\u0447\u0430\u0439 \u041e\u043d\u043b\u0430\u0439\u043d CATHERINA Sauvignon Blanc 2025, Marlborough, New Zealand \u2b50 \u0422\u043e\u043f \u0426\u0435\u043d\u0430 \u2708 \u0411\u044a\u0440\u0437\u0430 \u0414\u043e\u0441\u0442\u0430\u0432\u043a\u0430 \u2705 \u041f\u0440\u043e\u0432\u0435\u0440\u043a\u0430 \u043d\u0430 \u041f\u0440\u0430\u0442\u043a\u0430\u0442\u0430 \u0438 \u041f\u0440\u0430\u0432\u043e \u043d\u0430 \u0412\u0440\u044a\u0449\u0430\u043d\u0435\" \/>\n<meta property=\"og:url\" content=\"https:\/\/katarzyna.bg\/pl\/shop\/catherina-sauvignon-blanc-2025-new-zealand-marlborough\/\" \/>\n<meta property=\"og:site_name\" content=\"Katarzyna\" \/>\n<meta property=\"article:publisher\" content=\"https:\/\/www.facebook.com\/katarzynaestate\/\" \/>\n<meta property=\"article:modified_time\" content=\"2026-03-27T06:58:06+00:00\" \/>\n<meta property=\"og:image\" content=\"https:\/\/katarzyna.bg\/wp-content\/uploads\/2026\/01\/cartherina_new_zealand.jpg\" \/>\n\t<meta property=\"og:image:width\" content=\"1000\" \/>\n\t<meta property=\"og:image:height\" content=\"1240\" \/>\n\t<meta property=\"og:image:type\" content=\"image\/jpeg\" \/>\n<meta name=\"twitter:card\" content=\"summary_large_image\" \/>\n<meta name=\"twitter:label1\" content=\"Szacowany czas czytania\" \/>\n\t<meta name=\"twitter:data1\" content=\"1 minuta\" \/>\n<script type=\"application\/ld+json\" class=\"yoast-schema-graph\">{\"@context\":\"https:\/\/schema.org\",\"@graph\":[{\"@type\":[\"WebPage\",\"ItemPage\"],\"@id\":\"https:\/\/katarzyna.bg\/shop\/catherina-sauvignon-blanc-2025-new-zealand-marlborough\/\",\"url\":\"https:\/\/katarzyna.bg\/shop\/catherina-sauvignon-blanc-2025-new-zealand-marlborough\/\",\"name\":\"CATHERINA Sauvignon Blanc 2025, Marlborough, New Zealand \u043e\u0442 \u0412\u0438\u043d\u0430\u0440\u043d\u0430 Katarzyna\",\"isPartOf\":{\"@id\":\"https:\/\/katarzyna.bg\/#website\"},\"primaryImageOfPage\":{\"@id\":\"https:\/\/katarzyna.bg\/shop\/catherina-sauvignon-blanc-2025-new-zealand-marlborough\/#primaryimage\"},\"image\":{\"@id\":\"https:\/\/katarzyna.bg\/shop\/catherina-sauvignon-blanc-2025-new-zealand-marlborough\/#primaryimage\"},\"thumbnailUrl\":\"https:\/\/katarzyna.bg\/wp-content\/uploads\/2026\/01\/cartherina_new_zealand.jpg\",\"datePublished\":\"2026-02-06T12:56:29+00:00\",\"dateModified\":\"2026-03-27T06:58:06+00:00\",\"description\":\"\u041f\u043e\u0440\u044a\u0447\u0430\u0439 \u041e\u043d\u043b\u0430\u0439\u043d CATHERINA Sauvignon Blanc 2025, Marlborough, New Zealand \u2b50 \u0422\u043e\u043f \u0426\u0435\u043d\u0430 \u2708 \u0411\u044a\u0440\u0437\u0430 \u0414\u043e\u0441\u0442\u0430\u0432\u043a\u0430 \u2705 \u041f\u0440\u043e\u0432\u0435\u0440\u043a\u0430 \u043d\u0430 \u041f\u0440\u0430\u0442\u043a\u0430\u0442\u0430 \u0438 \u041f\u0440\u0430\u0432\u043e \u043d\u0430 \u0412\u0440\u044a\u0449\u0430\u043d\u0435\",\"breadcrumb\":{\"@id\":\"https:\/\/katarzyna.bg\/shop\/catherina-sauvignon-blanc-2025-new-zealand-marlborough\/#breadcrumb\"},\"inLanguage\":\"pl-PL\",\"potentialAction\":[{\"@type\":\"ReadAction\",\"target\":[\"https:\/\/katarzyna.bg\/shop\/catherina-sauvignon-blanc-2025-new-zealand-marlborough\/\"]}]},{\"@type\":\"ImageObject\",\"inLanguage\":\"pl-PL\",\"@id\":\"https:\/\/katarzyna.bg\/shop\/catherina-sauvignon-blanc-2025-new-zealand-marlborough\/#primaryimage\",\"url\":\"https:\/\/katarzyna.bg\/wp-content\/uploads\/2026\/01\/cartherina_new_zealand.jpg\",\"contentUrl\":\"https:\/\/katarzyna.bg\/wp-content\/uploads\/2026\/01\/cartherina_new_zealand.jpg\",\"width\":1000,\"height\":1240},{\"@type\":\"BreadcrumbList\",\"@id\":\"https:\/\/katarzyna.bg\/shop\/catherina-sauvignon-blanc-2025-new-zealand-marlborough\/#breadcrumb\",\"itemListElement\":[{\"@type\":\"ListItem\",\"position\":1,\"name\":\"\u041d\u0430\u0447\u0430\u043b\u043e\",\"item\":\"https:\/\/katarzyna.bg\/\"},{\"@type\":\"ListItem\",\"position\":2,\"name\":\"\u041e\u043d\u043b\u0430\u0439\u043d \u041c\u0430\u0433\u0430\u0437\u0438\u043d\",\"item\":\"https:\/\/katarzyna.bg\/shop\/\"},{\"@type\":\"ListItem\",\"position\":3,\"name\":\"CATHERINA Sauvignon Blanc 2025, Marlborough, New Zealand\"}]},{\"@type\":\"WebSite\",\"@id\":\"https:\/\/katarzyna.bg\/#website\",\"url\":\"https:\/\/katarzyna.bg\/\",\"name\":\"Katarzyna\",\"description\":\"Katarzyna\",\"publisher\":{\"@id\":\"https:\/\/katarzyna.bg\/#organization\"},\"potentialAction\":[{\"@type\":\"SearchAction\",\"target\":{\"@type\":\"EntryPoint\",\"urlTemplate\":\"https:\/\/katarzyna.bg\/?s={search_term_string}\"},\"query-input\":{\"@type\":\"PropertyValueSpecification\",\"valueRequired\":true,\"valueName\":\"search_term_string\"}}],\"inLanguage\":\"pl-PL\"},{\"@type\":\"Organization\",\"@id\":\"https:\/\/katarzyna.bg\/#organization\",\"name\":\"Katarzyna Estate\",\"url\":\"https:\/\/katarzyna.bg\/\",\"logo\":{\"@type\":\"ImageObject\",\"inLanguage\":\"pl-PL\",\"@id\":\"https:\/\/katarzyna.bg\/#\/schema\/logo\/image\/\",\"url\":\"https:\/\/katarzyna.bg\/wp-content\/uploads\/2025\/03\/cropped-logo_grey-e1668669109649.png.webp\",\"contentUrl\":\"https:\/\/katarzyna.bg\/wp-content\/uploads\/2025\/03\/cropped-logo_grey-e1668669109649.png.webp\",\"width\":512,\"height\":512,\"caption\":\"Katarzyna Estate\"},\"image\":{\"@id\":\"https:\/\/katarzyna.bg\/#\/schema\/logo\/image\/\"},\"sameAs\":[\"https:\/\/www.facebook.com\/katarzynaestate\/\"]}]}<\/script>\n<!-- \/ Yoast SEO plugin. -->","yoast_head_json":{"title":"CATHERINA Sauvignon Blanc 2025, Marlborough, New Zealand \u043e\u0442 \u0412\u0438\u043d\u0430\u0440\u043d\u0430 Katarzyna","description":"\u041f\u043e\u0440\u044a\u0447\u0430\u0439 \u041e\u043d\u043b\u0430\u0439\u043d CATHERINA Sauvignon Blanc 2025, Marlborough, New Zealand \u2b50 \u0422\u043e\u043f \u0426\u0435\u043d\u0430 \u2708 \u0411\u044a\u0440\u0437\u0430 \u0414\u043e\u0441\u0442\u0430\u0432\u043a\u0430 \u2705 \u041f\u0440\u043e\u0432\u0435\u0440\u043a\u0430 \u043d\u0430 \u041f\u0440\u0430\u0442\u043a\u0430\u0442\u0430 \u0438 \u041f\u0440\u0430\u0432\u043e \u043d\u0430 \u0412\u0440\u044a\u0449\u0430\u043d\u0435","robots":{"index":"index","follow":"follow","max-snippet":"max-snippet:-1","max-image-preview":"max-image-preview:large","max-video-preview":"max-video-preview:-1"},"canonical":"https:\/\/katarzyna.bg\/pl\/shop\/catherina-sauvignon-blanc-2025-new-zealand-marlborough\/","og_locale":"pl_PL","og_type":"article","og_title":"CATHERINA Sauvignon Blanc 2025, Marlborough, New Zealand \u043e\u0442 \u0412\u0438\u043d\u0430\u0440\u043d\u0430 Katarzyna","og_description":"\u041f\u043e\u0440\u044a\u0447\u0430\u0439 \u041e\u043d\u043b\u0430\u0439\u043d CATHERINA Sauvignon Blanc 2025, Marlborough, New Zealand \u2b50 \u0422\u043e\u043f \u0426\u0435\u043d\u0430 \u2708 \u0411\u044a\u0440\u0437\u0430 \u0414\u043e\u0441\u0442\u0430\u0432\u043a\u0430 \u2705 \u041f\u0440\u043e\u0432\u0435\u0440\u043a\u0430 \u043d\u0430 \u041f\u0440\u0430\u0442\u043a\u0430\u0442\u0430 \u0438 \u041f\u0440\u0430\u0432\u043e \u043d\u0430 \u0412\u0440\u044a\u0449\u0430\u043d\u0435","og_url":"https:\/\/katarzyna.bg\/pl\/shop\/catherina-sauvignon-blanc-2025-new-zealand-marlborough\/","og_site_name":"Katarzyna","article_publisher":"https:\/\/www.facebook.com\/katarzynaestate\/","article_modified_time":"2026-03-27T06:58:06+00:00","og_image":[{"width":1000,"height":1240,"url":"https:\/\/katarzyna.bg\/wp-content\/uploads\/2026\/01\/cartherina_new_zealand.jpg","type":"image\/jpeg"}],"twitter_card":"summary_large_image","twitter_misc":{"Szacowany czas czytania":"1 minuta"},"schema":{"@context":"https:\/\/schema.org","@graph":[{"@type":["WebPage","ItemPage"],"@id":"https:\/\/katarzyna.bg\/shop\/catherina-sauvignon-blanc-2025-new-zealand-marlborough\/","url":"https:\/\/katarzyna.bg\/shop\/catherina-sauvignon-blanc-2025-new-zealand-marlborough\/","name":"CATHERINA Sauvignon Blanc 2025, Marlborough, New Zealand \u043e\u0442 \u0412\u0438\u043d\u0430\u0440\u043d\u0430 Katarzyna","isPartOf":{"@id":"https:\/\/katarzyna.bg\/#website"},"primaryImageOfPage":{"@id":"https:\/\/katarzyna.bg\/shop\/catherina-sauvignon-blanc-2025-new-zealand-marlborough\/#primaryimage"},"image":{"@id":"https:\/\/katarzyna.bg\/shop\/catherina-sauvignon-blanc-2025-new-zealand-marlborough\/#primaryimage"},"thumbnailUrl":"https:\/\/katarzyna.bg\/wp-content\/uploads\/2026\/01\/cartherina_new_zealand.jpg","datePublished":"2026-02-06T12:56:29+00:00","dateModified":"2026-03-27T06:58:06+00:00","description":"\u041f\u043e\u0440\u044a\u0447\u0430\u0439 \u041e\u043d\u043b\u0430\u0439\u043d CATHERINA Sauvignon Blanc 2025, Marlborough, New Zealand \u2b50 \u0422\u043e\u043f \u0426\u0435\u043d\u0430 \u2708 \u0411\u044a\u0440\u0437\u0430 \u0414\u043e\u0441\u0442\u0430\u0432\u043a\u0430 \u2705 \u041f\u0440\u043e\u0432\u0435\u0440\u043a\u0430 \u043d\u0430 \u041f\u0440\u0430\u0442\u043a\u0430\u0442\u0430 \u0438 \u041f\u0440\u0430\u0432\u043e \u043d\u0430 \u0412\u0440\u044a\u0449\u0430\u043d\u0435","breadcrumb":{"@id":"https:\/\/katarzyna.bg\/shop\/catherina-sauvignon-blanc-2025-new-zealand-marlborough\/#breadcrumb"},"inLanguage":"pl-PL","potentialAction":[{"@type":"ReadAction","target":["https:\/\/katarzyna.bg\/shop\/catherina-sauvignon-blanc-2025-new-zealand-marlborough\/"]}]},{"@type":"ImageObject","inLanguage":"pl-PL","@id":"https:\/\/katarzyna.bg\/shop\/catherina-sauvignon-blanc-2025-new-zealand-marlborough\/#primaryimage","url":"https:\/\/katarzyna.bg\/wp-content\/uploads\/2026\/01\/cartherina_new_zealand.jpg","contentUrl":"https:\/\/katarzyna.bg\/wp-content\/uploads\/2026\/01\/cartherina_new_zealand.jpg","width":1000,"height":1240},{"@type":"BreadcrumbList","@id":"https:\/\/katarzyna.bg\/shop\/catherina-sauvignon-blanc-2025-new-zealand-marlborough\/#breadcrumb","itemListElement":[{"@type":"ListItem","position":1,"name":"\u041d\u0430\u0447\u0430\u043b\u043e","item":"https:\/\/katarzyna.bg\/"},{"@type":"ListItem","position":2,"name":"\u041e\u043d\u043b\u0430\u0439\u043d \u041c\u0430\u0433\u0430\u0437\u0438\u043d","item":"https:\/\/katarzyna.bg\/shop\/"},{"@type":"ListItem","position":3,"name":"CATHERINA Sauvignon Blanc 2025, Marlborough, New Zealand"}]},{"@type":"WebSite","@id":"https:\/\/katarzyna.bg\/#website","url":"https:\/\/katarzyna.bg\/","name":"Katarzyna","description":"Katarzyna","publisher":{"@id":"https:\/\/katarzyna.bg\/#organization"},"potentialAction":[{"@type":"SearchAction","target":{"@type":"EntryPoint","urlTemplate":"https:\/\/katarzyna.bg\/?s={search_term_string}"},"query-input":{"@type":"PropertyValueSpecification","valueRequired":true,"valueName":"search_term_string"}}],"inLanguage":"pl-PL"},{"@type":"Organization","@id":"https:\/\/katarzyna.bg\/#organization","name":"Katarzyna Estate","url":"https:\/\/katarzyna.bg\/","logo":{"@type":"ImageObject","inLanguage":"pl-PL","@id":"https:\/\/katarzyna.bg\/#\/schema\/logo\/image\/","url":"https:\/\/katarzyna.bg\/wp-content\/uploads\/2025\/03\/cropped-logo_grey-e1668669109649.png.webp","contentUrl":"https:\/\/katarzyna.bg\/wp-content\/uploads\/2025\/03\/cropped-logo_grey-e1668669109649.png.webp","width":512,"height":512,"caption":"Katarzyna Estate"},"image":{"@id":"https:\/\/katarzyna.bg\/#\/schema\/logo\/image\/"},"sameAs":["https:\/\/www.facebook.com\/katarzynaestate\/"]}]}},"_links":{"self":[{"href":"https:\/\/katarzyna.bg\/pl\/wp-json\/wp\/v2\/product\/30525","targetHints":{"allow":["GET"]}}],"collection":[{"href":"https:\/\/katarzyna.bg\/pl\/wp-json\/wp\/v2\/product"}],"about":[{"href":"https:\/\/katarzyna.bg\/pl\/wp-json\/wp\/v2\/types\/product"}],"replies":[{"embeddable":true,"href":"https:\/\/katarzyna.bg\/pl\/wp-json\/wp\/v2\/comments?post=30525"}],"wp:featuredmedia":[{"embeddable":true,"href":"https:\/\/katarzyna.bg\/pl\/wp-json\/wp\/v2\/media\/30444"}],"wp:attachment":[{"href":"https:\/\/katarzyna.bg\/pl\/wp-json\/wp\/v2\/media?parent=30525"}],"wp:term":[{"taxonomy":"product_brand","embeddable":true,"href":"https:\/\/katarzyna.bg\/pl\/wp-json\/wp\/v2\/product_brand?post=30525"},{"taxonomy":"product_cat","embeddable":true,"href":"https:\/\/katarzyna.bg\/pl\/wp-json\/wp\/v2\/product_cat?post=30525"},{"taxonomy":"product_tag","embeddable":true,"href":"https:\/\/katarzyna.bg\/pl\/wp-json\/wp\/v2\/product_tag?post=30525"}],"curies":[{"name":"wp","href":"https:\/\/api.w.org\/{rel}","templated":true}]}}