{"id":25915,"date":"2025-04-07T09:37:47","date_gmt":"2025-04-07T09:37:47","guid":{"rendered":"https:\/\/new.katarzyna.bg\/?page_id=25915"},"modified":"2025-07-22T09:09:10","modified_gmt":"2025-07-22T09:09:10","slug":"history","status":"publish","type":"page","link":"https:\/\/katarzyna.bg\/tr\/about-us\/history\/","title":{"rendered":"Tarih\u00e7e"},"content":{"rendered":"<div data-elementor-type=\"wp-page\" data-elementor-id=\"25915\" class=\"elementor elementor-25915\" data-elementor-post-type=\"page\">\n\t\t\t\t\t\t<section class=\"elementor-section elementor-top-section elementor-element elementor-element-dcd1dfc elementor-section-full_width elementor-section-height-min-height elementor-section-items-stretch elementor-section-height-default\" data-id=\"dcd1dfc\" data-element_type=\"section\" data-settings=\"{&quot;background_background&quot;:&quot;classic&quot;}\">\n\t\t\t\t\t\t<div class=\"elementor-container elementor-column-gap-default\">\n\t\t\t\t\t<div class=\"elementor-column elementor-col-50 elementor-top-column elementor-element elementor-element-517b763\" data-id=\"517b763\" data-element_type=\"column\" data-settings=\"{&quot;background_background&quot;:&quot;classic&quot;}\">\n\t\t\t<div class=\"elementor-widget-wrap elementor-element-populated\">\n\t\t\t\t\t\t<div class=\"elementor-element elementor-element-93f8ea3 elementor-widget elementor-widget-spacer\" data-id=\"93f8ea3\" data-element_type=\"widget\" data-widget_type=\"spacer.default\">\n\t\t\t\t<div class=\"elementor-widget-container\">\n\t\t\t\t\t\t\t<div class=\"elementor-spacer\">\n\t\t\t<div class=\"elementor-spacer-inner\"><\/div>\n\t\t<\/div>\n\t\t\t\t\t\t<\/div>\n\t\t\t\t<\/div>\n\t\t\t\t\t<\/div>\n\t\t<\/div>\n\t\t\t\t<div class=\"elementor-column elementor-col-50 elementor-top-column elementor-element elementor-element-d45ede2\" data-id=\"d45ede2\" data-element_type=\"column\">\n\t\t\t<div class=\"elementor-widget-wrap elementor-element-populated\">\n\t\t\t\t\t\t<section class=\"elementor-section elementor-inner-section elementor-element elementor-element-988a17b elementor-section-boxed elementor-section-height-default elementor-section-height-default\" data-id=\"988a17b\" data-element_type=\"section\">\n\t\t\t\t\t\t<div class=\"elementor-container elementor-column-gap-default\">\n\t\t\t\t\t<div class=\"elementor-column elementor-col-100 elementor-inner-column elementor-element elementor-element-aece39c\" data-id=\"aece39c\" data-element_type=\"column\">\n\t\t\t<div class=\"elementor-widget-wrap elementor-element-populated\">\n\t\t\t\t\t\t<div class=\"elementor-element elementor-element-cc2a569 elementor-widget elementor-widget-woocommerce-breadcrumb\" data-id=\"cc2a569\" data-element_type=\"widget\" data-widget_type=\"woocommerce-breadcrumb.default\">\n\t\t\t\t<div class=\"elementor-widget-container\">\n\t\t\t\t\t<nav class=\"woocommerce-breadcrumb\" aria-label=\"Breadcrumb\" data-no-translation=\"\" data-trp-gettext=\"\">Ev<\/nav>\t\t\t\t<\/div>\n\t\t\t\t<\/div>\n\t\t\t\t<div class=\"elementor-element elementor-element-421a38e elementor-widget elementor-widget-heading\" data-id=\"421a38e\" data-element_type=\"widget\" data-widget_type=\"heading.default\">\n\t\t\t\t<div class=\"elementor-widget-container\">\n\t\t\t\t\t<h1 class=\"elementor-heading-title elementor-size-default\">H\u0130KAYEM\u0130Z<\/h1>\t\t\t\t<\/div>\n\t\t\t\t<\/div>\n\t\t\t\t<div class=\"elementor-element elementor-element-cfaabe4 elementor-widget-divider--view-line elementor-widget elementor-widget-divider\" data-id=\"cfaabe4\" data-element_type=\"widget\" data-widget_type=\"divider.default\">\n\t\t\t\t<div class=\"elementor-widget-container\">\n\t\t\t\t\t\t\t<div class=\"elementor-divider\">\n\t\t\t<span class=\"elementor-divider-separator\">\n\t\t\t\t\t\t<\/span>\n\t\t<\/div>\n\t\t\t\t\t\t<\/div>\n\t\t\t\t<\/div>\n\t\t\t\t<div class=\"elementor-element elementor-element-b782c27 elementor-widget elementor-widget-text-editor\" data-id=\"b782c27\" data-element_type=\"widget\" data-widget_type=\"text-editor.default\">\n\t\t\t\t<div class=\"elementor-widget-container\">\n\t\t\t\t\t\t\t\t\t<p><span style=\"font-weight: 400;\">Katarzyna Estate, ger\u00e7ekle\u015fmi\u015f bir hayalin ba\u015flang\u0131c\u0131d\u0131r \u2014 yeni bir hik\u00e2yenin ilk ad\u0131m\u0131. Her \u015fey 2003 y\u0131l\u0131nda, Christophe Trylinski\u2019nin bir y\u00fcr\u00fcy\u00fc\u015f s\u0131ras\u0131nda Mezek k\u00f6y\u00fc civar\u0131ndaki topraklara rastlamas\u0131yla ba\u015flar. O d\u00f6nemde tamamen bakir olan bu topraklara ilk g\u00f6r\u00fc\u015fte \u00e2\u015f\u0131k olur ve b\u00fcy\u00fck hayallerinden birini ger\u00e7ekle\u015ftirmeye karar verir: klasik bir Frans\u0131z \u015fatosu tarz\u0131nda bir \u015faraphane in\u015fa etmek.<\/span><\/p><p><span style=\"font-weight: 400;\">2006 y\u0131l\u0131ndaki ilk hasattan bu yana, \u015faraphanemizin felsefesi \u015fudur: Ba\u015far\u0131 ba\u011flarda ba\u015flar. Ola\u011fan\u00fcst\u00fc \u015faraplar, ba\u011flara g\u00f6sterilen \u00f6zenin ve elbette ekibimizin tutkusunun bir sonucudur. Her yeni hasatta terroir\u2019in benzersizli\u011fini ortaya \u00e7\u0131karmaya, meyve, asidite, me\u015fe ve tanen aras\u0131nda zarif bir dengeye sahip, sofistike ve karakter sahibi \u015faraplar \u00fcretmeye gayret ediyoruz.<\/span><\/p>\t\t\t\t\t\t\t\t<\/div>\n\t\t\t\t<\/div>\n\t\t\t\t<div class=\"elementor-element elementor-element-a155d1b elementor-align-left elementor-widget elementor-widget-button\" data-id=\"a155d1b\" data-element_type=\"widget\" data-widget_type=\"button.default\">\n\t\t\t\t<div class=\"elementor-widget-container\">\n\t\t\t\t\t\t\t\t\t<div class=\"elementor-button-wrapper\">\n\t\t\t\t\t<a class=\"elementor-button elementor-button-link elementor-size-md\" href=\"https:\/\/katarzyna.bg\/tr\/winery\/winery-gallery\/\">\n\t\t\t\t\t\t<span class=\"elementor-button-content-wrapper\">\n\t\t\t\t\t\t\t\t\t<span class=\"elementor-button-text\">GALER\u0130Y\u0130 A\u00c7<\/span>\n\t\t\t\t\t<\/span>\n\t\t\t\t\t<\/a>\n\t\t\t\t<\/div>\n\t\t\t\t\t\t\t\t<\/div>\n\t\t\t\t<\/div>\n\t\t\t\t\t<\/div>\n\t\t<\/div>\n\t\t\t\t\t<\/div>\n\t\t<\/section>\n\t\t\t\t\t<\/div>\n\t\t<\/div>\n\t\t\t\t\t<\/div>\n\t\t<\/section>\n\t\t\t\t<\/div>","protected":false},"excerpt":{"rendered":"<p>\u041d\u0410\u0428\u0410\u0422\u0410 \u0418\u0421\u0422\u041e\u0420\u0418\u042f Katarzyna Estate \u0435 \u0441\u0431\u044a\u0434\u043d\u0430\u0442\u0430 \u043c\u0435\u0447\u0442\u0430, \u043a\u043e\u044f\u0442\u043e \u043f\u043e\u0441\u0442\u0430\u0432\u044f \u043d\u0430\u0447\u0430\u043b\u043e \u043d\u0430 \u0435\u0434\u043d\u0430 \u043d\u043e\u0432\u0430 \u0438\u0441\u0442\u043e\u0440\u0438\u044f. \u0412\u0441\u0438\u0447\u043a\u043e \u0437\u0430\u043f\u043e\u0447\u0432\u0430 \u043f\u0440\u0435\u0437 2003 \u0433\u043e\u0434\u0438\u043d\u0430, \u043a\u043e\u0433\u0430\u0442\u043e \u041a\u0440\u0438\u0441\u0442\u043e\u0444 \u0422\u0440\u0438\u043b\u0438\u043d\u0441\u043a\u0438 \u043f\u043e\u043f\u0430\u0434\u0430 \u043d\u0430 \u0440\u0430\u0437\u0445\u043e\u0434\u043a\u0430 \u0432 \u0437\u0435\u043c\u043b\u0438\u0449\u0435\u0442\u043e \u043d\u0430 \u0441\u0435\u043b\u043e \u041c\u0435\u0437\u0435\u043a, \u043f\u043e \u043e\u043d\u043e\u0432\u0430 \u0432\u0440\u0435\u043c\u0435 \u0434\u0435\u0432\u0441\u0442\u0432\u0435\u043d\u0430 \u0437\u0435\u043c\u044f, \u0432 \u043a\u043e\u044f\u0442\u043e \u0442\u043e\u0439 \u0441\u0435 \u0432\u043b\u044e\u0431\u0432\u0430 \u043e\u0442 \u043f\u0440\u044a\u0432 \u043f\u043e\u0433\u043b\u0435\u0434. \u0438 \u0440\u0435\u0448\u0430\u0432\u0430 \u0434\u0430 \u0441\u0431\u044a\u0434\u043d\u0435 \u0435\u0434\u043d\u0430 \u043e\u0442 \u0433\u043e\u043b\u0435\u043c\u0438\u0442\u0435 \u0441\u0438 \u043c\u0435\u0447\u0442\u0438, \u0434\u0430 \u043f\u043e\u0441\u0442\u0440\u043e\u0438 \u0438\u0437\u0431\u0430 [&hellip;]<\/p>","protected":false},"author":1,"featured_media":0,"parent":25909,"menu_order":0,"comment_status":"closed","ping_status":"closed","template":"elementor_header_footer","meta":{"footnotes":""},"class_list":["post-25915","page","type-page","status-publish","hentry"],"yoast_head":"<!-- This site is optimized with the Yoast SEO plugin v27.1.1 - https:\/\/yoast.com\/product\/yoast-seo-wordpress\/ -->\n<title>\u0418\u0441\u0442\u043e\u0440\u0438\u044f\u0442\u0430 \u043d\u0430 Katarzyna Estate<\/title>\n<meta name=\"description\" content=\"\u0420\u0430\u0437\u0433\u043b\u0435\u0434\u0430\u0439 \u0432\u0434\u044a\u0445\u043d\u043e\u0432\u044f\u0432\u0430\u0449\u0430\u0442\u0430 \u0438\u0441\u0442\u043e\u0440\u0438\u044f \u043d\u0430 Katarzyna Estate \u2013 \u043e\u0442 \u0441\u044a\u0437\u0434\u0430\u0432\u0430\u043d\u0435\u0442\u043e \u0434\u043e \u043f\u0440\u0435\u0432\u0440\u044a\u0449\u0430\u043d\u0435\u0442\u043e \u045d \u0432 \u0435\u0434\u0438\u043d \u043e\u0442 \u0432\u043e\u0434\u0435\u0449\u0438\u0442\u0435 \u0432\u0438\u043d\u043e\u043f\u0440\u043e\u0438\u0437\u0432\u043e\u0434\u0438\u0442\u0435\u043b\u0438 \u0432 \u0411\u044a\u043b\u0433\u0430\u0440\u0438\u044f.\" \/>\n<meta name=\"robots\" content=\"index, follow, max-snippet:-1, max-image-preview:large, max-video-preview:-1\" \/>\n<link rel=\"canonical\" href=\"https:\/\/katarzyna.bg\/tr\/about-us\/history\/\" \/>\n<meta property=\"og:locale\" content=\"tr_TR\" \/>\n<meta property=\"og:type\" content=\"article\" \/>\n<meta property=\"og:title\" content=\"\u0418\u0441\u0442\u043e\u0440\u0438\u044f\u0442\u0430 \u043d\u0430 Katarzyna Estate\" \/>\n<meta property=\"og:description\" content=\"\u0420\u0430\u0437\u0433\u043b\u0435\u0434\u0430\u0439 \u0432\u0434\u044a\u0445\u043d\u043e\u0432\u044f\u0432\u0430\u0449\u0430\u0442\u0430 \u0438\u0441\u0442\u043e\u0440\u0438\u044f \u043d\u0430 Katarzyna Estate \u2013 \u043e\u0442 \u0441\u044a\u0437\u0434\u0430\u0432\u0430\u043d\u0435\u0442\u043e \u0434\u043e \u043f\u0440\u0435\u0432\u0440\u044a\u0449\u0430\u043d\u0435\u0442\u043e \u045d \u0432 \u0435\u0434\u0438\u043d \u043e\u0442 \u0432\u043e\u0434\u0435\u0449\u0438\u0442\u0435 \u0432\u0438\u043d\u043e\u043f\u0440\u043e\u0438\u0437\u0432\u043e\u0434\u0438\u0442\u0435\u043b\u0438 \u0432 \u0411\u044a\u043b\u0433\u0430\u0440\u0438\u044f.\" \/>\n<meta property=\"og:url\" content=\"https:\/\/katarzyna.bg\/tr\/about-us\/history\/\" \/>\n<meta property=\"og:site_name\" content=\"Katarzyna\" \/>\n<meta property=\"article:publisher\" content=\"https:\/\/www.facebook.com\/katarzynaestate\/\" \/>\n<meta property=\"article:modified_time\" content=\"2025-07-22T09:09:10+00:00\" \/>\n<meta name=\"twitter:card\" content=\"summary_large_image\" \/>\n<meta name=\"twitter:label1\" content=\"Tahmini okuma s\u00fcresi\" \/>\n\t<meta name=\"twitter:data1\" content=\"1 dakika\" \/>\n<script type=\"application\/ld+json\" class=\"yoast-schema-graph\">{\"@context\":\"https:\/\/schema.org\",\"@graph\":[{\"@type\":\"WebPage\",\"@id\":\"https:\/\/katarzyna.bg\/about-us\/history\/\",\"url\":\"https:\/\/katarzyna.bg\/about-us\/history\/\",\"name\":\"\u0418\u0441\u0442\u043e\u0440\u0438\u044f\u0442\u0430 \u043d\u0430 Katarzyna Estate\",\"isPartOf\":{\"@id\":\"https:\/\/katarzyna.bg\/#website\"},\"datePublished\":\"2025-04-07T09:37:47+00:00\",\"dateModified\":\"2025-07-22T09:09:10+00:00\",\"description\":\"\u0420\u0430\u0437\u0433\u043b\u0435\u0434\u0430\u0439 \u0432\u0434\u044a\u0445\u043d\u043e\u0432\u044f\u0432\u0430\u0449\u0430\u0442\u0430 \u0438\u0441\u0442\u043e\u0440\u0438\u044f \u043d\u0430 Katarzyna Estate \u2013 \u043e\u0442 \u0441\u044a\u0437\u0434\u0430\u0432\u0430\u043d\u0435\u0442\u043e \u0434\u043e \u043f\u0440\u0435\u0432\u0440\u044a\u0449\u0430\u043d\u0435\u0442\u043e \u045d \u0432 \u0435\u0434\u0438\u043d \u043e\u0442 \u0432\u043e\u0434\u0435\u0449\u0438\u0442\u0435 \u0432\u0438\u043d\u043e\u043f\u0440\u043e\u0438\u0437\u0432\u043e\u0434\u0438\u0442\u0435\u043b\u0438 \u0432 \u0411\u044a\u043b\u0433\u0430\u0440\u0438\u044f.\",\"breadcrumb\":{\"@id\":\"https:\/\/katarzyna.bg\/about-us\/history\/#breadcrumb\"},\"inLanguage\":\"tr\",\"potentialAction\":[{\"@type\":\"ReadAction\",\"target\":[\"https:\/\/katarzyna.bg\/about-us\/history\/\"]}]},{\"@type\":\"BreadcrumbList\",\"@id\":\"https:\/\/katarzyna.bg\/about-us\/history\/#breadcrumb\",\"itemListElement\":[{\"@type\":\"ListItem\",\"position\":1,\"name\":\"\u041d\u0430\u0447\u0430\u043b\u043e\",\"item\":\"https:\/\/katarzyna.bg\/\"},{\"@type\":\"ListItem\",\"position\":2,\"name\":\"\u0417\u0430 \u043d\u0430\u0441\",\"item\":\"https:\/\/katarzyna.bg\/about-us\/\"},{\"@type\":\"ListItem\",\"position\":3,\"name\":\"\u0418\u0441\u0442\u043e\u0440\u0438\u044f\"}]},{\"@type\":\"WebSite\",\"@id\":\"https:\/\/katarzyna.bg\/#website\",\"url\":\"https:\/\/katarzyna.bg\/\",\"name\":\"Katarzyna\",\"description\":\"Katarzyna\",\"publisher\":{\"@id\":\"https:\/\/katarzyna.bg\/#organization\"},\"potentialAction\":[{\"@type\":\"SearchAction\",\"target\":{\"@type\":\"EntryPoint\",\"urlTemplate\":\"https:\/\/katarzyna.bg\/?s={search_term_string}\"},\"query-input\":{\"@type\":\"PropertyValueSpecification\",\"valueRequired\":true,\"valueName\":\"search_term_string\"}}],\"inLanguage\":\"tr\"},{\"@type\":\"Organization\",\"@id\":\"https:\/\/katarzyna.bg\/#organization\",\"name\":\"Katarzyna Estate\",\"url\":\"https:\/\/katarzyna.bg\/\",\"logo\":{\"@type\":\"ImageObject\",\"inLanguage\":\"tr\",\"@id\":\"https:\/\/katarzyna.bg\/#\/schema\/logo\/image\/\",\"url\":\"https:\/\/katarzyna.bg\/wp-content\/uploads\/2025\/03\/cropped-logo_grey-e1668669109649.png.webp\",\"contentUrl\":\"https:\/\/katarzyna.bg\/wp-content\/uploads\/2025\/03\/cropped-logo_grey-e1668669109649.png.webp\",\"width\":512,\"height\":512,\"caption\":\"Katarzyna Estate\"},\"image\":{\"@id\":\"https:\/\/katarzyna.bg\/#\/schema\/logo\/image\/\"},\"sameAs\":[\"https:\/\/www.facebook.com\/katarzynaestate\/\"]}]}<\/script>\n<!-- \/ Yoast SEO plugin. -->","yoast_head_json":{"title":"Katarzyna Estate\u2019in Tarihi","description":"Katarzyna Estate\u2019in ilham veren hik\u00e2yesini ke\u015ffedin \u2014 kurulu\u015fundan Bulgaristan\u2019\u0131n \u00f6nde gelen \u015farap \u00fcreticilerinden birine d\u00f6n\u00fc\u015fmesine kadar.","robots":{"index":"index","follow":"follow","max-snippet":"max-snippet:-1","max-image-preview":"max-image-preview:large","max-video-preview":"max-video-preview:-1"},"canonical":"https:\/\/katarzyna.bg\/tr\/about-us\/history\/","og_locale":"tr_TR","og_type":"article","og_title":"\u0418\u0441\u0442\u043e\u0440\u0438\u044f\u0442\u0430 \u043d\u0430 Katarzyna Estate","og_description":"\u0420\u0430\u0437\u0433\u043b\u0435\u0434\u0430\u0439 \u0432\u0434\u044a\u0445\u043d\u043e\u0432\u044f\u0432\u0430\u0449\u0430\u0442\u0430 \u0438\u0441\u0442\u043e\u0440\u0438\u044f \u043d\u0430 Katarzyna Estate \u2013 \u043e\u0442 \u0441\u044a\u0437\u0434\u0430\u0432\u0430\u043d\u0435\u0442\u043e \u0434\u043e \u043f\u0440\u0435\u0432\u0440\u044a\u0449\u0430\u043d\u0435\u0442\u043e \u045d \u0432 \u0435\u0434\u0438\u043d \u043e\u0442 \u0432\u043e\u0434\u0435\u0449\u0438\u0442\u0435 \u0432\u0438\u043d\u043e\u043f\u0440\u043e\u0438\u0437\u0432\u043e\u0434\u0438\u0442\u0435\u043b\u0438 \u0432 \u0411\u044a\u043b\u0433\u0430\u0440\u0438\u044f.","og_url":"https:\/\/katarzyna.bg\/tr\/about-us\/history\/","og_site_name":"Katarzyna","article_publisher":"https:\/\/www.facebook.com\/katarzynaestate\/","article_modified_time":"2025-07-22T09:09:10+00:00","twitter_card":"summary_large_image","twitter_misc":{"Tahmini okuma s\u00fcresi":"1 dakika"},"schema":{"@context":"https:\/\/schema.org","@graph":[{"@type":"WebPage","@id":"https:\/\/katarzyna.bg\/about-us\/history\/","url":"https:\/\/katarzyna.bg\/about-us\/history\/","name":"Katarzyna Estate\u2019in Tarihi","isPartOf":{"@id":"https:\/\/katarzyna.bg\/#website"},"datePublished":"2025-04-07T09:37:47+00:00","dateModified":"2025-07-22T09:09:10+00:00","description":"Katarzyna Estate\u2019in ilham veren hik\u00e2yesini ke\u015ffedin \u2014 kurulu\u015fundan Bulgaristan\u2019\u0131n \u00f6nde gelen \u015farap \u00fcreticilerinden birine d\u00f6n\u00fc\u015fmesine kadar.","breadcrumb":{"@id":"https:\/\/katarzyna.bg\/about-us\/history\/#breadcrumb"},"inLanguage":"tr","potentialAction":[{"@type":"ReadAction","target":["https:\/\/katarzyna.bg\/about-us\/history\/"]}]},{"@type":"BreadcrumbList","@id":"https:\/\/katarzyna.bg\/about-us\/history\/#breadcrumb","itemListElement":[{"@type":"ListItem","position":1,"name":"\u041d\u0430\u0447\u0430\u043b\u043e","item":"https:\/\/katarzyna.bg\/"},{"@type":"ListItem","position":2,"name":"\u0417\u0430 \u043d\u0430\u0441","item":"https:\/\/katarzyna.bg\/about-us\/"},{"@type":"ListItem","position":3,"name":"\u0418\u0441\u0442\u043e\u0440\u0438\u044f"}]},{"@type":"WebSite","@id":"https:\/\/katarzyna.bg\/#website","url":"https:\/\/katarzyna.bg\/","name":"Katarzyna","description":"Katarzyna","publisher":{"@id":"https:\/\/katarzyna.bg\/#organization"},"potentialAction":[{"@type":"SearchAction","target":{"@type":"EntryPoint","urlTemplate":"https:\/\/katarzyna.bg\/?s={search_term_string}"},"query-input":{"@type":"PropertyValueSpecification","valueRequired":true,"valueName":"search_term_string"}}],"inLanguage":"tr"},{"@type":"Organization","@id":"https:\/\/katarzyna.bg\/#organization","name":"Katarzyna Estate","url":"https:\/\/katarzyna.bg\/","logo":{"@type":"ImageObject","inLanguage":"tr","@id":"https:\/\/katarzyna.bg\/#\/schema\/logo\/image\/","url":"https:\/\/katarzyna.bg\/wp-content\/uploads\/2025\/03\/cropped-logo_grey-e1668669109649.png.webp","contentUrl":"https:\/\/katarzyna.bg\/wp-content\/uploads\/2025\/03\/cropped-logo_grey-e1668669109649.png.webp","width":512,"height":512,"caption":"Katarzyna Estate"},"image":{"@id":"https:\/\/katarzyna.bg\/#\/schema\/logo\/image\/"},"sameAs":["https:\/\/www.facebook.com\/katarzynaestate\/"]}]}},"_links":{"self":[{"href":"https:\/\/katarzyna.bg\/tr\/wp-json\/wp\/v2\/pages\/25915","targetHints":{"allow":["GET"]}}],"collection":[{"href":"https:\/\/katarzyna.bg\/tr\/wp-json\/wp\/v2\/pages"}],"about":[{"href":"https:\/\/katarzyna.bg\/tr\/wp-json\/wp\/v2\/types\/page"}],"author":[{"embeddable":true,"href":"https:\/\/katarzyna.bg\/tr\/wp-json\/wp\/v2\/users\/1"}],"replies":[{"embeddable":true,"href":"https:\/\/katarzyna.bg\/tr\/wp-json\/wp\/v2\/comments?post=25915"}],"version-history":[{"count":13,"href":"https:\/\/katarzyna.bg\/tr\/wp-json\/wp\/v2\/pages\/25915\/revisions"}],"predecessor-version":[{"id":28014,"href":"https:\/\/katarzyna.bg\/tr\/wp-json\/wp\/v2\/pages\/25915\/revisions\/28014"}],"up":[{"embeddable":true,"href":"https:\/\/katarzyna.bg\/tr\/wp-json\/wp\/v2\/pages\/25909"}],"wp:attachment":[{"href":"https:\/\/katarzyna.bg\/tr\/wp-json\/wp\/v2\/media?parent=25915"}],"curies":[{"name":"wp","href":"https:\/\/api.w.org\/{rel}","templated":true}]}}