{"id":25917,"date":"2025-04-07T09:38:05","date_gmt":"2025-04-07T09:38:05","guid":{"rendered":"https:\/\/new.katarzyna.bg\/?page_id=25917"},"modified":"2025-06-16T08:46:57","modified_gmt":"2025-06-16T08:46:57","slug":"quallity-and-safety","status":"publish","type":"page","link":"https:\/\/katarzyna.bg\/tr\/about-us\/quallity-and-safety\/","title":{"rendered":"Kalite ve G\u00fcvenlik"},"content":{"rendered":"<div data-elementor-type=\"wp-page\" data-elementor-id=\"25917\" class=\"elementor elementor-25917\" data-elementor-post-type=\"page\">\n\t\t\t\t\t\t<section class=\"elementor-section elementor-top-section elementor-element elementor-element-ae47290 elementor-section-boxed elementor-section-height-default elementor-section-height-default\" data-id=\"ae47290\" data-element_type=\"section\">\n\t\t\t\t\t\t<div class=\"elementor-container elementor-column-gap-default\">\n\t\t\t\t\t<div class=\"elementor-column elementor-col-100 elementor-top-column elementor-element elementor-element-a60c4f8\" data-id=\"a60c4f8\" data-element_type=\"column\">\n\t\t\t<div class=\"elementor-widget-wrap elementor-element-populated\">\n\t\t\t\t\t\t<div class=\"elementor-element elementor-element-56b57dd elementor-widget elementor-widget-woocommerce-breadcrumb\" data-id=\"56b57dd\" data-element_type=\"widget\" data-widget_type=\"woocommerce-breadcrumb.default\">\n\t\t\t\t<div class=\"elementor-widget-container\">\n\t\t\t\t\t<nav class=\"woocommerce-breadcrumb\" aria-label=\"Breadcrumb\" data-no-translation=\"\" data-trp-gettext=\"\">Ev<\/nav>\t\t\t\t<\/div>\n\t\t\t\t<\/div>\n\t\t\t\t<div class=\"elementor-element elementor-element-daf883a elementor-widget elementor-widget-heading\" data-id=\"daf883a\" data-element_type=\"widget\" data-widget_type=\"heading.default\">\n\t\t\t\t<div class=\"elementor-widget-container\">\n\t\t\t\t\t<h1 class=\"elementor-heading-title elementor-size-default\">Kalite ve G\u00fcvenlik<\/h1>\t\t\t\t<\/div>\n\t\t\t\t<\/div>\n\t\t\t\t<div class=\"elementor-element elementor-element-184b16c elementor-widget elementor-widget-image\" data-id=\"184b16c\" data-element_type=\"widget\" data-widget_type=\"image.default\">\n\t\t\t\t<div class=\"elementor-widget-container\">\n\t\t\t\t\t\t\t\t\t\t\t\t\t\t\t<img decoding=\"async\" width=\"182\" height=\"213\" src=\"https:\/\/katarzyna.bg\/wp-content\/uploads\/2025\/04\/viber_image_2023-07-12_14-32-43-522-1.png\" class=\"attachment-large size-large wp-image-25632\" alt=\"\" srcset=\"https:\/\/katarzyna.bg\/wp-content\/uploads\/2025\/04\/viber_image_2023-07-12_14-32-43-522-1.png 182w, https:\/\/katarzyna.bg\/wp-content\/uploads\/2025\/04\/viber_image_2023-07-12_14-32-43-522-1-10x12.png 10w\" sizes=\"(max-width: 182px) 100vw, 182px\" \/>\t\t\t\t\t\t\t\t\t\t\t\t\t\t\t<\/div>\n\t\t\t\t<\/div>\n\t\t\t\t<div class=\"elementor-element elementor-element-4db6f45 elementor-widget elementor-widget-text-editor\" data-id=\"4db6f45\" data-element_type=\"widget\" data-widget_type=\"text-editor.default\">\n\t\t\t\t<div class=\"elementor-widget-container\">\n\t\t\t\t\t\t\t\t\t<p class=\"translation-block\">Katarzyna Estate \u015earaphanesi Ltd. \u015eti.'nin temel faaliyeti, kendi ticari markas\u0131 alt\u0131nda k\u0131rm\u0131z\u0131, roze ve beyaz \u015faraplar\u0131n \u00fcretimi, \u015fi\u015felenmesi ve \u00c7e\u015fitli ambalajlarda da\u011f\u0131t\u0131m\u0131d\u0131r. \u00dcr\u00fcn kalitesi i\u00e7in iyi hijyen, \u00fcretim uygulamalar\u0131 ve uluslararas\u0131 standartlara uygunluk esas al\u0131nmaktad\u0131r.<\/p><p>\u0130ntegrasyon Y\u00f6netim Sistemi\u2019nin uygulanmas\u0131yla, organizasyonumuz m\u00fc\u015fterilerimize y\u00fcksek kaliteli ve g\u00fcvenli bir \u00fcr\u00fcn sunmay\u0131 ama\u00e7lamakta; kullan\u0131c\u0131 sa\u011fl\u0131\u011f\u0131n\u0131 ve \u00e7\u0131karlar\u0131n\u0131 en \u00fcst \u00f6ncelik olarak g\u00f6rmektedir. Bizim i\u00e7in kalite, m\u00fc\u015fteri memnuniyetinin bir g\u00f6stergesidir. Kaliteli ve g\u00fcvenli \u00fcr\u00fcn\u00fcn \u00fcretimi ve da\u011f\u0131t\u0131m\u0131, \u00d6n Ko\u015ful Programlar\u0131 ile Tehlike Analizi ve Kritik Kontrol Noktalar\u0131 (HACCP) prensiplerinin uygulanmas\u0131 yoluyla sa\u011flanmaktad\u0131r.<\/p><p>Ana hedefimiz, s\u00fcrekli iyile\u015ftirme ve geli\u015ftirme yoluyla, standartlara, yasal d\u00fczenlemelere ve m\u00fc\u015fteri gereksinimlerine uygun, kullan\u0131c\u0131 i\u00e7in kaliteli ve g\u00fcvenli \u00fcr\u00fcn \u00fcretmektir.<\/p>\t\t\t\t\t\t\t\t<\/div>\n\t\t\t\t<\/div>\n\t\t\t\t\t<\/div>\n\t\t<\/div>\n\t\t\t\t\t<\/div>\n\t\t<\/section>\n\t\t<div class=\"elementor-element elementor-element-a32826f e-flex e-con-boxed e-con e-parent\" data-id=\"a32826f\" data-element_type=\"container\">\n\t\t\t\t\t<div class=\"e-con-inner\">\n\t\t<div class=\"elementor-element elementor-element-6b6c5c0 e-con-full e-flex e-con e-child\" data-id=\"6b6c5c0\" data-element_type=\"container\">\n\t\t\t\t<div class=\"elementor-element elementor-element-85f0f6a elementor-widget elementor-widget-image\" data-id=\"85f0f6a\" data-element_type=\"widget\" data-widget_type=\"image.default\">\n\t\t\t\t<div class=\"elementor-widget-container\">\n\t\t\t\t\t\t\t\t\t\t\t\t\t\t\t<img fetchpriority=\"high\" decoding=\"async\" width=\"724\" height=\"1024\" src=\"https:\/\/katarzyna.bg\/wp-content\/uploads\/2025\/05\/0040211-QMS-ENGUS-UKAS-724x1024.png\" class=\"attachment-large size-large wp-image-26741\" alt=\"\" srcset=\"https:\/\/katarzyna.bg\/wp-content\/uploads\/2025\/05\/0040211-QMS-ENGUS-UKAS-724x1024.png 724w, https:\/\/katarzyna.bg\/wp-content\/uploads\/2025\/05\/0040211-QMS-ENGUS-UKAS-212x300.png 212w, https:\/\/katarzyna.bg\/wp-content\/uploads\/2025\/05\/0040211-QMS-ENGUS-UKAS-768x1086.png 768w, https:\/\/katarzyna.bg\/wp-content\/uploads\/2025\/05\/0040211-QMS-ENGUS-UKAS-1087x1536.png 1087w, https:\/\/katarzyna.bg\/wp-content\/uploads\/2025\/05\/0040211-QMS-ENGUS-UKAS-8x12.png 8w, https:\/\/katarzyna.bg\/wp-content\/uploads\/2025\/05\/0040211-QMS-ENGUS-UKAS-600x848.png 600w, https:\/\/katarzyna.bg\/wp-content\/uploads\/2025\/05\/0040211-QMS-ENGUS-UKAS.png 1190w\" sizes=\"(max-width: 724px) 100vw, 724px\" \/>\t\t\t\t\t\t\t\t\t\t\t\t\t\t\t<\/div>\n\t\t\t\t<\/div>\n\t\t\t\t<\/div>\n\t\t<div class=\"elementor-element elementor-element-d86bb82 e-con-full e-flex e-con e-child\" data-id=\"d86bb82\" data-element_type=\"container\">\n\t\t\t\t<div class=\"elementor-element elementor-element-72e8227 elementor-widget elementor-widget-image\" data-id=\"72e8227\" data-element_type=\"widget\" data-widget_type=\"image.default\">\n\t\t\t\t<div class=\"elementor-widget-container\">\n\t\t\t\t\t\t\t\t\t\t\t\t\t\t\t<img decoding=\"async\" width=\"724\" height=\"1024\" src=\"https:\/\/katarzyna.bg\/wp-content\/uploads\/2025\/05\/00025605-22000-ENGUS-UKAS-724x1024.png\" class=\"attachment-large size-large wp-image-26740\" alt=\"\" srcset=\"https:\/\/katarzyna.bg\/wp-content\/uploads\/2025\/05\/00025605-22000-ENGUS-UKAS-724x1024.png 724w, https:\/\/katarzyna.bg\/wp-content\/uploads\/2025\/05\/00025605-22000-ENGUS-UKAS-212x300.png 212w, https:\/\/katarzyna.bg\/wp-content\/uploads\/2025\/05\/00025605-22000-ENGUS-UKAS-768x1086.png 768w, https:\/\/katarzyna.bg\/wp-content\/uploads\/2025\/05\/00025605-22000-ENGUS-UKAS-1087x1536.png 1087w, https:\/\/katarzyna.bg\/wp-content\/uploads\/2025\/05\/00025605-22000-ENGUS-UKAS-8x12.png 8w, https:\/\/katarzyna.bg\/wp-content\/uploads\/2025\/05\/00025605-22000-ENGUS-UKAS-600x848.png 600w, https:\/\/katarzyna.bg\/wp-content\/uploads\/2025\/05\/00025605-22000-ENGUS-UKAS.png 1190w\" sizes=\"(max-width: 724px) 100vw, 724px\" \/>\t\t\t\t\t\t\t\t\t\t\t\t\t\t\t<\/div>\n\t\t\t\t<\/div>\n\t\t\t\t<\/div>\n\t\t\t\t\t<\/div>\n\t\t\t\t<\/div>\n\t\t\t\t<\/div>","protected":false},"excerpt":{"rendered":"<p>\u041a\u0430\u0447\u0435\u0441\u0442\u0432\u043e \u0438 \u0431\u0435\u0437\u043e\u043f\u0430\u0441\u043d\u043e\u0441\u0442 \u041e\u0441\u043d\u043e\u0432\u043d\u0430\u0442\u0430 \u0434\u0435\u0439\u043d\u043e\u0441\u0442 \u043d\u0430 \u0412\u0438\u043d\u0430\u0440\u0441\u043a\u0430 \u0438\u0437\u0431\u0430 \u041a\u0430\u0442\u0430\u0440\u0436\u0438\u043d\u0430 \u0415\u0441\u0442\u0435\u0439\u0442 \u0415\u041e\u041e\u0414 \u0435 \u0441\u0432\u044a\u0440\u0437\u0430\u043d\u0430 \u0441 \u043f\u0440\u043e\u0438\u0437\u0432\u043e\u0434\u0441\u0442\u0432\u043e, \u0431\u0443\u0442\u0438\u043b\u0438\u0440\u0430\u043d\u0435 \u0438 \u0440\u0430\u0437\u043f\u0440\u043e\u0441\u0442\u0440\u0430\u043d\u0435\u043d\u0438\u0435 \u043d\u0430 \u0447\u0435\u0440\u0432\u0435\u043d\u0438, \u0440\u043e\u0437\u0435 \u0438 \u0431\u0435\u043b\u0438 \u0432\u0438\u043d\u0430 \u0432 \u0440\u0430\u0437\u043b\u0438\u0447\u043d\u0438 \u0440\u0430\u0437\u0444\u0430\u0441\u043e\u0432\u043a\u0438 \u0438 \u043e\u043f\u0430\u043a\u043e\u0432\u043a\u0438 \u043f\u043e\u0434 \u0441\u043e\u0431\u0441\u0442\u0432\u0435\u043d\u0430 \u0442\u044a\u0440\u0433\u043e\u0432\u0441\u043a\u0430 \u043c\u0430\u0440\u043a\u0430, \u043f\u0440\u0438 \u0441\u043f\u0430\u0437\u0432\u0430\u043d\u0435 \u043d\u0430 \u0434\u043e\u0431\u0440\u0438 \u0445\u0438\u0433\u0438\u0435\u043d\u043d\u0438, \u043f\u0440\u043e\u0438\u0437\u0432\u043e\u0434\u0441\u0442\u0432\u0435\u043d\u0438 \u043f\u0440\u0430\u043a\u0442\u0438\u043a\u0438 \u0438 \u0438\u0437\u0438\u0441\u043a\u0432\u0430\u043d\u0438\u044f\u0442\u0430 \u0437\u0430 \u043a\u0430\u0447\u0435\u0441\u0442\u0432\u043e\u0442\u043e \u043d\u0430 \u043f\u0440\u043e\u0434\u0443\u043a\u0442\u0438\u0442\u0435, \u043f\u043e\u0437\u043e\u0432\u0430\u0432\u0430\u0449\u0438 \u0441\u0435 \u043d\u0430 \u0432\u043d\u0435\u0434\u0440\u0435\u043d\u0438 \u0438 \u043f\u043e\u0434\u0434\u044a\u0440\u0436\u0430\u043d\u0438 \u043c\u0435\u0436\u0434\u0443\u043d\u0430\u0440\u043e\u0434\u043d\u0438 \u0441\u0442\u0430\u043d\u0434\u0430\u0440\u0442\u0438 EN [&hellip;]<\/p>","protected":false},"author":1,"featured_media":0,"parent":25909,"menu_order":0,"comment_status":"closed","ping_status":"closed","template":"elementor_header_footer","meta":{"footnotes":""},"class_list":["post-25917","page","type-page","status-publish","hentry"],"yoast_head":"<!-- This site is optimized with the Yoast SEO plugin v27.1.1 - https:\/\/yoast.com\/product\/yoast-seo-wordpress\/ -->\n<title>\u041d\u0430\u0448\u0438\u0442\u0435 \u0441\u0442\u0430\u043d\u0434\u0430\u0440\u0442\u0438 \u0437\u0430 \u043a\u0430\u0447\u0435\u0441\u0442\u0432\u043e | Katarzyna Estate<\/title>\n<meta name=\"description\" content=\"\u041d\u0430\u0443\u0447\u0435\u0442\u0435 \u043a\u0430\u043a \u0433\u0430\u0440\u0430\u043d\u0442\u0438\u0440\u0430\u043c\u0435 \u0432\u0438\u0441\u043e\u043a\u043e \u043a\u0430\u0447\u0435\u0441\u0442\u0432\u043e \u0438 \u0431\u0435\u0437\u043e\u043f\u0430\u0441\u043d\u043e\u0441\u0442 \u2013 \u043e\u0442 \u043b\u043e\u0437\u044f\u0442\u0430 \u0434\u043e \u0431\u0443\u0442\u0438\u043b\u043a\u0430\u0442\u0430. \u0421\u0442\u0430\u043d\u0434\u0430\u0440\u0442\u0438, \u0441\u0435\u0440\u0442\u0438\u0444\u0438\u043a\u0430\u0442\u0438 \u0438 \u043e\u0442\u0433\u043e\u0432\u043e\u0440\u043d\u043e \u043f\u0440\u043e\u0438\u0437\u0432\u043e\u0434\u0441\u0442\u0432\u043e.\" \/>\n<meta name=\"robots\" content=\"index, follow, max-snippet:-1, max-image-preview:large, max-video-preview:-1\" \/>\n<link rel=\"canonical\" href=\"https:\/\/katarzyna.bg\/tr\/about-us\/quallity-and-safety\/\" \/>\n<meta property=\"og:locale\" content=\"tr_TR\" \/>\n<meta property=\"og:type\" content=\"article\" \/>\n<meta property=\"og:title\" content=\"\u041d\u0430\u0448\u0438\u0442\u0435 \u0441\u0442\u0430\u043d\u0434\u0430\u0440\u0442\u0438 \u0437\u0430 \u043a\u0430\u0447\u0435\u0441\u0442\u0432\u043e | Katarzyna Estate\" \/>\n<meta property=\"og:description\" content=\"\u041d\u0430\u0443\u0447\u0435\u0442\u0435 \u043a\u0430\u043a \u0433\u0430\u0440\u0430\u043d\u0442\u0438\u0440\u0430\u043c\u0435 \u0432\u0438\u0441\u043e\u043a\u043e \u043a\u0430\u0447\u0435\u0441\u0442\u0432\u043e \u0438 \u0431\u0435\u0437\u043e\u043f\u0430\u0441\u043d\u043e\u0441\u0442 \u2013 \u043e\u0442 \u043b\u043e\u0437\u044f\u0442\u0430 \u0434\u043e \u0431\u0443\u0442\u0438\u043b\u043a\u0430\u0442\u0430. \u0421\u0442\u0430\u043d\u0434\u0430\u0440\u0442\u0438, \u0441\u0435\u0440\u0442\u0438\u0444\u0438\u043a\u0430\u0442\u0438 \u0438 \u043e\u0442\u0433\u043e\u0432\u043e\u0440\u043d\u043e \u043f\u0440\u043e\u0438\u0437\u0432\u043e\u0434\u0441\u0442\u0432\u043e.\" \/>\n<meta property=\"og:url\" content=\"https:\/\/katarzyna.bg\/tr\/about-us\/quallity-and-safety\/\" \/>\n<meta property=\"og:site_name\" content=\"Katarzyna\" \/>\n<meta property=\"article:publisher\" content=\"https:\/\/www.facebook.com\/katarzynaestate\/\" \/>\n<meta property=\"article:modified_time\" content=\"2025-06-16T08:46:57+00:00\" \/>\n<meta property=\"og:image\" content=\"https:\/\/katarzyna.bg\/wp-content\/uploads\/2025\/04\/viber_image_2023-07-12_14-32-43-522-1.png\" \/>\n\t<meta property=\"og:image:width\" content=\"182\" \/>\n\t<meta property=\"og:image:height\" content=\"213\" \/>\n\t<meta property=\"og:image:type\" content=\"image\/png\" \/>\n<meta name=\"twitter:card\" content=\"summary_large_image\" \/>\n<meta name=\"twitter:label1\" content=\"Tahmini okuma s\u00fcresi\" \/>\n\t<meta name=\"twitter:data1\" content=\"1 dakika\" \/>\n<script type=\"application\/ld+json\" class=\"yoast-schema-graph\">{\"@context\":\"https:\/\/schema.org\",\"@graph\":[{\"@type\":\"WebPage\",\"@id\":\"https:\/\/katarzyna.bg\/about-us\/quallity-and-safety\/\",\"url\":\"https:\/\/katarzyna.bg\/about-us\/quallity-and-safety\/\",\"name\":\"\u041d\u0430\u0448\u0438\u0442\u0435 \u0441\u0442\u0430\u043d\u0434\u0430\u0440\u0442\u0438 \u0437\u0430 \u043a\u0430\u0447\u0435\u0441\u0442\u0432\u043e | Katarzyna Estate\",\"isPartOf\":{\"@id\":\"https:\/\/katarzyna.bg\/#website\"},\"primaryImageOfPage\":{\"@id\":\"https:\/\/katarzyna.bg\/about-us\/quallity-and-safety\/#primaryimage\"},\"image\":{\"@id\":\"https:\/\/katarzyna.bg\/about-us\/quallity-and-safety\/#primaryimage\"},\"thumbnailUrl\":\"https:\/\/katarzyna.bg\/wp-content\/uploads\/2025\/04\/viber_image_2023-07-12_14-32-43-522-1.png\",\"datePublished\":\"2025-04-07T09:38:05+00:00\",\"dateModified\":\"2025-06-16T08:46:57+00:00\",\"description\":\"\u041d\u0430\u0443\u0447\u0435\u0442\u0435 \u043a\u0430\u043a \u0433\u0430\u0440\u0430\u043d\u0442\u0438\u0440\u0430\u043c\u0435 \u0432\u0438\u0441\u043e\u043a\u043e \u043a\u0430\u0447\u0435\u0441\u0442\u0432\u043e \u0438 \u0431\u0435\u0437\u043e\u043f\u0430\u0441\u043d\u043e\u0441\u0442 \u2013 \u043e\u0442 \u043b\u043e\u0437\u044f\u0442\u0430 \u0434\u043e \u0431\u0443\u0442\u0438\u043b\u043a\u0430\u0442\u0430. \u0421\u0442\u0430\u043d\u0434\u0430\u0440\u0442\u0438, \u0441\u0435\u0440\u0442\u0438\u0444\u0438\u043a\u0430\u0442\u0438 \u0438 \u043e\u0442\u0433\u043e\u0432\u043e\u0440\u043d\u043e \u043f\u0440\u043e\u0438\u0437\u0432\u043e\u0434\u0441\u0442\u0432\u043e.\",\"breadcrumb\":{\"@id\":\"https:\/\/katarzyna.bg\/about-us\/quallity-and-safety\/#breadcrumb\"},\"inLanguage\":\"tr\",\"potentialAction\":[{\"@type\":\"ReadAction\",\"target\":[\"https:\/\/katarzyna.bg\/about-us\/quallity-and-safety\/\"]}]},{\"@type\":\"ImageObject\",\"inLanguage\":\"tr\",\"@id\":\"https:\/\/katarzyna.bg\/about-us\/quallity-and-safety\/#primaryimage\",\"url\":\"https:\/\/katarzyna.bg\/wp-content\/uploads\/2025\/04\/viber_image_2023-07-12_14-32-43-522-1.png\",\"contentUrl\":\"https:\/\/katarzyna.bg\/wp-content\/uploads\/2025\/04\/viber_image_2023-07-12_14-32-43-522-1.png\"},{\"@type\":\"BreadcrumbList\",\"@id\":\"https:\/\/katarzyna.bg\/about-us\/quallity-and-safety\/#breadcrumb\",\"itemListElement\":[{\"@type\":\"ListItem\",\"position\":1,\"name\":\"\u041d\u0430\u0447\u0430\u043b\u043e\",\"item\":\"https:\/\/katarzyna.bg\/\"},{\"@type\":\"ListItem\",\"position\":2,\"name\":\"\u0417\u0430 \u043d\u0430\u0441\",\"item\":\"https:\/\/katarzyna.bg\/about-us\/\"},{\"@type\":\"ListItem\",\"position\":3,\"name\":\"\u041a\u0430\u0447\u0435\u0441\u0442\u0432\u043e \u0438 \u0431\u0435\u0437\u043e\u043f\u0430\u0441\u043d\u043e\u0441\u0442\"}]},{\"@type\":\"WebSite\",\"@id\":\"https:\/\/katarzyna.bg\/#website\",\"url\":\"https:\/\/katarzyna.bg\/\",\"name\":\"Katarzyna\",\"description\":\"Katarzyna\",\"publisher\":{\"@id\":\"https:\/\/katarzyna.bg\/#organization\"},\"potentialAction\":[{\"@type\":\"SearchAction\",\"target\":{\"@type\":\"EntryPoint\",\"urlTemplate\":\"https:\/\/katarzyna.bg\/?s={search_term_string}\"},\"query-input\":{\"@type\":\"PropertyValueSpecification\",\"valueRequired\":true,\"valueName\":\"search_term_string\"}}],\"inLanguage\":\"tr\"},{\"@type\":\"Organization\",\"@id\":\"https:\/\/katarzyna.bg\/#organization\",\"name\":\"Katarzyna Estate\",\"url\":\"https:\/\/katarzyna.bg\/\",\"logo\":{\"@type\":\"ImageObject\",\"inLanguage\":\"tr\",\"@id\":\"https:\/\/katarzyna.bg\/#\/schema\/logo\/image\/\",\"url\":\"https:\/\/katarzyna.bg\/wp-content\/uploads\/2025\/03\/cropped-logo_grey-e1668669109649.png.webp\",\"contentUrl\":\"https:\/\/katarzyna.bg\/wp-content\/uploads\/2025\/03\/cropped-logo_grey-e1668669109649.png.webp\",\"width\":512,\"height\":512,\"caption\":\"Katarzyna Estate\"},\"image\":{\"@id\":\"https:\/\/katarzyna.bg\/#\/schema\/logo\/image\/\"},\"sameAs\":[\"https:\/\/www.facebook.com\/katarzynaestate\/\"]}]}<\/script>\n<!-- \/ Yoast SEO plugin. -->","yoast_head_json":{"title":"Kalite Standartlar\u0131m\u0131z | Katarzyna Estate","description":"Ba\u011flardan \u015fi\u015feye kadar y\u00fcksek kaliteyi ve g\u00fcvenli\u011fi nas\u0131l garanti etti\u011fimizi \u00f6\u011frenin. Standartlar, sertifikalar ve sorumlu \u00fcretim.","robots":{"index":"index","follow":"follow","max-snippet":"max-snippet:-1","max-image-preview":"max-image-preview:large","max-video-preview":"max-video-preview:-1"},"canonical":"https:\/\/katarzyna.bg\/tr\/about-us\/quallity-and-safety\/","og_locale":"tr_TR","og_type":"article","og_title":"\u041d\u0430\u0448\u0438\u0442\u0435 \u0441\u0442\u0430\u043d\u0434\u0430\u0440\u0442\u0438 \u0437\u0430 \u043a\u0430\u0447\u0435\u0441\u0442\u0432\u043e | Katarzyna Estate","og_description":"\u041d\u0430\u0443\u0447\u0435\u0442\u0435 \u043a\u0430\u043a \u0433\u0430\u0440\u0430\u043d\u0442\u0438\u0440\u0430\u043c\u0435 \u0432\u0438\u0441\u043e\u043a\u043e \u043a\u0430\u0447\u0435\u0441\u0442\u0432\u043e \u0438 \u0431\u0435\u0437\u043e\u043f\u0430\u0441\u043d\u043e\u0441\u0442 \u2013 \u043e\u0442 \u043b\u043e\u0437\u044f\u0442\u0430 \u0434\u043e \u0431\u0443\u0442\u0438\u043b\u043a\u0430\u0442\u0430. \u0421\u0442\u0430\u043d\u0434\u0430\u0440\u0442\u0438, \u0441\u0435\u0440\u0442\u0438\u0444\u0438\u043a\u0430\u0442\u0438 \u0438 \u043e\u0442\u0433\u043e\u0432\u043e\u0440\u043d\u043e \u043f\u0440\u043e\u0438\u0437\u0432\u043e\u0434\u0441\u0442\u0432\u043e.","og_url":"https:\/\/katarzyna.bg\/tr\/about-us\/quallity-and-safety\/","og_site_name":"Katarzyna","article_publisher":"https:\/\/www.facebook.com\/katarzynaestate\/","article_modified_time":"2025-06-16T08:46:57+00:00","og_image":[{"width":182,"height":213,"url":"https:\/\/katarzyna.bg\/wp-content\/uploads\/2025\/04\/viber_image_2023-07-12_14-32-43-522-1.png","type":"image\/png"}],"twitter_card":"summary_large_image","twitter_misc":{"Tahmini okuma s\u00fcresi":"1 dakika"},"schema":{"@context":"https:\/\/schema.org","@graph":[{"@type":"WebPage","@id":"https:\/\/katarzyna.bg\/about-us\/quallity-and-safety\/","url":"https:\/\/katarzyna.bg\/about-us\/quallity-and-safety\/","name":"Kalite Standartlar\u0131m\u0131z | Katarzyna Estate","isPartOf":{"@id":"https:\/\/katarzyna.bg\/#website"},"primaryImageOfPage":{"@id":"https:\/\/katarzyna.bg\/about-us\/quallity-and-safety\/#primaryimage"},"image":{"@id":"https:\/\/katarzyna.bg\/about-us\/quallity-and-safety\/#primaryimage"},"thumbnailUrl":"https:\/\/katarzyna.bg\/wp-content\/uploads\/2025\/04\/viber_image_2023-07-12_14-32-43-522-1.png","datePublished":"2025-04-07T09:38:05+00:00","dateModified":"2025-06-16T08:46:57+00:00","description":"Ba\u011flardan \u015fi\u015feye kadar y\u00fcksek kaliteyi ve g\u00fcvenli\u011fi nas\u0131l garanti etti\u011fimizi \u00f6\u011frenin. Standartlar, sertifikalar ve sorumlu \u00fcretim.","breadcrumb":{"@id":"https:\/\/katarzyna.bg\/about-us\/quallity-and-safety\/#breadcrumb"},"inLanguage":"tr","potentialAction":[{"@type":"ReadAction","target":["https:\/\/katarzyna.bg\/about-us\/quallity-and-safety\/"]}]},{"@type":"ImageObject","inLanguage":"tr","@id":"https:\/\/katarzyna.bg\/about-us\/quallity-and-safety\/#primaryimage","url":"https:\/\/katarzyna.bg\/wp-content\/uploads\/2025\/04\/viber_image_2023-07-12_14-32-43-522-1.png","contentUrl":"https:\/\/katarzyna.bg\/wp-content\/uploads\/2025\/04\/viber_image_2023-07-12_14-32-43-522-1.png"},{"@type":"BreadcrumbList","@id":"https:\/\/katarzyna.bg\/about-us\/quallity-and-safety\/#breadcrumb","itemListElement":[{"@type":"ListItem","position":1,"name":"\u041d\u0430\u0447\u0430\u043b\u043e","item":"https:\/\/katarzyna.bg\/"},{"@type":"ListItem","position":2,"name":"\u0417\u0430 \u043d\u0430\u0441","item":"https:\/\/katarzyna.bg\/about-us\/"},{"@type":"ListItem","position":3,"name":"\u041a\u0430\u0447\u0435\u0441\u0442\u0432\u043e \u0438 \u0431\u0435\u0437\u043e\u043f\u0430\u0441\u043d\u043e\u0441\u0442"}]},{"@type":"WebSite","@id":"https:\/\/katarzyna.bg\/#website","url":"https:\/\/katarzyna.bg\/","name":"Katarzyna","description":"Katarzyna","publisher":{"@id":"https:\/\/katarzyna.bg\/#organization"},"potentialAction":[{"@type":"SearchAction","target":{"@type":"EntryPoint","urlTemplate":"https:\/\/katarzyna.bg\/?s={search_term_string}"},"query-input":{"@type":"PropertyValueSpecification","valueRequired":true,"valueName":"search_term_string"}}],"inLanguage":"tr"},{"@type":"Organization","@id":"https:\/\/katarzyna.bg\/#organization","name":"Katarzyna Estate","url":"https:\/\/katarzyna.bg\/","logo":{"@type":"ImageObject","inLanguage":"tr","@id":"https:\/\/katarzyna.bg\/#\/schema\/logo\/image\/","url":"https:\/\/katarzyna.bg\/wp-content\/uploads\/2025\/03\/cropped-logo_grey-e1668669109649.png.webp","contentUrl":"https:\/\/katarzyna.bg\/wp-content\/uploads\/2025\/03\/cropped-logo_grey-e1668669109649.png.webp","width":512,"height":512,"caption":"Katarzyna Estate"},"image":{"@id":"https:\/\/katarzyna.bg\/#\/schema\/logo\/image\/"},"sameAs":["https:\/\/www.facebook.com\/katarzynaestate\/"]}]}},"_links":{"self":[{"href":"https:\/\/katarzyna.bg\/tr\/wp-json\/wp\/v2\/pages\/25917","targetHints":{"allow":["GET"]}}],"collection":[{"href":"https:\/\/katarzyna.bg\/tr\/wp-json\/wp\/v2\/pages"}],"about":[{"href":"https:\/\/katarzyna.bg\/tr\/wp-json\/wp\/v2\/types\/page"}],"author":[{"embeddable":true,"href":"https:\/\/katarzyna.bg\/tr\/wp-json\/wp\/v2\/users\/1"}],"replies":[{"embeddable":true,"href":"https:\/\/katarzyna.bg\/tr\/wp-json\/wp\/v2\/comments?post=25917"}],"version-history":[{"count":19,"href":"https:\/\/katarzyna.bg\/tr\/wp-json\/wp\/v2\/pages\/25917\/revisions"}],"predecessor-version":[{"id":27638,"href":"https:\/\/katarzyna.bg\/tr\/wp-json\/wp\/v2\/pages\/25917\/revisions\/27638"}],"up":[{"embeddable":true,"href":"https:\/\/katarzyna.bg\/tr\/wp-json\/wp\/v2\/pages\/25909"}],"wp:attachment":[{"href":"https:\/\/katarzyna.bg\/tr\/wp-json\/wp\/v2\/media?parent=25917"}],"curies":[{"name":"wp","href":"https:\/\/api.w.org\/{rel}","templated":true}]}}