{"id":27056,"date":"2025-05-14T10:03:18","date_gmt":"2025-05-14T10:03:18","guid":{"rendered":"https:\/\/new.katarzyna.bg\/?page_id=27056"},"modified":"2026-01-01T14:40:07","modified_gmt":"2026-01-01T14:40:07","slug":"spa-i-vinen-relaks","status":"publish","type":"page","link":"https:\/\/katarzyna.bg\/tr\/hotel\/reserve\/spa-i-vinen-relaks\/","title":{"rendered":"Hafta \u0130\u00e7i Paket"},"content":{"rendered":"<div data-elementor-type=\"wp-page\" data-elementor-id=\"27056\" class=\"elementor elementor-27056\" data-elementor-post-type=\"page\">\n\t\t\t\t<div class=\"elementor-element elementor-element-9418a1f e-flex e-con-boxed e-con e-parent\" data-id=\"9418a1f\" data-element_type=\"container\">\n\t\t\t\t\t<div class=\"e-con-inner\">\n\t\t<div class=\"elementor-element elementor-element-37c665c e-con-full e-flex e-con e-child\" data-id=\"37c665c\" data-element_type=\"container\">\n\t\t\t\t<div class=\"elementor-element elementor-element-95b1bcf elementor-widget elementor-widget-woocommerce-breadcrumb\" data-id=\"95b1bcf\" data-element_type=\"widget\" data-widget_type=\"woocommerce-breadcrumb.default\">\n\t\t\t\t<div class=\"elementor-widget-container\">\n\t\t\t\t\t<nav class=\"woocommerce-breadcrumb\" aria-label=\"Breadcrumb\" data-no-translation=\"\" data-trp-gettext=\"\">Ev<\/nav>\t\t\t\t<\/div>\n\t\t\t\t<\/div>\n\t\t\t\t<div class=\"elementor-element elementor-element-eb92b44 elementor-widget elementor-widget-heading\" data-id=\"eb92b44\" data-element_type=\"widget\" data-widget_type=\"heading.default\">\n\t\t\t\t<div class=\"elementor-widget-container\">\n\t\t\t\t\t<h1 class=\"elementor-heading-title elementor-size-default\">Hafta i\u00e7i paketi <br>SPA Deneyimi<\/h1>\t\t\t\t<\/div>\n\t\t\t\t<\/div>\n\t\t\t\t<div class=\"elementor-element elementor-element-78961c6 elementor-widget elementor-widget-text-editor\" data-id=\"78961c6\" data-element_type=\"widget\" data-widget_type=\"text-editor.default\">\n\t\t\t\t<div class=\"elementor-widget-container\">\n\t\t\t\t\t\t\t\t\t<table width=\"402\"><tbody><tr><td width=\"105\">ODA T\u0130P\u0130<\/td><td width=\"59\">M\u0130SAF\u0130R SAYISI<\/td><td width=\"116\">HAFTA \u0130\u00c7\u0130 GECEL\u0130K F\u0130YAT<\/td><td width=\"122\">HAFTA \u0130\u00c7\u0130 PAKET\u0130 \u2013 3 GECE<\/td><\/tr><tr><td width=\"105\">Classic room<\/td><td width=\"59\">1+0<\/td><td width=\"116\">189.69 \u20ac \/ 371 \u043b\u0432.<\/td><td width=\"122\">569.07 \u20ac \/ 1113 \u043b\u0432.\u00a0<\/td><\/tr><tr><td width=\"105\">Classic room<\/td><td width=\"59\">2+0<\/td><td width=\"116\">237.24 \u20ac \/ 464 \u043b\u0432.<\/td><td width=\"122\">711.72 \u20ac\u00a0\/ 1392 \u043b\u0432.<\/td><\/tr><tr><td width=\"105\">Superior oda<\/td><td width=\"59\">1+0<\/td><td width=\"116\">199.40 \u20ac \/ 390 \u043b\u0432.<\/td><td width=\"122\">598.21 \u20ac\u00a0\/ 1170 \u043b\u0432.<\/td><\/tr><tr><td width=\"105\">Superior oda<\/td><td width=\"59\">2+0<\/td><td width=\"116\">249.51 \u20ac \/ 488 \u043b\u0432.<\/td><td width=\"122\">748.53 \u20ac \/ 1464 \u043b\u0432.<\/td><\/tr><tr><td width=\"105\">Junior s\u00fcit<\/td><td width=\"59\">3+0<\/td><td width=\"116\">359.95 \u20ac \/ 704 \u043b\u0432.<\/td><td width=\"122\">1079.85 \u20ac\u00a0\/ 2112 \u043b\u0432.<\/td><\/tr><tr><td width=\"105\">Royal s\u00fcit<\/td><td width=\"59\">3+0<\/td><td width=\"116\">400.85 \u20ac \/ 784 \u043b\u0432.<\/td><td width=\"122\">1202.56 \u20ac \/ 2352 \u043b\u0432.<\/td><\/tr><tr><td width=\"105\">Ba\u015fkan daire<\/td><td width=\"59\">4+0<\/td><td width=\"116\">959.18 \u20ac \/ 1876 \u043b\u0432.<\/td><td width=\"122\">2877.55 \u20ac\u00a0\/ 5628 \u043b\u0432.<\/td><\/tr><tr><td colspan=\"4\" width=\"402\">*Fiyatlar, belirtilen misafir say\u0131s\u0131na g\u00f6re oda baz\u0131ndad\u0131r<\/td><\/tr><tr><td colspan=\"4\" width=\"402\">* T\u00fcm paket i\u00e7in giri\u015fte ek \u00f6deme<\/td><\/tr><tr><td width=\"105\">6 ya\u015f alt\u0131 \u00e7ocuk<\/td><td colspan=\"3\" width=\"297\">\u00fccretsiz<\/td><\/tr><tr><td width=\"105\">6 \u2013 11,99 ya\u015f aras\u0131 \u00e7ocuk<\/td><td colspan=\"3\" width=\"297\">61.36 \u20ac \/ 120 \u043b\u0432.<\/td><\/tr><tr><td width=\"105\">yeti\u015fkin\u00a0<\/td><td colspan=\"3\" width=\"297\">122.71 \u20ac \/ 240 \u043b\u0432.<\/td><\/tr><\/tbody><\/table>\t\t\t\t\t\t\t\t<\/div>\n\t\t\t\t<\/div>\n\t\t\t\t<\/div>\n\t\t<div class=\"elementor-element elementor-element-0d62804 e-con-full e-flex e-con e-child\" data-id=\"0d62804\" data-element_type=\"container\">\n\t\t\t\t<div class=\"elementor-element elementor-element-edb62f1 elementor-widget elementor-widget-image\" data-id=\"edb62f1\" data-element_type=\"widget\" data-widget_type=\"image.default\">\n\t\t\t\t<div class=\"elementor-widget-container\">\n\t\t\t\t\t\t\t\t\t\t\t\t\t\t\t\t<a href=\"https:\/\/katarzyna.bg\/tr\/booking\/\">\n\t\t\t\t\t\t\t<img fetchpriority=\"high\" decoding=\"async\" width=\"800\" height=\"734\" src=\"https:\/\/katarzyna.bg\/wp-content\/uploads\/2025\/07\/spa_banner-1024x939.jpg\" class=\"attachment-large size-large wp-image-27853\" alt=\"\" srcset=\"https:\/\/katarzyna.bg\/wp-content\/uploads\/2025\/07\/spa_banner-1024x939.jpg 1024w, https:\/\/katarzyna.bg\/wp-content\/uploads\/2025\/07\/spa_banner-300x275.jpg 300w, https:\/\/katarzyna.bg\/wp-content\/uploads\/2025\/07\/spa_banner-768x704.jpg 768w, https:\/\/katarzyna.bg\/wp-content\/uploads\/2025\/07\/spa_banner-13x12.jpg 13w, https:\/\/katarzyna.bg\/wp-content\/uploads\/2025\/07\/spa_banner-600x550.jpg 600w, https:\/\/katarzyna.bg\/wp-content\/uploads\/2025\/07\/spa_banner.jpg 1200w\" sizes=\"(max-width: 800px) 100vw, 800px\" \/>\t\t\t\t\t\t\t\t<\/a>\n\t\t\t\t\t\t\t\t\t\t\t\t\t\t\t<\/div>\n\t\t\t\t<\/div>\n\t\t\t\t<div class=\"elementor-element elementor-element-2afb239 elementor-widget elementor-widget-image\" data-id=\"2afb239\" data-element_type=\"widget\" data-widget_type=\"image.default\">\n\t\t\t\t<div class=\"elementor-widget-container\">\n\t\t\t\t\t\t\t\t\t\t\t\t\t\t\t<img decoding=\"async\" src=\"https:\/\/katarzyna.bg\/wp-content\/uploads\/2025\/07\/hotel_katarzyna_brown.png\" title=\"hotel_katarzyna_brown\" alt=\"hotel_katarzyna_brown\" loading=\"lazy\" \/>\t\t\t\t\t\t\t\t\t\t\t\t\t\t\t<\/div>\n\t\t\t\t<\/div>\n\t\t\t\t<\/div>\n\t\t\t\t\t<\/div>\n\t\t\t\t<\/div>\n\t\t<div class=\"elementor-element elementor-element-09ac971 e-grid e-con-boxed e-con e-parent\" data-id=\"09ac971\" data-element_type=\"container\">\n\t\t\t\t\t<div class=\"e-con-inner\">\n\t\t\t\t<div class=\"elementor-element elementor-element-cf07d56 elementor-widget elementor-widget-text-editor\" data-id=\"cf07d56\" data-element_type=\"widget\" data-widget_type=\"text-editor.default\">\n\t\t\t\t<div class=\"elementor-widget-container\">\n\t\t\t\t\t\t\t\t\t<p>\u00a0 Paket fiyat\u0131na dahil olanlar:<\/p><ul><li>HOTEL KATARZYNA &#8211; masaj Relax &#8211; 40 dakika &#8211; oda ba\u015f\u0131na bir adet<\/li><li>HOTEL KATARZYNA &#8211; masaj Antistres &#8211; 40 dakika &#8211; oda ba\u015f\u0131na bir adet<\/li><li>HOTEL KATARZYNA &#8211; masaj Aroma &#8211; 40 dakika &#8211; oda ba\u015f\u0131na bir adet<\/li><li>HOTEL KATARZYNA &#8211; odaya ho\u015fgeldiniz i\u00e7in \u015fi\u015fe \u015farap<\/li><li>KATARZYNA BRUT ile kar\u015f\u0131lama i\u00e7ece\u011fi<\/li><li>Kahvalt\u0131<\/li><li>SPA kullan\u0131m\u0131: buhar banyosu, sauna, jakuzi<\/li><li>Kapal\u0131 sonsuzluk havuzu<\/li><li>A\u00e7\u0131k sonsuzluk havuzu<\/li><li>Fitness<\/li><li>Kapal\u0131 \u00e7ocuk oyun alan\u0131<\/li><li>Oyun salonu &#8211; Yaln\u0131zca yeti\u015fkinler i\u00e7in<\/li><li>Otopark<\/li><\/ul>\t\t\t\t\t\t\t\t<\/div>\n\t\t\t\t<\/div>\n\t\t\t\t\t<\/div>\n\t\t\t\t<\/div>\n\t\t<div class=\"elementor-element elementor-element-be4d5d8 e-flex e-con-boxed e-con e-parent\" data-id=\"be4d5d8\" data-element_type=\"container\" data-settings=\"{&quot;background_background&quot;:&quot;classic&quot;}\">\n\t\t\t\t\t<div class=\"e-con-inner\">\n\t\t<div class=\"elementor-element elementor-element-32635f3 e-con-full e-flex e-con e-child\" data-id=\"32635f3\" data-element_type=\"container\">\n\t\t\t\t<div class=\"elementor-element elementor-element-5790b47 elementor-widget elementor-widget-heading\" data-id=\"5790b47\" data-element_type=\"widget\" data-widget_type=\"heading.default\">\n\t\t\t\t<div class=\"elementor-widget-container\">\n\t\t\t\t\t<h2 class=\"elementor-heading-title elementor-size-default\">\u015eimdi rezervasyon yap\u0131n<\/h2>\t\t\t\t<\/div>\n\t\t\t\t<\/div>\n\t\t\t\t<div class=\"elementor-element elementor-element-082d1cd elementor-widget elementor-widget-text-editor\" data-id=\"082d1cd\" data-element_type=\"widget\" data-widget_type=\"text-editor.default\">\n\t\t\t\t<div class=\"elementor-widget-container\">\n\t\t\t\t\t\t\t\t\t<p>Hotel Katarzyna\u2019da konaklaman\u0131z\u0131 bug\u00fcn rezerve edin ve konforun, huzurun ve kusursuz hizmetin tad\u0131n\u0131 \u00e7\u0131kar\u0131n!<\/p>\t\t\t\t\t\t\t\t<\/div>\n\t\t\t\t<\/div>\n\t\t\t\t<div class=\"elementor-element elementor-element-c423ae7 elementor-align-center elementor-widget__width-inherit elementor-widget elementor-widget-button\" data-id=\"c423ae7\" data-element_type=\"widget\" data-widget_type=\"button.default\">\n\t\t\t\t<div class=\"elementor-widget-container\">\n\t\t\t\t\t\t\t\t\t<div class=\"elementor-button-wrapper\">\n\t\t\t\t\t<a class=\"elementor-button elementor-button-link elementor-size-sm\" href=\"https:\/\/katarzyna.bg\/tr\/booking\/\">\n\t\t\t\t\t\t<span class=\"elementor-button-content-wrapper\">\n\t\t\t\t\t\t\t\t\t<span class=\"elementor-button-text\">Rezervasyon yap\u0131n<\/span>\n\t\t\t\t\t<\/span>\n\t\t\t\t\t<\/a>\n\t\t\t\t<\/div>\n\t\t\t\t\t\t\t\t<\/div>\n\t\t\t\t<\/div>\n\t\t\t\t<\/div>\n\t\t\t\t\t<\/div>\n\t\t\t\t<\/div>\n\t\t\t\t<\/div>","protected":false},"excerpt":{"rendered":"<p>\u0414\u0435\u043b\u043d\u0438\u0447\u0435\u043d \u043f\u0430\u043a\u0435\u0442 &#8222;\u0421\u041f\u0410 \u0438\u0437\u0436\u0438\u0432\u044f\u0432\u0430\u043d\u0435&#8220; \u0412\u0418\u0414 \u041f\u041e\u041c\u0415\u0429\u0415\u041d\u0418\u0415 \u0411\u0420\u041e\u0419 \u0413\u041e\u0421\u0422\u0418 \u0426\u0415\u041d\u0410 \u0417\u0410 \u041d\u041e\u0429\u0423\u0412\u041a\u0410 \u0414\u0415\u041b\u041d\u0418\u0427\u041d\u0418 \u0414\u041d\u0418 \u0414\u0415\u041b\u041d\u0418\u0427\u0415\u041d \u041f\u0410\u041a\u0415\u0422 3 \u041d\u041e\u0429\u0423\u0412\u041a\u0418 Classic room 1+0 189.69 \u20ac \/ 371 \u043b\u0432. 569.07 \u20ac \/ 1113 \u043b\u0432.\u00a0 Classic room 2+0 237.24 \u20ac \/ 464 \u043b\u0432. 711.72 \u20ac\u00a0\/ 1392 \u043b\u0432. Superior room 1+0 199.40 \u20ac \/ 390 \u043b\u0432. 598.21 \u20ac\u00a0\/ 1170 \u043b\u0432. Superior [&hellip;]<\/p>","protected":false},"author":1,"featured_media":0,"parent":25877,"menu_order":0,"comment_status":"closed","ping_status":"closed","template":"elementor_header_footer","meta":{"footnotes":""},"class_list":["post-27056","page","type-page","status-publish","hentry"],"yoast_head":"<!-- This site is optimized with the Yoast SEO plugin v27.1.1 - https:\/\/yoast.com\/product\/yoast-seo-wordpress\/ -->\n<title>\u0414\u0435\u043b\u043d\u0438\u0447\u0435\u043d \u043f\u0430\u043a\u0435\u0442 &quot;\u0421\u041f\u0410 \u0438\u0437\u0436\u0438\u0432\u044f\u0432\u0430\u043d\u0435&quot; \u0432 \u0425\u043e\u0442\u0435\u043b \u041a\u0430\u0442\u0430\u0440\u0436\u0438\u043d\u0430<\/title>\n<meta name=\"description\" content=\"\u041f\u043e\u0433\u043b\u0435\u0437\u0438 \u0441\u0435 \u0441\u044a\u0441 \u0421\u041f\u0410 \u0438 \u0432\u0438\u043d\u0435\u043d \u0440\u0435\u043b\u0430\u043a\u0441 \u0432 \u0425\u043e\u0442\u0435\u043b \u041a\u0430\u0442\u0430\u0440\u0436\u0438\u043d\u0430. \u041f\u0430\u043a\u0435\u0442 \u0441 \u0432\u043a\u043b\u044e\u0447\u0435\u043d\u0438 \u0434\u0435\u0433\u0443\u0441\u0442\u0430\u0446\u0438\u0438, \u0442\u0435\u0440\u0430\u043f\u0438\u0438 \u0438 \u043f\u044a\u043b\u043d\u043e\u0446\u0435\u043d\u043d\u0430 \u043f\u043e\u0447\u0438\u0432\u043a\u0430 \u0441\u0440\u0435\u0434 \u0435\u043b\u0435\u0433\u0430\u043d\u0442\u043d\u0430 \u0430\u0442\u043c\u043e\u0441\u0444\u0435\u0440\u0430.\" \/>\n<meta name=\"robots\" content=\"index, follow, max-snippet:-1, max-image-preview:large, max-video-preview:-1\" \/>\n<link rel=\"canonical\" href=\"https:\/\/katarzyna.bg\/tr\/hotel\/reserve\/spa-i-vinen-relaks\/\" \/>\n<meta property=\"og:locale\" content=\"tr_TR\" \/>\n<meta property=\"og:type\" content=\"article\" \/>\n<meta property=\"og:title\" content=\"\u0414\u0435\u043b\u043d\u0438\u0447\u0435\u043d \u043f\u0430\u043a\u0435\u0442 &quot;\u0421\u041f\u0410 \u0438\u0437\u0436\u0438\u0432\u044f\u0432\u0430\u043d\u0435&quot; \u0432 \u0425\u043e\u0442\u0435\u043b \u041a\u0430\u0442\u0430\u0440\u0436\u0438\u043d\u0430\" \/>\n<meta property=\"og:description\" content=\"\u041f\u043e\u0433\u043b\u0435\u0437\u0438 \u0441\u0435 \u0441\u044a\u0441 \u0421\u041f\u0410 \u0438 \u0432\u0438\u043d\u0435\u043d \u0440\u0435\u043b\u0430\u043a\u0441 \u0432 \u0425\u043e\u0442\u0435\u043b \u041a\u0430\u0442\u0430\u0440\u0436\u0438\u043d\u0430. \u041f\u0430\u043a\u0435\u0442 \u0441 \u0432\u043a\u043b\u044e\u0447\u0435\u043d\u0438 \u0434\u0435\u0433\u0443\u0441\u0442\u0430\u0446\u0438\u0438, \u0442\u0435\u0440\u0430\u043f\u0438\u0438 \u0438 \u043f\u044a\u043b\u043d\u043e\u0446\u0435\u043d\u043d\u0430 \u043f\u043e\u0447\u0438\u0432\u043a\u0430 \u0441\u0440\u0435\u0434 \u0435\u043b\u0435\u0433\u0430\u043d\u0442\u043d\u0430 \u0430\u0442\u043c\u043e\u0441\u0444\u0435\u0440\u0430.\" \/>\n<meta property=\"og:url\" content=\"https:\/\/katarzyna.bg\/tr\/hotel\/reserve\/spa-i-vinen-relaks\/\" \/>\n<meta property=\"og:site_name\" content=\"Katarzyna\" \/>\n<meta property=\"article:publisher\" content=\"https:\/\/www.facebook.com\/katarzynaestate\/\" \/>\n<meta property=\"article:modified_time\" content=\"2026-01-01T14:40:07+00:00\" \/>\n<meta property=\"og:image\" content=\"https:\/\/katarzyna.bg\/wp-content\/uploads\/2025\/07\/spa_banner.jpg\" \/>\n\t<meta property=\"og:image:width\" content=\"1200\" \/>\n\t<meta property=\"og:image:height\" content=\"1100\" \/>\n\t<meta property=\"og:image:type\" content=\"image\/jpeg\" \/>\n<meta name=\"twitter:card\" content=\"summary_large_image\" \/>\n<meta name=\"twitter:label1\" content=\"Tahmini okuma s\u00fcresi\" \/>\n\t<meta name=\"twitter:data1\" content=\"2 dakika\" \/>\n<script type=\"application\/ld+json\" class=\"yoast-schema-graph\">{\"@context\":\"https:\/\/schema.org\",\"@graph\":[{\"@type\":\"WebPage\",\"@id\":\"https:\/\/katarzyna.bg\/hotel\/reserve\/spa-i-vinen-relaks\/\",\"url\":\"https:\/\/katarzyna.bg\/hotel\/reserve\/spa-i-vinen-relaks\/\",\"name\":\"\u0414\u0435\u043b\u043d\u0438\u0447\u0435\u043d \u043f\u0430\u043a\u0435\u0442 \\\"\u0421\u041f\u0410 \u0438\u0437\u0436\u0438\u0432\u044f\u0432\u0430\u043d\u0435\\\" \u0432 \u0425\u043e\u0442\u0435\u043b \u041a\u0430\u0442\u0430\u0440\u0436\u0438\u043d\u0430\",\"isPartOf\":{\"@id\":\"https:\/\/katarzyna.bg\/#website\"},\"primaryImageOfPage\":{\"@id\":\"https:\/\/katarzyna.bg\/hotel\/reserve\/spa-i-vinen-relaks\/#primaryimage\"},\"image\":{\"@id\":\"https:\/\/katarzyna.bg\/hotel\/reserve\/spa-i-vinen-relaks\/#primaryimage\"},\"thumbnailUrl\":\"https:\/\/katarzyna.bg\/wp-content\/uploads\/2025\/07\/spa_banner-1024x939.jpg\",\"datePublished\":\"2025-05-14T10:03:18+00:00\",\"dateModified\":\"2026-01-01T14:40:07+00:00\",\"description\":\"\u041f\u043e\u0433\u043b\u0435\u0437\u0438 \u0441\u0435 \u0441\u044a\u0441 \u0421\u041f\u0410 \u0438 \u0432\u0438\u043d\u0435\u043d \u0440\u0435\u043b\u0430\u043a\u0441 \u0432 \u0425\u043e\u0442\u0435\u043b \u041a\u0430\u0442\u0430\u0440\u0436\u0438\u043d\u0430. \u041f\u0430\u043a\u0435\u0442 \u0441 \u0432\u043a\u043b\u044e\u0447\u0435\u043d\u0438 \u0434\u0435\u0433\u0443\u0441\u0442\u0430\u0446\u0438\u0438, \u0442\u0435\u0440\u0430\u043f\u0438\u0438 \u0438 \u043f\u044a\u043b\u043d\u043e\u0446\u0435\u043d\u043d\u0430 \u043f\u043e\u0447\u0438\u0432\u043a\u0430 \u0441\u0440\u0435\u0434 \u0435\u043b\u0435\u0433\u0430\u043d\u0442\u043d\u0430 \u0430\u0442\u043c\u043e\u0441\u0444\u0435\u0440\u0430.\",\"breadcrumb\":{\"@id\":\"https:\/\/katarzyna.bg\/hotel\/reserve\/spa-i-vinen-relaks\/#breadcrumb\"},\"inLanguage\":\"tr\",\"potentialAction\":[{\"@type\":\"ReadAction\",\"target\":[\"https:\/\/katarzyna.bg\/hotel\/reserve\/spa-i-vinen-relaks\/\"]}]},{\"@type\":\"ImageObject\",\"inLanguage\":\"tr\",\"@id\":\"https:\/\/katarzyna.bg\/hotel\/reserve\/spa-i-vinen-relaks\/#primaryimage\",\"url\":\"https:\/\/katarzyna.bg\/wp-content\/uploads\/2025\/07\/spa_banner-1024x939.jpg\",\"contentUrl\":\"https:\/\/katarzyna.bg\/wp-content\/uploads\/2025\/07\/spa_banner-1024x939.jpg\"},{\"@type\":\"BreadcrumbList\",\"@id\":\"https:\/\/katarzyna.bg\/hotel\/reserve\/spa-i-vinen-relaks\/#breadcrumb\",\"itemListElement\":[{\"@type\":\"ListItem\",\"position\":1,\"name\":\"\u041d\u0430\u0447\u0430\u043b\u043e\",\"item\":\"https:\/\/katarzyna.bg\/\"},{\"@type\":\"ListItem\",\"position\":2,\"name\":\"\u0425\u043e\u0442\u0435\u043b\",\"item\":\"https:\/\/katarzyna.bg\/hotel\/\"},{\"@type\":\"ListItem\",\"position\":3,\"name\":\"\u0420\u0435\u0437\u0435\u0440\u0432\u0438\u0440\u0430\u0439\",\"item\":\"https:\/\/katarzyna.bg\/hotel\/reserve\/\"},{\"@type\":\"ListItem\",\"position\":4,\"name\":\"\u0414\u0415\u041b\u041d\u0418\u0427\u0415\u041d \u041f\u0410\u041a\u0415\u0422\"}]},{\"@type\":\"WebSite\",\"@id\":\"https:\/\/katarzyna.bg\/#website\",\"url\":\"https:\/\/katarzyna.bg\/\",\"name\":\"Katarzyna\",\"description\":\"Katarzyna\",\"publisher\":{\"@id\":\"https:\/\/katarzyna.bg\/#organization\"},\"potentialAction\":[{\"@type\":\"SearchAction\",\"target\":{\"@type\":\"EntryPoint\",\"urlTemplate\":\"https:\/\/katarzyna.bg\/?s={search_term_string}\"},\"query-input\":{\"@type\":\"PropertyValueSpecification\",\"valueRequired\":true,\"valueName\":\"search_term_string\"}}],\"inLanguage\":\"tr\"},{\"@type\":\"Organization\",\"@id\":\"https:\/\/katarzyna.bg\/#organization\",\"name\":\"Katarzyna Estate\",\"url\":\"https:\/\/katarzyna.bg\/\",\"logo\":{\"@type\":\"ImageObject\",\"inLanguage\":\"tr\",\"@id\":\"https:\/\/katarzyna.bg\/#\/schema\/logo\/image\/\",\"url\":\"https:\/\/katarzyna.bg\/wp-content\/uploads\/2025\/03\/cropped-logo_grey-e1668669109649.png.webp\",\"contentUrl\":\"https:\/\/katarzyna.bg\/wp-content\/uploads\/2025\/03\/cropped-logo_grey-e1668669109649.png.webp\",\"width\":512,\"height\":512,\"caption\":\"Katarzyna Estate\"},\"image\":{\"@id\":\"https:\/\/katarzyna.bg\/#\/schema\/logo\/image\/\"},\"sameAs\":[\"https:\/\/www.facebook.com\/katarzynaestate\/\"]}]}<\/script>\n<!-- \/ Yoast SEO plugin. -->","yoast_head_json":{"title":"Katarzyna Otel\u2019de \u201cSPA Deneyimi\u201d Hafta \u0130\u00e7i Paketi","description":"Katarzyna Otel\u2019de SPA ve \u015farap e\u015fli\u011finde rahatlaman\u0131n keyfini \u00e7\u0131kar. Tad\u0131mlar, terapiler ve zarif bir atmosferde tam bir dinlenme i\u00e7eren paket.","robots":{"index":"index","follow":"follow","max-snippet":"max-snippet:-1","max-image-preview":"max-image-preview:large","max-video-preview":"max-video-preview:-1"},"canonical":"https:\/\/katarzyna.bg\/tr\/hotel\/reserve\/spa-i-vinen-relaks\/","og_locale":"tr_TR","og_type":"article","og_title":"\u0414\u0435\u043b\u043d\u0438\u0447\u0435\u043d \u043f\u0430\u043a\u0435\u0442 \"\u0421\u041f\u0410 \u0438\u0437\u0436\u0438\u0432\u044f\u0432\u0430\u043d\u0435\" \u0432 \u0425\u043e\u0442\u0435\u043b \u041a\u0430\u0442\u0430\u0440\u0436\u0438\u043d\u0430","og_description":"\u041f\u043e\u0433\u043b\u0435\u0437\u0438 \u0441\u0435 \u0441\u044a\u0441 \u0421\u041f\u0410 \u0438 \u0432\u0438\u043d\u0435\u043d \u0440\u0435\u043b\u0430\u043a\u0441 \u0432 \u0425\u043e\u0442\u0435\u043b \u041a\u0430\u0442\u0430\u0440\u0436\u0438\u043d\u0430. \u041f\u0430\u043a\u0435\u0442 \u0441 \u0432\u043a\u043b\u044e\u0447\u0435\u043d\u0438 \u0434\u0435\u0433\u0443\u0441\u0442\u0430\u0446\u0438\u0438, \u0442\u0435\u0440\u0430\u043f\u0438\u0438 \u0438 \u043f\u044a\u043b\u043d\u043e\u0446\u0435\u043d\u043d\u0430 \u043f\u043e\u0447\u0438\u0432\u043a\u0430 \u0441\u0440\u0435\u0434 \u0435\u043b\u0435\u0433\u0430\u043d\u0442\u043d\u0430 \u0430\u0442\u043c\u043e\u0441\u0444\u0435\u0440\u0430.","og_url":"https:\/\/katarzyna.bg\/tr\/hotel\/reserve\/spa-i-vinen-relaks\/","og_site_name":"Katarzyna","article_publisher":"https:\/\/www.facebook.com\/katarzynaestate\/","article_modified_time":"2026-01-01T14:40:07+00:00","og_image":[{"width":1200,"height":1100,"url":"https:\/\/katarzyna.bg\/wp-content\/uploads\/2025\/07\/spa_banner.jpg","type":"image\/jpeg"}],"twitter_card":"summary_large_image","twitter_misc":{"Tahmini okuma s\u00fcresi":"2 dakika"},"schema":{"@context":"https:\/\/schema.org","@graph":[{"@type":"WebPage","@id":"https:\/\/katarzyna.bg\/hotel\/reserve\/spa-i-vinen-relaks\/","url":"https:\/\/katarzyna.bg\/hotel\/reserve\/spa-i-vinen-relaks\/","name":"Katarzyna Otel\u2019de \u201cSPA Deneyimi\u201d Hafta \u0130\u00e7i Paketi","isPartOf":{"@id":"https:\/\/katarzyna.bg\/#website"},"primaryImageOfPage":{"@id":"https:\/\/katarzyna.bg\/hotel\/reserve\/spa-i-vinen-relaks\/#primaryimage"},"image":{"@id":"https:\/\/katarzyna.bg\/hotel\/reserve\/spa-i-vinen-relaks\/#primaryimage"},"thumbnailUrl":"https:\/\/katarzyna.bg\/wp-content\/uploads\/2025\/07\/spa_banner-1024x939.jpg","datePublished":"2025-05-14T10:03:18+00:00","dateModified":"2026-01-01T14:40:07+00:00","description":"Katarzyna Otel\u2019de SPA ve \u015farap e\u015fli\u011finde rahatlaman\u0131n keyfini \u00e7\u0131kar. Tad\u0131mlar, terapiler ve zarif bir atmosferde tam bir dinlenme i\u00e7eren paket.","breadcrumb":{"@id":"https:\/\/katarzyna.bg\/hotel\/reserve\/spa-i-vinen-relaks\/#breadcrumb"},"inLanguage":"tr","potentialAction":[{"@type":"ReadAction","target":["https:\/\/katarzyna.bg\/hotel\/reserve\/spa-i-vinen-relaks\/"]}]},{"@type":"ImageObject","inLanguage":"tr","@id":"https:\/\/katarzyna.bg\/hotel\/reserve\/spa-i-vinen-relaks\/#primaryimage","url":"https:\/\/katarzyna.bg\/wp-content\/uploads\/2025\/07\/spa_banner-1024x939.jpg","contentUrl":"https:\/\/katarzyna.bg\/wp-content\/uploads\/2025\/07\/spa_banner-1024x939.jpg"},{"@type":"BreadcrumbList","@id":"https:\/\/katarzyna.bg\/hotel\/reserve\/spa-i-vinen-relaks\/#breadcrumb","itemListElement":[{"@type":"ListItem","position":1,"name":"\u041d\u0430\u0447\u0430\u043b\u043e","item":"https:\/\/katarzyna.bg\/"},{"@type":"ListItem","position":2,"name":"\u0425\u043e\u0442\u0435\u043b","item":"https:\/\/katarzyna.bg\/hotel\/"},{"@type":"ListItem","position":3,"name":"\u0420\u0435\u0437\u0435\u0440\u0432\u0438\u0440\u0430\u0439","item":"https:\/\/katarzyna.bg\/hotel\/reserve\/"},{"@type":"ListItem","position":4,"name":"\u0414\u0415\u041b\u041d\u0418\u0427\u0415\u041d \u041f\u0410\u041a\u0415\u0422"}]},{"@type":"WebSite","@id":"https:\/\/katarzyna.bg\/#website","url":"https:\/\/katarzyna.bg\/","name":"Katarzyna","description":"Katarzyna","publisher":{"@id":"https:\/\/katarzyna.bg\/#organization"},"potentialAction":[{"@type":"SearchAction","target":{"@type":"EntryPoint","urlTemplate":"https:\/\/katarzyna.bg\/?s={search_term_string}"},"query-input":{"@type":"PropertyValueSpecification","valueRequired":true,"valueName":"search_term_string"}}],"inLanguage":"tr"},{"@type":"Organization","@id":"https:\/\/katarzyna.bg\/#organization","name":"Katarzyna Estate","url":"https:\/\/katarzyna.bg\/","logo":{"@type":"ImageObject","inLanguage":"tr","@id":"https:\/\/katarzyna.bg\/#\/schema\/logo\/image\/","url":"https:\/\/katarzyna.bg\/wp-content\/uploads\/2025\/03\/cropped-logo_grey-e1668669109649.png.webp","contentUrl":"https:\/\/katarzyna.bg\/wp-content\/uploads\/2025\/03\/cropped-logo_grey-e1668669109649.png.webp","width":512,"height":512,"caption":"Katarzyna Estate"},"image":{"@id":"https:\/\/katarzyna.bg\/#\/schema\/logo\/image\/"},"sameAs":["https:\/\/www.facebook.com\/katarzynaestate\/"]}]}},"_links":{"self":[{"href":"https:\/\/katarzyna.bg\/tr\/wp-json\/wp\/v2\/pages\/27056","targetHints":{"allow":["GET"]}}],"collection":[{"href":"https:\/\/katarzyna.bg\/tr\/wp-json\/wp\/v2\/pages"}],"about":[{"href":"https:\/\/katarzyna.bg\/tr\/wp-json\/wp\/v2\/types\/page"}],"author":[{"embeddable":true,"href":"https:\/\/katarzyna.bg\/tr\/wp-json\/wp\/v2\/users\/1"}],"replies":[{"embeddable":true,"href":"https:\/\/katarzyna.bg\/tr\/wp-json\/wp\/v2\/comments?post=27056"}],"version-history":[{"count":88,"href":"https:\/\/katarzyna.bg\/tr\/wp-json\/wp\/v2\/pages\/27056\/revisions"}],"predecessor-version":[{"id":30128,"href":"https:\/\/katarzyna.bg\/tr\/wp-json\/wp\/v2\/pages\/27056\/revisions\/30128"}],"up":[{"embeddable":true,"href":"https:\/\/katarzyna.bg\/tr\/wp-json\/wp\/v2\/pages\/25877"}],"wp:attachment":[{"href":"https:\/\/katarzyna.bg\/tr\/wp-json\/wp\/v2\/media?parent=27056"}],"curies":[{"name":"wp","href":"https:\/\/api.w.org\/{rel}","templated":true}]}}