{"id":30920,"date":"2026-02-24T17:41:41","date_gmt":"2026-02-24T15:41:41","guid":{"rendered":"https:\/\/katarzyna.bg\/?page_id=30920"},"modified":"2026-02-25T16:48:37","modified_gmt":"2026-02-25T14:48:37","slug":"paket-velikden-2026","status":"publish","type":"page","link":"https:\/\/katarzyna.bg\/tr\/hotel\/reserve\/paket-velikden-2026\/","title":{"rendered":"\u041f\u0410\u041a\u0415\u0422 \u0412\u0415\u041b\u0418\u041a\u0414\u0415\u041d 2026"},"content":{"rendered":"<div data-elementor-type=\"wp-page\" data-elementor-id=\"30920\" class=\"elementor elementor-30920\" data-elementor-post-type=\"page\">\n\t\t\t\t<div class=\"elementor-element elementor-element-9418a1f e-flex e-con-boxed e-con e-parent\" data-id=\"9418a1f\" data-element_type=\"container\">\n\t\t\t\t\t<div class=\"e-con-inner\">\n\t\t<div class=\"elementor-element elementor-element-37c665c e-con-full e-flex e-con e-child\" data-id=\"37c665c\" data-element_type=\"container\">\n\t\t\t\t<div class=\"elementor-element elementor-element-95b1bcf elementor-widget elementor-widget-woocommerce-breadcrumb\" data-id=\"95b1bcf\" data-element_type=\"widget\" data-widget_type=\"woocommerce-breadcrumb.default\">\n\t\t\t\t<div class=\"elementor-widget-container\">\n\t\t\t\t\t<nav class=\"woocommerce-breadcrumb\" aria-label=\"Breadcrumb\" data-no-translation=\"\" data-trp-gettext=\"\">Ev<\/nav>\t\t\t\t<\/div>\n\t\t\t\t<\/div>\n\t\t\t\t<div class=\"elementor-element elementor-element-eb92b44 elementor-widget elementor-widget-heading\" data-id=\"eb92b44\" data-element_type=\"widget\" data-widget_type=\"heading.default\">\n\t\t\t\t<div class=\"elementor-widget-container\">\n\t\t\t\t\t<h1 class=\"elementor-heading-title elementor-size-default\">Paskalya Paketi 2026<\/h1>\t\t\t\t<\/div>\n\t\t\t\t<\/div>\n\t\t\t\t<div class=\"elementor-element elementor-element-78961c6 elementor-widget__width-initial elementor-widget elementor-widget-text-editor\" data-id=\"78961c6\" data-element_type=\"widget\" data-widget_type=\"text-editor.default\">\n\t\t\t\t<div class=\"elementor-widget-container\">\n\t\t\t\t\t\t\t\t\t<table width=\"391\"><tbody><tr><td width=\"219\">ODA T\u0130P\u0130\u00a0 \u00a0 \u00a0 \u00a0 \u00a0 \u00a0 \u00a0 \u00a0 \u00a0 \u00a0 \u00a0 \u00a0 \u00a0 \u00a0 \u00a0 \u00a0 \u00a0 \u00a0 \u00a0 \u00a0 \u00a0 \u00a0 \u00a0<\/td><td width=\"73\">Misafir Say\u0131s\u0131<\/td><td width=\"99\">2 gecelik oda paketi<\/td><\/tr><tr><td>Classic<\/td><td>1+0<\/td><td>710 \u20ac \/ 1389 BGN<\/td><\/tr><tr><td>Classic<\/td><td>2+0<\/td><td>1065 \u20ac \/ 2082 BGN<\/td><\/tr><tr><td>Superior<\/td><td>1+0<\/td><td>735 \u20ac \/ 1437 BGN<\/td><\/tr><tr><td>Superior<\/td><td>2+0<\/td><td>1094 \u20ac \/ 2140 BGN<\/td><\/tr><tr><td>Junior s\u00fcit<\/td><td>2+0<\/td><td>1371 \u20ac \/ 2682 BGN<\/td><\/tr><tr><td>Junior s\u00fcit<\/td><td>2+1<\/td><td>1607 \u20ac \/ 3143 \u043b\u0432<\/td><\/tr><tr><td>Royal s\u00fcit<\/td><td>2+0<\/td><td>1474 \u20ac \/ 2882 BGN<\/td><\/tr><tr><td>Royal s\u00fcit<\/td><td>2+1<\/td><td>1709 \u20ac \/ 3343 BGN<\/td><\/tr><tr><td>Ba\u015fkan daire<\/td><td>2+2<\/td><td>3103 \u20ac \/ 6096 BGN<\/td><\/tr><\/tbody><\/table><table width=\"323\"><tbody><tr><td colspan=\"3\">*Fiyatlar, belirtilen misafir say\u0131s\u0131na g\u00f6re oda baz\u0131ndad\u0131r<\/td><\/tr><tr><td colspan=\"3\">T\u00fcm paket i\u00e7in check-in s\u0131ras\u0131nda ek \u00f6deme<\/td><\/tr><tr><td width=\"124\">6 ya\u015f alt\u0131 \u00e7ocuk<\/td><td colspan=\"2\" width=\"199\">\u00fccretsiz<\/td><\/tr><tr><td width=\"124\">6\u201311,99 ya\u015f aras\u0131 \u00e7ocuk<\/td><td colspan=\"2\" width=\"199\">152\u20ac \/ 297.29 BGN<\/td><\/tr><tr><td width=\"124\">12 ya\u015f \u00fczeri \u00e7ocuk veya yeti\u015fkin<\/td><td colspan=\"2\" width=\"199\">318 \u20ac \/ 621.95 BGN\u00a0<\/td><\/tr><\/tbody><\/table>\t\t\t\t\t\t\t\t<\/div>\n\t\t\t\t<\/div>\n\t\t\t\t<\/div>\n\t\t<div class=\"elementor-element elementor-element-0d62804 e-con-full e-flex e-con e-child\" data-id=\"0d62804\" data-element_type=\"container\">\n\t\t\t\t<div class=\"elementor-element elementor-element-edb62f1 elementor-widget__width-initial elementor-widget elementor-widget-image\" data-id=\"edb62f1\" data-element_type=\"widget\" data-widget_type=\"image.default\">\n\t\t\t\t<div class=\"elementor-widget-container\">\n\t\t\t\t\t\t\t\t\t\t\t\t\t\t\t\t<a href=\"https:\/\/katarzyna.bg\/tr\/booking\/\">\n\t\t\t\t\t\t\t<img fetchpriority=\"high\" decoding=\"async\" width=\"683\" height=\"1024\" src=\"https:\/\/katarzyna.bg\/wp-content\/uploads\/2026\/02\/a65b5560-683x1024.jpeg\" class=\"attachment-large size-large wp-image-30978\" alt=\"\" srcset=\"https:\/\/katarzyna.bg\/wp-content\/uploads\/2026\/02\/a65b5560-683x1024.jpeg 683w, https:\/\/katarzyna.bg\/wp-content\/uploads\/2026\/02\/a65b5560-200x300.jpeg 200w, https:\/\/katarzyna.bg\/wp-content\/uploads\/2026\/02\/a65b5560-768x1152.jpeg 768w, https:\/\/katarzyna.bg\/wp-content\/uploads\/2026\/02\/a65b5560-1024x1536.jpeg 1024w, https:\/\/katarzyna.bg\/wp-content\/uploads\/2026\/02\/a65b5560-1365x2048.jpeg 1365w, https:\/\/katarzyna.bg\/wp-content\/uploads\/2026\/02\/a65b5560-8x12.jpeg 8w, https:\/\/katarzyna.bg\/wp-content\/uploads\/2026\/02\/a65b5560-600x900.jpeg 600w, https:\/\/katarzyna.bg\/wp-content\/uploads\/2026\/02\/a65b5560-64x96.jpeg 64w, https:\/\/katarzyna.bg\/wp-content\/uploads\/2026\/02\/a65b5560-scaled.jpeg 1707w\" sizes=\"(max-width: 683px) 100vw, 683px\" \/>\t\t\t\t\t\t\t\t<\/a>\n\t\t\t\t\t\t\t\t\t\t\t\t\t\t\t<\/div>\n\t\t\t\t<\/div>\n\t\t\t\t<div class=\"elementor-element elementor-element-2afb239 elementor-widget elementor-widget-image\" data-id=\"2afb239\" data-element_type=\"widget\" data-widget_type=\"image.default\">\n\t\t\t\t<div class=\"elementor-widget-container\">\n\t\t\t\t\t\t\t\t\t\t\t\t\t\t\t<img decoding=\"async\" src=\"https:\/\/katarzyna.bg\/wp-content\/uploads\/2025\/07\/hotel_katarzyna_brown.png\" title=\"hotel_katarzyna_brown\" alt=\"hotel_katarzyna_brown\" loading=\"lazy\" \/>\t\t\t\t\t\t\t\t\t\t\t\t\t\t\t<\/div>\n\t\t\t\t<\/div>\n\t\t\t\t<\/div>\n\t\t\t\t\t<\/div>\n\t\t\t\t<\/div>\n\t\t<div class=\"elementor-element elementor-element-09ac971 e-grid e-con-boxed e-con e-parent\" data-id=\"09ac971\" data-element_type=\"container\">\n\t\t\t\t\t<div class=\"e-con-inner\">\n\t\t\t\t<div class=\"elementor-element elementor-element-cf07d56 elementor-widget elementor-widget-text-editor\" data-id=\"cf07d56\" data-element_type=\"widget\" data-widget_type=\"text-editor.default\">\n\t\t\t\t<div class=\"elementor-widget-container\">\n\t\t\t\t\t\t\t\t\t<p>Paket fiyat\u0131na dahil olanlar:<\/p><ul><li>2 gece kahvalt\u0131 d\u00e2hil<\/li><li>Welcome drink<\/li><li>2 kutlama yeme\u011fi, canl\u0131 m\u00fczik ve DJ program\u0131 ile<\/li><li>Kutlama at\u00f6lyeleri \u2013 yumurta boyama ve kurabiye pi\u015firme<\/li><li>\u015earap turu<\/li><li>\u015earap tad\u0131m\u0131<\/li><li>SPA &amp; Wellness kullan\u0131m hakk\u0131<\/li><li>Fitness<\/li><li>Kapal\u0131 \u00e7ocuk oyun alan\u0131<\/li><li>Oyun salonu &#8211; Yaln\u0131zca yeti\u015fkinler i\u00e7in<\/li><li>Her odada ikram \u015fi\u015fe \u015farap<\/li><li>Otopark<\/li><\/ul><p>\u00a0<\/p><p><strong>PROGRAM:<\/strong><\/p><p><span style=\"text-decoration: underline;\"><em>10.04.2026 \u0433.<\/em><\/span><\/p><ul><li>20:00 \u2013 Kutsal Cuma yeme\u011fi ve DJ Stan taraf\u0131ndan m\u00fczik seti<\/li><li data-start=\"486\" data-end=\"685\">21:00 \u2013 Jacqueline Tarakchi\u2019nin \u00f6zel m\u00fczik performans\u0131 ile ak\u015fam<\/li><\/ul><p><span style=\"text-decoration: underline;\"><em>11.04.2026 \u0433.<\/em><\/span><\/p><ul><li>11:30 \u2013 Kutlama at\u00f6lyesi \u2013 yumurta boyama<\/li><li>15:00 \u2013 Paskalya kurabiyesi pi\u015firme<\/li><li>15:00 \u2013 \u015earaphanede \u015farap turu<\/li><li>16:30 \u2013 Otelde \u015farap tad\u0131m\u0131<\/li><li>20:00 \u2013 Kutlama Paskalya yeme\u011fi ve DJ Stan taraf\u0131ndan m\u00fczik seti<\/li><li>21:00 \u2013 Ralitsa Grudeva ve Vanessa Ilieva\u2019n\u0131n b\u00fcy\u00fcl\u00fc sesleri ile ak\u015fam<\/li><\/ul><p>\u00d6nceden rezervasyon yap\u0131larak en fazla 14 ki\u015filik VIP salonu kullan\u0131labilir.<\/p>\t\t\t\t\t\t\t\t<\/div>\n\t\t\t\t<\/div>\n\t\t\t\t\t<\/div>\n\t\t\t\t<\/div>\n\t\t<div class=\"elementor-element elementor-element-be4d5d8 e-flex e-con-boxed e-con e-parent\" data-id=\"be4d5d8\" data-element_type=\"container\" data-settings=\"{&quot;background_background&quot;:&quot;classic&quot;}\">\n\t\t\t\t\t<div class=\"e-con-inner\">\n\t\t<div class=\"elementor-element elementor-element-32635f3 e-con-full e-flex e-con e-child\" data-id=\"32635f3\" data-element_type=\"container\">\n\t\t\t\t<div class=\"elementor-element elementor-element-5790b47 elementor-widget elementor-widget-heading\" data-id=\"5790b47\" data-element_type=\"widget\" data-widget_type=\"heading.default\">\n\t\t\t\t<div class=\"elementor-widget-container\">\n\t\t\t\t\t<h2 class=\"elementor-heading-title elementor-size-default\">\u015eimdi rezervasyon yap\u0131n<\/h2>\t\t\t\t<\/div>\n\t\t\t\t<\/div>\n\t\t\t\t<div class=\"elementor-element elementor-element-082d1cd elementor-widget elementor-widget-text-editor\" data-id=\"082d1cd\" data-element_type=\"widget\" data-widget_type=\"text-editor.default\">\n\t\t\t\t<div class=\"elementor-widget-container\">\n\t\t\t\t\t\t\t\t\t<p>Hotel Katarzyna\u2019da konaklaman\u0131z\u0131 bug\u00fcn rezerve edin ve konforun, huzurun ve kusursuz hizmetin tad\u0131n\u0131 \u00e7\u0131kar\u0131n!<\/p>\t\t\t\t\t\t\t\t<\/div>\n\t\t\t\t<\/div>\n\t\t\t\t<div class=\"elementor-element elementor-element-c423ae7 elementor-align-center elementor-widget__width-inherit elementor-widget elementor-widget-button\" data-id=\"c423ae7\" data-element_type=\"widget\" data-widget_type=\"button.default\">\n\t\t\t\t<div class=\"elementor-widget-container\">\n\t\t\t\t\t\t\t\t\t<div class=\"elementor-button-wrapper\">\n\t\t\t\t\t<a class=\"elementor-button elementor-button-link elementor-size-sm\" href=\"https:\/\/katarzyna.bg\/tr\/booking\/\">\n\t\t\t\t\t\t<span class=\"elementor-button-content-wrapper\">\n\t\t\t\t\t\t\t\t\t<span class=\"elementor-button-text\">Rezervasyon yap\u0131n<\/span>\n\t\t\t\t\t<\/span>\n\t\t\t\t\t<\/a>\n\t\t\t\t<\/div>\n\t\t\t\t\t\t\t\t<\/div>\n\t\t\t\t<\/div>\n\t\t\t\t<\/div>\n\t\t\t\t\t<\/div>\n\t\t\t\t<\/div>\n\t\t\t\t<\/div>","protected":false},"excerpt":{"rendered":"<p>\u0412\u0435\u043b\u0438\u043a\u0434\u0435\u043d\u0441\u043a\u0430 \u0430\u0442\u043c\u043e\u0441\u0444\u0435\u0440\u0430, \u0441\u044a\u0447\u0435\u0442\u0430\u043d\u0430 \u0441 \u043f\u0440\u0430\u0437\u043d\u0438\u0447\u043d\u0438 \u0432\u0435\u0447\u0435\u0440\u0438, \u0431\u043e\u0433\u0430\u0442\u0430 \u043c\u0443\u0437\u0438\u043a\u0430\u043b\u043d\u0430 \u043f\u0440\u043e\u0433\u0440\u0430\u043c\u0430 \u0441 \u043c\u0430\u0433\u0438\u0447\u043d\u0438\u0442\u0435 \u0433\u043b\u0430\u0441\u043e\u0432\u0435 \u043d\u0430 \u0416\u0430\u043a\u043b\u0438\u043d \u0422\u0430\u0440\u0430\u043a\u0447\u0438, \u0420\u0430\u043b\u0438\u0446\u0430 \u0413\u0440\u0443\u0434\u0435\u0432\u0430 \u0438 \u0412\u0430\u043d\u0435\u0441\u0430 \u0418\u043b\u0438\u0435\u0432\u0430 \u0438 \u0438\u0437\u0438\u0441\u043a\u0430\u043d \u0432\u0438\u043d\u0435\u043d \u0430\u043a\u0446\u0435\u043d\u0442.<\/p>","protected":false},"author":8,"featured_media":0,"parent":25877,"menu_order":0,"comment_status":"closed","ping_status":"closed","template":"elementor_header_footer","meta":{"footnotes":""},"class_list":["post-30920","page","type-page","status-publish","hentry"],"yoast_head":"<!-- This site is optimized with the Yoast SEO plugin v27.1.1 - https:\/\/yoast.com\/product\/yoast-seo-wordpress\/ -->\n<title>\u041f\u0410\u041a\u0415\u0422 \u0412\u0415\u041b\u0418\u041a\u0414\u0415\u041d 2026<\/title>\n<meta name=\"description\" content=\"\u0412\u0435\u043b\u0438\u043a\u0434\u0435\u043d\u0441\u043a\u0430 \u0430\u0442\u043c\u043e\u0441\u0444\u0435\u0440\u0430, \u0441\u044a\u0447\u0435\u0442\u0430\u043d\u0430 \u0441 \u043f\u0440\u0430\u0437\u043d\u0438\u0447\u043d\u0438 \u0432\u0435\u0447\u0435\u0440\u0438, \u0431\u043e\u0433\u0430\u0442\u0430 \u043c\u0443\u0437\u0438\u043a\u0430\u043b\u043d\u0430 \u043f\u0440\u043e\u0433\u0440\u0430\u043c\u0430 \u0441 \u043c\u0430\u0433\u0438\u0447\u043d\u0438\u0442\u0435 \u0433\u043b\u0430\u0441\u043e\u0432\u0435 \u043d\u0430 \u0416\u0430\u043a\u043b\u0438\u043d \u0422\u0430\u0440\u0430\u043a\u0447\u0438, \u0420\u0430\u043b\u0438\u0446\u0430 \u0413\u0440\u0443\u0434\u0435\u0432\u0430 \u0438 \u0412\u0430\u043d\u0435\u0441\u0430 \u0418\u043b\u0438\u0435\u0432\u0430 \u0438 \u0438\u0437\u0438\u0441\u043a\u0430\u043d \u0432\u0438\u043d\u0435\u043d \u0430\u043a\u0446\u0435\u043d\u0442.\" \/>\n<meta name=\"robots\" content=\"index, follow, max-snippet:-1, max-image-preview:large, max-video-preview:-1\" \/>\n<link rel=\"canonical\" href=\"https:\/\/katarzyna.bg\/tr\/hotel\/reserve\/paket-velikden-2026\/\" \/>\n<meta property=\"og:locale\" content=\"tr_TR\" \/>\n<meta property=\"og:type\" content=\"article\" \/>\n<meta property=\"og:title\" content=\"\u041f\u0410\u041a\u0415\u0422 \u0412\u0415\u041b\u0418\u041a\u0414\u0415\u041d 2026\" \/>\n<meta property=\"og:description\" content=\"\u0412\u0435\u043b\u0438\u043a\u0434\u0435\u043d\u0441\u043a\u0430 \u0430\u0442\u043c\u043e\u0441\u0444\u0435\u0440\u0430, \u0441\u044a\u0447\u0435\u0442\u0430\u043d\u0430 \u0441 \u043f\u0440\u0430\u0437\u043d\u0438\u0447\u043d\u0438 \u0432\u0435\u0447\u0435\u0440\u0438, \u0431\u043e\u0433\u0430\u0442\u0430 \u043c\u0443\u0437\u0438\u043a\u0430\u043b\u043d\u0430 \u043f\u0440\u043e\u0433\u0440\u0430\u043c\u0430 \u0441 \u043c\u0430\u0433\u0438\u0447\u043d\u0438\u0442\u0435 \u0433\u043b\u0430\u0441\u043e\u0432\u0435 \u043d\u0430 \u0416\u0430\u043a\u043b\u0438\u043d \u0422\u0430\u0440\u0430\u043a\u0447\u0438, \u0420\u0430\u043b\u0438\u0446\u0430 \u0413\u0440\u0443\u0434\u0435\u0432\u0430 \u0438 \u0412\u0430\u043d\u0435\u0441\u0430 \u0418\u043b\u0438\u0435\u0432\u0430 \u0438 \u0438\u0437\u0438\u0441\u043a\u0430\u043d \u0432\u0438\u043d\u0435\u043d \u0430\u043a\u0446\u0435\u043d\u0442.\" \/>\n<meta property=\"og:url\" content=\"https:\/\/katarzyna.bg\/tr\/hotel\/reserve\/paket-velikden-2026\/\" \/>\n<meta property=\"og:site_name\" content=\"Katarzyna\" \/>\n<meta property=\"article:publisher\" content=\"https:\/\/www.facebook.com\/katarzynaestate\/\" \/>\n<meta property=\"article:modified_time\" content=\"2026-02-25T14:48:37+00:00\" \/>\n<meta property=\"og:image\" content=\"https:\/\/katarzyna.bg\/wp-content\/uploads\/2026\/02\/a65b5560-683x1024.jpeg\" \/>\n<meta name=\"twitter:card\" content=\"summary_large_image\" \/>\n<meta name=\"twitter:label1\" content=\"Tahmini okuma s\u00fcresi\" \/>\n\t<meta name=\"twitter:data1\" content=\"2 dakika\" \/>\n<script type=\"application\/ld+json\" class=\"yoast-schema-graph\">{\"@context\":\"https:\/\/schema.org\",\"@graph\":[{\"@type\":\"WebPage\",\"@id\":\"https:\/\/katarzyna.bg\/hotel\/reserve\/paket-velikden-2026\/\",\"url\":\"https:\/\/katarzyna.bg\/hotel\/reserve\/paket-velikden-2026\/\",\"name\":\"\u041f\u0410\u041a\u0415\u0422 \u0412\u0415\u041b\u0418\u041a\u0414\u0415\u041d 2026\",\"isPartOf\":{\"@id\":\"https:\/\/katarzyna.bg\/#website\"},\"primaryImageOfPage\":{\"@id\":\"https:\/\/katarzyna.bg\/hotel\/reserve\/paket-velikden-2026\/#primaryimage\"},\"image\":{\"@id\":\"https:\/\/katarzyna.bg\/hotel\/reserve\/paket-velikden-2026\/#primaryimage\"},\"thumbnailUrl\":\"https:\/\/katarzyna.bg\/wp-content\/uploads\/2026\/02\/a65b5560-683x1024.jpeg\",\"datePublished\":\"2026-02-24T15:41:41+00:00\",\"dateModified\":\"2026-02-25T14:48:37+00:00\",\"description\":\"\u0412\u0435\u043b\u0438\u043a\u0434\u0435\u043d\u0441\u043a\u0430 \u0430\u0442\u043c\u043e\u0441\u0444\u0435\u0440\u0430, \u0441\u044a\u0447\u0435\u0442\u0430\u043d\u0430 \u0441 \u043f\u0440\u0430\u0437\u043d\u0438\u0447\u043d\u0438 \u0432\u0435\u0447\u0435\u0440\u0438, \u0431\u043e\u0433\u0430\u0442\u0430 \u043c\u0443\u0437\u0438\u043a\u0430\u043b\u043d\u0430 \u043f\u0440\u043e\u0433\u0440\u0430\u043c\u0430 \u0441 \u043c\u0430\u0433\u0438\u0447\u043d\u0438\u0442\u0435 \u0433\u043b\u0430\u0441\u043e\u0432\u0435 \u043d\u0430 \u0416\u0430\u043a\u043b\u0438\u043d \u0422\u0430\u0440\u0430\u043a\u0447\u0438, \u0420\u0430\u043b\u0438\u0446\u0430 \u0413\u0440\u0443\u0434\u0435\u0432\u0430 \u0438 \u0412\u0430\u043d\u0435\u0441\u0430 \u0418\u043b\u0438\u0435\u0432\u0430 \u0438 \u0438\u0437\u0438\u0441\u043a\u0430\u043d \u0432\u0438\u043d\u0435\u043d \u0430\u043a\u0446\u0435\u043d\u0442.\",\"breadcrumb\":{\"@id\":\"https:\/\/katarzyna.bg\/hotel\/reserve\/paket-velikden-2026\/#breadcrumb\"},\"inLanguage\":\"tr\",\"potentialAction\":[{\"@type\":\"ReadAction\",\"target\":[\"https:\/\/katarzyna.bg\/hotel\/reserve\/paket-velikden-2026\/\"]}]},{\"@type\":\"ImageObject\",\"inLanguage\":\"tr\",\"@id\":\"https:\/\/katarzyna.bg\/hotel\/reserve\/paket-velikden-2026\/#primaryimage\",\"url\":\"https:\/\/katarzyna.bg\/wp-content\/uploads\/2026\/02\/a65b5560-683x1024.jpeg\",\"contentUrl\":\"https:\/\/katarzyna.bg\/wp-content\/uploads\/2026\/02\/a65b5560-683x1024.jpeg\"},{\"@type\":\"BreadcrumbList\",\"@id\":\"https:\/\/katarzyna.bg\/hotel\/reserve\/paket-velikden-2026\/#breadcrumb\",\"itemListElement\":[{\"@type\":\"ListItem\",\"position\":1,\"name\":\"\u041d\u0430\u0447\u0430\u043b\u043e\",\"item\":\"https:\/\/katarzyna.bg\/\"},{\"@type\":\"ListItem\",\"position\":2,\"name\":\"\u0425\u043e\u0442\u0435\u043b\",\"item\":\"https:\/\/katarzyna.bg\/hotel\/\"},{\"@type\":\"ListItem\",\"position\":3,\"name\":\"\u0420\u0435\u0437\u0435\u0440\u0432\u0438\u0440\u0430\u0439\",\"item\":\"https:\/\/katarzyna.bg\/hotel\/reserve\/\"},{\"@type\":\"ListItem\",\"position\":4,\"name\":\"\u041f\u0410\u041a\u0415\u0422 \u0412\u0415\u041b\u0418\u041a\u0414\u0415\u041d 2026\"}]},{\"@type\":\"WebSite\",\"@id\":\"https:\/\/katarzyna.bg\/#website\",\"url\":\"https:\/\/katarzyna.bg\/\",\"name\":\"Katarzyna\",\"description\":\"Katarzyna\",\"publisher\":{\"@id\":\"https:\/\/katarzyna.bg\/#organization\"},\"potentialAction\":[{\"@type\":\"SearchAction\",\"target\":{\"@type\":\"EntryPoint\",\"urlTemplate\":\"https:\/\/katarzyna.bg\/?s={search_term_string}\"},\"query-input\":{\"@type\":\"PropertyValueSpecification\",\"valueRequired\":true,\"valueName\":\"search_term_string\"}}],\"inLanguage\":\"tr\"},{\"@type\":\"Organization\",\"@id\":\"https:\/\/katarzyna.bg\/#organization\",\"name\":\"Katarzyna Estate\",\"url\":\"https:\/\/katarzyna.bg\/\",\"logo\":{\"@type\":\"ImageObject\",\"inLanguage\":\"tr\",\"@id\":\"https:\/\/katarzyna.bg\/#\/schema\/logo\/image\/\",\"url\":\"https:\/\/katarzyna.bg\/wp-content\/uploads\/2025\/03\/cropped-logo_grey-e1668669109649.png.webp\",\"contentUrl\":\"https:\/\/katarzyna.bg\/wp-content\/uploads\/2025\/03\/cropped-logo_grey-e1668669109649.png.webp\",\"width\":512,\"height\":512,\"caption\":\"Katarzyna Estate\"},\"image\":{\"@id\":\"https:\/\/katarzyna.bg\/#\/schema\/logo\/image\/\"},\"sameAs\":[\"https:\/\/www.facebook.com\/katarzynaestate\/\"]}]}<\/script>\n<!-- \/ Yoast SEO plugin. -->","yoast_head_json":{"title":"\u041f\u0410\u041a\u0415\u0422 \u0412\u0415\u041b\u0418\u041a\u0414\u0415\u041d 2026","description":"\u0412\u0435\u043b\u0438\u043a\u0434\u0435\u043d\u0441\u043a\u0430 \u0430\u0442\u043c\u043e\u0441\u0444\u0435\u0440\u0430, \u0441\u044a\u0447\u0435\u0442\u0430\u043d\u0430 \u0441 \u043f\u0440\u0430\u0437\u043d\u0438\u0447\u043d\u0438 \u0432\u0435\u0447\u0435\u0440\u0438, \u0431\u043e\u0433\u0430\u0442\u0430 \u043c\u0443\u0437\u0438\u043a\u0430\u043b\u043d\u0430 \u043f\u0440\u043e\u0433\u0440\u0430\u043c\u0430 \u0441 \u043c\u0430\u0433\u0438\u0447\u043d\u0438\u0442\u0435 \u0433\u043b\u0430\u0441\u043e\u0432\u0435 \u043d\u0430 \u0416\u0430\u043a\u043b\u0438\u043d \u0422\u0430\u0440\u0430\u043a\u0447\u0438, \u0420\u0430\u043b\u0438\u0446\u0430 \u0413\u0440\u0443\u0434\u0435\u0432\u0430 \u0438 \u0412\u0430\u043d\u0435\u0441\u0430 \u0418\u043b\u0438\u0435\u0432\u0430 \u0438 \u0438\u0437\u0438\u0441\u043a\u0430\u043d \u0432\u0438\u043d\u0435\u043d \u0430\u043a\u0446\u0435\u043d\u0442.","robots":{"index":"index","follow":"follow","max-snippet":"max-snippet:-1","max-image-preview":"max-image-preview:large","max-video-preview":"max-video-preview:-1"},"canonical":"https:\/\/katarzyna.bg\/tr\/hotel\/reserve\/paket-velikden-2026\/","og_locale":"tr_TR","og_type":"article","og_title":"\u041f\u0410\u041a\u0415\u0422 \u0412\u0415\u041b\u0418\u041a\u0414\u0415\u041d 2026","og_description":"\u0412\u0435\u043b\u0438\u043a\u0434\u0435\u043d\u0441\u043a\u0430 \u0430\u0442\u043c\u043e\u0441\u0444\u0435\u0440\u0430, \u0441\u044a\u0447\u0435\u0442\u0430\u043d\u0430 \u0441 \u043f\u0440\u0430\u0437\u043d\u0438\u0447\u043d\u0438 \u0432\u0435\u0447\u0435\u0440\u0438, \u0431\u043e\u0433\u0430\u0442\u0430 \u043c\u0443\u0437\u0438\u043a\u0430\u043b\u043d\u0430 \u043f\u0440\u043e\u0433\u0440\u0430\u043c\u0430 \u0441 \u043c\u0430\u0433\u0438\u0447\u043d\u0438\u0442\u0435 \u0433\u043b\u0430\u0441\u043e\u0432\u0435 \u043d\u0430 \u0416\u0430\u043a\u043b\u0438\u043d \u0422\u0430\u0440\u0430\u043a\u0447\u0438, \u0420\u0430\u043b\u0438\u0446\u0430 \u0413\u0440\u0443\u0434\u0435\u0432\u0430 \u0438 \u0412\u0430\u043d\u0435\u0441\u0430 \u0418\u043b\u0438\u0435\u0432\u0430 \u0438 \u0438\u0437\u0438\u0441\u043a\u0430\u043d \u0432\u0438\u043d\u0435\u043d \u0430\u043a\u0446\u0435\u043d\u0442.","og_url":"https:\/\/katarzyna.bg\/tr\/hotel\/reserve\/paket-velikden-2026\/","og_site_name":"Katarzyna","article_publisher":"https:\/\/www.facebook.com\/katarzynaestate\/","article_modified_time":"2026-02-25T14:48:37+00:00","og_image":[{"url":"https:\/\/katarzyna.bg\/wp-content\/uploads\/2026\/02\/a65b5560-683x1024.jpeg","type":"","width":"","height":""}],"twitter_card":"summary_large_image","twitter_misc":{"Tahmini okuma s\u00fcresi":"2 dakika"},"schema":{"@context":"https:\/\/schema.org","@graph":[{"@type":"WebPage","@id":"https:\/\/katarzyna.bg\/hotel\/reserve\/paket-velikden-2026\/","url":"https:\/\/katarzyna.bg\/hotel\/reserve\/paket-velikden-2026\/","name":"\u041f\u0410\u041a\u0415\u0422 \u0412\u0415\u041b\u0418\u041a\u0414\u0415\u041d 2026","isPartOf":{"@id":"https:\/\/katarzyna.bg\/#website"},"primaryImageOfPage":{"@id":"https:\/\/katarzyna.bg\/hotel\/reserve\/paket-velikden-2026\/#primaryimage"},"image":{"@id":"https:\/\/katarzyna.bg\/hotel\/reserve\/paket-velikden-2026\/#primaryimage"},"thumbnailUrl":"https:\/\/katarzyna.bg\/wp-content\/uploads\/2026\/02\/a65b5560-683x1024.jpeg","datePublished":"2026-02-24T15:41:41+00:00","dateModified":"2026-02-25T14:48:37+00:00","description":"\u0412\u0435\u043b\u0438\u043a\u0434\u0435\u043d\u0441\u043a\u0430 \u0430\u0442\u043c\u043e\u0441\u0444\u0435\u0440\u0430, \u0441\u044a\u0447\u0435\u0442\u0430\u043d\u0430 \u0441 \u043f\u0440\u0430\u0437\u043d\u0438\u0447\u043d\u0438 \u0432\u0435\u0447\u0435\u0440\u0438, \u0431\u043e\u0433\u0430\u0442\u0430 \u043c\u0443\u0437\u0438\u043a\u0430\u043b\u043d\u0430 \u043f\u0440\u043e\u0433\u0440\u0430\u043c\u0430 \u0441 \u043c\u0430\u0433\u0438\u0447\u043d\u0438\u0442\u0435 \u0433\u043b\u0430\u0441\u043e\u0432\u0435 \u043d\u0430 \u0416\u0430\u043a\u043b\u0438\u043d \u0422\u0430\u0440\u0430\u043a\u0447\u0438, \u0420\u0430\u043b\u0438\u0446\u0430 \u0413\u0440\u0443\u0434\u0435\u0432\u0430 \u0438 \u0412\u0430\u043d\u0435\u0441\u0430 \u0418\u043b\u0438\u0435\u0432\u0430 \u0438 \u0438\u0437\u0438\u0441\u043a\u0430\u043d \u0432\u0438\u043d\u0435\u043d \u0430\u043a\u0446\u0435\u043d\u0442.","breadcrumb":{"@id":"https:\/\/katarzyna.bg\/hotel\/reserve\/paket-velikden-2026\/#breadcrumb"},"inLanguage":"tr","potentialAction":[{"@type":"ReadAction","target":["https:\/\/katarzyna.bg\/hotel\/reserve\/paket-velikden-2026\/"]}]},{"@type":"ImageObject","inLanguage":"tr","@id":"https:\/\/katarzyna.bg\/hotel\/reserve\/paket-velikden-2026\/#primaryimage","url":"https:\/\/katarzyna.bg\/wp-content\/uploads\/2026\/02\/a65b5560-683x1024.jpeg","contentUrl":"https:\/\/katarzyna.bg\/wp-content\/uploads\/2026\/02\/a65b5560-683x1024.jpeg"},{"@type":"BreadcrumbList","@id":"https:\/\/katarzyna.bg\/hotel\/reserve\/paket-velikden-2026\/#breadcrumb","itemListElement":[{"@type":"ListItem","position":1,"name":"\u041d\u0430\u0447\u0430\u043b\u043e","item":"https:\/\/katarzyna.bg\/"},{"@type":"ListItem","position":2,"name":"\u0425\u043e\u0442\u0435\u043b","item":"https:\/\/katarzyna.bg\/hotel\/"},{"@type":"ListItem","position":3,"name":"\u0420\u0435\u0437\u0435\u0440\u0432\u0438\u0440\u0430\u0439","item":"https:\/\/katarzyna.bg\/hotel\/reserve\/"},{"@type":"ListItem","position":4,"name":"\u041f\u0410\u041a\u0415\u0422 \u0412\u0415\u041b\u0418\u041a\u0414\u0415\u041d 2026"}]},{"@type":"WebSite","@id":"https:\/\/katarzyna.bg\/#website","url":"https:\/\/katarzyna.bg\/","name":"Katarzyna","description":"Katarzyna","publisher":{"@id":"https:\/\/katarzyna.bg\/#organization"},"potentialAction":[{"@type":"SearchAction","target":{"@type":"EntryPoint","urlTemplate":"https:\/\/katarzyna.bg\/?s={search_term_string}"},"query-input":{"@type":"PropertyValueSpecification","valueRequired":true,"valueName":"search_term_string"}}],"inLanguage":"tr"},{"@type":"Organization","@id":"https:\/\/katarzyna.bg\/#organization","name":"Katarzyna Estate","url":"https:\/\/katarzyna.bg\/","logo":{"@type":"ImageObject","inLanguage":"tr","@id":"https:\/\/katarzyna.bg\/#\/schema\/logo\/image\/","url":"https:\/\/katarzyna.bg\/wp-content\/uploads\/2025\/03\/cropped-logo_grey-e1668669109649.png.webp","contentUrl":"https:\/\/katarzyna.bg\/wp-content\/uploads\/2025\/03\/cropped-logo_grey-e1668669109649.png.webp","width":512,"height":512,"caption":"Katarzyna Estate"},"image":{"@id":"https:\/\/katarzyna.bg\/#\/schema\/logo\/image\/"},"sameAs":["https:\/\/www.facebook.com\/katarzynaestate\/"]}]}},"_links":{"self":[{"href":"https:\/\/katarzyna.bg\/tr\/wp-json\/wp\/v2\/pages\/30920","targetHints":{"allow":["GET"]}}],"collection":[{"href":"https:\/\/katarzyna.bg\/tr\/wp-json\/wp\/v2\/pages"}],"about":[{"href":"https:\/\/katarzyna.bg\/tr\/wp-json\/wp\/v2\/types\/page"}],"author":[{"embeddable":true,"href":"https:\/\/katarzyna.bg\/tr\/wp-json\/wp\/v2\/users\/8"}],"replies":[{"embeddable":true,"href":"https:\/\/katarzyna.bg\/tr\/wp-json\/wp\/v2\/comments?post=30920"}],"version-history":[{"count":16,"href":"https:\/\/katarzyna.bg\/tr\/wp-json\/wp\/v2\/pages\/30920\/revisions"}],"predecessor-version":[{"id":30981,"href":"https:\/\/katarzyna.bg\/tr\/wp-json\/wp\/v2\/pages\/30920\/revisions\/30981"}],"up":[{"embeddable":true,"href":"https:\/\/katarzyna.bg\/tr\/wp-json\/wp\/v2\/pages\/25877"}],"wp:attachment":[{"href":"https:\/\/katarzyna.bg\/tr\/wp-json\/wp\/v2\/media?parent=30920"}],"curies":[{"name":"wp","href":"https:\/\/api.w.org\/{rel}","templated":true}]}}