{"id":26244,"date":"2022-02-22T14:40:08","date_gmt":"2022-02-22T14:40:08","guid":{"rendered":"https:\/\/new.katarzyna.bg\/?product=mezzek-cabernet-sauvignon-mavrud-2022-0-75"},"modified":"2026-02-04T16:24:00","modified_gmt":"2026-02-04T14:24:00","slug":"mezzek-cabernet-sauvignon-mavrud-2022-0-75","status":"publish","type":"product","link":"https:\/\/katarzyna.bg\/tr\/shop\/mezzek-cabernet-sauvignon-mavrud-2022-0-75\/","title":{"rendered":"MEZZEK Cabernet Sauvignon &#038; Mavrud 2024 0.75"},"content":{"rendered":"<p>MEZZEK serisindeki \u015faraplarla, teknologlar\u0131m\u0131z \u00e7e\u015fitlerin bireysel \u00f6zelliklerini daha da vurgulayarak yeni bir yorum sunuyorlar. \u015earaphanenin b\u00fcy\u00fck avantaj\u0131, ekiplerin farkl\u0131 kalite ve \u00f6zelliklere sahip \u00e7ok say\u0131da ba\u011f alan\u0131na sahip olmas\u0131d\u0131r, bu da ilgili \u00fcz\u00fcm \u00e7e\u015fidinin en iyi \u00fcz\u00fcmlerinin se\u00e7ilmesine olanak tan\u0131r.<\/p>\n<p>\u015earap, yo\u011fun ve yakut k\u0131rm\u0131z\u0131s\u0131 renge sahiptir. Zengin ve yo\u011fun aromas\u0131 baharatlar, k\u0131rm\u0131z\u0131 meyveler, toprak notalar\u0131 ve hafif odunsu tonlar i\u00e7erir. Tad\u0131nda dolgunluk ve denge, ho\u015f bir meyvemsi tatl\u0131l\u0131k ve kal\u0131c\u0131 bir biti\u015f vard\u0131r.<\/p>\n<p>Risotto, k\u0131rm\u0131z\u0131 etler veya baharatl\u0131 yemeklerle \u00e7ok iyi uyum sa\u011flar. T\u00fcketim i\u00e7in uygun s\u0131cakl\u0131k 18\u2070-20\u2070C\u2019dir.<\/p>","protected":false},"excerpt":{"rendered":"<p>\u0427\u0440\u0435\u0437 \u0432\u0438\u043d\u0430\u0442\u0430 \u043e\u0442 \u0441\u0435\u0440\u0438\u044f MEZZEK, \u0442\u0435\u0445\u043d\u043e\u043b\u043e\u0437\u0438\u0442\u0435 \u043d\u0438 \u043f\u0440\u0430\u0432\u044f\u0442 \u0435\u0434\u0438\u043d \u043d\u043e\u0432 \u043f\u0440\u043e\u0447\u0438\u0442 \u043d\u0430 \u0441\u043e\u0440\u0442\u043e\u0432\u0435\u0442\u0435 \u043a\u0430\u0442\u043e \u043f\u043e\u0434\u0447\u0435\u0440\u0442\u0430\u0432\u0430\u0442 \u043e\u0449\u0435 \u043f\u043e\u0432\u0435\u0447\u0435 \u0442\u0435\u0445\u043d\u0438\u0442\u0435 \u0438\u043d\u0434\u0438\u0432\u0438\u0434\u0443\u0430\u043b\u043d\u0438 \u0445\u0430\u0440\u0430\u043a\u0442\u0435\u0440\u0438\u0441\u0442\u0438\u043a\u0438. \u0413\u043e\u043b\u044f\u043c\u043e\u0442\u043e \u043f\u0440\u0435\u0434\u0438\u043c\u0441\u0442\u0432\u043e \u043d\u0430 \u0438\u0437\u0431\u0430\u0442\u0430 \u0435, \u0447\u0435 \u0435\u043a\u0438\u043f\u044a\u0442 \u0440\u0430\u0431\u043e\u0442\u0438 \u0438 \u0440\u0430\u0437\u043f\u043e\u043b\u0430\u0433\u0430 \u0441 \u043c\u043d\u043e\u0433\u043e \u0438 \u043d\u0430\u0439-\u0432\u0435\u0447\u0435 \u0440\u0430\u0437\u043b\u0438\u0447\u043d\u0438 \u043a\u0430\u0442\u043e \u043a\u0430\u0447\u0435\u0441\u0442\u0432\u0430 \u0438 \u0441\u043f\u0435\u0446\u0438\u0444\u0438\u043a\u0430 \u043f\u043b\u043e\u0449\u0438 \u0432 \u043b\u043e\u0437\u043e\u0432\u0438\u0442\u0435 \u043d\u0438 \u043c\u0430\u0441\u0438\u0432\u0438, \u043a\u043e\u0435\u0442\u043e \u0434\u0430\u0432\u0430 \u0432\u044a\u0437\u043c\u043e\u0436\u043d\u043e\u0441\u0442 \u0434\u0430 \u0441\u0435 \u043d\u0430\u043f\u0440\u0430\u0432\u0438 \u0441\u0435\u043b\u0435\u043a\u0442\u0438\u0440\u0430\u043d \u043f\u043e\u0434\u0431\u043e\u0440 \u043d\u0430 \u043d\u0430\u0439-\u0434\u043e\u0431\u0440\u043e\u0442\u043e \u0433\u0440\u043e\u0437\u0434\u0435 [&hellip;]<\/p>","protected":false},"featured_media":25322,"comment_status":"open","ping_status":"closed","template":"","meta":[],"product_brand":[],"product_cat":[21],"product_tag":[],"class_list":{"0":"post-26244","1":"product","2":"type-product","3":"status-publish","4":"has-post-thumbnail","6":"product_cat-cherveno-vino","7":"pa_marka-mezzek","8":"pa_razvasofka-075-l","9":"pa_rekolta-58","10":"pa_sort-cabernet-sauvignon","11":"pa_sort-mavrud","13":"first","14":"instock","15":"shipping-taxable","16":"purchasable","17":"product-type-simple"},"yoast_head":"<!-- This site is optimized with the Yoast SEO plugin v27.1.1 - https:\/\/yoast.com\/product\/yoast-seo-wordpress\/ -->\n<title>MEZZEK Cabernet Sauvignon &amp; Mavrud 2024 0.75 \u043e\u0442 \u0412\u0438\u043d\u0430\u0440\u043d\u0430 Katarzyna<\/title>\n<meta name=\"description\" content=\"\u041f\u043e\u0440\u044a\u0447\u0430\u0439 \u041e\u043d\u043b\u0430\u0439\u043d MEZZEK Cabernet Sauvignon &amp; Mavrud 2024 0.75 \u2b50 \u0422\u043e\u043f \u0426\u0435\u043d\u0430 \u2708 \u0411\u044a\u0440\u0437\u0430 \u0414\u043e\u0441\u0442\u0430\u0432\u043a\u0430 \u2705 \u041f\u0440\u043e\u0432\u0435\u0440\u043a\u0430 \u043d\u0430 \u041f\u0440\u0430\u0442\u043a\u0430\u0442\u0430 \u0438 \u041f\u0440\u0430\u0432\u043e \u043d\u0430 \u0412\u0440\u044a\u0449\u0430\u043d\u0435\" \/>\n<meta name=\"robots\" content=\"index, follow, max-snippet:-1, max-image-preview:large, max-video-preview:-1\" \/>\n<link rel=\"canonical\" href=\"https:\/\/katarzyna.bg\/tr\/shop\/mezzek-cabernet-sauvignon-mavrud-2022-0-75\/\" \/>\n<meta property=\"og:locale\" content=\"tr_TR\" \/>\n<meta property=\"og:type\" content=\"article\" \/>\n<meta property=\"og:title\" content=\"MEZZEK Cabernet Sauvignon &amp; Mavrud 2024 0.75 \u043e\u0442 \u0412\u0438\u043d\u0430\u0440\u043d\u0430 Katarzyna\" \/>\n<meta property=\"og:description\" content=\"\u041f\u043e\u0440\u044a\u0447\u0430\u0439 \u041e\u043d\u043b\u0430\u0439\u043d MEZZEK Cabernet Sauvignon &amp; Mavrud 2024 0.75 \u2b50 \u0422\u043e\u043f \u0426\u0435\u043d\u0430 \u2708 \u0411\u044a\u0440\u0437\u0430 \u0414\u043e\u0441\u0442\u0430\u0432\u043a\u0430 \u2705 \u041f\u0440\u043e\u0432\u0435\u0440\u043a\u0430 \u043d\u0430 \u041f\u0440\u0430\u0442\u043a\u0430\u0442\u0430 \u0438 \u041f\u0440\u0430\u0432\u043e \u043d\u0430 \u0412\u0440\u044a\u0449\u0430\u043d\u0435\" \/>\n<meta property=\"og:url\" content=\"https:\/\/katarzyna.bg\/tr\/shop\/mezzek-cabernet-sauvignon-mavrud-2022-0-75\/\" \/>\n<meta property=\"og:site_name\" content=\"Katarzyna\" \/>\n<meta property=\"article:publisher\" content=\"https:\/\/www.facebook.com\/katarzynaestate\/\" \/>\n<meta property=\"article:modified_time\" content=\"2026-02-04T14:24:00+00:00\" \/>\n<meta property=\"og:image\" content=\"https:\/\/katarzyna.bg\/wp-content\/uploads\/2025\/04\/MEZZEK_CS_MAV.png\" \/>\n\t<meta property=\"og:image:width\" content=\"1000\" \/>\n\t<meta property=\"og:image:height\" content=\"1240\" \/>\n\t<meta property=\"og:image:type\" content=\"image\/png\" \/>\n<meta name=\"twitter:card\" content=\"summary_large_image\" \/>\n<meta name=\"twitter:label1\" content=\"Tahmini okuma s\u00fcresi\" \/>\n\t<meta name=\"twitter:data1\" content=\"1 dakika\" \/>\n<script type=\"application\/ld+json\" class=\"yoast-schema-graph\">{\"@context\":\"https:\/\/schema.org\",\"@graph\":[{\"@type\":[\"WebPage\",\"ItemPage\"],\"@id\":\"https:\/\/katarzyna.bg\/shop\/mezzek-cabernet-sauvignon-mavrud-2022-0-75\/\",\"url\":\"https:\/\/katarzyna.bg\/shop\/mezzek-cabernet-sauvignon-mavrud-2022-0-75\/\",\"name\":\"MEZZEK Cabernet Sauvignon & Mavrud 2024 0.75 \u043e\u0442 \u0412\u0438\u043d\u0430\u0440\u043d\u0430 Katarzyna\",\"isPartOf\":{\"@id\":\"https:\/\/katarzyna.bg\/#website\"},\"primaryImageOfPage\":{\"@id\":\"https:\/\/katarzyna.bg\/shop\/mezzek-cabernet-sauvignon-mavrud-2022-0-75\/#primaryimage\"},\"image\":{\"@id\":\"https:\/\/katarzyna.bg\/shop\/mezzek-cabernet-sauvignon-mavrud-2022-0-75\/#primaryimage\"},\"thumbnailUrl\":\"https:\/\/katarzyna.bg\/wp-content\/uploads\/2025\/04\/MEZZEK_CS_MAV.png\",\"datePublished\":\"2022-02-22T14:40:08+00:00\",\"dateModified\":\"2026-02-04T14:24:00+00:00\",\"description\":\"\u041f\u043e\u0440\u044a\u0447\u0430\u0439 \u041e\u043d\u043b\u0430\u0439\u043d MEZZEK Cabernet Sauvignon & Mavrud 2024 0.75 \u2b50 \u0422\u043e\u043f \u0426\u0435\u043d\u0430 \u2708 \u0411\u044a\u0440\u0437\u0430 \u0414\u043e\u0441\u0442\u0430\u0432\u043a\u0430 \u2705 \u041f\u0440\u043e\u0432\u0435\u0440\u043a\u0430 \u043d\u0430 \u041f\u0440\u0430\u0442\u043a\u0430\u0442\u0430 \u0438 \u041f\u0440\u0430\u0432\u043e \u043d\u0430 \u0412\u0440\u044a\u0449\u0430\u043d\u0435\",\"breadcrumb\":{\"@id\":\"https:\/\/katarzyna.bg\/shop\/mezzek-cabernet-sauvignon-mavrud-2022-0-75\/#breadcrumb\"},\"inLanguage\":\"tr\",\"potentialAction\":[{\"@type\":\"ReadAction\",\"target\":[\"https:\/\/katarzyna.bg\/shop\/mezzek-cabernet-sauvignon-mavrud-2022-0-75\/\"]}]},{\"@type\":\"ImageObject\",\"inLanguage\":\"tr\",\"@id\":\"https:\/\/katarzyna.bg\/shop\/mezzek-cabernet-sauvignon-mavrud-2022-0-75\/#primaryimage\",\"url\":\"https:\/\/katarzyna.bg\/wp-content\/uploads\/2025\/04\/MEZZEK_CS_MAV.png\",\"contentUrl\":\"https:\/\/katarzyna.bg\/wp-content\/uploads\/2025\/04\/MEZZEK_CS_MAV.png\",\"width\":1000,\"height\":1240},{\"@type\":\"BreadcrumbList\",\"@id\":\"https:\/\/katarzyna.bg\/shop\/mezzek-cabernet-sauvignon-mavrud-2022-0-75\/#breadcrumb\",\"itemListElement\":[{\"@type\":\"ListItem\",\"position\":1,\"name\":\"\u041d\u0430\u0447\u0430\u043b\u043e\",\"item\":\"https:\/\/katarzyna.bg\/\"},{\"@type\":\"ListItem\",\"position\":2,\"name\":\"\u041e\u043d\u043b\u0430\u0439\u043d \u041c\u0430\u0433\u0430\u0437\u0438\u043d\",\"item\":\"https:\/\/katarzyna.bg\/shop\/\"},{\"@type\":\"ListItem\",\"position\":3,\"name\":\"MEZZEK Cabernet Sauvignon &#038; Mavrud 2024 0.75\"}]},{\"@type\":\"WebSite\",\"@id\":\"https:\/\/katarzyna.bg\/#website\",\"url\":\"https:\/\/katarzyna.bg\/\",\"name\":\"Katarzyna\",\"description\":\"Katarzyna\",\"publisher\":{\"@id\":\"https:\/\/katarzyna.bg\/#organization\"},\"potentialAction\":[{\"@type\":\"SearchAction\",\"target\":{\"@type\":\"EntryPoint\",\"urlTemplate\":\"https:\/\/katarzyna.bg\/?s={search_term_string}\"},\"query-input\":{\"@type\":\"PropertyValueSpecification\",\"valueRequired\":true,\"valueName\":\"search_term_string\"}}],\"inLanguage\":\"tr\"},{\"@type\":\"Organization\",\"@id\":\"https:\/\/katarzyna.bg\/#organization\",\"name\":\"Katarzyna Estate\",\"url\":\"https:\/\/katarzyna.bg\/\",\"logo\":{\"@type\":\"ImageObject\",\"inLanguage\":\"tr\",\"@id\":\"https:\/\/katarzyna.bg\/#\/schema\/logo\/image\/\",\"url\":\"https:\/\/katarzyna.bg\/wp-content\/uploads\/2025\/03\/cropped-logo_grey-e1668669109649.png.webp\",\"contentUrl\":\"https:\/\/katarzyna.bg\/wp-content\/uploads\/2025\/03\/cropped-logo_grey-e1668669109649.png.webp\",\"width\":512,\"height\":512,\"caption\":\"Katarzyna Estate\"},\"image\":{\"@id\":\"https:\/\/katarzyna.bg\/#\/schema\/logo\/image\/\"},\"sameAs\":[\"https:\/\/www.facebook.com\/katarzynaestate\/\"]}]}<\/script>\n<!-- \/ Yoast SEO plugin. -->","yoast_head_json":{"title":"Katarzyna \u015earap Evi\u2019nden MEZZEK Cabernet Sauvignon &amp; Mavrud 2024 0,75 L","description":"Online Sipari\u015f: MEZZEK Cabernet Sauvignon &amp; Mavrud 2024 0,75 L \u2b50 En \u0130yi Fiyat \u2708 H\u0131zl\u0131 Teslimat \u2705 Kargo Kontrol\u00fc ve \u0130ade Hakk\u0131","robots":{"index":"index","follow":"follow","max-snippet":"max-snippet:-1","max-image-preview":"max-image-preview:large","max-video-preview":"max-video-preview:-1"},"canonical":"https:\/\/katarzyna.bg\/tr\/shop\/mezzek-cabernet-sauvignon-mavrud-2022-0-75\/","og_locale":"tr_TR","og_type":"article","og_title":"MEZZEK Cabernet Sauvignon & Mavrud 2024 0.75 \u043e\u0442 \u0412\u0438\u043d\u0430\u0440\u043d\u0430 Katarzyna","og_description":"\u041f\u043e\u0440\u044a\u0447\u0430\u0439 \u041e\u043d\u043b\u0430\u0439\u043d MEZZEK Cabernet Sauvignon & Mavrud 2024 0.75 \u2b50 \u0422\u043e\u043f \u0426\u0435\u043d\u0430 \u2708 \u0411\u044a\u0440\u0437\u0430 \u0414\u043e\u0441\u0442\u0430\u0432\u043a\u0430 \u2705 \u041f\u0440\u043e\u0432\u0435\u0440\u043a\u0430 \u043d\u0430 \u041f\u0440\u0430\u0442\u043a\u0430\u0442\u0430 \u0438 \u041f\u0440\u0430\u0432\u043e \u043d\u0430 \u0412\u0440\u044a\u0449\u0430\u043d\u0435","og_url":"https:\/\/katarzyna.bg\/tr\/shop\/mezzek-cabernet-sauvignon-mavrud-2022-0-75\/","og_site_name":"Katarzyna","article_publisher":"https:\/\/www.facebook.com\/katarzynaestate\/","article_modified_time":"2026-02-04T14:24:00+00:00","og_image":[{"width":1000,"height":1240,"url":"https:\/\/katarzyna.bg\/wp-content\/uploads\/2025\/04\/MEZZEK_CS_MAV.png","type":"image\/png"}],"twitter_card":"summary_large_image","twitter_misc":{"Tahmini okuma s\u00fcresi":"1 dakika"},"schema":{"@context":"https:\/\/schema.org","@graph":[{"@type":["WebPage","ItemPage"],"@id":"https:\/\/katarzyna.bg\/shop\/mezzek-cabernet-sauvignon-mavrud-2022-0-75\/","url":"https:\/\/katarzyna.bg\/shop\/mezzek-cabernet-sauvignon-mavrud-2022-0-75\/","name":"Katarzyna \u015earap Evi\u2019nden MEZZEK Cabernet Sauvignon &amp; Mavrud 2024 0,75 L","isPartOf":{"@id":"https:\/\/katarzyna.bg\/#website"},"primaryImageOfPage":{"@id":"https:\/\/katarzyna.bg\/shop\/mezzek-cabernet-sauvignon-mavrud-2022-0-75\/#primaryimage"},"image":{"@id":"https:\/\/katarzyna.bg\/shop\/mezzek-cabernet-sauvignon-mavrud-2022-0-75\/#primaryimage"},"thumbnailUrl":"https:\/\/katarzyna.bg\/wp-content\/uploads\/2025\/04\/MEZZEK_CS_MAV.png","datePublished":"2022-02-22T14:40:08+00:00","dateModified":"2026-02-04T14:24:00+00:00","description":"Online Sipari\u015f: MEZZEK Cabernet Sauvignon &amp; Mavrud 2024 0,75 L \u2b50 En \u0130yi Fiyat \u2708 H\u0131zl\u0131 Teslimat \u2705 Kargo Kontrol\u00fc ve \u0130ade Hakk\u0131","breadcrumb":{"@id":"https:\/\/katarzyna.bg\/shop\/mezzek-cabernet-sauvignon-mavrud-2022-0-75\/#breadcrumb"},"inLanguage":"tr","potentialAction":[{"@type":"ReadAction","target":["https:\/\/katarzyna.bg\/shop\/mezzek-cabernet-sauvignon-mavrud-2022-0-75\/"]}]},{"@type":"ImageObject","inLanguage":"tr","@id":"https:\/\/katarzyna.bg\/shop\/mezzek-cabernet-sauvignon-mavrud-2022-0-75\/#primaryimage","url":"https:\/\/katarzyna.bg\/wp-content\/uploads\/2025\/04\/MEZZEK_CS_MAV.png","contentUrl":"https:\/\/katarzyna.bg\/wp-content\/uploads\/2025\/04\/MEZZEK_CS_MAV.png","width":1000,"height":1240},{"@type":"BreadcrumbList","@id":"https:\/\/katarzyna.bg\/shop\/mezzek-cabernet-sauvignon-mavrud-2022-0-75\/#breadcrumb","itemListElement":[{"@type":"ListItem","position":1,"name":"\u041d\u0430\u0447\u0430\u043b\u043e","item":"https:\/\/katarzyna.bg\/"},{"@type":"ListItem","position":2,"name":"\u041e\u043d\u043b\u0430\u0439\u043d \u041c\u0430\u0433\u0430\u0437\u0438\u043d","item":"https:\/\/katarzyna.bg\/shop\/"},{"@type":"ListItem","position":3,"name":"MEZZEK Cabernet Sauvignon &#038; Mavrud 2024 0.75"}]},{"@type":"WebSite","@id":"https:\/\/katarzyna.bg\/#website","url":"https:\/\/katarzyna.bg\/","name":"Katarzyna","description":"Katarzyna","publisher":{"@id":"https:\/\/katarzyna.bg\/#organization"},"potentialAction":[{"@type":"SearchAction","target":{"@type":"EntryPoint","urlTemplate":"https:\/\/katarzyna.bg\/?s={search_term_string}"},"query-input":{"@type":"PropertyValueSpecification","valueRequired":true,"valueName":"search_term_string"}}],"inLanguage":"tr"},{"@type":"Organization","@id":"https:\/\/katarzyna.bg\/#organization","name":"Katarzyna Estate","url":"https:\/\/katarzyna.bg\/","logo":{"@type":"ImageObject","inLanguage":"tr","@id":"https:\/\/katarzyna.bg\/#\/schema\/logo\/image\/","url":"https:\/\/katarzyna.bg\/wp-content\/uploads\/2025\/03\/cropped-logo_grey-e1668669109649.png.webp","contentUrl":"https:\/\/katarzyna.bg\/wp-content\/uploads\/2025\/03\/cropped-logo_grey-e1668669109649.png.webp","width":512,"height":512,"caption":"Katarzyna Estate"},"image":{"@id":"https:\/\/katarzyna.bg\/#\/schema\/logo\/image\/"},"sameAs":["https:\/\/www.facebook.com\/katarzynaestate\/"]}]}},"_links":{"self":[{"href":"https:\/\/katarzyna.bg\/tr\/wp-json\/wp\/v2\/product\/26244","targetHints":{"allow":["GET"]}}],"collection":[{"href":"https:\/\/katarzyna.bg\/tr\/wp-json\/wp\/v2\/product"}],"about":[{"href":"https:\/\/katarzyna.bg\/tr\/wp-json\/wp\/v2\/types\/product"}],"replies":[{"embeddable":true,"href":"https:\/\/katarzyna.bg\/tr\/wp-json\/wp\/v2\/comments?post=26244"}],"wp:featuredmedia":[{"embeddable":true,"href":"https:\/\/katarzyna.bg\/tr\/wp-json\/wp\/v2\/media\/25322"}],"wp:attachment":[{"href":"https:\/\/katarzyna.bg\/tr\/wp-json\/wp\/v2\/media?parent=26244"}],"wp:term":[{"taxonomy":"product_brand","embeddable":true,"href":"https:\/\/katarzyna.bg\/tr\/wp-json\/wp\/v2\/product_brand?post=26244"},{"taxonomy":"product_cat","embeddable":true,"href":"https:\/\/katarzyna.bg\/tr\/wp-json\/wp\/v2\/product_cat?post=26244"},{"taxonomy":"product_tag","embeddable":true,"href":"https:\/\/katarzyna.bg\/tr\/wp-json\/wp\/v2\/product_tag?post=26244"}],"curies":[{"name":"wp","href":"https:\/\/api.w.org\/{rel}","templated":true}]}}