{"id":26265,"date":"2022-02-22T14:40:08","date_gmt":"2022-02-22T14:40:08","guid":{"rendered":"https:\/\/new.katarzyna.bg\/?product=contemplations-red-merlot-malbec-2023-0-75"},"modified":"2026-05-04T19:02:24","modified_gmt":"2026-05-04T16:02:24","slug":"contemplations-red-merlot-malbec-2023-0-75","status":"publish","type":"product","link":"https:\/\/katarzyna.bg\/tr\/shop\/contemplations-red-merlot-malbec-2023-0-75\/","title":{"rendered":"CONTEMPLATIONS RED Merlot &#038; Malbec 2024 0.75"},"content":{"rendered":"<p>\u00dcz\u00fcm \u00e7e\u015fidi bile\u015fimi \u2013 Merlot ; Malbec<br \/>\nAlkol i\u00e7eri\u011fi \u2013 ,50 hacim<\/p>\n<p>\u015earap, yo\u011fun k\u0131rm\u0131z\u0131 renge ve menek\u015fe tonlar\u0131na sahiptir. Olgun k\u0131rm\u0131z\u0131 meyveler, frenk \u00fcz\u00fcm\u00fc ve vanilyan\u0131n i\u00e7 i\u00e7e ge\u00e7ti\u011fi uyumlu ve yo\u011fun bir aromaya sahiptir. \u015earab\u0131n zengin tad\u0131, zarafet ve denge ile birle\u015ferek belirgin tat aromas\u0131 ve uzun bir biti\u015fe yol a\u00e7ar.<\/p>\n<p>Beyaz etler, lazanya veya k\u00fcmes hayvanlar\u0131ndan, k\u0131rm\u0131z\u0131 veya kuru etlerden yap\u0131lan yemeklerle \u00e7ok iyi uyum sa\u011flar. T\u00fcketim i\u00e7in uygun s\u0131cakl\u0131k 18\u2070-20\u2070C\u2019dir.<br \/>\n\u015ei\u015fede olgunla\u015fma potansiyeli \u2013 10 y\u0131l<\/p>","protected":false},"excerpt":{"rendered":"<p>CONTEMPLATIONS serisi, \u015farap ve kelimelerin ortak bir deneyimde bulu\u015ftu\u011fu, d\u00fc\u015f\u00fcnce ve hayal g\u00fcc\u00fc i\u00e7in bir alan olarak yarat\u0131lm\u0131\u015ft\u0131r. Her rekolte, sembolik g\u00f6rseller ve ki\u015fisel yorum ile tefekk\u00fcre davet eden k\u0131sa metinler arac\u0131l\u0131\u011f\u0131yla yeni bir konsept sunar. CONTEMPLATIONS, bir an durup g\u00fczel bir kadeh \u015farab\u0131n \u00f6tesindeki anlam\u0131 ke\u015ffetmeye davettir.<\/p>\n<p>CONTEMPLATIONS serisindeki her rekolte, alt\u0131 farkl\u0131 hik\u00e2ye anlatan alt\u0131 yeni etikete sahiptir.<\/p>\n<p>2024 rekoltesinin etiketleri, metaforlar ve i\u00e7sel de\u011fi\u015fimin, sembolik g\u00f6rseller ve k\u0131sa felsefi metinler arac\u0131l\u0131\u011f\u0131yla ger\u00e7ek \u00f6z\u00fc ke\u015ffetme yolu olarak fikrine adanm\u0131\u015ft\u0131r. \u201cMetamorphoses\u201d serisi, d\u00f6n\u00fc\u015f\u00fcm\u00fc, r\u00fcya ile ger\u00e7eklik, d\u0131\u015f g\u00f6r\u00fcn\u00fc\u015f ile i\u00e7 d\u00fcnya aras\u0131nda s\u00fcrekli bir kendini ke\u015ffetme s\u00fcreci olarak ele al\u0131r. Her etiket, d\u00f6n\u00fc\u015f\u00fcm\u00fcn farkl\u0131 bir sembolik g\u00f6r\u00fcnt\u00fcs\u00fcn\u00fc sunar; birlikte de\u011fi\u015fim ve kendini yeniden ke\u015ffetme hik\u00e2yesini olu\u015ftururlar.<\/p>","protected":false},"featured_media":31011,"comment_status":"open","ping_status":"closed","template":"","meta":[],"product_brand":[],"product_cat":[21],"product_tag":[],"class_list":{"0":"post-26265","1":"product","2":"type-product","3":"status-publish","4":"has-post-thumbnail","6":"product_cat-cherveno-vino","7":"pa_marka-contemplations","8":"pa_razvasofka-075-l","9":"pa_rekolta-58","10":"pa_sort-malbec","11":"pa_sort-merlot","13":"first","14":"instock","15":"shipping-taxable","16":"purchasable","17":"product-type-simple"},"yoast_head":"<!-- This site is optimized with the Yoast SEO plugin v27.1.1 - https:\/\/yoast.com\/product\/yoast-seo-wordpress\/ -->\n<title>CONTEMPLATIONS RED Merlot &amp; Malbec 2024 0.75 \u043e\u0442 \u0412\u0438\u043d\u0430\u0440\u043d\u0430 Katarzyna<\/title>\n<meta name=\"description\" content=\"\u041f\u043e\u0440\u044a\u0447\u0430\u0439 \u041e\u043d\u043b\u0430\u0439\u043d CONTEMPLATIONS RED Merlot &amp; Malbec 2024 0.75 \u2b50 \u0422\u043e\u043f \u0426\u0435\u043d\u0430 \u2708 \u0411\u044a\u0440\u0437\u0430 \u0414\u043e\u0441\u0442\u0430\u0432\u043a\u0430 \u2705 \u041f\u0440\u043e\u0432\u0435\u0440\u043a\u0430 \u043d\u0430 \u041f\u0440\u0430\u0442\u043a\u0430\u0442\u0430 \u0438 \u041f\u0440\u0430\u0432\u043e \u043d\u0430 \u0412\u0440\u044a\u0449\u0430\u043d\u0435\" \/>\n<meta name=\"robots\" content=\"index, follow, max-snippet:-1, max-image-preview:large, max-video-preview:-1\" \/>\n<link rel=\"canonical\" href=\"https:\/\/katarzyna.bg\/tr\/shop\/contemplations-red-merlot-malbec-2023-0-75\/\" \/>\n<meta property=\"og:locale\" content=\"tr_TR\" \/>\n<meta property=\"og:type\" content=\"article\" \/>\n<meta property=\"og:title\" content=\"CONTEMPLATIONS RED Merlot &amp; Malbec 2024 0.75 \u043e\u0442 \u0412\u0438\u043d\u0430\u0440\u043d\u0430 Katarzyna\" \/>\n<meta property=\"og:description\" content=\"\u041f\u043e\u0440\u044a\u0447\u0430\u0439 \u041e\u043d\u043b\u0430\u0439\u043d CONTEMPLATIONS RED Merlot &amp; Malbec 2024 0.75 \u2b50 \u0422\u043e\u043f \u0426\u0435\u043d\u0430 \u2708 \u0411\u044a\u0440\u0437\u0430 \u0414\u043e\u0441\u0442\u0430\u0432\u043a\u0430 \u2705 \u041f\u0440\u043e\u0432\u0435\u0440\u043a\u0430 \u043d\u0430 \u041f\u0440\u0430\u0442\u043a\u0430\u0442\u0430 \u0438 \u041f\u0440\u0430\u0432\u043e \u043d\u0430 \u0412\u0440\u044a\u0449\u0430\u043d\u0435\" \/>\n<meta property=\"og:url\" content=\"https:\/\/katarzyna.bg\/tr\/shop\/contemplations-red-merlot-malbec-2023-0-75\/\" \/>\n<meta property=\"og:site_name\" content=\"Katarzyna\" \/>\n<meta property=\"article:publisher\" content=\"https:\/\/www.facebook.com\/katarzynaestate\/\" \/>\n<meta property=\"article:modified_time\" content=\"2026-05-04T16:02:24+00:00\" \/>\n<meta property=\"og:image\" content=\"https:\/\/katarzyna.bg\/wp-content\/uploads\/2026\/02\/0000_contemplations_mm_2024.6.png.jpg\" \/>\n\t<meta property=\"og:image:width\" content=\"1000\" \/>\n\t<meta property=\"og:image:height\" content=\"1240\" \/>\n\t<meta property=\"og:image:type\" content=\"image\/jpeg\" \/>\n<meta name=\"twitter:card\" content=\"summary_large_image\" \/>\n<meta name=\"twitter:label1\" content=\"Tahmini okuma s\u00fcresi\" \/>\n\t<meta name=\"twitter:data1\" content=\"1 dakika\" \/>\n<script type=\"application\/ld+json\" class=\"yoast-schema-graph\">{\"@context\":\"https:\/\/schema.org\",\"@graph\":[{\"@type\":[\"WebPage\",\"ItemPage\"],\"@id\":\"https:\/\/katarzyna.bg\/shop\/contemplations-red-merlot-malbec-2023-0-75\/\",\"url\":\"https:\/\/katarzyna.bg\/shop\/contemplations-red-merlot-malbec-2023-0-75\/\",\"name\":\"CONTEMPLATIONS RED Merlot & Malbec 2024 0.75 \u043e\u0442 \u0412\u0438\u043d\u0430\u0440\u043d\u0430 Katarzyna\",\"isPartOf\":{\"@id\":\"https:\/\/katarzyna.bg\/#website\"},\"primaryImageOfPage\":{\"@id\":\"https:\/\/katarzyna.bg\/shop\/contemplations-red-merlot-malbec-2023-0-75\/#primaryimage\"},\"image\":{\"@id\":\"https:\/\/katarzyna.bg\/shop\/contemplations-red-merlot-malbec-2023-0-75\/#primaryimage\"},\"thumbnailUrl\":\"https:\/\/katarzyna.bg\/wp-content\/uploads\/2026\/02\/0000_contemplations_mm_2024.6.png.jpg\",\"datePublished\":\"2022-02-22T14:40:08+00:00\",\"dateModified\":\"2026-05-04T16:02:24+00:00\",\"description\":\"\u041f\u043e\u0440\u044a\u0447\u0430\u0439 \u041e\u043d\u043b\u0430\u0439\u043d CONTEMPLATIONS RED Merlot & Malbec 2024 0.75 \u2b50 \u0422\u043e\u043f \u0426\u0435\u043d\u0430 \u2708 \u0411\u044a\u0440\u0437\u0430 \u0414\u043e\u0441\u0442\u0430\u0432\u043a\u0430 \u2705 \u041f\u0440\u043e\u0432\u0435\u0440\u043a\u0430 \u043d\u0430 \u041f\u0440\u0430\u0442\u043a\u0430\u0442\u0430 \u0438 \u041f\u0440\u0430\u0432\u043e \u043d\u0430 \u0412\u0440\u044a\u0449\u0430\u043d\u0435\",\"breadcrumb\":{\"@id\":\"https:\/\/katarzyna.bg\/shop\/contemplations-red-merlot-malbec-2023-0-75\/#breadcrumb\"},\"inLanguage\":\"tr\",\"potentialAction\":[{\"@type\":\"ReadAction\",\"target\":[\"https:\/\/katarzyna.bg\/shop\/contemplations-red-merlot-malbec-2023-0-75\/\"]}]},{\"@type\":\"ImageObject\",\"inLanguage\":\"tr\",\"@id\":\"https:\/\/katarzyna.bg\/shop\/contemplations-red-merlot-malbec-2023-0-75\/#primaryimage\",\"url\":\"https:\/\/katarzyna.bg\/wp-content\/uploads\/2026\/02\/0000_contemplations_mm_2024.6.png.jpg\",\"contentUrl\":\"https:\/\/katarzyna.bg\/wp-content\/uploads\/2026\/02\/0000_contemplations_mm_2024.6.png.jpg\",\"width\":1000,\"height\":1240},{\"@type\":\"BreadcrumbList\",\"@id\":\"https:\/\/katarzyna.bg\/shop\/contemplations-red-merlot-malbec-2023-0-75\/#breadcrumb\",\"itemListElement\":[{\"@type\":\"ListItem\",\"position\":1,\"name\":\"\u041d\u0430\u0447\u0430\u043b\u043e\",\"item\":\"https:\/\/katarzyna.bg\/\"},{\"@type\":\"ListItem\",\"position\":2,\"name\":\"\u041e\u043d\u043b\u0430\u0439\u043d \u041c\u0430\u0433\u0430\u0437\u0438\u043d\",\"item\":\"https:\/\/katarzyna.bg\/shop\/\"},{\"@type\":\"ListItem\",\"position\":3,\"name\":\"CONTEMPLATIONS RED Merlot &#038; Malbec 2024 0.75\"}]},{\"@type\":\"WebSite\",\"@id\":\"https:\/\/katarzyna.bg\/#website\",\"url\":\"https:\/\/katarzyna.bg\/\",\"name\":\"Katarzyna\",\"description\":\"Katarzyna\",\"publisher\":{\"@id\":\"https:\/\/katarzyna.bg\/#organization\"},\"potentialAction\":[{\"@type\":\"SearchAction\",\"target\":{\"@type\":\"EntryPoint\",\"urlTemplate\":\"https:\/\/katarzyna.bg\/?s={search_term_string}\"},\"query-input\":{\"@type\":\"PropertyValueSpecification\",\"valueRequired\":true,\"valueName\":\"search_term_string\"}}],\"inLanguage\":\"tr\"},{\"@type\":\"Organization\",\"@id\":\"https:\/\/katarzyna.bg\/#organization\",\"name\":\"Katarzyna Estate\",\"url\":\"https:\/\/katarzyna.bg\/\",\"logo\":{\"@type\":\"ImageObject\",\"inLanguage\":\"tr\",\"@id\":\"https:\/\/katarzyna.bg\/#\/schema\/logo\/image\/\",\"url\":\"https:\/\/katarzyna.bg\/wp-content\/uploads\/2025\/03\/cropped-logo_grey-e1668669109649.png.webp\",\"contentUrl\":\"https:\/\/katarzyna.bg\/wp-content\/uploads\/2025\/03\/cropped-logo_grey-e1668669109649.png.webp\",\"width\":512,\"height\":512,\"caption\":\"Katarzyna Estate\"},\"image\":{\"@id\":\"https:\/\/katarzyna.bg\/#\/schema\/logo\/image\/\"},\"sameAs\":[\"https:\/\/www.facebook.com\/katarzynaestate\/\"]}]}<\/script>\n<!-- \/ Yoast SEO plugin. -->","yoast_head_json":{"title":"Katarzyna \u015earaphanesi\u2019nden CONTEMPLATIONS RED Merlot &amp; Malbec 2024 0,75 lt","description":"CONTEMPLATIONS RED Merlot &amp; Malbec 2024 0,75\u2019i Online Sipari\u015f Ver \u2b50 En \u0130yi Fiyat \u2708 H\u0131zl\u0131 Teslimat \u2705 Kargo Takibi ve \u0130ade Hakk\u0131","robots":{"index":"index","follow":"follow","max-snippet":"max-snippet:-1","max-image-preview":"max-image-preview:large","max-video-preview":"max-video-preview:-1"},"canonical":"https:\/\/katarzyna.bg\/tr\/shop\/contemplations-red-merlot-malbec-2023-0-75\/","og_locale":"tr_TR","og_type":"article","og_title":"CONTEMPLATIONS RED Merlot & Malbec 2024 0.75 \u043e\u0442 \u0412\u0438\u043d\u0430\u0440\u043d\u0430 Katarzyna","og_description":"\u041f\u043e\u0440\u044a\u0447\u0430\u0439 \u041e\u043d\u043b\u0430\u0439\u043d CONTEMPLATIONS RED Merlot & Malbec 2024 0.75 \u2b50 \u0422\u043e\u043f \u0426\u0435\u043d\u0430 \u2708 \u0411\u044a\u0440\u0437\u0430 \u0414\u043e\u0441\u0442\u0430\u0432\u043a\u0430 \u2705 \u041f\u0440\u043e\u0432\u0435\u0440\u043a\u0430 \u043d\u0430 \u041f\u0440\u0430\u0442\u043a\u0430\u0442\u0430 \u0438 \u041f\u0440\u0430\u0432\u043e \u043d\u0430 \u0412\u0440\u044a\u0449\u0430\u043d\u0435","og_url":"https:\/\/katarzyna.bg\/tr\/shop\/contemplations-red-merlot-malbec-2023-0-75\/","og_site_name":"Katarzyna","article_publisher":"https:\/\/www.facebook.com\/katarzynaestate\/","article_modified_time":"2026-05-04T16:02:24+00:00","og_image":[{"width":1000,"height":1240,"url":"https:\/\/katarzyna.bg\/wp-content\/uploads\/2026\/02\/0000_contemplations_mm_2024.6.png.jpg","type":"image\/jpeg"}],"twitter_card":"summary_large_image","twitter_misc":{"Tahmini okuma s\u00fcresi":"1 dakika"},"schema":{"@context":"https:\/\/schema.org","@graph":[{"@type":["WebPage","ItemPage"],"@id":"https:\/\/katarzyna.bg\/shop\/contemplations-red-merlot-malbec-2023-0-75\/","url":"https:\/\/katarzyna.bg\/shop\/contemplations-red-merlot-malbec-2023-0-75\/","name":"Katarzyna \u015earaphanesi\u2019nden CONTEMPLATIONS RED Merlot &amp; Malbec 2024 0,75 lt","isPartOf":{"@id":"https:\/\/katarzyna.bg\/#website"},"primaryImageOfPage":{"@id":"https:\/\/katarzyna.bg\/shop\/contemplations-red-merlot-malbec-2023-0-75\/#primaryimage"},"image":{"@id":"https:\/\/katarzyna.bg\/shop\/contemplations-red-merlot-malbec-2023-0-75\/#primaryimage"},"thumbnailUrl":"https:\/\/katarzyna.bg\/wp-content\/uploads\/2026\/02\/0000_contemplations_mm_2024.6.png.jpg","datePublished":"2022-02-22T14:40:08+00:00","dateModified":"2026-05-04T16:02:24+00:00","description":"CONTEMPLATIONS RED Merlot &amp; Malbec 2024 0,75\u2019i Online Sipari\u015f Ver \u2b50 En \u0130yi Fiyat \u2708 H\u0131zl\u0131 Teslimat \u2705 Kargo Takibi ve \u0130ade Hakk\u0131","breadcrumb":{"@id":"https:\/\/katarzyna.bg\/shop\/contemplations-red-merlot-malbec-2023-0-75\/#breadcrumb"},"inLanguage":"tr","potentialAction":[{"@type":"ReadAction","target":["https:\/\/katarzyna.bg\/shop\/contemplations-red-merlot-malbec-2023-0-75\/"]}]},{"@type":"ImageObject","inLanguage":"tr","@id":"https:\/\/katarzyna.bg\/shop\/contemplations-red-merlot-malbec-2023-0-75\/#primaryimage","url":"https:\/\/katarzyna.bg\/wp-content\/uploads\/2026\/02\/0000_contemplations_mm_2024.6.png.jpg","contentUrl":"https:\/\/katarzyna.bg\/wp-content\/uploads\/2026\/02\/0000_contemplations_mm_2024.6.png.jpg","width":1000,"height":1240},{"@type":"BreadcrumbList","@id":"https:\/\/katarzyna.bg\/shop\/contemplations-red-merlot-malbec-2023-0-75\/#breadcrumb","itemListElement":[{"@type":"ListItem","position":1,"name":"\u041d\u0430\u0447\u0430\u043b\u043e","item":"https:\/\/katarzyna.bg\/"},{"@type":"ListItem","position":2,"name":"\u041e\u043d\u043b\u0430\u0439\u043d \u041c\u0430\u0433\u0430\u0437\u0438\u043d","item":"https:\/\/katarzyna.bg\/shop\/"},{"@type":"ListItem","position":3,"name":"CONTEMPLATIONS RED Merlot &#038; Malbec 2024 0.75"}]},{"@type":"WebSite","@id":"https:\/\/katarzyna.bg\/#website","url":"https:\/\/katarzyna.bg\/","name":"Katarzyna","description":"Katarzyna","publisher":{"@id":"https:\/\/katarzyna.bg\/#organization"},"potentialAction":[{"@type":"SearchAction","target":{"@type":"EntryPoint","urlTemplate":"https:\/\/katarzyna.bg\/?s={search_term_string}"},"query-input":{"@type":"PropertyValueSpecification","valueRequired":true,"valueName":"search_term_string"}}],"inLanguage":"tr"},{"@type":"Organization","@id":"https:\/\/katarzyna.bg\/#organization","name":"Katarzyna Estate","url":"https:\/\/katarzyna.bg\/","logo":{"@type":"ImageObject","inLanguage":"tr","@id":"https:\/\/katarzyna.bg\/#\/schema\/logo\/image\/","url":"https:\/\/katarzyna.bg\/wp-content\/uploads\/2025\/03\/cropped-logo_grey-e1668669109649.png.webp","contentUrl":"https:\/\/katarzyna.bg\/wp-content\/uploads\/2025\/03\/cropped-logo_grey-e1668669109649.png.webp","width":512,"height":512,"caption":"Katarzyna Estate"},"image":{"@id":"https:\/\/katarzyna.bg\/#\/schema\/logo\/image\/"},"sameAs":["https:\/\/www.facebook.com\/katarzynaestate\/"]}]}},"_links":{"self":[{"href":"https:\/\/katarzyna.bg\/tr\/wp-json\/wp\/v2\/product\/26265","targetHints":{"allow":["GET"]}}],"collection":[{"href":"https:\/\/katarzyna.bg\/tr\/wp-json\/wp\/v2\/product"}],"about":[{"href":"https:\/\/katarzyna.bg\/tr\/wp-json\/wp\/v2\/types\/product"}],"replies":[{"embeddable":true,"href":"https:\/\/katarzyna.bg\/tr\/wp-json\/wp\/v2\/comments?post=26265"}],"wp:featuredmedia":[{"embeddable":true,"href":"https:\/\/katarzyna.bg\/tr\/wp-json\/wp\/v2\/media\/31011"}],"wp:attachment":[{"href":"https:\/\/katarzyna.bg\/tr\/wp-json\/wp\/v2\/media?parent=26265"}],"wp:term":[{"taxonomy":"product_brand","embeddable":true,"href":"https:\/\/katarzyna.bg\/tr\/wp-json\/wp\/v2\/product_brand?post=26265"},{"taxonomy":"product_cat","embeddable":true,"href":"https:\/\/katarzyna.bg\/tr\/wp-json\/wp\/v2\/product_cat?post=26265"},{"taxonomy":"product_tag","embeddable":true,"href":"https:\/\/katarzyna.bg\/tr\/wp-json\/wp\/v2\/product_tag?post=26265"}],"curies":[{"name":"wp","href":"https:\/\/api.w.org\/{rel}","templated":true}]}}