{"id":26303,"date":"2021-02-22T14:40:09","date_gmt":"2021-02-22T14:40:09","guid":{"rendered":"https:\/\/new.katarzyna.bg\/?product=katarzyna-rubin-2021-075"},"modified":"2026-05-03T15:09:18","modified_gmt":"2026-05-03T12:09:18","slug":"katarzyna-rubin-2021-075","status":"publish","type":"product","link":"https:\/\/katarzyna.bg\/tr\/shop\/katarzyna-rubin-2021-075\/","title":{"rendered":"KATARZYNA Rubin 2021 0.75"},"content":{"rendered":"<p>Katarzyna Rubin, b\u00fcy\u00fck bir \u00f6zenle \u00fcretilmi\u015f, kaliteli bir \u00fcr\u00fcn elde etme arzusu ta\u015f\u0131yan bir Bulgar \u00fcz\u00fcm \u00e7e\u015fidinden yap\u0131lm\u0131\u015f bir \u015farapt\u0131r ve d\u00fcnya \u00e7ap\u0131ndaki \u015farap ele\u015ftirmenleri aras\u0131nda giderek daha fazla ilgi g\u00f6rmektedir.<\/p>\n<p>\u015earap, mor yans\u0131malarla birlikte yo\u011fun koyu k\u0131rm\u0131z\u0131 rengiyle karakterizedir. baharatlar ve siyah meyvelerden olu\u015fan yo\u011fun ve olgun aromaya sahiptir. G\u00fc\u00e7 ve zarafeti bir araya getiren dengeli bir tada sahiptir. Ho\u015f bir tatl\u0131l\u0131k uzunluk ve a\u011f\u0131zda kadife hissi, bu \u015farab\u0131 unutulmaz k\u0131lar.<\/p>\n<p>K\u0131rm\u0131z\u0131 etler, peynirler veya baharatl\u0131 yemeklerle \u00e7ok iyi uyum sa\u011flar. T\u00fcketim i\u00e7in \u00f6nerilen ideal servis s\u0131cakl\u0131\u011f\u0131 18\u2070\u201320\u2070C\u2019dir.<\/p>","protected":false},"excerpt":{"rendered":"<p>Katarzyna Rubin \u0435 \u0432\u0438\u043d\u043e \u043d\u0430\u043f\u0440\u0430\u0432\u0435\u043d\u043e \u0441 \u043c\u043d\u043e\u0433\u043e \u0432\u043d\u0438\u043c\u0430\u043d\u0438\u0435 \u0438 \u0441\u0442\u0440\u0435\u043c\u0435\u0436 \u0434\u0430 \u0441\u0435 \u043f\u043e\u043b\u0443\u0447\u0438 \u0432\u0438\u0441\u043e\u043a\u043e\u043a\u0430\u0447\u0435\u0441\u0442\u0432\u0435\u043d \u043f\u0440\u043e\u0434\u0443\u043a\u0442 \u043e\u0442 \u0431\u044a\u043b\u0433\u0430\u0440\u0441\u043a\u0438 \u0441\u043e\u0440\u0442, \u043a\u043e\u0439\u0442\u043e \u0441\u0442\u0430\u0432\u0430 \u0432\u0441\u0435 \u043f\u043e \u0438\u043d\u0442\u0435\u0440\u0435\u0441\u0435\u043d \u0441\u0440\u0435\u0434 \u0441\u0432\u0435\u0442\u043e\u0432\u043d\u0438\u0442\u0435 \u0432\u0438\u043d\u0435\u043d\u0438 \u043a\u0440\u0438\u0442\u0438\u0446\u0438. \u0412\u0438\u043d\u043e\u0442\u043e \u0441\u0435 \u0445\u0430\u0440\u0430\u043a\u0442\u0435\u0440\u0438\u0437\u0438\u0440\u0430 \u0441 \u043d\u0430\u0441\u0438\u0442\u0435\u043d \u0442\u044a\u043c\u043d\u043e \u0447\u0435\u0440\u0432\u0435\u043d \u0446\u0432\u044f\u0442 \u0441 \u0432\u0438\u043e\u043b\u0435\u0442\u043e\u0432\u0438 \u043e\u0442\u0442\u0435\u043d\u044a\u0446\u0438. \u041a\u043e\u043d\u0446\u0435\u043d\u0442\u0440\u0438\u0440\u0430\u043d \u0437\u0440\u044f\u043b \u0430\u0440\u043e\u043c\u0430\u0442 \u043d\u0430 \u043f\u043e\u0434\u043f\u0440\u0430\u0432\u043a\u0438 \u0438 \u0447\u0435\u0440\u043d\u0438 \u043f\u043b\u043e\u0434\u043e\u0432\u0435. \u0411\u0430\u043b\u0430\u043d\u0441\u0438\u0440\u0430\u043d \u0432\u043a\u0443\u0441, \u0441\u044a\u0447\u0435\u0442\u0430\u0432\u0430\u0449 \u0432 \u0441\u0435\u0431\u0435 \u0441\u0438 \u043c\u043e\u0449 \u0438 \u0435\u043b\u0435\u0433\u0430\u043d\u0442\u043d\u043e\u0441\u0442. [&hellip;]<\/p>","protected":false},"featured_media":29384,"comment_status":"open","ping_status":"closed","template":"","meta":[],"product_brand":[],"product_cat":[21,22],"product_tag":[],"class_list":{"0":"post-26303","1":"product","2":"type-product","3":"status-publish","4":"has-post-thumbnail","6":"product_cat-cherveno-vino","7":"product_cat-premium","8":"pa_marka-rubin-2","9":"pa_razvasofka-075-l","10":"pa_rekolta-69","11":"pa_sort-rubin","13":"first","14":"instock","15":"sale","16":"shipping-taxable","17":"purchasable","18":"product-type-simple"},"yoast_head":"<!-- This site is optimized with the Yoast SEO plugin v27.1.1 - https:\/\/yoast.com\/product\/yoast-seo-wordpress\/ -->\n<title>KATARZYNA Rubin 2021 0.75 \u043e\u0442 \u0412\u0438\u043d\u0430\u0440\u043d\u0430 Katarzyna<\/title>\n<meta name=\"description\" content=\"\u041f\u043e\u0440\u044a\u0447\u0430\u0439 \u041e\u043d\u043b\u0430\u0439\u043d KATARZYNA Rubin 2021 0.75 \u2b50 \u0422\u043e\u043f \u0426\u0435\u043d\u0430 \u2708 \u0411\u044a\u0440\u0437\u0430 \u0414\u043e\u0441\u0442\u0430\u0432\u043a\u0430 \u2705 \u041f\u0440\u043e\u0432\u0435\u0440\u043a\u0430 \u043d\u0430 \u041f\u0440\u0430\u0442\u043a\u0430\u0442\u0430 \u0438 \u041f\u0440\u0430\u0432\u043e \u043d\u0430 \u0412\u0440\u044a\u0449\u0430\u043d\u0435\" \/>\n<meta name=\"robots\" content=\"index, follow, max-snippet:-1, max-image-preview:large, max-video-preview:-1\" \/>\n<link rel=\"canonical\" href=\"https:\/\/katarzyna.bg\/tr\/shop\/katarzyna-rubin-2021-075\/\" \/>\n<meta property=\"og:locale\" content=\"tr_TR\" \/>\n<meta property=\"og:type\" content=\"article\" \/>\n<meta property=\"og:title\" content=\"KATARZYNA Rubin 2021 0.75 \u043e\u0442 \u0412\u0438\u043d\u0430\u0440\u043d\u0430 Katarzyna\" \/>\n<meta property=\"og:description\" content=\"\u041f\u043e\u0440\u044a\u0447\u0430\u0439 \u041e\u043d\u043b\u0430\u0439\u043d KATARZYNA Rubin 2021 0.75 \u2b50 \u0422\u043e\u043f \u0426\u0435\u043d\u0430 \u2708 \u0411\u044a\u0440\u0437\u0430 \u0414\u043e\u0441\u0442\u0430\u0432\u043a\u0430 \u2705 \u041f\u0440\u043e\u0432\u0435\u0440\u043a\u0430 \u043d\u0430 \u041f\u0440\u0430\u0442\u043a\u0430\u0442\u0430 \u0438 \u041f\u0440\u0430\u0432\u043e \u043d\u0430 \u0412\u0440\u044a\u0449\u0430\u043d\u0435\" \/>\n<meta property=\"og:url\" content=\"https:\/\/katarzyna.bg\/tr\/shop\/katarzyna-rubin-2021-075\/\" \/>\n<meta property=\"og:site_name\" content=\"Katarzyna\" \/>\n<meta property=\"article:publisher\" content=\"https:\/\/www.facebook.com\/katarzynaestate\/\" \/>\n<meta property=\"article:modified_time\" content=\"2026-05-03T12:09:18+00:00\" \/>\n<meta property=\"og:image\" content=\"https:\/\/katarzyna.bg\/wp-content\/uploads\/2025\/10\/rubin_2022_.jpg\" \/>\n\t<meta property=\"og:image:width\" content=\"1000\" \/>\n\t<meta property=\"og:image:height\" content=\"1240\" \/>\n\t<meta property=\"og:image:type\" content=\"image\/jpeg\" \/>\n<meta name=\"twitter:card\" content=\"summary_large_image\" \/>\n<meta name=\"twitter:label1\" content=\"Tahmini okuma s\u00fcresi\" \/>\n\t<meta name=\"twitter:data1\" content=\"1 dakika\" \/>\n<script type=\"application\/ld+json\" class=\"yoast-schema-graph\">{\"@context\":\"https:\/\/schema.org\",\"@graph\":[{\"@type\":[\"WebPage\",\"ItemPage\"],\"@id\":\"https:\/\/katarzyna.bg\/shop\/katarzyna-rubin-2021-075\/\",\"url\":\"https:\/\/katarzyna.bg\/shop\/katarzyna-rubin-2021-075\/\",\"name\":\"KATARZYNA Rubin 2021 0.75 \u043e\u0442 \u0412\u0438\u043d\u0430\u0440\u043d\u0430 Katarzyna\",\"isPartOf\":{\"@id\":\"https:\/\/katarzyna.bg\/#website\"},\"primaryImageOfPage\":{\"@id\":\"https:\/\/katarzyna.bg\/shop\/katarzyna-rubin-2021-075\/#primaryimage\"},\"image\":{\"@id\":\"https:\/\/katarzyna.bg\/shop\/katarzyna-rubin-2021-075\/#primaryimage\"},\"thumbnailUrl\":\"https:\/\/katarzyna.bg\/wp-content\/uploads\/2025\/10\/rubin_2022_.jpg\",\"datePublished\":\"2021-02-22T14:40:09+00:00\",\"dateModified\":\"2026-05-03T12:09:18+00:00\",\"description\":\"\u041f\u043e\u0440\u044a\u0447\u0430\u0439 \u041e\u043d\u043b\u0430\u0439\u043d KATARZYNA Rubin 2021 0.75 \u2b50 \u0422\u043e\u043f \u0426\u0435\u043d\u0430 \u2708 \u0411\u044a\u0440\u0437\u0430 \u0414\u043e\u0441\u0442\u0430\u0432\u043a\u0430 \u2705 \u041f\u0440\u043e\u0432\u0435\u0440\u043a\u0430 \u043d\u0430 \u041f\u0440\u0430\u0442\u043a\u0430\u0442\u0430 \u0438 \u041f\u0440\u0430\u0432\u043e \u043d\u0430 \u0412\u0440\u044a\u0449\u0430\u043d\u0435\",\"breadcrumb\":{\"@id\":\"https:\/\/katarzyna.bg\/shop\/katarzyna-rubin-2021-075\/#breadcrumb\"},\"inLanguage\":\"tr\",\"potentialAction\":[{\"@type\":\"ReadAction\",\"target\":[\"https:\/\/katarzyna.bg\/shop\/katarzyna-rubin-2021-075\/\"]}]},{\"@type\":\"ImageObject\",\"inLanguage\":\"tr\",\"@id\":\"https:\/\/katarzyna.bg\/shop\/katarzyna-rubin-2021-075\/#primaryimage\",\"url\":\"https:\/\/katarzyna.bg\/wp-content\/uploads\/2025\/10\/rubin_2022_.jpg\",\"contentUrl\":\"https:\/\/katarzyna.bg\/wp-content\/uploads\/2025\/10\/rubin_2022_.jpg\",\"width\":1000,\"height\":1240},{\"@type\":\"BreadcrumbList\",\"@id\":\"https:\/\/katarzyna.bg\/shop\/katarzyna-rubin-2021-075\/#breadcrumb\",\"itemListElement\":[{\"@type\":\"ListItem\",\"position\":1,\"name\":\"\u041d\u0430\u0447\u0430\u043b\u043e\",\"item\":\"https:\/\/katarzyna.bg\/\"},{\"@type\":\"ListItem\",\"position\":2,\"name\":\"\u041e\u043d\u043b\u0430\u0439\u043d \u041c\u0430\u0433\u0430\u0437\u0438\u043d\",\"item\":\"https:\/\/katarzyna.bg\/shop\/\"},{\"@type\":\"ListItem\",\"position\":3,\"name\":\"KATARZYNA Rubin 2021 0.75\"}]},{\"@type\":\"WebSite\",\"@id\":\"https:\/\/katarzyna.bg\/#website\",\"url\":\"https:\/\/katarzyna.bg\/\",\"name\":\"Katarzyna\",\"description\":\"Katarzyna\",\"publisher\":{\"@id\":\"https:\/\/katarzyna.bg\/#organization\"},\"potentialAction\":[{\"@type\":\"SearchAction\",\"target\":{\"@type\":\"EntryPoint\",\"urlTemplate\":\"https:\/\/katarzyna.bg\/?s={search_term_string}\"},\"query-input\":{\"@type\":\"PropertyValueSpecification\",\"valueRequired\":true,\"valueName\":\"search_term_string\"}}],\"inLanguage\":\"tr\"},{\"@type\":\"Organization\",\"@id\":\"https:\/\/katarzyna.bg\/#organization\",\"name\":\"Katarzyna Estate\",\"url\":\"https:\/\/katarzyna.bg\/\",\"logo\":{\"@type\":\"ImageObject\",\"inLanguage\":\"tr\",\"@id\":\"https:\/\/katarzyna.bg\/#\/schema\/logo\/image\/\",\"url\":\"https:\/\/katarzyna.bg\/wp-content\/uploads\/2025\/03\/cropped-logo_grey-e1668669109649.png.webp\",\"contentUrl\":\"https:\/\/katarzyna.bg\/wp-content\/uploads\/2025\/03\/cropped-logo_grey-e1668669109649.png.webp\",\"width\":512,\"height\":512,\"caption\":\"Katarzyna Estate\"},\"image\":{\"@id\":\"https:\/\/katarzyna.bg\/#\/schema\/logo\/image\/\"},\"sameAs\":[\"https:\/\/www.facebook.com\/katarzynaestate\/\"]}]}<\/script>\n<!-- \/ Yoast SEO plugin. -->","yoast_head_json":{"title":"Katarzyna \u015earaphanesi\u2019nden KATARZYNA Rubin 2021 0,75 lt","description":"KATARZYNA Rubin 2021 0,75\u2019i Online Sipari\u015f Ver \u2b50 En \u0130yi Fiyat \u2708 H\u0131zl\u0131 Teslimat \u2705 Kargo Takibi ve \u0130ade Hakk\u0131","robots":{"index":"index","follow":"follow","max-snippet":"max-snippet:-1","max-image-preview":"max-image-preview:large","max-video-preview":"max-video-preview:-1"},"canonical":"https:\/\/katarzyna.bg\/tr\/shop\/katarzyna-rubin-2021-075\/","og_locale":"tr_TR","og_type":"article","og_title":"KATARZYNA Rubin 2021 0.75 \u043e\u0442 \u0412\u0438\u043d\u0430\u0440\u043d\u0430 Katarzyna","og_description":"\u041f\u043e\u0440\u044a\u0447\u0430\u0439 \u041e\u043d\u043b\u0430\u0439\u043d KATARZYNA Rubin 2021 0.75 \u2b50 \u0422\u043e\u043f \u0426\u0435\u043d\u0430 \u2708 \u0411\u044a\u0440\u0437\u0430 \u0414\u043e\u0441\u0442\u0430\u0432\u043a\u0430 \u2705 \u041f\u0440\u043e\u0432\u0435\u0440\u043a\u0430 \u043d\u0430 \u041f\u0440\u0430\u0442\u043a\u0430\u0442\u0430 \u0438 \u041f\u0440\u0430\u0432\u043e \u043d\u0430 \u0412\u0440\u044a\u0449\u0430\u043d\u0435","og_url":"https:\/\/katarzyna.bg\/tr\/shop\/katarzyna-rubin-2021-075\/","og_site_name":"Katarzyna","article_publisher":"https:\/\/www.facebook.com\/katarzynaestate\/","article_modified_time":"2026-05-03T12:09:18+00:00","og_image":[{"width":1000,"height":1240,"url":"https:\/\/katarzyna.bg\/wp-content\/uploads\/2025\/10\/rubin_2022_.jpg","type":"image\/jpeg"}],"twitter_card":"summary_large_image","twitter_misc":{"Tahmini okuma s\u00fcresi":"1 dakika"},"schema":{"@context":"https:\/\/schema.org","@graph":[{"@type":["WebPage","ItemPage"],"@id":"https:\/\/katarzyna.bg\/shop\/katarzyna-rubin-2021-075\/","url":"https:\/\/katarzyna.bg\/shop\/katarzyna-rubin-2021-075\/","name":"Katarzyna \u015earaphanesi\u2019nden KATARZYNA Rubin 2021 0,75 lt","isPartOf":{"@id":"https:\/\/katarzyna.bg\/#website"},"primaryImageOfPage":{"@id":"https:\/\/katarzyna.bg\/shop\/katarzyna-rubin-2021-075\/#primaryimage"},"image":{"@id":"https:\/\/katarzyna.bg\/shop\/katarzyna-rubin-2021-075\/#primaryimage"},"thumbnailUrl":"https:\/\/katarzyna.bg\/wp-content\/uploads\/2025\/10\/rubin_2022_.jpg","datePublished":"2021-02-22T14:40:09+00:00","dateModified":"2026-05-03T12:09:18+00:00","description":"KATARZYNA Rubin 2021 0,75\u2019i Online Sipari\u015f Ver \u2b50 En \u0130yi Fiyat \u2708 H\u0131zl\u0131 Teslimat \u2705 Kargo Takibi ve \u0130ade Hakk\u0131","breadcrumb":{"@id":"https:\/\/katarzyna.bg\/shop\/katarzyna-rubin-2021-075\/#breadcrumb"},"inLanguage":"tr","potentialAction":[{"@type":"ReadAction","target":["https:\/\/katarzyna.bg\/shop\/katarzyna-rubin-2021-075\/"]}]},{"@type":"ImageObject","inLanguage":"tr","@id":"https:\/\/katarzyna.bg\/shop\/katarzyna-rubin-2021-075\/#primaryimage","url":"https:\/\/katarzyna.bg\/wp-content\/uploads\/2025\/10\/rubin_2022_.jpg","contentUrl":"https:\/\/katarzyna.bg\/wp-content\/uploads\/2025\/10\/rubin_2022_.jpg","width":1000,"height":1240},{"@type":"BreadcrumbList","@id":"https:\/\/katarzyna.bg\/shop\/katarzyna-rubin-2021-075\/#breadcrumb","itemListElement":[{"@type":"ListItem","position":1,"name":"\u041d\u0430\u0447\u0430\u043b\u043e","item":"https:\/\/katarzyna.bg\/"},{"@type":"ListItem","position":2,"name":"\u041e\u043d\u043b\u0430\u0439\u043d \u041c\u0430\u0433\u0430\u0437\u0438\u043d","item":"https:\/\/katarzyna.bg\/shop\/"},{"@type":"ListItem","position":3,"name":"KATARZYNA Rubin 2021 0.75"}]},{"@type":"WebSite","@id":"https:\/\/katarzyna.bg\/#website","url":"https:\/\/katarzyna.bg\/","name":"Katarzyna","description":"Katarzyna","publisher":{"@id":"https:\/\/katarzyna.bg\/#organization"},"potentialAction":[{"@type":"SearchAction","target":{"@type":"EntryPoint","urlTemplate":"https:\/\/katarzyna.bg\/?s={search_term_string}"},"query-input":{"@type":"PropertyValueSpecification","valueRequired":true,"valueName":"search_term_string"}}],"inLanguage":"tr"},{"@type":"Organization","@id":"https:\/\/katarzyna.bg\/#organization","name":"Katarzyna Estate","url":"https:\/\/katarzyna.bg\/","logo":{"@type":"ImageObject","inLanguage":"tr","@id":"https:\/\/katarzyna.bg\/#\/schema\/logo\/image\/","url":"https:\/\/katarzyna.bg\/wp-content\/uploads\/2025\/03\/cropped-logo_grey-e1668669109649.png.webp","contentUrl":"https:\/\/katarzyna.bg\/wp-content\/uploads\/2025\/03\/cropped-logo_grey-e1668669109649.png.webp","width":512,"height":512,"caption":"Katarzyna Estate"},"image":{"@id":"https:\/\/katarzyna.bg\/#\/schema\/logo\/image\/"},"sameAs":["https:\/\/www.facebook.com\/katarzynaestate\/"]}]}},"_links":{"self":[{"href":"https:\/\/katarzyna.bg\/tr\/wp-json\/wp\/v2\/product\/26303","targetHints":{"allow":["GET"]}}],"collection":[{"href":"https:\/\/katarzyna.bg\/tr\/wp-json\/wp\/v2\/product"}],"about":[{"href":"https:\/\/katarzyna.bg\/tr\/wp-json\/wp\/v2\/types\/product"}],"replies":[{"embeddable":true,"href":"https:\/\/katarzyna.bg\/tr\/wp-json\/wp\/v2\/comments?post=26303"}],"wp:featuredmedia":[{"embeddable":true,"href":"https:\/\/katarzyna.bg\/tr\/wp-json\/wp\/v2\/media\/29384"}],"wp:attachment":[{"href":"https:\/\/katarzyna.bg\/tr\/wp-json\/wp\/v2\/media?parent=26303"}],"wp:term":[{"taxonomy":"product_brand","embeddable":true,"href":"https:\/\/katarzyna.bg\/tr\/wp-json\/wp\/v2\/product_brand?post=26303"},{"taxonomy":"product_cat","embeddable":true,"href":"https:\/\/katarzyna.bg\/tr\/wp-json\/wp\/v2\/product_cat?post=26303"},{"taxonomy":"product_tag","embeddable":true,"href":"https:\/\/katarzyna.bg\/tr\/wp-json\/wp\/v2\/product_tag?post=26303"}],"curies":[{"name":"wp","href":"https:\/\/api.w.org\/{rel}","templated":true}]}}