{"id":26321,"date":"2022-02-22T14:40:34","date_gmt":"2022-02-22T14:40:34","guid":{"rendered":"https:\/\/new.katarzyna.bg\/?product=question-mark-cabernet-sauvignon-merlot-2021-0-75"},"modified":"2026-05-06T02:11:24","modified_gmt":"2026-05-05T23:11:24","slug":"question-mark-cabernet-sauvignon-merlot-2021-0-75","status":"publish","type":"product","link":"https:\/\/katarzyna.bg\/tr\/shop\/question-mark-cabernet-sauvignon-merlot-2021-0-75\/","title":{"rendered":"QUESTION MARK 2021 0.75"},"content":{"rendered":"<p>Ba\u011f\u0131m\u0131zda, b\u00f6lgeye \u00f6zg\u00fc toprak tipi olan tar\u00e7\u0131n orman topra\u011f\u0131 ve 120-130 m rak\u0131mda, Cabernet Sauvignon ve Merlot \u00e7e\u015fitlerinden olu\u015fan iki parsel bulunmaktad\u0131r. Bu ba\u011flar\u0131n kalitesi ve karakteri, Katarzyna Estate\u2019nin simgesi olan bu \u015farab\u0131n \u00f6z\u00fcn\u00fc belirler.<\/p>\n<p>\u015earap, morumsu tonlara sahip yo\u011fun ve koyu k\u0131rm\u0131z\u0131 renge sahiptir. Koku profili baharatlar, duman, olgun orman meyveleri ve zarif\u00e7e harmanlanm\u0131\u015f ah\u015fap aromalar\u0131n\u0131n patlamas\u0131d\u0131r \u015earap etkileyici ve dolgun olup, vanilya, \u00e7ikolata ve olgun yaban mersini notalar\u0131na sahip kadifemsi bir yap\u0131ya sahiptir. Uzun biti\u015fi ve zarif sonras\u0131 tat, bu unutulmaz \u015faraba klas\u0131n\u0131 kazand\u0131r\u0131r.<\/p>\n<p>B\u00fcy\u00fck av eti, olgun peynirler veya f\u0131r\u0131nda k\u0131rm\u0131z\u0131 etlerle \u00e7ok iyi uyum sa\u011flar. T\u00fcketim i\u00e7in uygun s\u0131cakl\u0131k 18\u2070-20\u2070C'dir.<\/p>","protected":false},"excerpt":{"rendered":"<p>\u041d\u0430\u0448\u0438\u044f\u0442 \u043b\u043e\u0437\u043e\u0432 \u043c\u0430\u0441\u0438\u0432 \u0438\u043ca \u0434\u0432\u0430 \u043f\u0430\u0440\u0446\u0435\u043b\u0430 \u0441\u044a\u0441 \u0441\u043e\u0440\u0442\u043e\u0432\u0435\u0442\u0435 Cabernet Sauvignon \u0438 Merlot, \u0441 \u043f\u043e\u0447\u0432\u0438 \u0442\u0438\u043f\u0438\u0447\u043d\u0438 \u0437\u0430 \u0440\u0430\u0439\u043e\u043d\u0430 \u2013 \u043a\u0430\u043d\u0435\u043b\u0435\u043d\u0430 \u0433\u043e\u0440\u0441\u043a\u0430 \u0438 \u043d\u0430\u0434\u043c\u043e\u0440\u0441\u043a\u0430 \u0432\u0438\u0441\u043e\u0447\u0438\u043d\u0430 120\/130m. \u041a\u0430\u0447\u0435\u0441\u0442\u0432\u043e\u0442\u043e \u0438 \u0445\u0430\u0440\u0430\u043a\u0442\u0435\u0440\u044a\u0442 \u043d\u0430 \u0442\u0435\u0437\u0438 \u043b\u043e\u0437\u044f \u043e\u043f\u0440\u0435\u0434\u0435\u043b\u044f\u0442 \u0441\u044a\u0449\u043d\u043e\u0441\u0442\u0442\u0430 \u043d\u0430 \u0442\u043e\u0432\u0430 \u0435\u043c\u0431\u043b\u0435\u043c\u0430\u0442\u0438\u0447\u043d\u043e \u0437\u0430 Katarzyna Estate \u0432\u0438\u043d\u043e. \u0412\u0438\u043d\u043e\u0442\u043e \u0441\u0435 \u0445\u0430\u0440\u0430\u043a\u0442\u0435\u0440\u0438\u0437\u0438\u0440\u0430 \u0441 \u0438\u043d\u0442\u0435\u043d\u0437\u0438\u0432\u0435\u043d, \u043d\u0430\u0441\u0438\u0442\u0435\u043d\u043e \u0447\u0435\u0440\u0432\u0435\u043d \u0446\u0432\u044f\u0442 \u0441 \u0432\u0438\u043e\u043b\u0435\u0442\u043e\u0432\u0438 \u043e\u0442\u0442\u0435\u043d\u044a\u0446\u0438. \u041d\u043e\u0441\u044a\u0442 \u0435 \u0435\u043a\u0441\u043f\u043b\u043e\u0437\u0438\u044f \u043e\u0442 \u043f\u043e\u0434\u043f\u0440\u0430\u0432\u043a\u0438, [&hellip;]<\/p>","protected":false},"featured_media":26322,"comment_status":"open","ping_status":"closed","template":"","meta":[],"product_brand":[],"product_cat":[21,22],"product_tag":[],"class_list":{"0":"post-26321","1":"product","2":"type-product","3":"status-publish","4":"has-post-thumbnail","6":"product_cat-cherveno-vino","7":"product_cat-premium","8":"pa_marka-question-mark","9":"pa_proizhod-bulgaria","10":"pa_razvasofka-075-l","11":"pa_sort-cabernet-sauvignon","12":"pa_sort-merlot","14":"first","15":"instock","16":"sale","17":"shipping-taxable","18":"purchasable","19":"product-type-simple"},"yoast_head":"<!-- This site is optimized with the Yoast SEO plugin v27.1.1 - https:\/\/yoast.com\/product\/yoast-seo-wordpress\/ -->\n<title>QUESTION MARK 2021 0.75 \u043e\u0442 \u0412\u0438\u043d\u0430\u0440\u043d\u0430 Katarzyna<\/title>\n<meta name=\"description\" content=\"\u041f\u043e\u0440\u044a\u0447\u0430\u0439 \u041e\u043d\u043b\u0430\u0439\u043d QUESTION MARK 2021 0.75 \u2b50 \u0422\u043e\u043f \u0426\u0435\u043d\u0430 \u2708 \u0411\u044a\u0440\u0437\u0430 \u0414\u043e\u0441\u0442\u0430\u0432\u043a\u0430 \u2705 \u041f\u0440\u043e\u0432\u0435\u0440\u043a\u0430 \u043d\u0430 \u041f\u0440\u0430\u0442\u043a\u0430\u0442\u0430 \u0438 \u041f\u0440\u0430\u0432\u043e \u043d\u0430 \u0412\u0440\u044a\u0449\u0430\u043d\u0435\" \/>\n<meta name=\"robots\" content=\"index, follow, max-snippet:-1, max-image-preview:large, max-video-preview:-1\" \/>\n<link rel=\"canonical\" href=\"https:\/\/katarzyna.bg\/tr\/shop\/question-mark-cabernet-sauvignon-merlot-2021-0-75\/\" \/>\n<meta property=\"og:locale\" content=\"tr_TR\" \/>\n<meta property=\"og:type\" content=\"article\" \/>\n<meta property=\"og:title\" content=\"QUESTION MARK 2021 0.75 \u043e\u0442 \u0412\u0438\u043d\u0430\u0440\u043d\u0430 Katarzyna\" \/>\n<meta property=\"og:description\" content=\"\u041f\u043e\u0440\u044a\u0447\u0430\u0439 \u041e\u043d\u043b\u0430\u0439\u043d QUESTION MARK 2021 0.75 \u2b50 \u0422\u043e\u043f \u0426\u0435\u043d\u0430 \u2708 \u0411\u044a\u0440\u0437\u0430 \u0414\u043e\u0441\u0442\u0430\u0432\u043a\u0430 \u2705 \u041f\u0440\u043e\u0432\u0435\u0440\u043a\u0430 \u043d\u0430 \u041f\u0440\u0430\u0442\u043a\u0430\u0442\u0430 \u0438 \u041f\u0440\u0430\u0432\u043e \u043d\u0430 \u0412\u0440\u044a\u0449\u0430\u043d\u0435\" \/>\n<meta property=\"og:url\" content=\"https:\/\/katarzyna.bg\/tr\/shop\/question-mark-cabernet-sauvignon-merlot-2021-0-75\/\" \/>\n<meta property=\"og:site_name\" content=\"Katarzyna\" \/>\n<meta property=\"article:publisher\" content=\"https:\/\/www.facebook.com\/katarzynaestate\/\" \/>\n<meta property=\"article:modified_time\" content=\"2026-05-05T23:11:24+00:00\" \/>\n<meta property=\"og:image\" content=\"https:\/\/katarzyna.bg\/wp-content\/uploads\/2025\/04\/question-mark-cabernet-merlot.png\" \/>\n\t<meta property=\"og:image:width\" content=\"1000\" \/>\n\t<meta property=\"og:image:height\" content=\"1240\" \/>\n\t<meta property=\"og:image:type\" content=\"image\/png\" \/>\n<meta name=\"twitter:card\" content=\"summary_large_image\" \/>\n<meta name=\"twitter:label1\" content=\"Tahmini okuma s\u00fcresi\" \/>\n\t<meta name=\"twitter:data1\" content=\"1 dakika\" \/>\n<script type=\"application\/ld+json\" class=\"yoast-schema-graph\">{\"@context\":\"https:\/\/schema.org\",\"@graph\":[{\"@type\":[\"WebPage\",\"ItemPage\"],\"@id\":\"https:\/\/katarzyna.bg\/shop\/question-mark-cabernet-sauvignon-merlot-2021-0-75\/\",\"url\":\"https:\/\/katarzyna.bg\/shop\/question-mark-cabernet-sauvignon-merlot-2021-0-75\/\",\"name\":\"QUESTION MARK 2021 0.75 \u043e\u0442 \u0412\u0438\u043d\u0430\u0440\u043d\u0430 Katarzyna\",\"isPartOf\":{\"@id\":\"https:\/\/katarzyna.bg\/#website\"},\"primaryImageOfPage\":{\"@id\":\"https:\/\/katarzyna.bg\/shop\/question-mark-cabernet-sauvignon-merlot-2021-0-75\/#primaryimage\"},\"image\":{\"@id\":\"https:\/\/katarzyna.bg\/shop\/question-mark-cabernet-sauvignon-merlot-2021-0-75\/#primaryimage\"},\"thumbnailUrl\":\"https:\/\/katarzyna.bg\/wp-content\/uploads\/2025\/04\/question-mark-cabernet-merlot.png\",\"datePublished\":\"2022-02-22T14:40:34+00:00\",\"dateModified\":\"2026-05-05T23:11:24+00:00\",\"description\":\"\u041f\u043e\u0440\u044a\u0447\u0430\u0439 \u041e\u043d\u043b\u0430\u0439\u043d QUESTION MARK 2021 0.75 \u2b50 \u0422\u043e\u043f \u0426\u0435\u043d\u0430 \u2708 \u0411\u044a\u0440\u0437\u0430 \u0414\u043e\u0441\u0442\u0430\u0432\u043a\u0430 \u2705 \u041f\u0440\u043e\u0432\u0435\u0440\u043a\u0430 \u043d\u0430 \u041f\u0440\u0430\u0442\u043a\u0430\u0442\u0430 \u0438 \u041f\u0440\u0430\u0432\u043e \u043d\u0430 \u0412\u0440\u044a\u0449\u0430\u043d\u0435\",\"breadcrumb\":{\"@id\":\"https:\/\/katarzyna.bg\/shop\/question-mark-cabernet-sauvignon-merlot-2021-0-75\/#breadcrumb\"},\"inLanguage\":\"tr\",\"potentialAction\":[{\"@type\":\"ReadAction\",\"target\":[\"https:\/\/katarzyna.bg\/shop\/question-mark-cabernet-sauvignon-merlot-2021-0-75\/\"]}]},{\"@type\":\"ImageObject\",\"inLanguage\":\"tr\",\"@id\":\"https:\/\/katarzyna.bg\/shop\/question-mark-cabernet-sauvignon-merlot-2021-0-75\/#primaryimage\",\"url\":\"https:\/\/katarzyna.bg\/wp-content\/uploads\/2025\/04\/question-mark-cabernet-merlot.png\",\"contentUrl\":\"https:\/\/katarzyna.bg\/wp-content\/uploads\/2025\/04\/question-mark-cabernet-merlot.png\",\"width\":1000,\"height\":1240},{\"@type\":\"BreadcrumbList\",\"@id\":\"https:\/\/katarzyna.bg\/shop\/question-mark-cabernet-sauvignon-merlot-2021-0-75\/#breadcrumb\",\"itemListElement\":[{\"@type\":\"ListItem\",\"position\":1,\"name\":\"\u041d\u0430\u0447\u0430\u043b\u043e\",\"item\":\"https:\/\/katarzyna.bg\/\"},{\"@type\":\"ListItem\",\"position\":2,\"name\":\"\u041e\u043d\u043b\u0430\u0439\u043d \u041c\u0430\u0433\u0430\u0437\u0438\u043d\",\"item\":\"https:\/\/katarzyna.bg\/shop\/\"},{\"@type\":\"ListItem\",\"position\":3,\"name\":\"QUESTION MARK 2021 0.75\"}]},{\"@type\":\"WebSite\",\"@id\":\"https:\/\/katarzyna.bg\/#website\",\"url\":\"https:\/\/katarzyna.bg\/\",\"name\":\"Katarzyna\",\"description\":\"Katarzyna\",\"publisher\":{\"@id\":\"https:\/\/katarzyna.bg\/#organization\"},\"potentialAction\":[{\"@type\":\"SearchAction\",\"target\":{\"@type\":\"EntryPoint\",\"urlTemplate\":\"https:\/\/katarzyna.bg\/?s={search_term_string}\"},\"query-input\":{\"@type\":\"PropertyValueSpecification\",\"valueRequired\":true,\"valueName\":\"search_term_string\"}}],\"inLanguage\":\"tr\"},{\"@type\":\"Organization\",\"@id\":\"https:\/\/katarzyna.bg\/#organization\",\"name\":\"Katarzyna Estate\",\"url\":\"https:\/\/katarzyna.bg\/\",\"logo\":{\"@type\":\"ImageObject\",\"inLanguage\":\"tr\",\"@id\":\"https:\/\/katarzyna.bg\/#\/schema\/logo\/image\/\",\"url\":\"https:\/\/katarzyna.bg\/wp-content\/uploads\/2025\/03\/cropped-logo_grey-e1668669109649.png.webp\",\"contentUrl\":\"https:\/\/katarzyna.bg\/wp-content\/uploads\/2025\/03\/cropped-logo_grey-e1668669109649.png.webp\",\"width\":512,\"height\":512,\"caption\":\"Katarzyna Estate\"},\"image\":{\"@id\":\"https:\/\/katarzyna.bg\/#\/schema\/logo\/image\/\"},\"sameAs\":[\"https:\/\/www.facebook.com\/katarzynaestate\/\"]}]}<\/script>\n<!-- \/ Yoast SEO plugin. -->","yoast_head_json":{"title":"Katarzyna \u015earap Evi\u2019nden QUESTION MARK 2021 0,75 L","description":"Online Sipari\u015f: QUESTION MARK 2021 0,75 L \u2b50 En \u0130yi Fiyat \u2708 H\u0131zl\u0131 Teslimat \u2705 Kargo Kontrol\u00fc ve \u0130ade Hakk\u0131","robots":{"index":"index","follow":"follow","max-snippet":"max-snippet:-1","max-image-preview":"max-image-preview:large","max-video-preview":"max-video-preview:-1"},"canonical":"https:\/\/katarzyna.bg\/tr\/shop\/question-mark-cabernet-sauvignon-merlot-2021-0-75\/","og_locale":"tr_TR","og_type":"article","og_title":"QUESTION MARK 2021 0.75 \u043e\u0442 \u0412\u0438\u043d\u0430\u0440\u043d\u0430 Katarzyna","og_description":"\u041f\u043e\u0440\u044a\u0447\u0430\u0439 \u041e\u043d\u043b\u0430\u0439\u043d QUESTION MARK 2021 0.75 \u2b50 \u0422\u043e\u043f \u0426\u0435\u043d\u0430 \u2708 \u0411\u044a\u0440\u0437\u0430 \u0414\u043e\u0441\u0442\u0430\u0432\u043a\u0430 \u2705 \u041f\u0440\u043e\u0432\u0435\u0440\u043a\u0430 \u043d\u0430 \u041f\u0440\u0430\u0442\u043a\u0430\u0442\u0430 \u0438 \u041f\u0440\u0430\u0432\u043e \u043d\u0430 \u0412\u0440\u044a\u0449\u0430\u043d\u0435","og_url":"https:\/\/katarzyna.bg\/tr\/shop\/question-mark-cabernet-sauvignon-merlot-2021-0-75\/","og_site_name":"Katarzyna","article_publisher":"https:\/\/www.facebook.com\/katarzynaestate\/","article_modified_time":"2026-05-05T23:11:24+00:00","og_image":[{"width":1000,"height":1240,"url":"https:\/\/katarzyna.bg\/wp-content\/uploads\/2025\/04\/question-mark-cabernet-merlot.png","type":"image\/png"}],"twitter_card":"summary_large_image","twitter_misc":{"Tahmini okuma s\u00fcresi":"1 dakika"},"schema":{"@context":"https:\/\/schema.org","@graph":[{"@type":["WebPage","ItemPage"],"@id":"https:\/\/katarzyna.bg\/shop\/question-mark-cabernet-sauvignon-merlot-2021-0-75\/","url":"https:\/\/katarzyna.bg\/shop\/question-mark-cabernet-sauvignon-merlot-2021-0-75\/","name":"Katarzyna \u015earap Evi\u2019nden QUESTION MARK 2021 0,75 L","isPartOf":{"@id":"https:\/\/katarzyna.bg\/#website"},"primaryImageOfPage":{"@id":"https:\/\/katarzyna.bg\/shop\/question-mark-cabernet-sauvignon-merlot-2021-0-75\/#primaryimage"},"image":{"@id":"https:\/\/katarzyna.bg\/shop\/question-mark-cabernet-sauvignon-merlot-2021-0-75\/#primaryimage"},"thumbnailUrl":"https:\/\/katarzyna.bg\/wp-content\/uploads\/2025\/04\/question-mark-cabernet-merlot.png","datePublished":"2022-02-22T14:40:34+00:00","dateModified":"2026-05-05T23:11:24+00:00","description":"Online Sipari\u015f: QUESTION MARK 2021 0,75 L \u2b50 En \u0130yi Fiyat \u2708 H\u0131zl\u0131 Teslimat \u2705 Kargo Kontrol\u00fc ve \u0130ade Hakk\u0131","breadcrumb":{"@id":"https:\/\/katarzyna.bg\/shop\/question-mark-cabernet-sauvignon-merlot-2021-0-75\/#breadcrumb"},"inLanguage":"tr","potentialAction":[{"@type":"ReadAction","target":["https:\/\/katarzyna.bg\/shop\/question-mark-cabernet-sauvignon-merlot-2021-0-75\/"]}]},{"@type":"ImageObject","inLanguage":"tr","@id":"https:\/\/katarzyna.bg\/shop\/question-mark-cabernet-sauvignon-merlot-2021-0-75\/#primaryimage","url":"https:\/\/katarzyna.bg\/wp-content\/uploads\/2025\/04\/question-mark-cabernet-merlot.png","contentUrl":"https:\/\/katarzyna.bg\/wp-content\/uploads\/2025\/04\/question-mark-cabernet-merlot.png","width":1000,"height":1240},{"@type":"BreadcrumbList","@id":"https:\/\/katarzyna.bg\/shop\/question-mark-cabernet-sauvignon-merlot-2021-0-75\/#breadcrumb","itemListElement":[{"@type":"ListItem","position":1,"name":"\u041d\u0430\u0447\u0430\u043b\u043e","item":"https:\/\/katarzyna.bg\/"},{"@type":"ListItem","position":2,"name":"\u041e\u043d\u043b\u0430\u0439\u043d \u041c\u0430\u0433\u0430\u0437\u0438\u043d","item":"https:\/\/katarzyna.bg\/shop\/"},{"@type":"ListItem","position":3,"name":"QUESTION MARK 2021 0.75"}]},{"@type":"WebSite","@id":"https:\/\/katarzyna.bg\/#website","url":"https:\/\/katarzyna.bg\/","name":"Katarzyna","description":"Katarzyna","publisher":{"@id":"https:\/\/katarzyna.bg\/#organization"},"potentialAction":[{"@type":"SearchAction","target":{"@type":"EntryPoint","urlTemplate":"https:\/\/katarzyna.bg\/?s={search_term_string}"},"query-input":{"@type":"PropertyValueSpecification","valueRequired":true,"valueName":"search_term_string"}}],"inLanguage":"tr"},{"@type":"Organization","@id":"https:\/\/katarzyna.bg\/#organization","name":"Katarzyna Estate","url":"https:\/\/katarzyna.bg\/","logo":{"@type":"ImageObject","inLanguage":"tr","@id":"https:\/\/katarzyna.bg\/#\/schema\/logo\/image\/","url":"https:\/\/katarzyna.bg\/wp-content\/uploads\/2025\/03\/cropped-logo_grey-e1668669109649.png.webp","contentUrl":"https:\/\/katarzyna.bg\/wp-content\/uploads\/2025\/03\/cropped-logo_grey-e1668669109649.png.webp","width":512,"height":512,"caption":"Katarzyna Estate"},"image":{"@id":"https:\/\/katarzyna.bg\/#\/schema\/logo\/image\/"},"sameAs":["https:\/\/www.facebook.com\/katarzynaestate\/"]}]}},"_links":{"self":[{"href":"https:\/\/katarzyna.bg\/tr\/wp-json\/wp\/v2\/product\/26321","targetHints":{"allow":["GET"]}}],"collection":[{"href":"https:\/\/katarzyna.bg\/tr\/wp-json\/wp\/v2\/product"}],"about":[{"href":"https:\/\/katarzyna.bg\/tr\/wp-json\/wp\/v2\/types\/product"}],"replies":[{"embeddable":true,"href":"https:\/\/katarzyna.bg\/tr\/wp-json\/wp\/v2\/comments?post=26321"}],"wp:featuredmedia":[{"embeddable":true,"href":"https:\/\/katarzyna.bg\/tr\/wp-json\/wp\/v2\/media\/26322"}],"wp:attachment":[{"href":"https:\/\/katarzyna.bg\/tr\/wp-json\/wp\/v2\/media?parent=26321"}],"wp:term":[{"taxonomy":"product_brand","embeddable":true,"href":"https:\/\/katarzyna.bg\/tr\/wp-json\/wp\/v2\/product_brand?post=26321"},{"taxonomy":"product_cat","embeddable":true,"href":"https:\/\/katarzyna.bg\/tr\/wp-json\/wp\/v2\/product_cat?post=26321"},{"taxonomy":"product_tag","embeddable":true,"href":"https:\/\/katarzyna.bg\/tr\/wp-json\/wp\/v2\/product_tag?post=26321"}],"curies":[{"name":"wp","href":"https:\/\/api.w.org\/{rel}","templated":true}]}}