{"id":26358,"date":"2023-02-22T14:40:56","date_gmt":"2023-02-22T14:40:56","guid":{"rendered":"https:\/\/new.katarzyna.bg\/?product=cheval-de-katarzyna-sauvignon-blanc-2023-0-75"},"modified":"2026-04-09T09:49:38","modified_gmt":"2026-04-09T06:49:38","slug":"cheval-de-katarzyna-sauvignon-blanc-2023-0-75","status":"publish","type":"product","link":"https:\/\/katarzyna.bg\/tr\/shop\/cheval-de-katarzyna-sauvignon-blanc-2023-0-75\/","title":{"rendered":"CHEVAL DE KATARZYNA Sauvignon Blanc 2025"},"content":{"rendered":"<p>CHEVAL De KATARZYNA serisinin \u015faraplar\u0131 tek \u00e7e\u015fit \u00fcz\u00fcmden yap\u0131lm\u0131\u015ft\u0131r ve terroir \u015faraplar\u0131n\u0131n tipik temsilcileri olarak tan\u0131mlanabilir. Bu \u015faraplar, her biri kendine \u00f6zg\u00fc karakteristik \u00f6zelliklere sahiptir ve di\u011fer t\u00fcm \u015faraplardan kolayca ay\u0131rt edilebilir. Bu seride \u015farap yap\u0131m\u0131na minimum d\u00fczeyde m\u00fcdahale yap\u0131lmaktad\u0131r; \u00e7\u00fcnk\u00fc as\u0131l ama\u00e7 terroirin (yani toprak ve iklimin) \u00fcz\u00fcm \u00fczerindeki etkisinin en iyi \u015fekilde ortaya konmas\u0131d\u0131r.<\/p>\n<p>\u015earap, ho\u015f sar\u0131-ye\u015fil rengiyle dikkat \u00e7eker ve narenciye, ye\u015fil biber ve ye\u015fil \u015feftali notalar\u0131yla birle\u015fen yo\u011fun ve ferahlat\u0131c\u0131 bir aromaya sahiptir. Narenciye tazeli\u011fiyle tamamlanan yumu\u015fak tad\u0131, dama\u011fa ho\u015f bir denge sunar. \u015earab\u0131n finalinde ve kal\u0131c\u0131l\u0131\u011f\u0131nda zarafet ve incelik \u00f6ne \u00e7\u0131kar.<\/p>\n<p>Taze peynirler, hafif salatalar, bal\u0131k yemekleri ve meyveli tatl\u0131larla \u00e7ok iyi uyum sa\u011flar. T\u00fcketim i\u00e7in ideal s\u0131cakl\u0131k 12\u2070\u201314\u2070C\u2019dir.<\/p>","protected":false},"excerpt":{"rendered":"<p>\u0412\u0438\u043d\u0430\u0442\u0430 \u043e\u0442 \u0441\u0435\u0440\u0438\u044f CHEVAL De KATARZYNA \u0441\u0430 \u0447\u0438\u0441\u0442\u043e\u0441\u043e\u0440\u0442\u043e\u0432\u0438 \u0438 \u043c\u043e\u0433\u0430\u0442 \u0434\u0430 \u0431\u044a\u0434\u0430\u0442 \u043e\u043f\u0440\u0435\u0434\u0435\u043b\u0435\u043d\u0438 \u043a\u0430\u0442\u043e \u0442\u0438\u043f\u0438\u0447\u043d\u0438 \u043f\u0440\u0435\u0434\u0441\u0442\u0430\u0432\u0438\u0442\u0435\u043b\u0438 \u043d\u0430 \u0442\u0435\u0440\u043e\u0430\u0440\u043d\u0438\u0442\u0435 \u0432\u0438\u043d\u0430. \u0422\u0435 \u0441\u0435 \u0445\u0430\u0440\u0430\u043a\u0442\u0435\u0440\u0438\u0437\u0438\u0440\u0430\u0442 \u0441 \u0435\u0434\u043d\u0430 \u043d\u0435\u043f\u043e\u0432\u0442\u043e\u0440\u0438\u043c\u043e\u0441\u0442 \u0438 \u043d\u043e\u0441\u044f\u0442 \u0431\u0435\u043b\u0435\u0437\u0438, \u043a\u043e\u0438\u0442\u043e \u0433\u0438 \u043e\u0442\u043b\u0438\u0447\u0430\u0432\u0430\u0442 \u043e\u0442 \u0432\u0441\u044f\u043a\u043e \u0434\u0440\u0443\u0433\u043e \u0432\u0438\u043d\u043e. \u041f\u0440\u0438 \u0442\u0435\u0437\u0438 \u0432\u0438\u043d\u0430 \u0442\u0435\u0445\u043d\u043e\u043b\u043e\u0437\u0438\u0442\u0435 \u0438\u043c\u0430\u0442 \u043c\u0438\u043d\u0438\u043c\u0430\u043b\u043d\u0430 \u043d\u0430\u043c\u0435\u0441\u0430, \u0437\u0430\u0449\u043e\u0442\u043e \u043e\u0441\u043d\u043e\u0432\u043d\u0430\u0442\u0430 \u0438\u043c \u0446\u0435\u043b \u0435 \u0442\u0435\u0440\u043e\u0430\u0440\u044a\u0442 \u043c\u0430\u043a\u0441\u0438\u043c\u0430\u043b\u043d\u043e \u0434\u0430 \u0441\u0435 \u0438\u0437\u044f\u0432\u0438 \u0438 \u0434\u0430 \u043e\u0441\u0442\u0430\u0432\u0438 [&hellip;]<\/p>","protected":false},"featured_media":26359,"comment_status":"open","ping_status":"closed","template":"","meta":[],"product_brand":[],"product_cat":[24],"product_tag":[],"class_list":{"0":"post-26358","1":"product","2":"type-product","3":"status-publish","4":"has-post-thumbnail","6":"product_cat-byalo-vino","7":"pa_marka-cheval-de-katarzyna","8":"pa_razvasofka-075-l","9":"pa_rekolta-137","10":"pa_sort-sauvignon-blanc","12":"first","13":"instock","14":"shipping-taxable","15":"purchasable","16":"product-type-simple"},"yoast_head":"<!-- This site is optimized with the Yoast SEO plugin v27.1.1 - https:\/\/yoast.com\/product\/yoast-seo-wordpress\/ -->\n<title>CHEVAL DE KATARZYNA Sauvignon Blanc 2025 \u043e\u0442 \u0412\u0438\u043d\u0430\u0440\u043d\u0430 Katarzyna<\/title>\n<meta name=\"description\" content=\"\u041f\u043e\u0440\u044a\u0447\u0430\u0439 \u041e\u043d\u043b\u0430\u0439\u043d CHEVAL DE KATARZYNA Sauvignon Blanc 2025 \u2b50 \u0422\u043e\u043f \u0426\u0435\u043d\u0430 \u2708 \u0411\u044a\u0440\u0437\u0430 \u0414\u043e\u0441\u0442\u0430\u0432\u043a\u0430 \u2705 \u041f\u0440\u043e\u0432\u0435\u0440\u043a\u0430 \u043d\u0430 \u041f\u0440\u0430\u0442\u043a\u0430\u0442\u0430 \u0438 \u041f\u0440\u0430\u0432\u043e \u043d\u0430 \u0412\u0440\u044a\u0449\u0430\u043d\u0435\" \/>\n<meta name=\"robots\" content=\"index, follow, max-snippet:-1, max-image-preview:large, max-video-preview:-1\" \/>\n<link rel=\"canonical\" href=\"https:\/\/katarzyna.bg\/tr\/shop\/cheval-de-katarzyna-sauvignon-blanc-2023-0-75\/\" \/>\n<meta property=\"og:locale\" content=\"tr_TR\" \/>\n<meta property=\"og:type\" content=\"article\" \/>\n<meta property=\"og:title\" content=\"CHEVAL DE KATARZYNA Sauvignon Blanc 2025 \u043e\u0442 \u0412\u0438\u043d\u0430\u0440\u043d\u0430 Katarzyna\" \/>\n<meta property=\"og:description\" content=\"\u041f\u043e\u0440\u044a\u0447\u0430\u0439 \u041e\u043d\u043b\u0430\u0439\u043d CHEVAL DE KATARZYNA Sauvignon Blanc 2025 \u2b50 \u0422\u043e\u043f \u0426\u0435\u043d\u0430 \u2708 \u0411\u044a\u0440\u0437\u0430 \u0414\u043e\u0441\u0442\u0430\u0432\u043a\u0430 \u2705 \u041f\u0440\u043e\u0432\u0435\u0440\u043a\u0430 \u043d\u0430 \u041f\u0440\u0430\u0442\u043a\u0430\u0442\u0430 \u0438 \u041f\u0440\u0430\u0432\u043e \u043d\u0430 \u0412\u0440\u044a\u0449\u0430\u043d\u0435\" \/>\n<meta property=\"og:url\" content=\"https:\/\/katarzyna.bg\/tr\/shop\/cheval-de-katarzyna-sauvignon-blanc-2023-0-75\/\" \/>\n<meta property=\"og:site_name\" content=\"Katarzyna\" \/>\n<meta property=\"article:publisher\" content=\"https:\/\/www.facebook.com\/katarzynaestate\/\" \/>\n<meta property=\"article:modified_time\" content=\"2026-04-09T06:49:38+00:00\" \/>\n<meta property=\"og:image\" content=\"https:\/\/katarzyna.bg\/wp-content\/uploads\/2025\/04\/cheval_sauvignon_blanc-1.png\" \/>\n\t<meta property=\"og:image:width\" content=\"1000\" \/>\n\t<meta property=\"og:image:height\" content=\"1240\" \/>\n\t<meta property=\"og:image:type\" content=\"image\/png\" \/>\n<meta name=\"twitter:card\" content=\"summary_large_image\" \/>\n<meta name=\"twitter:label1\" content=\"Tahmini okuma s\u00fcresi\" \/>\n\t<meta name=\"twitter:data1\" content=\"2 dakika\" \/>\n<script type=\"application\/ld+json\" class=\"yoast-schema-graph\">{\"@context\":\"https:\/\/schema.org\",\"@graph\":[{\"@type\":[\"WebPage\",\"ItemPage\"],\"@id\":\"https:\/\/katarzyna.bg\/shop\/cheval-de-katarzyna-sauvignon-blanc-2023-0-75\/\",\"url\":\"https:\/\/katarzyna.bg\/shop\/cheval-de-katarzyna-sauvignon-blanc-2023-0-75\/\",\"name\":\"CHEVAL DE KATARZYNA Sauvignon Blanc 2025 \u043e\u0442 \u0412\u0438\u043d\u0430\u0440\u043d\u0430 Katarzyna\",\"isPartOf\":{\"@id\":\"https:\/\/katarzyna.bg\/#website\"},\"primaryImageOfPage\":{\"@id\":\"https:\/\/katarzyna.bg\/shop\/cheval-de-katarzyna-sauvignon-blanc-2023-0-75\/#primaryimage\"},\"image\":{\"@id\":\"https:\/\/katarzyna.bg\/shop\/cheval-de-katarzyna-sauvignon-blanc-2023-0-75\/#primaryimage\"},\"thumbnailUrl\":\"https:\/\/katarzyna.bg\/wp-content\/uploads\/2025\/04\/cheval_sauvignon_blanc-1.png\",\"datePublished\":\"2023-02-22T14:40:56+00:00\",\"dateModified\":\"2026-04-09T06:49:38+00:00\",\"description\":\"\u041f\u043e\u0440\u044a\u0447\u0430\u0439 \u041e\u043d\u043b\u0430\u0439\u043d CHEVAL DE KATARZYNA Sauvignon Blanc 2025 \u2b50 \u0422\u043e\u043f \u0426\u0435\u043d\u0430 \u2708 \u0411\u044a\u0440\u0437\u0430 \u0414\u043e\u0441\u0442\u0430\u0432\u043a\u0430 \u2705 \u041f\u0440\u043e\u0432\u0435\u0440\u043a\u0430 \u043d\u0430 \u041f\u0440\u0430\u0442\u043a\u0430\u0442\u0430 \u0438 \u041f\u0440\u0430\u0432\u043e \u043d\u0430 \u0412\u0440\u044a\u0449\u0430\u043d\u0435\",\"breadcrumb\":{\"@id\":\"https:\/\/katarzyna.bg\/shop\/cheval-de-katarzyna-sauvignon-blanc-2023-0-75\/#breadcrumb\"},\"inLanguage\":\"tr\",\"potentialAction\":[{\"@type\":\"ReadAction\",\"target\":[\"https:\/\/katarzyna.bg\/shop\/cheval-de-katarzyna-sauvignon-blanc-2023-0-75\/\"]}]},{\"@type\":\"ImageObject\",\"inLanguage\":\"tr\",\"@id\":\"https:\/\/katarzyna.bg\/shop\/cheval-de-katarzyna-sauvignon-blanc-2023-0-75\/#primaryimage\",\"url\":\"https:\/\/katarzyna.bg\/wp-content\/uploads\/2025\/04\/cheval_sauvignon_blanc-1.png\",\"contentUrl\":\"https:\/\/katarzyna.bg\/wp-content\/uploads\/2025\/04\/cheval_sauvignon_blanc-1.png\",\"width\":1000,\"height\":1240},{\"@type\":\"BreadcrumbList\",\"@id\":\"https:\/\/katarzyna.bg\/shop\/cheval-de-katarzyna-sauvignon-blanc-2023-0-75\/#breadcrumb\",\"itemListElement\":[{\"@type\":\"ListItem\",\"position\":1,\"name\":\"\u041d\u0430\u0447\u0430\u043b\u043e\",\"item\":\"https:\/\/katarzyna.bg\/\"},{\"@type\":\"ListItem\",\"position\":2,\"name\":\"\u041e\u043d\u043b\u0430\u0439\u043d \u041c\u0430\u0433\u0430\u0437\u0438\u043d\",\"item\":\"https:\/\/katarzyna.bg\/shop\/\"},{\"@type\":\"ListItem\",\"position\":3,\"name\":\"CHEVAL DE KATARZYNA Sauvignon Blanc 2025\"}]},{\"@type\":\"WebSite\",\"@id\":\"https:\/\/katarzyna.bg\/#website\",\"url\":\"https:\/\/katarzyna.bg\/\",\"name\":\"Katarzyna\",\"description\":\"Katarzyna\",\"publisher\":{\"@id\":\"https:\/\/katarzyna.bg\/#organization\"},\"potentialAction\":[{\"@type\":\"SearchAction\",\"target\":{\"@type\":\"EntryPoint\",\"urlTemplate\":\"https:\/\/katarzyna.bg\/?s={search_term_string}\"},\"query-input\":{\"@type\":\"PropertyValueSpecification\",\"valueRequired\":true,\"valueName\":\"search_term_string\"}}],\"inLanguage\":\"tr\"},{\"@type\":\"Organization\",\"@id\":\"https:\/\/katarzyna.bg\/#organization\",\"name\":\"Katarzyna Estate\",\"url\":\"https:\/\/katarzyna.bg\/\",\"logo\":{\"@type\":\"ImageObject\",\"inLanguage\":\"tr\",\"@id\":\"https:\/\/katarzyna.bg\/#\/schema\/logo\/image\/\",\"url\":\"https:\/\/katarzyna.bg\/wp-content\/uploads\/2025\/03\/cropped-logo_grey-e1668669109649.png.webp\",\"contentUrl\":\"https:\/\/katarzyna.bg\/wp-content\/uploads\/2025\/03\/cropped-logo_grey-e1668669109649.png.webp\",\"width\":512,\"height\":512,\"caption\":\"Katarzyna Estate\"},\"image\":{\"@id\":\"https:\/\/katarzyna.bg\/#\/schema\/logo\/image\/\"},\"sameAs\":[\"https:\/\/www.facebook.com\/katarzynaestate\/\"]}]}<\/script>\n<!-- \/ Yoast SEO plugin. -->","yoast_head_json":{"title":"CHEVAL DE KATARZYNA Sauvignon Blanc 2025 \u043e\u0442 \u0412\u0438\u043d\u0430\u0440\u043d\u0430 Katarzyna","description":"\u041f\u043e\u0440\u044a\u0447\u0430\u0439 \u041e\u043d\u043b\u0430\u0439\u043d CHEVAL DE KATARZYNA Sauvignon Blanc 2025 \u2b50 \u0422\u043e\u043f \u0426\u0435\u043d\u0430 \u2708 \u0411\u044a\u0440\u0437\u0430 \u0414\u043e\u0441\u0442\u0430\u0432\u043a\u0430 \u2705 \u041f\u0440\u043e\u0432\u0435\u0440\u043a\u0430 \u043d\u0430 \u041f\u0440\u0430\u0442\u043a\u0430\u0442\u0430 \u0438 \u041f\u0440\u0430\u0432\u043e \u043d\u0430 \u0412\u0440\u044a\u0449\u0430\u043d\u0435","robots":{"index":"index","follow":"follow","max-snippet":"max-snippet:-1","max-image-preview":"max-image-preview:large","max-video-preview":"max-video-preview:-1"},"canonical":"https:\/\/katarzyna.bg\/tr\/shop\/cheval-de-katarzyna-sauvignon-blanc-2023-0-75\/","og_locale":"tr_TR","og_type":"article","og_title":"CHEVAL DE KATARZYNA Sauvignon Blanc 2025 \u043e\u0442 \u0412\u0438\u043d\u0430\u0440\u043d\u0430 Katarzyna","og_description":"\u041f\u043e\u0440\u044a\u0447\u0430\u0439 \u041e\u043d\u043b\u0430\u0439\u043d CHEVAL DE KATARZYNA Sauvignon Blanc 2025 \u2b50 \u0422\u043e\u043f \u0426\u0435\u043d\u0430 \u2708 \u0411\u044a\u0440\u0437\u0430 \u0414\u043e\u0441\u0442\u0430\u0432\u043a\u0430 \u2705 \u041f\u0440\u043e\u0432\u0435\u0440\u043a\u0430 \u043d\u0430 \u041f\u0440\u0430\u0442\u043a\u0430\u0442\u0430 \u0438 \u041f\u0440\u0430\u0432\u043e \u043d\u0430 \u0412\u0440\u044a\u0449\u0430\u043d\u0435","og_url":"https:\/\/katarzyna.bg\/tr\/shop\/cheval-de-katarzyna-sauvignon-blanc-2023-0-75\/","og_site_name":"Katarzyna","article_publisher":"https:\/\/www.facebook.com\/katarzynaestate\/","article_modified_time":"2026-04-09T06:49:38+00:00","og_image":[{"width":1000,"height":1240,"url":"https:\/\/katarzyna.bg\/wp-content\/uploads\/2025\/04\/cheval_sauvignon_blanc-1.png","type":"image\/png"}],"twitter_card":"summary_large_image","twitter_misc":{"Tahmini okuma s\u00fcresi":"2 dakika"},"schema":{"@context":"https:\/\/schema.org","@graph":[{"@type":["WebPage","ItemPage"],"@id":"https:\/\/katarzyna.bg\/shop\/cheval-de-katarzyna-sauvignon-blanc-2023-0-75\/","url":"https:\/\/katarzyna.bg\/shop\/cheval-de-katarzyna-sauvignon-blanc-2023-0-75\/","name":"CHEVAL DE KATARZYNA Sauvignon Blanc 2025 \u043e\u0442 \u0412\u0438\u043d\u0430\u0440\u043d\u0430 Katarzyna","isPartOf":{"@id":"https:\/\/katarzyna.bg\/#website"},"primaryImageOfPage":{"@id":"https:\/\/katarzyna.bg\/shop\/cheval-de-katarzyna-sauvignon-blanc-2023-0-75\/#primaryimage"},"image":{"@id":"https:\/\/katarzyna.bg\/shop\/cheval-de-katarzyna-sauvignon-blanc-2023-0-75\/#primaryimage"},"thumbnailUrl":"https:\/\/katarzyna.bg\/wp-content\/uploads\/2025\/04\/cheval_sauvignon_blanc-1.png","datePublished":"2023-02-22T14:40:56+00:00","dateModified":"2026-04-09T06:49:38+00:00","description":"\u041f\u043e\u0440\u044a\u0447\u0430\u0439 \u041e\u043d\u043b\u0430\u0439\u043d CHEVAL DE KATARZYNA Sauvignon Blanc 2025 \u2b50 \u0422\u043e\u043f \u0426\u0435\u043d\u0430 \u2708 \u0411\u044a\u0440\u0437\u0430 \u0414\u043e\u0441\u0442\u0430\u0432\u043a\u0430 \u2705 \u041f\u0440\u043e\u0432\u0435\u0440\u043a\u0430 \u043d\u0430 \u041f\u0440\u0430\u0442\u043a\u0430\u0442\u0430 \u0438 \u041f\u0440\u0430\u0432\u043e \u043d\u0430 \u0412\u0440\u044a\u0449\u0430\u043d\u0435","breadcrumb":{"@id":"https:\/\/katarzyna.bg\/shop\/cheval-de-katarzyna-sauvignon-blanc-2023-0-75\/#breadcrumb"},"inLanguage":"tr","potentialAction":[{"@type":"ReadAction","target":["https:\/\/katarzyna.bg\/shop\/cheval-de-katarzyna-sauvignon-blanc-2023-0-75\/"]}]},{"@type":"ImageObject","inLanguage":"tr","@id":"https:\/\/katarzyna.bg\/shop\/cheval-de-katarzyna-sauvignon-blanc-2023-0-75\/#primaryimage","url":"https:\/\/katarzyna.bg\/wp-content\/uploads\/2025\/04\/cheval_sauvignon_blanc-1.png","contentUrl":"https:\/\/katarzyna.bg\/wp-content\/uploads\/2025\/04\/cheval_sauvignon_blanc-1.png","width":1000,"height":1240},{"@type":"BreadcrumbList","@id":"https:\/\/katarzyna.bg\/shop\/cheval-de-katarzyna-sauvignon-blanc-2023-0-75\/#breadcrumb","itemListElement":[{"@type":"ListItem","position":1,"name":"\u041d\u0430\u0447\u0430\u043b\u043e","item":"https:\/\/katarzyna.bg\/"},{"@type":"ListItem","position":2,"name":"\u041e\u043d\u043b\u0430\u0439\u043d \u041c\u0430\u0433\u0430\u0437\u0438\u043d","item":"https:\/\/katarzyna.bg\/shop\/"},{"@type":"ListItem","position":3,"name":"CHEVAL DE KATARZYNA Sauvignon Blanc 2025"}]},{"@type":"WebSite","@id":"https:\/\/katarzyna.bg\/#website","url":"https:\/\/katarzyna.bg\/","name":"Katarzyna","description":"Katarzyna","publisher":{"@id":"https:\/\/katarzyna.bg\/#organization"},"potentialAction":[{"@type":"SearchAction","target":{"@type":"EntryPoint","urlTemplate":"https:\/\/katarzyna.bg\/?s={search_term_string}"},"query-input":{"@type":"PropertyValueSpecification","valueRequired":true,"valueName":"search_term_string"}}],"inLanguage":"tr"},{"@type":"Organization","@id":"https:\/\/katarzyna.bg\/#organization","name":"Katarzyna Estate","url":"https:\/\/katarzyna.bg\/","logo":{"@type":"ImageObject","inLanguage":"tr","@id":"https:\/\/katarzyna.bg\/#\/schema\/logo\/image\/","url":"https:\/\/katarzyna.bg\/wp-content\/uploads\/2025\/03\/cropped-logo_grey-e1668669109649.png.webp","contentUrl":"https:\/\/katarzyna.bg\/wp-content\/uploads\/2025\/03\/cropped-logo_grey-e1668669109649.png.webp","width":512,"height":512,"caption":"Katarzyna Estate"},"image":{"@id":"https:\/\/katarzyna.bg\/#\/schema\/logo\/image\/"},"sameAs":["https:\/\/www.facebook.com\/katarzynaestate\/"]}]}},"_links":{"self":[{"href":"https:\/\/katarzyna.bg\/tr\/wp-json\/wp\/v2\/product\/26358","targetHints":{"allow":["GET"]}}],"collection":[{"href":"https:\/\/katarzyna.bg\/tr\/wp-json\/wp\/v2\/product"}],"about":[{"href":"https:\/\/katarzyna.bg\/tr\/wp-json\/wp\/v2\/types\/product"}],"replies":[{"embeddable":true,"href":"https:\/\/katarzyna.bg\/tr\/wp-json\/wp\/v2\/comments?post=26358"}],"wp:featuredmedia":[{"embeddable":true,"href":"https:\/\/katarzyna.bg\/tr\/wp-json\/wp\/v2\/media\/26359"}],"wp:attachment":[{"href":"https:\/\/katarzyna.bg\/tr\/wp-json\/wp\/v2\/media?parent=26358"}],"wp:term":[{"taxonomy":"product_brand","embeddable":true,"href":"https:\/\/katarzyna.bg\/tr\/wp-json\/wp\/v2\/product_brand?post=26358"},{"taxonomy":"product_cat","embeddable":true,"href":"https:\/\/katarzyna.bg\/tr\/wp-json\/wp\/v2\/product_cat?post=26358"},{"taxonomy":"product_tag","embeddable":true,"href":"https:\/\/katarzyna.bg\/tr\/wp-json\/wp\/v2\/product_tag?post=26358"}],"curies":[{"name":"wp","href":"https:\/\/api.w.org\/{rel}","templated":true}]}}