{"id":26366,"date":"2024-02-22T14:40:56","date_gmt":"2024-02-22T14:40:56","guid":{"rendered":"https:\/\/new.katarzyna.bg\/?product=contemplations-chardonnay-2024-0-75"},"modified":"2026-04-07T08:32:30","modified_gmt":"2026-04-07T05:32:30","slug":"contemplations-chardonnay-2024-0-75","status":"publish","type":"product","link":"https:\/\/katarzyna.bg\/tr\/shop\/contemplations-chardonnay-2024-0-75\/","title":{"rendered":"CONTEMPLATIONS Chardonnay 2024 0.75"},"content":{"rendered":"<p>Her CONTEMPLATIONS serisi hasad\u0131, size alt\u0131 farkl\u0131 hikaye anlatan alt\u0131 yeni farkl\u0131 etiketle gelir. Chardonnay 2023\u2019\u00fcn tasar\u0131m\u0131, Bulgaristan\u2019\u0131n farkl\u0131 \u015fehirlerindeki en g\u00fczel binalar\u0131n ikonik mimarisi ve hikayelerinden ilham al\u0131nm\u0131\u015ft\u0131r. G\u00fcnl\u00fck hayat\u0131m\u0131zda yan\u0131ndan ge\u00e7ti\u011fimiz ama belki de bilmedi\u011fimiz ilgin\u00e7 bilgileri, bu serinin etiketlerinde ke\u015ffedebilirsiniz.<\/p>\n<p>\u015earap, yo\u011fun sar\u0131-ye\u015fil renge sahiptir. Yo\u011fun ve uyumlu narenciye, \u015feftali, vanilya ve k\u0131zarm\u0131\u015f ekmek aromalar\u0131 i\u00e7erir. Dengeli ve zarif tad\u0131; hacim, yumu\u015fakl\u0131k, narenciye tazeli\u011fi ve yo\u011fun aromatik tatlar\u0131 bir araya getirerek uzun ve \u00e7ekici bir biti\u015fe ula\u015ft\u0131r\u0131r.<\/p>\n<p>Olgun peynirler, beyaz etler, bal\u0131k yemekleri ve s\u0131cak salatalarla m\u00fckemmel uyum sa\u011flar. T\u00fcketim i\u00e7in ideal s\u0131cakl\u0131k 12\u2070\u201314\u2070C\u2019dir.<\/p>","protected":false},"excerpt":{"rendered":"<p>\u0412\u0441\u044f\u043a\u0430 \u0440\u0435\u043a\u043e\u043b\u0442\u0430 \u043e\u0442 \u0441\u0435\u0440\u0438\u044f\u0442\u0430 CONTEMPLATIONS, \u0438\u0434\u0432\u0430 \u0441 \u043d\u043e\u0432\u0438 \u0448\u0435\u0441\u0442 \u0440\u0430\u0437\u043b\u0438\u0447\u043d\u0438 \u0435\u0442\u0438\u043a\u0435\u0442\u0430, \u043a\u043e\u0438\u0442\u043e \u0449\u0435 \u0432\u0438 \u0440\u0430\u0437\u043a\u0430\u0436\u0430\u0442 \u0448\u0435\u0441\u0442 \u0440\u0430\u0437\u043b\u0438\u0447\u043d\u0438 \u0438\u0441\u0442\u043e\u0440\u0438\u0438. \u0412\u0438\u0437\u0438\u044f\u0442\u0430 \u0437\u0430 Chardonnay 2023 \u0435 \u0432\u0434\u044a\u0445\u043d\u043e\u0432\u0435\u043d\u0430 \u043e\u0442 \u0435\u043c\u0431\u043b\u0435\u043c\u0430\u0442\u0438\u043d\u0438\u0442\u0435 \u0430\u0440\u0445\u0438\u0442\u0435\u043a\u0442\u0443\u0440\u0438 \u0438 \u0438\u0441\u0442\u043e\u0440\u0438\u0438 \u043d\u0430 \u0435\u0434\u043d\u0438 \u043e\u0442 \u043d\u0430\u0439-\u043a\u0440\u0430\u0441\u0438\u0432\u0438\u0442\u0435 \u0441\u0433\u0440\u0430\u0434\u0438 \u0432 \u0440\u0430\u0437\u043b\u0447\u043d\u0438 \u0433\u0440\u0430\u0434\u043e\u0432\u0435 \u043d\u0430 \u0411\u044a\u043b\u0433\u0430\u0440\u0438\u044f. \u0421\u0433\u0440\u0430\u0434\u0438 \u043f\u043e\u043a\u0440\u0430\u0439, \u043a\u043e\u0438\u0442\u043e \u0432\u0441\u0435\u043a\u0438 \u0434\u0435\u043d \u043c\u0438\u043d\u0430\u0432\u0430\u043c\u0435, \u043d\u043e \u043c\u043e\u0436\u0435 \u0431\u0438 \u043d\u0435 \u0437\u043d\u0430\u0435\u043c \u043d\u044f\u043a\u043e\u0438 \u043b\u044e\u0431\u043e\u043f\u0438\u0442\u043d\u0438 \u0444\u0430\u043a\u0442\u0438, \u043a\u043e\u0438\u0442\u043e \u0449\u0435 [&hellip;]<\/p>","protected":false},"featured_media":29367,"comment_status":"open","ping_status":"closed","template":"","meta":[],"product_brand":[],"product_cat":[24],"product_tag":[],"class_list":{"0":"post-26366","1":"product","2":"type-product","3":"status-publish","4":"has-post-thumbnail","6":"product_cat-byalo-vino","7":"pa_marka-contemplations","8":"pa_proizhod-bulgaria","9":"pa_razvasofka-075-l","10":"pa_rekolta-137","11":"pa_sort-chardonnay","13":"first","14":"instock","15":"featured","16":"shipping-taxable","17":"purchasable","18":"product-type-simple"},"yoast_head":"<!-- This site is optimized with the Yoast SEO plugin v27.1.1 - https:\/\/yoast.com\/product\/yoast-seo-wordpress\/ -->\n<title>CONTEMPLATIONS Chardonnay 2024 0.75 \u043e\u0442 \u0412\u0438\u043d\u0430\u0440\u043d\u0430 Katarzyna<\/title>\n<meta name=\"description\" content=\"\u041f\u043e\u0440\u044a\u0447\u0430\u0439 \u041e\u043d\u043b\u0430\u0439\u043d CONTEMPLATIONS Chardonnay 2024 0.75 \u2b50 \u0422\u043e\u043f \u0426\u0435\u043d\u0430 \u2708 \u0411\u044a\u0440\u0437\u0430 \u0414\u043e\u0441\u0442\u0430\u0432\u043a\u0430 \u2705 \u041f\u0440\u043e\u0432\u0435\u0440\u043a\u0430 \u043d\u0430 \u041f\u0440\u0430\u0442\u043a\u0430\u0442\u0430 \u0438 \u041f\u0440\u0430\u0432\u043e \u043d\u0430 \u0412\u0440\u044a\u0449\u0430\u043d\u0435\" \/>\n<meta name=\"robots\" content=\"index, follow, max-snippet:-1, max-image-preview:large, max-video-preview:-1\" \/>\n<link rel=\"canonical\" href=\"https:\/\/katarzyna.bg\/tr\/shop\/contemplations-chardonnay-2024-0-75\/\" \/>\n<meta property=\"og:locale\" content=\"tr_TR\" \/>\n<meta property=\"og:type\" content=\"article\" \/>\n<meta property=\"og:title\" content=\"CONTEMPLATIONS Chardonnay 2024 0.75 \u043e\u0442 \u0412\u0438\u043d\u0430\u0440\u043d\u0430 Katarzyna\" \/>\n<meta property=\"og:description\" content=\"\u041f\u043e\u0440\u044a\u0447\u0430\u0439 \u041e\u043d\u043b\u0430\u0439\u043d CONTEMPLATIONS Chardonnay 2024 0.75 \u2b50 \u0422\u043e\u043f \u0426\u0435\u043d\u0430 \u2708 \u0411\u044a\u0440\u0437\u0430 \u0414\u043e\u0441\u0442\u0430\u0432\u043a\u0430 \u2705 \u041f\u0440\u043e\u0432\u0435\u0440\u043a\u0430 \u043d\u0430 \u041f\u0440\u0430\u0442\u043a\u0430\u0442\u0430 \u0438 \u041f\u0440\u0430\u0432\u043e \u043d\u0430 \u0412\u0440\u044a\u0449\u0430\u043d\u0435\" \/>\n<meta property=\"og:url\" content=\"https:\/\/katarzyna.bg\/tr\/shop\/contemplations-chardonnay-2024-0-75\/\" \/>\n<meta property=\"og:site_name\" content=\"Katarzyna\" \/>\n<meta property=\"article:publisher\" content=\"https:\/\/www.facebook.com\/katarzynaestate\/\" \/>\n<meta property=\"article:modified_time\" content=\"2026-04-07T05:32:30+00:00\" \/>\n<meta property=\"og:image\" content=\"https:\/\/katarzyna.bg\/wp-content\/uploads\/2022\/02\/cont_ch_2024_.jpg\" \/>\n\t<meta property=\"og:image:width\" content=\"1000\" \/>\n\t<meta property=\"og:image:height\" content=\"1240\" \/>\n\t<meta property=\"og:image:type\" content=\"image\/jpeg\" \/>\n<meta name=\"twitter:card\" content=\"summary_large_image\" \/>\n<meta name=\"twitter:label1\" content=\"Tahmini okuma s\u00fcresi\" \/>\n\t<meta name=\"twitter:data1\" content=\"1 dakika\" \/>\n<script type=\"application\/ld+json\" class=\"yoast-schema-graph\">{\"@context\":\"https:\/\/schema.org\",\"@graph\":[{\"@type\":[\"WebPage\",\"ItemPage\"],\"@id\":\"https:\/\/katarzyna.bg\/shop\/contemplations-chardonnay-2024-0-75\/\",\"url\":\"https:\/\/katarzyna.bg\/shop\/contemplations-chardonnay-2024-0-75\/\",\"name\":\"CONTEMPLATIONS Chardonnay 2024 0.75 \u043e\u0442 \u0412\u0438\u043d\u0430\u0440\u043d\u0430 Katarzyna\",\"isPartOf\":{\"@id\":\"https:\/\/katarzyna.bg\/#website\"},\"primaryImageOfPage\":{\"@id\":\"https:\/\/katarzyna.bg\/shop\/contemplations-chardonnay-2024-0-75\/#primaryimage\"},\"image\":{\"@id\":\"https:\/\/katarzyna.bg\/shop\/contemplations-chardonnay-2024-0-75\/#primaryimage\"},\"thumbnailUrl\":\"https:\/\/katarzyna.bg\/wp-content\/uploads\/2022\/02\/cont_ch_2024_.jpg\",\"datePublished\":\"2024-02-22T14:40:56+00:00\",\"dateModified\":\"2026-04-07T05:32:30+00:00\",\"description\":\"\u041f\u043e\u0440\u044a\u0447\u0430\u0439 \u041e\u043d\u043b\u0430\u0439\u043d CONTEMPLATIONS Chardonnay 2024 0.75 \u2b50 \u0422\u043e\u043f \u0426\u0435\u043d\u0430 \u2708 \u0411\u044a\u0440\u0437\u0430 \u0414\u043e\u0441\u0442\u0430\u0432\u043a\u0430 \u2705 \u041f\u0440\u043e\u0432\u0435\u0440\u043a\u0430 \u043d\u0430 \u041f\u0440\u0430\u0442\u043a\u0430\u0442\u0430 \u0438 \u041f\u0440\u0430\u0432\u043e \u043d\u0430 \u0412\u0440\u044a\u0449\u0430\u043d\u0435\",\"breadcrumb\":{\"@id\":\"https:\/\/katarzyna.bg\/shop\/contemplations-chardonnay-2024-0-75\/#breadcrumb\"},\"inLanguage\":\"tr\",\"potentialAction\":[{\"@type\":\"ReadAction\",\"target\":[\"https:\/\/katarzyna.bg\/shop\/contemplations-chardonnay-2024-0-75\/\"]}]},{\"@type\":\"ImageObject\",\"inLanguage\":\"tr\",\"@id\":\"https:\/\/katarzyna.bg\/shop\/contemplations-chardonnay-2024-0-75\/#primaryimage\",\"url\":\"https:\/\/katarzyna.bg\/wp-content\/uploads\/2022\/02\/cont_ch_2024_.jpg\",\"contentUrl\":\"https:\/\/katarzyna.bg\/wp-content\/uploads\/2022\/02\/cont_ch_2024_.jpg\",\"width\":1000,\"height\":1240},{\"@type\":\"BreadcrumbList\",\"@id\":\"https:\/\/katarzyna.bg\/shop\/contemplations-chardonnay-2024-0-75\/#breadcrumb\",\"itemListElement\":[{\"@type\":\"ListItem\",\"position\":1,\"name\":\"\u041d\u0430\u0447\u0430\u043b\u043e\",\"item\":\"https:\/\/katarzyna.bg\/\"},{\"@type\":\"ListItem\",\"position\":2,\"name\":\"\u041e\u043d\u043b\u0430\u0439\u043d \u041c\u0430\u0433\u0430\u0437\u0438\u043d\",\"item\":\"https:\/\/katarzyna.bg\/shop\/\"},{\"@type\":\"ListItem\",\"position\":3,\"name\":\"CONTEMPLATIONS Chardonnay 2024 0.75\"}]},{\"@type\":\"WebSite\",\"@id\":\"https:\/\/katarzyna.bg\/#website\",\"url\":\"https:\/\/katarzyna.bg\/\",\"name\":\"Katarzyna\",\"description\":\"Katarzyna\",\"publisher\":{\"@id\":\"https:\/\/katarzyna.bg\/#organization\"},\"potentialAction\":[{\"@type\":\"SearchAction\",\"target\":{\"@type\":\"EntryPoint\",\"urlTemplate\":\"https:\/\/katarzyna.bg\/?s={search_term_string}\"},\"query-input\":{\"@type\":\"PropertyValueSpecification\",\"valueRequired\":true,\"valueName\":\"search_term_string\"}}],\"inLanguage\":\"tr\"},{\"@type\":\"Organization\",\"@id\":\"https:\/\/katarzyna.bg\/#organization\",\"name\":\"Katarzyna Estate\",\"url\":\"https:\/\/katarzyna.bg\/\",\"logo\":{\"@type\":\"ImageObject\",\"inLanguage\":\"tr\",\"@id\":\"https:\/\/katarzyna.bg\/#\/schema\/logo\/image\/\",\"url\":\"https:\/\/katarzyna.bg\/wp-content\/uploads\/2025\/03\/cropped-logo_grey-e1668669109649.png.webp\",\"contentUrl\":\"https:\/\/katarzyna.bg\/wp-content\/uploads\/2025\/03\/cropped-logo_grey-e1668669109649.png.webp\",\"width\":512,\"height\":512,\"caption\":\"Katarzyna Estate\"},\"image\":{\"@id\":\"https:\/\/katarzyna.bg\/#\/schema\/logo\/image\/\"},\"sameAs\":[\"https:\/\/www.facebook.com\/katarzynaestate\/\"]}]}<\/script>\n<!-- \/ Yoast SEO plugin. -->","yoast_head_json":{"title":"Katarzyna \u015earap Evi\u2019nden CONTEMPLATIONS Chardonnay 2024 0,75 L","description":"Online Sipari\u015f: CONTEMPLATIONS Chardonnay 2024 0,75 L \u2b50 En \u0130yi Fiyat \u2708 H\u0131zl\u0131 Teslimat \u2705 Kargo Kontrol\u00fc ve \u0130ade Hakk\u0131","robots":{"index":"index","follow":"follow","max-snippet":"max-snippet:-1","max-image-preview":"max-image-preview:large","max-video-preview":"max-video-preview:-1"},"canonical":"https:\/\/katarzyna.bg\/tr\/shop\/contemplations-chardonnay-2024-0-75\/","og_locale":"tr_TR","og_type":"article","og_title":"CONTEMPLATIONS Chardonnay 2024 0.75 \u043e\u0442 \u0412\u0438\u043d\u0430\u0440\u043d\u0430 Katarzyna","og_description":"\u041f\u043e\u0440\u044a\u0447\u0430\u0439 \u041e\u043d\u043b\u0430\u0439\u043d CONTEMPLATIONS Chardonnay 2024 0.75 \u2b50 \u0422\u043e\u043f \u0426\u0435\u043d\u0430 \u2708 \u0411\u044a\u0440\u0437\u0430 \u0414\u043e\u0441\u0442\u0430\u0432\u043a\u0430 \u2705 \u041f\u0440\u043e\u0432\u0435\u0440\u043a\u0430 \u043d\u0430 \u041f\u0440\u0430\u0442\u043a\u0430\u0442\u0430 \u0438 \u041f\u0440\u0430\u0432\u043e \u043d\u0430 \u0412\u0440\u044a\u0449\u0430\u043d\u0435","og_url":"https:\/\/katarzyna.bg\/tr\/shop\/contemplations-chardonnay-2024-0-75\/","og_site_name":"Katarzyna","article_publisher":"https:\/\/www.facebook.com\/katarzynaestate\/","article_modified_time":"2026-04-07T05:32:30+00:00","og_image":[{"width":1000,"height":1240,"url":"https:\/\/katarzyna.bg\/wp-content\/uploads\/2022\/02\/cont_ch_2024_.jpg","type":"image\/jpeg"}],"twitter_card":"summary_large_image","twitter_misc":{"Tahmini okuma s\u00fcresi":"1 dakika"},"schema":{"@context":"https:\/\/schema.org","@graph":[{"@type":["WebPage","ItemPage"],"@id":"https:\/\/katarzyna.bg\/shop\/contemplations-chardonnay-2024-0-75\/","url":"https:\/\/katarzyna.bg\/shop\/contemplations-chardonnay-2024-0-75\/","name":"Katarzyna \u015earap Evi\u2019nden CONTEMPLATIONS Chardonnay 2024 0,75 L","isPartOf":{"@id":"https:\/\/katarzyna.bg\/#website"},"primaryImageOfPage":{"@id":"https:\/\/katarzyna.bg\/shop\/contemplations-chardonnay-2024-0-75\/#primaryimage"},"image":{"@id":"https:\/\/katarzyna.bg\/shop\/contemplations-chardonnay-2024-0-75\/#primaryimage"},"thumbnailUrl":"https:\/\/katarzyna.bg\/wp-content\/uploads\/2022\/02\/cont_ch_2024_.jpg","datePublished":"2024-02-22T14:40:56+00:00","dateModified":"2026-04-07T05:32:30+00:00","description":"Online Sipari\u015f: CONTEMPLATIONS Chardonnay 2024 0,75 L \u2b50 En \u0130yi Fiyat \u2708 H\u0131zl\u0131 Teslimat \u2705 Kargo Kontrol\u00fc ve \u0130ade Hakk\u0131","breadcrumb":{"@id":"https:\/\/katarzyna.bg\/shop\/contemplations-chardonnay-2024-0-75\/#breadcrumb"},"inLanguage":"tr","potentialAction":[{"@type":"ReadAction","target":["https:\/\/katarzyna.bg\/shop\/contemplations-chardonnay-2024-0-75\/"]}]},{"@type":"ImageObject","inLanguage":"tr","@id":"https:\/\/katarzyna.bg\/shop\/contemplations-chardonnay-2024-0-75\/#primaryimage","url":"https:\/\/katarzyna.bg\/wp-content\/uploads\/2022\/02\/cont_ch_2024_.jpg","contentUrl":"https:\/\/katarzyna.bg\/wp-content\/uploads\/2022\/02\/cont_ch_2024_.jpg","width":1000,"height":1240},{"@type":"BreadcrumbList","@id":"https:\/\/katarzyna.bg\/shop\/contemplations-chardonnay-2024-0-75\/#breadcrumb","itemListElement":[{"@type":"ListItem","position":1,"name":"\u041d\u0430\u0447\u0430\u043b\u043e","item":"https:\/\/katarzyna.bg\/"},{"@type":"ListItem","position":2,"name":"\u041e\u043d\u043b\u0430\u0439\u043d \u041c\u0430\u0433\u0430\u0437\u0438\u043d","item":"https:\/\/katarzyna.bg\/shop\/"},{"@type":"ListItem","position":3,"name":"CONTEMPLATIONS Chardonnay 2024 0.75"}]},{"@type":"WebSite","@id":"https:\/\/katarzyna.bg\/#website","url":"https:\/\/katarzyna.bg\/","name":"Katarzyna","description":"Katarzyna","publisher":{"@id":"https:\/\/katarzyna.bg\/#organization"},"potentialAction":[{"@type":"SearchAction","target":{"@type":"EntryPoint","urlTemplate":"https:\/\/katarzyna.bg\/?s={search_term_string}"},"query-input":{"@type":"PropertyValueSpecification","valueRequired":true,"valueName":"search_term_string"}}],"inLanguage":"tr"},{"@type":"Organization","@id":"https:\/\/katarzyna.bg\/#organization","name":"Katarzyna Estate","url":"https:\/\/katarzyna.bg\/","logo":{"@type":"ImageObject","inLanguage":"tr","@id":"https:\/\/katarzyna.bg\/#\/schema\/logo\/image\/","url":"https:\/\/katarzyna.bg\/wp-content\/uploads\/2025\/03\/cropped-logo_grey-e1668669109649.png.webp","contentUrl":"https:\/\/katarzyna.bg\/wp-content\/uploads\/2025\/03\/cropped-logo_grey-e1668669109649.png.webp","width":512,"height":512,"caption":"Katarzyna Estate"},"image":{"@id":"https:\/\/katarzyna.bg\/#\/schema\/logo\/image\/"},"sameAs":["https:\/\/www.facebook.com\/katarzynaestate\/"]}]}},"_links":{"self":[{"href":"https:\/\/katarzyna.bg\/tr\/wp-json\/wp\/v2\/product\/26366","targetHints":{"allow":["GET"]}}],"collection":[{"href":"https:\/\/katarzyna.bg\/tr\/wp-json\/wp\/v2\/product"}],"about":[{"href":"https:\/\/katarzyna.bg\/tr\/wp-json\/wp\/v2\/types\/product"}],"replies":[{"embeddable":true,"href":"https:\/\/katarzyna.bg\/tr\/wp-json\/wp\/v2\/comments?post=26366"}],"wp:featuredmedia":[{"embeddable":true,"href":"https:\/\/katarzyna.bg\/tr\/wp-json\/wp\/v2\/media\/29367"}],"wp:attachment":[{"href":"https:\/\/katarzyna.bg\/tr\/wp-json\/wp\/v2\/media?parent=26366"}],"wp:term":[{"taxonomy":"product_brand","embeddable":true,"href":"https:\/\/katarzyna.bg\/tr\/wp-json\/wp\/v2\/product_brand?post=26366"},{"taxonomy":"product_cat","embeddable":true,"href":"https:\/\/katarzyna.bg\/tr\/wp-json\/wp\/v2\/product_cat?post=26366"},{"taxonomy":"product_tag","embeddable":true,"href":"https:\/\/katarzyna.bg\/tr\/wp-json\/wp\/v2\/product_tag?post=26366"}],"curies":[{"name":"wp","href":"https:\/\/api.w.org\/{rel}","templated":true}]}}