{"id":26397,"date":"2022-02-22T14:40:57","date_gmt":"2022-02-22T14:40:57","guid":{"rendered":"https:\/\/new.katarzyna.bg\/?product=le-voyage-sauvignon-blanc-2023-075"},"modified":"2026-03-27T13:13:47","modified_gmt":"2026-03-27T11:13:47","slug":"le-voyage-sauvignon-blanc-2023-075","status":"publish","type":"product","link":"https:\/\/katarzyna.bg\/tr\/shop\/le-voyage-sauvignon-blanc-2023-075\/","title":{"rendered":"LE VOYAGE Sauvignon Blanc 2023 0.75"},"content":{"rendered":"<p>\u00dcz\u00fcm, ba\u011flar\u0131m\u0131z\u0131n k\u00fc\u00e7\u00fck bir b\u00f6l\u00fcm\u00fcnden, 5.6 hektarl\u0131k alandan se\u00e7ilmi\u015ftir. \u00d6zellikleri aras\u0131nda orta derecede y\u0131kanm\u0131\u015f kestane orman topra\u011f\u0131 ve 150 metre rak\u0131m bulunmaktad\u0131r.<\/p>\n<p>\u015earap, yo\u011fun sar\u0131-ye\u015fil renge sahiptir. Aromas\u0131nda turun\u00e7gil, otlar, ye\u015fil biber, tereya\u011f\u0131 ve ince Frans\u0131z me\u015fesi birle\u015fir. Dolgun ve dengeli tad\u0131, ho\u015f bir canl\u0131 asiditeyle birlikte uzun bir biti\u015fe yol a\u00e7ar. Tad\u0131ndaki aroma, Sauvignon Blanc \u00e7e\u015fidinden yap\u0131lm\u0131\u015f ve farkl\u0131 bir y\u00f6ntemle vinifikasyon uygulanm\u0131\u015f ger\u00e7ekten kaliteli bir \u015farap hissini peki\u015ftirir.<\/p>\n<p>Ye\u015fil salatalar, hafif peynirler, deniz \u00fcr\u00fcnleri ve beyaz et yemekleriyle \u00e7ok iyi uyum sa\u011flar. T\u00fcketim i\u00e7in ideal servis s\u0131cakl\u0131\u011f\u0131 12\u2070-14\u2070C'dir.<\/p>","protected":false},"excerpt":{"rendered":"<p>\u0413\u0440\u043e\u0437\u0434\u0435\u0442\u043e \u0435 \u0441\u0435\u043b\u0435\u043a\u0442\u0438\u0440\u0430\u043d\u043e \u043e\u0442 \u043c\u0430\u043b\u043a\u0430 \u0447\u0430\u0441\u0442 \u043e\u0442 \u043d\u0430\u0448\u0438\u0442\u0435 \u043b\u043e\u0437\u043e\u0432\u0438 \u043d\u0430\u0441\u0430\u0436\u0434\u0435\u043d\u0438\u044f, \u0441 \u043f\u043b\u043e\u0449 5.6ha. \u0421\u043f\u0435\u0446\u0438\u0444\u0438\u043a\u0430\u0442\u0430 \u0441\u0435 \u0438\u0437\u0440\u0430\u0437\u044f\u0432\u0430 \u0432 \u0441\u0440\u0435\u0434\u043d\u043e \u0438\u0437\u043b\u0443\u0436\u0435\u043d\u0430 \u043a\u0430\u043d\u0435\u043b\u0435\u043d\u043e \u0433\u043e\u0440\u0441\u043a\u0430 \u043f\u043e\u0447\u0432\u0430 \u0438 \u043d\u0430\u0434\u043c\u043e\u0440\u0441\u043a\u0430 \u0432\u0438\u0441\u043e\u0447\u0438\u043d\u0430 150m. \u0412\u0438\u043d\u043e\u0442\u043e \u0441\u0435 \u0445\u0430\u0440\u0430\u043a\u0442\u0435\u0440\u0438\u0437\u0438\u0440\u0430 \u0441 \u043d\u0430\u0441\u0438\u0442\u0435\u043d \u0436\u044a\u043b\u0442\u043e-\u0437\u0435\u043b\u0435\u043d \u0446\u0432\u044f\u0442. \u0410\u0440\u043e\u043c\u0430\u0442\u044a\u0442 \u0441\u044a\u0447\u0435\u0442\u0430\u0432\u0430 \u0446\u0438\u0442\u0440\u0443\u0441, \u0431\u0438\u043b\u043a\u0438, \u0437\u0435\u043b\u0435\u043d\u0430 \u0447\u0443\u0448\u043a\u0430, \u043c\u0430\u0441\u043b\u043e \u0438 \u0444\u0438\u043d \u0444\u0440\u0435\u043d\u0441\u043a\u0438 \u0434\u044a\u0431. \u041e\u0431\u0435\u043c\u043d\u0438\u044f\u0442 \u0438 \u0431\u0430\u043b\u0430\u043d\u0441\u0438\u0440\u0430\u043d \u0432\u043a\u0443\u0441, \u0432 \u0441\u044a\u0447\u0435\u0442\u0430\u043d\u0438\u0435 \u0441 \u043f\u0440\u0438\u044f\u0442\u043d\u0430\u0442\u0430 \u0442\u0440\u044a\u043f\u0447\u0438\u0432\u0430 \u0441\u0432\u0435\u0436\u0435\u0441\u0442 \u0432\u043e\u0434\u0438 [&hellip;]<\/p>","protected":false},"featured_media":26398,"comment_status":"open","ping_status":"closed","template":"","meta":[],"product_brand":[],"product_cat":[24],"product_tag":[],"class_list":{"0":"post-26397","1":"product","2":"type-product","3":"status-publish","4":"has-post-thumbnail","6":"product_cat-byalo-vino","7":"pa_marka-le-voyage","8":"pa_proizhod-bulgaria","9":"pa_razvasofka-075-l","10":"pa_rekolta-96","11":"pa_sort-sauvignon-blanc","13":"first","14":"outofstock","15":"sale","16":"featured","17":"shipping-taxable","18":"purchasable","19":"product-type-simple"},"yoast_head":"<!-- This site is optimized with the Yoast SEO plugin v27.1.1 - https:\/\/yoast.com\/product\/yoast-seo-wordpress\/ -->\n<title>LE VOYAGE Sauvignon Blanc 2023 0.75 \u043e\u0442 \u0412\u0438\u043d\u0430\u0440\u043d\u0430 Katarzyna<\/title>\n<meta name=\"description\" content=\"\u041f\u043e\u0440\u044a\u0447\u0430\u0439 \u041e\u043d\u043b\u0430\u0439\u043d LE VOYAGE Sauvignon Blanc 2023 0.75 \u2b50 \u0422\u043e\u043f \u0426\u0435\u043d\u0430 \u2708 \u0411\u044a\u0440\u0437\u0430 \u0414\u043e\u0441\u0442\u0430\u0432\u043a\u0430 \u2705 \u041f\u0440\u043e\u0432\u0435\u0440\u043a\u0430 \u043d\u0430 \u041f\u0440\u0430\u0442\u043a\u0430\u0442\u0430 \u0438 \u041f\u0440\u0430\u0432\u043e \u043d\u0430 \u0412\u0440\u044a\u0449\u0430\u043d\u0435\" \/>\n<meta name=\"robots\" content=\"index, follow, max-snippet:-1, max-image-preview:large, max-video-preview:-1\" \/>\n<link rel=\"canonical\" href=\"https:\/\/katarzyna.bg\/tr\/shop\/le-voyage-sauvignon-blanc-2023-075\/\" \/>\n<meta property=\"og:locale\" content=\"tr_TR\" \/>\n<meta property=\"og:type\" content=\"article\" \/>\n<meta property=\"og:title\" content=\"LE VOYAGE Sauvignon Blanc 2023 0.75 \u043e\u0442 \u0412\u0438\u043d\u0430\u0440\u043d\u0430 Katarzyna\" \/>\n<meta property=\"og:description\" content=\"\u041f\u043e\u0440\u044a\u0447\u0430\u0439 \u041e\u043d\u043b\u0430\u0439\u043d LE VOYAGE Sauvignon Blanc 2023 0.75 \u2b50 \u0422\u043e\u043f \u0426\u0435\u043d\u0430 \u2708 \u0411\u044a\u0440\u0437\u0430 \u0414\u043e\u0441\u0442\u0430\u0432\u043a\u0430 \u2705 \u041f\u0440\u043e\u0432\u0435\u0440\u043a\u0430 \u043d\u0430 \u041f\u0440\u0430\u0442\u043a\u0430\u0442\u0430 \u0438 \u041f\u0440\u0430\u0432\u043e \u043d\u0430 \u0412\u0440\u044a\u0449\u0430\u043d\u0435\" \/>\n<meta property=\"og:url\" content=\"https:\/\/katarzyna.bg\/tr\/shop\/le-voyage-sauvignon-blanc-2023-075\/\" \/>\n<meta property=\"og:site_name\" content=\"Katarzyna\" \/>\n<meta property=\"article:publisher\" content=\"https:\/\/www.facebook.com\/katarzynaestate\/\" \/>\n<meta property=\"article:modified_time\" content=\"2026-03-27T11:13:47+00:00\" \/>\n<meta property=\"og:image\" content=\"https:\/\/katarzyna.bg\/wp-content\/uploads\/2025\/04\/LE_VOYAGE_-1.png\" \/>\n\t<meta property=\"og:image:width\" content=\"1000\" \/>\n\t<meta property=\"og:image:height\" content=\"1240\" \/>\n\t<meta property=\"og:image:type\" content=\"image\/png\" \/>\n<meta name=\"twitter:card\" content=\"summary_large_image\" \/>\n<meta name=\"twitter:label1\" content=\"Tahmini okuma s\u00fcresi\" \/>\n\t<meta name=\"twitter:data1\" content=\"1 dakika\" \/>\n<script type=\"application\/ld+json\" class=\"yoast-schema-graph\">{\"@context\":\"https:\/\/schema.org\",\"@graph\":[{\"@type\":[\"WebPage\",\"ItemPage\"],\"@id\":\"https:\/\/katarzyna.bg\/shop\/le-voyage-sauvignon-blanc-2023-075\/\",\"url\":\"https:\/\/katarzyna.bg\/shop\/le-voyage-sauvignon-blanc-2023-075\/\",\"name\":\"LE VOYAGE Sauvignon Blanc 2023 0.75 \u043e\u0442 \u0412\u0438\u043d\u0430\u0440\u043d\u0430 Katarzyna\",\"isPartOf\":{\"@id\":\"https:\/\/katarzyna.bg\/#website\"},\"primaryImageOfPage\":{\"@id\":\"https:\/\/katarzyna.bg\/shop\/le-voyage-sauvignon-blanc-2023-075\/#primaryimage\"},\"image\":{\"@id\":\"https:\/\/katarzyna.bg\/shop\/le-voyage-sauvignon-blanc-2023-075\/#primaryimage\"},\"thumbnailUrl\":\"https:\/\/katarzyna.bg\/wp-content\/uploads\/2025\/04\/LE_VOYAGE_-1.png\",\"datePublished\":\"2022-02-22T14:40:57+00:00\",\"dateModified\":\"2026-03-27T11:13:47+00:00\",\"description\":\"\u041f\u043e\u0440\u044a\u0447\u0430\u0439 \u041e\u043d\u043b\u0430\u0439\u043d LE VOYAGE Sauvignon Blanc 2023 0.75 \u2b50 \u0422\u043e\u043f \u0426\u0435\u043d\u0430 \u2708 \u0411\u044a\u0440\u0437\u0430 \u0414\u043e\u0441\u0442\u0430\u0432\u043a\u0430 \u2705 \u041f\u0440\u043e\u0432\u0435\u0440\u043a\u0430 \u043d\u0430 \u041f\u0440\u0430\u0442\u043a\u0430\u0442\u0430 \u0438 \u041f\u0440\u0430\u0432\u043e \u043d\u0430 \u0412\u0440\u044a\u0449\u0430\u043d\u0435\",\"breadcrumb\":{\"@id\":\"https:\/\/katarzyna.bg\/shop\/le-voyage-sauvignon-blanc-2023-075\/#breadcrumb\"},\"inLanguage\":\"tr\",\"potentialAction\":[{\"@type\":\"ReadAction\",\"target\":[\"https:\/\/katarzyna.bg\/shop\/le-voyage-sauvignon-blanc-2023-075\/\"]}]},{\"@type\":\"ImageObject\",\"inLanguage\":\"tr\",\"@id\":\"https:\/\/katarzyna.bg\/shop\/le-voyage-sauvignon-blanc-2023-075\/#primaryimage\",\"url\":\"https:\/\/katarzyna.bg\/wp-content\/uploads\/2025\/04\/LE_VOYAGE_-1.png\",\"contentUrl\":\"https:\/\/katarzyna.bg\/wp-content\/uploads\/2025\/04\/LE_VOYAGE_-1.png\",\"width\":1000,\"height\":1240},{\"@type\":\"BreadcrumbList\",\"@id\":\"https:\/\/katarzyna.bg\/shop\/le-voyage-sauvignon-blanc-2023-075\/#breadcrumb\",\"itemListElement\":[{\"@type\":\"ListItem\",\"position\":1,\"name\":\"\u041d\u0430\u0447\u0430\u043b\u043e\",\"item\":\"https:\/\/katarzyna.bg\/\"},{\"@type\":\"ListItem\",\"position\":2,\"name\":\"\u041e\u043d\u043b\u0430\u0439\u043d \u041c\u0430\u0433\u0430\u0437\u0438\u043d\",\"item\":\"https:\/\/katarzyna.bg\/shop\/\"},{\"@type\":\"ListItem\",\"position\":3,\"name\":\"LE VOYAGE Sauvignon Blanc 2023 0.75\"}]},{\"@type\":\"WebSite\",\"@id\":\"https:\/\/katarzyna.bg\/#website\",\"url\":\"https:\/\/katarzyna.bg\/\",\"name\":\"Katarzyna\",\"description\":\"Katarzyna\",\"publisher\":{\"@id\":\"https:\/\/katarzyna.bg\/#organization\"},\"potentialAction\":[{\"@type\":\"SearchAction\",\"target\":{\"@type\":\"EntryPoint\",\"urlTemplate\":\"https:\/\/katarzyna.bg\/?s={search_term_string}\"},\"query-input\":{\"@type\":\"PropertyValueSpecification\",\"valueRequired\":true,\"valueName\":\"search_term_string\"}}],\"inLanguage\":\"tr\"},{\"@type\":\"Organization\",\"@id\":\"https:\/\/katarzyna.bg\/#organization\",\"name\":\"Katarzyna Estate\",\"url\":\"https:\/\/katarzyna.bg\/\",\"logo\":{\"@type\":\"ImageObject\",\"inLanguage\":\"tr\",\"@id\":\"https:\/\/katarzyna.bg\/#\/schema\/logo\/image\/\",\"url\":\"https:\/\/katarzyna.bg\/wp-content\/uploads\/2025\/03\/cropped-logo_grey-e1668669109649.png.webp\",\"contentUrl\":\"https:\/\/katarzyna.bg\/wp-content\/uploads\/2025\/03\/cropped-logo_grey-e1668669109649.png.webp\",\"width\":512,\"height\":512,\"caption\":\"Katarzyna Estate\"},\"image\":{\"@id\":\"https:\/\/katarzyna.bg\/#\/schema\/logo\/image\/\"},\"sameAs\":[\"https:\/\/www.facebook.com\/katarzynaestate\/\"]}]}<\/script>\n<!-- \/ Yoast SEO plugin. -->","yoast_head_json":{"title":"Katarzyna \u015earaphanesi\u2019nden LE VOYAGE Sauvignon Blanc 2023 0,75 lt","description":"LE VOYAGE Sauvignon Blanc 2023 0,75\u2019i Online Sipari\u015f Ver \u2b50 En \u0130yi Fiyat \u2708 H\u0131zl\u0131 Teslimat \u2705 Kargo Takibi ve \u0130ade Hakk\u0131","robots":{"index":"index","follow":"follow","max-snippet":"max-snippet:-1","max-image-preview":"max-image-preview:large","max-video-preview":"max-video-preview:-1"},"canonical":"https:\/\/katarzyna.bg\/tr\/shop\/le-voyage-sauvignon-blanc-2023-075\/","og_locale":"tr_TR","og_type":"article","og_title":"LE VOYAGE Sauvignon Blanc 2023 0.75 \u043e\u0442 \u0412\u0438\u043d\u0430\u0440\u043d\u0430 Katarzyna","og_description":"\u041f\u043e\u0440\u044a\u0447\u0430\u0439 \u041e\u043d\u043b\u0430\u0439\u043d LE VOYAGE Sauvignon Blanc 2023 0.75 \u2b50 \u0422\u043e\u043f \u0426\u0435\u043d\u0430 \u2708 \u0411\u044a\u0440\u0437\u0430 \u0414\u043e\u0441\u0442\u0430\u0432\u043a\u0430 \u2705 \u041f\u0440\u043e\u0432\u0435\u0440\u043a\u0430 \u043d\u0430 \u041f\u0440\u0430\u0442\u043a\u0430\u0442\u0430 \u0438 \u041f\u0440\u0430\u0432\u043e \u043d\u0430 \u0412\u0440\u044a\u0449\u0430\u043d\u0435","og_url":"https:\/\/katarzyna.bg\/tr\/shop\/le-voyage-sauvignon-blanc-2023-075\/","og_site_name":"Katarzyna","article_publisher":"https:\/\/www.facebook.com\/katarzynaestate\/","article_modified_time":"2026-03-27T11:13:47+00:00","og_image":[{"width":1000,"height":1240,"url":"https:\/\/katarzyna.bg\/wp-content\/uploads\/2025\/04\/LE_VOYAGE_-1.png","type":"image\/png"}],"twitter_card":"summary_large_image","twitter_misc":{"Tahmini okuma s\u00fcresi":"1 dakika"},"schema":{"@context":"https:\/\/schema.org","@graph":[{"@type":["WebPage","ItemPage"],"@id":"https:\/\/katarzyna.bg\/shop\/le-voyage-sauvignon-blanc-2023-075\/","url":"https:\/\/katarzyna.bg\/shop\/le-voyage-sauvignon-blanc-2023-075\/","name":"Katarzyna \u015earaphanesi\u2019nden LE VOYAGE Sauvignon Blanc 2023 0,75 lt","isPartOf":{"@id":"https:\/\/katarzyna.bg\/#website"},"primaryImageOfPage":{"@id":"https:\/\/katarzyna.bg\/shop\/le-voyage-sauvignon-blanc-2023-075\/#primaryimage"},"image":{"@id":"https:\/\/katarzyna.bg\/shop\/le-voyage-sauvignon-blanc-2023-075\/#primaryimage"},"thumbnailUrl":"https:\/\/katarzyna.bg\/wp-content\/uploads\/2025\/04\/LE_VOYAGE_-1.png","datePublished":"2022-02-22T14:40:57+00:00","dateModified":"2026-03-27T11:13:47+00:00","description":"LE VOYAGE Sauvignon Blanc 2023 0,75\u2019i Online Sipari\u015f Ver \u2b50 En \u0130yi Fiyat \u2708 H\u0131zl\u0131 Teslimat \u2705 Kargo Takibi ve \u0130ade Hakk\u0131","breadcrumb":{"@id":"https:\/\/katarzyna.bg\/shop\/le-voyage-sauvignon-blanc-2023-075\/#breadcrumb"},"inLanguage":"tr","potentialAction":[{"@type":"ReadAction","target":["https:\/\/katarzyna.bg\/shop\/le-voyage-sauvignon-blanc-2023-075\/"]}]},{"@type":"ImageObject","inLanguage":"tr","@id":"https:\/\/katarzyna.bg\/shop\/le-voyage-sauvignon-blanc-2023-075\/#primaryimage","url":"https:\/\/katarzyna.bg\/wp-content\/uploads\/2025\/04\/LE_VOYAGE_-1.png","contentUrl":"https:\/\/katarzyna.bg\/wp-content\/uploads\/2025\/04\/LE_VOYAGE_-1.png","width":1000,"height":1240},{"@type":"BreadcrumbList","@id":"https:\/\/katarzyna.bg\/shop\/le-voyage-sauvignon-blanc-2023-075\/#breadcrumb","itemListElement":[{"@type":"ListItem","position":1,"name":"\u041d\u0430\u0447\u0430\u043b\u043e","item":"https:\/\/katarzyna.bg\/"},{"@type":"ListItem","position":2,"name":"\u041e\u043d\u043b\u0430\u0439\u043d \u041c\u0430\u0433\u0430\u0437\u0438\u043d","item":"https:\/\/katarzyna.bg\/shop\/"},{"@type":"ListItem","position":3,"name":"LE VOYAGE Sauvignon Blanc 2023 0.75"}]},{"@type":"WebSite","@id":"https:\/\/katarzyna.bg\/#website","url":"https:\/\/katarzyna.bg\/","name":"Katarzyna","description":"Katarzyna","publisher":{"@id":"https:\/\/katarzyna.bg\/#organization"},"potentialAction":[{"@type":"SearchAction","target":{"@type":"EntryPoint","urlTemplate":"https:\/\/katarzyna.bg\/?s={search_term_string}"},"query-input":{"@type":"PropertyValueSpecification","valueRequired":true,"valueName":"search_term_string"}}],"inLanguage":"tr"},{"@type":"Organization","@id":"https:\/\/katarzyna.bg\/#organization","name":"Katarzyna Estate","url":"https:\/\/katarzyna.bg\/","logo":{"@type":"ImageObject","inLanguage":"tr","@id":"https:\/\/katarzyna.bg\/#\/schema\/logo\/image\/","url":"https:\/\/katarzyna.bg\/wp-content\/uploads\/2025\/03\/cropped-logo_grey-e1668669109649.png.webp","contentUrl":"https:\/\/katarzyna.bg\/wp-content\/uploads\/2025\/03\/cropped-logo_grey-e1668669109649.png.webp","width":512,"height":512,"caption":"Katarzyna Estate"},"image":{"@id":"https:\/\/katarzyna.bg\/#\/schema\/logo\/image\/"},"sameAs":["https:\/\/www.facebook.com\/katarzynaestate\/"]}]}},"_links":{"self":[{"href":"https:\/\/katarzyna.bg\/tr\/wp-json\/wp\/v2\/product\/26397","targetHints":{"allow":["GET"]}}],"collection":[{"href":"https:\/\/katarzyna.bg\/tr\/wp-json\/wp\/v2\/product"}],"about":[{"href":"https:\/\/katarzyna.bg\/tr\/wp-json\/wp\/v2\/types\/product"}],"replies":[{"embeddable":true,"href":"https:\/\/katarzyna.bg\/tr\/wp-json\/wp\/v2\/comments?post=26397"}],"wp:featuredmedia":[{"embeddable":true,"href":"https:\/\/katarzyna.bg\/tr\/wp-json\/wp\/v2\/media\/26398"}],"wp:attachment":[{"href":"https:\/\/katarzyna.bg\/tr\/wp-json\/wp\/v2\/media?parent=26397"}],"wp:term":[{"taxonomy":"product_brand","embeddable":true,"href":"https:\/\/katarzyna.bg\/tr\/wp-json\/wp\/v2\/product_brand?post=26397"},{"taxonomy":"product_cat","embeddable":true,"href":"https:\/\/katarzyna.bg\/tr\/wp-json\/wp\/v2\/product_cat?post=26397"},{"taxonomy":"product_tag","embeddable":true,"href":"https:\/\/katarzyna.bg\/tr\/wp-json\/wp\/v2\/product_tag?post=26397"}],"curies":[{"name":"wp","href":"https:\/\/api.w.org\/{rel}","templated":true}]}}