{"id":26401,"date":"2022-02-22T14:40:57","date_gmt":"2022-02-22T14:40:57","guid":{"rendered":"https:\/\/new.katarzyna.bg\/?product=katarzyna-sonata-chardonnay-sauvignon-blanc-2022-075"},"modified":"2026-04-20T12:23:24","modified_gmt":"2026-04-20T09:23:24","slug":"katarzyna-sonata-chardonnay-sauvignon-blanc-2022-075","status":"publish","type":"product","link":"https:\/\/katarzyna.bg\/tr\/shop\/katarzyna-sonata-chardonnay-sauvignon-blanc-2022-075\/","title":{"rendered":"KATARZYNA SONATA Chardonnay &#038; Sauvignon Blanc 2024 0.75"},"content":{"rendered":"<p>\u00dcz\u00fcm se\u00e7imi, ayn\u0131 toprak profiline sahip ancak farkl\u0131 rak\u0131mlarda bulunan iki parcadan yap\u0131lmaktad\u0131r. Chardonnay \u00e7e\u015fidi 130 m rak\u0131mda, Sauvignon Blanc ise 150 m rak\u0131mda yer almaktad\u0131r.<\/p>\n<p>\u015earap, yo\u011fun sar\u0131-ye\u015fil renge sahiptir. Sar\u0131 meyveler, tereya\u011f\u0131, biber, k\u0131zarm\u0131\u015f ekmek ve asil odun notalar\u0131n\u0131 harmanlayan zarif bir aromaya sahiptir. Zengin, sulu ve uyumlu tad\u0131, kadife yumu\u015fakl\u0131\u011f\u0131 ve unutulmaz bir lezzet aromas\u0131yla tamamlan\u0131r. \u015earap, ho\u015f bir tazelik ve etkileyici bir biti\u015fle son bulur.<\/p>\n<p>Kavrulmu\u015f beyaz etler, deniz \u00fcr\u00fcnl\u00fc makarnalar veya olgunla\u015fm\u0131\u015f peynirlerle \u00e7ok iyi uyum sa\u011flar. Servis i\u00e7in uygun s\u0131cakl\u0131k 12\u2070-14\u2070C'dir.<\/p>","protected":false},"excerpt":{"rendered":"<p>\u0421\u0435\u043b\u0435\u043a\u0446\u0438\u044f\u0442\u0430 \u043d\u0430 \u0433\u0440\u043e\u0437\u0434\u0435\u0442\u043e \u0435 \u043e\u0442 \u0434\u0432\u0430 \u043f\u0430\u0440\u0446\u0435\u043b\u0430 \u0441 \u0435\u0434\u043d\u0430\u043a\u044a\u0432 \u043f\u043e\u0447\u0432\u0435\u043d \u043f\u0440\u043e\u0444\u0438\u043b, \u043d\u043e \u0440\u0430\u0437\u043b\u0438\u0447\u043d\u0430 \u043d\u0430\u0434\u043c\u043e\u0440\u0441\u043a\u0430 \u0432\u0438\u0441\u043e\u0447\u0438\u043d\u0430. \u0421\u043e\u0440\u0442\u044a\u0442 Chardonnay \u0435 \u0440\u0430\u0437\u043f\u043e\u043b\u043e\u0436\u0435\u043d \u043d\u0430 130m, \u0430 Sauvignon Blanc \u043d\u0430 150m. \u0412\u0438\u043d\u043e\u0442\u043e \u0441\u0435 \u0445\u0430\u0440\u0430\u043a\u0442\u0435\u0440\u0438\u0437\u0438\u0440\u0430 \u0441 \u0438\u043d\u0442\u0435\u043d\u0437\u0438\u0432\u0435\u043d \u0436\u044a\u043b\u0442\u043e-\u0437\u0435\u043b\u0435\u043d \u0446\u0432\u044f\u0442. \u0415\u043b\u0435\u0433\u0430\u043d\u0442\u0435\u043d \u0430\u0440\u043e\u043c\u0430\u0442, \u043a\u043e\u0439\u0442\u043e \u0432\u043f\u043b\u0438\u0442\u0430 \u0432 \u0441\u0435\u0431\u0435 \u0441\u0438 \u0436\u044a\u043b\u0442\u0438 \u043f\u043b\u043e\u0434\u043e\u0432\u0435, \u043c\u0430\u0441\u043b\u043e, \u0447\u0443\u0448\u043a\u0430, \u043f\u0440\u0435\u043f\u0435\u0447\u0435\u043d \u0445\u043b\u044f\u0431 \u0438 \u0431\u043b\u0430\u0433\u043e\u0440\u043e\u0434\u043d\u0430 \u0434\u044a\u0440\u0432\u0435\u0441\u0438\u043d\u0430. \u0411\u043e\u0433\u0430\u0442, \u0441\u043e\u0447\u0435\u043d \u0438 \u0445\u0430\u0440\u043c\u043e\u043d\u0438\u0447\u0435\u043d \u0432\u043a\u0443\u0441, \u043a\u0430\u0434\u0438\u0444\u0435\u043d\u0430 [&hellip;]<\/p>","protected":false},"featured_media":26402,"comment_status":"open","ping_status":"closed","template":"","meta":[],"product_brand":[],"product_cat":[24],"product_tag":[],"class_list":{"0":"post-26401","1":"product","2":"type-product","3":"status-publish","4":"has-post-thumbnail","6":"product_cat-byalo-vino","7":"pa_marka-katarzyna-sonata","8":"pa_proizhod-bulgaria","9":"pa_razvasofka-075-l","10":"pa_rekolta-137","11":"pa_sort-chardonnay","12":"pa_sort-sauvignon-blanc","14":"first","15":"outofstock","16":"sale","17":"shipping-taxable","18":"purchasable","19":"product-type-simple"},"yoast_head":"<!-- This site is optimized with the Yoast SEO plugin v27.1.1 - https:\/\/yoast.com\/product\/yoast-seo-wordpress\/ -->\n<title>KATARZYNA SONATA Chardonnay &amp; Sauvignon Blanc 2024 0.75 \u043e\u0442 \u0412\u0438\u043d\u0430\u0440\u043d\u0430 Katarzyna<\/title>\n<meta name=\"description\" content=\"\u041f\u043e\u0440\u044a\u0447\u0430\u0439 \u041e\u043d\u043b\u0430\u0439\u043d KATARZYNA SONATA Chardonnay &amp; Sauvignon Blanc 2024 0.75 \u2b50 \u0422\u043e\u043f \u0426\u0435\u043d\u0430 \u2708 \u0411\u044a\u0440\u0437\u0430 \u0414\u043e\u0441\u0442\u0430\u0432\u043a\u0430 \u2705 \u041f\u0440\u043e\u0432\u0435\u0440\u043a\u0430 \u043d\u0430 \u041f\u0440\u0430\u0442\u043a\u0430\u0442\u0430 \u0438 \u041f\u0440\u0430\u0432\u043e \u043d\u0430 \u0412\u0440\u044a\u0449\u0430\u043d\u0435\" \/>\n<meta name=\"robots\" content=\"index, follow, max-snippet:-1, max-image-preview:large, max-video-preview:-1\" \/>\n<link rel=\"canonical\" href=\"https:\/\/katarzyna.bg\/tr\/shop\/katarzyna-sonata-chardonnay-sauvignon-blanc-2022-075\/\" \/>\n<meta property=\"og:locale\" content=\"tr_TR\" \/>\n<meta property=\"og:type\" content=\"article\" \/>\n<meta property=\"og:title\" content=\"KATARZYNA SONATA Chardonnay &amp; Sauvignon Blanc 2024 0.75 \u043e\u0442 \u0412\u0438\u043d\u0430\u0440\u043d\u0430 Katarzyna\" \/>\n<meta property=\"og:description\" content=\"\u041f\u043e\u0440\u044a\u0447\u0430\u0439 \u041e\u043d\u043b\u0430\u0439\u043d KATARZYNA SONATA Chardonnay &amp; Sauvignon Blanc 2024 0.75 \u2b50 \u0422\u043e\u043f \u0426\u0435\u043d\u0430 \u2708 \u0411\u044a\u0440\u0437\u0430 \u0414\u043e\u0441\u0442\u0430\u0432\u043a\u0430 \u2705 \u041f\u0440\u043e\u0432\u0435\u0440\u043a\u0430 \u043d\u0430 \u041f\u0440\u0430\u0442\u043a\u0430\u0442\u0430 \u0438 \u041f\u0440\u0430\u0432\u043e \u043d\u0430 \u0412\u0440\u044a\u0449\u0430\u043d\u0435\" \/>\n<meta property=\"og:url\" content=\"https:\/\/katarzyna.bg\/tr\/shop\/katarzyna-sonata-chardonnay-sauvignon-blanc-2022-075\/\" \/>\n<meta property=\"og:site_name\" content=\"Katarzyna\" \/>\n<meta property=\"article:publisher\" content=\"https:\/\/www.facebook.com\/katarzynaestate\/\" \/>\n<meta property=\"article:modified_time\" content=\"2026-04-20T09:23:24+00:00\" \/>\n<meta property=\"og:image\" content=\"https:\/\/katarzyna.bg\/wp-content\/uploads\/2025\/04\/SONATA_-1.png\" \/>\n\t<meta property=\"og:image:width\" content=\"1000\" \/>\n\t<meta property=\"og:image:height\" content=\"1240\" \/>\n\t<meta property=\"og:image:type\" content=\"image\/png\" \/>\n<meta name=\"twitter:card\" content=\"summary_large_image\" \/>\n<meta name=\"twitter:label1\" content=\"Tahmini okuma s\u00fcresi\" \/>\n\t<meta name=\"twitter:data1\" content=\"1 dakika\" \/>\n<script type=\"application\/ld+json\" class=\"yoast-schema-graph\">{\"@context\":\"https:\/\/schema.org\",\"@graph\":[{\"@type\":[\"WebPage\",\"ItemPage\"],\"@id\":\"https:\/\/katarzyna.bg\/shop\/katarzyna-sonata-chardonnay-sauvignon-blanc-2022-075\/\",\"url\":\"https:\/\/katarzyna.bg\/shop\/katarzyna-sonata-chardonnay-sauvignon-blanc-2022-075\/\",\"name\":\"KATARZYNA SONATA Chardonnay & Sauvignon Blanc 2024 0.75 \u043e\u0442 \u0412\u0438\u043d\u0430\u0440\u043d\u0430 Katarzyna\",\"isPartOf\":{\"@id\":\"https:\/\/katarzyna.bg\/#website\"},\"primaryImageOfPage\":{\"@id\":\"https:\/\/katarzyna.bg\/shop\/katarzyna-sonata-chardonnay-sauvignon-blanc-2022-075\/#primaryimage\"},\"image\":{\"@id\":\"https:\/\/katarzyna.bg\/shop\/katarzyna-sonata-chardonnay-sauvignon-blanc-2022-075\/#primaryimage\"},\"thumbnailUrl\":\"https:\/\/katarzyna.bg\/wp-content\/uploads\/2025\/04\/SONATA_-1.png\",\"datePublished\":\"2022-02-22T14:40:57+00:00\",\"dateModified\":\"2026-04-20T09:23:24+00:00\",\"description\":\"\u041f\u043e\u0440\u044a\u0447\u0430\u0439 \u041e\u043d\u043b\u0430\u0439\u043d KATARZYNA SONATA Chardonnay & Sauvignon Blanc 2024 0.75 \u2b50 \u0422\u043e\u043f \u0426\u0435\u043d\u0430 \u2708 \u0411\u044a\u0440\u0437\u0430 \u0414\u043e\u0441\u0442\u0430\u0432\u043a\u0430 \u2705 \u041f\u0440\u043e\u0432\u0435\u0440\u043a\u0430 \u043d\u0430 \u041f\u0440\u0430\u0442\u043a\u0430\u0442\u0430 \u0438 \u041f\u0440\u0430\u0432\u043e \u043d\u0430 \u0412\u0440\u044a\u0449\u0430\u043d\u0435\",\"breadcrumb\":{\"@id\":\"https:\/\/katarzyna.bg\/shop\/katarzyna-sonata-chardonnay-sauvignon-blanc-2022-075\/#breadcrumb\"},\"inLanguage\":\"tr\",\"potentialAction\":[{\"@type\":\"ReadAction\",\"target\":[\"https:\/\/katarzyna.bg\/shop\/katarzyna-sonata-chardonnay-sauvignon-blanc-2022-075\/\"]}]},{\"@type\":\"ImageObject\",\"inLanguage\":\"tr\",\"@id\":\"https:\/\/katarzyna.bg\/shop\/katarzyna-sonata-chardonnay-sauvignon-blanc-2022-075\/#primaryimage\",\"url\":\"https:\/\/katarzyna.bg\/wp-content\/uploads\/2025\/04\/SONATA_-1.png\",\"contentUrl\":\"https:\/\/katarzyna.bg\/wp-content\/uploads\/2025\/04\/SONATA_-1.png\",\"width\":1000,\"height\":1240},{\"@type\":\"BreadcrumbList\",\"@id\":\"https:\/\/katarzyna.bg\/shop\/katarzyna-sonata-chardonnay-sauvignon-blanc-2022-075\/#breadcrumb\",\"itemListElement\":[{\"@type\":\"ListItem\",\"position\":1,\"name\":\"\u041d\u0430\u0447\u0430\u043b\u043e\",\"item\":\"https:\/\/katarzyna.bg\/\"},{\"@type\":\"ListItem\",\"position\":2,\"name\":\"\u041e\u043d\u043b\u0430\u0439\u043d \u041c\u0430\u0433\u0430\u0437\u0438\u043d\",\"item\":\"https:\/\/katarzyna.bg\/shop\/\"},{\"@type\":\"ListItem\",\"position\":3,\"name\":\"KATARZYNA SONATA Chardonnay &#038; Sauvignon Blanc 2024 0.75\"}]},{\"@type\":\"WebSite\",\"@id\":\"https:\/\/katarzyna.bg\/#website\",\"url\":\"https:\/\/katarzyna.bg\/\",\"name\":\"Katarzyna\",\"description\":\"Katarzyna\",\"publisher\":{\"@id\":\"https:\/\/katarzyna.bg\/#organization\"},\"potentialAction\":[{\"@type\":\"SearchAction\",\"target\":{\"@type\":\"EntryPoint\",\"urlTemplate\":\"https:\/\/katarzyna.bg\/?s={search_term_string}\"},\"query-input\":{\"@type\":\"PropertyValueSpecification\",\"valueRequired\":true,\"valueName\":\"search_term_string\"}}],\"inLanguage\":\"tr\"},{\"@type\":\"Organization\",\"@id\":\"https:\/\/katarzyna.bg\/#organization\",\"name\":\"Katarzyna Estate\",\"url\":\"https:\/\/katarzyna.bg\/\",\"logo\":{\"@type\":\"ImageObject\",\"inLanguage\":\"tr\",\"@id\":\"https:\/\/katarzyna.bg\/#\/schema\/logo\/image\/\",\"url\":\"https:\/\/katarzyna.bg\/wp-content\/uploads\/2025\/03\/cropped-logo_grey-e1668669109649.png.webp\",\"contentUrl\":\"https:\/\/katarzyna.bg\/wp-content\/uploads\/2025\/03\/cropped-logo_grey-e1668669109649.png.webp\",\"width\":512,\"height\":512,\"caption\":\"Katarzyna Estate\"},\"image\":{\"@id\":\"https:\/\/katarzyna.bg\/#\/schema\/logo\/image\/\"},\"sameAs\":[\"https:\/\/www.facebook.com\/katarzynaestate\/\"]}]}<\/script>\n<!-- \/ Yoast SEO plugin. -->","yoast_head_json":{"title":"KATARZYNA SONATA Chardonnay &amp; Sauvignon Blanc 2024 0,75 L","description":"Online Sipari\u015f: KATARZYNA SONATA Chardonnay &amp; Sauvignon Blanc 2024 0,75 L \u2b50 En \u0130yi Fiyat \u2708 H\u0131zl\u0131 Teslimat \u2705 Kargo Kontrol\u00fc ve \u0130ade Hakk\u0131","robots":{"index":"index","follow":"follow","max-snippet":"max-snippet:-1","max-image-preview":"max-image-preview:large","max-video-preview":"max-video-preview:-1"},"canonical":"https:\/\/katarzyna.bg\/tr\/shop\/katarzyna-sonata-chardonnay-sauvignon-blanc-2022-075\/","og_locale":"tr_TR","og_type":"article","og_title":"KATARZYNA SONATA Chardonnay & Sauvignon Blanc 2024 0.75 \u043e\u0442 \u0412\u0438\u043d\u0430\u0440\u043d\u0430 Katarzyna","og_description":"\u041f\u043e\u0440\u044a\u0447\u0430\u0439 \u041e\u043d\u043b\u0430\u0439\u043d KATARZYNA SONATA Chardonnay & Sauvignon Blanc 2024 0.75 \u2b50 \u0422\u043e\u043f \u0426\u0435\u043d\u0430 \u2708 \u0411\u044a\u0440\u0437\u0430 \u0414\u043e\u0441\u0442\u0430\u0432\u043a\u0430 \u2705 \u041f\u0440\u043e\u0432\u0435\u0440\u043a\u0430 \u043d\u0430 \u041f\u0440\u0430\u0442\u043a\u0430\u0442\u0430 \u0438 \u041f\u0440\u0430\u0432\u043e \u043d\u0430 \u0412\u0440\u044a\u0449\u0430\u043d\u0435","og_url":"https:\/\/katarzyna.bg\/tr\/shop\/katarzyna-sonata-chardonnay-sauvignon-blanc-2022-075\/","og_site_name":"Katarzyna","article_publisher":"https:\/\/www.facebook.com\/katarzynaestate\/","article_modified_time":"2026-04-20T09:23:24+00:00","og_image":[{"width":1000,"height":1240,"url":"https:\/\/katarzyna.bg\/wp-content\/uploads\/2025\/04\/SONATA_-1.png","type":"image\/png"}],"twitter_card":"summary_large_image","twitter_misc":{"Tahmini okuma s\u00fcresi":"1 dakika"},"schema":{"@context":"https:\/\/schema.org","@graph":[{"@type":["WebPage","ItemPage"],"@id":"https:\/\/katarzyna.bg\/shop\/katarzyna-sonata-chardonnay-sauvignon-blanc-2022-075\/","url":"https:\/\/katarzyna.bg\/shop\/katarzyna-sonata-chardonnay-sauvignon-blanc-2022-075\/","name":"KATARZYNA SONATA Chardonnay &amp; Sauvignon Blanc 2024 0,75 L","isPartOf":{"@id":"https:\/\/katarzyna.bg\/#website"},"primaryImageOfPage":{"@id":"https:\/\/katarzyna.bg\/shop\/katarzyna-sonata-chardonnay-sauvignon-blanc-2022-075\/#primaryimage"},"image":{"@id":"https:\/\/katarzyna.bg\/shop\/katarzyna-sonata-chardonnay-sauvignon-blanc-2022-075\/#primaryimage"},"thumbnailUrl":"https:\/\/katarzyna.bg\/wp-content\/uploads\/2025\/04\/SONATA_-1.png","datePublished":"2022-02-22T14:40:57+00:00","dateModified":"2026-04-20T09:23:24+00:00","description":"Online Sipari\u015f: KATARZYNA SONATA Chardonnay &amp; Sauvignon Blanc 2024 0,75 L \u2b50 En \u0130yi Fiyat \u2708 H\u0131zl\u0131 Teslimat \u2705 Kargo Kontrol\u00fc ve \u0130ade Hakk\u0131","breadcrumb":{"@id":"https:\/\/katarzyna.bg\/shop\/katarzyna-sonata-chardonnay-sauvignon-blanc-2022-075\/#breadcrumb"},"inLanguage":"tr","potentialAction":[{"@type":"ReadAction","target":["https:\/\/katarzyna.bg\/shop\/katarzyna-sonata-chardonnay-sauvignon-blanc-2022-075\/"]}]},{"@type":"ImageObject","inLanguage":"tr","@id":"https:\/\/katarzyna.bg\/shop\/katarzyna-sonata-chardonnay-sauvignon-blanc-2022-075\/#primaryimage","url":"https:\/\/katarzyna.bg\/wp-content\/uploads\/2025\/04\/SONATA_-1.png","contentUrl":"https:\/\/katarzyna.bg\/wp-content\/uploads\/2025\/04\/SONATA_-1.png","width":1000,"height":1240},{"@type":"BreadcrumbList","@id":"https:\/\/katarzyna.bg\/shop\/katarzyna-sonata-chardonnay-sauvignon-blanc-2022-075\/#breadcrumb","itemListElement":[{"@type":"ListItem","position":1,"name":"\u041d\u0430\u0447\u0430\u043b\u043e","item":"https:\/\/katarzyna.bg\/"},{"@type":"ListItem","position":2,"name":"\u041e\u043d\u043b\u0430\u0439\u043d \u041c\u0430\u0433\u0430\u0437\u0438\u043d","item":"https:\/\/katarzyna.bg\/shop\/"},{"@type":"ListItem","position":3,"name":"KATARZYNA SONATA Chardonnay &#038; Sauvignon Blanc 2024 0.75"}]},{"@type":"WebSite","@id":"https:\/\/katarzyna.bg\/#website","url":"https:\/\/katarzyna.bg\/","name":"Katarzyna","description":"Katarzyna","publisher":{"@id":"https:\/\/katarzyna.bg\/#organization"},"potentialAction":[{"@type":"SearchAction","target":{"@type":"EntryPoint","urlTemplate":"https:\/\/katarzyna.bg\/?s={search_term_string}"},"query-input":{"@type":"PropertyValueSpecification","valueRequired":true,"valueName":"search_term_string"}}],"inLanguage":"tr"},{"@type":"Organization","@id":"https:\/\/katarzyna.bg\/#organization","name":"Katarzyna Estate","url":"https:\/\/katarzyna.bg\/","logo":{"@type":"ImageObject","inLanguage":"tr","@id":"https:\/\/katarzyna.bg\/#\/schema\/logo\/image\/","url":"https:\/\/katarzyna.bg\/wp-content\/uploads\/2025\/03\/cropped-logo_grey-e1668669109649.png.webp","contentUrl":"https:\/\/katarzyna.bg\/wp-content\/uploads\/2025\/03\/cropped-logo_grey-e1668669109649.png.webp","width":512,"height":512,"caption":"Katarzyna Estate"},"image":{"@id":"https:\/\/katarzyna.bg\/#\/schema\/logo\/image\/"},"sameAs":["https:\/\/www.facebook.com\/katarzynaestate\/"]}]}},"_links":{"self":[{"href":"https:\/\/katarzyna.bg\/tr\/wp-json\/wp\/v2\/product\/26401","targetHints":{"allow":["GET"]}}],"collection":[{"href":"https:\/\/katarzyna.bg\/tr\/wp-json\/wp\/v2\/product"}],"about":[{"href":"https:\/\/katarzyna.bg\/tr\/wp-json\/wp\/v2\/types\/product"}],"replies":[{"embeddable":true,"href":"https:\/\/katarzyna.bg\/tr\/wp-json\/wp\/v2\/comments?post=26401"}],"wp:featuredmedia":[{"embeddable":true,"href":"https:\/\/katarzyna.bg\/tr\/wp-json\/wp\/v2\/media\/26402"}],"wp:attachment":[{"href":"https:\/\/katarzyna.bg\/tr\/wp-json\/wp\/v2\/media?parent=26401"}],"wp:term":[{"taxonomy":"product_brand","embeddable":true,"href":"https:\/\/katarzyna.bg\/tr\/wp-json\/wp\/v2\/product_brand?post=26401"},{"taxonomy":"product_cat","embeddable":true,"href":"https:\/\/katarzyna.bg\/tr\/wp-json\/wp\/v2\/product_cat?post=26401"},{"taxonomy":"product_tag","embeddable":true,"href":"https:\/\/katarzyna.bg\/tr\/wp-json\/wp\/v2\/product_tag?post=26401"}],"curies":[{"name":"wp","href":"https:\/\/api.w.org\/{rel}","templated":true}]}}