{"id":26405,"date":"2022-02-22T14:40:57","date_gmt":"2022-02-22T14:40:57","guid":{"rendered":"https:\/\/new.katarzyna.bg\/?product=les-fleurs-chardonnay-2023-075"},"modified":"2026-04-29T22:25:30","modified_gmt":"2026-04-29T19:25:30","slug":"les-fleurs-chardonnay-2023-075","status":"publish","type":"product","link":"https:\/\/katarzyna.bg\/tr\/shop\/les-fleurs-chardonnay-2023-075\/","title":{"rendered":"LES FLEURS Chardonnay 2023 0.75"},"content":{"rendered":"<p>Les Fleurs i\u00e7in \u00f6zel olarak se\u00e7ilen Chardonnay \u00fcz\u00fcm\u00fc, her y\u0131l ba\u011flar\u0131m\u0131z\u0131n k\u00fc\u00e7\u00fck bir b\u00f6l\u00fcm\u00fcnden \u00f6zenle toplan\u0131r. Ba\u011f alan\u0131 3.5 hektar olup, hafif erozyona u\u011fram\u0131\u015f ve podzolik kahverengi orman topra\u011f\u0131na sahiptir. Rak\u0131m 133 metredir.<\/p>\n<p>\u015earap, ye\u015filimsi tonlu yo\u011fun saman sar\u0131s\u0131 renge sahiptir. Aromas\u0131; olgun sar\u0131 meyve, \u015feftali, ya\u011fl\u0131l\u0131k, f\u0131nd\u0131k ve zarif\u00e7e entegre edilmi\u015f Frans\u0131z me\u015fesi notalar\u0131n\u0131 bir araya getirir. Tat aromas\u0131 uzun s\u00fcreli olup \u015farab\u0131n burun tad\u0131yla uyumludur. G\u00f6vdesi dolgun ve \u00e7ok iyi dengelenmi\u015ftir. Biti\u015fi uzun ve ak\u0131lda kal\u0131c\u0131d\u0131r.<\/p>\n<p>Olgun Frans\u0131z peynirleri, f\u00fcme bal\u0131k, tav\u015fan eti yemekleri, beyaz etler ve tatl\u0131larla \u00e7ok iyi uyum sa\u011flar. T\u00fcketim i\u00e7in uygun s\u0131cakl\u0131k 12\u2070-14\u2070C\u2019dir.<\/p>","protected":false},"excerpt":{"rendered":"<p>\u0421\u043f\u0435\u0446\u0438\u0430\u043b\u043d\u043e \u0441\u0435\u043b\u0435\u043a\u0442\u0438\u0440\u0430\u043d\u043e\u0442\u043e \u0433\u0440\u043e\u0437\u0434\u0435 Chardonnay \u0437\u0430 Les Fleurs, \u0435\u0436\u0435\u0433\u043e\u0434\u043d\u043e \u0441\u0435 \u043f\u043e\u0434\u0431\u0438\u0440\u0430 \u043e\u0442 \u043c\u0430\u043b\u043a\u0430 \u0447\u0430\u0441\u0442 \u043d\u0430 \u043d\u0430\u0448\u0438\u044f \u043b\u043e\u0437\u043e\u0432 \u043c\u0430\u0441\u0438\u0432. \u041f\u043b\u043e\u0449\u0442\u0430 \u0435 3.5ha, \u0441\u044a\u0441 \u0441\u043b\u0430\u0431\u043e \u0435\u0440\u043e\u0434\u0438\u0440\u0430\u043d\u0430 \u0438 \u043e\u043f\u043e\u0434\u0437\u043e\u043b\u0435\u043d\u0430 \u043a\u0430\u043d\u0435\u043b\u0435\u043d\u043e \u0433\u043e\u0440\u0441\u043a\u0430 \u043f\u043e\u0447\u0432\u0430, \u043d\u0430\u0434\u043c\u043e\u0440\u0441\u043a\u0430\u0442\u0430 \u0432\u0438\u0441\u043e\u0447\u0438\u043d\u0430 \u0435 133m. \u0412\u0438\u043d\u043e\u0442\u043e \u0441\u0435 \u0445\u0430\u0440\u0430\u043a\u0442\u0435\u0440\u0438\u0437\u0438\u0440\u0430 \u0441 \u0438\u043d\u0442\u0435\u043d\u0437\u0438\u0432\u0435\u043d \u0441\u043b\u0430\u043c\u0435\u043d\u043e-\u0436\u044a\u043b\u0442 \u0446\u0432\u044f\u0442 \u0441\u044a\u0441 \u0437\u0435\u043b\u0435\u043d\u0438\u043aa\u0432 \u043d\u044e\u0430\u043d\u0441. \u0410\u0440\u043e\u043c\u0430\u0442\u044a\u0442 \u0441\u044a\u0447\u0435\u0442\u0430\u0432\u0430 \u0437\u0440\u044f\u043b \u0436\u044a\u043b\u0442 \u043f\u043b\u043e\u0434, \u043f\u0440\u0430\u0441\u043a\u043e\u0432\u0430, \u043c\u0430\u0441\u043b\u0435\u043d\u043e\u0441\u0442, \u044f\u0434\u043a\u0430 \u0438 \u0431\u043b\u0430\u0433\u043e\u0440\u043e\u0434\u043d\u043e \u0432\u043d\u0435\u0434\u0440\u0435\u043d \u0444\u0440\u0435\u043d\u0441\u043a\u0438 \u0434\u044a\u0431. [&hellip;]<\/p>","protected":false},"featured_media":26406,"comment_status":"open","ping_status":"closed","template":"","meta":[],"product_brand":[],"product_cat":[24,22],"product_tag":[],"class_list":{"0":"post-26405","1":"product","2":"type-product","3":"status-publish","4":"has-post-thumbnail","6":"product_cat-byalo-vino","7":"product_cat-premium","8":"pa_marka-les-fleurs","9":"pa_proizhod-bulgaria","10":"pa_razvasofka-075-l","11":"pa_rekolta-96","12":"pa_sort-chardonnay","14":"first","15":"instock","16":"sale","17":"shipping-taxable","18":"purchasable","19":"product-type-simple"},"yoast_head":"<!-- This site is optimized with the Yoast SEO plugin v27.1.1 - https:\/\/yoast.com\/product\/yoast-seo-wordpress\/ -->\n<title>LES FLEURS Chardonnay 2023 0.75 \u043e\u0442 \u0412\u0438\u043d\u0430\u0440\u043d\u0430 Katarzyna<\/title>\n<meta name=\"description\" content=\"\u041f\u043e\u0440\u044a\u0447\u0430\u0439 \u041e\u043d\u043b\u0430\u0439\u043d LES FLEURS Chardonnay 2023 0.75 \u2b50 \u0422\u043e\u043f \u0426\u0435\u043d\u0430 \u2708 \u0411\u044a\u0440\u0437\u0430 \u0414\u043e\u0441\u0442\u0430\u0432\u043a\u0430 \u2705 \u041f\u0440\u043e\u0432\u0435\u0440\u043a\u0430 \u043d\u0430 \u041f\u0440\u0430\u0442\u043a\u0430\u0442\u0430 \u0438 \u041f\u0440\u0430\u0432\u043e \u043d\u0430 \u0412\u0440\u044a\u0449\u0430\u043d\u0435\" \/>\n<meta name=\"robots\" content=\"index, follow, max-snippet:-1, max-image-preview:large, max-video-preview:-1\" \/>\n<link rel=\"canonical\" href=\"https:\/\/katarzyna.bg\/tr\/shop\/les-fleurs-chardonnay-2023-075\/\" \/>\n<meta property=\"og:locale\" content=\"tr_TR\" \/>\n<meta property=\"og:type\" content=\"article\" \/>\n<meta property=\"og:title\" content=\"LES FLEURS Chardonnay 2023 0.75 \u043e\u0442 \u0412\u0438\u043d\u0430\u0440\u043d\u0430 Katarzyna\" \/>\n<meta property=\"og:description\" content=\"\u041f\u043e\u0440\u044a\u0447\u0430\u0439 \u041e\u043d\u043b\u0430\u0439\u043d LES FLEURS Chardonnay 2023 0.75 \u2b50 \u0422\u043e\u043f \u0426\u0435\u043d\u0430 \u2708 \u0411\u044a\u0440\u0437\u0430 \u0414\u043e\u0441\u0442\u0430\u0432\u043a\u0430 \u2705 \u041f\u0440\u043e\u0432\u0435\u0440\u043a\u0430 \u043d\u0430 \u041f\u0440\u0430\u0442\u043a\u0430\u0442\u0430 \u0438 \u041f\u0440\u0430\u0432\u043e \u043d\u0430 \u0412\u0440\u044a\u0449\u0430\u043d\u0435\" \/>\n<meta property=\"og:url\" content=\"https:\/\/katarzyna.bg\/tr\/shop\/les-fleurs-chardonnay-2023-075\/\" \/>\n<meta property=\"og:site_name\" content=\"Katarzyna\" \/>\n<meta property=\"article:publisher\" content=\"https:\/\/www.facebook.com\/katarzynaestate\/\" \/>\n<meta property=\"article:modified_time\" content=\"2026-04-29T19:25:30+00:00\" \/>\n<meta property=\"og:image\" content=\"https:\/\/katarzyna.bg\/wp-content\/uploads\/2025\/04\/LES_FLUERS-1.png\" \/>\n\t<meta property=\"og:image:width\" content=\"1000\" \/>\n\t<meta property=\"og:image:height\" content=\"1240\" \/>\n\t<meta property=\"og:image:type\" content=\"image\/png\" \/>\n<meta name=\"twitter:card\" content=\"summary_large_image\" \/>\n<meta name=\"twitter:label1\" content=\"Tahmini okuma s\u00fcresi\" \/>\n\t<meta name=\"twitter:data1\" content=\"1 dakika\" \/>\n<script type=\"application\/ld+json\" class=\"yoast-schema-graph\">{\"@context\":\"https:\/\/schema.org\",\"@graph\":[{\"@type\":[\"WebPage\",\"ItemPage\"],\"@id\":\"https:\/\/katarzyna.bg\/shop\/les-fleurs-chardonnay-2023-075\/\",\"url\":\"https:\/\/katarzyna.bg\/shop\/les-fleurs-chardonnay-2023-075\/\",\"name\":\"LES FLEURS Chardonnay 2023 0.75 \u043e\u0442 \u0412\u0438\u043d\u0430\u0440\u043d\u0430 Katarzyna\",\"isPartOf\":{\"@id\":\"https:\/\/katarzyna.bg\/#website\"},\"primaryImageOfPage\":{\"@id\":\"https:\/\/katarzyna.bg\/shop\/les-fleurs-chardonnay-2023-075\/#primaryimage\"},\"image\":{\"@id\":\"https:\/\/katarzyna.bg\/shop\/les-fleurs-chardonnay-2023-075\/#primaryimage\"},\"thumbnailUrl\":\"https:\/\/katarzyna.bg\/wp-content\/uploads\/2025\/04\/LES_FLUERS-1.png\",\"datePublished\":\"2022-02-22T14:40:57+00:00\",\"dateModified\":\"2026-04-29T19:25:30+00:00\",\"description\":\"\u041f\u043e\u0440\u044a\u0447\u0430\u0439 \u041e\u043d\u043b\u0430\u0439\u043d LES FLEURS Chardonnay 2023 0.75 \u2b50 \u0422\u043e\u043f \u0426\u0435\u043d\u0430 \u2708 \u0411\u044a\u0440\u0437\u0430 \u0414\u043e\u0441\u0442\u0430\u0432\u043a\u0430 \u2705 \u041f\u0440\u043e\u0432\u0435\u0440\u043a\u0430 \u043d\u0430 \u041f\u0440\u0430\u0442\u043a\u0430\u0442\u0430 \u0438 \u041f\u0440\u0430\u0432\u043e \u043d\u0430 \u0412\u0440\u044a\u0449\u0430\u043d\u0435\",\"breadcrumb\":{\"@id\":\"https:\/\/katarzyna.bg\/shop\/les-fleurs-chardonnay-2023-075\/#breadcrumb\"},\"inLanguage\":\"tr\",\"potentialAction\":[{\"@type\":\"ReadAction\",\"target\":[\"https:\/\/katarzyna.bg\/shop\/les-fleurs-chardonnay-2023-075\/\"]}]},{\"@type\":\"ImageObject\",\"inLanguage\":\"tr\",\"@id\":\"https:\/\/katarzyna.bg\/shop\/les-fleurs-chardonnay-2023-075\/#primaryimage\",\"url\":\"https:\/\/katarzyna.bg\/wp-content\/uploads\/2025\/04\/LES_FLUERS-1.png\",\"contentUrl\":\"https:\/\/katarzyna.bg\/wp-content\/uploads\/2025\/04\/LES_FLUERS-1.png\",\"width\":1000,\"height\":1240},{\"@type\":\"BreadcrumbList\",\"@id\":\"https:\/\/katarzyna.bg\/shop\/les-fleurs-chardonnay-2023-075\/#breadcrumb\",\"itemListElement\":[{\"@type\":\"ListItem\",\"position\":1,\"name\":\"\u041d\u0430\u0447\u0430\u043b\u043e\",\"item\":\"https:\/\/katarzyna.bg\/\"},{\"@type\":\"ListItem\",\"position\":2,\"name\":\"\u041e\u043d\u043b\u0430\u0439\u043d \u041c\u0430\u0433\u0430\u0437\u0438\u043d\",\"item\":\"https:\/\/katarzyna.bg\/shop\/\"},{\"@type\":\"ListItem\",\"position\":3,\"name\":\"LES FLEURS Chardonnay 2023 0.75\"}]},{\"@type\":\"WebSite\",\"@id\":\"https:\/\/katarzyna.bg\/#website\",\"url\":\"https:\/\/katarzyna.bg\/\",\"name\":\"Katarzyna\",\"description\":\"Katarzyna\",\"publisher\":{\"@id\":\"https:\/\/katarzyna.bg\/#organization\"},\"potentialAction\":[{\"@type\":\"SearchAction\",\"target\":{\"@type\":\"EntryPoint\",\"urlTemplate\":\"https:\/\/katarzyna.bg\/?s={search_term_string}\"},\"query-input\":{\"@type\":\"PropertyValueSpecification\",\"valueRequired\":true,\"valueName\":\"search_term_string\"}}],\"inLanguage\":\"tr\"},{\"@type\":\"Organization\",\"@id\":\"https:\/\/katarzyna.bg\/#organization\",\"name\":\"Katarzyna Estate\",\"url\":\"https:\/\/katarzyna.bg\/\",\"logo\":{\"@type\":\"ImageObject\",\"inLanguage\":\"tr\",\"@id\":\"https:\/\/katarzyna.bg\/#\/schema\/logo\/image\/\",\"url\":\"https:\/\/katarzyna.bg\/wp-content\/uploads\/2025\/03\/cropped-logo_grey-e1668669109649.png.webp\",\"contentUrl\":\"https:\/\/katarzyna.bg\/wp-content\/uploads\/2025\/03\/cropped-logo_grey-e1668669109649.png.webp\",\"width\":512,\"height\":512,\"caption\":\"Katarzyna Estate\"},\"image\":{\"@id\":\"https:\/\/katarzyna.bg\/#\/schema\/logo\/image\/\"},\"sameAs\":[\"https:\/\/www.facebook.com\/katarzynaestate\/\"]}]}<\/script>\n<!-- \/ Yoast SEO plugin. -->","yoast_head_json":{"title":"Katarzyna \u015earaphanesi\u2019nden LES FLEURS Chardonnay 2023 0,75 lt","description":"LES FLEURS Chardonnay 2023 0,75\u2019i Online Sipari\u015f Ver \u2b50 En \u0130yi Fiyat \u2708 H\u0131zl\u0131 Teslimat \u2705 Kargo Takibi ve \u0130ade Hakk\u0131","robots":{"index":"index","follow":"follow","max-snippet":"max-snippet:-1","max-image-preview":"max-image-preview:large","max-video-preview":"max-video-preview:-1"},"canonical":"https:\/\/katarzyna.bg\/tr\/shop\/les-fleurs-chardonnay-2023-075\/","og_locale":"tr_TR","og_type":"article","og_title":"LES FLEURS Chardonnay 2023 0.75 \u043e\u0442 \u0412\u0438\u043d\u0430\u0440\u043d\u0430 Katarzyna","og_description":"\u041f\u043e\u0440\u044a\u0447\u0430\u0439 \u041e\u043d\u043b\u0430\u0439\u043d LES FLEURS Chardonnay 2023 0.75 \u2b50 \u0422\u043e\u043f \u0426\u0435\u043d\u0430 \u2708 \u0411\u044a\u0440\u0437\u0430 \u0414\u043e\u0441\u0442\u0430\u0432\u043a\u0430 \u2705 \u041f\u0440\u043e\u0432\u0435\u0440\u043a\u0430 \u043d\u0430 \u041f\u0440\u0430\u0442\u043a\u0430\u0442\u0430 \u0438 \u041f\u0440\u0430\u0432\u043e \u043d\u0430 \u0412\u0440\u044a\u0449\u0430\u043d\u0435","og_url":"https:\/\/katarzyna.bg\/tr\/shop\/les-fleurs-chardonnay-2023-075\/","og_site_name":"Katarzyna","article_publisher":"https:\/\/www.facebook.com\/katarzynaestate\/","article_modified_time":"2026-04-29T19:25:30+00:00","og_image":[{"width":1000,"height":1240,"url":"https:\/\/katarzyna.bg\/wp-content\/uploads\/2025\/04\/LES_FLUERS-1.png","type":"image\/png"}],"twitter_card":"summary_large_image","twitter_misc":{"Tahmini okuma s\u00fcresi":"1 dakika"},"schema":{"@context":"https:\/\/schema.org","@graph":[{"@type":["WebPage","ItemPage"],"@id":"https:\/\/katarzyna.bg\/shop\/les-fleurs-chardonnay-2023-075\/","url":"https:\/\/katarzyna.bg\/shop\/les-fleurs-chardonnay-2023-075\/","name":"Katarzyna \u015earaphanesi\u2019nden LES FLEURS Chardonnay 2023 0,75 lt","isPartOf":{"@id":"https:\/\/katarzyna.bg\/#website"},"primaryImageOfPage":{"@id":"https:\/\/katarzyna.bg\/shop\/les-fleurs-chardonnay-2023-075\/#primaryimage"},"image":{"@id":"https:\/\/katarzyna.bg\/shop\/les-fleurs-chardonnay-2023-075\/#primaryimage"},"thumbnailUrl":"https:\/\/katarzyna.bg\/wp-content\/uploads\/2025\/04\/LES_FLUERS-1.png","datePublished":"2022-02-22T14:40:57+00:00","dateModified":"2026-04-29T19:25:30+00:00","description":"LES FLEURS Chardonnay 2023 0,75\u2019i Online Sipari\u015f Ver \u2b50 En \u0130yi Fiyat \u2708 H\u0131zl\u0131 Teslimat \u2705 Kargo Takibi ve \u0130ade Hakk\u0131","breadcrumb":{"@id":"https:\/\/katarzyna.bg\/shop\/les-fleurs-chardonnay-2023-075\/#breadcrumb"},"inLanguage":"tr","potentialAction":[{"@type":"ReadAction","target":["https:\/\/katarzyna.bg\/shop\/les-fleurs-chardonnay-2023-075\/"]}]},{"@type":"ImageObject","inLanguage":"tr","@id":"https:\/\/katarzyna.bg\/shop\/les-fleurs-chardonnay-2023-075\/#primaryimage","url":"https:\/\/katarzyna.bg\/wp-content\/uploads\/2025\/04\/LES_FLUERS-1.png","contentUrl":"https:\/\/katarzyna.bg\/wp-content\/uploads\/2025\/04\/LES_FLUERS-1.png","width":1000,"height":1240},{"@type":"BreadcrumbList","@id":"https:\/\/katarzyna.bg\/shop\/les-fleurs-chardonnay-2023-075\/#breadcrumb","itemListElement":[{"@type":"ListItem","position":1,"name":"\u041d\u0430\u0447\u0430\u043b\u043e","item":"https:\/\/katarzyna.bg\/"},{"@type":"ListItem","position":2,"name":"\u041e\u043d\u043b\u0430\u0439\u043d \u041c\u0430\u0433\u0430\u0437\u0438\u043d","item":"https:\/\/katarzyna.bg\/shop\/"},{"@type":"ListItem","position":3,"name":"LES FLEURS Chardonnay 2023 0.75"}]},{"@type":"WebSite","@id":"https:\/\/katarzyna.bg\/#website","url":"https:\/\/katarzyna.bg\/","name":"Katarzyna","description":"Katarzyna","publisher":{"@id":"https:\/\/katarzyna.bg\/#organization"},"potentialAction":[{"@type":"SearchAction","target":{"@type":"EntryPoint","urlTemplate":"https:\/\/katarzyna.bg\/?s={search_term_string}"},"query-input":{"@type":"PropertyValueSpecification","valueRequired":true,"valueName":"search_term_string"}}],"inLanguage":"tr"},{"@type":"Organization","@id":"https:\/\/katarzyna.bg\/#organization","name":"Katarzyna Estate","url":"https:\/\/katarzyna.bg\/","logo":{"@type":"ImageObject","inLanguage":"tr","@id":"https:\/\/katarzyna.bg\/#\/schema\/logo\/image\/","url":"https:\/\/katarzyna.bg\/wp-content\/uploads\/2025\/03\/cropped-logo_grey-e1668669109649.png.webp","contentUrl":"https:\/\/katarzyna.bg\/wp-content\/uploads\/2025\/03\/cropped-logo_grey-e1668669109649.png.webp","width":512,"height":512,"caption":"Katarzyna Estate"},"image":{"@id":"https:\/\/katarzyna.bg\/#\/schema\/logo\/image\/"},"sameAs":["https:\/\/www.facebook.com\/katarzynaestate\/"]}]}},"_links":{"self":[{"href":"https:\/\/katarzyna.bg\/tr\/wp-json\/wp\/v2\/product\/26405","targetHints":{"allow":["GET"]}}],"collection":[{"href":"https:\/\/katarzyna.bg\/tr\/wp-json\/wp\/v2\/product"}],"about":[{"href":"https:\/\/katarzyna.bg\/tr\/wp-json\/wp\/v2\/types\/product"}],"replies":[{"embeddable":true,"href":"https:\/\/katarzyna.bg\/tr\/wp-json\/wp\/v2\/comments?post=26405"}],"wp:featuredmedia":[{"embeddable":true,"href":"https:\/\/katarzyna.bg\/tr\/wp-json\/wp\/v2\/media\/26406"}],"wp:attachment":[{"href":"https:\/\/katarzyna.bg\/tr\/wp-json\/wp\/v2\/media?parent=26405"}],"wp:term":[{"taxonomy":"product_brand","embeddable":true,"href":"https:\/\/katarzyna.bg\/tr\/wp-json\/wp\/v2\/product_brand?post=26405"},{"taxonomy":"product_cat","embeddable":true,"href":"https:\/\/katarzyna.bg\/tr\/wp-json\/wp\/v2\/product_cat?post=26405"},{"taxonomy":"product_tag","embeddable":true,"href":"https:\/\/katarzyna.bg\/tr\/wp-json\/wp\/v2\/product_tag?post=26405"}],"curies":[{"name":"wp","href":"https:\/\/api.w.org\/{rel}","templated":true}]}}