{"id":26431,"date":"2022-02-22T14:41:05","date_gmt":"2022-02-22T14:41:05","guid":{"rendered":"https:\/\/new.katarzyna.bg\/?product=limited-edition-cabernet-sauvignon-merlot-2013-0-75"},"modified":"2026-05-06T02:11:24","modified_gmt":"2026-05-05T23:11:24","slug":"limited-edition-cabernet-sauvignon-merlot-2013-0-75","status":"publish","type":"product","link":"https:\/\/katarzyna.bg\/tr\/shop\/limited-edition-cabernet-sauvignon-merlot-2013-0-75\/","title":{"rendered":"LIMITED EDITION Cabernet Sauvignon &#038; Merlot 2013 0.75"},"content":{"rendered":"<p>D\u00fcnyada en yayg\u0131n k\u0131rm\u0131z\u0131 \u00fcz\u00fcm \u00e7e\u015fitleri olan Merlot ve Cabernet Sauvignon'un 2013 y\u0131l\u0131 mahsul\u00fcyle mikro b\u00f6lgemize uyumunu g\u00f6stermek i\u00e7in, her biri seri numaral\u0131 300 \u015fi\u015fe ay\u0131rd\u0131k. \u00dcz\u00fcmler, ba\u011flar\u0131n en erken dikildi\u011fi ve optimal geli\u015fim g\u00f6sterdi\u011fi parsellerden \u00f6zenle se\u00e7ildi.<\/p>\n<p>\u015earap, m\u00fcrd\u00fcm kahverengisi tonlar\u0131na sahiptir. Vah\u015fi kiraz re\u00e7eli aromas\u0131, ince bir vanilya dokunu\u015fuyla vurgulanm\u0131\u015ft\u0131r. Tat olarak yumu\u015fakl\u0131k hissedilir; erimi\u015f tanenler, ho\u015f\u00e7a buruk bir \u00e7ikolata aromas\u0131yla sonlan\u0131r.<\/p>\n<p>Eski sert peynirler, k\u0131rm\u0131z\u0131 et yemekleri veya \u00e7ikolatal\u0131 sufle ile \u00e7ok iyi uyum sa\u011flar. T\u00fcketim i\u00e7in ideal s\u0131cakl\u0131k 18\u2070-20\u2070C'dir.<\/p>\n<p><small>* \u041d\u0435 \u0441\u0435 \u043f\u0440\u0435\u0434\u043b\u0430\u0433\u0430 \u0432 \u0442\u044a\u0440\u0433\u043e\u0432\u0441\u043a\u0430\u0442\u0430 \u043c\u0440\u0435\u0436\u0430. \u041c\u043e\u0436\u0435 \u0434\u0430 \u043f\u043e\u0440\u044a\u0447\u0430\u0442\u0435 \u0441\u0430\u043c\u043e \u043e\u043d\u043b\u0430\u0439\u043d \u0438\u043b\u0438 \u0434\u0430 \u0437\u0430\u043a\u0443\u043f\u0438\u0442\u0435 \u043e\u0442 \u043c\u0430\u0433\u0430\u0437\u0438\u043d\u0438\u0442\u0435 \u043d\u0438 &#8211; La Maison de Katarzyna \u0438 \u043c\u0430\u0433\u0430\u0437\u0438\u043d\u0430 \u043d\u0430 Katarzyna Hotel.<\/small><\/p>","protected":false},"excerpt":{"rendered":"<p>\u0417\u0430 \u0434\u0430 \u043f\u043e\u043a\u0430\u0436\u0435\u043c \u0430\u0434\u0430\u043f\u0442\u0430\u0446\u0438\u044f\u0442\u0430 \u043a\u044a\u043c \u043d\u0430\u0448\u0438\u044f \u043c\u0438\u043a\u0440\u043e\u0440\u0430\u0439\u043e\u043d \u043d\u0430 \u043d\u0430\u0439-\u0440\u0430\u0437\u043f\u0440\u043e\u0441\u0442\u0440\u0430\u043d\u0435\u043d\u0438\u0442\u0435 \u0432 \u0441\u0432\u0435\u0442\u043e\u0432\u0435\u043d \u043c\u0430\u0449\u0430\u0431 \u0447\u0435\u0440\u0432\u0435\u043d\u0438 \u0441\u043e\u0440\u0442\u043e\u0432\u0435: Merlot \u0438 Cabernet Sauvignon \u043e\u0442 \u0440\u0435\u043a\u043e\u043b\u0442\u0430 2013, \u043e\u0442\u0434\u0435\u043b\u0438\u0445\u043c\u0435 300 \u0431\u0443\u0442\u0438\u043b\u043a\u0438, \u043a\u0430\u0442\u043e \u0432\u0441\u044f\u043a\u0430 \u0435\u0434\u043d\u0430 \u0435 \u0441\u044a\u0441 \u0441\u0435\u0440\u0438\u0435\u043d \u043d\u043e\u043c\u0435\u0440, \u0430 \u0433\u0440\u043e\u0437\u0434\u0435\u0442\u043e \u0435 \u043f\u043e\u0434\u0431\u0440\u0430\u043d\u043e \u043e\u0442 \u043d\u0430\u0439-\u0440\u0430\u043d\u043e \u0437\u0430\u0441\u0430\u0434\u0435\u043d\u0438\u0442\u0435 \u043c\u0430\u0441\u0438\u0432\u0438, \u043a\u044a\u0434\u0435\u0442\u043e \u043b\u043e\u0437\u044f\u0442\u0430 \u0441\u0430 \u0432 \u043e\u043f\u0442\u0438\u043c\u0430\u043b\u043d\u043e\u0442\u043e \u0441\u0438 \u0440\u0430\u0437\u0432\u0438\u0442\u0438\u0435. \u0412\u0438\u043d\u043e\u0442\u043e \u0441\u0435 \u0445\u0430\u0440\u0430\u043a\u0442\u0435\u0440\u0438\u0437\u0438\u0440\u0430 \u0441 \u043f\u0443\u0440\u043f\u0443\u0440\u043d\u043e-\u043a\u0430\u0444\u0435\u043d\u0438\u043a\u0430\u0432\u0438 \u043d\u044e\u0430\u043d\u0441\u0438. \u0410\u0440\u043e\u043c\u0430\u0442 \u043d\u0430 \u043a\u043e\u043d\u0444\u0438\u0442\u044e\u0440 [&hellip;]<\/p>","protected":false},"featured_media":26432,"comment_status":"open","ping_status":"closed","template":"","meta":[],"product_brand":[],"product_cat":[22],"product_tag":[],"class_list":{"0":"post-26431","1":"product","2":"type-product","3":"status-publish","4":"has-post-thumbnail","6":"product_cat-premium","7":"pa_proizhod-bulgaria","8":"pa_razvasofka-075-l","9":"pa_sort-merlot","11":"first","12":"instock","13":"shipping-taxable","14":"purchasable","15":"product-type-simple"},"yoast_head":"<!-- This site is optimized with the Yoast SEO plugin v27.1.1 - https:\/\/yoast.com\/product\/yoast-seo-wordpress\/ -->\n<title>LIMITED EDITION Cabernet Sauvignon &amp; Merlot 2013 0.75 \u043e\u0442 \u0412\u0438\u043d\u0430\u0440\u043d\u0430 Katarzyna<\/title>\n<meta name=\"description\" content=\"\u041f\u043e\u0440\u044a\u0447\u0430\u0439 \u041e\u043d\u043b\u0430\u0439\u043d LIMITED EDITION Cabernet Sauvignon &amp; Merlot 2013 0.75 \u2b50 \u0422\u043e\u043f \u0426\u0435\u043d\u0430 \u2708 \u0411\u044a\u0440\u0437\u0430 \u0414\u043e\u0441\u0442\u0430\u0432\u043a\u0430 \u2705 \u041f\u0440\u043e\u0432\u0435\u0440\u043a\u0430 \u043d\u0430 \u041f\u0440\u0430\u0442\u043a\u0430\u0442\u0430 \u0438 \u041f\u0440\u0430\u0432\u043e \u043d\u0430 \u0412\u0440\u044a\u0449\u0430\u043d\u0435\" \/>\n<meta name=\"robots\" content=\"index, follow, max-snippet:-1, max-image-preview:large, max-video-preview:-1\" \/>\n<link rel=\"canonical\" href=\"https:\/\/katarzyna.bg\/tr\/shop\/limited-edition-cabernet-sauvignon-merlot-2013-0-75\/\" \/>\n<meta property=\"og:locale\" content=\"tr_TR\" \/>\n<meta property=\"og:type\" content=\"article\" \/>\n<meta property=\"og:title\" content=\"LIMITED EDITION Cabernet Sauvignon &amp; Merlot 2013 0.75 \u043e\u0442 \u0412\u0438\u043d\u0430\u0440\u043d\u0430 Katarzyna\" \/>\n<meta property=\"og:description\" content=\"\u041f\u043e\u0440\u044a\u0447\u0430\u0439 \u041e\u043d\u043b\u0430\u0439\u043d LIMITED EDITION Cabernet Sauvignon &amp; Merlot 2013 0.75 \u2b50 \u0422\u043e\u043f \u0426\u0435\u043d\u0430 \u2708 \u0411\u044a\u0440\u0437\u0430 \u0414\u043e\u0441\u0442\u0430\u0432\u043a\u0430 \u2705 \u041f\u0440\u043e\u0432\u0435\u0440\u043a\u0430 \u043d\u0430 \u041f\u0440\u0430\u0442\u043a\u0430\u0442\u0430 \u0438 \u041f\u0440\u0430\u0432\u043e \u043d\u0430 \u0412\u0440\u044a\u0449\u0430\u043d\u0435\" \/>\n<meta property=\"og:url\" content=\"https:\/\/katarzyna.bg\/tr\/shop\/limited-edition-cabernet-sauvignon-merlot-2013-0-75\/\" \/>\n<meta property=\"og:site_name\" content=\"Katarzyna\" \/>\n<meta property=\"article:publisher\" content=\"https:\/\/www.facebook.com\/katarzynaestate\/\" \/>\n<meta property=\"article:modified_time\" content=\"2026-05-05T23:11:24+00:00\" \/>\n<meta property=\"og:image\" content=\"https:\/\/katarzyna.bg\/wp-content\/uploads\/2025\/04\/Limted_CSMerlot_2013.png\" \/>\n\t<meta property=\"og:image:width\" content=\"1000\" \/>\n\t<meta property=\"og:image:height\" content=\"1240\" \/>\n\t<meta property=\"og:image:type\" content=\"image\/png\" \/>\n<meta name=\"twitter:card\" content=\"summary_large_image\" \/>\n<meta name=\"twitter:label1\" content=\"Tahmini okuma s\u00fcresi\" \/>\n\t<meta name=\"twitter:data1\" content=\"1 dakika\" \/>\n<script type=\"application\/ld+json\" class=\"yoast-schema-graph\">{\"@context\":\"https:\/\/schema.org\",\"@graph\":[{\"@type\":[\"WebPage\",\"ItemPage\"],\"@id\":\"https:\/\/katarzyna.bg\/shop\/limited-edition-cabernet-sauvignon-merlot-2013-0-75\/\",\"url\":\"https:\/\/katarzyna.bg\/shop\/limited-edition-cabernet-sauvignon-merlot-2013-0-75\/\",\"name\":\"LIMITED EDITION Cabernet Sauvignon & Merlot 2013 0.75 \u043e\u0442 \u0412\u0438\u043d\u0430\u0440\u043d\u0430 Katarzyna\",\"isPartOf\":{\"@id\":\"https:\/\/katarzyna.bg\/#website\"},\"primaryImageOfPage\":{\"@id\":\"https:\/\/katarzyna.bg\/shop\/limited-edition-cabernet-sauvignon-merlot-2013-0-75\/#primaryimage\"},\"image\":{\"@id\":\"https:\/\/katarzyna.bg\/shop\/limited-edition-cabernet-sauvignon-merlot-2013-0-75\/#primaryimage\"},\"thumbnailUrl\":\"https:\/\/katarzyna.bg\/wp-content\/uploads\/2025\/04\/Limted_CSMerlot_2013.png\",\"datePublished\":\"2022-02-22T14:41:05+00:00\",\"dateModified\":\"2026-05-05T23:11:24+00:00\",\"description\":\"\u041f\u043e\u0440\u044a\u0447\u0430\u0439 \u041e\u043d\u043b\u0430\u0439\u043d LIMITED EDITION Cabernet Sauvignon & Merlot 2013 0.75 \u2b50 \u0422\u043e\u043f \u0426\u0435\u043d\u0430 \u2708 \u0411\u044a\u0440\u0437\u0430 \u0414\u043e\u0441\u0442\u0430\u0432\u043a\u0430 \u2705 \u041f\u0440\u043e\u0432\u0435\u0440\u043a\u0430 \u043d\u0430 \u041f\u0440\u0430\u0442\u043a\u0430\u0442\u0430 \u0438 \u041f\u0440\u0430\u0432\u043e \u043d\u0430 \u0412\u0440\u044a\u0449\u0430\u043d\u0435\",\"breadcrumb\":{\"@id\":\"https:\/\/katarzyna.bg\/shop\/limited-edition-cabernet-sauvignon-merlot-2013-0-75\/#breadcrumb\"},\"inLanguage\":\"tr\",\"potentialAction\":[{\"@type\":\"ReadAction\",\"target\":[\"https:\/\/katarzyna.bg\/shop\/limited-edition-cabernet-sauvignon-merlot-2013-0-75\/\"]}]},{\"@type\":\"ImageObject\",\"inLanguage\":\"tr\",\"@id\":\"https:\/\/katarzyna.bg\/shop\/limited-edition-cabernet-sauvignon-merlot-2013-0-75\/#primaryimage\",\"url\":\"https:\/\/katarzyna.bg\/wp-content\/uploads\/2025\/04\/Limted_CSMerlot_2013.png\",\"contentUrl\":\"https:\/\/katarzyna.bg\/wp-content\/uploads\/2025\/04\/Limted_CSMerlot_2013.png\",\"width\":1000,\"height\":1240},{\"@type\":\"BreadcrumbList\",\"@id\":\"https:\/\/katarzyna.bg\/shop\/limited-edition-cabernet-sauvignon-merlot-2013-0-75\/#breadcrumb\",\"itemListElement\":[{\"@type\":\"ListItem\",\"position\":1,\"name\":\"\u041d\u0430\u0447\u0430\u043b\u043e\",\"item\":\"https:\/\/katarzyna.bg\/\"},{\"@type\":\"ListItem\",\"position\":2,\"name\":\"\u041e\u043d\u043b\u0430\u0439\u043d \u041c\u0430\u0433\u0430\u0437\u0438\u043d\",\"item\":\"https:\/\/katarzyna.bg\/shop\/\"},{\"@type\":\"ListItem\",\"position\":3,\"name\":\"LIMITED EDITION Cabernet Sauvignon &#038; Merlot 2013 0.75\"}]},{\"@type\":\"WebSite\",\"@id\":\"https:\/\/katarzyna.bg\/#website\",\"url\":\"https:\/\/katarzyna.bg\/\",\"name\":\"Katarzyna\",\"description\":\"Katarzyna\",\"publisher\":{\"@id\":\"https:\/\/katarzyna.bg\/#organization\"},\"potentialAction\":[{\"@type\":\"SearchAction\",\"target\":{\"@type\":\"EntryPoint\",\"urlTemplate\":\"https:\/\/katarzyna.bg\/?s={search_term_string}\"},\"query-input\":{\"@type\":\"PropertyValueSpecification\",\"valueRequired\":true,\"valueName\":\"search_term_string\"}}],\"inLanguage\":\"tr\"},{\"@type\":\"Organization\",\"@id\":\"https:\/\/katarzyna.bg\/#organization\",\"name\":\"Katarzyna Estate\",\"url\":\"https:\/\/katarzyna.bg\/\",\"logo\":{\"@type\":\"ImageObject\",\"inLanguage\":\"tr\",\"@id\":\"https:\/\/katarzyna.bg\/#\/schema\/logo\/image\/\",\"url\":\"https:\/\/katarzyna.bg\/wp-content\/uploads\/2025\/03\/cropped-logo_grey-e1668669109649.png.webp\",\"contentUrl\":\"https:\/\/katarzyna.bg\/wp-content\/uploads\/2025\/03\/cropped-logo_grey-e1668669109649.png.webp\",\"width\":512,\"height\":512,\"caption\":\"Katarzyna Estate\"},\"image\":{\"@id\":\"https:\/\/katarzyna.bg\/#\/schema\/logo\/image\/\"},\"sameAs\":[\"https:\/\/www.facebook.com\/katarzynaestate\/\"]}]}<\/script>\n<!-- \/ Yoast SEO plugin. -->","yoast_head_json":{"title":"Katarzyna \u015earap Evi\u2019nden LIMITED EDITION Cabernet Sauvignon &amp; Merlot 2013 0,75 L","description":"Online Sipari\u015f: LIMITED EDITION Cabernet Sauvignon &amp; Merlot 2013 0,75 L \u2b50 En \u0130yi Fiyat \u2708 H\u0131zl\u0131 Teslimat \u2705 Kargo Kontrol\u00fc ve \u0130ade Hakk\u0131","robots":{"index":"index","follow":"follow","max-snippet":"max-snippet:-1","max-image-preview":"max-image-preview:large","max-video-preview":"max-video-preview:-1"},"canonical":"https:\/\/katarzyna.bg\/tr\/shop\/limited-edition-cabernet-sauvignon-merlot-2013-0-75\/","og_locale":"tr_TR","og_type":"article","og_title":"LIMITED EDITION Cabernet Sauvignon & Merlot 2013 0.75 \u043e\u0442 \u0412\u0438\u043d\u0430\u0440\u043d\u0430 Katarzyna","og_description":"\u041f\u043e\u0440\u044a\u0447\u0430\u0439 \u041e\u043d\u043b\u0430\u0439\u043d LIMITED EDITION Cabernet Sauvignon & Merlot 2013 0.75 \u2b50 \u0422\u043e\u043f \u0426\u0435\u043d\u0430 \u2708 \u0411\u044a\u0440\u0437\u0430 \u0414\u043e\u0441\u0442\u0430\u0432\u043a\u0430 \u2705 \u041f\u0440\u043e\u0432\u0435\u0440\u043a\u0430 \u043d\u0430 \u041f\u0440\u0430\u0442\u043a\u0430\u0442\u0430 \u0438 \u041f\u0440\u0430\u0432\u043e \u043d\u0430 \u0412\u0440\u044a\u0449\u0430\u043d\u0435","og_url":"https:\/\/katarzyna.bg\/tr\/shop\/limited-edition-cabernet-sauvignon-merlot-2013-0-75\/","og_site_name":"Katarzyna","article_publisher":"https:\/\/www.facebook.com\/katarzynaestate\/","article_modified_time":"2026-05-05T23:11:24+00:00","og_image":[{"width":1000,"height":1240,"url":"https:\/\/katarzyna.bg\/wp-content\/uploads\/2025\/04\/Limted_CSMerlot_2013.png","type":"image\/png"}],"twitter_card":"summary_large_image","twitter_misc":{"Tahmini okuma s\u00fcresi":"1 dakika"},"schema":{"@context":"https:\/\/schema.org","@graph":[{"@type":["WebPage","ItemPage"],"@id":"https:\/\/katarzyna.bg\/shop\/limited-edition-cabernet-sauvignon-merlot-2013-0-75\/","url":"https:\/\/katarzyna.bg\/shop\/limited-edition-cabernet-sauvignon-merlot-2013-0-75\/","name":"Katarzyna \u015earap Evi\u2019nden LIMITED EDITION Cabernet Sauvignon &amp; Merlot 2013 0,75 L","isPartOf":{"@id":"https:\/\/katarzyna.bg\/#website"},"primaryImageOfPage":{"@id":"https:\/\/katarzyna.bg\/shop\/limited-edition-cabernet-sauvignon-merlot-2013-0-75\/#primaryimage"},"image":{"@id":"https:\/\/katarzyna.bg\/shop\/limited-edition-cabernet-sauvignon-merlot-2013-0-75\/#primaryimage"},"thumbnailUrl":"https:\/\/katarzyna.bg\/wp-content\/uploads\/2025\/04\/Limted_CSMerlot_2013.png","datePublished":"2022-02-22T14:41:05+00:00","dateModified":"2026-05-05T23:11:24+00:00","description":"Online Sipari\u015f: LIMITED EDITION Cabernet Sauvignon &amp; Merlot 2013 0,75 L \u2b50 En \u0130yi Fiyat \u2708 H\u0131zl\u0131 Teslimat \u2705 Kargo Kontrol\u00fc ve \u0130ade Hakk\u0131","breadcrumb":{"@id":"https:\/\/katarzyna.bg\/shop\/limited-edition-cabernet-sauvignon-merlot-2013-0-75\/#breadcrumb"},"inLanguage":"tr","potentialAction":[{"@type":"ReadAction","target":["https:\/\/katarzyna.bg\/shop\/limited-edition-cabernet-sauvignon-merlot-2013-0-75\/"]}]},{"@type":"ImageObject","inLanguage":"tr","@id":"https:\/\/katarzyna.bg\/shop\/limited-edition-cabernet-sauvignon-merlot-2013-0-75\/#primaryimage","url":"https:\/\/katarzyna.bg\/wp-content\/uploads\/2025\/04\/Limted_CSMerlot_2013.png","contentUrl":"https:\/\/katarzyna.bg\/wp-content\/uploads\/2025\/04\/Limted_CSMerlot_2013.png","width":1000,"height":1240},{"@type":"BreadcrumbList","@id":"https:\/\/katarzyna.bg\/shop\/limited-edition-cabernet-sauvignon-merlot-2013-0-75\/#breadcrumb","itemListElement":[{"@type":"ListItem","position":1,"name":"\u041d\u0430\u0447\u0430\u043b\u043e","item":"https:\/\/katarzyna.bg\/"},{"@type":"ListItem","position":2,"name":"\u041e\u043d\u043b\u0430\u0439\u043d \u041c\u0430\u0433\u0430\u0437\u0438\u043d","item":"https:\/\/katarzyna.bg\/shop\/"},{"@type":"ListItem","position":3,"name":"LIMITED EDITION Cabernet Sauvignon &#038; Merlot 2013 0.75"}]},{"@type":"WebSite","@id":"https:\/\/katarzyna.bg\/#website","url":"https:\/\/katarzyna.bg\/","name":"Katarzyna","description":"Katarzyna","publisher":{"@id":"https:\/\/katarzyna.bg\/#organization"},"potentialAction":[{"@type":"SearchAction","target":{"@type":"EntryPoint","urlTemplate":"https:\/\/katarzyna.bg\/?s={search_term_string}"},"query-input":{"@type":"PropertyValueSpecification","valueRequired":true,"valueName":"search_term_string"}}],"inLanguage":"tr"},{"@type":"Organization","@id":"https:\/\/katarzyna.bg\/#organization","name":"Katarzyna Estate","url":"https:\/\/katarzyna.bg\/","logo":{"@type":"ImageObject","inLanguage":"tr","@id":"https:\/\/katarzyna.bg\/#\/schema\/logo\/image\/","url":"https:\/\/katarzyna.bg\/wp-content\/uploads\/2025\/03\/cropped-logo_grey-e1668669109649.png.webp","contentUrl":"https:\/\/katarzyna.bg\/wp-content\/uploads\/2025\/03\/cropped-logo_grey-e1668669109649.png.webp","width":512,"height":512,"caption":"Katarzyna Estate"},"image":{"@id":"https:\/\/katarzyna.bg\/#\/schema\/logo\/image\/"},"sameAs":["https:\/\/www.facebook.com\/katarzynaestate\/"]}]}},"_links":{"self":[{"href":"https:\/\/katarzyna.bg\/tr\/wp-json\/wp\/v2\/product\/26431","targetHints":{"allow":["GET"]}}],"collection":[{"href":"https:\/\/katarzyna.bg\/tr\/wp-json\/wp\/v2\/product"}],"about":[{"href":"https:\/\/katarzyna.bg\/tr\/wp-json\/wp\/v2\/types\/product"}],"replies":[{"embeddable":true,"href":"https:\/\/katarzyna.bg\/tr\/wp-json\/wp\/v2\/comments?post=26431"}],"wp:featuredmedia":[{"embeddable":true,"href":"https:\/\/katarzyna.bg\/tr\/wp-json\/wp\/v2\/media\/26432"}],"wp:attachment":[{"href":"https:\/\/katarzyna.bg\/tr\/wp-json\/wp\/v2\/media?parent=26431"}],"wp:term":[{"taxonomy":"product_brand","embeddable":true,"href":"https:\/\/katarzyna.bg\/tr\/wp-json\/wp\/v2\/product_brand?post=26431"},{"taxonomy":"product_cat","embeddable":true,"href":"https:\/\/katarzyna.bg\/tr\/wp-json\/wp\/v2\/product_cat?post=26431"},{"taxonomy":"product_tag","embeddable":true,"href":"https:\/\/katarzyna.bg\/tr\/wp-json\/wp\/v2\/product_tag?post=26431"}],"curies":[{"name":"wp","href":"https:\/\/api.w.org\/{rel}","templated":true}]}}